{"id":11671,"date":"2023-11-29T10:19:29","date_gmt":"2023-11-29T10:19:29","guid":{"rendered":"https:\/\/moverdb.com\/?page_id=11671"},"modified":"2026-01-08T15:23:52","modified_gmt":"2026-01-08T15:23:52","slug":"moving-companies-us-utah","status":"publish","type":"page","link":"https:\/\/moverdb.com\/sk\/moving-companies\/moving-companies-us-utah\/","title":{"rendered":"2 Najlep\u0161ie medzin\u00e1rodn\u00e9 s\u0165ahovacie spolo\u010dnosti v Utahu"},"content":{"rendered":"<p>S\u0165ahovanie m\u00f4\u017ee by\u0165 jedn\u00fdm z najstresuj\u00facej\u0161\u00edch obdob\u00ed vo va\u0161om \u017eivote, tak pre\u010do nevyu\u017ei\u0165 podporu <a href=\"https:\/\/moverdb.com\/sk\/moving-companies\/\" data-internallinksmanager029f6b8e52c=\"79\" title=\"Top 25 medzin\u00e1rodn\u00fdch s\u0165ahovac\u00edch spolo\u010dnost\u00ed online\">s\u0165ahovacia spolo\u010dnos\u0165<\/a> zn\u00ed\u017ei\u0165 tlak? S\u0165ahovacia spolo\u010dnos\u0165 v\u00e1m m\u00f4\u017ee napl\u00e1nova\u0165 s\u0165ahovanie, zabezpe\u010di\u0165 prepravu, zabali\u0165 va\u0161e veci a v pr\u00edpade s\u0165ahovania do inej krajiny aj vybavi\u0165 coln\u00e9 z\u00e1le\u017eitosti. Ni\u017e\u0161ie sme zostavili zoznam <a href=\"https:\/\/moverdb.com\/sk\/moving-to-the-united-states\/moving-to-utah\/\" data-internallinksmanager029f6b8e52c=\"439\" title=\"S\u0165ahujete sa do Utahu? 2026 N\u00e1klady na b\u00fdvanie a tipy na pres\u0165ahovanie\">Utah<\/a> na str\u00e1nke . <a href=\"https:\/\/moverdb.com\/sk\/international-removals\/\" data-internallinksmanager029f6b8e52c=\"27\" title=\"36 najlep\u0161\u00edch medzin\u00e1rodn\u00fdch s\u0165ahovac\u00edch spolo\u010dnost\u00ed v Spojenom kr\u00e1\u013eovstve\">s\u0165ahovacie spolo\u010dnosti<\/a> ktor\u00e9 s\u00fa \u010dlenmi <a href=\"https:\/\/moverdb.com\/sk\/iam\/\" data-internallinksmanager029f6b8e52c=\"23\" title=\"Vysvetlenie Medzin\u00e1rodnej asoci\u00e1cie s\u0165ahovate\u013eov (IAM)\">Medzin\u00e1rodn\u00e1 asoci\u00e1cia s\u0165ahovate\u013eov<\/a> (IAM) a\/alebo <a href=\"https:\/\/moverdb.com\/sk\/fidi-faim\/\" data-internallinksmanager029f6b8e52c=\"16\" title=\"Vysvetlenie FIDI a FAIM (FIDI akreditovan\u00fd medzin\u00e1rodn\u00fd prepravca)\">FIDI<\/a> Akreditovan\u00fd medzin\u00e1rodn\u00fd prepravca (FAIM), ktor\u00fd by v\u00e1m mohol pom\u00f4c\u0165 pri s\u0165ahovan\u00ed.<\/p>\n<h2><strong>1. Legacy Moving<\/strong><\/h2>\n<p><img loading=\"lazy\" decoding=\"async\" class=\"alignnone size-full wp-image-11363\" src=\"https:\/\/moverdb.com\/wp-content\/uploads\/Legacy-Moving-international-moving-company.png\" alt=\"Legacy Moving medzin\u00e1rodn\u00e9 s\u0165ahovanie spolo\u010dnos\u0165\" width=\"1440\" height=\"675\" data-wp-pid=\"11363\" srcset=\"https:\/\/moverdb.com\/wp-content\/uploads\/Legacy-Moving-international-moving-company.png 1440w, https:\/\/moverdb.com\/wp-content\/uploads\/Legacy-Moving-international-moving-company-300x141.png 300w, https:\/\/moverdb.com\/wp-content\/uploads\/Legacy-Moving-international-moving-company-1024x480.png 1024w, https:\/\/moverdb.com\/wp-content\/uploads\/Legacy-Moving-international-moving-company-18x8.png 18w, https:\/\/moverdb.com\/wp-content\/uploads\/Legacy-Moving-international-moving-company-600x281.png 600w\" sizes=\"auto, (max-width: 1440px) 100vw, 1440px\" \/><\/p>\n<ul>\n<li>N\u00e1rodn\u00e9 presuny<\/li>\n<li>Medzin\u00e1rodn\u00e9 s\u0165ahovanie<\/li>\n<li>S\u0165ahovanie do obytn\u00fdch priestorov<\/li>\n<li>S\u0165ahovanie obchodn\u00fdch a kancel\u00e1rskych priestorov<\/li>\n<li>Komplexn\u00e9 slu\u017eby v oblasti s\u0165ahovania<\/li>\n<li>Baliace slu\u017eby<\/li>\n<li>Zabezpe\u010denie prepravy<\/li>\n<li>Sk\u00fasen\u00ed konzultanti<\/li>\n<li>Poisten\u00e9<\/li>\n<li>Bezpe\u010dn\u00e9 ukladanie<\/li>\n<\/ul>\n<p>Legacy Moving je s\u0165ahovacia a skladov\u00e1 spolo\u010dnos\u0165 so s\u00eddlom v St George. Je \u010dlenom IAM so \u0161es\u0165ro\u010dn\u00fdmi sk\u00fasenos\u0165ami, v\u010faka \u010domu m\u00e1 k dispoz\u00edcii n\u00e1rodn\u00fa a medzin\u00e1rodn\u00fa sie\u0165 s\u0165ahovac\u00edch spolo\u010dnost\u00ed.<\/p>\n<p>Legacy Moving pon\u00faka s\u0165ahovanie obytn\u00fdch, obchodn\u00fdch a kancel\u00e1rskych priestorov na dlh\u00e9 vzdialenosti a do zahrani\u010dia. Pon\u00faka baliace slu\u017eby, pri ktor\u00fdch pou\u017e\u00edva profesion\u00e1lne baliace potreby a vy\u0161kolen\u00fd person\u00e1l, aby zabezpe\u010dil bezpe\u010dn\u00e9 zabalenie va\u0161ich vec\u00ed. Poskytuj\u00fa sk\u00fasen\u00fdch poradcov, ktor\u00ed v\u00e1s podporia pri s\u0165ahovan\u00ed, a ich slu\u017eby s\u00fa licencovan\u00e9 a poisten\u00e9. Poskytuj\u00fa aj bezpe\u010dn\u00e9 skladovacie priestory, ak ich potrebujete pri s\u0165ahovan\u00ed alebo pred s\u0165ahovan\u00edm.<\/p>\n<p>Webov\u00e1 lokalita: <a href=\"https:\/\/legacymovingstgeorge.com\/\" target=\"_blank\" rel=\"noopener\">https:\/\/legacymovingstgeorge.com\/<\/a><\/p>\n<h2><strong>2. Mesa Moving &amp; Storage<\/strong><\/h2>\n<p><img loading=\"lazy\" decoding=\"async\" class=\"alignnone size-full wp-image-11375\" src=\"https:\/\/moverdb.com\/wp-content\/uploads\/Mesa-Moving-Storage-international-moving-company.png\" alt=\"Mesa Moving &amp; Storage medzin\u00e1rodn\u00e9 s\u0165ahovanie spolo\u010dnos\u0165\" width=\"1440\" height=\"678\" data-wp-pid=\"11375\" srcset=\"https:\/\/moverdb.com\/wp-content\/uploads\/Mesa-Moving-Storage-international-moving-company.png 1440w, https:\/\/moverdb.com\/wp-content\/uploads\/Mesa-Moving-Storage-international-moving-company-300x141.png 300w, https:\/\/moverdb.com\/wp-content\/uploads\/Mesa-Moving-Storage-international-moving-company-1024x482.png 1024w, https:\/\/moverdb.com\/wp-content\/uploads\/Mesa-Moving-Storage-international-moving-company-18x8.png 18w, https:\/\/moverdb.com\/wp-content\/uploads\/Mesa-Moving-Storage-international-moving-company-600x283.png 600w\" sizes=\"auto, (max-width: 1440px) 100vw, 1440px\" \/><\/p>\n<ul>\n<li>Miestne s\u0165ahovanie<\/li>\n<li>S\u0165ahovanie na dlh\u00e9 vzdialenosti<\/li>\n<li>S\u0165ahovanie dom\u00e1cnost\u00ed<\/li>\n<li>S\u0165ahovanie kancel\u00e1ri\u00ed a obchodn\u00fdch priestorov<\/li>\n<li>Baliace slu\u017eby<\/li>\n<li>Dopravn\u00e9 opatrenia<\/li>\n<li>Manipul\u00e1cia s umen\u00edm a staro\u017eitnos\u0165ami<\/li>\n<li><a href=\"https:\/\/moverdb.com\/sk\/car-transport-shipping\/\" data-internallinksmanager029f6b8e52c=\"2\" title=\"2026 Medzin\u00e1rodn\u00e1 preprava \u00e1ut a cit\u00e1cie prepravy vozidiel\">Preprava vozidiel<\/a><\/li>\n<li>Skladovacie zariadenia<\/li>\n<\/ul>\n<p>Spolo\u010dnos\u0165 Mesa Moving &amp; Storage bola zalo\u017een\u00e1 v roku 1981 a m\u00e1 pobo\u010dky v Salt Lake City, <a href=\"https:\/\/moverdb.com\/sk\/moving-to-the-united-states\/moving-to-colorado\/\" data-internallinksmanager029f6b8e52c=\"399\" title=\"S\u0165ahujete sa do Colorada? 2026 N\u00e1klady na b\u00fdvanie a tipy na pres\u0165ahovanie\">Colorado<\/a> <a href=\"https:\/\/moverdb.com\/sk\/moving-to-the-united-states\/moving-to-idaho\/\" data-internallinksmanager029f6b8e52c=\"405\" title=\"S\u0165ahujete sa do Idaha? 2026 N\u00e1klady na b\u00fdvanie a tipy na pres\u0165ahovanie\">Idaho<\/a> a <a href=\"https:\/\/moverdb.com\/sk\/moving-to-the-united-states\/moving-to-montana\/\" data-internallinksmanager029f6b8e52c=\"461\" title=\"S\u0165ahujete sa do Montany? 2024 N\u00e1klady na b\u00fdvanie a tipy na pres\u0165ahovanie\">Montana<\/a>. S\u00fa agentom spolo\u010dnosti United Van Lines, \u010do im umo\u017e\u0148uje spolupracova\u0165 so sie\u0165ou n\u00e1rodn\u00fdch prepravn\u00fdch spolo\u010dnost\u00ed. S\u00fa \u010dlenom IAM s 12-ro\u010dn\u00fdmi sk\u00fasenos\u0165ami a maj\u00fa akredit\u00e1ciu FIDI.<\/p>\n<p>Mesa Moving &amp; Storage pon\u00faka s\u0165ahovacie slu\u017eby pre dom\u00e1cnosti a kancel\u00e1rie na miestnej aj celo\u0161t\u00e1tnej \u00farovni. Poskytuje profesion\u00e1lne baliace slu\u017eby s kvalifikovan\u00fdmi a vy\u0161kolen\u00fdmi s\u0165ahova\u010dmi, ktor\u00ed zabezpe\u010dia, aby boli va\u0161e veci vhodne a bezpe\u010dne zabalen\u00e9 na prepravu bez oh\u013eadu na ich tvar a ve\u013ekos\u0165.<\/p>\n<p>Webov\u00e1 lokalita: <a href=\"https:\/\/mesamoving.com\/\" target=\"_blank\" rel=\"noopener\">https:\/\/mesamoving.com\/<\/a><\/p>","protected":false},"excerpt":{"rendered":"<p>Moving can be one of the most stressful times in your life, so why not enlist the support of a moving company to reduce the pressure? A moving company can plan your move, arrange transportation and pack your belongings as well as handle customs if moving countries. Below we have compiled a list of Utah [&hellip;]<\/p>\n","protected":false},"author":4,"featured_media":11363,"parent":190,"menu_order":0,"comment_status":"closed","ping_status":"closed","template":"","meta":{"_genesis_hide_title":false,"_genesis_hide_breadcrumbs":false,"_genesis_hide_singular_image":false,"_genesis_hide_footer_widgets":false,"_genesis_custom_body_class":"","_genesis_custom_post_class":"","_genesis_layout":"","footnotes":""},"class_list":{"0":"post-11671","1":"page","2":"type-page","3":"status-publish","4":"has-post-thumbnail","6":"entry"},"_links":{"self":[{"href":"https:\/\/moverdb.com\/sk\/wp-json\/wp\/v2\/pages\/11671","targetHints":{"allow":["GET"]}}],"collection":[{"href":"https:\/\/moverdb.com\/sk\/wp-json\/wp\/v2\/pages"}],"about":[{"href":"https:\/\/moverdb.com\/sk\/wp-json\/wp\/v2\/types\/page"}],"author":[{"embeddable":true,"href":"https:\/\/moverdb.com\/sk\/wp-json\/wp\/v2\/users\/4"}],"replies":[{"embeddable":true,"href":"https:\/\/moverdb.com\/sk\/wp-json\/wp\/v2\/comments?post=11671"}],"version-history":[{"count":1,"href":"https:\/\/moverdb.com\/sk\/wp-json\/wp\/v2\/pages\/11671\/revisions"}],"predecessor-version":[{"id":11672,"href":"https:\/\/moverdb.com\/sk\/wp-json\/wp\/v2\/pages\/11671\/revisions\/11672"}],"up":[{"embeddable":true,"href":"https:\/\/moverdb.com\/sk\/wp-json\/wp\/v2\/pages\/190"}],"wp:featuredmedia":[{"embeddable":true,"href":"https:\/\/moverdb.com\/sk\/wp-json\/wp\/v2\/media\/11363"}],"wp:attachment":[{"href":"https:\/\/moverdb.com\/sk\/wp-json\/wp\/v2\/media?parent=11671"}],"curies":[{"name":"wp","href":"https:\/\/api.w.org\/{rel}","templated":true}]}}