{"id":11666,"date":"2023-11-29T10:31:41","date_gmt":"2023-11-29T10:31:41","guid":{"rendered":"https:\/\/moverdb.com\/?page_id=11666"},"modified":"2026-01-08T15:24:27","modified_gmt":"2026-01-08T15:24:27","slug":"moving-companies-us-tennessee","status":"publish","type":"page","link":"https:\/\/moverdb.com\/sk\/moving-companies\/moving-companies-us-tennessee\/","title":{"rendered":"3 Najlep\u0161ie medzin\u00e1rodn\u00e9 s\u0165ahovacie spolo\u010dnosti v Tennessee"},"content":{"rendered":"<p>Pl\u00e1nujete s\u0165ahovanie? Potom vyu\u017eite slu\u017eby <a href=\"https:\/\/moverdb.com\/sk\/moving-companies\/\" data-internallinksmanager029f6b8e52c=\"79\" title=\"Top 25 medzin\u00e1rodn\u00fdch s\u0165ahovac\u00edch spolo\u010dnost\u00ed online\">s\u0165ahovacia spolo\u010dnos\u0165<\/a> by mohli skuto\u010dne pom\u00f4c\u0165 zn\u00ed\u017ei\u0165 pracovn\u00e9 za\u0165a\u017eenie. M\u00f4\u017eu v\u00e1m pom\u00f4c\u0165 s pl\u00e1novan\u00edm s\u0165ahovania, organiz\u00e1ciou prepravy, balen\u00edm vec\u00ed a vybavovan\u00edm coln\u00fdch z\u00e1le\u017eitost\u00ed pri medzin\u00e1rodn\u00fdch s\u0165ahovaniach. Ni\u017e\u0161ie sme zostavili zoznam <a href=\"https:\/\/moverdb.com\/sk\/moving-to-the-united-states\/moving-to-tennessee\/\" data-internallinksmanager029f6b8e52c=\"406\" title=\"S\u0165ahovanie do Tennessee? 2026 N\u00e1klady na b\u00fdvanie a tipy na pres\u0165ahovanie\">Tennessee<\/a> na str\u00e1nke . <a href=\"https:\/\/moverdb.com\/sk\/international-removals\/\" data-internallinksmanager029f6b8e52c=\"27\" title=\"36 najlep\u0161\u00edch medzin\u00e1rodn\u00fdch s\u0165ahovac\u00edch spolo\u010dnost\u00ed v Spojenom kr\u00e1\u013eovstve\">s\u0165ahovacie spolo\u010dnosti<\/a> ktor\u00e9 s\u00fa \u010dlenmi <a href=\"https:\/\/moverdb.com\/sk\/iam\/\" data-internallinksmanager029f6b8e52c=\"23\" title=\"Vysvetlenie Medzin\u00e1rodnej asoci\u00e1cie s\u0165ahovate\u013eov (IAM)\">Medzin\u00e1rodn\u00e1 asoci\u00e1cia s\u0165ahovate\u013eov<\/a> (IAM) a\/alebo <a href=\"https:\/\/moverdb.com\/sk\/fidi-faim\/\" data-internallinksmanager029f6b8e52c=\"16\" title=\"Vysvetlenie FIDI a FAIM (FIDI akreditovan\u00fd medzin\u00e1rodn\u00fd prepravca)\">FIDI<\/a> Akreditovan\u00fd medzin\u00e1rodn\u00fd prepravca (FAIM), ktor\u00fd by v\u00e1m mohol pom\u00f4c\u0165 pri s\u0165ahovan\u00ed.<\/p>\n<h2><strong>1. Apex Moving &amp; Storage<\/strong><\/h2>\n<p><img loading=\"lazy\" decoding=\"async\" class=\"alignnone size-full wp-image-11256\" src=\"https:\/\/moverdb.com\/wp-content\/uploads\/Apex-Moving-Storage-international-moving-company.png\" alt=\"Apex Moving &amp; Storage medzin\u00e1rodn\u00e9 s\u0165ahovanie spolo\u010dnos\u0165\" width=\"1440\" height=\"680\" data-wp-pid=\"11256\" srcset=\"https:\/\/moverdb.com\/wp-content\/uploads\/Apex-Moving-Storage-international-moving-company.png 1440w, https:\/\/moverdb.com\/wp-content\/uploads\/Apex-Moving-Storage-international-moving-company-300x142.png 300w, https:\/\/moverdb.com\/wp-content\/uploads\/Apex-Moving-Storage-international-moving-company-1024x484.png 1024w, https:\/\/moverdb.com\/wp-content\/uploads\/Apex-Moving-Storage-international-moving-company-18x9.png 18w, https:\/\/moverdb.com\/wp-content\/uploads\/Apex-Moving-Storage-international-moving-company-600x283.png 600w\" sizes=\"auto, (max-width: 1440px) 100vw, 1440px\" \/><\/p>\n<ul>\n<li>Miestne a dia\u013ekov\u00e9 presuny<\/li>\n<li>Medzin\u00e1rodn\u00e9 s\u0165ahovanie<\/li>\n<li>S\u0165ahovanie do obytn\u00fdch priestorov<\/li>\n<li>Komer\u010dn\u00e9 presuny<\/li>\n<li>Premiest\u0148ovanie firiem<\/li>\n<li>Kompletn\u00e9 baliace slu\u017eby<\/li>\n<li>Dopravn\u00e9 opatrenia<\/li>\n<li>Coln\u00e9 konanie<\/li>\n<li>Technol\u00f3gia sledovania n\u00e1kladn\u00fdch vozidiel<\/li>\n<li>Slu\u017eby skladovania<\/li>\n<\/ul>\n<p>Spolo\u010dnos\u0165 Apex Moving &amp; Storage bola zalo\u017een\u00e1 v roku 1972 a s\u00eddli v meste Antioch. Je agentom Atlas Interstate, ktor\u00fd ich sp\u00e1ja s medzin\u00e1rodnou sie\u0165ou profesion\u00e1lnych s\u0165ahovate\u013eov, ktor\u00ed im poskytuj\u00fa podporu. S\u00fa \u010dlenom IAM so 45-ro\u010dn\u00fdmi sk\u00fasenos\u0165ami.<\/p>\n<p>Spolo\u010dnos\u0165 Apex Moving &amp; Storage sa star\u00e1 o mal\u00e9 aj ve\u013ek\u00e9 s\u0165ahovanie a dok\u00e1\u017ee vytvori\u0165 cenovo v\u00fdhodn\u00e9 mo\u017enosti, ktor\u00e9 vyhovuj\u00fa v\u0161etk\u00fdm potreb\u00e1m. Pon\u00fakaj\u00fa s\u0165ahovacie slu\u017eby od dver\u00ed k dver\u00e1m s konzult\u00e1ciou pred s\u0165ahovan\u00edm a osobn\u00fdm koordin\u00e1torom s\u0165ahovania, ktor\u00fd v\u00e1m poskytne podporu. Pon\u00fakaj\u00fa kompletn\u00e9 baliace slu\u017eby a v pr\u00edpade s\u0165ahovania do zahrani\u010dia zabezpe\u010dia prepravu s coln\u00fdm odbaven\u00edm.<\/p>\n<p>Webov\u00e1 lokalita: <a href=\"http:\/\/www.apexmoving.com\/\" target=\"_blank\" rel=\"noopener\">http:\/\/www.apexmoving.com\/<\/a><\/p>\n<h2><strong>2. S\u0165ahovacia slu\u017eba Elizabeth<\/strong><\/h2>\n<p><img loading=\"lazy\" decoding=\"async\" class=\"alignnone size-full wp-image-11315\" src=\"https:\/\/moverdb.com\/wp-content\/uploads\/Elizabeths-Moving-Service-international-moving-company.png\" alt=\"Elizabeths Moving Service medzin\u00e1rodn\u00e9 s\u0165ahovanie spolo\u010dnos\u0165\" width=\"1440\" height=\"675\" data-wp-pid=\"11315\" srcset=\"https:\/\/moverdb.com\/wp-content\/uploads\/Elizabeths-Moving-Service-international-moving-company.png 1440w, https:\/\/moverdb.com\/wp-content\/uploads\/Elizabeths-Moving-Service-international-moving-company-300x141.png 300w, https:\/\/moverdb.com\/wp-content\/uploads\/Elizabeths-Moving-Service-international-moving-company-1024x480.png 1024w, https:\/\/moverdb.com\/wp-content\/uploads\/Elizabeths-Moving-Service-international-moving-company-18x8.png 18w, https:\/\/moverdb.com\/wp-content\/uploads\/Elizabeths-Moving-Service-international-moving-company-600x281.png 600w\" sizes=\"auto, (max-width: 1440px) 100vw, 1440px\" \/><\/p>\n<ul>\n<li>Miestne s\u0165ahovanie<\/li>\n<li>S\u0165ahovanie na dlh\u00e9 vzdialenosti<\/li>\n<li>S\u0165ahovanie dom\u00e1cnost\u00ed<\/li>\n<li>S\u0165ahovanie kancel\u00e1ri\u00ed a obchodn\u00fdch priestorov<\/li>\n<li>Vlastn\u00fd pl\u00e1n s\u0165ahovania<\/li>\n<li>Baliace slu\u017eby<\/li>\n<li>Dopravn\u00e9 opatrenia<\/li>\n<li>In\u0161tal\u00e1cia spotrebi\u010dov<\/li>\n<li>Manipul\u00e1cia s v\u00fdtvarn\u00fdm umen\u00edm<\/li>\n<li>Zabezpe\u010den\u00e9 skladovacie priestory<\/li>\n<\/ul>\n<p>Elizabeth's Moving Service je s\u0165ahovacia a skladov\u00e1 spolo\u010dnos\u0165 so s\u00eddlom v Chattanooge. Je \u010dlenom IAM so \u0161es\u0165ro\u010dn\u00fdmi sk\u00fasenos\u0165ami, v\u010faka \u010domu m\u00e1 k dispoz\u00edcii sie\u0165 s\u0165ahovac\u00edch agentov, s ktor\u00fdmi m\u00f4\u017ee spolupracova\u0165 pri poskytovan\u00ed slu\u017eieb aj mimo svojej p\u00f4sobnosti.<\/p>\n<p>S\u0165ahovacia slu\u017eba Elizabeth's Moving Service pon\u00faka prieskum priamo u v\u00e1s doma, ktor\u00fd v\u00e1m poskytne presn\u00fa cenov\u00fa ponuku. Pon\u00faka kompletn\u00e9 slu\u017eby v oblasti s\u0165ahovania, kde v\u00e1m zabal\u00ed a odo\u0161le veci na miestne, dia\u013ekov\u00e9 a medzin\u00e1rodn\u00e9 s\u0165ahovanie. Poskytuj\u00fa vysokokvalitn\u00e9 baliace slu\u017eby s vy\u0161kolen\u00fdmi baliacimi pracovn\u00edkmi, ktor\u00ed ochr\u00e1nia va\u0161e veci po\u010das prepravy, \u010do zah\u0155\u0148a dreven\u00e9 debny na krehk\u00e9 predmety a ochranu v\u00e1\u0161ho domova po\u010das s\u0165ahovania.<\/p>\n<p>Webov\u00e1 lokalita: <a href=\"http:\/\/www.elizabethsmoving.com\" target=\"_blank\" rel=\"noopener\">http:\/\/www.elizabethsmoving.com<\/a><\/p>\n<h2><strong>3. Spolo\u010dnos\u0165 Still Transfer<\/strong><\/h2>\n<p><img loading=\"lazy\" decoding=\"async\" class=\"alignnone size-full wp-image-11449\" src=\"https:\/\/moverdb.com\/wp-content\/uploads\/Still-Transfer-Company-international-moving-company.png\" alt=\"St\u00e1le Transfer Company medzin\u00e1rodn\u00e9 s\u0165ahovanie spolo\u010dnos\u0165\" width=\"1440\" height=\"677\" data-wp-pid=\"11449\" srcset=\"https:\/\/moverdb.com\/wp-content\/uploads\/Still-Transfer-Company-international-moving-company.png 1440w, https:\/\/moverdb.com\/wp-content\/uploads\/Still-Transfer-Company-international-moving-company-300x141.png 300w, https:\/\/moverdb.com\/wp-content\/uploads\/Still-Transfer-Company-international-moving-company-1024x481.png 1024w, https:\/\/moverdb.com\/wp-content\/uploads\/Still-Transfer-Company-international-moving-company-18x8.png 18w, https:\/\/moverdb.com\/wp-content\/uploads\/Still-Transfer-Company-international-moving-company-600x282.png 600w\" sizes=\"auto, (max-width: 1440px) 100vw, 1440px\" \/><\/p>\n<ul>\n<li>Miestne a dia\u013ekov\u00e9 presuny<\/li>\n<li>Medzin\u00e1rodn\u00e9 s\u0165ahovanie<\/li>\n<li>S\u0165ahovanie do obytn\u00fdch priestorov<\/li>\n<li>S\u0165ahovanie obchodn\u00fdch a kancel\u00e1rskych priestorov<\/li>\n<li>Baliace slu\u017eby<\/li>\n<li>Dopravn\u00e9 opatrenia<\/li>\n<li>Coln\u00e9 sprostredkovanie<\/li>\n<li>Pohyby hudobn\u00e9ho n\u00e1stroja<\/li>\n<li>Bezpe\u010dn\u00e9 kr\u00e1tkodob\u00e9 a dlhodob\u00e9 skladovanie<\/li>\n<\/ul>\n<p>Still Transfer Company je spolo\u010dnos\u0165 zalo\u017een\u00e1 v roku 1928 a s\u00eddli v Kingsporte. Je \u010dlenom IAM s 95-ro\u010dn\u00fdmi sk\u00fasenos\u0165ami, \u010do jej poskytuje celosvetov\u00fa sie\u0165 s\u0165ahovac\u00edch spolo\u010dnost\u00ed, s ktor\u00fdmi spolupracuje pri poskytovan\u00ed slu\u017eieb.<\/p>\n<p>Spolo\u010dnos\u0165 Still Transfer Company pon\u00faka mal\u00e9 a ve\u013ek\u00e9 s\u0165ahovacie slu\u017eby pre miestne, dia\u013ekov\u00e9 a medzin\u00e1rodn\u00e9 s\u0165ahovanie pre obytn\u00e9, obchodn\u00e9, kancel\u00e1rske a priemyseln\u00e9 s\u0165ahovanie. Poskytuje s\u0165ahovacie a baliace slu\u017eby na bezpe\u010dn\u00e9 premiestnenie va\u0161ich vec\u00ed na miesto ur\u010denia a zabezpe\u010duje aj coln\u00e9 sprostredkovanie. Pon\u00fakaj\u00fa aj bezpe\u010dn\u00e9 kr\u00e1tkodob\u00e9 alebo dlhodob\u00e9 skladovacie priestory.<\/p>\n<p>Webov\u00e1 lokalita: <a href=\"http:\/\/www.stilltransfer.net\" target=\"_blank\" rel=\"noopener\">http:\/\/www.stilltransfer.net<\/a><\/p>","protected":false},"excerpt":{"rendered":"<p>Are you planning a move? Then engaging the services of a moving company could really help ease the workload. They can assist with planning your move, transportation arrangements, packing your belongings and handling customs on international moves. Below we have compiled a list of Tennessee based removal companies that are members of the International Association [&hellip;]<\/p>\n","protected":false},"author":4,"featured_media":11256,"parent":190,"menu_order":0,"comment_status":"closed","ping_status":"closed","template":"","meta":{"_genesis_hide_title":false,"_genesis_hide_breadcrumbs":false,"_genesis_hide_singular_image":false,"_genesis_hide_footer_widgets":false,"_genesis_custom_body_class":"","_genesis_custom_post_class":"","_genesis_layout":"","footnotes":""},"class_list":{"0":"post-11666","1":"page","2":"type-page","3":"status-publish","4":"has-post-thumbnail","6":"entry"},"_links":{"self":[{"href":"https:\/\/moverdb.com\/sk\/wp-json\/wp\/v2\/pages\/11666","targetHints":{"allow":["GET"]}}],"collection":[{"href":"https:\/\/moverdb.com\/sk\/wp-json\/wp\/v2\/pages"}],"about":[{"href":"https:\/\/moverdb.com\/sk\/wp-json\/wp\/v2\/types\/page"}],"author":[{"embeddable":true,"href":"https:\/\/moverdb.com\/sk\/wp-json\/wp\/v2\/users\/4"}],"replies":[{"embeddable":true,"href":"https:\/\/moverdb.com\/sk\/wp-json\/wp\/v2\/comments?post=11666"}],"version-history":[{"count":1,"href":"https:\/\/moverdb.com\/sk\/wp-json\/wp\/v2\/pages\/11666\/revisions"}],"predecessor-version":[{"id":11667,"href":"https:\/\/moverdb.com\/sk\/wp-json\/wp\/v2\/pages\/11666\/revisions\/11667"}],"up":[{"embeddable":true,"href":"https:\/\/moverdb.com\/sk\/wp-json\/wp\/v2\/pages\/190"}],"wp:featuredmedia":[{"embeddable":true,"href":"https:\/\/moverdb.com\/sk\/wp-json\/wp\/v2\/media\/11256"}],"wp:attachment":[{"href":"https:\/\/moverdb.com\/sk\/wp-json\/wp\/v2\/media?parent=11666"}],"curies":[{"name":"wp","href":"https:\/\/api.w.org\/{rel}","templated":true}]}}