{"id":11661,"date":"2023-11-29T10:50:19","date_gmt":"2023-11-29T10:50:19","guid":{"rendered":"https:\/\/moverdb.com\/?page_id=11661"},"modified":"2026-01-08T15:29:26","modified_gmt":"2026-01-08T15:29:26","slug":"moving-companies-us-sterling","status":"publish","type":"page","link":"https:\/\/moverdb.com\/sk\/moving-companies\/moving-companies-us-sterling\/","title":{"rendered":"6 najlep\u0161\u00edch medzin\u00e1rodn\u00fdch s\u0165ahovac\u00edch spolo\u010dnost\u00ed v Sterlingu"},"content":{"rendered":"<p>S\u0165ahovanie m\u00f4\u017ee by\u0165 n\u00e1ro\u010dn\u00e9, preto v\u00e1m pomoc m\u00f4\u017ee skuto\u010dne u\u013eah\u010di\u0165 pr\u00e1cu. M\u00f4\u017eete zapoji\u0165 <a href=\"https:\/\/moverdb.com\/sk\/moving-companies\/\" data-internallinksmanager029f6b8e52c=\"79\" title=\"Top 25 medzin\u00e1rodn\u00fdch s\u0165ahovac\u00edch spolo\u010dnost\u00ed online\">s\u0165ahovacia spolo\u010dnos\u0165<\/a> a pom\u00f4\u017ee v\u00e1m s cel\u00fdm radom \u00faloh s\u00favisiacich so s\u0165ahovan\u00edm vr\u00e1tane pl\u00e1novania s\u0165ahovania, balenia vec\u00ed, zabezpe\u010denia prepravy a vybavovania colnej dokument\u00e1cie. Ni\u017e\u0161ie sme zostavili zoznam firiem so s\u00eddlom v Sterlingu <a href=\"https:\/\/moverdb.com\/sk\/international-removals\/\" data-internallinksmanager029f6b8e52c=\"27\" title=\"36 najlep\u0161\u00edch medzin\u00e1rodn\u00fdch s\u0165ahovac\u00edch spolo\u010dnost\u00ed v Spojenom kr\u00e1\u013eovstve\">s\u0165ahovacie spolo\u010dnosti<\/a> ktor\u00e9 s\u00fa \u010dlenmi <a href=\"https:\/\/moverdb.com\/sk\/iam\/\" data-internallinksmanager029f6b8e52c=\"23\" title=\"Vysvetlenie Medzin\u00e1rodnej asoci\u00e1cie s\u0165ahovate\u013eov (IAM)\">Medzin\u00e1rodn\u00e1 asoci\u00e1cia s\u0165ahovate\u013eov<\/a> (IAM) a\/alebo <a href=\"https:\/\/moverdb.com\/sk\/fidi-faim\/\" data-internallinksmanager029f6b8e52c=\"16\" title=\"Vysvetlenie FIDI a FAIM (FIDI akreditovan\u00fd medzin\u00e1rodn\u00fd prepravca)\">FIDI<\/a> Akreditovan\u00fd medzin\u00e1rodn\u00fd prepravca (FAIM), ktor\u00fd by v\u00e1m mohol pom\u00f4c\u0165 pri s\u0165ahovan\u00ed.<\/p>\n<div id=\"ez-toc-container\" class=\"ez-toc-v2_0_82_2 ez-toc-wrap-left counter-hierarchy ez-toc-counter ez-toc-transparent ez-toc-container-direction\">\n<div class=\"ez-toc-title-container\">\n<p class=\"ez-toc-title\" style=\"cursor:inherit\">Sekcie<\/p>\n<span class=\"ez-toc-title-toggle\"><a href=\"#\" class=\"ez-toc-pull-right ez-toc-btn ez-toc-btn-xs ez-toc-btn-default ez-toc-toggle\" aria-label=\"Prep\u00ednanie tabu\u013eky obsahu\"><span class=\"ez-toc-js-icon-con\"><span class=\"\"><span class=\"eztoc-hide\" style=\"display:none;\">Prep\u00edna\u010d<\/span><span class=\"ez-toc-icon-toggle-span\"><svg style=\"fill: #999;color:#999\" xmlns=\"http:\/\/www.w3.org\/2000\/svg\" class=\"list-377408\" width=\"20px\" height=\"20px\" viewbox=\"0 0 24 24\" fill=\"none\"><path d=\"M6 6H4v2h2V6zm14 0H8v2h12V6zM4 11h2v2H4v-2zm16 0H8v2h12v-2zM4 16h2v2H4v-2zm16 0H8v2h12v-2z\" fill=\"currentColor\"><\/path><\/svg><svg style=\"fill: #999;color:#999\" class=\"arrow-unsorted-368013\" xmlns=\"http:\/\/www.w3.org\/2000\/svg\" width=\"10px\" height=\"10px\" viewbox=\"0 0 24 24\" version=\"1.2\" baseprofile=\"tiny\"><path d=\"M18.2 9.3l-6.2-6.3-6.2 6.3c-.2.2-.3.4-.3.7s.1.5.3.7c.2.2.4.3.7.3h11c.3 0 .5-.1.7-.3.2-.2.3-.5.3-.7s-.1-.5-.3-.7zM5.8 14.7l6.2 6.3 6.2-6.3c.2-.2.3-.5.3-.7s-.1-.5-.3-.7c-.2-.2-.4-.3-.7-.3h-11c-.3 0-.5.1-.7.3-.2.2-.3.5-.3.7s.1.5.3.7z\"\/><\/svg><\/span><\/span><\/span><\/a><\/span><\/div>\n<nav><ul class='ez-toc-list ez-toc-list-level-1 eztoc-toggle-hide-by-default' ><li class='ez-toc-page-1 ez-toc-heading-level-2'><a class=\"ez-toc-link ez-toc-heading-1\" href=\"https:\/\/moverdb.com\/sk\/moving-companies\/moving-companies-us-sterling\/#1_Brauns_International\" >1. Brauns International<\/a><\/li><li class='ez-toc-page-1 ez-toc-heading-level-2'><a class=\"ez-toc-link ez-toc-heading-2\" href=\"https:\/\/moverdb.com\/sk\/moving-companies\/moving-companies-us-sterling\/#2_DN_Van_Lines\" >2. DN Van Lines<\/a><\/li><li class='ez-toc-page-1 ez-toc-heading-level-2'><a class=\"ez-toc-link ez-toc-heading-3\" href=\"https:\/\/moverdb.com\/sk\/moving-companies\/moving-companies-us-sterling\/#3_JK_Moving_Services\" >3. S\u0165ahovacie slu\u017eby JK<\/a><\/li><li class='ez-toc-page-1 ez-toc-heading-level-2'><a class=\"ez-toc-link ez-toc-heading-4\" href=\"https:\/\/moverdb.com\/sk\/moving-companies\/moving-companies-us-sterling\/#4_Laing_International\" >4. Laing International<\/a><\/li><li class='ez-toc-page-1 ez-toc-heading-level-2'><a class=\"ez-toc-link ez-toc-heading-5\" href=\"https:\/\/moverdb.com\/sk\/moving-companies\/moving-companies-us-sterling\/#5_RelogistiX\" >5. RelogistiX<\/a><\/li><li class='ez-toc-page-1 ez-toc-heading-level-2'><a class=\"ez-toc-link ez-toc-heading-6\" href=\"https:\/\/moverdb.com\/sk\/moving-companies\/moving-companies-us-sterling\/#6_Star_Moving_Solutions\" >6. Star Moving Solutions<\/a><\/li><\/ul><\/nav><\/div>\n<h2><span class=\"ez-toc-section\" id=\"1_Brauns_International\"><\/span><strong>1. Brauns International<\/strong><span class=\"ez-toc-section-end\"><\/span><\/h2>\n<p><img loading=\"lazy\" decoding=\"async\" class=\"alignnone size-full wp-image-7421\" src=\"https:\/\/moverdb.com\/wp-content\/uploads\/Brauns-International-moving-company.png\" alt=\"Brauns Medzin\u00e1rodn\u00e1 s\u0165ahovacia spolo\u010dnos\u0165\" width=\"1440\" height=\"683\" data-wp-pid=\"7421\" srcset=\"https:\/\/moverdb.com\/wp-content\/uploads\/Brauns-International-moving-company.png 1440w, https:\/\/moverdb.com\/wp-content\/uploads\/Brauns-International-moving-company-300x142.png 300w, https:\/\/moverdb.com\/wp-content\/uploads\/Brauns-International-moving-company-1024x486.png 1024w, https:\/\/moverdb.com\/wp-content\/uploads\/Brauns-International-moving-company-18x9.png 18w, https:\/\/moverdb.com\/wp-content\/uploads\/Brauns-International-moving-company-600x285.png 600w\" sizes=\"auto, (max-width: 1440px) 100vw, 1440px\" \/><\/p>\n<ul>\n<li>Miestne a vn\u00fatro\u0161t\u00e1tne s\u0165ahovanie<\/li>\n<li>Medzin\u00e1rodn\u00e9 s\u0165ahovanie<\/li>\n<li>S\u0165ahovanie dom\u00e1cnost\u00ed<\/li>\n<li>S\u0165ahovanie firiem<\/li>\n<li>Osobn\u00fd poradca pre s\u0165ahovanie<\/li>\n<li>Baliace slu\u017eby<\/li>\n<li>N\u00e1kladn\u00e1, leteck\u00e1 a n\u00e1morn\u00e1 doprava<\/li>\n<li>Pr\u00edprava dokumentov<\/li>\n<li>Poistenie<\/li>\n<li>Slu\u017eby skladovania<\/li>\n<\/ul>\n<p>Brauns International je medzin\u00e1rodn\u00e1 s\u0165ahovacia a skladov\u00e1 spolo\u010dnos\u0165 zalo\u017een\u00e1 v roku 1992 v <a href=\"https:\/\/moverdb.com\/sk\/moving-to-the-united-states\/moving-to-virginia\/\" data-internallinksmanager029f6b8e52c=\"442\" title=\"S\u0165ahovanie do Virg\u00ednie? 2026 N\u00e1klady na b\u00fdvanie a tipy na pres\u0165ahovanie\">Virginia<\/a>a p\u00f4sob\u00ed v Sterlingu. M\u00e1 sie\u0165 celosvetov\u00fdch partnersk\u00fdch agentov, s ktor\u00fdmi spolupracuje pri poskytovan\u00ed s\u0165ahovac\u00edch slu\u017eieb na medzin\u00e1rodnej \u00farovni. S\u00fa \u010dlenom IAM s 31-ro\u010dn\u00fdmi sk\u00fasenos\u0165ami.<\/p>\n<p>Spolo\u010dnos\u0165 Brauns International poskytuje s\u0165ahovacie slu\u017eby na mieru s osobn\u00fdm poradcom pre s\u0165ahovanie, ktor\u00fd koordinuje v\u0161etky aspekty v\u00e1\u0161ho s\u0165ahovania. Pon\u00faka baliace slu\u017eby s balen\u00edm a balen\u00edm najvy\u0161\u0161ej kvality na ochranu va\u0161ich vec\u00ed. Zabezpe\u010dia a sleduj\u00fa prepravu va\u0161ich vec\u00ed a vyplnia a vypracuj\u00fa v\u0161etky dokumenty a dokument\u00e1ciu na coln\u00e9 odbavenie.<\/p>\n<p>Webov\u00e1 lokalita: <a href=\"https:\/\/www.braunsusa.com\/\" target=\"_blank\" rel=\"noopener\">https:\/\/www.braunsusa.com\/<\/a><\/p>\n<h2><span class=\"ez-toc-section\" id=\"2_DN_Van_Lines\"><\/span><strong>2. DN Van Lines<\/strong><span class=\"ez-toc-section-end\"><\/span><\/h2>\n<p><img loading=\"lazy\" decoding=\"async\" class=\"alignnone size-full wp-image-11307\" src=\"https:\/\/moverdb.com\/wp-content\/uploads\/DN-Van-Lines-international-moving-company.png\" alt=\"DN Van Lines medzin\u00e1rodn\u00e9 s\u0165ahovanie spolo\u010dnos\u0165\" width=\"1440\" height=\"670\" data-wp-pid=\"11307\" srcset=\"https:\/\/moverdb.com\/wp-content\/uploads\/DN-Van-Lines-international-moving-company.png 1440w, https:\/\/moverdb.com\/wp-content\/uploads\/DN-Van-Lines-international-moving-company-300x140.png 300w, https:\/\/moverdb.com\/wp-content\/uploads\/DN-Van-Lines-international-moving-company-1024x476.png 1024w, https:\/\/moverdb.com\/wp-content\/uploads\/DN-Van-Lines-international-moving-company-18x8.png 18w, https:\/\/moverdb.com\/wp-content\/uploads\/DN-Van-Lines-international-moving-company-600x279.png 600w\" sizes=\"auto, (max-width: 1440px) 100vw, 1440px\" \/><\/p>\n<ul>\n<li>Miestne a medzi\u0161t\u00e1tne presuny<\/li>\n<li>S\u0165ahovanie na dlh\u00e9 vzdialenosti<\/li>\n<li>S\u0165ahovanie do obytn\u00fdch priestorov<\/li>\n<li>S\u0165ahovanie kancel\u00e1ri\u00ed a obchodn\u00fdch priestorov<\/li>\n<li>Vyhraden\u00fd koordin\u00e1tor s\u0165ahovania<\/li>\n<li>Baliace slu\u017eby<\/li>\n<li>Podrobn\u00e9 riadenie z\u00e1sob<\/li>\n<li>Dopravn\u00e9 opatrenia<\/li>\n<li>Sledovanie z\u00e1sielok<\/li>\n<li>Bezpe\u010dn\u00e9 kr\u00e1tkodob\u00e9 a dlhodob\u00e9 skladovanie<\/li>\n<\/ul>\n<p>DN Van Lines je s\u0165ahovacia a skladov\u00e1 spolo\u010dnos\u0165 zalo\u017een\u00e1 v roku 2001 s pobo\u010dkami v Sterlingu, <a href=\"https:\/\/moverdb.com\/sk\/moving-to-the-united-states\/moving-to-florida\/\" data-internallinksmanager029f6b8e52c=\"331\" title=\"S\u0165ahovanie na Floridu? 2026 N\u00e1klady na b\u00fdvanie a tipy na pres\u0165ahovanie\">Florida<\/a> a <a href=\"https:\/\/moverdb.com\/sk\/moving-to-the-united-states\/moving-to-massachusetts\/\" data-internallinksmanager029f6b8e52c=\"412\" title=\"S\u0165ahujete sa do Massachusetts? 2026 N\u00e1klady na b\u00fdvanie a tipy na pres\u0165ahovanie\">Massachusetts<\/a>. S\u00fa \u010dlenom IAM s 20-ro\u010dn\u00fdmi sk\u00fasenos\u0165ami, \u010do im umo\u017e\u0148uje pr\u00edstup k medzin\u00e1rodnej sieti s\u0165ahovac\u00edch agentov.<\/p>\n<p>Spolo\u010dnos\u0165 DN Van Lines pon\u00faka dom\u00e1ci alebo virtu\u00e1lny prieskum na odhad objemu s\u0165ahovania a poskytuje \u0161pecializovan\u00e9ho koordin\u00e1tora s\u0165ahovania. Poskytuj\u00fa baliace slu\u017eby, ktor\u00e9 vyu\u017e\u00edvaj\u00fa vy\u0161kolen\u00e9 pos\u00e1dky na bezpe\u010dn\u00e9 zabalenie va\u0161ich vec\u00ed a vypracovanie podrobn\u00e9ho s\u00fapisu, ktor\u00fd bude bezpe\u010dne ulo\u017een\u00fd v ich syst\u00e9me. Zabezpe\u010dia prepravu va\u0161ich vec\u00ed na miesto ur\u010denia a z\u00e1sielky bud\u00fa sledovan\u00e9 pomocou GPS.<\/p>\n<p>Webov\u00e1 lokalita: <a href=\"https:\/\/dnvanlines.com\/\" target=\"_blank\" rel=\"noopener\">https:\/\/dnvanlines.com\/<\/a><\/p>\n<h2><span class=\"ez-toc-section\" id=\"3_JK_Moving_Services\"><\/span><strong>3. S\u0165ahovacie slu\u017eby JK<\/strong><span class=\"ez-toc-section-end\"><\/span><\/h2>\n<p><img loading=\"lazy\" decoding=\"async\" class=\"alignnone size-full wp-image-11662\" src=\"https:\/\/moverdb.com\/wp-content\/uploads\/JK-Moving-Services-international-moving-company.png\" alt=\"JK Moving Services medzin\u00e1rodn\u00e9 s\u0165ahovanie spolo\u010dnos\u0165\" width=\"1440\" height=\"678\" data-wp-pid=\"11662\" srcset=\"https:\/\/moverdb.com\/wp-content\/uploads\/JK-Moving-Services-international-moving-company.png 1440w, https:\/\/moverdb.com\/wp-content\/uploads\/JK-Moving-Services-international-moving-company-300x141.png 300w, https:\/\/moverdb.com\/wp-content\/uploads\/JK-Moving-Services-international-moving-company-1024x482.png 1024w, https:\/\/moverdb.com\/wp-content\/uploads\/JK-Moving-Services-international-moving-company-18x8.png 18w, https:\/\/moverdb.com\/wp-content\/uploads\/JK-Moving-Services-international-moving-company-600x283.png 600w\" sizes=\"auto, (max-width: 1440px) 100vw, 1440px\" \/><\/p>\n<ul>\n<li>Miestne a dia\u013ekov\u00e9 presuny<\/li>\n<li>Medzin\u00e1rodn\u00e9 s\u0165ahovanie<\/li>\n<li>S\u0165ahovanie do obytn\u00fdch priestorov<\/li>\n<li>Komer\u010dn\u00e9 presuny<\/li>\n<li>Slu\u017eba od dver\u00ed k dver\u00e1m<\/li>\n<li>\u0160pecializovan\u00fd mana\u017e\u00e9r s\u0165ahovania<\/li>\n<li>Baliace slu\u017eby<\/li>\n<li>N\u00e1kladn\u00e1, \u017eelezni\u010dn\u00e1, n\u00e1morn\u00e1 a leteck\u00e1 doprava<\/li>\n<li>Coln\u00e9 konanie<\/li>\n<li>Bezpe\u010dn\u00e9 ukladanie<\/li>\n<\/ul>\n<p>JK Moving Services je spolo\u010dnos\u0165 zaoberaj\u00faca sa s\u0165ahovan\u00edm a logistikou, ktor\u00e1 p\u00f4sob\u00ed u\u017e viac ako 40 rokov a m\u00e1 pobo\u010dky v Sterlingu, <a href=\"https:\/\/moverdb.com\/sk\/moving-to-the-united-states\/moving-to-maryland\/\" data-internallinksmanager029f6b8e52c=\"467\" title=\"S\u0165ahujete sa do Marylandu? 2024 N\u00e1klady na b\u00fdvanie a tipy na pres\u0165ahovanie\">Maryland<\/a> a Washington. Pri poskytovan\u00ed medzin\u00e1rodn\u00fdch slu\u017eieb maj\u00fa k dispoz\u00edcii rozsiahlu glob\u00e1lnu sie\u0165 na podporu s\u0165ahovania. S\u00fa \u010dlenom IAM so 44-ro\u010dn\u00fdmi sk\u00fasenos\u0165ami a maj\u00fa akredit\u00e1ciu FIDI.<\/p>\n<p>Spolo\u010dnos\u0165 JK Moving Services pon\u00faka s\u0165ahovacie slu\u017eby od dver\u00ed k dver\u00e1m pre reziden\u010dn\u00fdch a komer\u010dn\u00fdch klientov so \u0161pecializovan\u00fdm mana\u017e\u00e9rom s\u0165ahovania, ktor\u00fd koordinuje cel\u00fa logistiku. Poskytuje profesion\u00e1lnych, vy\u0161kolen\u00fdch s\u0165ahov\u00e1kov, ktor\u00ed bezpe\u010dne zabalia a nalo\u017eia va\u0161e veci a pri doru\u010den\u00ed ich vylo\u017eia a vybalia.<\/p>\n<p>Webov\u00e1 lokalita: <a href=\"https:\/\/www.jkmoving.com\/\" target=\"_blank\" rel=\"noopener\">https:\/\/www.jkmoving.com\/<\/a><\/p>\n<h2><span class=\"ez-toc-section\" id=\"4_Laing_International\"><\/span><strong>4. Laing International<\/strong><span class=\"ez-toc-section-end\"><\/span><\/h2>\n<p><img loading=\"lazy\" decoding=\"async\" class=\"alignnone size-full wp-image-11361\" src=\"https:\/\/moverdb.com\/wp-content\/uploads\/Laing-International-moving-company.png\" alt=\"Laing Medzin\u00e1rodn\u00e1 s\u0165ahovacia spolo\u010dnos\u0165\" width=\"1440\" height=\"681\" data-wp-pid=\"11361\" srcset=\"https:\/\/moverdb.com\/wp-content\/uploads\/Laing-International-moving-company.png 1440w, https:\/\/moverdb.com\/wp-content\/uploads\/Laing-International-moving-company-300x142.png 300w, https:\/\/moverdb.com\/wp-content\/uploads\/Laing-International-moving-company-1024x484.png 1024w, https:\/\/moverdb.com\/wp-content\/uploads\/Laing-International-moving-company-18x9.png 18w, https:\/\/moverdb.com\/wp-content\/uploads\/Laing-International-moving-company-600x284.png 600w\" sizes=\"auto, (max-width: 1440px) 100vw, 1440px\" \/><\/p>\n<ul>\n<li>Miestne slu\u017eby n\u00e1kladnej dopravy<\/li>\n<li>Medzin\u00e1rodn\u00e1 n\u00e1kladn\u00e1 doprava<\/li>\n<li>Individu\u00e1lny tovar<\/li>\n<li>Obchodn\u00fd tovar<\/li>\n<li>Spr\u00e1va z\u00e1sielok<\/li>\n<li>Baliace slu\u017eby<\/li>\n<li>Umiestnenie na<\/li>\n<li>Dopravn\u00e9 opatrenia<\/li>\n<li>Coln\u00e9 konanie<\/li>\n<li>Poistenie<\/li>\n<\/ul>\n<p>Spolo\u010dnos\u0165 Laing International je coln\u00fdm sprostredkovate\u013eom a <a href=\"https:\/\/moverdb.com\/sk\/freight-forwarder\/\" data-internallinksmanager029f6b8e52c=\"17\" title=\"Sprievodca medzin\u00e1rodn\u00fdmi n\u00e1kladmi a spolo\u010dnos\u0165ami zasielate\u013estva a NVOCC\">zasielate\u013e<\/a> so s\u00eddlom v Sterlingu a Marylande, ktor\u00e1 bola zalo\u017een\u00e1 v roku 1979. S\u00fa \u010dlenom IAM so 44-ro\u010dn\u00fdmi sk\u00fasenos\u0165ami, ktor\u00e9 im poskytuj\u00fa medzin\u00e1rodn\u00fa sie\u0165 spolo\u010dnost\u00ed, ktor\u00e9 ich podporuj\u00fa pri poskytovan\u00ed slu\u017eieb po celom svete.<\/p>\n<p>Laing International je \u0161pecialista na coln\u00e9 sprostredkovanie a zasielate\u013estvo, ktor\u00e9ho cie\u013eom je zn\u00ed\u017ei\u0165 oneskorenia a u\u0161etri\u0165 peniaze pri miestnom alebo medzin\u00e1rodnom presune v\u00e1\u0161ho tovaru. Poskytuj\u00fa slu\u017eby miestnej prepravy a leteckej \u0161ped\u00edcie vr\u00e1tane bezpe\u010dn\u00e9ho balenia a zabalenia va\u0161ich predmetov vr\u00e1tane poistenia. Postaraj\u00fa sa aj o coln\u00e9 odbavenie pri preprave v\u00e1\u0161ho tovaru medzi krajinami.<\/p>\n<p>Webov\u00e1 lokalita: <a href=\"http:\/\/www.lainginternational.com\/\" target=\"_blank\" rel=\"noopener\">http:\/\/www.lainginternational.com\/<\/a><\/p>\n<h2><span class=\"ez-toc-section\" id=\"5_RelogistiX\"><\/span><strong>5. RelogistiX<\/strong><span class=\"ez-toc-section-end\"><\/span><\/h2>\n<p><img loading=\"lazy\" decoding=\"async\" class=\"alignnone size-full wp-image-11663\" src=\"https:\/\/moverdb.com\/wp-content\/uploads\/Relogistix-international-moving-company.png\" alt=\"Relogistix medzin\u00e1rodn\u00e9 s\u0165ahovanie spolo\u010dnos\u0165\" width=\"1440\" height=\"680\" data-wp-pid=\"11663\" srcset=\"https:\/\/moverdb.com\/wp-content\/uploads\/Relogistix-international-moving-company.png 1440w, https:\/\/moverdb.com\/wp-content\/uploads\/Relogistix-international-moving-company-300x142.png 300w, https:\/\/moverdb.com\/wp-content\/uploads\/Relogistix-international-moving-company-1024x484.png 1024w, https:\/\/moverdb.com\/wp-content\/uploads\/Relogistix-international-moving-company-18x9.png 18w, https:\/\/moverdb.com\/wp-content\/uploads\/Relogistix-international-moving-company-600x283.png 600w\" sizes=\"auto, (max-width: 1440px) 100vw, 1440px\" \/><\/p>\n<ul>\n<li>Medzin\u00e1rodn\u00e9 premiestnenia<\/li>\n<li>S\u0165ahovanie dom\u00e1cnost\u00ed<\/li>\n<li>Slu\u017eba od dver\u00ed k dver\u00e1m<\/li>\n<li>Vyhraden\u00fd koordin\u00e1tor<\/li>\n<li>Prieskum v dom\u00e1cnosti<\/li>\n<li>Baliace slu\u017eby<\/li>\n<li>Vysokokvalitn\u00e9 baliace materi\u00e1ly<\/li>\n<li>Pozemn\u00e1, leteck\u00e1 a n\u00e1morn\u00e1 doprava<\/li>\n<li>Coln\u00e9 konanie<\/li>\n<li>Vyba\u013eovanie a odstra\u0148ovanie trosiek<\/li>\n<\/ul>\n<p>RelogistiX je spolo\u010dnos\u0165 zaoberaj\u00faca sa premiest\u0148ovan\u00edm a logistikou s pobo\u010dkami v Sterlingu a Alexandrii. Je \u010dlenom IAM s 36-ro\u010dn\u00fdmi sk\u00fasenos\u0165ami, v\u010faka \u010domu m\u00e1 pr\u00edstup k medzin\u00e1rodnej sieti s\u0165ahovac\u00edch agentov, ktor\u00ed mu poskytuj\u00fa podporu.<\/p>\n<p>Spolo\u010dnos\u0165 RelogistiX pon\u00faka bezplatn\u00fa konzult\u00e1ciu pred s\u0165ahovan\u00edm, na ktorej sa prediskutuj\u00fa va\u0161e po\u017eiadavky, a vykon\u00e1 prieskum a cenov\u00fa ponuku priamo u v\u00e1s doma. Poskytne v\u00e1m ur\u010den\u00e9ho koordin\u00e1tora, ktor\u00fd bude va\u0161\u00edm hlavn\u00fdm kontaktom po\u010das cel\u00e9ho s\u0165ahovania. Pou\u017e\u00edvaj\u00fa najlep\u0161ie baliace materi\u00e1ly, ktor\u00e9 sp\u013a\u0148aj\u00fa medzin\u00e1rodn\u00e9 normy, a \u0161peci\u00e1lne prepravky na ochranu va\u0161ich vec\u00ed. Po pr\u00edchode vylo\u017eia a rozbalia va\u0161e veci a odstr\u00e1nia v\u0161etky ne\u010distoty.<\/p>\n<p>Webov\u00e1 lokalita: <a href=\"https:\/\/www.relogistix.net\/\" target=\"_blank\" rel=\"noopener\">https:\/\/www.relogistix.net\/<\/a><\/p>\n<h2><span class=\"ez-toc-section\" id=\"6_Star_Moving_Solutions\"><\/span><strong>6. Star Moving Solutions<\/strong><span class=\"ez-toc-section-end\"><\/span><\/h2>\n<p><img loading=\"lazy\" decoding=\"async\" class=\"alignnone size-full wp-image-5207\" src=\"https:\/\/moverdb.com\/wp-content\/uploads\/Star-Moving-international-moving-company.png\" alt=\"Star Moving medzin\u00e1rodn\u00e1 s\u0165ahovacia spolo\u010dnos\u0165\" width=\"1440\" height=\"683\" data-wp-pid=\"5207\" srcset=\"https:\/\/moverdb.com\/wp-content\/uploads\/Star-Moving-international-moving-company.png 1440w, https:\/\/moverdb.com\/wp-content\/uploads\/Star-Moving-international-moving-company-300x142.png 300w, https:\/\/moverdb.com\/wp-content\/uploads\/Star-Moving-international-moving-company-1024x486.png 1024w, https:\/\/moverdb.com\/wp-content\/uploads\/Star-Moving-international-moving-company-18x9.png 18w, https:\/\/moverdb.com\/wp-content\/uploads\/Star-Moving-international-moving-company-600x285.png 600w\" sizes=\"auto, (max-width: 1440px) 100vw, 1440px\" \/><\/p>\n<ul>\n<li>N\u00e1rodn\u00e9 presuny<\/li>\n<li>Medzin\u00e1rodn\u00e9 s\u0165ahovanie<\/li>\n<li>S\u0165ahovanie dom\u00e1cnost\u00ed<\/li>\n<li>Premiest\u0148ovanie firiem<\/li>\n<li>Slu\u017eba od dver\u00ed k dver\u00e1m<\/li>\n<li>Baliace slu\u017eby<\/li>\n<li>Dopravn\u00e9 opatrenia<\/li>\n<li>Coln\u00e1 podpora<\/li>\n<li>Syst\u00e9my sledovania<\/li>\n<li>Rie\u0161enia na ukladanie<\/li>\n<\/ul>\n<p>Star Moving Solutions je n\u00e1rodn\u00e1 a medzin\u00e1rodn\u00e1 s\u0165ahovacia spolo\u010dnos\u0165 zalo\u017een\u00e1 v roku 1998. Je \u010dlenom spolo\u010dnosti Van Line s rozsiahlou celosvetovou sie\u0165ou s\u0165ahovac\u00edch spolo\u010dnost\u00ed, ktor\u00e9 poskytuj\u00fa medzin\u00e1rodn\u00e9 slu\u017eby vo viac ako 160 krajin\u00e1ch. S\u00fa \u010dlenom IAM s 25-ro\u010dn\u00fdmi sk\u00fasenos\u0165ami.<\/p>\n<p>Spolo\u010dnos\u0165 Star Moving Solutions pon\u00faka prieskum priamo u v\u00e1s doma, aby zistila v\u00e1\u0161 objem s\u0165ahovania a poskytla cenov\u00fa ponuku. Poskytuj\u00fa jednotn\u00e9 kontaktn\u00e9 miesto, ktor\u00e9 v\u00e1m pom\u00f4\u017ee po\u010das cel\u00e9ho s\u0165ahovania, a maj\u00fa syst\u00e9m sledovania priebehu s\u0165ahovania. Pon\u00fakaj\u00fa \u0161pecializovan\u00e9 baliace a baliace slu\u017eby pre zahrani\u010dn\u00e9 s\u0165ahovanie a pom\u00f4\u017eu s coln\u00fdm odbaven\u00edm.<\/p>\n<p>Webov\u00e1 lokalita: <a href=\"https:\/\/starint.com\/\" target=\"_blank\" rel=\"noopener\">https:\/\/starint.com\/<\/a><\/p>","protected":false},"excerpt":{"rendered":"<p>Moving can be a busy time so getting some help can really lighten the load. You can engage a moving company to help with a range of moving tasks including planning your move, packing your items, arranging transport and handling any customs documentation. Below we have compiled a list of Sterling based removal companies that [&hellip;]<\/p>\n","protected":false},"author":4,"featured_media":7421,"parent":190,"menu_order":0,"comment_status":"closed","ping_status":"closed","template":"","meta":{"_genesis_hide_title":false,"_genesis_hide_breadcrumbs":false,"_genesis_hide_singular_image":false,"_genesis_hide_footer_widgets":false,"_genesis_custom_body_class":"","_genesis_custom_post_class":"","_genesis_layout":"","footnotes":""},"class_list":{"0":"post-11661","1":"page","2":"type-page","3":"status-publish","4":"has-post-thumbnail","6":"entry"},"_links":{"self":[{"href":"https:\/\/moverdb.com\/sk\/wp-json\/wp\/v2\/pages\/11661","targetHints":{"allow":["GET"]}}],"collection":[{"href":"https:\/\/moverdb.com\/sk\/wp-json\/wp\/v2\/pages"}],"about":[{"href":"https:\/\/moverdb.com\/sk\/wp-json\/wp\/v2\/types\/page"}],"author":[{"embeddable":true,"href":"https:\/\/moverdb.com\/sk\/wp-json\/wp\/v2\/users\/4"}],"replies":[{"embeddable":true,"href":"https:\/\/moverdb.com\/sk\/wp-json\/wp\/v2\/comments?post=11661"}],"version-history":[{"count":2,"href":"https:\/\/moverdb.com\/sk\/wp-json\/wp\/v2\/pages\/11661\/revisions"}],"predecessor-version":[{"id":11665,"href":"https:\/\/moverdb.com\/sk\/wp-json\/wp\/v2\/pages\/11661\/revisions\/11665"}],"up":[{"embeddable":true,"href":"https:\/\/moverdb.com\/sk\/wp-json\/wp\/v2\/pages\/190"}],"wp:featuredmedia":[{"embeddable":true,"href":"https:\/\/moverdb.com\/sk\/wp-json\/wp\/v2\/media\/7421"}],"wp:attachment":[{"href":"https:\/\/moverdb.com\/sk\/wp-json\/wp\/v2\/media?parent=11661"}],"curies":[{"name":"wp","href":"https:\/\/api.w.org\/{rel}","templated":true}]}}