{"id":11659,"date":"2023-11-29T10:20:43","date_gmt":"2023-11-29T10:20:43","guid":{"rendered":"https:\/\/moverdb.com\/?page_id=11659"},"modified":"2026-01-08T15:23:50","modified_gmt":"2026-01-08T15:23:50","slug":"moving-companies-us-south-carolina","status":"publish","type":"page","link":"https:\/\/moverdb.com\/sk\/moving-companies\/moving-companies-us-south-carolina\/","title":{"rendered":"2 Najlep\u0161ie medzin\u00e1rodn\u00e9 s\u0165ahovacie spolo\u010dnosti v Ju\u017enej Karol\u00edne"},"content":{"rendered":"<p>S\u0165ahovanie m\u00f4\u017ee by\u0165 zdrvuj\u00face, preto\u017ee je potrebn\u00e9 urobi\u0165 ve\u013ea pr\u00e1ce, napr\u00edklad napl\u00e1nova\u0165, zabali\u0165, zabezpe\u010di\u0165 dopravu a v pr\u00edpade s\u0165ahovania do zahrani\u010dia aj coln\u00e9 konanie. A <a href=\"https:\/\/moverdb.com\/sk\/moving-companies\/\" data-internallinksmanager029f6b8e52c=\"79\" title=\"Top 25 medzin\u00e1rodn\u00fdch s\u0165ahovac\u00edch spolo\u010dnost\u00ed online\">s\u0165ahovacia spolo\u010dnos\u0165<\/a> v\u00e1m m\u00f4\u017ee pom\u00f4c\u0165 s niektor\u00fdmi alebo v\u0161etk\u00fdmi t\u00fdmito ot\u00e1zkami. Ni\u017e\u0161ie sme zostavili zoznam <a href=\"https:\/\/moverdb.com\/sk\/moving-to-the-united-states\/moving-to-south-carolina\/\" data-internallinksmanager029f6b8e52c=\"408\" title=\"S\u0165ahovanie do Ju\u017enej Karol\u00edny? 2026 N\u00e1klady na b\u00fdvanie a tipy na pres\u0165ahovanie\">Ju\u017en\u00e1 Karol\u00edna<\/a> na str\u00e1nke . <a href=\"https:\/\/moverdb.com\/sk\/international-removals\/\" data-internallinksmanager029f6b8e52c=\"27\" title=\"36 najlep\u0161\u00edch medzin\u00e1rodn\u00fdch s\u0165ahovac\u00edch spolo\u010dnost\u00ed v Spojenom kr\u00e1\u013eovstve\">s\u0165ahovacie spolo\u010dnosti<\/a> ktor\u00e9 s\u00fa \u010dlenmi <a href=\"https:\/\/moverdb.com\/sk\/iam\/\" data-internallinksmanager029f6b8e52c=\"23\" title=\"Vysvetlenie Medzin\u00e1rodnej asoci\u00e1cie s\u0165ahovate\u013eov (IAM)\">Medzin\u00e1rodn\u00e1 asoci\u00e1cia s\u0165ahovate\u013eov<\/a> (IAM) a\/alebo <a href=\"https:\/\/moverdb.com\/sk\/fidi-faim\/\" data-internallinksmanager029f6b8e52c=\"16\" title=\"Vysvetlenie FIDI a FAIM (FIDI akreditovan\u00fd medzin\u00e1rodn\u00fd prepravca)\">FIDI<\/a> Akreditovan\u00fd medzin\u00e1rodn\u00fd prepravca (FAIM), ktor\u00fd by v\u00e1m mohol pom\u00f4c\u0165 pri s\u0165ahovan\u00ed.<\/p>\n<h2><strong>1. Carrie International Freight Services<\/strong><\/h2>\n<p><img loading=\"lazy\" decoding=\"async\" class=\"alignnone size-full wp-image-11282\" src=\"https:\/\/moverdb.com\/wp-content\/uploads\/Carrie-International-Freight-Services-moving-company.png\" alt=\"Carrie International Freight Services pohybuj\u00face sa spolo\u010dnos\u0165\" width=\"1440\" height=\"675\" data-wp-pid=\"11282\" srcset=\"https:\/\/moverdb.com\/wp-content\/uploads\/Carrie-International-Freight-Services-moving-company.png 1440w, https:\/\/moverdb.com\/wp-content\/uploads\/Carrie-International-Freight-Services-moving-company-300x141.png 300w, https:\/\/moverdb.com\/wp-content\/uploads\/Carrie-International-Freight-Services-moving-company-1024x480.png 1024w, https:\/\/moverdb.com\/wp-content\/uploads\/Carrie-International-Freight-Services-moving-company-18x8.png 18w, https:\/\/moverdb.com\/wp-content\/uploads\/Carrie-International-Freight-Services-moving-company-600x281.png 600w\" sizes=\"auto, (max-width: 1440px) 100vw, 1440px\" \/><\/p>\n<ul>\n<li>Dovozn\u00e9 a v\u00fdvozn\u00e9 slu\u017eby<\/li>\n<li>Medzin\u00e1rodn\u00e1 n\u00e1kladn\u00e1 doprava<\/li>\n<li>S\u0165ahovanie dom\u00e1cnost\u00ed<\/li>\n<li>Obchodn\u00e1 n\u00e1kladn\u00e1 doprava<\/li>\n<li>Personalizovan\u00e9 slu\u017eby<\/li>\n<li>Manipul\u00e1cia pri preprave<\/li>\n<li>N\u00e1kladn\u00e1 n\u00e1morn\u00e1 doprava<\/li>\n<li>Coln\u00e9 sprostredkovanie<\/li>\n<li>Manipul\u00e1cia so staro\u017eitnos\u0165ami<\/li>\n<li><a href=\"https:\/\/moverdb.com\/sk\/car-transport-shipping\/\" data-internallinksmanager029f6b8e52c=\"2\" title=\"2026 Medzin\u00e1rodn\u00e1 preprava \u00e1ut a cit\u00e1cie prepravy vozidiel\">Preprava vozidiel<\/a><\/li>\n<\/ul>\n<p>Carrie International Freight Services je n\u00e1morn\u00e1 <a href=\"https:\/\/moverdb.com\/sk\/freight-forwarder\/\" data-internallinksmanager029f6b8e52c=\"17\" title=\"Sprievodca medzin\u00e1rodn\u00fdmi n\u00e1kladmi a spolo\u010dnos\u0165ami zasielate\u013estva a NVOCC\">zasielate\u013e<\/a> a coln\u00fd sprostredkovate\u013e so s\u00eddlom v Charlestone. Svoje slu\u017eby poskytuje na celom \u00fazem\u00ed <a href=\"https:\/\/moverdb.com\/sk\/moving-to-the-united-states\/\" data-internallinksmanager029f6b8e52c=\"94\" title=\"S\u0165ahujete sa do Spojen\u00fdch \u0161t\u00e1tov? 2022 \u017divotn\u00e9 n\u00e1klady a tipy na pres\u0165ahovanie\">US<\/a> a do mnoh\u00fdch kraj\u00edn sveta a z nich. S\u00fa \u010dlenom IAM, \u010do im umo\u017e\u0148uje pr\u00edstup k medzin\u00e1rodnej sieti s\u0165ahovac\u00edch agentov, s ktor\u00fdmi m\u00f4\u017eu spolupracova\u0165.<\/p>\n<p>Spolo\u010dnos\u0165 Carrie International Freight Services pon\u00faka individu\u00e1lne a profesion\u00e1lne slu\u017eby prisp\u00f4soben\u00e9 potreb\u00e1m svojich klientov. Poskytuj\u00fa prepravn\u00e9 slu\u017eby v\u00fdlu\u010dne n\u00e1mornou dopravou a spravuj\u00fa v\u0161etky slu\u017eby dovozu a v\u00fdvozu \u0161irokej \u0161k\u00e1ly tovarov vr\u00e1tane tovaru pre dom\u00e1cnos\u0165, staro\u017eitnost\u00ed a motorov\u00fdch vozidiel.<\/p>\n<p>Webov\u00e1 lokalita: <a href=\"http:\/\/www.cifservices.com\" target=\"_blank\" rel=\"noopener\">http:\/\/www.cifservices.com<\/a><\/p>\n<h2><strong>2. Nilson Van &amp; Storage<\/strong><\/h2>\n<p><img loading=\"lazy\" decoding=\"async\" class=\"alignnone size-full wp-image-11395\" src=\"https:\/\/moverdb.com\/wp-content\/uploads\/Nilson-Van-Storage-international-moving-company.png\" alt=\"Nilson Van &amp; Storage medzin\u00e1rodn\u00e1 s\u0165ahovacia spolo\u010dnos\u0165\" width=\"1440\" height=\"675\" data-wp-pid=\"11395\" srcset=\"https:\/\/moverdb.com\/wp-content\/uploads\/Nilson-Van-Storage-international-moving-company.png 1440w, https:\/\/moverdb.com\/wp-content\/uploads\/Nilson-Van-Storage-international-moving-company-300x141.png 300w, https:\/\/moverdb.com\/wp-content\/uploads\/Nilson-Van-Storage-international-moving-company-1024x480.png 1024w, https:\/\/moverdb.com\/wp-content\/uploads\/Nilson-Van-Storage-international-moving-company-18x8.png 18w, https:\/\/moverdb.com\/wp-content\/uploads\/Nilson-Van-Storage-international-moving-company-600x281.png 600w\" sizes=\"auto, (max-width: 1440px) 100vw, 1440px\" \/><\/p>\n<ul>\n<li>Miestne a dia\u013ekov\u00e9 presuny<\/li>\n<li>Medzin\u00e1rodn\u00e9 s\u0165ahovanie<\/li>\n<li>S\u0165ahovanie do obytn\u00fdch priestorov<\/li>\n<li>Komer\u010dn\u00e9 presuny<\/li>\n<li>Premiest\u0148ovanie firiem<\/li>\n<li>Baliace slu\u017eby<\/li>\n<li>Pozemn\u00e1, leteck\u00e1 a n\u00e1morn\u00e1 doprava<\/li>\n<li>Preprava vozidiel<\/li>\n<li>Poistenie<\/li>\n<li>Mo\u017enosti ukladania<\/li>\n<\/ul>\n<p>Nilson Van &amp; Storage je baliaca, s\u0165ahovacia a skladov\u00e1 spolo\u010dnos\u0165 zalo\u017een\u00e1 v roku 1938 so s\u00eddlom v Kolumbii v Ju\u017enej Karol\u00edne. Je s\u00fa\u010das\u0165ou spolo\u010dnosti Mayflower Movers, ktor\u00e1 roz\u0161iruje svoju sie\u0165 s\u0165ahovac\u00edch agentov, ktor\u00ed ju m\u00f4\u017eu podporova\u0165 pri poskytovan\u00ed svojich slu\u017eieb do viac ako 160 kraj\u00edn. S\u00fa \u010dlenom IAM s 85-ro\u010dn\u00fdmi sk\u00fasenos\u0165ami.<\/p>\n<p>Spolo\u010dnos\u0165 Nilson Van &amp; Storage poskytuje baliace slu\u017eby s kvalifikovan\u00fdmi s\u0165ahova\u010dmi, ktor\u00ed bezpe\u010dne zabalia va\u0161e veci a vypracuj\u00fa podrobn\u00fd s\u00fapis. Zabezpe\u010d\u00ed prepravu va\u0161ich vec\u00ed s inform\u00e1ciami o ich sledovan\u00ed, aby ste vedeli, kde sa va\u0161e veci nach\u00e1dzaj\u00fa.<\/p>\n<p>Webov\u00e1 lokalita: <a href=\"http:\/\/www.nilsonvan.com\/\" target=\"_blank\" rel=\"noopener\">http:\/\/www.nilsonvan.com\/<\/a><\/p>","protected":false},"excerpt":{"rendered":"<p>Moving can be overwhelming as there is so much to do such as planning, packing, arranging transport and if moving abroad customs handling. A moving company can assist you with some or all of this. Below we have compiled a list of South Carolina based removal companies that are members of the International Association of [&hellip;]<\/p>\n","protected":false},"author":4,"featured_media":11282,"parent":190,"menu_order":0,"comment_status":"closed","ping_status":"closed","template":"","meta":{"_genesis_hide_title":false,"_genesis_hide_breadcrumbs":false,"_genesis_hide_singular_image":false,"_genesis_hide_footer_widgets":false,"_genesis_custom_body_class":"","_genesis_custom_post_class":"","_genesis_layout":"","footnotes":""},"class_list":{"0":"post-11659","1":"page","2":"type-page","3":"status-publish","4":"has-post-thumbnail","6":"entry"},"_links":{"self":[{"href":"https:\/\/moverdb.com\/sk\/wp-json\/wp\/v2\/pages\/11659","targetHints":{"allow":["GET"]}}],"collection":[{"href":"https:\/\/moverdb.com\/sk\/wp-json\/wp\/v2\/pages"}],"about":[{"href":"https:\/\/moverdb.com\/sk\/wp-json\/wp\/v2\/types\/page"}],"author":[{"embeddable":true,"href":"https:\/\/moverdb.com\/sk\/wp-json\/wp\/v2\/users\/4"}],"replies":[{"embeddable":true,"href":"https:\/\/moverdb.com\/sk\/wp-json\/wp\/v2\/comments?post=11659"}],"version-history":[{"count":1,"href":"https:\/\/moverdb.com\/sk\/wp-json\/wp\/v2\/pages\/11659\/revisions"}],"predecessor-version":[{"id":11660,"href":"https:\/\/moverdb.com\/sk\/wp-json\/wp\/v2\/pages\/11659\/revisions\/11660"}],"up":[{"embeddable":true,"href":"https:\/\/moverdb.com\/sk\/wp-json\/wp\/v2\/pages\/190"}],"wp:featuredmedia":[{"embeddable":true,"href":"https:\/\/moverdb.com\/sk\/wp-json\/wp\/v2\/media\/11282"}],"wp:attachment":[{"href":"https:\/\/moverdb.com\/sk\/wp-json\/wp\/v2\/media?parent=11659"}],"curies":[{"name":"wp","href":"https:\/\/api.w.org\/{rel}","templated":true}]}}