{"id":11651,"date":"2023-11-29T10:38:44","date_gmt":"2023-11-29T10:38:44","guid":{"rendered":"https:\/\/moverdb.com\/?page_id=11651"},"modified":"2026-01-08T15:24:50","modified_gmt":"2026-01-08T15:24:50","slug":"moving-companies-us-pennsylvania","status":"publish","type":"page","link":"https:\/\/moverdb.com\/sk\/moving-companies\/moving-companies-us-pennsylvania\/","title":{"rendered":"4 Najlep\u0161ie medzin\u00e1rodn\u00e9 s\u0165ahovacie spolo\u010dnosti v Pensylv\u00e1nii"},"content":{"rendered":"<p>Pri s\u0165ahovan\u00ed je potrebn\u00e9 urobi\u0165 ve\u013ea pr\u00e1ce, napr\u00edklad zorganizova\u0165, zabali\u0165, zabezpe\u010di\u0165 prepravu a vybavi\u0165 coln\u00e9 z\u00e1le\u017eitosti, ak sa s\u0165ahujete do zahrani\u010dia, ale nemus\u00edte to robi\u0165 sami. A <a href=\"https:\/\/moverdb.com\/sk\/moving-companies\/\" data-internallinksmanager029f6b8e52c=\"79\" title=\"Top 25 medzin\u00e1rodn\u00fdch s\u0165ahovac\u00edch spolo\u010dnost\u00ed online\">s\u0165ahovacia spolo\u010dnos\u0165<\/a> v\u00e1m m\u00f4\u017ee pom\u00f4c\u0165 so v\u0161etk\u00fdmi alebo niektor\u00fdmi z t\u00fdchto \u00faloh, ktor\u00e9 v\u00e1m u\u013eah\u010dia s\u0165ahovanie. Ni\u017e\u0161ie sme zostavili zoznam <a href=\"https:\/\/moverdb.com\/sk\/moving-to-the-united-states\/moving-to-pennsylvania\/\" data-internallinksmanager029f6b8e52c=\"404\" title=\"S\u0165ahujete sa do Pensylv\u00e1nie? 2026 N\u00e1klady na b\u00fdvanie a tipy na pres\u0165ahovanie\">Pennsylv\u00e1nia<\/a> na str\u00e1nke . <a href=\"https:\/\/moverdb.com\/sk\/international-removals\/\" data-internallinksmanager029f6b8e52c=\"27\" title=\"36 najlep\u0161\u00edch medzin\u00e1rodn\u00fdch s\u0165ahovac\u00edch spolo\u010dnost\u00ed v Spojenom kr\u00e1\u013eovstve\">s\u0165ahovacie spolo\u010dnosti<\/a> ktor\u00e9 s\u00fa \u010dlenmi <a href=\"https:\/\/moverdb.com\/sk\/iam\/\" data-internallinksmanager029f6b8e52c=\"23\" title=\"Vysvetlenie Medzin\u00e1rodnej asoci\u00e1cie s\u0165ahovate\u013eov (IAM)\">Medzin\u00e1rodn\u00e1 asoci\u00e1cia s\u0165ahovate\u013eov<\/a> (IAM) a\/alebo <a href=\"https:\/\/moverdb.com\/sk\/fidi-faim\/\" data-internallinksmanager029f6b8e52c=\"16\" title=\"Vysvetlenie FIDI a FAIM (FIDI akreditovan\u00fd medzin\u00e1rodn\u00fd prepravca)\">FIDI<\/a> Akreditovan\u00fd medzin\u00e1rodn\u00fd prepravca (FAIM), ktor\u00fd by v\u00e1m mohol pom\u00f4c\u0165 pri s\u0165ahovan\u00ed.<\/p>\n<div id=\"ez-toc-container\" class=\"ez-toc-v2_0_82_2 ez-toc-wrap-left counter-hierarchy ez-toc-counter ez-toc-transparent ez-toc-container-direction\">\n<div class=\"ez-toc-title-container\">\n<p class=\"ez-toc-title\" style=\"cursor:inherit\">Sekcie<\/p>\n<span class=\"ez-toc-title-toggle\"><a href=\"#\" class=\"ez-toc-pull-right ez-toc-btn ez-toc-btn-xs ez-toc-btn-default ez-toc-toggle\" aria-label=\"Prep\u00ednanie tabu\u013eky obsahu\"><span class=\"ez-toc-js-icon-con\"><span class=\"\"><span class=\"eztoc-hide\" style=\"display:none;\">Prep\u00edna\u010d<\/span><span class=\"ez-toc-icon-toggle-span\"><svg style=\"fill: #999;color:#999\" xmlns=\"http:\/\/www.w3.org\/2000\/svg\" class=\"list-377408\" width=\"20px\" height=\"20px\" viewbox=\"0 0 24 24\" fill=\"none\"><path d=\"M6 6H4v2h2V6zm14 0H8v2h12V6zM4 11h2v2H4v-2zm16 0H8v2h12v-2zM4 16h2v2H4v-2zm16 0H8v2h12v-2z\" fill=\"currentColor\"><\/path><\/svg><svg style=\"fill: #999;color:#999\" class=\"arrow-unsorted-368013\" xmlns=\"http:\/\/www.w3.org\/2000\/svg\" width=\"10px\" height=\"10px\" viewbox=\"0 0 24 24\" version=\"1.2\" baseprofile=\"tiny\"><path d=\"M18.2 9.3l-6.2-6.3-6.2 6.3c-.2.2-.3.4-.3.7s.1.5.3.7c.2.2.4.3.7.3h11c.3 0 .5-.1.7-.3.2-.2.3-.5.3-.7s-.1-.5-.3-.7zM5.8 14.7l6.2 6.3 6.2-6.3c.2-.2.3-.5.3-.7s-.1-.5-.3-.7c-.2-.2-.4-.3-.7-.3h-11c-.3 0-.5.1-.7.3-.2.2-.3.5-.3.7s.1.5.3.7z\"\/><\/svg><\/span><\/span><\/span><\/a><\/span><\/div>\n<nav><ul class='ez-toc-list ez-toc-list-level-1 eztoc-toggle-hide-by-default' ><li class='ez-toc-page-1 ez-toc-heading-level-2'><a class=\"ez-toc-link ez-toc-heading-1\" href=\"https:\/\/moverdb.com\/sk\/moving-companies\/moving-companies-us-pennsylvania\/#1_Aires\" >1. Aires<\/a><\/li><li class='ez-toc-page-1 ez-toc-heading-level-2'><a class=\"ez-toc-link ez-toc-heading-2\" href=\"https:\/\/moverdb.com\/sk\/moving-companies\/moving-companies-us-pennsylvania\/#2_Champion_International_Moving\" >2. Champion International Moving<\/a><\/li><li class='ez-toc-page-1 ez-toc-heading-level-2'><a class=\"ez-toc-link ez-toc-heading-3\" href=\"https:\/\/moverdb.com\/sk\/moving-companies\/moving-companies-us-pennsylvania\/#3_Movers_Specialty_Service\" >3. \u0160peci\u00e1lne slu\u017eby pre s\u0165ahovate\u013eov<\/a><\/li><li class='ez-toc-page-1 ez-toc-heading-level-2'><a class=\"ez-toc-link ez-toc-heading-4\" href=\"https:\/\/moverdb.com\/sk\/moving-companies\/moving-companies-us-pennsylvania\/#4_Reads_Moving_Systems\" >4. \u010c\u00edta pohybliv\u00e9 syst\u00e9my<\/a><\/li><\/ul><\/nav><\/div>\n<h2><span class=\"ez-toc-section\" id=\"1_Aires\"><\/span><strong>1. Aires<\/strong><span class=\"ez-toc-section-end\"><\/span><\/h2>\n<p><img loading=\"lazy\" decoding=\"async\" class=\"alignnone size-full wp-image-11247\" src=\"https:\/\/moverdb.com\/wp-content\/uploads\/Aires-international-moving-company.png\" alt=\"Aires medzin\u00e1rodn\u00e9 s\u0165ahovanie spolo\u010dnos\u0165\" width=\"1440\" height=\"678\" data-wp-pid=\"11247\" srcset=\"https:\/\/moverdb.com\/wp-content\/uploads\/Aires-international-moving-company.png 1440w, https:\/\/moverdb.com\/wp-content\/uploads\/Aires-international-moving-company-300x141.png 300w, https:\/\/moverdb.com\/wp-content\/uploads\/Aires-international-moving-company-1024x482.png 1024w, https:\/\/moverdb.com\/wp-content\/uploads\/Aires-international-moving-company-18x8.png 18w, https:\/\/moverdb.com\/wp-content\/uploads\/Aires-international-moving-company-600x283.png 600w\" sizes=\"auto, (max-width: 1440px) 100vw, 1440px\" \/><\/p>\n<ul>\n<li>Vn\u00fatro\u0161t\u00e1tne premiestnenia<\/li>\n<li>Medzin\u00e1rodn\u00e9 premiestnenia<\/li>\n<li>Premiest\u0148ovanie dom\u00e1cnost\u00ed<\/li>\n<li>Premiest\u0148ovanie zamestnancov<\/li>\n<li>Odletov\u00e9 slu\u017eby<\/li>\n<li>Cie\u013eov\u00e9 a usadzovacie slu\u017eby<\/li>\n<li>Imigra\u010dn\u00e9 slu\u017eby<\/li>\n<li>Realitn\u00e9 slu\u017eby<\/li>\n<li>Vyh\u013ead\u00e1vanie v \u0161kol\u00e1ch<\/li>\n<li>Kult\u00farna a jazykov\u00e1 pr\u00edprava<\/li>\n<\/ul>\n<p>Aires je spolo\u010dnos\u0165 zalo\u017een\u00e1 v roku 1981 so s\u00eddlom v Pittsburghu a \u010fal\u0161\u00edmi piatimi mestami. <a href=\"https:\/\/moverdb.com\/sk\/moving-to-the-united-states\/\" data-internallinksmanager029f6b8e52c=\"94\" title=\"S\u0165ahujete sa do Spojen\u00fdch \u0161t\u00e1tov? 2022 \u017divotn\u00e9 n\u00e1klady a tipy na pres\u0165ahovanie\">US<\/a> kancel\u00e1rie a medzin\u00e1rodn\u00e9 kancel\u00e1rie v <a href=\"https:\/\/moverdb.com\/sk\/moving-to-hong-kong\/\" data-internallinksmanager029f6b8e52c=\"350\" title=\"S\u0165ahujete sa do Hongkongu? 2026 N\u00e1klady na b\u00fdvanie a tipy na pres\u0165ahovanie\">Hongkong<\/a>, Lond\u00fdn, <a href=\"https:\/\/moverdb.com\/sk\/moving-to-singapore\/\" data-internallinksmanager029f6b8e52c=\"68\" title=\"S\u0165ahovanie do Singapuru? 2022 \u017divotn\u00e9 n\u00e1klady a tipy na pres\u0165ahovanie\">Singapur<\/a>, \u0160anghaji a Bombaji. Na podporu maj\u00fa rozsiahlu sie\u0165 d\u00f4veryhodn\u00fdch poskytovate\u013eov slu\u017eieb. S\u00fa \u010dlenom IAM so 42-ro\u010dn\u00fdmi sk\u00fasenos\u0165ami a maj\u00fa akredit\u00e1ciu FIDI.<\/p>\n<p>Spolo\u010dnos\u0165 Aires sa \u0161pecializuje na podporu spolo\u010dnost\u00ed pri s\u0165ahovan\u00ed ich zamestnancov a poskytuje \u0161irok\u00fa \u0161k\u00e1lu slu\u017eieb, ktor\u00e9 pom\u00e1haj\u00fa zamestnancom pri s\u0165ahovan\u00ed a usadzovan\u00ed sa v novom domove. Ich slu\u017eby zah\u0155\u0148aj\u00fa slu\u017eby spojen\u00e9 s odchodom, ako je s\u0165ahovanie a imigr\u00e1cia, a slu\u017eby spojen\u00e9 s cie\u013eovou destin\u00e1ciou, ako je h\u013eadanie domova a \u0161koly.<\/p>\n<p>Webov\u00e1 lokalita: <a href=\"https:\/\/www.aires.com\/\" target=\"_blank\" rel=\"noopener\">https:\/\/www.aires.com\/<\/a><\/p>\n<h2><span class=\"ez-toc-section\" id=\"2_Champion_International_Moving\"><\/span><strong>2. Champion International Moving<\/strong><span class=\"ez-toc-section-end\"><\/span><\/h2>\n<p><img loading=\"lazy\" decoding=\"async\" class=\"alignnone size-full wp-image-11285\" src=\"https:\/\/moverdb.com\/wp-content\/uploads\/Champion-International-Moving-company.png\" alt=\"Champion Medzin\u00e1rodn\u00e1 s\u0165ahovacia spolo\u010dnos\u0165\" width=\"1440\" height=\"676\" data-wp-pid=\"11285\" srcset=\"https:\/\/moverdb.com\/wp-content\/uploads\/Champion-International-Moving-company.png 1440w, https:\/\/moverdb.com\/wp-content\/uploads\/Champion-International-Moving-company-300x141.png 300w, https:\/\/moverdb.com\/wp-content\/uploads\/Champion-International-Moving-company-1024x481.png 1024w, https:\/\/moverdb.com\/wp-content\/uploads\/Champion-International-Moving-company-18x8.png 18w, https:\/\/moverdb.com\/wp-content\/uploads\/Champion-International-Moving-company-600x282.png 600w\" sizes=\"auto, (max-width: 1440px) 100vw, 1440px\" \/><\/p>\n<ul>\n<li>N\u00e1rodn\u00e9 presuny<\/li>\n<li>Medzin\u00e1rodn\u00e9 s\u0165ahovanie<\/li>\n<li>S\u0165ahovanie do obytn\u00fdch priestorov<\/li>\n<li>Obchodn\u00e9 kroky<\/li>\n<li>\u0160pecialista na premiest\u0148ovanie<\/li>\n<li>Baliace slu\u017eby<\/li>\n<li>Pohyb dom\u00e1cich zvierat<\/li>\n<li>Preprava vozidiel<\/li>\n<li>Poistenie<\/li>\n<li>Slu\u017eby skladovania<\/li>\n<\/ul>\n<p>Spolo\u010dnos\u0165 Champion International Moving bola zalo\u017een\u00e1 v roku 1991 a s\u00eddli v Pittsburghu. Je s\u00fa\u010das\u0165ou <a href=\"https:\/\/moverdb.com\/sk\/harmony-relocation-network\/\" data-internallinksmanager029f6b8e52c=\"20\" title=\"Vysvetlenie siete Harmony Relocation Network (HRN)\">Harmony Relocation Network<\/a> \u010do znamen\u00e1, \u017ee pracuj\u00fa spolo\u010densky zodpovedne a maj\u00fa sie\u0165 s\u0165ahovac\u00edch spolo\u010dnost\u00ed, s ktor\u00fdmi spolupracuj\u00fa rovnako. S\u00fa \u010dlenom IAM s 32-ro\u010dn\u00fdmi sk\u00fasenos\u0165ami a maj\u00fa akredit\u00e1ciu FIDI.<\/p>\n<p>Spolo\u010dnos\u0165 Champion International Moving pon\u00faka vn\u00fatro\u0161t\u00e1tne a medzin\u00e1rodn\u00e9 s\u0165ahovanie pre reziden\u010dn\u00fdch a firemn\u00fdch klientov s jedin\u00fdm kontaktn\u00fdm bodom, ktor\u00fd je \u0161pecializovan\u00fdm \u0161pecialistom na s\u0165ahovanie. Poskytuj\u00fa baliace slu\u017eby na ochranu va\u0161ich vec\u00ed, zabezpe\u010dia prepravu a po pr\u00edchode na miesto ich vylo\u017eia.<\/p>\n<p>Webov\u00e1 lokalita: <a href=\"http:\/\/www.champmove.com\" target=\"_blank\" rel=\"noopener\">http:\/\/www.champmove.com<\/a><\/p>\n<h2><span class=\"ez-toc-section\" id=\"3_Movers_Specialty_Service\"><\/span><strong>3. \u0160peci\u00e1lne slu\u017eby pre s\u0165ahovate\u013eov<\/strong><span class=\"ez-toc-section-end\"><\/span><\/h2>\n<p><img loading=\"lazy\" decoding=\"async\" class=\"alignnone size-full wp-image-11384\" src=\"https:\/\/moverdb.com\/wp-content\/uploads\/Movers-Specialty-Service-international-moving-company.png\" alt=\"Movers Specialty Service medzin\u00e1rodn\u00e9 s\u0165ahovanie spolo\u010dnos\u0165\" width=\"1440\" height=\"677\" data-wp-pid=\"11384\" srcset=\"https:\/\/moverdb.com\/wp-content\/uploads\/Movers-Specialty-Service-international-moving-company.png 1440w, https:\/\/moverdb.com\/wp-content\/uploads\/Movers-Specialty-Service-international-moving-company-300x141.png 300w, https:\/\/moverdb.com\/wp-content\/uploads\/Movers-Specialty-Service-international-moving-company-1024x481.png 1024w, https:\/\/moverdb.com\/wp-content\/uploads\/Movers-Specialty-Service-international-moving-company-18x8.png 18w, https:\/\/moverdb.com\/wp-content\/uploads\/Movers-Specialty-Service-international-moving-company-600x282.png 600w\" sizes=\"auto, (max-width: 1440px) 100vw, 1440px\" \/><\/p>\n<ul>\n<li>Vn\u00fatro\u0161t\u00e1tne slu\u017eby<\/li>\n<li>S\u0165ahovacie slu\u017eby pre dom\u00e1cnosti<\/li>\n<li>Komer\u010dn\u00e9 s\u0165ahovacie slu\u017eby<\/li>\n<li>Riadenie s\u0165ahovania na mieste<\/li>\n<li>Slu\u017eby spojen\u00e9 s balen\u00edm<\/li>\n<li>Manipul\u00e1cia s v\u00fdtvarn\u00fdm umen\u00edm<\/li>\n<li>Demont\u00e1\u017e a mont\u00e1\u017e n\u00e1bytku<\/li>\n<li>Slu\u017eby demont\u00e1\u017ee a in\u0161tal\u00e1cie<\/li>\n<li>\u0160pecializovan\u00e9 polo\u017eky pohybuj\u00face sa slu\u017eby<\/li>\n<li>Slu\u017eba upratovania<\/li>\n<\/ul>\n<p>Movers Specialty Service je spolo\u010dnos\u0165 so s\u00eddlom v Montgomeryville, ktor\u00e1 bola zalo\u017een\u00e1 v roku 1978 a poskytuje s\u0165ahovacie slu\u017eby tret\u00edm stran\u00e1m. Poskytuje slu\u017eby po cel\u00fdch USA s vyu\u017eit\u00edm starostlivo vybranej siete vy\u0161kolen\u00fdch odborn\u00edkov. S\u00fa \u010dlenom IAM so 45-ro\u010dn\u00fdmi sk\u00fasenos\u0165ami.<\/p>\n<p>Movers Specialty Service poskytuje \u0161pecializovan\u00e9 podporn\u00e9 slu\u017eby pre s\u0165ahovate\u013eov a s\u0165ahovacie spolo\u010dnosti v mieste ich p\u00f4vodu alebo ur\u010denia v r\u00e1mci USA. Pon\u00fakaj\u00fa \u0161pecializovan\u00e9 s\u0165ahovacie slu\u017eby, ktor\u00e9 zah\u0155\u0148aj\u00fa odpojenie\/pripojenie spotrebi\u010dov, demont\u00e1\u017e\/mont\u00e1\u017e zariaden\u00ed a n\u00e1bytku, demont\u00e1\u017e\/mont\u00e1\u017e telev\u00edzorov, demont\u00e1\u017e\/in\u0161tal\u00e1ciu pr\u00edslu\u0161enstva a balenie tovaru. Dok\u00e1\u017eu pres\u0165ahova\u0165 aj krehk\u00e9 a objemn\u00e9 predmety, ako s\u00fa klav\u00edry a dedkove hodiny.<\/p>\n<p>Webov\u00e1 lokalita: <a href=\"http:\/\/mss1.com\" target=\"_blank\" rel=\"noopener\">http:\/\/mss1.com<\/a><\/p>\n<h2><span class=\"ez-toc-section\" id=\"4_Reads_Moving_Systems\"><\/span><strong>4. \u010c\u00edta pohybliv\u00e9 syst\u00e9my<\/strong><span class=\"ez-toc-section-end\"><\/span><\/h2>\n<p><img loading=\"lazy\" decoding=\"async\" class=\"alignnone size-full wp-image-11418\" src=\"https:\/\/moverdb.com\/wp-content\/uploads\/Reads-Moving-Systems-international-moving-company.png\" alt=\"\u010c\u00edta Moving Systems medzin\u00e1rodn\u00e9 s\u0165ahovanie spolo\u010dnos\u0165\" width=\"1440\" height=\"677\" data-wp-pid=\"11418\" srcset=\"https:\/\/moverdb.com\/wp-content\/uploads\/Reads-Moving-Systems-international-moving-company.png 1440w, https:\/\/moverdb.com\/wp-content\/uploads\/Reads-Moving-Systems-international-moving-company-300x141.png 300w, https:\/\/moverdb.com\/wp-content\/uploads\/Reads-Moving-Systems-international-moving-company-1024x481.png 1024w, https:\/\/moverdb.com\/wp-content\/uploads\/Reads-Moving-Systems-international-moving-company-18x8.png 18w, https:\/\/moverdb.com\/wp-content\/uploads\/Reads-Moving-Systems-international-moving-company-600x282.png 600w\" sizes=\"auto, (max-width: 1440px) 100vw, 1440px\" \/><\/p>\n<ul>\n<li>Miestne s\u0165ahovanie<\/li>\n<li>Medzin\u00e1rodn\u00e9 s\u0165ahovanie<\/li>\n<li>S\u0165ahovanie dom\u00e1cnost\u00ed<\/li>\n<li>S\u0165ahovanie kancel\u00e1rskych a priemyseln\u00fdch priestorov<\/li>\n<li>Pl\u00e1novanie pred s\u0165ahovan\u00edm<\/li>\n<li>Baliace slu\u017eby<\/li>\n<li>Umiestnenie na<\/li>\n<li>Zabezpe\u010denie prepravy<\/li>\n<li>Slu\u017eby p\u00f4vodu a ur\u010denia<\/li>\n<li>Skladovacie zariadenia<\/li>\n<\/ul>\n<p>Reads Moving Systems je pohybliv\u00e1 a skladov\u00e1 spolo\u010dnos\u0165 zalo\u017een\u00e1 v roku 1937 so s\u00eddlom v Huntingdon Valley a pobo\u010dkami aj v <a href=\"https:\/\/moverdb.com\/sk\/moving-to-the-united-states\/moving-to-florida\/\" data-internallinksmanager029f6b8e52c=\"331\" title=\"S\u0165ahovanie na Floridu? 2026 N\u00e1klady na b\u00fdvanie a tipy na pres\u0165ahovanie\">Florida<\/a> a <a href=\"https:\/\/moverdb.com\/sk\/moving-to-the-united-states\/moving-to-georgia\/\" data-internallinksmanager029f6b8e52c=\"402\" title=\"S\u0165ahovanie do Gruz\u00ednska? 2026 N\u00e1klady na b\u00fdvanie a tipy na pres\u0165ahovanie\">Georgia<\/a>. S\u00fa agentom spolo\u010dnosti Atlas Van Lines, \u010do im poskytuje sie\u0165 s\u0165ahovac\u00edch spolo\u010dnost\u00ed, s ktor\u00fdmi m\u00f4\u017eu spolupracova\u0165. S\u00fa \u010dlenom IAM s 50-ro\u010dn\u00fdmi sk\u00fasenos\u0165ami.<\/p>\n<p>Spolo\u010dnos\u0165 Reads Moving Systems pon\u00faka konkurencieschopn\u00e9 ceny za svoje s\u0165ahovacie slu\u017eby. Poskytuj\u00fa pl\u00e1novanie pred s\u0165ahovan\u00edm so svojimi koordin\u00e1tormi pre riadenie s\u0165ahovania, ktor\u00ed sa postaraj\u00fa o va\u0161e s\u0165ahovanie. Pon\u00fakaj\u00fa baliace a baliace slu\u017eby na ochranu va\u0161ich vec\u00ed a pri medzin\u00e1rodn\u00fdch s\u0165ahovaniach ich nalo\u017eia do kontajnera.<\/p>\n<p>Webov\u00e1 lokalita: <a href=\"http:\/\/www.readsmoving.com\" target=\"_blank\" rel=\"noopener\">http:\/\/www.readsmoving.com<\/a><\/p>","protected":false},"excerpt":{"rendered":"<p>When you are moving there is so much to do like organising, packing, arranging transportation and managing customs if moving abroad, but you don\u2019t have to do this alone. A moving company can help with all or some of these tasks to make moving easier. Below we have compiled a list of Pennsylvania based removal [&hellip;]<\/p>\n","protected":false},"author":4,"featured_media":11247,"parent":190,"menu_order":0,"comment_status":"closed","ping_status":"closed","template":"","meta":{"_genesis_hide_title":false,"_genesis_hide_breadcrumbs":false,"_genesis_hide_singular_image":false,"_genesis_hide_footer_widgets":false,"_genesis_custom_body_class":"","_genesis_custom_post_class":"","_genesis_layout":"","footnotes":""},"class_list":{"0":"post-11651","1":"page","2":"type-page","3":"status-publish","4":"has-post-thumbnail","6":"entry"},"_links":{"self":[{"href":"https:\/\/moverdb.com\/sk\/wp-json\/wp\/v2\/pages\/11651","targetHints":{"allow":["GET"]}}],"collection":[{"href":"https:\/\/moverdb.com\/sk\/wp-json\/wp\/v2\/pages"}],"about":[{"href":"https:\/\/moverdb.com\/sk\/wp-json\/wp\/v2\/types\/page"}],"author":[{"embeddable":true,"href":"https:\/\/moverdb.com\/sk\/wp-json\/wp\/v2\/users\/4"}],"replies":[{"embeddable":true,"href":"https:\/\/moverdb.com\/sk\/wp-json\/wp\/v2\/comments?post=11651"}],"version-history":[{"count":2,"href":"https:\/\/moverdb.com\/sk\/wp-json\/wp\/v2\/pages\/11651\/revisions"}],"predecessor-version":[{"id":11653,"href":"https:\/\/moverdb.com\/sk\/wp-json\/wp\/v2\/pages\/11651\/revisions\/11653"}],"up":[{"embeddable":true,"href":"https:\/\/moverdb.com\/sk\/wp-json\/wp\/v2\/pages\/190"}],"wp:featuredmedia":[{"embeddable":true,"href":"https:\/\/moverdb.com\/sk\/wp-json\/wp\/v2\/media\/11247"}],"wp:attachment":[{"href":"https:\/\/moverdb.com\/sk\/wp-json\/wp\/v2\/media?parent=11651"}],"curies":[{"name":"wp","href":"https:\/\/api.w.org\/{rel}","templated":true}]}}