{"id":11648,"date":"2023-11-29T10:50:54","date_gmt":"2023-11-29T10:50:54","guid":{"rendered":"https:\/\/moverdb.com\/?page_id=11648"},"modified":"2026-01-08T15:29:25","modified_gmt":"2026-01-08T15:29:25","slug":"moving-companies-us-ohio","status":"publish","type":"page","link":"https:\/\/moverdb.com\/sk\/moving-companies\/moving-companies-us-ohio\/","title":{"rendered":"6 Najlep\u0161ie medzin\u00e1rodn\u00e9 s\u0165ahovacie spolo\u010dnosti v Ohiu"},"content":{"rendered":"<p>Pl\u00e1nujete s\u0165ahovanie? Potom mo\u017eno budete chcie\u0165 vyu\u017ei\u0165 slu\u017eby <a href=\"https:\/\/moverdb.com\/sk\/moving-companies\/\" data-internallinksmanager029f6b8e52c=\"79\" title=\"Top 25 medzin\u00e1rodn\u00fdch s\u0165ahovac\u00edch spolo\u010dnost\u00ed online\">s\u0165ahovacia spolo\u010dnos\u0165<\/a> zn\u00ed\u017ei\u0165 pracovn\u00e9 za\u0165a\u017eenie a tlak spojen\u00fd so s\u0165ahovan\u00edm. Dok\u00e1\u017eu zorganizova\u0165, zabali\u0165 a prepravi\u0165 va\u0161e veci, ako aj vybavi\u0165 coln\u00e9 z\u00e1le\u017eitosti, ak sa s\u0165ahujete do inej krajiny. Ni\u017e\u0161ie sme zostavili zoznam <a href=\"https:\/\/moverdb.com\/sk\/moving-to-the-united-states\/moving-to-ohio\/\" data-internallinksmanager029f6b8e52c=\"409\" title=\"S\u0165ahujete sa do Ohia? 2026 N\u00e1klady na b\u00fdvanie a tipy na pres\u0165ahovanie\">Ohio<\/a> na str\u00e1nke . <a href=\"https:\/\/moverdb.com\/sk\/international-removals\/\" data-internallinksmanager029f6b8e52c=\"27\" title=\"36 najlep\u0161\u00edch medzin\u00e1rodn\u00fdch s\u0165ahovac\u00edch spolo\u010dnost\u00ed v Spojenom kr\u00e1\u013eovstve\">s\u0165ahovacie spolo\u010dnosti<\/a> ktor\u00e9 s\u00fa \u010dlenmi <a href=\"https:\/\/moverdb.com\/sk\/iam\/\" data-internallinksmanager029f6b8e52c=\"23\" title=\"Vysvetlenie Medzin\u00e1rodnej asoci\u00e1cie s\u0165ahovate\u013eov (IAM)\">Medzin\u00e1rodn\u00e1 asoci\u00e1cia s\u0165ahovate\u013eov<\/a> (IAM) a\/alebo <a href=\"https:\/\/moverdb.com\/sk\/fidi-faim\/\" data-internallinksmanager029f6b8e52c=\"16\" title=\"Vysvetlenie FIDI a FAIM (FIDI akreditovan\u00fd medzin\u00e1rodn\u00fd prepravca)\">FIDI<\/a> Akreditovan\u00fd medzin\u00e1rodn\u00fd prepravca (FAIM), ktor\u00fd by v\u00e1m mohol pom\u00f4c\u0165 pri s\u0165ahovan\u00ed.<\/p>\n<div id=\"ez-toc-container\" class=\"ez-toc-v2_0_82_2 ez-toc-wrap-left counter-hierarchy ez-toc-counter ez-toc-transparent ez-toc-container-direction\">\n<div class=\"ez-toc-title-container\">\n<p class=\"ez-toc-title\" style=\"cursor:inherit\">Sekcie<\/p>\n<span class=\"ez-toc-title-toggle\"><a href=\"#\" class=\"ez-toc-pull-right ez-toc-btn ez-toc-btn-xs ez-toc-btn-default ez-toc-toggle\" aria-label=\"Prep\u00ednanie tabu\u013eky obsahu\"><span class=\"ez-toc-js-icon-con\"><span class=\"\"><span class=\"eztoc-hide\" style=\"display:none;\">Prep\u00edna\u010d<\/span><span class=\"ez-toc-icon-toggle-span\"><svg style=\"fill: #999;color:#999\" xmlns=\"http:\/\/www.w3.org\/2000\/svg\" class=\"list-377408\" width=\"20px\" height=\"20px\" viewbox=\"0 0 24 24\" fill=\"none\"><path d=\"M6 6H4v2h2V6zm14 0H8v2h12V6zM4 11h2v2H4v-2zm16 0H8v2h12v-2zM4 16h2v2H4v-2zm16 0H8v2h12v-2z\" fill=\"currentColor\"><\/path><\/svg><svg style=\"fill: #999;color:#999\" class=\"arrow-unsorted-368013\" xmlns=\"http:\/\/www.w3.org\/2000\/svg\" width=\"10px\" height=\"10px\" viewbox=\"0 0 24 24\" version=\"1.2\" baseprofile=\"tiny\"><path d=\"M18.2 9.3l-6.2-6.3-6.2 6.3c-.2.2-.3.4-.3.7s.1.5.3.7c.2.2.4.3.7.3h11c.3 0 .5-.1.7-.3.2-.2.3-.5.3-.7s-.1-.5-.3-.7zM5.8 14.7l6.2 6.3 6.2-6.3c.2-.2.3-.5.3-.7s-.1-.5-.3-.7c-.2-.2-.4-.3-.7-.3h-11c-.3 0-.5.1-.7.3-.2.2-.3.5-.3.7s.1.5.3.7z\"\/><\/svg><\/span><\/span><\/span><\/a><\/span><\/div>\n<nav><ul class='ez-toc-list ez-toc-list-level-1 eztoc-toggle-hide-by-default' ><li class='ez-toc-page-1 ez-toc-heading-level-2'><a class=\"ez-toc-link ez-toc-heading-1\" href=\"https:\/\/moverdb.com\/sk\/moving-companies\/moving-companies-us-ohio\/#1_Andrews_Moving_Storage\" >1. Andrews Moving &amp; Storage<\/a><\/li><li class='ez-toc-page-1 ez-toc-heading-level-2'><a class=\"ez-toc-link ez-toc-heading-2\" href=\"https:\/\/moverdb.com\/sk\/moving-companies\/moving-companies-us-ohio\/#2_Corrigan_Moving_Systems\" >2. Corrigan Moving Systems<\/a><\/li><li class='ez-toc-page-1 ez-toc-heading-level-2'><a class=\"ez-toc-link ez-toc-heading-3\" href=\"https:\/\/moverdb.com\/sk\/moving-companies\/moving-companies-us-ohio\/#3_CSNS_Relocation_Services\" >3. Slu\u017eby CSNS v oblasti premiest\u0148ovania<\/a><\/li><li class='ez-toc-page-1 ez-toc-heading-level-2'><a class=\"ez-toc-link ez-toc-heading-4\" href=\"https:\/\/moverdb.com\/sk\/moving-companies\/moving-companies-us-ohio\/#4_Letz_Get_Moving\" >4. Letz Get Moving<\/a><\/li><li class='ez-toc-page-1 ez-toc-heading-level-2'><a class=\"ez-toc-link ez-toc-heading-5\" href=\"https:\/\/moverdb.com\/sk\/moving-companies\/moving-companies-us-ohio\/#5_Moving_Ahead_Services\" >5. Slu\u017eby Moving Ahead<\/a><\/li><li class='ez-toc-page-1 ez-toc-heading-level-2'><a class=\"ez-toc-link ez-toc-heading-6\" href=\"https:\/\/moverdb.com\/sk\/moving-companies\/moving-companies-us-ohio\/#6_Planes_Moving_Storage\" >6. Planes Moving &amp; Storage<\/a><\/li><\/ul><\/nav><\/div>\n<h2><span class=\"ez-toc-section\" id=\"1_Andrews_Moving_Storage\"><\/span><strong>1. Andrews Moving &amp; Storage<\/strong><span class=\"ez-toc-section-end\"><\/span><\/h2>\n<p><img loading=\"lazy\" decoding=\"async\" class=\"alignnone size-full wp-image-11255\" src=\"https:\/\/moverdb.com\/wp-content\/uploads\/Andrews-Moving-Storage-international-moving-company.png\" alt=\"Andrews Moving &amp; Storage medzin\u00e1rodn\u00e9 s\u0165ahovanie spolo\u010dnos\u0165\" width=\"1440\" height=\"679\" data-wp-pid=\"11255\" srcset=\"https:\/\/moverdb.com\/wp-content\/uploads\/Andrews-Moving-Storage-international-moving-company.png 1440w, https:\/\/moverdb.com\/wp-content\/uploads\/Andrews-Moving-Storage-international-moving-company-300x141.png 300w, https:\/\/moverdb.com\/wp-content\/uploads\/Andrews-Moving-Storage-international-moving-company-1024x483.png 1024w, https:\/\/moverdb.com\/wp-content\/uploads\/Andrews-Moving-Storage-international-moving-company-18x8.png 18w, https:\/\/moverdb.com\/wp-content\/uploads\/Andrews-Moving-Storage-international-moving-company-600x283.png 600w\" sizes=\"auto, (max-width: 1440px) 100vw, 1440px\" \/><\/p>\n<ul>\n<li>Miestne a dia\u013ekov\u00e9 presuny<\/li>\n<li>Medzin\u00e1rodn\u00e9 s\u0165ahovanie<\/li>\n<li>S\u0165ahovanie do obytn\u00fdch priestorov<\/li>\n<li>S\u0165ahovanie obchodn\u00fdch a kancel\u00e1rskych priestorov<\/li>\n<li>Premiest\u0148ovanie zamestnancov<\/li>\n<li>Baliace slu\u017eby<\/li>\n<li>Dopravn\u00e9 opatrenia<\/li>\n<li>Coln\u00e1 podpora<\/li>\n<li>Sledovanie z\u00e1sielok<\/li>\n<li>Kr\u00e1tkodob\u00e9 a dlhodob\u00e9 skladovanie<\/li>\n<\/ul>\n<p>Andrews Moving &amp; Storage je rodinn\u00e1 spolo\u010dnos\u0165 zalo\u017een\u00e1 v roku 1908 so s\u00eddlom v Streetsboro. Je agentom spolo\u010dnosti United Van Lines, ktor\u00e1 m\u00e1 celosvetov\u00fa sie\u0165 s\u0165ahovac\u00edch agentov, ktor\u00ed pracuj\u00fa na vysokej \u00farovni. S\u00fa \u010dlenom IAM.<\/p>\n<p>Andrews Moving &amp; Storage pon\u00faka individu\u00e1lne s\u0165ahovacie slu\u017eby, ktor\u00e9 zvl\u00e1dnu cel\u00e9 va\u0161e s\u0165ahovanie. Poskytuj\u00fa kompletn\u00e9 baliace slu\u017eby na ochranu va\u0161ich vec\u00ed po\u010das prepravy pomocou vy\u0161kolen\u00fdch baliacich t\u00edmov. Po pr\u00edchode na miesto ur\u010denia va\u0161e veci aj vybalia. Zabezpe\u010dia prepravu va\u0161ich vec\u00ed s colnou podporou a poskytn\u00fa online sledovanie.<\/p>\n<p>Webov\u00e1 lokalita: <a href=\"http:\/\/www.andrewsmoving.com\" target=\"_blank\" rel=\"noopener\">http:\/\/www.andrewsmoving.com<\/a><\/p>\n<h2><span class=\"ez-toc-section\" id=\"2_Corrigan_Moving_Systems\"><\/span><strong>2. Corrigan Moving Systems<\/strong><span class=\"ez-toc-section-end\"><\/span><\/h2>\n<p><img loading=\"lazy\" decoding=\"async\" class=\"alignnone size-full wp-image-11297\" src=\"https:\/\/moverdb.com\/wp-content\/uploads\/Corrigan-Moving-Systems-international-moving-company.png\" alt=\"Corrigan Moving Systems medzin\u00e1rodn\u00e9 s\u0165ahovanie spolo\u010dnos\u0165\" width=\"1440\" height=\"675\" data-wp-pid=\"11297\" srcset=\"https:\/\/moverdb.com\/wp-content\/uploads\/Corrigan-Moving-Systems-international-moving-company.png 1440w, https:\/\/moverdb.com\/wp-content\/uploads\/Corrigan-Moving-Systems-international-moving-company-300x141.png 300w, https:\/\/moverdb.com\/wp-content\/uploads\/Corrigan-Moving-Systems-international-moving-company-1024x480.png 1024w, https:\/\/moverdb.com\/wp-content\/uploads\/Corrigan-Moving-Systems-international-moving-company-18x8.png 18w, https:\/\/moverdb.com\/wp-content\/uploads\/Corrigan-Moving-Systems-international-moving-company-600x281.png 600w\" sizes=\"auto, (max-width: 1440px) 100vw, 1440px\" \/><\/p>\n<ul>\n<li>Miestne a dia\u013ekov\u00e9 presuny<\/li>\n<li>Medzin\u00e1rodn\u00e9 s\u0165ahovanie<\/li>\n<li>S\u0165ahovanie do obytn\u00fdch priestorov<\/li>\n<li>Komer\u010dn\u00e9 presuny<\/li>\n<li>Premiest\u0148ovanie firiem<\/li>\n<li>Slu\u017eba od dver\u00ed k dver\u00e1m<\/li>\n<li>Baliace slu\u017eby<\/li>\n<li>Coln\u00e1 podpora<\/li>\n<li><a href=\"https:\/\/moverdb.com\/sk\/car-transport-shipping\/\" data-internallinksmanager029f6b8e52c=\"2\" title=\"2026 Medzin\u00e1rodn\u00e1 preprava \u00e1ut a cit\u00e1cie prepravy vozidiel\">Preprava vozidiel<\/a><\/li>\n<li>Slu\u017eby skladovania<\/li>\n<\/ul>\n<p>Corrigan Moving Systems je spolo\u010dnos\u0165 s komplexn\u00fdmi slu\u017ebami v oblasti s\u0165ahovania a logistiky zalo\u017een\u00e1 v roku 1929 s 13 pobo\u010dkami v Ohiu, <a href=\"https:\/\/moverdb.com\/sk\/moving-to-the-united-states\/moving-to-michigan\/\" data-internallinksmanager029f6b8e52c=\"414\" title=\"S\u0165ahovanie do Michiganu? 2026 N\u00e1klady na b\u00fdvanie a tipy na pres\u0165ahovanie\">Michigan<\/a>, <a href=\"https:\/\/moverdb.com\/sk\/moving-to-the-united-states\/moving-to-new-york\/\" data-internallinksmanager029f6b8e52c=\"332\" title=\"S\u0165ahovanie do New Yorku (\u0161t\u00e1t)? 2026 N\u00e1klady na b\u00fdvanie a tipy na pres\u0165ahovanie\">New York<\/a> a <a href=\"https:\/\/moverdb.com\/sk\/moving-to-the-united-states\/moving-to-pennsylvania\/\" data-internallinksmanager029f6b8e52c=\"404\" title=\"S\u0165ahujete sa do Pensylv\u00e1nie? 2026 N\u00e1klady na b\u00fdvanie a tipy na pres\u0165ahovanie\">Pennsylv\u00e1nia<\/a>. Ich pobo\u010dky v Ohiu sa nach\u00e1dzaj\u00fa v Clevelande a Tolede. S\u00fa s\u00fa\u010das\u0165ou spolo\u010dnosti United Van Lines, ktor\u00e1 im poskytuje sie\u0165 s\u0165ahovac\u00edch agentov. S\u00fa \u010dlenom IAM so 75-ro\u010dn\u00fdmi sk\u00fasenos\u0165ami a s\u00fa akreditovan\u00ed FIDI.<\/p>\n<p>Spolo\u010dnos\u0165 Corrigan Moving Systems pon\u00faka s\u0165ahovacie slu\u017eby od dver\u00ed k dver\u00e1m pre reziden\u010dn\u00fdch a komer\u010dn\u00fdch z\u00e1kazn\u00edkov. Pon\u00fakaj\u00fa individu\u00e1lne s\u0165ahovacie bal\u00edky a v\u00e1\u0161 koordin\u00e1tor s\u0165ahovania prisp\u00f4sob\u00ed strat\u00e9giu s\u0165ahovania va\u0161ej situ\u00e1cii. Za\u010d\u00edna sa to bezplatnou cenovou ponukou a prieskumom na mieste alebo virtu\u00e1lnym prieskumom.<\/p>\n<p>Webov\u00e1 lokalita: <a href=\"https:\/\/www.corriganmoving.com\/\" target=\"_blank\" rel=\"noopener\">https:\/\/www.corriganmoving.com\/<\/a><\/p>\n<h2><span class=\"ez-toc-section\" id=\"3_CSNS_Relocation_Services\"><\/span><strong>3. Slu\u017eby CSNS v oblasti premiest\u0148ovania<\/strong><span class=\"ez-toc-section-end\"><\/span><\/h2>\n<p><img loading=\"lazy\" decoding=\"async\" class=\"alignnone size-full wp-image-11301\" src=\"https:\/\/moverdb.com\/wp-content\/uploads\/CSNS-Relocation-Services-international-moving-company.png\" alt=\"CSNS Relocation Services medzin\u00e1rodn\u00e1 s\u0165ahovacia spolo\u010dnos\u0165\" width=\"1440\" height=\"680\" data-wp-pid=\"11301\" srcset=\"https:\/\/moverdb.com\/wp-content\/uploads\/CSNS-Relocation-Services-international-moving-company.png 1440w, https:\/\/moverdb.com\/wp-content\/uploads\/CSNS-Relocation-Services-international-moving-company-300x142.png 300w, https:\/\/moverdb.com\/wp-content\/uploads\/CSNS-Relocation-Services-international-moving-company-1024x484.png 1024w, https:\/\/moverdb.com\/wp-content\/uploads\/CSNS-Relocation-Services-international-moving-company-18x9.png 18w, https:\/\/moverdb.com\/wp-content\/uploads\/CSNS-Relocation-Services-international-moving-company-600x283.png 600w\" sizes=\"auto, (max-width: 1440px) 100vw, 1440px\" \/><\/p>\n<ul>\n<li>N\u00e1rodn\u00e9 s\u0165ahovacie slu\u017eby<\/li>\n<li>Slu\u017eby v oblasti s\u0165ahovania dom\u00e1cnost\u00ed<\/li>\n<li>Slu\u017eby p\u00f4vodu<\/li>\n<li>Cie\u013eov\u00e9 slu\u017eby<\/li>\n<li>Profesion\u00e1lne balenie<\/li>\n<li>Demont\u00e1\u017e a mont\u00e1\u017e n\u00e1bytku<\/li>\n<li>In\u0161tala\u010dn\u00e9 slu\u017eby<\/li>\n<li>Slu\u017eba upratovania<\/li>\n<li>Odstra\u0148ovanie sut\u00edn<\/li>\n<\/ul>\n<p>CSNS Relocation Services je n\u00e1rodn\u00e1 spolo\u010dnos\u0165 zaoberaj\u00faca sa s\u0165ahovac\u00edmi slu\u017ebami, ktor\u00e1 bola zalo\u017een\u00e1 v roku 2002 v <a href=\"https:\/\/moverdb.com\/sk\/moving-to-dublin\/\" data-internallinksmanager029f6b8e52c=\"260\" title=\"S\u0165ahujete sa do Dublinu? 2026 N\u00e1klady na b\u00fdvanie a tipy na pres\u0165ahovanie\">Dublin<\/a>. Maj\u00fa rozsiahlu sie\u0165 s\u0165ahovac\u00edch spolo\u010dnost\u00ed, s ktor\u00fdmi spolupracuj\u00fa pri poskytovan\u00ed svojich slu\u017eieb. S\u00fa \u010dlenom IAM s 21-ro\u010dn\u00fdmi sk\u00fasenos\u0165ami.<\/p>\n<p>Spolo\u010dnos\u0165 CSNS Relocation Services pon\u00faka slu\u017eby premiest\u0148ovania tret\u00edch str\u00e1n, ktor\u00e9 v\u00e1m pom\u00f4\u017eu v mieste p\u00f4vodu aj v mieste ur\u010denia v r\u00e1mci <a href=\"https:\/\/moverdb.com\/sk\/moving-to-the-united-states\/\" data-internallinksmanager029f6b8e52c=\"94\" title=\"S\u0165ahujete sa do Spojen\u00fdch \u0161t\u00e1tov? 2022 \u017divotn\u00e9 n\u00e1klady a tipy na pres\u0165ahovanie\">US<\/a>. Pon\u00fakaj\u00fa \u0161irok\u00fa \u0161k\u00e1lu slu\u017eieb, ktor\u00e9 s\u0165ahovacie spolo\u010dnosti \u010dasto neposkytuj\u00fa, aby v\u00e1m pomohli pripravi\u0165 sa na s\u0165ahovanie alebo usadi\u0165 sa v novom domove, ako je in\u0161tal\u00e1cia spotrebi\u010dov, nastavenie audiovizu\u00e1lneho zariadenia, in\u0161tal\u00e1cia svietidiel a upratovacie slu\u017eby.<\/p>\n<p>Webov\u00e1 lokalita: <a href=\"http:\/\/www.csnsrelo.com\" target=\"_blank\" rel=\"noopener\">http:\/\/www.csnsrelo.com<\/a><\/p>\n<h2><span class=\"ez-toc-section\" id=\"4_Letz_Get_Moving\"><\/span><strong>4. Letz Get Moving<\/strong><span class=\"ez-toc-section-end\"><\/span><\/h2>\n<p><img loading=\"lazy\" decoding=\"async\" class=\"alignnone size-full wp-image-11364\" src=\"https:\/\/moverdb.com\/wp-content\/uploads\/Letz-Get-Moving-international-moving-company.png\" alt=\"Letz Get Moving medzin\u00e1rodn\u00e1 pohybliv\u00e1 spolo\u010dnos\u0165\" width=\"1440\" height=\"674\" data-wp-pid=\"11364\" srcset=\"https:\/\/moverdb.com\/wp-content\/uploads\/Letz-Get-Moving-international-moving-company.png 1440w, https:\/\/moverdb.com\/wp-content\/uploads\/Letz-Get-Moving-international-moving-company-300x140.png 300w, https:\/\/moverdb.com\/wp-content\/uploads\/Letz-Get-Moving-international-moving-company-1024x479.png 1024w, https:\/\/moverdb.com\/wp-content\/uploads\/Letz-Get-Moving-international-moving-company-18x8.png 18w, https:\/\/moverdb.com\/wp-content\/uploads\/Letz-Get-Moving-international-moving-company-600x281.png 600w\" sizes=\"auto, (max-width: 1440px) 100vw, 1440px\" \/><\/p>\n<ul>\n<li>Vn\u00fatro\u0161t\u00e1tne premiestnenia<\/li>\n<li>Medzin\u00e1rodn\u00e9 premiestnenia<\/li>\n<li>Premiest\u0148ovanie dom\u00e1cnost\u00ed<\/li>\n<li>Slu\u017eba od dver\u00ed k dver\u00e1m<\/li>\n<li>Baliace slu\u017eby<\/li>\n<li>Doprava<\/li>\n<li>V\u00fdber mo\u017enost\u00ed kontajnera<\/li>\n<li>Coln\u00e9 konanie<\/li>\n<li>Preprava vozidiel<\/li>\n<li>Bezpe\u010dn\u00e9 ukladanie<\/li>\n<\/ul>\n<p>Letz Get Moving je medzimestsk\u00e1 a medzin\u00e1rodn\u00e1 s\u0165ahovacia spolo\u010dnos\u0165 s 10-ro\u010dn\u00fdmi sk\u00fasenos\u0165ami, ktor\u00e1 m\u00e1 pobo\u010dky v Twinsburgu, Baltimore a <a href=\"https:\/\/moverdb.com\/sk\/moving-to-los-angeles\/\" data-internallinksmanager029f6b8e52c=\"51\" title=\"S\u0165ahujete sa do Los Angeles? 2026 N\u00e1klady na b\u00fdvanie v LA a tipy na pres\u0165ahovanie\">Los Angeles<\/a>. S\u00fa \u010dlenom IAM so \u0161es\u0165ro\u010dn\u00fdmi sk\u00fasenos\u0165ami.<\/p>\n<p>Letz Get Moving pon\u00faka komplexn\u00e9 s\u0165ahovacie slu\u017eby, ktor\u00e9 zvl\u00e1dnu va\u0161e s\u0165ahovanie od za\u010diatku a\u017e do konca. Poskytuj\u00fa hlavn\u00fa kontaktn\u00fa osobu, ktor\u00e1 bude koordinova\u0165 a pl\u00e1nova\u0165 va\u0161e s\u0165ahovanie. Profesion\u00e1lne v\u00e1m zabalia va\u0161e veci a pon\u00fakaj\u00fa slu\u017eby z\u00e1kazkov\u00e9ho balenia. Ozna\u010dia va\u0161e veci a vytvoria invent\u00e1rny zoznam. Po pr\u00edchode na miesto vybalia a zlo\u017eia n\u00e1bytok, ako aj odstr\u00e1nia v\u0161etky ne\u010distoty.<\/p>\n<p>Webov\u00e1 lokalita: <a href=\"http:\/\/www.letzgetmoving.com\" target=\"_blank\" rel=\"noopener\">http:\/\/www.letzgetmoving.com<\/a><\/p>\n<h2><span class=\"ez-toc-section\" id=\"5_Moving_Ahead_Services\"><\/span><strong>5. Slu\u017eby Moving Ahead<\/strong><span class=\"ez-toc-section-end\"><\/span><\/h2>\n<p><img loading=\"lazy\" decoding=\"async\" class=\"alignnone size-full wp-image-11387\" src=\"https:\/\/moverdb.com\/wp-content\/uploads\/Moving-Ahead-Services-international-moving-company.png\" alt=\"Moving Ahead Services medzin\u00e1rodn\u00e1 s\u0165ahovacia spolo\u010dnos\u0165\" width=\"1440\" height=\"672\" data-wp-pid=\"11387\" srcset=\"https:\/\/moverdb.com\/wp-content\/uploads\/Moving-Ahead-Services-international-moving-company.png 1440w, https:\/\/moverdb.com\/wp-content\/uploads\/Moving-Ahead-Services-international-moving-company-300x140.png 300w, https:\/\/moverdb.com\/wp-content\/uploads\/Moving-Ahead-Services-international-moving-company-1024x478.png 1024w, https:\/\/moverdb.com\/wp-content\/uploads\/Moving-Ahead-Services-international-moving-company-18x8.png 18w, https:\/\/moverdb.com\/wp-content\/uploads\/Moving-Ahead-Services-international-moving-company-600x280.png 600w\" sizes=\"auto, (max-width: 1440px) 100vw, 1440px\" \/><\/p>\n<ul>\n<li>Miestne presuny a presuny na dlh\u00e9 vzdialenosti<\/li>\n<li>Medzin\u00e1rodn\u00e9 s\u0165ahovanie<\/li>\n<li>S\u0165ahovanie dom\u00e1cnost\u00ed<\/li>\n<li>Komer\u010dn\u00e9 presuny<\/li>\n<li>Premiest\u0148ovanie firiem<\/li>\n<li>Prisp\u00f4soben\u00fd pl\u00e1n s\u0165ahovania<\/li>\n<li>Mo\u017enos\u0165 v\u00fdberu kompletn\u00fdch slu\u017eieb alebo len pr\u00e1ce<\/li>\n<li>Baliace slu\u017eby<\/li>\n<li>Zabezpe\u010denie prepravy<\/li>\n<li>Skladovacie zariadenia<\/li>\n<\/ul>\n<p>Moving Ahead Services je spolo\u010dnos\u0165 s pobo\u010dkami v Clevelande, Columbuse, Cincinnati, Charlotte a Pittsburghu. Je \u010dlenom IAM s 18-ro\u010dn\u00fdmi sk\u00fasenos\u0165ami, \u010do im poskytuje pr\u00edstup k sieti s\u0165ahovac\u00edch agentov, s ktor\u00fdmi m\u00f4\u017eu spolupracova\u0165.<\/p>\n<p>Moving Ahead Services vypln\u00ed online alebo telefonicky <a href=\"https:\/\/moverdb.com\/sk\/quotes\/\" data-internallinksmanager029f6b8e52c=\"26\" title=\"Medzin\u00e1rodn\u00e9 s\u0165ahovanie cit\u00e1cie: 12 ot\u00e1zok, ktor\u00e9 by ste mali polo\u017ei\u0165 svojmu prepravcovi\">s\u0165ahovanie cit\u00e1t<\/a>. Vytvoria v\u00e1m pl\u00e1n s\u0165ahovania na mieru, ktor\u00fd bude vyhovova\u0165 va\u0161im potreb\u00e1m. Pon\u00fakaj\u00fa kompletn\u00e9 slu\u017eby a mo\u017enosti balenia a skladovania len s pr\u00e1cou a v\u00fdber \u010fal\u0161\u00edch slu\u017eieb. V\u00e1\u0161 \u0161pecializovan\u00fd z\u00e1stupca z\u00e1kazn\u00edckeho servisu v\u00e1s prevedie s\u0165ahovan\u00edm a mo\u017enos\u0165ami.<\/p>\n<p>Webov\u00e1 lokalita: <a href=\"https:\/\/movingaheadservices.com\/\" target=\"_blank\" rel=\"noopener\">https:\/\/movingaheadservices.com\/<\/a><\/p>\n<h2><span class=\"ez-toc-section\" id=\"6_Planes_Moving_Storage\"><\/span><strong>6. Planes Moving &amp; Storage<\/strong><span class=\"ez-toc-section-end\"><\/span><\/h2>\n<p><img loading=\"lazy\" decoding=\"async\" class=\"alignnone size-full wp-image-11410\" src=\"https:\/\/moverdb.com\/wp-content\/uploads\/Planes-Moving-Storage-international-moving-company.png\" alt=\"Lietadl\u00e1 Moving &amp; Storage medzin\u00e1rodn\u00e9 s\u0165ahovanie spolo\u010dnos\u0165\" width=\"1440\" height=\"660\" data-wp-pid=\"11410\" srcset=\"https:\/\/moverdb.com\/wp-content\/uploads\/Planes-Moving-Storage-international-moving-company.png 1440w, https:\/\/moverdb.com\/wp-content\/uploads\/Planes-Moving-Storage-international-moving-company-300x138.png 300w, https:\/\/moverdb.com\/wp-content\/uploads\/Planes-Moving-Storage-international-moving-company-1024x469.png 1024w, https:\/\/moverdb.com\/wp-content\/uploads\/Planes-Moving-Storage-international-moving-company-18x8.png 18w, https:\/\/moverdb.com\/wp-content\/uploads\/Planes-Moving-Storage-international-moving-company-600x275.png 600w\" sizes=\"auto, (max-width: 1440px) 100vw, 1440px\" \/><\/p>\n<ul>\n<li>Miestne a dia\u013ekov\u00e9 presuny<\/li>\n<li>Medzin\u00e1rodn\u00e9 s\u0165ahovanie<\/li>\n<li>S\u0165ahovanie dom\u00e1cnosti<\/li>\n<li>Obchodn\u00e9 kroky<\/li>\n<li>Riadenie presunu<\/li>\n<li>Baliace slu\u017eby<\/li>\n<li>Leteck\u00e1, n\u00e1morn\u00e1 a \u017eelezni\u010dn\u00e1 preprava<\/li>\n<li>Podpora dokument\u00e1cie<\/li>\n<li>Preprava vozidiel<\/li>\n<li>Skladovacie zariadenia<\/li>\n<\/ul>\n<p>Planes Moving &amp; Storage je s\u0165ahovacia spolo\u010dnos\u0165 zalo\u017een\u00e1 v roku 1921 s pobo\u010dkami v Cincinnati, Daytone a Columbuse v Ohiu, ako aj v Indianapolise a <a href=\"https:\/\/moverdb.com\/sk\/moving-to-chicago\/\" data-internallinksmanager029f6b8e52c=\"39\" title=\"S\u0165ahujete sa do Chicaga? 2022 N\u00e1klady na b\u00fdvanie a tipy na pres\u0165ahovanie\">Chicago<\/a>.  S\u00fa partnerom spolo\u010dnosti United Van Lines a maj\u00fa siln\u00fd dod\u00e1vate\u013esk\u00fd re\u0165azec partnerov na poskytovanie svojich slu\u017eieb na medzin\u00e1rodnej \u00farovni. S\u00fa \u010dlenom IAM so 103-ro\u010dn\u00fdmi sk\u00fasenos\u0165ami a maj\u00fa akredit\u00e1ciu FIDI.<\/p>\n<p>Spolo\u010dnos\u0165 Planes Moving &amp; Storage poskytuje sk\u00fasen\u00e9ho koordin\u00e1tora s\u0165ahovania, ktor\u00fd s vami spolupracuje a vypracuje pl\u00e1n s\u0165ahovania na mieru pod\u013ea va\u0161ich potrieb. Pon\u00fakaj\u00fa kompletn\u00e9 baliace slu\u017eby s vy\u0161kolen\u00fdmi baliacimi t\u00edmami a ochr\u00e1nia cenn\u00e9 a krehk\u00e9 predmety.<\/p>\n<p>Webov\u00e1 lokalita: <a href=\"http:\/\/www.planescompanies.com\/\" target=\"_blank\" rel=\"noopener\">http:\/\/www.planescompanies.com\/<\/a><\/p>","protected":false},"excerpt":{"rendered":"<p>Are you planning a move? Then you may want to engage the services of a moving company to reduce the workload and pressure of moving. They can organise, pack and transport your belongings as well as handle customs if you are moving country. Below we have compiled a list of Ohio based removal companies that [&hellip;]<\/p>\n","protected":false},"author":4,"featured_media":11255,"parent":190,"menu_order":0,"comment_status":"closed","ping_status":"closed","template":"","meta":{"_genesis_hide_title":false,"_genesis_hide_breadcrumbs":false,"_genesis_hide_singular_image":false,"_genesis_hide_footer_widgets":false,"_genesis_custom_body_class":"","_genesis_custom_post_class":"","_genesis_layout":"","footnotes":""},"class_list":{"0":"post-11648","1":"page","2":"type-page","3":"status-publish","4":"has-post-thumbnail","6":"entry"},"_links":{"self":[{"href":"https:\/\/moverdb.com\/sk\/wp-json\/wp\/v2\/pages\/11648","targetHints":{"allow":["GET"]}}],"collection":[{"href":"https:\/\/moverdb.com\/sk\/wp-json\/wp\/v2\/pages"}],"about":[{"href":"https:\/\/moverdb.com\/sk\/wp-json\/wp\/v2\/types\/page"}],"author":[{"embeddable":true,"href":"https:\/\/moverdb.com\/sk\/wp-json\/wp\/v2\/users\/4"}],"replies":[{"embeddable":true,"href":"https:\/\/moverdb.com\/sk\/wp-json\/wp\/v2\/comments?post=11648"}],"version-history":[{"count":2,"href":"https:\/\/moverdb.com\/sk\/wp-json\/wp\/v2\/pages\/11648\/revisions"}],"predecessor-version":[{"id":11650,"href":"https:\/\/moverdb.com\/sk\/wp-json\/wp\/v2\/pages\/11648\/revisions\/11650"}],"up":[{"embeddable":true,"href":"https:\/\/moverdb.com\/sk\/wp-json\/wp\/v2\/pages\/190"}],"wp:featuredmedia":[{"embeddable":true,"href":"https:\/\/moverdb.com\/sk\/wp-json\/wp\/v2\/media\/11255"}],"wp:attachment":[{"href":"https:\/\/moverdb.com\/sk\/wp-json\/wp\/v2\/media?parent=11648"}],"curies":[{"name":"wp","href":"https:\/\/api.w.org\/{rel}","templated":true}]}}