{"id":11624,"date":"2023-11-22T15:50:03","date_gmt":"2023-11-22T15:50:03","guid":{"rendered":"https:\/\/moverdb.com\/?page_id=11624"},"modified":"2026-01-08T15:30:12","modified_gmt":"2026-01-08T15:30:12","slug":"moving-companies-nevada","status":"publish","type":"page","link":"https:\/\/moverdb.com\/sk\/moving-companies\/moving-companies-nevada\/","title":{"rendered":"Najlep\u0161ie medzin\u00e1rodn\u00e9 s\u0165ahovacie spolo\u010dnosti v Nevade"},"content":{"rendered":"<p>S\u0165ahovanie m\u00f4\u017ee by\u0165 jedn\u00fdm z najstresuj\u00facej\u0161\u00edch obdob\u00ed vo va\u0161om \u017eivote, tak pre\u010do sa sna\u017ei\u0165 zvl\u00e1dnu\u0165 v\u0161etko s\u00e1m? A <a href=\"https:\/\/moverdb.com\/sk\/moving-companies\/\" data-internallinksmanager029f6b8e52c=\"79\" title=\"Top 25 medzin\u00e1rodn\u00fdch s\u0165ahovac\u00edch spolo\u010dnost\u00ed online\">s\u0165ahovacia spolo\u010dnos\u0165<\/a> m\u00f4\u017ee prevzia\u0165 mnoh\u00e9 \u00falohy, ako je organiz\u00e1cia s\u0165ahovania, zabezpe\u010denie dopravy, balenie a vyplnenie dokumentov. Ni\u017e\u0161ie sme zostavili zoznam <a href=\"https:\/\/moverdb.com\/sk\/moving-to-the-united-states\/moving-to-nevada\/\" data-internallinksmanager029f6b8e52c=\"457\" title=\"S\u0165ahovanie do Nevady? 2024 N\u00e1klady na b\u00fdvanie a tipy na pres\u0165ahovanie\">Nevada<\/a> na str\u00e1nke . <a href=\"https:\/\/moverdb.com\/sk\/international-removals\/\" data-internallinksmanager029f6b8e52c=\"27\" title=\"36 najlep\u0161\u00edch medzin\u00e1rodn\u00fdch s\u0165ahovac\u00edch spolo\u010dnost\u00ed v Spojenom kr\u00e1\u013eovstve\">s\u0165ahovacie spolo\u010dnosti<\/a> ktor\u00e9 s\u00fa \u010dlenmi <a href=\"https:\/\/moverdb.com\/sk\/iam\/\" data-internallinksmanager029f6b8e52c=\"23\" title=\"Vysvetlenie Medzin\u00e1rodnej asoci\u00e1cie s\u0165ahovate\u013eov (IAM)\">Medzin\u00e1rodn\u00e1 asoci\u00e1cia s\u0165ahovate\u013eov<\/a> (IAM) a\/alebo <a href=\"https:\/\/moverdb.com\/sk\/fidi-faim\/\" data-internallinksmanager029f6b8e52c=\"16\" title=\"Vysvetlenie FIDI a FAIM (FIDI akreditovan\u00fd medzin\u00e1rodn\u00fd prepravca)\">FIDI<\/a> Akreditovan\u00fd medzin\u00e1rodn\u00fd prepravca (FAIM), ktor\u00fd by v\u00e1m mohol pom\u00f4c\u0165 pri s\u0165ahovan\u00ed.<\/p>\n<h2><strong>RenoRelo<\/strong><\/h2>\n<p><img loading=\"lazy\" decoding=\"async\" class=\"alignnone size-full wp-image-11423\" src=\"https:\/\/moverdb.com\/wp-content\/uploads\/RenoRelo-international-moving-company.png\" alt=\"RenoRelo medzin\u00e1rodn\u00e9 s\u0165ahovanie spolo\u010dnos\u0165\" width=\"1440\" height=\"679\" data-wp-pid=\"11423\" srcset=\"https:\/\/moverdb.com\/wp-content\/uploads\/RenoRelo-international-moving-company.png 1440w, https:\/\/moverdb.com\/wp-content\/uploads\/RenoRelo-international-moving-company-300x141.png 300w, https:\/\/moverdb.com\/wp-content\/uploads\/RenoRelo-international-moving-company-1024x483.png 1024w, https:\/\/moverdb.com\/wp-content\/uploads\/RenoRelo-international-moving-company-18x8.png 18w, https:\/\/moverdb.com\/wp-content\/uploads\/RenoRelo-international-moving-company-600x283.png 600w\" sizes=\"auto, (max-width: 1440px) 100vw, 1440px\" \/><\/p>\n<ul>\n<li>Miestne a vn\u00fatro\u0161t\u00e1tne s\u0165ahovanie<\/li>\n<li>S\u0165ahovanie po celom svete<\/li>\n<li>S\u0165ahovanie do obytn\u00fdch priestorov<\/li>\n<li>S\u0165ahovanie obchodn\u00fdch a kancel\u00e1rskych priestorov<\/li>\n<li>Premiest\u0148ovanie firiem<\/li>\n<li>Komplexn\u00e9 rie\u0161enia<\/li>\n<li>Baliace slu\u017eby<\/li>\n<li>Umiestnenie na<\/li>\n<li>Dopravn\u00e9 opatrenia<\/li>\n<li>Skladovacie zariadenia<\/li>\n<\/ul>\n<p>RenoRelo je spolo\u010dnos\u0165 poskytuj\u00faca kompletn\u00e9 slu\u017eby v oblasti s\u0165ahovania s pobo\u010dkami v mest\u00e1ch Reno, Spokane a Boise. Je agentom spolo\u010dnosti United Van Lines, v\u010faka \u010domu m\u00e1 k dispoz\u00edcii sie\u0165 s\u0165ahovac\u00edch spolo\u010dnost\u00ed, s ktor\u00fdmi m\u00f4\u017ee spolupracova\u0165 pri poskytovan\u00ed svojich slu\u017eieb aj mimo svojich oblast\u00ed p\u00f4sobenia. S\u00fa \u010dlenom IAM s p\u00e4\u0165ro\u010dn\u00fdmi sk\u00fasenos\u0165ami.<\/p>\n<p>Spolo\u010dnos\u0165 RenoRelo pon\u00faka kompletn\u00e9 rie\u0161enia pre s\u0165ahovanie obytn\u00fdch, obchodn\u00fdch a kancel\u00e1rskych priestorov, ako aj pre s\u0165ahovanie firiem v r\u00e1mci <a href=\"https:\/\/moverdb.com\/sk\/moving-to-the-united-states\/\" data-internallinksmanager029f6b8e52c=\"94\" title=\"S\u0165ahujete sa do Spojen\u00fdch \u0161t\u00e1tov? 2022 \u017divotn\u00e9 n\u00e1klady a tipy na pres\u0165ahovanie\">US<\/a> a na medzin\u00e1rodnej \u00farovni. Poskytuj\u00fa baliace a prepravn\u00e9 slu\u017eby na ochranu va\u0161ich vec\u00ed po\u010das prepravy. Zabezpe\u010dia prepravu va\u0161ich vec\u00ed a koordinuj\u00fa ich doru\u010denie na miesto ur\u010denia so v\u0161etk\u00fdmi tret\u00edmi stranami.<\/p>\n<p>Webov\u00e1 lokalita: <a href=\"http:\/\/renoreloww.com\" target=\"_blank\" rel=\"noopener\">http:\/\/renoreloww.com<\/a><\/p>\n<h2>\u010eal\u0161ie u\u017eito\u010dn\u00e9 pr\u00edru\u010dky o Spojen\u00fdch \u0161t\u00e1toch<\/h2>\n<ul>\n<li> <a href=\"https:\/\/moverdb.com\/sk\/stahovanie-do-americkych-statov-2022-zivotne-naklady-na-premiestnenie-tipy\/moving-to-las-vegas\/\">S\u0165ahujete sa do Las Vegas? 2024 N\u00e1klady na b\u00fdvanie a tipy na pres\u0165ahovanie<\/a><\/li>\n<li> <a href=\"https:\/\/moverdb.com\/sk\/stahovanie-do-americkych-statov-2022-zivotne-naklady-na-premiestnenie-tipy\/moving-to-nevada\/\">S\u0165ahovanie do Nevady? 2024 N\u00e1klady na b\u00fdvanie a tipy na pres\u0165ahovanie<\/a><\/li>\n<li> <a href=\"https:\/\/moverdb.com\/sk\/stahovanie-do-americkych-statov-2022-zivotne-naklady-na-premiestnenie-tipy\/movers-cost\/\">Ko\u013eko stoj\u00ed pren\u00e1jom s\u0165ahov\u00e1kov? 2024 Sprievodca \u00fasporami v USA<\/a><\/li>\n<li> <a href=\"https:\/\/moverdb.com\/sk\/stahovanie-do-americkych-statov-2022-zivotne-naklady-na-premiestnenie-tipy\/\">S\u0165ahujete sa do Spojen\u00fdch \u0161t\u00e1tov? 2022 N\u00e1klady na \u017eivot a tipy na pres\u0165ahovanie<\/a><\/li>\n<li> <a href=\"https:\/\/moverdb.com\/sk\/stahovanie-do-americkych-statov-2022-zivotne-naklady-na-premiestnenie-tipy\/places-to-live-in-the-us\/\">13 najlep\u0161\u00edch miest na \u017eivot v Spojen\u00fdch \u0161t\u00e1toch<\/a><\/li>\n<li> <a href=\"https:\/\/moverdb.com\/sk\/stahovanie-do-americkych-statov-2022-zivotne-naklady-na-premiestnenie-tipy\/living\/\">21 tajomstiev o \u017eivote v USA, ktor\u00e9 by ste mali vedie\u0165 pred pres\u0165ahovan\u00edm<\/a><\/li>\n<\/ul>","protected":false},"excerpt":{"rendered":"<p>Moving can be one of the most stressful times in your life so why try to do it all by yourself? A moving company can take on many of the tasks such as organising the move, arranging transport, packing and completing paperwork. Below we have compiled a list of Nevada based removal companies that are [&hellip;]<\/p>\n","protected":false},"author":4,"featured_media":11423,"parent":190,"menu_order":0,"comment_status":"closed","ping_status":"closed","template":"","meta":{"_genesis_hide_title":false,"_genesis_hide_breadcrumbs":false,"_genesis_hide_singular_image":false,"_genesis_hide_footer_widgets":false,"_genesis_custom_body_class":"","_genesis_custom_post_class":"","_genesis_layout":"","footnotes":""},"class_list":{"0":"post-11624","1":"page","2":"type-page","3":"status-publish","4":"has-post-thumbnail","6":"entry"},"_links":{"self":[{"href":"https:\/\/moverdb.com\/sk\/wp-json\/wp\/v2\/pages\/11624","targetHints":{"allow":["GET"]}}],"collection":[{"href":"https:\/\/moverdb.com\/sk\/wp-json\/wp\/v2\/pages"}],"about":[{"href":"https:\/\/moverdb.com\/sk\/wp-json\/wp\/v2\/types\/page"}],"author":[{"embeddable":true,"href":"https:\/\/moverdb.com\/sk\/wp-json\/wp\/v2\/users\/4"}],"replies":[{"embeddable":true,"href":"https:\/\/moverdb.com\/sk\/wp-json\/wp\/v2\/comments?post=11624"}],"version-history":[{"count":4,"href":"https:\/\/moverdb.com\/sk\/wp-json\/wp\/v2\/pages\/11624\/revisions"}],"predecessor-version":[{"id":17660,"href":"https:\/\/moverdb.com\/sk\/wp-json\/wp\/v2\/pages\/11624\/revisions\/17660"}],"up":[{"embeddable":true,"href":"https:\/\/moverdb.com\/sk\/wp-json\/wp\/v2\/pages\/190"}],"wp:featuredmedia":[{"embeddable":true,"href":"https:\/\/moverdb.com\/sk\/wp-json\/wp\/v2\/media\/11423"}],"wp:attachment":[{"href":"https:\/\/moverdb.com\/sk\/wp-json\/wp\/v2\/media?parent=11624"}],"curies":[{"name":"wp","href":"https:\/\/api.w.org\/{rel}","templated":true}]}}