{"id":11622,"date":"2023-11-22T15:49:11","date_gmt":"2023-11-22T15:49:11","guid":{"rendered":"https:\/\/moverdb.com\/?page_id=11622"},"modified":"2026-01-08T15:30:09","modified_gmt":"2026-01-08T15:30:09","slug":"moving-companies-montana","status":"publish","type":"page","link":"https:\/\/moverdb.com\/sk\/moving-companies\/moving-companies-montana\/","title":{"rendered":"Najlep\u0161ie medzin\u00e1rodn\u00e9 s\u0165ahovacie spolo\u010dnosti v Montane"},"content":{"rendered":"<p>Uva\u017eujete o s\u0165ahovan\u00ed? V tom pr\u00edpade zapojte <a href=\"https:\/\/moverdb.com\/sk\/moving-companies\/\" data-internallinksmanager029f6b8e52c=\"79\" title=\"Top 25 medzin\u00e1rodn\u00fdch s\u0165ahovac\u00edch spolo\u010dnost\u00ed online\">s\u0165ahovacia spolo\u010dnos\u0165<\/a> m\u00f4\u017eu pom\u00f4c\u0165 zn\u00ed\u017ei\u0165 tlak spojen\u00fd so s\u0165ahovan\u00edm, preto\u017ee m\u00f4\u017eu urobi\u0165 ve\u013ea pr\u00e1ce za v\u00e1s. M\u00f4\u017ee to zah\u0155\u0148a\u0165 pl\u00e1novanie s\u0165ahovania, bezpe\u010dn\u00e9 balenie va\u0161ich vec\u00ed a ich presun na miesto ur\u010denia vr\u00e1tane v\u0161etk\u00fdch dokumentov. Ni\u017e\u0161ie sme zostavili zoznam <a href=\"https:\/\/moverdb.com\/sk\/moving-to-the-united-states\/moving-to-montana\/\" data-internallinksmanager029f6b8e52c=\"461\" title=\"S\u0165ahujete sa do Montany? 2024 N\u00e1klady na b\u00fdvanie a tipy na pres\u0165ahovanie\">Montana<\/a> na str\u00e1nke . <a href=\"https:\/\/moverdb.com\/sk\/international-removals\/\" data-internallinksmanager029f6b8e52c=\"27\" title=\"36 najlep\u0161\u00edch medzin\u00e1rodn\u00fdch s\u0165ahovac\u00edch spolo\u010dnost\u00ed v Spojenom kr\u00e1\u013eovstve\">s\u0165ahovacie spolo\u010dnosti<\/a> ktor\u00e9 s\u00fa \u010dlenmi <a href=\"https:\/\/moverdb.com\/sk\/iam\/\" data-internallinksmanager029f6b8e52c=\"23\" title=\"Vysvetlenie Medzin\u00e1rodnej asoci\u00e1cie s\u0165ahovate\u013eov (IAM)\">Medzin\u00e1rodn\u00e1 asoci\u00e1cia s\u0165ahovate\u013eov<\/a> (IAM) a\/alebo <a href=\"https:\/\/moverdb.com\/sk\/fidi-faim\/\" data-internallinksmanager029f6b8e52c=\"16\" title=\"Vysvetlenie FIDI a FAIM (FIDI akreditovan\u00fd medzin\u00e1rodn\u00fd prepravca)\">FIDI<\/a> Akreditovan\u00fd medzin\u00e1rodn\u00fd prepravca (FAIM), ktor\u00fd by v\u00e1m mohol pom\u00f4c\u0165 pri s\u0165ahovan\u00ed.<\/p>\n<h2><strong>Hi-Line s\u0165ahovacie slu\u017eby<\/strong><\/h2>\n<p><img loading=\"lazy\" decoding=\"async\" class=\"alignnone size-full wp-image-11338\" src=\"https:\/\/moverdb.com\/wp-content\/uploads\/Hi-Line-Moving-Services-international-moving-company.png\" alt=\"Hi Line Moving Services medzin\u00e1rodn\u00e1 s\u0165ahovacia spolo\u010dnos\u0165\" width=\"1440\" height=\"671\" data-wp-pid=\"11338\" srcset=\"https:\/\/moverdb.com\/wp-content\/uploads\/Hi-Line-Moving-Services-international-moving-company.png 1440w, https:\/\/moverdb.com\/wp-content\/uploads\/Hi-Line-Moving-Services-international-moving-company-300x140.png 300w, https:\/\/moverdb.com\/wp-content\/uploads\/Hi-Line-Moving-Services-international-moving-company-1024x477.png 1024w, https:\/\/moverdb.com\/wp-content\/uploads\/Hi-Line-Moving-Services-international-moving-company-18x8.png 18w, https:\/\/moverdb.com\/wp-content\/uploads\/Hi-Line-Moving-Services-international-moving-company-600x280.png 600w\" sizes=\"auto, (max-width: 1440px) 100vw, 1440px\" \/><\/p>\n<ul>\n<li>Miestne a dia\u013ekov\u00e9 presuny<\/li>\n<li>Medzin\u00e1rodn\u00e9 s\u0165ahovanie<\/li>\n<li>S\u0165ahovanie dom\u00e1cnost\u00ed<\/li>\n<li>Obchodn\u00e1 n\u00e1kladn\u00e1 doprava<\/li>\n<li>Premiest\u0148ovanie firiem<\/li>\n<li>Slu\u017eba od dver\u00ed k dver\u00e1m<\/li>\n<li>Dopravn\u00e9 opatrenia<\/li>\n<li>V\u00fdber ve\u013ekosti z\u00e1sielky<\/li>\n<li>Sledovanie z\u00e1sielok<\/li>\n<\/ul>\n<p>Hi-Line Moving Services je spolo\u010dnos\u0165 so s\u00eddlom v Great Falls. Spolupracuje s r\u00f4znymi spolo\u010dnos\u0165ami Van Line a starostlivo vybran\u00fdmi extern\u00fdmi s\u0165ahovac\u00edmi slu\u017ebami, ktor\u00e9 poskytuj\u00fa svoje slu\u017eby na n\u00e1rodnej a medzin\u00e1rodnej \u00farovni. S\u00fa \u010dlenom IAM s 34-ro\u010dn\u00fdmi sk\u00fasenos\u0165ami.<\/p>\n<p>Spolo\u010dnos\u0165 Hi-Line Moving Services pon\u00faka s\u0165ahovacie slu\u017eby na mieru a napl\u00e1nuje pre v\u00e1s s\u0165ahovanie s mo\u017enos\u0165ami, ktor\u00e9 zodpovedaj\u00fa v\u00e1\u0161mu rozpo\u010dtu na s\u0165ahovanie. \u0160pecializuj\u00fa sa na s\u0165ahovanie do <a href=\"https:\/\/moverdb.com\/sk\/moving-to-the-united-states\/moving-to-alaska\/\" data-internallinksmanager029f6b8e52c=\"384\" title=\"S\u0165ahujete sa na Alja\u0161ku? 2026 N\u00e1klady na b\u00fdvanie a tipy na pres\u0165ahovanie\">Alja\u0161ka<\/a> hoci sa staraj\u00fa o s\u0165ahovanie v r\u00e1mci Montany, medzi\u0161t\u00e1tne a medzin\u00e1rodn\u00e9 s\u0165ahovanie. Poskytuj\u00fa s\u0165ahovacie slu\u017eby od dver\u00ed k dver\u00e1m, pri ktor\u00fdch premiestnia va\u0161e veci a sleduj\u00fa z\u00e1sielku.<\/p>\n<p>Webov\u00e1 lokalita: <a href=\"http:\/\/www.hilinemoving.com\" target=\"_blank\" rel=\"noopener\">http:\/\/www.hilinemoving.com<\/a><\/p>","protected":false},"excerpt":{"rendered":"<p>Are you thinking of moving? Then engaging a moving company might help reduce the pressure of the move as they can do a lot of the work for you. This can include planning the move, packing your belongings safely and moving them to your destination including any paperwork. Below we have compiled a list of [&hellip;]<\/p>\n","protected":false},"author":4,"featured_media":11338,"parent":190,"menu_order":0,"comment_status":"closed","ping_status":"closed","template":"","meta":{"_genesis_hide_title":false,"_genesis_hide_breadcrumbs":false,"_genesis_hide_singular_image":false,"_genesis_hide_footer_widgets":false,"_genesis_custom_body_class":"","_genesis_custom_post_class":"","_genesis_layout":"","footnotes":""},"class_list":{"0":"post-11622","1":"page","2":"type-page","3":"status-publish","4":"has-post-thumbnail","6":"entry"},"_links":{"self":[{"href":"https:\/\/moverdb.com\/sk\/wp-json\/wp\/v2\/pages\/11622","targetHints":{"allow":["GET"]}}],"collection":[{"href":"https:\/\/moverdb.com\/sk\/wp-json\/wp\/v2\/pages"}],"about":[{"href":"https:\/\/moverdb.com\/sk\/wp-json\/wp\/v2\/types\/page"}],"author":[{"embeddable":true,"href":"https:\/\/moverdb.com\/sk\/wp-json\/wp\/v2\/users\/4"}],"replies":[{"embeddable":true,"href":"https:\/\/moverdb.com\/sk\/wp-json\/wp\/v2\/comments?post=11622"}],"version-history":[{"count":2,"href":"https:\/\/moverdb.com\/sk\/wp-json\/wp\/v2\/pages\/11622\/revisions"}],"predecessor-version":[{"id":11627,"href":"https:\/\/moverdb.com\/sk\/wp-json\/wp\/v2\/pages\/11622\/revisions\/11627"}],"up":[{"embeddable":true,"href":"https:\/\/moverdb.com\/sk\/wp-json\/wp\/v2\/pages\/190"}],"wp:featuredmedia":[{"embeddable":true,"href":"https:\/\/moverdb.com\/sk\/wp-json\/wp\/v2\/media\/11338"}],"wp:attachment":[{"href":"https:\/\/moverdb.com\/sk\/wp-json\/wp\/v2\/media?parent=11622"}],"curies":[{"name":"wp","href":"https:\/\/api.w.org\/{rel}","templated":true}]}}