{"id":11619,"date":"2023-11-29T10:52:33","date_gmt":"2023-11-29T10:52:33","guid":{"rendered":"https:\/\/moverdb.com\/?page_id=11619"},"modified":"2026-01-08T15:28:59","modified_gmt":"2026-01-08T15:28:59","slug":"moving-companies-us-missouri","status":"publish","type":"page","link":"https:\/\/moverdb.com\/sk\/moving-companies\/moving-companies-us-missouri\/","title":{"rendered":"5 najlep\u0161\u00edch medzin\u00e1rodn\u00fdch s\u0165ahovac\u00edch spolo\u010dnost\u00ed v Missouri"},"content":{"rendered":"<p>Ke\u010f pl\u00e1nujete s\u0165ahovanie, urob\u00edte v\u0161etko sami alebo v\u00e1m pom\u00f4\u017ee <a href=\"https:\/\/moverdb.com\/sk\/moving-companies\/\" data-internallinksmanager029f6b8e52c=\"79\" title=\"Top 25 medzin\u00e1rodn\u00fdch s\u0165ahovac\u00edch spolo\u010dnost\u00ed online\">s\u0165ahovacia spolo\u010dnos\u0165<\/a>? M\u00f4\u017eu v\u00e1m pom\u00f4c\u0165 s balen\u00edm, prepravou a dokument\u00e1ciou, aby v\u00e1s odbremenili. Ni\u017e\u0161ie sme zostavili zoznam <a href=\"https:\/\/moverdb.com\/sk\/moving-to-the-united-states\/moving-to-missouri\/\" data-internallinksmanager029f6b8e52c=\"460\" title=\"S\u0165ahovanie do Missouri? 2024 N\u00e1klady na b\u00fdvanie a tipy na pres\u0165ahovanie\">Missouri<\/a> na str\u00e1nke . <a href=\"https:\/\/moverdb.com\/sk\/international-removals\/\" data-internallinksmanager029f6b8e52c=\"27\" title=\"36 najlep\u0161\u00edch medzin\u00e1rodn\u00fdch s\u0165ahovac\u00edch spolo\u010dnost\u00ed v Spojenom kr\u00e1\u013eovstve\">s\u0165ahovacie spolo\u010dnosti<\/a> ktor\u00e9 s\u00fa \u010dlenmi <a href=\"https:\/\/moverdb.com\/sk\/iam\/\" data-internallinksmanager029f6b8e52c=\"23\" title=\"Vysvetlenie Medzin\u00e1rodnej asoci\u00e1cie s\u0165ahovate\u013eov (IAM)\">Medzin\u00e1rodn\u00e1 asoci\u00e1cia s\u0165ahovate\u013eov<\/a> (IAM) a\/alebo <a href=\"https:\/\/moverdb.com\/sk\/fidi-faim\/\" data-internallinksmanager029f6b8e52c=\"16\" title=\"Vysvetlenie FIDI a FAIM (FIDI akreditovan\u00fd medzin\u00e1rodn\u00fd prepravca)\">FIDI<\/a> Akreditovan\u00fd medzin\u00e1rodn\u00fd prepravca (FAIM), ktor\u00fd by v\u00e1m mohol pom\u00f4c\u0165 pri s\u0165ahovan\u00ed.<\/p>\n<div id=\"ez-toc-container\" class=\"ez-toc-v2_0_82_2 ez-toc-wrap-left counter-hierarchy ez-toc-counter ez-toc-transparent ez-toc-container-direction\">\n<div class=\"ez-toc-title-container\">\n<p class=\"ez-toc-title\" style=\"cursor:inherit\">Sekcie<\/p>\n<span class=\"ez-toc-title-toggle\"><a href=\"#\" class=\"ez-toc-pull-right ez-toc-btn ez-toc-btn-xs ez-toc-btn-default ez-toc-toggle\" aria-label=\"Prep\u00ednanie tabu\u013eky obsahu\"><span class=\"ez-toc-js-icon-con\"><span class=\"\"><span class=\"eztoc-hide\" style=\"display:none;\">Prep\u00edna\u010d<\/span><span class=\"ez-toc-icon-toggle-span\"><svg style=\"fill: #999;color:#999\" xmlns=\"http:\/\/www.w3.org\/2000\/svg\" class=\"list-377408\" width=\"20px\" height=\"20px\" viewbox=\"0 0 24 24\" fill=\"none\"><path d=\"M6 6H4v2h2V6zm14 0H8v2h12V6zM4 11h2v2H4v-2zm16 0H8v2h12v-2zM4 16h2v2H4v-2zm16 0H8v2h12v-2z\" fill=\"currentColor\"><\/path><\/svg><svg style=\"fill: #999;color:#999\" class=\"arrow-unsorted-368013\" xmlns=\"http:\/\/www.w3.org\/2000\/svg\" width=\"10px\" height=\"10px\" viewbox=\"0 0 24 24\" version=\"1.2\" baseprofile=\"tiny\"><path d=\"M18.2 9.3l-6.2-6.3-6.2 6.3c-.2.2-.3.4-.3.7s.1.5.3.7c.2.2.4.3.7.3h11c.3 0 .5-.1.7-.3.2-.2.3-.5.3-.7s-.1-.5-.3-.7zM5.8 14.7l6.2 6.3 6.2-6.3c.2-.2.3-.5.3-.7s-.1-.5-.3-.7c-.2-.2-.4-.3-.7-.3h-11c-.3 0-.5.1-.7.3-.2.2-.3.5-.3.7s.1.5.3.7z\"\/><\/svg><\/span><\/span><\/span><\/a><\/span><\/div>\n<nav><ul class='ez-toc-list ez-toc-list-level-1 eztoc-toggle-hide-by-default' ><li class='ez-toc-page-1 ez-toc-heading-level-2'><a class=\"ez-toc-link ez-toc-heading-1\" href=\"https:\/\/moverdb.com\/sk\/moving-companies\/moving-companies-us-missouri\/#1_Compass_Moving\" >1. Kompas Moving<\/a><\/li><li class='ez-toc-page-1 ez-toc-heading-level-2'><a class=\"ez-toc-link ez-toc-heading-2\" href=\"https:\/\/moverdb.com\/sk\/moving-companies\/moving-companies-us-missouri\/#2_Day_Transfer_Company\" >2. Spolo\u010dnos\u0165 Day Transfer<\/a><\/li><li class='ez-toc-page-1 ez-toc-heading-level-2'><a class=\"ez-toc-link ez-toc-heading-3\" href=\"https:\/\/moverdb.com\/sk\/moving-companies\/moving-companies-us-missouri\/#3_Mayflower\" >3. Mayflower<\/a><\/li><li class='ez-toc-page-1 ez-toc-heading-level-2'><a class=\"ez-toc-link ez-toc-heading-4\" href=\"https:\/\/moverdb.com\/sk\/moving-companies\/moving-companies-us-missouri\/#4_The_Cartwright_Co\" >4. The Cartwright Co<\/a><\/li><li class='ez-toc-page-1 ez-toc-heading-level-2'><a class=\"ez-toc-link ez-toc-heading-5\" href=\"https:\/\/moverdb.com\/sk\/moving-companies\/moving-companies-us-missouri\/#5_United_Van_Lines\" >5. United Van Lines<\/a><\/li><\/ul><\/nav><\/div>\n<h2><span class=\"ez-toc-section\" id=\"1_Compass_Moving\"><\/span><strong>1. Kompas Moving<\/strong><span class=\"ez-toc-section-end\"><\/span><\/h2>\n<p><img loading=\"lazy\" decoding=\"async\" class=\"alignnone size-full wp-image-11290\" src=\"https:\/\/moverdb.com\/wp-content\/uploads\/Compass-Moving-international-moving-company.png\" alt=\"Compass Moving medzin\u00e1rodn\u00e9 s\u0165ahovanie spolo\u010dnos\u0165\" width=\"1440\" height=\"676\" data-wp-pid=\"11290\" srcset=\"https:\/\/moverdb.com\/wp-content\/uploads\/Compass-Moving-international-moving-company.png 1440w, https:\/\/moverdb.com\/wp-content\/uploads\/Compass-Moving-international-moving-company-300x141.png 300w, https:\/\/moverdb.com\/wp-content\/uploads\/Compass-Moving-international-moving-company-1024x481.png 1024w, https:\/\/moverdb.com\/wp-content\/uploads\/Compass-Moving-international-moving-company-18x8.png 18w, https:\/\/moverdb.com\/wp-content\/uploads\/Compass-Moving-international-moving-company-600x282.png 600w\" sizes=\"auto, (max-width: 1440px) 100vw, 1440px\" \/><\/p>\n<ul>\n<li>N\u00e1rodn\u00e9 presuny<\/li>\n<li>Medzin\u00e1rodn\u00e9 s\u0165ahovanie<\/li>\n<li>S\u0165ahovanie do obytn\u00fdch priestorov<\/li>\n<li>Vojensk\u00e9 presuny<\/li>\n<li>Ponuka komplexn\u00fdch slu\u017eieb<\/li>\n<li>Baliace slu\u017eby<\/li>\n<li>Pozemn\u00e1 a n\u00e1morn\u00e1 doprava<\/li>\n<li><a href=\"https:\/\/moverdb.com\/sk\/top-49-container-ports\/\" data-internallinksmanager029f6b8e52c=\"80\" title=\"49 najv\u00e4\u010d\u0161\u00edch a najvy\u0165a\u017eenej\u0161\u00edch kontajnerov\u00fdch pr\u00edstavov v roku 2025\">Pr\u00edstav<\/a> slu\u017eby<\/li>\n<li><a href=\"https:\/\/moverdb.com\/sk\/car-transport-shipping\/\" data-internallinksmanager029f6b8e52c=\"2\" title=\"2026 Medzin\u00e1rodn\u00e1 preprava \u00e1ut a cit\u00e1cie prepravy vozidiel\">Preprava vozidiel<\/a><\/li>\n<li>Poistenie<\/li>\n<\/ul>\n<p>Compass Moving je spolo\u010dnos\u0165 s komplexn\u00fdmi slu\u017ebami, ktor\u00e1 bola zalo\u017een\u00e1 v roku 1982 a s\u00eddli v Grandview. Je \u010dlenom IAM so 41-ro\u010dn\u00fdmi sk\u00fasenos\u0165ami, v\u010faka \u010domu m\u00e1 pr\u00edstup k medzin\u00e1rodnej sieti s\u0165ahovac\u00edch agentov, s ktor\u00fdmi m\u00f4\u017ee spolupracova\u0165.<\/p>\n<p>Compass Moving pon\u00faka komplexn\u00e9 <a href=\"https:\/\/moverdb.com\/sk\/quotes\/\" data-internallinksmanager029f6b8e52c=\"26\" title=\"Medzin\u00e1rodn\u00e9 s\u0165ahovanie cit\u00e1cie: 12 ot\u00e1zok, ktor\u00e9 by ste mali polo\u017ei\u0165 svojmu prepravcovi\">s\u0165ahovanie cit\u00e1cie<\/a> bez skryt\u00fdch poplatkov. Poskytuj\u00fa profesion\u00e1lne baliace slu\u017eby v dom\u00e1cnosti, aby bezpe\u010dne zabalili va\u0161e veci na prepravu v zape\u010daten\u00fdch kontajneroch. V pr\u00edpade medzin\u00e1rodn\u00e9ho s\u0165ahovania zabezpe\u010dia prepravu n\u00e1kladn\u00fdm autom a n\u00e1morn\u00fa prepravu. Vybavia v\u0161etky pr\u00edstavn\u00e9 proced\u00fary a v\u0161etky n\u00e1klady s\u00fa zahrnut\u00e9 v cene, rovnako ako z\u00e1kladn\u00e9 poistenie.<\/p>\n<p>Webov\u00e1 lokalita: <a href=\"http:\/\/www.compassmoving.com\" target=\"_blank\" rel=\"noopener\">http:\/\/www.compassmoving.com<\/a><\/p>\n<h2><span class=\"ez-toc-section\" id=\"2_Day_Transfer_Company\"><\/span><strong>2. Spolo\u010dnos\u0165 Day Transfer<\/strong><span class=\"ez-toc-section-end\"><\/span><\/h2>\n<p><img loading=\"lazy\" decoding=\"async\" class=\"alignnone size-full wp-image-11304\" src=\"https:\/\/moverdb.com\/wp-content\/uploads\/Day-Transfer-Moving-Storage-international-moving-company.png\" alt=\"Day Transfer Moving &amp; Storage medzin\u00e1rodn\u00e1 pohybliv\u00e1 spolo\u010dnos\u0165\" width=\"1440\" height=\"677\" data-wp-pid=\"11304\" srcset=\"https:\/\/moverdb.com\/wp-content\/uploads\/Day-Transfer-Moving-Storage-international-moving-company.png 1440w, https:\/\/moverdb.com\/wp-content\/uploads\/Day-Transfer-Moving-Storage-international-moving-company-300x141.png 300w, https:\/\/moverdb.com\/wp-content\/uploads\/Day-Transfer-Moving-Storage-international-moving-company-1024x481.png 1024w, https:\/\/moverdb.com\/wp-content\/uploads\/Day-Transfer-Moving-Storage-international-moving-company-18x8.png 18w, https:\/\/moverdb.com\/wp-content\/uploads\/Day-Transfer-Moving-Storage-international-moving-company-600x282.png 600w\" sizes=\"auto, (max-width: 1440px) 100vw, 1440px\" \/><\/p>\n<ul>\n<li>Miestne s\u0165ahovanie<\/li>\n<li>S\u0165ahovanie na dlh\u00e9 vzdialenosti<\/li>\n<li>S\u0165ahovanie do obytn\u00fdch priestorov<\/li>\n<li>S\u0165ahovanie kancel\u00e1ri\u00ed<\/li>\n<li>Premiest\u0148ovanie firiem<\/li>\n<li>Poradca pre pres\u0165ahovanie<\/li>\n<li>Baliace slu\u017eby<\/li>\n<li>Dopravn\u00e9 opatrenia<\/li>\n<li>Poistenie<\/li>\n<li>Dlhodob\u00e9 a do\u010dasn\u00e9 skladovanie<\/li>\n<\/ul>\n<p>Day Transfer Company je spolo\u010dnos\u0165 poskytuj\u00faca kompletn\u00e9 slu\u017eby v oblasti s\u0165ahovania s pobo\u010dkami v Cape Girardeau, Clarksville, Fayetteville a Montgomery. Je medzi\u0161t\u00e1tnym agentom spolo\u010dnosti National Van Lines, ktor\u00e1 im poskytuje sie\u0165 s\u0165ahovac\u00edch spolo\u010dnost\u00ed, s ktor\u00fdmi m\u00f4\u017eu spolupracova\u0165 pri poskytovan\u00ed svojich slu\u017eieb. S\u00fa \u010dlenom IAM s 90-ro\u010dn\u00fdmi sk\u00fasenos\u0165ami.<\/p>\n<p>Spolo\u010dnos\u0165 Day Transfer Company pon\u00faka komplexn\u00e9 slu\u017eby v oblasti s\u0165ahovania s poradcom pre s\u0165ahovanie, ktor\u00fd v\u00e1m poskytne podporu, alebo pon\u00faka samostatn\u00e9 baliace slu\u017eby. Pon\u00fakaj\u00fa baliace slu\u017eby s profesion\u00e1lne vy\u0161kolen\u00fdm baliacim t\u00edmom, ktor\u00fd ochr\u00e1ni va\u0161e veci pripraven\u00e9 na prepravu a poskytne poistenie pre pokoj du\u0161e. Po pr\u00edchode na miesto v\u00e1m aj vybalia veci.<\/p>\n<p>Webov\u00e1 lokalita: <a href=\"http:\/\/www.daytransferco.com\" target=\"_blank\" rel=\"noopener\">http:\/\/www.daytransferco.com<\/a><\/p>\n<h2><span class=\"ez-toc-section\" id=\"3_Mayflower\"><\/span><strong>3. Mayflower<\/strong><span class=\"ez-toc-section-end\"><\/span><\/h2>\n<p><img loading=\"lazy\" decoding=\"async\" class=\"alignnone size-full wp-image-11372\" src=\"https:\/\/moverdb.com\/wp-content\/uploads\/Mayflower-international-moving-company.png\" alt=\"Mayflower medzin\u00e1rodn\u00e9 s\u0165ahovanie spolo\u010dnos\u0165\" width=\"1440\" height=\"680\" data-wp-pid=\"11372\" srcset=\"https:\/\/moverdb.com\/wp-content\/uploads\/Mayflower-international-moving-company.png 1440w, https:\/\/moverdb.com\/wp-content\/uploads\/Mayflower-international-moving-company-300x142.png 300w, https:\/\/moverdb.com\/wp-content\/uploads\/Mayflower-international-moving-company-1024x484.png 1024w, https:\/\/moverdb.com\/wp-content\/uploads\/Mayflower-international-moving-company-18x9.png 18w, https:\/\/moverdb.com\/wp-content\/uploads\/Mayflower-international-moving-company-600x283.png 600w\" sizes=\"auto, (max-width: 1440px) 100vw, 1440px\" \/><\/p>\n<ul>\n<li>Miestne a vn\u00fatro\u0161t\u00e1tne s\u0165ahovanie<\/li>\n<li>Medzin\u00e1rodn\u00e9 s\u0165ahovanie<\/li>\n<li>S\u0165ahovanie dom\u00e1cnost\u00ed<\/li>\n<li>Premiest\u0148ovanie firiem<\/li>\n<li>Koordin\u00e1tor osobn\u00e9ho presunu<\/li>\n<li>Baliace slu\u017eby<\/li>\n<li>Pozemn\u00e1, n\u00e1morn\u00e1 a leteck\u00e1 doprava<\/li>\n<li>Coln\u00e9 konanie<\/li>\n<li>Preprava vozidiel<\/li>\n<li>Kr\u00e1tkodob\u00e9 a dlhodob\u00e9 skladovanie<\/li>\n<\/ul>\n<p>Mayflower je spolo\u010dnos\u0165 na s\u0165ahovanie a premiest\u0148ovanie zalo\u017een\u00e1 v roku 1927 a je s\u00fa\u010das\u0165ou skupiny UniGroup. M\u00e1 celo\u0161t\u00e1tnu sie\u0165 agentov, ktor\u00ed jej pom\u00e1haj\u00fa pri poskytovan\u00ed s\u0165ahovac\u00edch slu\u017eieb, ako aj medzin\u00e1rodn\u00fdch partnerov, ktor\u00ed poskytuj\u00fa slu\u017eby po celom svete vo viac ako 150 krajin\u00e1ch. S\u00fa \u010dlenom IAM s 37-ro\u010dn\u00fdmi sk\u00fasenos\u0165ami.<\/p>\n<p>Osobn\u00fd koordin\u00e1tor s\u0165ahovania spolo\u010dnosti Mayflower v\u00e1m pom\u00f4\u017ee napl\u00e1nova\u0165 s\u0165ahovanie a pom\u00f4\u017ee v\u00e1m pri rozhodovan\u00ed o s\u0165ahovan\u00ed na mieru v r\u00e1mci pl\u00e1nu s\u0165ahovania. Pon\u00fakaj\u00fa kompletn\u00e9 baliace slu\u017eby na ochranu va\u0161ich vec\u00ed a zjednodu\u0161enie coln\u00e9ho konania. Ak si bal\u00edte sami, vykonaj\u00fa kontrolu, aby sa uistili, \u017ee s\u00fa\u010das\u0165ou balenia nie s\u00fa \u017eiadne zak\u00e1zan\u00e9 predmety.<\/p>\n<p>Webov\u00e1 lokalita: <a href=\"https:\/\/www.mayflower.com\/\" target=\"_blank\" rel=\"noopener\">https:\/\/www.mayflower.com\/<\/a><\/p>\n<h2><span class=\"ez-toc-section\" id=\"4_The_Cartwright_Co\"><\/span><strong>4. The Cartwright Co<\/strong><span class=\"ez-toc-section-end\"><\/span><\/h2>\n<p><img loading=\"lazy\" decoding=\"async\" class=\"alignnone size-full wp-image-11454\" src=\"https:\/\/moverdb.com\/wp-content\/uploads\/The-Cartwright-Co-international-moving-company.png\" alt=\"The Cartwright Co medzin\u00e1rodn\u00e1 s\u0165ahovacia spolo\u010dnos\u0165\" width=\"1440\" height=\"679\" data-wp-pid=\"11454\" srcset=\"https:\/\/moverdb.com\/wp-content\/uploads\/The-Cartwright-Co-international-moving-company.png 1440w, https:\/\/moverdb.com\/wp-content\/uploads\/The-Cartwright-Co-international-moving-company-300x141.png 300w, https:\/\/moverdb.com\/wp-content\/uploads\/The-Cartwright-Co-international-moving-company-1024x483.png 1024w, https:\/\/moverdb.com\/wp-content\/uploads\/The-Cartwright-Co-international-moving-company-18x8.png 18w, https:\/\/moverdb.com\/wp-content\/uploads\/The-Cartwright-Co-international-moving-company-600x283.png 600w\" sizes=\"auto, (max-width: 1440px) 100vw, 1440px\" \/><\/p>\n<ul>\n<li>N\u00e1rodn\u00e9 presuny<\/li>\n<li>Medzin\u00e1rodn\u00e9 s\u0165ahovanie<\/li>\n<li>S\u0165ahovanie dom\u00e1cnost\u00ed<\/li>\n<li>Obchodn\u00e9 kroky<\/li>\n<li>Premiest\u0148ovanie firiem<\/li>\n<li>Koncov\u00e9 pohyby<\/li>\n<li>Riadenie presunu<\/li>\n<li>S\u0165ahovanie dom\u00e1cich zvierat<\/li>\n<li>Preprava vozidiel<\/li>\n<li>Cie\u013eov\u00e9 slu\u017eby<\/li>\n<\/ul>\n<p>Spolo\u010dnos\u0165 Cartwright Co je glob\u00e1lna spolo\u010dnos\u0165 zaoberaj\u00faca sa mobilitou, premiest\u0148ovan\u00edm a s\u0165ahovan\u00edm, ktor\u00e1 vznikla v roku 1934 a s\u00eddli v Grandview. Medzi jej spolo\u010dnosti patria AmWorld Transport, Cox Moving, Foremost Forwarders a Domestic Military Services. S\u00fa \u010dlenom IAM s 55-ro\u010dn\u00fdmi sk\u00fasenos\u0165ami.<\/p>\n<p>Spolo\u010dnos\u0165 Cartwright Co obsluhuje 187 kraj\u00edn a \u0161pecializuje sa na slu\u017eby pre podniky a vl\u00e1dy vr\u00e1tane vojensk\u00e9ho person\u00e1lu, ale zabezpe\u010duje aj s\u0165ahovanie s\u00fakromn\u00fdch dom\u00e1cnost\u00ed. Pon\u00faka flexibiln\u00e9 rie\u0161enia s\u0165ahovania prisp\u00f4soben\u00e9 va\u0161im potreb\u00e1m, ktor\u00e9 m\u00f4\u017eu zah\u0155\u0148a\u0165 balenie, prepravu a cie\u013eov\u00e9 slu\u017eby. Medzi ich \u010fal\u0161ie slu\u017eby patr\u00ed s\u0165ahovanie dom\u00e1cich zvierat, preprava vozidiel, do\u010dasn\u00e9 ubytovanie, vyh\u013ead\u00e1vanie \u0161k\u00f4l a slu\u017eby concierge.<\/p>\n<p>Webov\u00e1 lokalita: <a href=\"https:\/\/cartwrightcompanies.com\" target=\"_blank\" rel=\"noopener\">https:\/\/cartwrightcompanies.com<\/a><\/p>\n<h2><span class=\"ez-toc-section\" id=\"5_United_Van_Lines\"><\/span><strong>5. United Van Lines<\/strong><span class=\"ez-toc-section-end\"><\/span><\/h2>\n<p><img loading=\"lazy\" decoding=\"async\" class=\"alignnone size-full wp-image-11468\" src=\"https:\/\/moverdb.com\/wp-content\/uploads\/United-Van-Lines-US-international-moving-company.png\" alt=\"United Van Lines USA medzin\u00e1rodn\u00e9 s\u0165ahovanie spolo\u010dnos\u0165\" width=\"1440\" height=\"678\" data-wp-pid=\"11468\" srcset=\"https:\/\/moverdb.com\/wp-content\/uploads\/United-Van-Lines-US-international-moving-company.png 1440w, https:\/\/moverdb.com\/wp-content\/uploads\/United-Van-Lines-US-international-moving-company-300x141.png 300w, https:\/\/moverdb.com\/wp-content\/uploads\/United-Van-Lines-US-international-moving-company-1024x482.png 1024w, https:\/\/moverdb.com\/wp-content\/uploads\/United-Van-Lines-US-international-moving-company-18x8.png 18w, https:\/\/moverdb.com\/wp-content\/uploads\/United-Van-Lines-US-international-moving-company-600x283.png 600w\" sizes=\"auto, (max-width: 1440px) 100vw, 1440px\" \/><\/p>\n<ul>\n<li>Miestne a dia\u013ekov\u00e9 presuny<\/li>\n<li>Medzin\u00e1rodn\u00e9 s\u0165ahovanie<\/li>\n<li>S\u0165ahovanie do obytn\u00fdch priestorov<\/li>\n<li>S\u0165ahovanie firiem<\/li>\n<li>Personalizovan\u00e9 slu\u017eby<\/li>\n<li>Koordin\u00e1tor osobn\u00e9ho presunu<\/li>\n<li>Baliace slu\u017eby<\/li>\n<li>Preprava automobilov<\/li>\n<li>Poistenie<\/li>\n<li>Kr\u00e1tkodob\u00e9 a dlhodob\u00e9 skladovanie<\/li>\n<\/ul>\n<p>United Van Lines je skupina s\u0165ahovac\u00edch spolo\u010dnost\u00ed, ktor\u00e1 pon\u00faka slu\u017eby na mieru a s\u00eddli v meste Fenton. Ich \u0161irok\u00e1 sie\u0165 s\u0165ahovac\u00edch agentov im umo\u017e\u0148uje poskytova\u0165 svoje slu\u017eby na n\u00e1rodnej aj medzin\u00e1rodnej \u00farovni. S\u00fa \u010dlenom IAM s 81-ro\u010dn\u00fdmi sk\u00fasenos\u0165ami a maj\u00fa akredit\u00e1ciu FIDI.<\/p>\n<p>Spolo\u010dnos\u0165 United Van Lines poskytuje komplexn\u00e9 slu\u017eby v oblasti s\u0165ahovania, ktor\u00e9 zah\u0155\u0148aj\u00fa osobn\u00e9ho koordin\u00e1tora s\u0165ahovania a plnohodnotn\u00fa ochranu va\u0161ich vec\u00ed. Pon\u00fakaj\u00fa aj individu\u00e1lny pr\u00edstup, ktor\u00fd v\u00e1m umo\u017en\u00ed vybra\u0165 si, s ktor\u00fdmi slu\u017ebami v\u00e1m pom\u00f4\u017eu.  Pon\u00fakaj\u00fa prisp\u00f4sobite\u013en\u00e9 baliace slu\u017eby, ktor\u00e9 v\u00e1m pom\u00f4\u017eu s ochranou va\u0161ich vec\u00ed a m\u00f4\u017eu v\u00e1m pom\u00f4c\u0165 s vybalen\u00edm po pr\u00edchode.<\/p>\n<p>Webov\u00e1 lokalita: <a href=\"https:\/\/www.unitedvanlines.com\" target=\"_blank\" rel=\"noopener\">https:\/\/www.unitedvanlines.com<\/a><\/p>","protected":false},"excerpt":{"rendered":"<p>When you are planning your move will you do everything yourself or will you get some help from a moving company? They can help with packing, transportation and documentation to reduce the pressure on you. Below we have compiled a list of Missouri based removal companies that are members of the International Association of Movers [&hellip;]<\/p>\n","protected":false},"author":4,"featured_media":11290,"parent":190,"menu_order":0,"comment_status":"closed","ping_status":"closed","template":"","meta":{"_genesis_hide_title":false,"_genesis_hide_breadcrumbs":false,"_genesis_hide_singular_image":false,"_genesis_hide_footer_widgets":false,"_genesis_custom_body_class":"","_genesis_custom_post_class":"","_genesis_layout":"","footnotes":""},"class_list":{"0":"post-11619","1":"page","2":"type-page","3":"status-publish","4":"has-post-thumbnail","6":"entry"},"_links":{"self":[{"href":"https:\/\/moverdb.com\/sk\/wp-json\/wp\/v2\/pages\/11619","targetHints":{"allow":["GET"]}}],"collection":[{"href":"https:\/\/moverdb.com\/sk\/wp-json\/wp\/v2\/pages"}],"about":[{"href":"https:\/\/moverdb.com\/sk\/wp-json\/wp\/v2\/types\/page"}],"author":[{"embeddable":true,"href":"https:\/\/moverdb.com\/sk\/wp-json\/wp\/v2\/users\/4"}],"replies":[{"embeddable":true,"href":"https:\/\/moverdb.com\/sk\/wp-json\/wp\/v2\/comments?post=11619"}],"version-history":[{"count":2,"href":"https:\/\/moverdb.com\/sk\/wp-json\/wp\/v2\/pages\/11619\/revisions"}],"predecessor-version":[{"id":11621,"href":"https:\/\/moverdb.com\/sk\/wp-json\/wp\/v2\/pages\/11619\/revisions\/11621"}],"up":[{"embeddable":true,"href":"https:\/\/moverdb.com\/sk\/wp-json\/wp\/v2\/pages\/190"}],"wp:featuredmedia":[{"embeddable":true,"href":"https:\/\/moverdb.com\/sk\/wp-json\/wp\/v2\/media\/11290"}],"wp:attachment":[{"href":"https:\/\/moverdb.com\/sk\/wp-json\/wp\/v2\/media?parent=11619"}],"curies":[{"name":"wp","href":"https:\/\/api.w.org\/{rel}","templated":true}]}}