{"id":11617,"date":"2023-11-29T10:32:37","date_gmt":"2023-11-29T10:32:37","guid":{"rendered":"https:\/\/moverdb.com\/?page_id=11617"},"modified":"2026-01-08T15:24:23","modified_gmt":"2026-01-08T15:24:23","slug":"moving-companies-us-minnesota","status":"publish","type":"page","link":"https:\/\/moverdb.com\/sk\/moving-companies\/moving-companies-us-minnesota\/","title":{"rendered":"3 najlep\u0161ie medzin\u00e1rodn\u00e9 s\u0165ahovacie spolo\u010dnosti v Minnesote"},"content":{"rendered":"<p>S\u0165ahovanie m\u00f4\u017ee by\u0165 ve\u013ek\u00fdm prevratom a je potrebn\u00e9 toho ve\u013ea zariadi\u0165, tak pre\u010do sa nezbavi\u0165 \u010dasti tlaku t\u00fdm, \u017ee si nech\u00e1te <a href=\"https:\/\/moverdb.com\/sk\/moving-companies\/\" data-internallinksmanager029f6b8e52c=\"79\" title=\"Top 25 medzin\u00e1rodn\u00fdch s\u0165ahovac\u00edch spolo\u010dnost\u00ed online\">s\u0165ahovacia spolo\u010dnos\u0165<\/a> manipulova\u0165 s va\u0161imi vecami? M\u00f4\u017eu zorganizova\u0165 logistiku s\u0165ahovania, ako aj balenie a v pr\u00edpade potreby vybavi\u0165 coln\u00e9 z\u00e1le\u017eitosti. Ni\u017e\u0161ie sme zostavili zoznam <a href=\"https:\/\/moverdb.com\/sk\/moving-to-the-united-states\/moving-to-minnesota\/\" data-internallinksmanager029f6b8e52c=\"443\" title=\"S\u0165ahovanie do Minnesoty? 2026 N\u00e1klady na b\u00fdvanie a tipy na pres\u0165ahovanie\">Minnesota<\/a> na str\u00e1nke . <a href=\"https:\/\/moverdb.com\/sk\/international-removals\/\" data-internallinksmanager029f6b8e52c=\"27\" title=\"36 najlep\u0161\u00edch medzin\u00e1rodn\u00fdch s\u0165ahovac\u00edch spolo\u010dnost\u00ed v Spojenom kr\u00e1\u013eovstve\">s\u0165ahovacie spolo\u010dnosti<\/a> ktor\u00e9 s\u00fa \u010dlenmi <a href=\"https:\/\/moverdb.com\/sk\/iam\/\" data-internallinksmanager029f6b8e52c=\"23\" title=\"Vysvetlenie Medzin\u00e1rodnej asoci\u00e1cie s\u0165ahovate\u013eov (IAM)\">Medzin\u00e1rodn\u00e1 asoci\u00e1cia s\u0165ahovate\u013eov<\/a> (IAM) a\/alebo <a href=\"https:\/\/moverdb.com\/sk\/fidi-faim\/\" data-internallinksmanager029f6b8e52c=\"16\" title=\"Vysvetlenie FIDI a FAIM (FIDI akreditovan\u00fd medzin\u00e1rodn\u00fd prepravca)\">FIDI<\/a> Akreditovan\u00fd medzin\u00e1rodn\u00fd prepravca (FAIM), ktor\u00fd by v\u00e1m mohol pom\u00f4c\u0165 pri s\u0165ahovan\u00ed.<\/p>\n<h2><strong>1. Ak\u010dn\u00e9 s\u0165ahovacie slu\u017eby<\/strong><\/h2>\n<p><img loading=\"lazy\" decoding=\"async\" class=\"alignnone size-full wp-image-11242\" src=\"https:\/\/moverdb.com\/wp-content\/uploads\/Action-Moving-Services-international-moving-company.png\" alt=\"Action Moving Services medzin\u00e1rodn\u00e9 s\u0165ahovanie spolo\u010dnos\u0165\" width=\"1440\" height=\"678\" data-wp-pid=\"11242\" srcset=\"https:\/\/moverdb.com\/wp-content\/uploads\/Action-Moving-Services-international-moving-company.png 1440w, https:\/\/moverdb.com\/wp-content\/uploads\/Action-Moving-Services-international-moving-company-300x141.png 300w, https:\/\/moverdb.com\/wp-content\/uploads\/Action-Moving-Services-international-moving-company-1024x482.png 1024w, https:\/\/moverdb.com\/wp-content\/uploads\/Action-Moving-Services-international-moving-company-18x8.png 18w, https:\/\/moverdb.com\/wp-content\/uploads\/Action-Moving-Services-international-moving-company-600x283.png 600w\" sizes=\"auto, (max-width: 1440px) 100vw, 1440px\" \/><\/p>\n<ul>\n<li>Miestne a dia\u013ekov\u00e9 presuny<\/li>\n<li>Medzin\u00e1rodn\u00e9 s\u0165ahovanie<\/li>\n<li>S\u0165ahovanie dom\u00e1cnost\u00ed<\/li>\n<li>S\u0165ahovanie kancel\u00e1rskych a priemyseln\u00fdch priestorov<\/li>\n<li>Premiest\u0148ovanie firiem<\/li>\n<li>Komplexn\u00e9 rie\u0161enia<\/li>\n<li>Baliace slu\u017eby<\/li>\n<li>Coln\u00e1 podpora<\/li>\n<li>Manipul\u00e1cia s umeleck\u00fdmi dielami<\/li>\n<li>Slu\u017eby skladovania<\/li>\n<\/ul>\n<p>Action Moving Services je miestna a medzin\u00e1rodn\u00e1 s\u0165ahovacia spolo\u010dnos\u0165 so s\u00eddlom v South Burnsville. Je medzi\u0161t\u00e1tnym agentom spolo\u010dnosti Atlas Van Lines, ktor\u00e1 im poskytuje n\u00e1rodn\u00fa a medzin\u00e1rodn\u00fa sie\u0165 s\u0165ahovac\u00edch agentov, s ktor\u00fdmi m\u00f4\u017eu spolupracova\u0165. S\u00fa \u010dlenom IAM so 42 rokmi sk\u00fasenost\u00ed.<\/p>\n<p>Spolo\u010dnos\u0165 Action Moving Services pon\u00faka komplexn\u00e9 s\u0165ahovacie a s\u0165ahovacie slu\u017eby, ktor\u00e9 sa postaraj\u00fa o v\u0161etky aspekty v\u00e1\u0161ho s\u0165ahovania. Ich slu\u017eby zah\u0155\u0148aj\u00fa bezpe\u010dn\u00e9 zabalenie va\u0161ich vec\u00ed na prepravu a ich vybalenie po pr\u00edchode na miesto ur\u010denia. Zabezpe\u010dia prepravu va\u0161ich vec\u00ed a poskytn\u00fa pomoc pri coln\u00fdch \u00fakonoch.<\/p>\n<p>Webov\u00e1 lokalita: <a href=\"http:\/\/actionmoving.com\/\" target=\"_blank\" rel=\"noopener\">http:\/\/actionmoving.com\/<\/a><\/p>\n<h2><strong>2. Beltmann Moving &amp; Storage<\/strong><\/h2>\n<p><img loading=\"lazy\" decoding=\"async\" class=\"alignnone size-full wp-image-11269\" src=\"https:\/\/moverdb.com\/wp-content\/uploads\/Beltmann-Relocation-Group-international-moving-company.png\" alt=\"Beltmann Relocation Group medzin\u00e1rodn\u00e1 s\u0165ahovacia spolo\u010dnos\u0165\" width=\"1440\" height=\"682\" data-wp-pid=\"11269\" srcset=\"https:\/\/moverdb.com\/wp-content\/uploads\/Beltmann-Relocation-Group-international-moving-company.png 1440w, https:\/\/moverdb.com\/wp-content\/uploads\/Beltmann-Relocation-Group-international-moving-company-300x142.png 300w, https:\/\/moverdb.com\/wp-content\/uploads\/Beltmann-Relocation-Group-international-moving-company-1024x485.png 1024w, https:\/\/moverdb.com\/wp-content\/uploads\/Beltmann-Relocation-Group-international-moving-company-18x9.png 18w, https:\/\/moverdb.com\/wp-content\/uploads\/Beltmann-Relocation-Group-international-moving-company-600x284.png 600w\" sizes=\"auto, (max-width: 1440px) 100vw, 1440px\" \/><\/p>\n<ul>\n<li>Miestne a vn\u00fatro\u0161t\u00e1tne s\u0165ahovanie<\/li>\n<li>Medzin\u00e1rodn\u00e9 s\u0165ahovanie<\/li>\n<li>S\u0165ahovanie do obytn\u00fdch priestorov<\/li>\n<li>S\u0165ahovanie kancel\u00e1ri\u00ed<\/li>\n<li>Premiest\u0148ovanie firiem<\/li>\n<li>Koordin\u00e1tor presunu<\/li>\n<li>Baliace slu\u017eby<\/li>\n<li>Zabezpe\u010denie dopravy<\/li>\n<li>Coln\u00e1 manipul\u00e1cia<\/li>\n<li>Bezpe\u010dn\u00e9 kr\u00e1tkodob\u00e9 a dlhodob\u00e9 skladovanie<\/li>\n<\/ul>\n<p>Beltmann Moving &amp; Storage je spolo\u010dnos\u0165 p\u00f4sobiaca od roku 1923 s 11 pobo\u010dkami v celej <a href=\"https:\/\/moverdb.com\/sk\/moving-to-the-united-states\/\" data-internallinksmanager029f6b8e52c=\"94\" title=\"S\u0165ahujete sa do Spojen\u00fdch \u0161t\u00e1tov? 2022 \u017divotn\u00e9 n\u00e1klady a tipy na pres\u0165ahovanie\">US<\/a> vr\u00e1tane mesta Roseville. S\u00fa agentom spolo\u010dnosti North American Van Lines, \u010do im umo\u017e\u0148uje pr\u00edstup ku glob\u00e1lnej sieti s\u0165ahovac\u00edch a skladovac\u00edch spolo\u010dnost\u00ed. S\u00fa \u010dlenom IAM s 25-ro\u010dn\u00fdmi sk\u00fasenos\u0165ami.<\/p>\n<p>Spolo\u010dnos\u0165 Beltmann Moving &amp; Storage v\u00e1m pom\u00f4\u017ee zjednodu\u0161i\u0165 s\u0165ahovanie po\u010dn\u00fac napl\u00e1novan\u00edm bezplatn\u00e9ho odhadu s\u0165ahovania. Poskytn\u00fa v\u00e1m koordin\u00e1tora s\u0165ahovania a prisp\u00f4sobia svoje slu\u017eby va\u0161im potreb\u00e1m. Poskytuj\u00fa baliace slu\u017eby, ktor\u00e9 zah\u0155\u0148aj\u00fa demont\u00e1\u017e a mont\u00e1\u017e n\u00e1bytku a vybalenie po pr\u00edchode.<\/p>\n<p>Webov\u00e1 lokalita: <a href=\"http:\/\/www.beltmann.com\" target=\"_blank\" rel=\"noopener\">http:\/\/www.beltmann.com<\/a><\/p>\n<h2><strong>3. Berger Moving &amp; Storage<\/strong><\/h2>\n<p><img loading=\"lazy\" decoding=\"async\" class=\"alignnone size-full wp-image-11270\" src=\"https:\/\/moverdb.com\/wp-content\/uploads\/Berger-Moving-Storage-international-moving-company.png\" alt=\"Berger Moving &amp; Storage medzin\u00e1rodn\u00e9 s\u0165ahovanie spolo\u010dnos\u0165\" width=\"1440\" height=\"677\" data-wp-pid=\"11270\" srcset=\"https:\/\/moverdb.com\/wp-content\/uploads\/Berger-Moving-Storage-international-moving-company.png 1440w, https:\/\/moverdb.com\/wp-content\/uploads\/Berger-Moving-Storage-international-moving-company-300x141.png 300w, https:\/\/moverdb.com\/wp-content\/uploads\/Berger-Moving-Storage-international-moving-company-1024x481.png 1024w, https:\/\/moverdb.com\/wp-content\/uploads\/Berger-Moving-Storage-international-moving-company-18x8.png 18w, https:\/\/moverdb.com\/wp-content\/uploads\/Berger-Moving-Storage-international-moving-company-600x282.png 600w\" sizes=\"auto, (max-width: 1440px) 100vw, 1440px\" \/><\/p>\n<ul>\n<li>Miestne a dia\u013ekov\u00e9 presuny<\/li>\n<li>Medzin\u00e1rodn\u00e9 s\u0165ahovanie<\/li>\n<li>S\u0165ahovanie dom\u00e1cnost\u00ed<\/li>\n<li>Komer\u010dn\u00e9 presuny<\/li>\n<li>Koordin\u00e1tor premiest\u0148ovania<\/li>\n<li>Baliace slu\u017eby<\/li>\n<li>S\u00fapis polo\u017eiek<\/li>\n<li>Zabezpe\u010denie dopravy<\/li>\n<li>Coln\u00e9 konanie<\/li>\n<li>Kr\u00e1tkodob\u00e9 skladovanie<\/li>\n<\/ul>\n<p>Berger Moving &amp; Storage je prepravn\u00e1 spolo\u010dnos\u0165 zalo\u017een\u00e1 v roku 1910 so s\u00eddlom v Saint Paul a sie\u0165ou 16 pobo\u010diek po celej krajine. Je agentom spolo\u010dnosti Allied Van Lines, ktor\u00e1 je medzin\u00e1rodnou sie\u0165ou s\u0165ahovac\u00edch agent\u00far. S\u00fa \u010dlenom IAM so 113-ro\u010dn\u00fdmi sk\u00fasenos\u0165ami.<\/p>\n<p>Spolo\u010dnos\u0165 Berger Moving &amp; Storage pon\u00faka bezplatn\u00fd odhad s\u0165ahovania na mieste alebo virtu\u00e1lne s medzin\u00e1rodn\u00fdm poradcom. Koordin\u00e1tor s\u0165ahovania v\u00e1s prevedie cel\u00fdm procesom a ur\u010d\u00ed, ak\u00e9 dokumenty s\u00fa potrebn\u00e9. Ich baliace slu\u017eby pou\u017e\u00edvaj\u00fa medzin\u00e1rodn\u00e9 baliace met\u00f3dy a materi\u00e1ly na ochranu va\u0161ich vec\u00ed a vytvoria s\u00fapis.<\/p>\n<p>Webov\u00e1 lokalita: <a href=\"https:\/\/www.bergerallied.com\" target=\"_blank\" rel=\"noopener\">https:\/\/www.bergerallied.com<\/a><\/p>","protected":false},"excerpt":{"rendered":"<p>Moving can be a big upheaval and there is a lot to arrange, so why not take some of the pressure off by letting a moving company handle your belongings? They can organise the logistics of your move as well as packing and deal with customs if needed. Below we have compiled a list of [&hellip;]<\/p>\n","protected":false},"author":4,"featured_media":11242,"parent":190,"menu_order":0,"comment_status":"closed","ping_status":"closed","template":"","meta":{"_genesis_hide_title":false,"_genesis_hide_breadcrumbs":false,"_genesis_hide_singular_image":false,"_genesis_hide_footer_widgets":false,"_genesis_custom_body_class":"","_genesis_custom_post_class":"","_genesis_layout":"","footnotes":""},"class_list":{"0":"post-11617","1":"page","2":"type-page","3":"status-publish","4":"has-post-thumbnail","6":"entry"},"_links":{"self":[{"href":"https:\/\/moverdb.com\/sk\/wp-json\/wp\/v2\/pages\/11617","targetHints":{"allow":["GET"]}}],"collection":[{"href":"https:\/\/moverdb.com\/sk\/wp-json\/wp\/v2\/pages"}],"about":[{"href":"https:\/\/moverdb.com\/sk\/wp-json\/wp\/v2\/types\/page"}],"author":[{"embeddable":true,"href":"https:\/\/moverdb.com\/sk\/wp-json\/wp\/v2\/users\/4"}],"replies":[{"embeddable":true,"href":"https:\/\/moverdb.com\/sk\/wp-json\/wp\/v2\/comments?post=11617"}],"version-history":[{"count":1,"href":"https:\/\/moverdb.com\/sk\/wp-json\/wp\/v2\/pages\/11617\/revisions"}],"predecessor-version":[{"id":11618,"href":"https:\/\/moverdb.com\/sk\/wp-json\/wp\/v2\/pages\/11617\/revisions\/11618"}],"up":[{"embeddable":true,"href":"https:\/\/moverdb.com\/sk\/wp-json\/wp\/v2\/pages\/190"}],"wp:featuredmedia":[{"embeddable":true,"href":"https:\/\/moverdb.com\/sk\/wp-json\/wp\/v2\/media\/11242"}],"wp:attachment":[{"href":"https:\/\/moverdb.com\/sk\/wp-json\/wp\/v2\/media?parent=11617"}],"curies":[{"name":"wp","href":"https:\/\/api.w.org\/{rel}","templated":true}]}}