{"id":11613,"date":"2023-11-29T10:44:05","date_gmt":"2023-11-29T10:44:05","guid":{"rendered":"https:\/\/moverdb.com\/?page_id=11613"},"modified":"2026-01-08T15:28:57","modified_gmt":"2026-01-08T15:28:57","slug":"moving-companies-us-michigan","status":"publish","type":"page","link":"https:\/\/moverdb.com\/sk\/moving-companies\/moving-companies-us-michigan\/","title":{"rendered":"5 najlep\u0161\u00edch medzin\u00e1rodn\u00fdch s\u0165ahovac\u00edch spolo\u010dnost\u00ed v Michigane"},"content":{"rendered":"<p>Pl\u00e1nujete s\u0165ahovanie? Ak \u00e1no, mo\u017eno budete chcie\u0165 zamestna\u0165 <a href=\"https:\/\/moverdb.com\/sk\/moving-companies\/\" data-internallinksmanager029f6b8e52c=\"79\" title=\"Top 25 medzin\u00e1rodn\u00fdch s\u0165ahovac\u00edch spolo\u010dnost\u00ed online\">s\u0165ahovacia spolo\u010dnos\u0165<\/a> aby v\u00e1m pomohli. Pom\u00f4\u017eu v\u00e1m s pl\u00e1novan\u00edm s\u0165ahovania, balen\u00edm, logistikou a coln\u00fdmi postupmi v pr\u00edpade s\u0165ahovania do inej krajiny. Ni\u017e\u0161ie sme zostavili zoznam <a href=\"https:\/\/moverdb.com\/sk\/moving-to-the-united-states\/moving-to-michigan\/\" data-internallinksmanager029f6b8e52c=\"414\" title=\"S\u0165ahovanie do Michiganu? 2026 N\u00e1klady na b\u00fdvanie a tipy na pres\u0165ahovanie\">Michigan<\/a> na str\u00e1nke . <a href=\"https:\/\/moverdb.com\/sk\/international-removals\/\" data-internallinksmanager029f6b8e52c=\"27\" title=\"36 najlep\u0161\u00edch medzin\u00e1rodn\u00fdch s\u0165ahovac\u00edch spolo\u010dnost\u00ed v Spojenom kr\u00e1\u013eovstve\">s\u0165ahovacie spolo\u010dnosti<\/a> ktor\u00e9 s\u00fa \u010dlenmi <a href=\"https:\/\/moverdb.com\/sk\/iam\/\" data-internallinksmanager029f6b8e52c=\"23\" title=\"Vysvetlenie Medzin\u00e1rodnej asoci\u00e1cie s\u0165ahovate\u013eov (IAM)\">Medzin\u00e1rodn\u00e1 asoci\u00e1cia s\u0165ahovate\u013eov<\/a> (IAM) a\/alebo <a href=\"https:\/\/moverdb.com\/sk\/fidi-faim\/\" data-internallinksmanager029f6b8e52c=\"16\" title=\"Vysvetlenie FIDI a FAIM (FIDI akreditovan\u00fd medzin\u00e1rodn\u00fd prepravca)\">FIDI<\/a> Akreditovan\u00fd medzin\u00e1rodn\u00fd prepravca (FAIM), ktor\u00fd by v\u00e1m mohol pom\u00f4c\u0165 pri s\u0165ahovan\u00ed.<\/p>\n<div id=\"ez-toc-container\" class=\"ez-toc-v2_0_82_2 ez-toc-wrap-left counter-hierarchy ez-toc-counter ez-toc-transparent ez-toc-container-direction\">\n<div class=\"ez-toc-title-container\">\n<p class=\"ez-toc-title\" style=\"cursor:inherit\">Sekcie<\/p>\n<span class=\"ez-toc-title-toggle\"><a href=\"#\" class=\"ez-toc-pull-right ez-toc-btn ez-toc-btn-xs ez-toc-btn-default ez-toc-toggle\" aria-label=\"Prep\u00ednanie tabu\u013eky obsahu\"><span class=\"ez-toc-js-icon-con\"><span class=\"\"><span class=\"eztoc-hide\" style=\"display:none;\">Prep\u00edna\u010d<\/span><span class=\"ez-toc-icon-toggle-span\"><svg style=\"fill: #999;color:#999\" xmlns=\"http:\/\/www.w3.org\/2000\/svg\" class=\"list-377408\" width=\"20px\" height=\"20px\" viewbox=\"0 0 24 24\" fill=\"none\"><path d=\"M6 6H4v2h2V6zm14 0H8v2h12V6zM4 11h2v2H4v-2zm16 0H8v2h12v-2zM4 16h2v2H4v-2zm16 0H8v2h12v-2z\" fill=\"currentColor\"><\/path><\/svg><svg style=\"fill: #999;color:#999\" class=\"arrow-unsorted-368013\" xmlns=\"http:\/\/www.w3.org\/2000\/svg\" width=\"10px\" height=\"10px\" viewbox=\"0 0 24 24\" version=\"1.2\" baseprofile=\"tiny\"><path d=\"M18.2 9.3l-6.2-6.3-6.2 6.3c-.2.2-.3.4-.3.7s.1.5.3.7c.2.2.4.3.7.3h11c.3 0 .5-.1.7-.3.2-.2.3-.5.3-.7s-.1-.5-.3-.7zM5.8 14.7l6.2 6.3 6.2-6.3c.2-.2.3-.5.3-.7s-.1-.5-.3-.7c-.2-.2-.4-.3-.7-.3h-11c-.3 0-.5.1-.7.3-.2.2-.3.5-.3.7s.1.5.3.7z\"\/><\/svg><\/span><\/span><\/span><\/a><\/span><\/div>\n<nav><ul class='ez-toc-list ez-toc-list-level-1 eztoc-toggle-hide-by-default' ><li class='ez-toc-page-1 ez-toc-heading-level-2'><a class=\"ez-toc-link ez-toc-heading-1\" href=\"https:\/\/moverdb.com\/sk\/moving-companies\/moving-companies-us-michigan\/#1_Corrigan_Moving\" >1. Corrigan Moving<\/a><\/li><li class='ez-toc-page-1 ez-toc-heading-level-2'><a class=\"ez-toc-link ez-toc-heading-2\" href=\"https:\/\/moverdb.com\/sk\/moving-companies\/moving-companies-us-michigan\/#2_Palmer_Moving_Services\" >2. S\u0165ahovacie slu\u017eby Palmer<\/a><\/li><li class='ez-toc-page-1 ez-toc-heading-level-2'><a class=\"ez-toc-link ez-toc-heading-3\" href=\"https:\/\/moverdb.com\/sk\/moving-companies\/moving-companies-us-michigan\/#3_Powell_Relocation_Group\" >3. Powell Relocation Group<\/a><\/li><li class='ez-toc-page-1 ez-toc-heading-level-2'><a class=\"ez-toc-link ez-toc-heading-4\" href=\"https:\/\/moverdb.com\/sk\/moving-companies\/moving-companies-us-michigan\/#4_Rose_Moving_Storage\" >4. Rose Moving &amp; Storage<\/a><\/li><li class='ez-toc-page-1 ez-toc-heading-level-2'><a class=\"ez-toc-link ez-toc-heading-5\" href=\"https:\/\/moverdb.com\/sk\/moving-companies\/moving-companies-us-michigan\/#5_Transphere\" >5. Transphere<\/a><\/li><\/ul><\/nav><\/div>\n<h2><span class=\"ez-toc-section\" id=\"1_Corrigan_Moving\"><\/span><strong>1. Corrigan Moving<\/strong><span class=\"ez-toc-section-end\"><\/span><\/h2>\n<p><img loading=\"lazy\" decoding=\"async\" class=\"alignnone size-full wp-image-11297\" src=\"https:\/\/moverdb.com\/wp-content\/uploads\/Corrigan-Moving-Systems-international-moving-company.png\" alt=\"Corrigan Moving Systems medzin\u00e1rodn\u00e9 s\u0165ahovanie spolo\u010dnos\u0165\" width=\"1440\" height=\"675\" data-wp-pid=\"11297\" srcset=\"https:\/\/moverdb.com\/wp-content\/uploads\/Corrigan-Moving-Systems-international-moving-company.png 1440w, https:\/\/moverdb.com\/wp-content\/uploads\/Corrigan-Moving-Systems-international-moving-company-300x141.png 300w, https:\/\/moverdb.com\/wp-content\/uploads\/Corrigan-Moving-Systems-international-moving-company-1024x480.png 1024w, https:\/\/moverdb.com\/wp-content\/uploads\/Corrigan-Moving-Systems-international-moving-company-18x8.png 18w, https:\/\/moverdb.com\/wp-content\/uploads\/Corrigan-Moving-Systems-international-moving-company-600x281.png 600w\" sizes=\"auto, (max-width: 1440px) 100vw, 1440px\" \/><\/p>\n<ul>\n<li>Miestne a dia\u013ekov\u00e9 presuny<\/li>\n<li>Medzin\u00e1rodn\u00e9 s\u0165ahovanie<\/li>\n<li>S\u0165ahovanie do obytn\u00fdch priestorov<\/li>\n<li>Komer\u010dn\u00e9 presuny<\/li>\n<li>Premiest\u0148ovanie firiem<\/li>\n<li>Slu\u017eba od dver\u00ed k dver\u00e1m<\/li>\n<li>Koordin\u00e1tor s\u0165ahovania<\/li>\n<li>Baliace slu\u017eby<\/li>\n<li>Coln\u00e1 podpora<\/li>\n<li>Skladovacie zariadenia<\/li>\n<\/ul>\n<p>Corrigan Moving je s\u0165ahovacia a logistick\u00e1 spolo\u010dnos\u0165 zalo\u017een\u00e1 v roku 1929 s 13 pobo\u010dkami v oblasti Ve\u013ek\u00fdch jazier, ktor\u00e1 zah\u0155\u0148a Ann Arbor, Auburn Hills, Bay City, Dearborn, Farmington Hills, Flint a Grand Rapids v Michigane. Je s\u00fa\u010das\u0165ou spolo\u010dnosti United Van Lines, \u010do jej umo\u017e\u0148uje pr\u00edstup k sieti s\u0165ahovac\u00edch spolo\u010dnost\u00ed, ktor\u00e9 pom\u00e1haj\u00fa pri poskytovan\u00ed ich slu\u017eieb. S\u00fa \u010dlenom IAM so 75-ro\u010dn\u00fdmi sk\u00fasenos\u0165ami a s\u00fa akreditovan\u00ed FIDI.<\/p>\n<p>Spolo\u010dnos\u0165 Corrigan Moving pon\u00faka individu\u00e1lne s\u0165ahovacie slu\u017eby, ktor\u00e9 poskytuj\u00fa slu\u017eby od dver\u00ed k dver\u00e1m s koordin\u00e1torom s\u0165ahovania. Poskytuj\u00fa baliace a prepravn\u00e9 slu\u017eby na mieru, ktor\u00e9 chr\u00e1nia va\u0161e veci po\u010das prepravy. Poskytuj\u00fa pomoc pri vybavovan\u00ed dokumentov a logistike.<\/p>\n<p>Webov\u00e1 lokalita: <a href=\"https:\/\/www.corriganmoving.com\/\" target=\"_blank\" rel=\"noopener\">https:\/\/www.corriganmoving.com\/<\/a><\/p>\n<h2><span class=\"ez-toc-section\" id=\"2_Palmer_Moving_Services\"><\/span><strong>2. S\u0165ahovacie slu\u017eby Palmer<\/strong><span class=\"ez-toc-section-end\"><\/span><\/h2>\n<p><img loading=\"lazy\" decoding=\"async\" class=\"alignnone size-full wp-image-11404\" src=\"https:\/\/moverdb.com\/wp-content\/uploads\/Palmer-Moving-Services-international-moving-company.png\" alt=\"Palmer Moving Services medzin\u00e1rodn\u00e9 s\u0165ahovacie spolo\u010dnos\u0165\" width=\"1440\" height=\"675\" data-wp-pid=\"11404\" srcset=\"https:\/\/moverdb.com\/wp-content\/uploads\/Palmer-Moving-Services-international-moving-company.png 1440w, https:\/\/moverdb.com\/wp-content\/uploads\/Palmer-Moving-Services-international-moving-company-300x141.png 300w, https:\/\/moverdb.com\/wp-content\/uploads\/Palmer-Moving-Services-international-moving-company-1024x480.png 1024w, https:\/\/moverdb.com\/wp-content\/uploads\/Palmer-Moving-Services-international-moving-company-18x8.png 18w, https:\/\/moverdb.com\/wp-content\/uploads\/Palmer-Moving-Services-international-moving-company-600x281.png 600w\" sizes=\"auto, (max-width: 1440px) 100vw, 1440px\" \/><\/p>\n<ul>\n<li>Miestne a dia\u013ekov\u00e9 presuny<\/li>\n<li>Medzin\u00e1rodn\u00e9 s\u0165ahovanie<\/li>\n<li>S\u0165ahovanie do obytn\u00fdch priestorov<\/li>\n<li>S\u0165ahovanie kancel\u00e1ri\u00ed<\/li>\n<li>Premiest\u0148ovanie firiem<\/li>\n<li>Jednotn\u00e9 kontaktn\u00e9 miesto<\/li>\n<li>Baliace slu\u017eby<\/li>\n<li>Coln\u00e1 manipul\u00e1cia<\/li>\n<li><a href=\"https:\/\/moverdb.com\/sk\/car-transport-shipping\/\" data-internallinksmanager029f6b8e52c=\"2\" title=\"2026 Medzin\u00e1rodn\u00e1 preprava \u00e1ut a cit\u00e1cie prepravy vozidiel\">Preprava vozidiel<\/a><\/li>\n<li>Skladovacie zariadenia<\/li>\n<\/ul>\n<p>Palmer Moving Services je s\u0165ahovacia spolo\u010dnos\u0165 zalo\u017een\u00e1 v roku 1910 so s\u00eddlom v meste Warren. Je s\u00fa\u010das\u0165ou spolo\u010dnosti Atlas Van Lines, ktor\u00e1 jej poskytuje n\u00e1rodn\u00fa sie\u0165 s\u0165ahovac\u00edch agentov a \u0161ir\u0161iu medzin\u00e1rodn\u00fa sie\u0165 1 700 agentov. S\u00fa \u010dlenom IAM so 113 rokmi sk\u00fasenost\u00ed.<\/p>\n<p>Spolo\u010dnos\u0165 Palmer Moving Services v\u00e1m poskytuje jednotn\u00e9 kontaktn\u00e9 miesto, ktor\u00e9 v\u00e1s bude podporova\u0165 po\u010das cel\u00e9ho s\u0165ahovania. Ich slu\u017eby zah\u0155\u0148aj\u00fa kompletn\u00e9 balenie s vlastn\u00fdm obalom na ochranu va\u0161ich vec\u00ed a vybavia coln\u00e9 inform\u00e1cie a dokument\u00e1ciu. Pon\u00fakaj\u00fa aj \u010fal\u0161ie slu\u017eby, ktor\u00e9 zah\u0155\u0148aj\u00fa prepravu vozidlom, skladovanie a slu\u017eby tret\u00edch str\u00e1n.<\/p>\n<p>Webov\u00e1 lokalita: <a href=\"http:\/\/www.palmermoving.com\" target=\"_blank\" rel=\"noopener\">http:\/\/www.palmermoving.com<\/a><\/p>\n<h2><span class=\"ez-toc-section\" id=\"3_Powell_Relocation_Group\"><\/span><strong>3. Powell Relocation Group<\/strong><span class=\"ez-toc-section-end\"><\/span><\/h2>\n<p><img loading=\"lazy\" decoding=\"async\" class=\"alignnone size-full wp-image-11411\" src=\"https:\/\/moverdb.com\/wp-content\/uploads\/Powell-Relocation-Group-international-moving-company.png\" alt=\"Powell Relocation Group medzin\u00e1rodn\u00e9 s\u0165ahovanie spolo\u010dnos\u0165\" width=\"1440\" height=\"674\" data-wp-pid=\"11411\" srcset=\"https:\/\/moverdb.com\/wp-content\/uploads\/Powell-Relocation-Group-international-moving-company.png 1440w, https:\/\/moverdb.com\/wp-content\/uploads\/Powell-Relocation-Group-international-moving-company-300x140.png 300w, https:\/\/moverdb.com\/wp-content\/uploads\/Powell-Relocation-Group-international-moving-company-1024x479.png 1024w, https:\/\/moverdb.com\/wp-content\/uploads\/Powell-Relocation-Group-international-moving-company-18x8.png 18w, https:\/\/moverdb.com\/wp-content\/uploads\/Powell-Relocation-Group-international-moving-company-600x281.png 600w\" sizes=\"auto, (max-width: 1440px) 100vw, 1440px\" \/><\/p>\n<ul>\n<li>Miestne a dia\u013ekov\u00e9 presuny<\/li>\n<li>Medzin\u00e1rodn\u00e9 s\u0165ahovanie<\/li>\n<li>S\u0165ahovanie do obytn\u00fdch priestorov<\/li>\n<li>Komer\u010dn\u00e9 presuny<\/li>\n<li>Premiest\u0148ovanie firiem<\/li>\n<li>Koordin\u00e1tor medzin\u00e1rodn\u00e9ho s\u0165ahovania<\/li>\n<li>Baliace slu\u017eby<\/li>\n<li>Pozemn\u00e1, n\u00e1morn\u00e1 alebo leteck\u00e1 preprava<\/li>\n<li>Coln\u00e9 konanie<\/li>\n<li>Skladovacie zariadenia<\/li>\n<\/ul>\n<p>Powell Relocation Group je s\u0165ahovacia spolo\u010dnos\u0165 zalo\u017een\u00e1 v roku 1962 so s\u00eddlom v Grand Rapids, <a href=\"https:\/\/moverdb.com\/sk\/moving-to-houston\/\" data-internallinksmanager029f6b8e52c=\"47\" title=\"S\u0165ahujete sa do Houstonu? 2022 N\u00e1klady na b\u00fdvanie a tipy na pres\u0165ahovanie\">Houston<\/a>, <a href=\"https:\/\/moverdb.com\/sk\/moving-to-the-united-states\/moving-to-west-virginia\/\" data-internallinksmanager029f6b8e52c=\"441\" title=\"S\u0165ahovanie do Z\u00e1padnej Virg\u00ednie? 2026 N\u00e1klady na b\u00fdvanie a tipy na pres\u0165ahovanie\">Z\u00e1padn\u00e1 Virg\u00ednia<\/a> a Tacoma. S\u00fa agentom spolo\u010dnosti Atlas Van Lines, ktor\u00e1 im poskytuje sie\u0165 s\u0165ahovac\u00edch agentov, s ktor\u00fdmi m\u00f4\u017eu spolupracova\u0165. S\u00fa \u010dlenom IAM so 61 rokmi sk\u00fasenost\u00ed.<\/p>\n<p>Spolo\u010dnos\u0165 Powell Relocation Group pon\u00faka virtu\u00e1lny prieskum na vypracovanie odhadu s\u0165ahovania. Vytvor\u00ed individu\u00e1lny pl\u00e1n s\u0165ahovania a pridel\u00ed koordin\u00e1tora pre medzin\u00e1rodn\u00e9 s\u0165ahovanie. Poskytuj\u00fa kompletn\u00e9 s\u0165ahovacie slu\u017eby vr\u00e1tane balenia va\u0161ich vec\u00ed a ich nalo\u017eenia na pozemn\u00fa, n\u00e1morn\u00fa alebo leteck\u00fa prepravu. Va\u0161e veci precl\u00ed a doru\u010d\u00ed na miesto ur\u010denia.<\/p>\n<p>Webov\u00e1 lokalita: <a href=\"http:\/\/powellmoving.com\" target=\"_blank\" rel=\"noopener\">http:\/\/powellmoving.com<\/a><\/p>\n<h2><span class=\"ez-toc-section\" id=\"4_Rose_Moving_Storage\"><\/span><strong>4. Rose Moving &amp; Storage<\/strong><span class=\"ez-toc-section-end\"><\/span><\/h2>\n<p><img loading=\"lazy\" decoding=\"async\" class=\"alignnone size-full wp-image-11427\" src=\"https:\/\/moverdb.com\/wp-content\/uploads\/Rose-Moving-Storage-international-moving-company.png\" alt=\"Rose Moving &amp; Storage medzin\u00e1rodn\u00e9 s\u0165ahovanie spolo\u010dnos\u0165\" width=\"1440\" height=\"678\" data-wp-pid=\"11427\" srcset=\"https:\/\/moverdb.com\/wp-content\/uploads\/Rose-Moving-Storage-international-moving-company.png 1440w, https:\/\/moverdb.com\/wp-content\/uploads\/Rose-Moving-Storage-international-moving-company-300x141.png 300w, https:\/\/moverdb.com\/wp-content\/uploads\/Rose-Moving-Storage-international-moving-company-1024x482.png 1024w, https:\/\/moverdb.com\/wp-content\/uploads\/Rose-Moving-Storage-international-moving-company-18x8.png 18w, https:\/\/moverdb.com\/wp-content\/uploads\/Rose-Moving-Storage-international-moving-company-600x283.png 600w\" sizes=\"auto, (max-width: 1440px) 100vw, 1440px\" \/><\/p>\n<ul>\n<li>Miestne a medzi\u0161t\u00e1tne presuny<\/li>\n<li>Medzin\u00e1rodn\u00e9 s\u0165ahovanie<\/li>\n<li>S\u0165ahovanie dom\u00e1cnost\u00ed<\/li>\n<li>Komer\u010dn\u00e9 presuny<\/li>\n<li>Premiest\u0148ovanie firiem<\/li>\n<li>Slu\u017eba od dver\u00ed k dver\u00e1m<\/li>\n<li>Osobn\u00fd koordin\u00e1tor premiestnenia<\/li>\n<li>Profesion\u00e1lne baliace slu\u017eby<\/li>\n<li>Dopravn\u00e9 opatrenia<\/li>\n<li>Mo\u017enosti bezpe\u010dn\u00e9ho ukladania<\/li>\n<\/ul>\n<p>Rose Moving &amp; Storage je spolo\u010dnos\u0165, ktor\u00e1 m\u00e1 pobo\u010dky v Belleville, Cantone a Grand Rapide. Je medzi\u0161t\u00e1tnym agentom spolo\u010dnosti Allied Van Lines a tento vz\u0165ah im umo\u017e\u0148uje poskytova\u0165 slu\u017eby na vn\u00fatro\u0161t\u00e1tnej a medzin\u00e1rodnej \u00farovni v 42 krajin\u00e1ch. S\u00fa \u010dlenom IAM s 59-ro\u010dn\u00fdmi sk\u00fasenos\u0165ami.<\/p>\n<p>Spolo\u010dnos\u0165 Rose Moving &amp; Storage pon\u00faka s\u0165ahovacie slu\u017eby od dver\u00ed k dver\u00e1m po celej krajine a na medzin\u00e1rodnej \u00farovni. Pri medzin\u00e1rodn\u00fdch s\u0165ahovaniach v\u00e1m pridelia osobn\u00e9ho koordin\u00e1tora pre medzin\u00e1rodn\u00e9 s\u0165ahovanie, ktor\u00fd napl\u00e1nuje ka\u017ed\u00fd detail a ur\u010d\u00ed slu\u017eby, ktor\u00e9 potrebujete. Poskytuj\u00fa profesion\u00e1lne baliace slu\u017eby s pou\u017eit\u00edm obalov najvy\u0161\u0161ej kvality.<\/p>\n<p>Webov\u00e1 lokalita: <a href=\"http:\/\/www.rosemoving.com\" target=\"_blank\" rel=\"noopener\">http:\/\/www.rosemoving.com<\/a><\/p>\n<h2><span class=\"ez-toc-section\" id=\"5_Transphere\"><\/span><strong>5. Transphere<\/strong><span class=\"ez-toc-section-end\"><\/span><\/h2>\n<p><img loading=\"lazy\" decoding=\"async\" class=\"alignnone size-full wp-image-11615\" src=\"https:\/\/moverdb.com\/wp-content\/uploads\/Transphere-international-moving-company.png\" alt=\"Transphere medzin\u00e1rodn\u00e9 s\u0165ahovanie spolo\u010dnos\u0165\" width=\"1440\" height=\"677\" data-wp-pid=\"11615\" srcset=\"https:\/\/moverdb.com\/wp-content\/uploads\/Transphere-international-moving-company.png 1440w, https:\/\/moverdb.com\/wp-content\/uploads\/Transphere-international-moving-company-300x141.png 300w, https:\/\/moverdb.com\/wp-content\/uploads\/Transphere-international-moving-company-1024x481.png 1024w, https:\/\/moverdb.com\/wp-content\/uploads\/Transphere-international-moving-company-18x8.png 18w, https:\/\/moverdb.com\/wp-content\/uploads\/Transphere-international-moving-company-600x282.png 600w\" sizes=\"auto, (max-width: 1440px) 100vw, 1440px\" \/><\/p>\n<ul>\n<li>N\u00e1rodn\u00e9 presuny<\/li>\n<li>Medzin\u00e1rodn\u00e9 s\u0165ahovanie<\/li>\n<li>S\u0165ahovanie dom\u00e1cnost\u00ed<\/li>\n<li>Obchodn\u00e1 n\u00e1kladn\u00e1 doprava<\/li>\n<li>Slu\u017eba od dver\u00ed k dver\u00e1m<\/li>\n<li>Baliace slu\u017eby<\/li>\n<li>N\u00e1morn\u00e1, pozemn\u00e1 a leteck\u00e1 doprava<\/li>\n<li>Coln\u00e9 konanie<\/li>\n<li>Preprava vozidiel<\/li>\n<li>Skladovacie zariadenia<\/li>\n<\/ul>\n<p>Transphere je \u0161pedi\u010dn\u00e1 spolo\u010dnos\u0165 zalo\u017een\u00e1 v roku 1987 so s\u00eddlom vo Westlande. Je s\u00fa\u010das\u0165ou celosvetovej siete 150 spolo\u010dnost\u00ed, ktor\u00e9 ju m\u00f4\u017eu podpori\u0165 pri poskytovan\u00ed svojich slu\u017eieb na vn\u00fatro\u0161t\u00e1tnej a medzin\u00e1rodnej \u00farovni. S\u00fa \u010dlenom IAM s 36-ro\u010dn\u00fdmi sk\u00fasenos\u0165ami.<\/p>\n<p>Spolo\u010dnos\u0165 Transphere pon\u00faka \u0161pedi\u010dn\u00e9 slu\u017eby od dver\u00ed k dver\u00e1m pre tovar pre dom\u00e1cnos\u0165, osobn\u00e9 veci, vozidl\u00e1, obchodn\u00fd tovar a projektov\u00fd n\u00e1klad. Pon\u00faka cel\u00fd rad mo\u017enost\u00ed prepravy vr\u00e1tane leteckej, pozemnej a n\u00e1mornej prepravy s pln\u00fdmi a menej ako pln\u00fdmi kontajnermi. Pon\u00fakaj\u00fa aj baliace slu\u017eby a m\u00f4\u017eu u\u013eah\u010di\u0165 coln\u00e9 odbavenie. Poskytuj\u00fa aj webov\u00fd syst\u00e9m sledovania a port\u00e1l na monitorovanie z\u00e1sielky.<\/p>\n<p>Webov\u00e1 lokalita: <a href=\"http:\/\/www.transphereinc.com\" target=\"_blank\" rel=\"noopener\">http:\/\/www.transphereinc.com<\/a><\/p>","protected":false},"excerpt":{"rendered":"<p>Are you planning a move? If so you may want to employ a moving company to assist you. They can help with planning your move, packing, logistics and customs procedures if moving countries. Below we have compiled a list of Michigan based removal companies that are members of the International Association of Movers (IAM) and\/or [&hellip;]<\/p>\n","protected":false},"author":4,"featured_media":11297,"parent":190,"menu_order":0,"comment_status":"closed","ping_status":"closed","template":"","meta":{"_genesis_hide_title":false,"_genesis_hide_breadcrumbs":false,"_genesis_hide_singular_image":false,"_genesis_hide_footer_widgets":false,"_genesis_custom_body_class":"","_genesis_custom_post_class":"","_genesis_layout":"","footnotes":""},"class_list":{"0":"post-11613","1":"page","2":"type-page","3":"status-publish","4":"has-post-thumbnail","6":"entry"},"_links":{"self":[{"href":"https:\/\/moverdb.com\/sk\/wp-json\/wp\/v2\/pages\/11613","targetHints":{"allow":["GET"]}}],"collection":[{"href":"https:\/\/moverdb.com\/sk\/wp-json\/wp\/v2\/pages"}],"about":[{"href":"https:\/\/moverdb.com\/sk\/wp-json\/wp\/v2\/types\/page"}],"author":[{"embeddable":true,"href":"https:\/\/moverdb.com\/sk\/wp-json\/wp\/v2\/users\/4"}],"replies":[{"embeddable":true,"href":"https:\/\/moverdb.com\/sk\/wp-json\/wp\/v2\/comments?post=11613"}],"version-history":[{"count":1,"href":"https:\/\/moverdb.com\/sk\/wp-json\/wp\/v2\/pages\/11613\/revisions"}],"predecessor-version":[{"id":11616,"href":"https:\/\/moverdb.com\/sk\/wp-json\/wp\/v2\/pages\/11613\/revisions\/11616"}],"up":[{"embeddable":true,"href":"https:\/\/moverdb.com\/sk\/wp-json\/wp\/v2\/pages\/190"}],"wp:featuredmedia":[{"embeddable":true,"href":"https:\/\/moverdb.com\/sk\/wp-json\/wp\/v2\/media\/11297"}],"wp:attachment":[{"href":"https:\/\/moverdb.com\/sk\/wp-json\/wp\/v2\/media?parent=11613"}],"curies":[{"name":"wp","href":"https:\/\/api.w.org\/{rel}","templated":true}]}}