{"id":11602,"date":"2023-11-29T10:33:42","date_gmt":"2023-11-29T10:33:42","guid":{"rendered":"https:\/\/moverdb.com\/?page_id=11602"},"modified":"2026-01-08T15:24:17","modified_gmt":"2026-01-08T15:24:17","slug":"moving-companies-us-jacksonville","status":"publish","type":"page","link":"https:\/\/moverdb.com\/sk\/moving-companies\/moving-companies-us-jacksonville\/","title":{"rendered":"3 Najlep\u0161ie medzin\u00e1rodn\u00e9 s\u0165ahovacie spolo\u010dnosti v Jacksonville"},"content":{"rendered":"<p>Ak pl\u00e1nujete s\u0165ahovanie na miestnej, vn\u00fatro\u0161t\u00e1tnej alebo medzin\u00e1rodnej \u00farovni do alebo z mesta Jacksonville, mo\u017eno budete potrebova\u0165 pomoc. <a href=\"https:\/\/moverdb.com\/sk\/moving-companies\/\" data-internallinksmanager029f6b8e52c=\"79\" title=\"Top 25 medzin\u00e1rodn\u00fdch s\u0165ahovac\u00edch spolo\u010dnost\u00ed online\">S\u0165ahovacie spolo\u010dnosti<\/a> pon\u00faka r\u00f4zne druhy pomoci vr\u00e1tane pl\u00e1novania, balenia, prepravy, coln\u00e9ho vybavenia a vyba\u013eovania. Ni\u017e\u0161ie sme zostavili zoznam spolo\u010dnost\u00ed so s\u00eddlom v Jacksonville <a href=\"https:\/\/moverdb.com\/sk\/international-removals\/\" data-internallinksmanager029f6b8e52c=\"27\" title=\"36 najlep\u0161\u00edch medzin\u00e1rodn\u00fdch s\u0165ahovac\u00edch spolo\u010dnost\u00ed v Spojenom kr\u00e1\u013eovstve\">s\u0165ahovacie spolo\u010dnosti<\/a> ktor\u00e9 s\u00fa \u010dlenmi <a href=\"https:\/\/moverdb.com\/sk\/iam\/\" data-internallinksmanager029f6b8e52c=\"23\" title=\"Vysvetlenie Medzin\u00e1rodnej asoci\u00e1cie s\u0165ahovate\u013eov (IAM)\">Medzin\u00e1rodn\u00e1 asoci\u00e1cia s\u0165ahovate\u013eov<\/a> (IAM) a\/alebo <a href=\"https:\/\/moverdb.com\/sk\/fidi-faim\/\" data-internallinksmanager029f6b8e52c=\"16\" title=\"Vysvetlenie FIDI a FAIM (FIDI akreditovan\u00fd medzin\u00e1rodn\u00fd prepravca)\">FIDI<\/a> Akreditovan\u00fd medzin\u00e1rodn\u00fd prepravca (FAIM), ktor\u00fd by v\u00e1m mohol pom\u00f4c\u0165 pri s\u0165ahovan\u00ed.<\/p>\n<h2><strong>1. Conser Moving &amp; Storage<\/strong><\/h2>\n<p><img loading=\"lazy\" decoding=\"async\" class=\"alignnone size-full wp-image-11292\" src=\"https:\/\/moverdb.com\/wp-content\/uploads\/Conser-Moving-Storage-international-moving-company.png\" alt=\"Conser Moving &amp; Storage medzin\u00e1rodn\u00e9 s\u0165ahovanie spolo\u010dnos\u0165\" width=\"1440\" height=\"681\" data-wp-pid=\"11292\" srcset=\"https:\/\/moverdb.com\/wp-content\/uploads\/Conser-Moving-Storage-international-moving-company.png 1440w, https:\/\/moverdb.com\/wp-content\/uploads\/Conser-Moving-Storage-international-moving-company-300x142.png 300w, https:\/\/moverdb.com\/wp-content\/uploads\/Conser-Moving-Storage-international-moving-company-1024x484.png 1024w, https:\/\/moverdb.com\/wp-content\/uploads\/Conser-Moving-Storage-international-moving-company-18x9.png 18w, https:\/\/moverdb.com\/wp-content\/uploads\/Conser-Moving-Storage-international-moving-company-600x284.png 600w\" sizes=\"auto, (max-width: 1440px) 100vw, 1440px\" \/><\/p>\n<ul>\n<li>Miestne s\u0165ahovanie<\/li>\n<li>S\u0165ahovanie na dlh\u00e9 vzdialenosti<\/li>\n<li>S\u0165ahovanie do obytn\u00fdch priestorov<\/li>\n<li>S\u0165ahovanie kancel\u00e1ri\u00ed<\/li>\n<li>Slu\u017eby na mieru<\/li>\n<li>V\u00fdber mo\u017enost\u00ed s\u0165ahovania<\/li>\n<li>Riadenie presunu<\/li>\n<li>Usporiadanie prepravy<\/li>\n<li>Ochrana pri pohybe<\/li>\n<li>Skladovacie zariadenia<\/li>\n<\/ul>\n<p>Conser Moving &amp; Storage je spolo\u010dnos\u0165 \u0161pecializuj\u00faca sa na s\u0165ahovanie a premiest\u0148ovanie v dom\u00e1cnostiach a vojensk\u00fdch priestoroch so s\u00eddlom v Jacksonville. Je agentom spolo\u010dnosti Mayflower Transit, ktor\u00e1 poskytuje s\u0165ahovacie slu\u017eby u\u017e viac ako 90 rokov. S\u00fa \u010dlenom IAM s 11-ro\u010dn\u00fdmi sk\u00fasenos\u0165ami.<\/p>\n<p>Spolo\u010dnos\u0165 Conser Moving &amp; Storage v\u00e1m poskytne v\u0161etku potrebn\u00fa podporu pri s\u0165ahovan\u00ed a umo\u017en\u00ed v\u00e1m zostavi\u0165 pl\u00e1n s\u0165ahovania s prisp\u00f4sobite\u013en\u00fdmi mo\u017enos\u0165ami slu\u017eieb, ktor\u00e9 potrebujete. Pom\u00f4\u017eu v\u00e1m n\u00e1js\u0165 spr\u00e1vny pl\u00e1n s\u0165ahovania, ktor\u00fd bude vyhovova\u0165 va\u0161im potreb\u00e1m, rozpo\u010dtu a \u010dasov\u00e9mu pl\u00e1nu.<\/p>\n<p>Webov\u00e1 lokalita: <a href=\"https:\/\/consermoving.com\" target=\"_blank\" rel=\"noopener\">https:\/\/consermoving.com<\/a><\/p>\n<h2><strong>2. DN Van Lines<\/strong><\/h2>\n<p><img loading=\"lazy\" decoding=\"async\" class=\"alignnone size-full wp-image-11307\" src=\"https:\/\/moverdb.com\/wp-content\/uploads\/DN-Van-Lines-international-moving-company.png\" alt=\"DN Van Lines medzin\u00e1rodn\u00e9 s\u0165ahovanie spolo\u010dnos\u0165\" width=\"1440\" height=\"670\" data-wp-pid=\"11307\" srcset=\"https:\/\/moverdb.com\/wp-content\/uploads\/DN-Van-Lines-international-moving-company.png 1440w, https:\/\/moverdb.com\/wp-content\/uploads\/DN-Van-Lines-international-moving-company-300x140.png 300w, https:\/\/moverdb.com\/wp-content\/uploads\/DN-Van-Lines-international-moving-company-1024x476.png 1024w, https:\/\/moverdb.com\/wp-content\/uploads\/DN-Van-Lines-international-moving-company-18x8.png 18w, https:\/\/moverdb.com\/wp-content\/uploads\/DN-Van-Lines-international-moving-company-600x279.png 600w\" sizes=\"auto, (max-width: 1440px) 100vw, 1440px\" \/><\/p>\n<ul>\n<li>Miestne a medzi\u0161t\u00e1tne presuny<\/li>\n<li>Medzin\u00e1rodn\u00e9 s\u0165ahovanie<\/li>\n<li>S\u0165ahovanie dom\u00e1cnost\u00ed<\/li>\n<li>S\u0165ahovanie kancel\u00e1ri\u00ed a obchodn\u00fdch priestorov<\/li>\n<li>Mana\u017e\u00e9r osobn\u00e9ho premiestnenia<\/li>\n<li>Baliace slu\u017eby<\/li>\n<li>Riadenie z\u00e1sob<\/li>\n<li>Usporiadanie prepravy<\/li>\n<li>Poistenie<\/li>\n<li>Slu\u017eby skladovania<\/li>\n<\/ul>\n<p>DN Van Lines je s\u0165ahovacia a skladov\u00e1 spolo\u010dnos\u0165 zalo\u017een\u00e1 v roku 2001 s pobo\u010dkami v Jacksonville, <a href=\"https:\/\/moverdb.com\/sk\/moving-to-the-united-states\/moving-to-massachusetts\/\" data-internallinksmanager029f6b8e52c=\"412\" title=\"S\u0165ahujete sa do Massachusetts? 2026 N\u00e1klady na b\u00fdvanie a tipy na pres\u0165ahovanie\">Massachusetts<\/a> a <a href=\"https:\/\/moverdb.com\/sk\/moving-to-the-united-states\/moving-to-virginia\/\" data-internallinksmanager029f6b8e52c=\"442\" title=\"S\u0165ahovanie do Virg\u00ednie? 2026 N\u00e1klady na b\u00fdvanie a tipy na pres\u0165ahovanie\">Virginia<\/a>. Spolupracuj\u00fa s d\u00f4veryhodnou sie\u0165ou poskytovate\u013eov s\u0165ahovac\u00edch slu\u017eieb po celom svete, ktor\u00ed im pom\u00e1haj\u00fa. S\u00fa \u010dlenom IAM so 14-ro\u010dn\u00fdmi sk\u00fasenos\u0165ami.<\/p>\n<p>Spolo\u010dnos\u0165 DN Van Lines pon\u00faka bezplatn\u00fd odhad a prehliadku priamo u v\u00e1s doma alebo virtu\u00e1lnu prehliadku na pos\u00fadenie va\u0161ich po\u017eiadaviek na s\u0165ahovanie. Poskytuj\u00fa osobn\u00e9ho mana\u017e\u00e9ra s\u0165ahovania, ktor\u00fd vytvor\u00ed podrobn\u00fd pl\u00e1n s\u0165ahovania prisp\u00f4soben\u00fd va\u0161im potreb\u00e1m a bude v\u00e1m pom\u00e1ha\u0165 po\u010das cel\u00e9ho s\u0165ahovania. Poskytuj\u00fa baliace slu\u017eby, ktor\u00e9 zah\u0155\u0148aj\u00fa podrobn\u00fd s\u00fapis va\u0161ich vec\u00ed.<\/p>\n<p>Webov\u00e1 lokalita: <a href=\"http:\/\/www.dnvanlines.com\" target=\"_blank\" rel=\"noopener\">http:\/\/www.dnvanlines.com<\/a><\/p>\n<h2><strong>3. Suddath<\/strong><\/h2>\n<p><img loading=\"lazy\" decoding=\"async\" class=\"alignnone size-full wp-image-11450\" src=\"https:\/\/moverdb.com\/wp-content\/uploads\/Suddath-international-moving-company.png\" alt=\"Suddath medzin\u00e1rodn\u00e9 s\u0165ahovanie spolo\u010dnos\u0165\" width=\"1440\" height=\"677\" data-wp-pid=\"11450\" srcset=\"https:\/\/moverdb.com\/wp-content\/uploads\/Suddath-international-moving-company.png 1440w, https:\/\/moverdb.com\/wp-content\/uploads\/Suddath-international-moving-company-300x141.png 300w, https:\/\/moverdb.com\/wp-content\/uploads\/Suddath-international-moving-company-1024x481.png 1024w, https:\/\/moverdb.com\/wp-content\/uploads\/Suddath-international-moving-company-18x8.png 18w, https:\/\/moverdb.com\/wp-content\/uploads\/Suddath-international-moving-company-600x282.png 600w\" sizes=\"auto, (max-width: 1440px) 100vw, 1440px\" \/><\/p>\n<ul>\n<li>Miestne a dia\u013ekov\u00e9 presuny<\/li>\n<li>Medzin\u00e1rodn\u00e9 s\u0165ahovanie<\/li>\n<li>S\u0165ahovanie dom\u00e1cnost\u00ed<\/li>\n<li>Komer\u010dn\u00e9 presuny<\/li>\n<li>Komplexn\u00e9 slu\u017eby<\/li>\n<li>Baliace slu\u017eby<\/li>\n<li>Coln\u00e1 podpora<\/li>\n<li>Preprava vozidiel a dom\u00e1cich zvierat<\/li>\n<li>Poistenie<\/li>\n<li>Kr\u00e1tkodob\u00e9 a dlhodob\u00e9 skladovanie<\/li>\n<\/ul>\n<p>Suddath je s\u0165ahovacia a logistick\u00e1 spolo\u010dnos\u0165 zalo\u017een\u00e1 v roku 1919 v Jacksonville a m\u00e1 \u010fal\u0161\u00edch 19 pobo\u010diek v <a href=\"https:\/\/moverdb.com\/sk\/moving-to-the-united-states\/\" data-internallinksmanager029f6b8e52c=\"94\" title=\"S\u0165ahujete sa do Spojen\u00fdch \u0161t\u00e1tov? 2022 \u017divotn\u00e9 n\u00e1klady a tipy na pres\u0165ahovanie\">US<\/a>. Maj\u00fa glob\u00e1lnu partnersk\u00fa sie\u0165 overen\u00fdch a zaveden\u00fdch spolo\u010dnost\u00ed, ktor\u00e1 im pom\u00e1ha poskytova\u0165 komplexn\u00e9 slu\u017eby do 180 kraj\u00edn sveta. S\u00fa \u010dlenom IAM so 104 rokmi sk\u00fasenost\u00ed.<\/p>\n<p>Spolo\u010dnos\u0165 Suddath poskytuje komplexn\u00e9 slu\u017eby pre v\u0161etky va\u0161e potreby v oblasti s\u0165ahovania so \u0161pecializovan\u00fdm poradcom, ktor\u00fd v\u00e1s podpor\u00ed v ka\u017edom kroku a v r\u00e1mci rozpo\u010dtu. Poskytuj\u00fa individu\u00e1lny pr\u00edstup a preved\u00fa v\u00e1s coln\u00fdmi z\u00e1le\u017eitos\u0165ami, dokument\u00e1ciou a poisten\u00edm. Pon\u00fakaj\u00fa aj \u010fal\u0161ie slu\u017eby vr\u00e1tane us\u00edd\u013eovania a upratovac\u00edch slu\u017eieb.<\/p>\n<p>Webov\u00e1 lokalita: <a href=\"https:\/\/suddath.com\" target=\"_blank\" rel=\"noopener\">https:\/\/suddath.com<\/a><\/p>","protected":false},"excerpt":{"rendered":"<p>If you are planning a move locally, nationally or internationally to or from Jacksonville you may want some assistance. Moving companies offer a variety of help including planning, packing, transportation, customs handling and unpacking services. Below we have compiled a list of Jacksonville based removal companies that are members of the International Association of Movers [&hellip;]<\/p>\n","protected":false},"author":4,"featured_media":11292,"parent":190,"menu_order":0,"comment_status":"closed","ping_status":"closed","template":"","meta":{"_genesis_hide_title":false,"_genesis_hide_breadcrumbs":false,"_genesis_hide_singular_image":false,"_genesis_hide_footer_widgets":false,"_genesis_custom_body_class":"","_genesis_custom_post_class":"","_genesis_layout":"","footnotes":""},"class_list":{"0":"post-11602","1":"page","2":"type-page","3":"status-publish","4":"has-post-thumbnail","6":"entry"},"_links":{"self":[{"href":"https:\/\/moverdb.com\/sk\/wp-json\/wp\/v2\/pages\/11602","targetHints":{"allow":["GET"]}}],"collection":[{"href":"https:\/\/moverdb.com\/sk\/wp-json\/wp\/v2\/pages"}],"about":[{"href":"https:\/\/moverdb.com\/sk\/wp-json\/wp\/v2\/types\/page"}],"author":[{"embeddable":true,"href":"https:\/\/moverdb.com\/sk\/wp-json\/wp\/v2\/users\/4"}],"replies":[{"embeddable":true,"href":"https:\/\/moverdb.com\/sk\/wp-json\/wp\/v2\/comments?post=11602"}],"version-history":[{"count":1,"href":"https:\/\/moverdb.com\/sk\/wp-json\/wp\/v2\/pages\/11602\/revisions"}],"predecessor-version":[{"id":11603,"href":"https:\/\/moverdb.com\/sk\/wp-json\/wp\/v2\/pages\/11602\/revisions\/11603"}],"up":[{"embeddable":true,"href":"https:\/\/moverdb.com\/sk\/wp-json\/wp\/v2\/pages\/190"}],"wp:featuredmedia":[{"embeddable":true,"href":"https:\/\/moverdb.com\/sk\/wp-json\/wp\/v2\/media\/11292"}],"wp:attachment":[{"href":"https:\/\/moverdb.com\/sk\/wp-json\/wp\/v2\/media?parent=11602"}],"curies":[{"name":"wp","href":"https:\/\/api.w.org\/{rel}","templated":true}]}}