{"id":11595,"date":"2023-11-22T15:48:21","date_gmt":"2023-11-22T15:48:21","guid":{"rendered":"https:\/\/moverdb.com\/?page_id=11595"},"modified":"2026-01-08T15:30:02","modified_gmt":"2026-01-08T15:30:02","slug":"moving-companies-idaho","status":"publish","type":"page","link":"https:\/\/moverdb.com\/sk\/moving-companies\/moving-companies-idaho\/","title":{"rendered":"Najlep\u0161ie medzin\u00e1rodn\u00e9 s\u0165ahovacie spolo\u010dnosti v Idahu"},"content":{"rendered":"<p>Pri s\u0165ahovan\u00ed je potrebn\u00e9 zorganizova\u0165 a urobi\u0165 to\u013eko vec\u00ed, \u017ee to m\u00f4\u017ee by\u0165 ohromuj\u00face. Zamestnanie <a href=\"https:\/\/moverdb.com\/sk\/moving-companies\/\" data-internallinksmanager029f6b8e52c=\"79\" title=\"Top 25 medzin\u00e1rodn\u00fdch s\u0165ahovac\u00edch spolo\u010dnost\u00ed online\">s\u0165ahovacia spolo\u010dnos\u0165<\/a> m\u00f4\u017eu u\u013eah\u010di\u0165 pr\u00e1cu, preto\u017ee v pr\u00edpade medzin\u00e1rodn\u00e9ho s\u0165ahovania m\u00f4\u017eu pom\u00f4c\u0165 s pl\u00e1novan\u00edm, balen\u00edm, prepravou a colnou spr\u00e1vou. Ni\u017e\u0161ie sme zostavili zoznam <a href=\"https:\/\/moverdb.com\/sk\/moving-to-the-united-states\/moving-to-idaho\/\" data-internallinksmanager029f6b8e52c=\"405\" title=\"S\u0165ahujete sa do Idaha? 2026 N\u00e1klady na b\u00fdvanie a tipy na pres\u0165ahovanie\">Idaho<\/a> na str\u00e1nke . <a href=\"https:\/\/moverdb.com\/sk\/international-removals\/\" data-internallinksmanager029f6b8e52c=\"27\" title=\"36 najlep\u0161\u00edch medzin\u00e1rodn\u00fdch s\u0165ahovac\u00edch spolo\u010dnost\u00ed v Spojenom kr\u00e1\u013eovstve\">s\u0165ahovacie spolo\u010dnosti<\/a> ktor\u00e9 s\u00fa \u010dlenmi <a href=\"https:\/\/moverdb.com\/sk\/iam\/\" data-internallinksmanager029f6b8e52c=\"23\" title=\"Vysvetlenie Medzin\u00e1rodnej asoci\u00e1cie s\u0165ahovate\u013eov (IAM)\">Medzin\u00e1rodn\u00e1 asoci\u00e1cia s\u0165ahovate\u013eov<\/a> (IAM) a\/alebo <a href=\"https:\/\/moverdb.com\/sk\/fidi-faim\/\" data-internallinksmanager029f6b8e52c=\"16\" title=\"Vysvetlenie FIDI a FAIM (FIDI akreditovan\u00fd medzin\u00e1rodn\u00fd prepravca)\">FIDI<\/a> Akreditovan\u00fd medzin\u00e1rodn\u00fd prepravca (FAIM), ktor\u00fd by v\u00e1m mohol pom\u00f4c\u0165 pri s\u0165ahovan\u00ed.<\/p>\n<p><strong>B Transfer Inc<\/strong><\/p>\n<p><img loading=\"lazy\" decoding=\"async\" class=\"alignnone size-full wp-image-11265\" src=\"https:\/\/moverdb.com\/wp-content\/uploads\/B-Transfer-Inc-international-moving-company.png\" alt=\"B Transfer Inc medzin\u00e1rodn\u00e1 pohybliv\u00e1 spolo\u010dnos\u0165\" width=\"1440\" height=\"679\" data-wp-pid=\"11265\" srcset=\"https:\/\/moverdb.com\/wp-content\/uploads\/B-Transfer-Inc-international-moving-company.png 1440w, https:\/\/moverdb.com\/wp-content\/uploads\/B-Transfer-Inc-international-moving-company-300x141.png 300w, https:\/\/moverdb.com\/wp-content\/uploads\/B-Transfer-Inc-international-moving-company-1024x483.png 1024w, https:\/\/moverdb.com\/wp-content\/uploads\/B-Transfer-Inc-international-moving-company-18x8.png 18w, https:\/\/moverdb.com\/wp-content\/uploads\/B-Transfer-Inc-international-moving-company-600x283.png 600w\" sizes=\"auto, (max-width: 1440px) 100vw, 1440px\" \/><\/p>\n<ul>\n<li>Miestne a dia\u013ekov\u00e9 presuny<\/li>\n<li>Medzin\u00e1rodn\u00e9 slu\u017eby<\/li>\n<li>Premiest\u0148ovanie dom\u00e1cnost\u00ed<\/li>\n<li>Obchodn\u00e9 slu\u017eby<\/li>\n<li>Premiest\u0148ovanie firiem<\/li>\n<li>Pestr\u00fd vozov\u00fd park<\/li>\n<li>Kvalifikovan\u00fd a sk\u00fasen\u00fd person\u00e1l<\/li>\n<li>Dopravn\u00e9 opatrenia<\/li>\n<li>Skladovacie zariadenia<\/li>\n<\/ul>\n<p>B Transfer Inc je spolo\u010dnos\u0165 so s\u00eddlom v Mountain Home, ktor\u00e1 bola zalo\u017een\u00e1 v roku 1958. Je \u010dlenom IAM s 59-ro\u010dn\u00fdmi sk\u00fasenos\u0165ami, v\u010faka \u010domu m\u00e1 k dispoz\u00edcii celosvetov\u00fa sie\u0165 s\u0165ahovac\u00edch agentov, ktor\u00ed jej pom\u00e1haj\u00fa pri dia\u013ekov\u00fdch a medzin\u00e1rodn\u00fdch s\u0165ahovaniach.<\/p>\n<p>Spolo\u010dnos\u0165 B Transfer Inc pon\u00faka r\u00fdchle a cenovo dostupn\u00e9 s\u0165ahovacie slu\u017eby v Idahu, ktor\u00e9 zah\u0155\u0148aj\u00fa miestne a dia\u013ekov\u00e9 s\u0165ahovanie, ako aj medzin\u00e1rodn\u00e9 slu\u017eby. Poskytuj\u00fa kvalifikovan\u00fd a sk\u00fasen\u00fd person\u00e1l, ktor\u00fd dokon\u010d\u00ed va\u0161e s\u0165ahovanie a zabezpe\u010d\u00ed, \u017ee va\u0161e veci bud\u00fa bezpe\u010dne premiestnen\u00e9 do nov\u00e9ho domova. Pon\u00fakaj\u00fa aj bezpe\u010dn\u00e9 skladovacie priestory s 24-hodinov\u00fdm pr\u00edstupom.<\/p>\n<p>Webov\u00e1 lokalita: <a href=\"https:\/\/www.b-transfer.com\/\" target=\"_blank\" rel=\"noopener\">https:\/\/www.b-transfer.com\/<\/a><\/p>","protected":false},"excerpt":{"rendered":"<p>When you are moving there is so many things to organise and do that it can be overwhelming. Employing a moving company can lighten the load as they can help with planning, packing, transportation and customs management if moving internationally. Below we have compiled a list of Idaho based removal companies that are members of [&hellip;]<\/p>\n","protected":false},"author":4,"featured_media":11265,"parent":190,"menu_order":0,"comment_status":"closed","ping_status":"closed","template":"","meta":{"_genesis_hide_title":false,"_genesis_hide_breadcrumbs":false,"_genesis_hide_singular_image":false,"_genesis_hide_footer_widgets":false,"_genesis_custom_body_class":"","_genesis_custom_post_class":"","_genesis_layout":"","footnotes":""},"class_list":{"0":"post-11595","1":"page","2":"type-page","3":"status-publish","4":"has-post-thumbnail","6":"entry"},"_links":{"self":[{"href":"https:\/\/moverdb.com\/sk\/wp-json\/wp\/v2\/pages\/11595","targetHints":{"allow":["GET"]}}],"collection":[{"href":"https:\/\/moverdb.com\/sk\/wp-json\/wp\/v2\/pages"}],"about":[{"href":"https:\/\/moverdb.com\/sk\/wp-json\/wp\/v2\/types\/page"}],"author":[{"embeddable":true,"href":"https:\/\/moverdb.com\/sk\/wp-json\/wp\/v2\/users\/4"}],"replies":[{"embeddable":true,"href":"https:\/\/moverdb.com\/sk\/wp-json\/wp\/v2\/comments?post=11595"}],"version-history":[{"count":1,"href":"https:\/\/moverdb.com\/sk\/wp-json\/wp\/v2\/pages\/11595\/revisions"}],"predecessor-version":[{"id":11596,"href":"https:\/\/moverdb.com\/sk\/wp-json\/wp\/v2\/pages\/11595\/revisions\/11596"}],"up":[{"embeddable":true,"href":"https:\/\/moverdb.com\/sk\/wp-json\/wp\/v2\/pages\/190"}],"wp:featuredmedia":[{"embeddable":true,"href":"https:\/\/moverdb.com\/sk\/wp-json\/wp\/v2\/media\/11265"}],"wp:attachment":[{"href":"https:\/\/moverdb.com\/sk\/wp-json\/wp\/v2\/media?parent=11595"}],"curies":[{"name":"wp","href":"https:\/\/api.w.org\/{rel}","templated":true}]}}