{"id":11564,"date":"2023-11-29T10:35:03","date_gmt":"2023-11-29T10:35:03","guid":{"rendered":"https:\/\/moverdb.com\/?page_id=11564"},"modified":"2026-01-08T15:24:15","modified_gmt":"2026-01-08T15:24:15","slug":"moving-companies-us-gaithersburg","status":"publish","type":"page","link":"https:\/\/moverdb.com\/sk\/moving-companies\/moving-companies-us-gaithersburg\/","title":{"rendered":"3 Najlep\u0161ie medzin\u00e1rodn\u00e9 s\u0165ahovacie spolo\u010dnosti v Gaithersburgu"},"content":{"rendered":"<p>Pri s\u0165ahovan\u00ed domu alebo firmy je toho ve\u013ea, preto je potrebn\u00e9 vyu\u017ei\u0165 slu\u017eby <a href=\"https:\/\/moverdb.com\/sk\/moving-companies\/\" data-internallinksmanager029f6b8e52c=\"79\" title=\"Top 25 medzin\u00e1rodn\u00fdch s\u0165ahovac\u00edch spolo\u010dnost\u00ed online\">s\u0165ahovacia spolo\u010dnos\u0165<\/a> v\u00e1m m\u00f4\u017ee pom\u00f4c\u0165 zn\u00ed\u017ei\u0165 pracovn\u00e9 za\u0165a\u017eenie, aby ste sa mohli s\u00fastredi\u0165 na in\u00e9 aspekty s\u0165ahovania. To m\u00f4\u017ee zah\u0155\u0148a\u0165 balenie, organizovanie prepravy a vybavovanie coln\u00fdch z\u00e1le\u017eitost\u00ed pri medzin\u00e1rodn\u00fdch s\u0165ahovaniach. Ni\u017e\u0161ie sme zostavili zoznam spolo\u010dnost\u00ed so s\u00eddlom v Gaithersburgu <a href=\"https:\/\/moverdb.com\/sk\/international-removals\/\" data-internallinksmanager029f6b8e52c=\"27\" title=\"36 najlep\u0161\u00edch medzin\u00e1rodn\u00fdch s\u0165ahovac\u00edch spolo\u010dnost\u00ed v Spojenom kr\u00e1\u013eovstve\">s\u0165ahovacie spolo\u010dnosti<\/a> ktor\u00e9 s\u00fa \u010dlenmi <a href=\"https:\/\/moverdb.com\/sk\/iam\/\" data-internallinksmanager029f6b8e52c=\"23\" title=\"Vysvetlenie Medzin\u00e1rodnej asoci\u00e1cie s\u0165ahovate\u013eov (IAM)\">Medzin\u00e1rodn\u00e1 asoci\u00e1cia s\u0165ahovate\u013eov<\/a> (IAM) a\/alebo <a href=\"https:\/\/moverdb.com\/sk\/fidi-faim\/\" data-internallinksmanager029f6b8e52c=\"16\" title=\"Vysvetlenie FIDI a FAIM (FIDI akreditovan\u00fd medzin\u00e1rodn\u00fd prepravca)\">FIDI<\/a> Akreditovan\u00fd medzin\u00e1rodn\u00fd prepravca (FAIM), ktor\u00fd by v\u00e1m mohol pom\u00f4c\u0165 pri s\u0165ahovan\u00ed.<\/p>\n<h2><strong>1. Rie\u0161enia prepravy po celom svete<\/strong><\/h2>\n<p><img loading=\"lazy\" decoding=\"async\" class=\"alignnone size-full wp-image-11442\" src=\"https:\/\/moverdb.com\/wp-content\/uploads\/Shipping-Solutions-Worldwide-international-moving-company.png\" alt=\"Prepravn\u00e9 rie\u0161enia Celosvetov\u00e1 medzin\u00e1rodn\u00e1 s\u0165ahovacia spolo\u010dnos\u0165\" width=\"1440\" height=\"680\" data-wp-pid=\"11442\" srcset=\"https:\/\/moverdb.com\/wp-content\/uploads\/Shipping-Solutions-Worldwide-international-moving-company.png 1440w, https:\/\/moverdb.com\/wp-content\/uploads\/Shipping-Solutions-Worldwide-international-moving-company-300x142.png 300w, https:\/\/moverdb.com\/wp-content\/uploads\/Shipping-Solutions-Worldwide-international-moving-company-1024x484.png 1024w, https:\/\/moverdb.com\/wp-content\/uploads\/Shipping-Solutions-Worldwide-international-moving-company-18x9.png 18w, https:\/\/moverdb.com\/wp-content\/uploads\/Shipping-Solutions-Worldwide-international-moving-company-600x283.png 600w\" sizes=\"auto, (max-width: 1440px) 100vw, 1440px\" \/><\/p>\n<ul>\n<li>Miestne a vn\u00fatro\u0161t\u00e1tne s\u0165ahovanie<\/li>\n<li>Medzin\u00e1rodn\u00e9 s\u0165ahovanie<\/li>\n<li>S\u0165ahovanie do obytn\u00fdch priestorov<\/li>\n<li>S\u0165ahovanie obchodn\u00fdch a kancel\u00e1rskych priestorov<\/li>\n<li>Personalizovan\u00e9 slu\u017eby<\/li>\n<li>Baliace slu\u017eby<\/li>\n<li>Pozemn\u00e1, leteck\u00e1 a n\u00e1morn\u00e1 doprava<\/li>\n<li>Podpora dokument\u00e1cie<\/li>\n<li><a href=\"https:\/\/moverdb.com\/sk\/car-transport-shipping\/\" data-internallinksmanager029f6b8e52c=\"2\" title=\"2026 Medzin\u00e1rodn\u00e1 preprava \u00e1ut a cit\u00e1cie prepravy vozidiel\">Preprava vozidiel<\/a><\/li>\n<li>Sledovanie z\u00e1sielok<\/li>\n<\/ul>\n<p>Spolo\u010dnos\u0165 Shipping Solutions Worldwide je celosvetovo p\u00f4sobiaca spolo\u010dnos\u0165, ktor\u00e1 m\u00e1 viac ako 30 rokov sk\u00fasenost\u00ed a s\u00eddli v Gaithersburgu. Spolupracuje so sie\u0165ou glob\u00e1lnych s\u0165ahovac\u00edch firiem a poskytuje slu\u017eby po celom svete. Je \u010dlenom IAM.<\/p>\n<p>Spolo\u010dnos\u0165 Shipping Solutions Worldwide pon\u00faka s\u0165ahovacie slu\u017eby prisp\u00f4soben\u00e9 va\u0161im potreb\u00e1m. Poskytuj\u00fa baliace slu\u017eby, ktor\u00e9 zabezpe\u010dia bezpe\u010dn\u00fa cestu va\u0161ich predmetov za prepravn\u00fdch podmienok s kompletn\u00fdm invent\u00e1rom. Zabezpe\u010dia prepravu po zemi, letecky alebo po mori a spracuj\u00fa aj v\u0161etky potrebn\u00e9 dokumenty na prepravu a sledovanie va\u0161ej z\u00e1sielky.<\/p>\n<p>Webov\u00e1 lokalita: <a href=\"https:\/\/shippingsolutionsworldwide.com\/\" target=\"_blank\" rel=\"noopener\">https:\/\/shippingsolutionsworldwide.com\/<\/a><\/p>\n<h2><strong>2. Town &amp; Country Movers<\/strong><\/h2>\n<p><img loading=\"lazy\" decoding=\"async\" class=\"alignnone size-full wp-image-11458\" src=\"https:\/\/moverdb.com\/wp-content\/uploads\/Town-Country-Movers-international-moving-company.png\" alt=\"Mesto &amp; Krajina Movers medzin\u00e1rodn\u00e9 s\u0165ahovanie spolo\u010dnos\u0165\" width=\"1440\" height=\"681\" data-wp-pid=\"11458\" srcset=\"https:\/\/moverdb.com\/wp-content\/uploads\/Town-Country-Movers-international-moving-company.png 1440w, https:\/\/moverdb.com\/wp-content\/uploads\/Town-Country-Movers-international-moving-company-300x142.png 300w, https:\/\/moverdb.com\/wp-content\/uploads\/Town-Country-Movers-international-moving-company-1024x484.png 1024w, https:\/\/moverdb.com\/wp-content\/uploads\/Town-Country-Movers-international-moving-company-18x9.png 18w, https:\/\/moverdb.com\/wp-content\/uploads\/Town-Country-Movers-international-moving-company-600x284.png 600w\" sizes=\"auto, (max-width: 1440px) 100vw, 1440px\" \/><\/p>\n<ul>\n<li>Miestne a vn\u00fatro\u0161t\u00e1tne s\u0165ahovanie<\/li>\n<li>Medzin\u00e1rodn\u00e9 s\u0165ahovanie<\/li>\n<li>S\u0165ahovanie dom\u00e1cnost\u00ed<\/li>\n<li>Obchodn\u00e9 kroky<\/li>\n<li>Od dver\u00ed k dver\u00e1m a od dver\u00ed k dver\u00e1m<a href=\"https:\/\/moverdb.com\/sk\/top-49-container-ports\/\" data-internallinksmanager029f6b8e52c=\"80\" title=\"49 najv\u00e4\u010d\u0161\u00edch a najvy\u0165a\u017eenej\u0161\u00edch kontajnerov\u00fdch pr\u00edstavov v roku 2025\">pr\u00edstav<\/a> mo\u017enosti<\/li>\n<li>Baliace slu\u017eby<\/li>\n<li>Zabezpe\u010denie dopravy<\/li>\n<li>Coln\u00e9 konanie<\/li>\n<li>Preprava vozidiel<\/li>\n<li>Bezpe\u010dn\u00e9 kr\u00e1tkodob\u00e9 a dlhodob\u00e9 skladovanie<\/li>\n<\/ul>\n<p>Town &amp; Country Movers je pohybliv\u00e9 a skladovanie spolo\u010dnos\u0165 zalo\u017een\u00e1 v roku 1977, ktor\u00e1 s\u00eddli v Gaithersburg a sl\u00fa\u017ei <a href=\"https:\/\/moverdb.com\/sk\/moving-to-the-united-states\/moving-to-maryland\/\" data-internallinksmanager029f6b8e52c=\"467\" title=\"S\u0165ahujete sa do Marylandu? 2024 N\u00e1klady na b\u00fdvanie a tipy na pres\u0165ahovanie\">Maryland<\/a> a <a href=\"https:\/\/moverdb.com\/sk\/moving-to-the-united-states\/moving-to-virginia\/\" data-internallinksmanager029f6b8e52c=\"442\" title=\"S\u0165ahovanie do Virg\u00ednie? 2026 N\u00e1klady na b\u00fdvanie a tipy na pres\u0165ahovanie\">Virginia<\/a> s miestnymi, vn\u00fatro\u0161t\u00e1tnymi a medzin\u00e1rodn\u00fdmi s\u0165ahovaniami. Pri poskytovan\u00ed svojich slu\u017eieb spolupracuj\u00fa s d\u00f4veryhodn\u00fdmi medzin\u00e1rodn\u00fdmi prepravcami po celom svete. S\u00fa \u010dlenom IAM so 46-ro\u010dn\u00fdmi sk\u00fasenos\u0165ami.<\/p>\n<p>Spolo\u010dnos\u0165 Town &amp; Country Movers pon\u00faka bezplatn\u00fd odhad v\u00e1\u0161ho s\u0165ahovania priamo u v\u00e1s doma a prisp\u00f4sob\u00ed svoje slu\u017eby va\u0161im potreb\u00e1m. Pom\u00f4\u017eu v\u00e1m n\u00e1js\u0165 najlep\u0161ie mo\u017enosti prepravy pre va\u0161e potreby a rozpo\u010det. Poskytuj\u00fa profesion\u00e1lne baliace slu\u017eby na ochranu va\u0161ich vec\u00ed, ktor\u00e9 m\u00f4\u017eu zah\u0155\u0148a\u0165 aj balenie do vlastn\u00fdch krab\u00edc.<\/p>\n<p>Webov\u00e1 lokalita: <a href=\"https:\/\/townandcountrymovers.com\/\" target=\"_blank\" rel=\"noopener\">https:\/\/townandcountrymovers.com\/<\/a><\/p>\n<h2><strong>3. Univerz\u00e1lne premiestnenia<\/strong><\/h2>\n<p><img loading=\"lazy\" decoding=\"async\" class=\"alignnone size-full wp-image-11469\" src=\"https:\/\/moverdb.com\/wp-content\/uploads\/Universal-Relocations-international-moving-company-1.png\" alt=\"Universal Relocations medzin\u00e1rodn\u00e9 s\u0165ahovanie spolo\u010dnos\u0165\" width=\"1440\" height=\"680\" data-wp-pid=\"11469\" srcset=\"https:\/\/moverdb.com\/wp-content\/uploads\/Universal-Relocations-international-moving-company-1.png 1440w, https:\/\/moverdb.com\/wp-content\/uploads\/Universal-Relocations-international-moving-company-1-300x142.png 300w, https:\/\/moverdb.com\/wp-content\/uploads\/Universal-Relocations-international-moving-company-1-1024x484.png 1024w, https:\/\/moverdb.com\/wp-content\/uploads\/Universal-Relocations-international-moving-company-1-18x9.png 18w, https:\/\/moverdb.com\/wp-content\/uploads\/Universal-Relocations-international-moving-company-1-600x283.png 600w\" sizes=\"auto, (max-width: 1440px) 100vw, 1440px\" \/><\/p>\n<ul>\n<li>Vn\u00fatro\u0161t\u00e1tne premiestnenia<\/li>\n<li>Medzin\u00e1rodn\u00e9 premiestnenia<\/li>\n<li>Premiest\u0148ovanie dom\u00e1cnost\u00ed<\/li>\n<li>Premiest\u0148ovanie podnikov<\/li>\n<li>Slu\u017eba od dver\u00ed k dver\u00e1m<\/li>\n<li>Baliace slu\u017eby<\/li>\n<li>Coln\u00e9 sprostredkovanie<\/li>\n<li>Preprava dom\u00e1cich zvierat a automobilov<\/li>\n<li>Pomoc pri h\u013eadan\u00ed domova<\/li>\n<li>Skladovacie zariadenia<\/li>\n<\/ul>\n<p>Universal Relocations je medzin\u00e1rodn\u00e1 s\u0165ahovacia a premiest\u0148ovacia spolo\u010dnos\u0165 zalo\u017een\u00e1 v <a href=\"https:\/\/moverdb.com\/sk\/moving-to-india\/\" data-internallinksmanager029f6b8e52c=\"356\" title=\"S\u0165ahovanie do Indie? 2026 N\u00e1klady na \u017eivot a tipy na pres\u0165ahovanie\">India<\/a> v roku 1998, ktor\u00e1 m\u00e1 kancel\u00e1rie aj v <a href=\"https:\/\/moverdb.com\/sk\/moving-to-the-united-states\/\" data-internallinksmanager029f6b8e52c=\"94\" title=\"S\u0165ahujete sa do Spojen\u00fdch \u0161t\u00e1tov? 2022 \u017divotn\u00e9 n\u00e1klady a tipy na pres\u0165ahovanie\">US<\/a> v Gaithersburgu, <a href=\"https:\/\/moverdb.com\/sk\/moving-to-the-united-states\/moving-to-new-jersey\/\" data-internallinksmanager029f6b8e52c=\"417\" title=\"S\u0165ahujete sa do New Jersey? 2026 N\u00e1klady na b\u00fdvanie a tipy na pres\u0165ahovanie\">New Jersey<\/a>, <a href=\"https:\/\/moverdb.com\/sk\/moving-to-the-united-states\/moving-to-california\/\" data-internallinksmanager029f6b8e52c=\"330\" title=\"S\u0165ahovanie do Kalifornie? 2026 N\u00e1klady na b\u00fdvanie a tipy na pres\u0165ahovanie\">Kalifornia<\/a>, <a href=\"https:\/\/moverdb.com\/sk\/moving-to-the-united-states\/moving-to-texas\/\" data-internallinksmanager029f6b8e52c=\"397\" title=\"S\u0165ahovanie do Texasu? 2026 N\u00e1klady na b\u00fdvanie a tipy na pres\u0165ahovanie\">Texas<\/a> a <a href=\"https:\/\/moverdb.com\/sk\/moving-to-the-united-states\/moving-to-georgia\/\" data-internallinksmanager029f6b8e52c=\"402\" title=\"S\u0165ahovanie do Gruz\u00ednska? 2026 N\u00e1klady na b\u00fdvanie a tipy na pres\u0165ahovanie\">Georgia<\/a>. Maj\u00fa glob\u00e1lnu sie\u0165 160 partnersk\u00fdch agentov, ktor\u00ed im poskytuj\u00fa medzin\u00e1rodn\u00e9 slu\u017eby. S\u00fa \u010dlenom IAM so sedemro\u010dn\u00fdmi sk\u00fasenos\u0165ami.<\/p>\n<p>Spolo\u010dnos\u0165 Universal Relocations pon\u00faka slu\u017eby s\u0165ahovania od dver\u00ed k dver\u00e1m pre dom\u00e1cnosti a firmy. Poskytuj\u00fa bezpe\u010dn\u00e9 balenie na ochranu va\u0161ich vec\u00ed pri preprave a m\u00f4\u017eu prepravi\u0165 aj va\u0161e dom\u00e1ce zvierat\u00e1 a vozidl\u00e1. Pon\u00fakaj\u00fa aj \u010fal\u0161ie slu\u017eby, medzi ktor\u00e9 patr\u00ed pomoc pri h\u013eadan\u00ed domova, skladovacie priestory a poistenie.<\/p>\n<p>Webov\u00e1 lokalita: <a href=\"https:\/\/universalrelocations.com\/\" target=\"_blank\" rel=\"noopener\">https:\/\/universalrelocations.com\/<\/a><\/p>","protected":false},"excerpt":{"rendered":"<p>When you are moving home or your business there is a lot to do so engaging the services of a moving company can assist you in reducing the workload so you can focus on other aspects of your move. This can include packing, arranging transport and handling customs for international moves. Below we have compiled [&hellip;]<\/p>\n","protected":false},"author":4,"featured_media":11442,"parent":190,"menu_order":0,"comment_status":"closed","ping_status":"closed","template":"","meta":{"_genesis_hide_title":false,"_genesis_hide_breadcrumbs":false,"_genesis_hide_singular_image":false,"_genesis_hide_footer_widgets":false,"_genesis_custom_body_class":"","_genesis_custom_post_class":"","_genesis_layout":"","footnotes":""},"class_list":{"0":"post-11564","1":"page","2":"type-page","3":"status-publish","4":"has-post-thumbnail","6":"entry"},"_links":{"self":[{"href":"https:\/\/moverdb.com\/sk\/wp-json\/wp\/v2\/pages\/11564","targetHints":{"allow":["GET"]}}],"collection":[{"href":"https:\/\/moverdb.com\/sk\/wp-json\/wp\/v2\/pages"}],"about":[{"href":"https:\/\/moverdb.com\/sk\/wp-json\/wp\/v2\/types\/page"}],"author":[{"embeddable":true,"href":"https:\/\/moverdb.com\/sk\/wp-json\/wp\/v2\/users\/4"}],"replies":[{"embeddable":true,"href":"https:\/\/moverdb.com\/sk\/wp-json\/wp\/v2\/comments?post=11564"}],"version-history":[{"count":1,"href":"https:\/\/moverdb.com\/sk\/wp-json\/wp\/v2\/pages\/11564\/revisions"}],"predecessor-version":[{"id":11565,"href":"https:\/\/moverdb.com\/sk\/wp-json\/wp\/v2\/pages\/11564\/revisions\/11565"}],"up":[{"embeddable":true,"href":"https:\/\/moverdb.com\/sk\/wp-json\/wp\/v2\/pages\/190"}],"wp:featuredmedia":[{"embeddable":true,"href":"https:\/\/moverdb.com\/sk\/wp-json\/wp\/v2\/media\/11442"}],"wp:attachment":[{"href":"https:\/\/moverdb.com\/sk\/wp-json\/wp\/v2\/media?parent=11564"}],"curies":[{"name":"wp","href":"https:\/\/api.w.org\/{rel}","templated":true}]}}