{"id":11558,"date":"2023-11-29T10:29:34","date_gmt":"2023-11-29T10:29:34","guid":{"rendered":"https:\/\/moverdb.com\/?page_id=11558"},"modified":"2026-01-08T15:24:12","modified_gmt":"2026-01-08T15:24:12","slug":"moving-companies-us-danbury","status":"publish","type":"page","link":"https:\/\/moverdb.com\/sk\/moving-companies\/moving-companies-us-danbury\/","title":{"rendered":"3 najlep\u0161ie medzin\u00e1rodn\u00e9 s\u0165ahovacie spolo\u010dnosti v Danbury"},"content":{"rendered":"<p>Pl\u00e1novanie a riadenie s\u0165ahovania m\u00f4\u017ee by\u0165 stresuj\u00face, preto si <a href=\"https:\/\/moverdb.com\/sk\/moving-companies\/\" data-internallinksmanager029f6b8e52c=\"79\" title=\"Top 25 medzin\u00e1rodn\u00fdch s\u0165ahovac\u00edch spolo\u010dnost\u00ed online\">s\u0165ahovacia spolo\u010dnos\u0165<\/a> na balenie a prepravu va\u0161ich vec\u00ed m\u00f4\u017ee zmierni\u0165 tlak. Ni\u017e\u0161ie sme zostavili zoznam firiem so s\u00eddlom v Danbury <a href=\"https:\/\/moverdb.com\/sk\/international-removals\/\" data-internallinksmanager029f6b8e52c=\"27\" title=\"36 najlep\u0161\u00edch medzin\u00e1rodn\u00fdch s\u0165ahovac\u00edch spolo\u010dnost\u00ed v Spojenom kr\u00e1\u013eovstve\">s\u0165ahovacie spolo\u010dnosti<\/a> ktor\u00e9 s\u00fa \u010dlenmi <a href=\"https:\/\/moverdb.com\/sk\/iam\/\" data-internallinksmanager029f6b8e52c=\"23\" title=\"Vysvetlenie Medzin\u00e1rodnej asoci\u00e1cie s\u0165ahovate\u013eov (IAM)\">Medzin\u00e1rodn\u00e1 asoci\u00e1cia s\u0165ahovate\u013eov<\/a> (IAM) a\/alebo <a href=\"https:\/\/moverdb.com\/sk\/fidi-faim\/\" data-internallinksmanager029f6b8e52c=\"16\" title=\"Vysvetlenie FIDI a FAIM (FIDI akreditovan\u00fd medzin\u00e1rodn\u00fd prepravca)\">FIDI<\/a> Akreditovan\u00fd medzin\u00e1rodn\u00fd prepravca (FAIM), ktor\u00fd by v\u00e1m mohol pom\u00f4c\u0165 pri s\u0165ahovan\u00ed.<\/p>\n<h2><strong>1. Continuum International<\/strong><\/h2>\n<p><img loading=\"lazy\" decoding=\"async\" class=\"alignnone size-full wp-image-11296\" src=\"https:\/\/moverdb.com\/wp-content\/uploads\/Continuum-International-moving-company.png\" alt=\"Continuum Medzin\u00e1rodn\u00e1 s\u0165ahovacia spolo\u010dnos\u0165\" width=\"1440\" height=\"677\" data-wp-pid=\"11296\" srcset=\"https:\/\/moverdb.com\/wp-content\/uploads\/Continuum-International-moving-company.png 1440w, https:\/\/moverdb.com\/wp-content\/uploads\/Continuum-International-moving-company-300x141.png 300w, https:\/\/moverdb.com\/wp-content\/uploads\/Continuum-International-moving-company-1024x481.png 1024w, https:\/\/moverdb.com\/wp-content\/uploads\/Continuum-International-moving-company-18x8.png 18w, https:\/\/moverdb.com\/wp-content\/uploads\/Continuum-International-moving-company-600x282.png 600w\" sizes=\"auto, (max-width: 1440px) 100vw, 1440px\" \/><\/p>\n<ul>\n<li>Vn\u00fatro\u0161t\u00e1tne premiestnenia<\/li>\n<li>Medzin\u00e1rodn\u00e9 premiestnenia<\/li>\n<li>Premiestnenie spolo\u010dnosti<\/li>\n<li>Slu\u017eba od dver\u00ed k dver\u00e1m<\/li>\n<li>Slu\u017eby na mieru<\/li>\n<li>Baliace slu\u017eby<\/li>\n<li>Leteck\u00e1, n\u00e1morn\u00e1 alebo kami\u00f3nov\u00e1 preprava<\/li>\n<li>Pr\u00edprava dokumentov<\/li>\n<li>Tranzitn\u00e9 poistenie<\/li>\n<li>Skladovacie zariadenia<\/li>\n<\/ul>\n<p>Spolo\u010dnos\u0165 Continuum International je glob\u00e1lna spolo\u010dnos\u0165 poskytuj\u00faca slu\u017eby v oblasti premiest\u0148ovania a riadenia pridelen\u00ed, ktor\u00e1 p\u00f4sob\u00ed u\u017e viac ako 20 rokov a m\u00e1 pobo\u010dky v Danbury a Brookfielde. M\u00e1 glob\u00e1lne partnerstv\u00e1, ktor\u00e9 jej umo\u017e\u0148uj\u00fa poskytova\u0165 svoje slu\u017eby na medzin\u00e1rodnej \u00farovni. S\u00fa \u010dlenom IAM s 24-ro\u010dn\u00fdmi sk\u00fasenos\u0165ami.<\/p>\n<p>Spolo\u010dnos\u0165 Continuum International pon\u00faka s\u0165ahovacie a s\u0165ahovacie slu\u017eby od dver\u00ed k dver\u00e1m na mieru s pridelen\u00fdm poradcom pre s\u0165ahovanie. Pon\u00fakaj\u00fa prieskum pred s\u0165ahovan\u00edm, ktor\u00fd umo\u017en\u00ed pos\u00fadi\u0165 va\u0161e potreby a vytvori\u0165 pl\u00e1n s\u0165ahovania. Zabal\u00ed va\u0161e veci a zabezpe\u010d\u00ed, aby boli obalov\u00e9 materi\u00e1ly vhodn\u00e9 pre dan\u00fd druh dopravy a cie\u013eov\u00e9 miesto.<\/p>\n<p>Webov\u00e1 lokalita: <a href=\"https:\/\/www.continuumrelo.com\/\" target=\"_blank\" rel=\"noopener\">https:\/\/www.continuumrelo.com\/<\/a><\/p>\n<h2><strong>2. Interconex<\/strong><\/h2>\n<p><img loading=\"lazy\" decoding=\"async\" class=\"alignnone size-full wp-image-11345\" src=\"https:\/\/moverdb.com\/wp-content\/uploads\/Interconex-international-moving-company.png\" alt=\"Interconex medzin\u00e1rodn\u00e9 s\u0165ahovanie spolo\u010dnos\u0165\" width=\"1440\" height=\"678\" data-wp-pid=\"11345\" srcset=\"https:\/\/moverdb.com\/wp-content\/uploads\/Interconex-international-moving-company.png 1440w, https:\/\/moverdb.com\/wp-content\/uploads\/Interconex-international-moving-company-300x141.png 300w, https:\/\/moverdb.com\/wp-content\/uploads\/Interconex-international-moving-company-1024x482.png 1024w, https:\/\/moverdb.com\/wp-content\/uploads\/Interconex-international-moving-company-18x8.png 18w, https:\/\/moverdb.com\/wp-content\/uploads\/Interconex-international-moving-company-600x283.png 600w\" sizes=\"auto, (max-width: 1440px) 100vw, 1440px\" \/><\/p>\n<ul>\n<li>N\u00e1rodn\u00e9 presuny<\/li>\n<li>Medzin\u00e1rodn\u00e9 s\u0165ahovanie<\/li>\n<li>S\u0165ahovanie dom\u00e1cnost\u00ed<\/li>\n<li>S\u0165ahovanie firiem<\/li>\n<li>Slu\u017eba od dver\u00ed k dver\u00e1m<\/li>\n<li>Baliace slu\u017eby<\/li>\n<li>Dopravn\u00e9 opatrenia<\/li>\n<li>Coln\u00e9 konanie<\/li>\n<li>Premiestnenie dom\u00e1ceho zviera\u0165a<\/li>\n<li>Bezpe\u010dn\u00e9 slu\u017eby skladovania<\/li>\n<\/ul>\n<p>Interconex je spolo\u010dnos\u0165 poskytuj\u00faca kompletn\u00e9 slu\u017eby v oblasti s\u0165ahovania tovaru pre dom\u00e1cnos\u0165, ktor\u00e1 bola zalo\u017een\u00e1 v roku 1969 a s\u00eddli v Danbury. Pri poskytovan\u00ed svojich slu\u017eieb spolupracuje s vybran\u00fdmi medzin\u00e1rodn\u00fdmi partnermi po celom svete. Je akreditovan\u00e1 organiz\u00e1ciou FIDI.<\/p>\n<p>Spolo\u010dnos\u0165 Interconex pon\u00faka \u00favodn\u00fd prieskum na ur\u010denie va\u0161ich potrieb v oblasti s\u0165ahovania. Poskytuj\u00fa baliace slu\u017eby, pri ktor\u00fdch pou\u017e\u00edvaj\u00fa najkvalitnej\u0161ie baliace materi\u00e1ly a vy\u0161kolen\u00fdch baliacich pracovn\u00edkov na ochranu va\u0161ich vec\u00ed. To m\u00f4\u017ee zah\u0155\u0148a\u0165 \u0161pecializovan\u00e9 baliace materi\u00e1ly a na mieru vyroben\u00e9 prepravky. Pon\u00fakaj\u00fa \u010fal\u0161ie slu\u017eby, medzi ktor\u00e9 patr\u00ed letiskov\u00e1 doprava, slu\u017eby vr\u00e1tnika, pomoc \u00fadr\u017eb\u00e1rov, upratovanie, do\u010dasn\u00e9 ubytovanie, slu\u017eby v mieste ur\u010denia, s\u0165ahovanie dom\u00e1cich zvierat, poistenie v\u0161etk\u00fdch riz\u00edk a skladovanie.<\/p>\n<p>Webov\u00e1 lokalita: <a href=\"https:\/\/www.interconex.com\/\" target=\"_blank\" rel=\"noopener\">https:\/\/www.interconex.com\/<\/a><\/p>\n<h2><strong>3. Intermove Ltd<\/strong><\/h2>\n<p><img loading=\"lazy\" decoding=\"async\" class=\"alignnone size-full wp-image-11346\" src=\"https:\/\/moverdb.com\/wp-content\/uploads\/Intermove-Danbury-international-moving-company.png\" alt=\"Intermove Danbury medzin\u00e1rodn\u00e9 s\u0165ahovanie spolo\u010dnos\u0165\" width=\"1440\" height=\"680\" data-wp-pid=\"11346\" srcset=\"https:\/\/moverdb.com\/wp-content\/uploads\/Intermove-Danbury-international-moving-company.png 1440w, https:\/\/moverdb.com\/wp-content\/uploads\/Intermove-Danbury-international-moving-company-300x142.png 300w, https:\/\/moverdb.com\/wp-content\/uploads\/Intermove-Danbury-international-moving-company-1024x484.png 1024w, https:\/\/moverdb.com\/wp-content\/uploads\/Intermove-Danbury-international-moving-company-18x9.png 18w, https:\/\/moverdb.com\/wp-content\/uploads\/Intermove-Danbury-international-moving-company-600x283.png 600w\" sizes=\"auto, (max-width: 1440px) 100vw, 1440px\" \/><\/p>\n<ul>\n<li>Medzin\u00e1rodn\u00e9 premiestnenia<\/li>\n<li>Premiest\u0148ovanie dom\u00e1cnost\u00ed<\/li>\n<li>Premiest\u0148ovanie firiem<\/li>\n<li>Slu\u017eba od dver\u00ed k dver\u00e1m<\/li>\n<li>Bezplatn\u00fd odhad<\/li>\n<li>Virtu\u00e1lna asistencia a asistencia na mieste<\/li>\n<li>Leteck\u00e1, n\u00e1morn\u00e1 a pozemn\u00e1 doprava<\/li>\n<li>Podpora dokument\u00e1cie<\/li>\n<li>Poistenie<\/li>\n<\/ul>\n<p>Spolo\u010dnos\u0165 Intermove Ltd je medzin\u00e1rodn\u00e1 s\u0165ahovacia a premiest\u0148ovacia spolo\u010dnos\u0165 zalo\u017een\u00e1 v roku 1977 so s\u00eddlom v Danbury. M\u00e1 sie\u0165 d\u00f4veryhodn\u00fdch medzin\u00e1rodn\u00fdch s\u0165ahovac\u00edch spolo\u010dnost\u00ed, ktor\u00e9 jej pom\u00e1haj\u00fa poskytova\u0165 slu\u017eby od dver\u00ed k dver\u00e1m po celom svete. Je \u010dlenom IAM so 46-ro\u010dn\u00fdmi sk\u00fasenos\u0165ami.<\/p>\n<p>Spolo\u010dnos\u0165 Intermove Ltd pon\u00faka bezplatn\u00fd odhad s poradenstvom a podporou od svojich \u0161pecialistov na medzin\u00e1rodn\u00e9 s\u0165ahovanie, a to bu\u010f virtu\u00e1lne, alebo priamo na mieste v pr\u00edpade medzin\u00e1rodn\u00fdch s\u0165ahovan\u00ed. Zabezpe\u010dia bezpe\u010dn\u00fa prepravu va\u0161ich vec\u00ed letecky, po mori alebo po s\u00fa\u0161i a pom\u00f4\u017eu v\u00e1m s dokument\u00e1ciou. Poskytuj\u00fa poistn\u00e9 krytie pre profesion\u00e1lne zabalen\u00fd n\u00e1klad.<\/p>\n<p>Webov\u00e1 lokalita: <a href=\"https:\/\/www.intermove.com\/\" target=\"_blank\" rel=\"noopener\">https:\/\/www.intermove.com\/<\/a><\/p>","protected":false},"excerpt":{"rendered":"<p>Planning and managing your move can be stressful so getting a moving company in to pack and transport your belongings can ease the pressure. Below we have compiled a list of Danbury based removal companies that are members of the International Association of Movers (IAM) and\/or FIDI Accredited International Mover (FAIM) who could assist you [&hellip;]<\/p>\n","protected":false},"author":4,"featured_media":11296,"parent":190,"menu_order":0,"comment_status":"closed","ping_status":"closed","template":"","meta":{"_genesis_hide_title":false,"_genesis_hide_breadcrumbs":false,"_genesis_hide_singular_image":false,"_genesis_hide_footer_widgets":false,"_genesis_custom_body_class":"","_genesis_custom_post_class":"","_genesis_layout":"","footnotes":""},"class_list":{"0":"post-11558","1":"page","2":"type-page","3":"status-publish","4":"has-post-thumbnail","6":"entry"},"_links":{"self":[{"href":"https:\/\/moverdb.com\/sk\/wp-json\/wp\/v2\/pages\/11558","targetHints":{"allow":["GET"]}}],"collection":[{"href":"https:\/\/moverdb.com\/sk\/wp-json\/wp\/v2\/pages"}],"about":[{"href":"https:\/\/moverdb.com\/sk\/wp-json\/wp\/v2\/types\/page"}],"author":[{"embeddable":true,"href":"https:\/\/moverdb.com\/sk\/wp-json\/wp\/v2\/users\/4"}],"replies":[{"embeddable":true,"href":"https:\/\/moverdb.com\/sk\/wp-json\/wp\/v2\/comments?post=11558"}],"version-history":[{"count":1,"href":"https:\/\/moverdb.com\/sk\/wp-json\/wp\/v2\/pages\/11558\/revisions"}],"predecessor-version":[{"id":11559,"href":"https:\/\/moverdb.com\/sk\/wp-json\/wp\/v2\/pages\/11558\/revisions\/11559"}],"up":[{"embeddable":true,"href":"https:\/\/moverdb.com\/sk\/wp-json\/wp\/v2\/pages\/190"}],"wp:featuredmedia":[{"embeddable":true,"href":"https:\/\/moverdb.com\/sk\/wp-json\/wp\/v2\/media\/11296"}],"wp:attachment":[{"href":"https:\/\/moverdb.com\/sk\/wp-json\/wp\/v2\/media?parent=11558"}],"curies":[{"name":"wp","href":"https:\/\/api.w.org\/{rel}","templated":true}]}}