{"id":11556,"date":"2023-11-29T10:30:30","date_gmt":"2023-11-29T10:30:30","guid":{"rendered":"https:\/\/moverdb.com\/?page_id=11556"},"modified":"2026-01-08T15:24:11","modified_gmt":"2026-01-08T15:24:11","slug":"moving-companies-us-connecticut","status":"publish","type":"page","link":"https:\/\/moverdb.com\/sk\/moving-companies\/moving-companies-us-connecticut\/","title":{"rendered":"3 Najlep\u0161ie medzin\u00e1rodn\u00e9 s\u0165ahovacie spolo\u010dnosti v Connecticute"},"content":{"rendered":"<p>Ak sa s\u0165ahujete, mo\u017eno budete chcie\u0165 vyu\u017ei\u0165 slu\u017eby <a href=\"https:\/\/moverdb.com\/sk\/moving-companies\/\" data-internallinksmanager029f6b8e52c=\"79\" title=\"Top 25 medzin\u00e1rodn\u00fdch s\u0165ahovac\u00edch spolo\u010dnost\u00ed online\">s\u0165ahovacia spolo\u010dnos\u0165<\/a> na podporu a zn\u00ed\u017eenie za\u0165a\u017eenia. Pom\u00f4\u017eu v\u00e1m s pl\u00e1novan\u00edm s\u0165ahovania, balen\u00edm vec\u00ed, zabezpe\u010den\u00edm prepravy a vybavovan\u00edm coln\u00fdch z\u00e1le\u017eitost\u00ed pri medzin\u00e1rodn\u00fdch s\u0165ahovaniach. Ni\u017e\u0161ie sme zostavili zoznam <a href=\"https:\/\/moverdb.com\/sk\/moving-to-the-united-states\/moving-to-connecticut\/\" data-internallinksmanager029f6b8e52c=\"444\" title=\"S\u0165ahujete sa do Connecticutu? 2026 N\u00e1klady na b\u00fdvanie a tipy na pres\u0165ahovanie\">Connecticut<\/a> na str\u00e1nke . <a href=\"https:\/\/moverdb.com\/sk\/international-removals\/\" data-internallinksmanager029f6b8e52c=\"27\" title=\"36 najlep\u0161\u00edch medzin\u00e1rodn\u00fdch s\u0165ahovac\u00edch spolo\u010dnost\u00ed v Spojenom kr\u00e1\u013eovstve\">s\u0165ahovacie spolo\u010dnosti<\/a> ktor\u00e9 s\u00fa \u010dlenmi <a href=\"https:\/\/moverdb.com\/sk\/iam\/\" data-internallinksmanager029f6b8e52c=\"23\" title=\"Vysvetlenie Medzin\u00e1rodnej asoci\u00e1cie s\u0165ahovate\u013eov (IAM)\">Medzin\u00e1rodn\u00e1 asoci\u00e1cia s\u0165ahovate\u013eov<\/a> (IAM) a\/alebo <a href=\"https:\/\/moverdb.com\/sk\/fidi-faim\/\" data-internallinksmanager029f6b8e52c=\"16\" title=\"Vysvetlenie FIDI a FAIM (FIDI akreditovan\u00fd medzin\u00e1rodn\u00fd prepravca)\">FIDI<\/a> Akreditovan\u00fd medzin\u00e1rodn\u00fd prepravca (FAIM), ktor\u00fd by v\u00e1m mohol pom\u00f4c\u0165 pri s\u0165ahovan\u00ed.<\/p>\n<h2><strong>1. Premiestnenie Brimar<\/strong><\/h2>\n<p><img loading=\"lazy\" decoding=\"async\" class=\"alignnone size-full wp-image-11277\" src=\"https:\/\/moverdb.com\/wp-content\/uploads\/Brimar-Relocations-international-moving-company.png\" alt=\"Brimar Relocations medzin\u00e1rodn\u00e9 s\u0165ahovanie spolo\u010dnos\u0165\" width=\"1440\" height=\"679\" data-wp-pid=\"11277\" srcset=\"https:\/\/moverdb.com\/wp-content\/uploads\/Brimar-Relocations-international-moving-company.png 1440w, https:\/\/moverdb.com\/wp-content\/uploads\/Brimar-Relocations-international-moving-company-300x141.png 300w, https:\/\/moverdb.com\/wp-content\/uploads\/Brimar-Relocations-international-moving-company-1024x483.png 1024w, https:\/\/moverdb.com\/wp-content\/uploads\/Brimar-Relocations-international-moving-company-18x8.png 18w, https:\/\/moverdb.com\/wp-content\/uploads\/Brimar-Relocations-international-moving-company-600x283.png 600w\" sizes=\"auto, (max-width: 1440px) 100vw, 1440px\" \/><\/p>\n<ul>\n<li>N\u00e1rodn\u00e9 presuny<\/li>\n<li>Medzin\u00e1rodn\u00e9 s\u0165ahovanie<\/li>\n<li>S\u0165ahovanie dom\u00e1cnost\u00ed<\/li>\n<li>Premiest\u0148ovanie firiem<\/li>\n<li>Slu\u017eba od dver\u00ed k dver\u00e1m<\/li>\n<li>Dopravn\u00e9 opatrenia<\/li>\n<li>Coln\u00e1 podpora<\/li>\n<li>Manipul\u00e1cia s v\u00fdtvarn\u00fdm umen\u00edm<\/li>\n<li>Poistenie<\/li>\n<li>Skladovacie zariadenia<\/li>\n<\/ul>\n<p>Brimar Relocations je medzin\u00e1rodn\u00e1 s\u0165ahovacia spolo\u010dnos\u0165 zalo\u017een\u00e1 v roku 2007 so s\u00eddlom v Stamforde a kancel\u00e1riou v <a href=\"https:\/\/moverdb.com\/sk\/moving-to-france\/moving-to-paris\/\" data-internallinksmanager029f6b8e52c=\"407\" title=\"S\u0165ahujete sa do Par\u00ed\u017ea? 2026 N\u00e1klady na b\u00fdvanie a tipy na pres\u0165ahovanie\">Par\u00ed\u017e<\/a>. Maj\u00fa rozvinut\u00fa sie\u0165 agentov po celom svete, ktor\u00ed im pom\u00e1haj\u00fa pri realiz\u00e1cii medzin\u00e1rodn\u00fdch presunov. S\u00fa \u010dlenom IAM so 14-ro\u010dn\u00fdmi sk\u00fasenos\u0165ami.<\/p>\n<p>Spolo\u010dnos\u0165 Brimar Relocation pon\u00faka n\u00e1rodn\u00e9 a medzin\u00e1rodn\u00e9 s\u0165ahovacie a s\u0165ahovacie slu\u017eby a \u0161pecializuje sa na s\u0165ahovanie firiem a dok\u00e1\u017ee spracova\u0165 v\u00fdtvarn\u00e9 umenie. Poskytuje s\u0165ahovacie slu\u017eby od dver\u00ed k dver\u00e1m, pri\u010dom zabezpe\u010d\u00ed prepravu va\u0161ich vec\u00ed na miesto ur\u010denia, ktor\u00e1 m\u00f4\u017ee zah\u0155\u0148a\u0165 aj debnenie a uskladnenie, ako aj z\u00e1kladn\u00e9 poistenie.<\/p>\n<p>Webov\u00e1 lokalita: <a href=\"http:\/\/www.brimarrelo.com\" target=\"_blank\" rel=\"noopener\">http:\/\/www.brimarrelo.com<\/a><\/p>\n<h2><strong>2. Meyer<\/strong><\/h2>\n<p><img loading=\"lazy\" decoding=\"async\" class=\"alignnone size-full wp-image-11376\" src=\"https:\/\/moverdb.com\/wp-content\/uploads\/Meyer-international-moving-company.png\" alt=\"Meyer medzin\u00e1rodn\u00e9 s\u0165ahovanie spolo\u010dnos\u0165\" width=\"1440\" height=\"680\" data-wp-pid=\"11376\" srcset=\"https:\/\/moverdb.com\/wp-content\/uploads\/Meyer-international-moving-company.png 1440w, https:\/\/moverdb.com\/wp-content\/uploads\/Meyer-international-moving-company-300x142.png 300w, https:\/\/moverdb.com\/wp-content\/uploads\/Meyer-international-moving-company-1024x484.png 1024w, https:\/\/moverdb.com\/wp-content\/uploads\/Meyer-international-moving-company-18x9.png 18w, https:\/\/moverdb.com\/wp-content\/uploads\/Meyer-international-moving-company-600x283.png 600w\" sizes=\"auto, (max-width: 1440px) 100vw, 1440px\" \/><\/p>\n<ul>\n<li>Miestne a dia\u013ekov\u00e9 presuny<\/li>\n<li>Medzin\u00e1rodn\u00e9 premiestnenia<\/li>\n<li>Premiest\u0148ovanie obytn\u00fdch budov<\/li>\n<li>Premiest\u0148ovanie kancel\u00e1ri\u00ed<\/li>\n<li>Premiest\u0148ovanie firiem<\/li>\n<li>Slu\u017eba od dver\u00ed k dver\u00e1m<\/li>\n<li>Vyhraden\u00fd koordin\u00e1tor s\u0165ahovania<\/li>\n<li>Mo\u017enosti balenia<\/li>\n<li><a href=\"https:\/\/moverdb.com\/sk\/car-transport-shipping\/\" data-internallinksmanager029f6b8e52c=\"2\" title=\"2026 Medzin\u00e1rodn\u00e1 preprava \u00e1ut a cit\u00e1cie prepravy vozidiel\">Preprava vozidiel<\/a><\/li>\n<li>Rie\u0161enia na ukladanie<\/li>\n<\/ul>\n<p>Spolo\u010dnos\u0165 Meyer je spolo\u010dnos\u0165 so s\u00eddlom v Stratforde, ktor\u00e1 sa zaober\u00e1 logistikou, s\u0165ahovan\u00edm a skladovan\u00edm a bola zalo\u017een\u00e1 v roku 1915. Je s\u00fa\u010das\u0165ou siete United Van Lines, ktor\u00e1 jej poskytuje pr\u00edstup k s\u0165ahovac\u00edm spolo\u010dnostiam, ktor\u00e9 ju podporuj\u00fa pri poskytovan\u00ed slu\u017eieb. S\u00fa \u010dlenom IAM so 108 rokmi sk\u00fasenost\u00ed.<\/p>\n<p>Spolo\u010dnos\u0165 Meyer pon\u00faka konzult\u00e1cie o s\u0165ahovan\u00ed, aby pos\u00fadila va\u0161e po\u017eiadavky a objem s\u0165ahovania. Poskytuje \u0161pecializovan\u00e9ho koordin\u00e1tora s\u0165ahovania, ktor\u00fd bude riadi\u0165 v\u0161etky aspekty v\u00e1\u0161ho s\u0165ahovania. Vyh\u013eadaj\u00fa najlep\u0161ie rie\u0161enie s\u0165ahovania pre va\u0161e potreby a poskytn\u00fa slu\u017eby od dver\u00ed k dver\u00e1m s mo\u017enos\u0165ou kompletn\u00e9ho baliaceho servisu alebo vlastn\u00e9ho balenia.<\/p>\n<p>Webov\u00e1 lokalita: <a href=\"http:\/\/www.williambmeyer.com\" target=\"_blank\" rel=\"noopener\">http:\/\/www.williambmeyer.com<\/a><\/p>\n<h2><strong>3. WorldCare Pet Transport<\/strong><\/h2>\n<p><img loading=\"lazy\" decoding=\"async\" class=\"alignnone size-full wp-image-11481\" src=\"https:\/\/moverdb.com\/wp-content\/uploads\/WorldCare-Pet-Transport-international-moving-company.png\" alt=\"WorldCare Pet Transport medzin\u00e1rodn\u00e1 s\u0165ahovacia spolo\u010dnos\u0165\" width=\"1440\" height=\"683\" data-wp-pid=\"11481\" srcset=\"https:\/\/moverdb.com\/wp-content\/uploads\/WorldCare-Pet-Transport-international-moving-company.png 1440w, https:\/\/moverdb.com\/wp-content\/uploads\/WorldCare-Pet-Transport-international-moving-company-300x142.png 300w, https:\/\/moverdb.com\/wp-content\/uploads\/WorldCare-Pet-Transport-international-moving-company-1024x486.png 1024w, https:\/\/moverdb.com\/wp-content\/uploads\/WorldCare-Pet-Transport-international-moving-company-18x9.png 18w, https:\/\/moverdb.com\/wp-content\/uploads\/WorldCare-Pet-Transport-international-moving-company-600x285.png 600w\" sizes=\"auto, (max-width: 1440px) 100vw, 1440px\" \/><\/p>\n<ul>\n<li>Celon\u00e1rodn\u00e1 slu\u017eba<\/li>\n<li>Medzin\u00e1rodn\u00e1 slu\u017eba<\/li>\n<li>S\u00fakromn\u00e9 pohyby dom\u00e1cich zvierat<\/li>\n<li>Premiest\u0148ovanie firemn\u00fdch dom\u00e1cich zvierat<\/li>\n<li>Komplexn\u00e9 slu\u017eby<\/li>\n<li>Slu\u017eba od dver\u00ed k dver\u00e1m<\/li>\n<li>Ponuka pre v\u0161etky druhy dom\u00e1cich zvierat<\/li>\n<li>Usporiadanie efekt\u00edvnej dopravy<\/li>\n<li>Leteck\u00ed dopravcovia<\/li>\n<li>Veterin\u00e1rne slu\u017eby<\/li>\n<\/ul>\n<p>WorldCare Pet Transport je medzin\u00e1rodn\u00e1 prepravn\u00e1 spolo\u010dnos\u0165, ktor\u00e1 p\u00f4sob\u00ed u\u017e viac ako 10 rokov. Spolupracuje so spolo\u010dnos\u0165ami zaoberaj\u00facimi sa s\u0165ahovan\u00edm tovaru do dom\u00e1cnosti, firmami zaoberaj\u00facimi sa riaden\u00edm premiest\u0148ovania a pracovn\u00edkmi v oblasti \u013eudsk\u00fdch zdrojov. S\u00fa registrovan\u00ed v USDA ako okam\u017eit\u00fd prepravca. S\u00fa \u010dlenom IAM s 22-ro\u010dn\u00fdmi sk\u00fasenos\u0165ami.<\/p>\n<p>WorldCare Pet Transport poskytuje komplexn\u00fa slu\u017ebu premiest\u0148ovania dom\u00e1cich zvierat, ktor\u00e1 vyzdvihne a doru\u010d\u00ed va\u0161e dom\u00e1ce zviera kdeko\u013evek na svete. Zabezpe\u010duje v\u0161etky cestovn\u00e9 opatrenia, ktor\u00e9 s\u00fa najpriamej\u0161ie a najv\u00fdhodnej\u0161ie, a poskytuje schv\u00e1len\u00e9 prepravky v\u0161etk\u00fdch ve\u013ekost\u00ed. Zabezpe\u010dia veterin\u00e1rne slu\u017eby vr\u00e1tane zdravotn\u00fdch vy\u0161etren\u00ed, krvn\u00fdch vzoriek, certifik\u00e1tov a mikro\u010dipov.<\/p>\n<p>Webov\u00e1 lokalita: <a href=\"http:\/\/www.WorldCarePet.com\" target=\"_blank\" rel=\"noopener\">http:\/\/www.WorldCarePet.com<\/a><\/p>","protected":false},"excerpt":{"rendered":"<p>If you are moving, you may want to employ the services of a moving company to support and lessen the load. They can help with planning the move, packing your belongings, arranging transport and handling customs for international moves. Below we have compiled a list of Connecticut based removal companies that are members of the [&hellip;]<\/p>\n","protected":false},"author":4,"featured_media":11277,"parent":190,"menu_order":0,"comment_status":"closed","ping_status":"closed","template":"","meta":{"_genesis_hide_title":false,"_genesis_hide_breadcrumbs":false,"_genesis_hide_singular_image":false,"_genesis_hide_footer_widgets":false,"_genesis_custom_body_class":"","_genesis_custom_post_class":"","_genesis_layout":"","footnotes":""},"class_list":{"0":"post-11556","1":"page","2":"type-page","3":"status-publish","4":"has-post-thumbnail","6":"entry"},"_links":{"self":[{"href":"https:\/\/moverdb.com\/sk\/wp-json\/wp\/v2\/pages\/11556","targetHints":{"allow":["GET"]}}],"collection":[{"href":"https:\/\/moverdb.com\/sk\/wp-json\/wp\/v2\/pages"}],"about":[{"href":"https:\/\/moverdb.com\/sk\/wp-json\/wp\/v2\/types\/page"}],"author":[{"embeddable":true,"href":"https:\/\/moverdb.com\/sk\/wp-json\/wp\/v2\/users\/4"}],"replies":[{"embeddable":true,"href":"https:\/\/moverdb.com\/sk\/wp-json\/wp\/v2\/comments?post=11556"}],"version-history":[{"count":1,"href":"https:\/\/moverdb.com\/sk\/wp-json\/wp\/v2\/pages\/11556\/revisions"}],"predecessor-version":[{"id":11557,"href":"https:\/\/moverdb.com\/sk\/wp-json\/wp\/v2\/pages\/11556\/revisions\/11557"}],"up":[{"embeddable":true,"href":"https:\/\/moverdb.com\/sk\/wp-json\/wp\/v2\/pages\/190"}],"wp:featuredmedia":[{"embeddable":true,"href":"https:\/\/moverdb.com\/sk\/wp-json\/wp\/v2\/media\/11277"}],"wp:attachment":[{"href":"https:\/\/moverdb.com\/sk\/wp-json\/wp\/v2\/media?parent=11556"}],"curies":[{"name":"wp","href":"https:\/\/api.w.org\/{rel}","templated":true}]}}