{"id":11554,"date":"2023-11-29T10:46:40","date_gmt":"2023-11-29T10:46:40","guid":{"rendered":"https:\/\/moverdb.com\/?page_id=11554"},"modified":"2026-01-08T15:25:05","modified_gmt":"2026-01-08T15:25:05","slug":"moving-companies-us-colorado","status":"publish","type":"page","link":"https:\/\/moverdb.com\/sk\/moving-companies\/moving-companies-us-colorado\/","title":{"rendered":"5 najlep\u0161\u00edch medzin\u00e1rodn\u00fdch s\u0165ahovac\u00edch spolo\u010dnost\u00ed v Colorade"},"content":{"rendered":"<p>S\u0165ahovanie m\u00f4\u017ee by\u0165 stresuj\u00face, preto\u017ee je potrebn\u00e9 zorganizova\u0165 a urobi\u0165 ve\u013ea vec\u00ed, preto vyu\u017eite slu\u017eby <a href=\"https:\/\/moverdb.com\/sk\/moving-companies\/\" data-internallinksmanager029f6b8e52c=\"79\" title=\"Top 25 medzin\u00e1rodn\u00fdch s\u0165ahovac\u00edch spolo\u010dnost\u00ed online\">s\u0165ahovacia spolo\u010dnos\u0165<\/a> by mohli pom\u00f4c\u0165 zn\u00ed\u017ei\u0165 za\u0165a\u017eenie. M\u00f4\u017eu v\u00e1m pom\u00f4c\u0165 s pl\u00e1novan\u00edm, balen\u00edm, coln\u00fdmi opatreniami a prepravou. Ni\u017e\u0161ie sme zostavili zoznam <a href=\"https:\/\/moverdb.com\/sk\/moving-to-the-united-states\/moving-to-colorado\/\" data-internallinksmanager029f6b8e52c=\"399\" title=\"S\u0165ahujete sa do Colorada? 2026 N\u00e1klady na b\u00fdvanie a tipy na pres\u0165ahovanie\">Colorado<\/a> na str\u00e1nke . <a href=\"https:\/\/moverdb.com\/sk\/international-removals\/\" data-internallinksmanager029f6b8e52c=\"27\" title=\"36 najlep\u0161\u00edch medzin\u00e1rodn\u00fdch s\u0165ahovac\u00edch spolo\u010dnost\u00ed v Spojenom kr\u00e1\u013eovstve\">s\u0165ahovacie spolo\u010dnosti<\/a> ktor\u00e9 s\u00fa \u010dlenmi <a href=\"https:\/\/moverdb.com\/sk\/iam\/\" data-internallinksmanager029f6b8e52c=\"23\" title=\"Vysvetlenie Medzin\u00e1rodnej asoci\u00e1cie s\u0165ahovate\u013eov (IAM)\">Medzin\u00e1rodn\u00e1 asoci\u00e1cia s\u0165ahovate\u013eov<\/a> (IAM) a\/alebo <a href=\"https:\/\/moverdb.com\/sk\/fidi-faim\/\" data-internallinksmanager029f6b8e52c=\"16\" title=\"Vysvetlenie FIDI a FAIM (FIDI akreditovan\u00fd medzin\u00e1rodn\u00fd prepravca)\">FIDI<\/a> Akreditovan\u00fd medzin\u00e1rodn\u00fd prepravca (FAIM), ktor\u00fd by v\u00e1m mohol pom\u00f4c\u0165 pri s\u0165ahovan\u00ed.<\/p>\n<div id=\"ez-toc-container\" class=\"ez-toc-v2_0_82_2 ez-toc-wrap-left counter-hierarchy ez-toc-counter ez-toc-transparent ez-toc-container-direction\">\n<div class=\"ez-toc-title-container\">\n<p class=\"ez-toc-title\" style=\"cursor:inherit\">Sekcie<\/p>\n<span class=\"ez-toc-title-toggle\"><a href=\"#\" class=\"ez-toc-pull-right ez-toc-btn ez-toc-btn-xs ez-toc-btn-default ez-toc-toggle\" aria-label=\"Prep\u00ednanie tabu\u013eky obsahu\"><span class=\"ez-toc-js-icon-con\"><span class=\"\"><span class=\"eztoc-hide\" style=\"display:none;\">Prep\u00edna\u010d<\/span><span class=\"ez-toc-icon-toggle-span\"><svg style=\"fill: #999;color:#999\" xmlns=\"http:\/\/www.w3.org\/2000\/svg\" class=\"list-377408\" width=\"20px\" height=\"20px\" viewbox=\"0 0 24 24\" fill=\"none\"><path d=\"M6 6H4v2h2V6zm14 0H8v2h12V6zM4 11h2v2H4v-2zm16 0H8v2h12v-2zM4 16h2v2H4v-2zm16 0H8v2h12v-2z\" fill=\"currentColor\"><\/path><\/svg><svg style=\"fill: #999;color:#999\" class=\"arrow-unsorted-368013\" xmlns=\"http:\/\/www.w3.org\/2000\/svg\" width=\"10px\" height=\"10px\" viewbox=\"0 0 24 24\" version=\"1.2\" baseprofile=\"tiny\"><path d=\"M18.2 9.3l-6.2-6.3-6.2 6.3c-.2.2-.3.4-.3.7s.1.5.3.7c.2.2.4.3.7.3h11c.3 0 .5-.1.7-.3.2-.2.3-.5.3-.7s-.1-.5-.3-.7zM5.8 14.7l6.2 6.3 6.2-6.3c.2-.2.3-.5.3-.7s-.1-.5-.3-.7c-.2-.2-.4-.3-.7-.3h-11c-.3 0-.5.1-.7.3-.2.2-.3.5-.3.7s.1.5.3.7z\"\/><\/svg><\/span><\/span><\/span><\/a><\/span><\/div>\n<nav><ul class='ez-toc-list ez-toc-list-level-1 eztoc-toggle-hide-by-default' ><li class='ez-toc-page-1 ez-toc-heading-level-2'><a class=\"ez-toc-link ez-toc-heading-1\" href=\"https:\/\/moverdb.com\/sk\/moving-companies\/moving-companies-us-colorado\/#1_Atlantic_Relocation_Systems\" >1. Atlantic Relocation Systems<\/a><\/li><li class='ez-toc-page-1 ez-toc-heading-level-2'><a class=\"ez-toc-link ez-toc-heading-2\" href=\"https:\/\/moverdb.com\/sk\/moving-companies\/moving-companies-us-colorado\/#2_Baileys_Moving_Storage\" >2. Bailey's Moving &amp; Storage<\/a><\/li><li class='ez-toc-page-1 ez-toc-heading-level-2'><a class=\"ez-toc-link ez-toc-heading-3\" href=\"https:\/\/moverdb.com\/sk\/moving-companies\/moving-companies-us-colorado\/#3_Gallagher_Transport\" >3. Gallagher Transport<\/a><\/li><li class='ez-toc-page-1 ez-toc-heading-level-2'><a class=\"ez-toc-link ez-toc-heading-4\" href=\"https:\/\/moverdb.com\/sk\/moving-companies\/moving-companies-us-colorado\/#4_Graebel\" >4. Graebel<\/a><\/li><li class='ez-toc-page-1 ez-toc-heading-level-2'><a class=\"ez-toc-link ez-toc-heading-5\" href=\"https:\/\/moverdb.com\/sk\/moving-companies\/moving-companies-us-colorado\/#5_Johnson_Storage_Moving\" >5. Johnson Storage &amp; Moving<\/a><\/li><\/ul><\/nav><\/div>\n<h2><span class=\"ez-toc-section\" id=\"1_Atlantic_Relocation_Systems\"><\/span><strong>1. Atlantic Relocation Systems<\/strong><span class=\"ez-toc-section-end\"><\/span><\/h2>\n<p><img loading=\"lazy\" decoding=\"async\" class=\"alignnone size-full wp-image-11262\" src=\"https:\/\/moverdb.com\/wp-content\/uploads\/Atlantic-Relocation-Systems-international-moving-company.png\" alt=\"Atlantic Relocation Systems medzin\u00e1rodn\u00e9 s\u0165ahovanie spolo\u010dnos\u0165\" width=\"1440\" height=\"677\" data-wp-pid=\"11262\" srcset=\"https:\/\/moverdb.com\/wp-content\/uploads\/Atlantic-Relocation-Systems-international-moving-company.png 1440w, https:\/\/moverdb.com\/wp-content\/uploads\/Atlantic-Relocation-Systems-international-moving-company-300x141.png 300w, https:\/\/moverdb.com\/wp-content\/uploads\/Atlantic-Relocation-Systems-international-moving-company-1024x481.png 1024w, https:\/\/moverdb.com\/wp-content\/uploads\/Atlantic-Relocation-Systems-international-moving-company-18x8.png 18w, https:\/\/moverdb.com\/wp-content\/uploads\/Atlantic-Relocation-Systems-international-moving-company-600x282.png 600w\" sizes=\"auto, (max-width: 1440px) 100vw, 1440px\" \/><\/p>\n<ul>\n<li>Miestne a dia\u013ekov\u00e9 presuny<\/li>\n<li>Medzin\u00e1rodn\u00e9 s\u0165ahovanie<\/li>\n<li>S\u0165ahovanie do obytn\u00fdch priestorov<\/li>\n<li>S\u0165ahovanie obchodn\u00fdch a kancel\u00e1rskych priestorov<\/li>\n<li>Koordin\u00e1tor medzin\u00e1rodn\u00e9ho s\u0165ahovania<\/li>\n<li>Baliace slu\u017eby<\/li>\n<li>Pozemn\u00e1, leteck\u00e1 a n\u00e1morn\u00e1 doprava<\/li>\n<li>Podpora dokument\u00e1cie<\/li>\n<li>Manipul\u00e1cia s umeleck\u00fdmi dielami<\/li>\n<li>Skladovacie zariadenia<\/li>\n<\/ul>\n<p>Atlantic Relocation Systems je spolo\u010dnos\u0165 zaoberaj\u00faca sa s\u0165ahovan\u00edm dom\u00e1cnost\u00ed a firiem, ktor\u00e1 bola zalo\u017een\u00e1 v roku 1984 v <a href=\"https:\/\/moverdb.com\/sk\/moving-to-denver\/\" data-internallinksmanager029f6b8e52c=\"42\" title=\"S\u0165ahujete sa do Denveru? 2022 N\u00e1klady na b\u00fdvanie a tipy na pres\u0165ahovanie\">Denver<\/a> s lokalitami v <a href=\"https:\/\/moverdb.com\/sk\/moving-to-the-united-states\/moving-to-california\/\" data-internallinksmanager029f6b8e52c=\"330\" title=\"S\u0165ahovanie do Kalifornie? 2026 N\u00e1klady na b\u00fdvanie a tipy na pres\u0165ahovanie\">Kalifornia<\/a>, <a href=\"https:\/\/moverdb.com\/sk\/moving-to-the-united-states\/moving-to-illinois\/\" data-internallinksmanager029f6b8e52c=\"401\" title=\"S\u0165ahovanie do Illinois? 2026 N\u00e1klady na b\u00fdvanie a tipy na pres\u0165ahovanie\">Illinois<\/a>, <a href=\"https:\/\/moverdb.com\/sk\/moving-to-the-united-states\/moving-to-arizona\/\" data-internallinksmanager029f6b8e52c=\"385\" title=\"S\u0165ahujete sa do Arizony? 2026 N\u00e1klady na b\u00fdvanie a tipy na pres\u0165ahovanie\">Arizona<\/a>, <a href=\"https:\/\/moverdb.com\/sk\/moving-to-the-united-states\/moving-to-florida\/\" data-internallinksmanager029f6b8e52c=\"331\" title=\"S\u0165ahovanie na Floridu? 2026 N\u00e1klady na b\u00fdvanie a tipy na pres\u0165ahovanie\">Florida<\/a>, <a href=\"https:\/\/moverdb.com\/sk\/moving-to-the-united-states\/moving-to-texas\/\" data-internallinksmanager029f6b8e52c=\"397\" title=\"S\u0165ahovanie do Texasu? 2026 N\u00e1klady na b\u00fdvanie a tipy na pres\u0165ahovanie\">Texas<\/a> a <a href=\"https:\/\/moverdb.com\/sk\/moving-to-the-united-states\/moving-to-georgia\/\" data-internallinksmanager029f6b8e52c=\"402\" title=\"S\u0165ahovanie do Gruz\u00ednska? 2026 N\u00e1klady na b\u00fdvanie a tipy na pres\u0165ahovanie\">Georgia<\/a>. S\u00fa agentom spolo\u010dnosti Atlas Van Lines a maj\u00fa sie\u0165 medzin\u00e1rodn\u00fdch agentov, ktor\u00ed im pom\u00e1haj\u00fa s presunmi na n\u00e1rodnej a medzin\u00e1rodnej \u00farovni. S\u00fa \u010dlenom IAM s 26-ro\u010dn\u00fdmi sk\u00fasenos\u0165ami.<\/p>\n<p>Spolo\u010dnos\u0165 Atlantic Relocation Systems pon\u00faka bezplatn\u00fd odhad na mieste pre miestne s\u0165ahovanie a pridelenie koordin\u00e1tora pre medzin\u00e1rodn\u00e9 s\u0165ahovanie pre medzin\u00e1rodn\u00e9 s\u0165ahovanie. Ich koordin\u00e1tori s\u0165ahovania zorganizuj\u00fa cel\u00fa logistiku v\u00e1\u0161ho s\u0165ahovania vr\u00e1tane zabezpe\u010denia prepravy a sprievodnej dokument\u00e1cie.<\/p>\n<p>Webov\u00e1 lokalita: <a href=\"http:\/\/www.atlanticrelocation.com\/denver\/\" target=\"_blank\" rel=\"noopener\">http:\/\/www.atlanticrelocation.com\/denver\/<\/a><\/p>\n<h2><span class=\"ez-toc-section\" id=\"2_Baileys_Moving_Storage\"><\/span><strong>2. Bailey's Moving &amp; Storage<\/strong><span class=\"ez-toc-section-end\"><\/span><\/h2>\n<p><img loading=\"lazy\" decoding=\"async\" class=\"alignnone size-full wp-image-11266\" src=\"https:\/\/moverdb.com\/wp-content\/uploads\/Baileys-Moving-Storage-international-moving-company.png\" alt=\"Baileys Moving &amp; Storage medzin\u00e1rodn\u00e9 s\u0165ahovanie spolo\u010dnos\u0165\" width=\"1440\" height=\"680\" data-wp-pid=\"11266\" srcset=\"https:\/\/moverdb.com\/wp-content\/uploads\/Baileys-Moving-Storage-international-moving-company.png 1440w, https:\/\/moverdb.com\/wp-content\/uploads\/Baileys-Moving-Storage-international-moving-company-300x142.png 300w, https:\/\/moverdb.com\/wp-content\/uploads\/Baileys-Moving-Storage-international-moving-company-1024x484.png 1024w, https:\/\/moverdb.com\/wp-content\/uploads\/Baileys-Moving-Storage-international-moving-company-18x9.png 18w, https:\/\/moverdb.com\/wp-content\/uploads\/Baileys-Moving-Storage-international-moving-company-600x283.png 600w\" sizes=\"auto, (max-width: 1440px) 100vw, 1440px\" \/><\/p>\n<ul>\n<li>Miestne a dia\u013ekov\u00e9 presuny<\/li>\n<li>Medzin\u00e1rodn\u00e9 s\u0165ahovanie<\/li>\n<li>S\u0165ahovanie dom\u00e1cnost\u00ed<\/li>\n<li>Obchodn\u00e9 kroky<\/li>\n<li>Riadenie presunu<\/li>\n<li>Baliace slu\u017eby<\/li>\n<li>Dopravn\u00e9 opatrenia<\/li>\n<li>Coln\u00e1 podpora<\/li>\n<li>Poistenie<\/li>\n<li>Kr\u00e1tkodob\u00e9 a dlhodob\u00e9 bezpe\u010dn\u00e9 skladovanie<\/li>\n<\/ul>\n<p>Bailey's Moving &amp; Storage je spolo\u010dnos\u0165 so s\u00eddlom v <a href=\"https:\/\/moverdb.com\/sk\/moving-to-the-united-states\/moving-to-utah\/\" data-internallinksmanager029f6b8e52c=\"439\" title=\"S\u0165ahujete sa do Utahu? 2026 N\u00e1klady na b\u00fdvanie a tipy na pres\u0165ahovanie\">Utah<\/a> a Colorado vznikli v roku 1952. Maj\u00fa n\u00e1rodn\u00fa a medzin\u00e1rodn\u00fa sie\u0165 s\u0165ahovac\u00edch agentov, ktor\u00ed im pom\u00e1haj\u00fa pri poskytovan\u00ed slu\u017eieb, a s\u00fa agentom spolo\u010dnosti Allied Van Lines. S\u00fa \u010dlenom IAM so 71-ro\u010dn\u00fdmi sk\u00fasenos\u0165ami.<\/p>\n<p>Spolo\u010dnos\u0165 Bailey's Moving &amp; Storage pon\u00faka bezplatn\u00fd odhad s\u0165ahovania a poskytne v\u00e1m najlep\u0161iu mo\u017en\u00fa cenu. Poskytuj\u00fa baliace slu\u017eby s profesion\u00e1lne vy\u0161kolen\u00fdmi baliacimi pracovn\u00edkmi, ktor\u00ed pou\u017e\u00edvaj\u00fa vhodn\u00e9 baliace materi\u00e1ly na ochranu va\u0161ich vec\u00ed. Zabezpe\u010dia prepravu va\u0161ich vec\u00ed na miesto ur\u010denia, \u010di u\u017e je to miestna, medzi\u0161t\u00e1tna alebo medzin\u00e1rodn\u00e1 preprava.<\/p>\n<p>Webov\u00e1 lokalita: <a href=\"https:\/\/baileysallied.com\" target=\"_blank\" rel=\"noopener\">https:\/\/baileysallied.com<\/a><\/p>\n<h2><span class=\"ez-toc-section\" id=\"3_Gallagher_Transport\"><\/span><strong>3. Gallagher Transport<\/strong><span class=\"ez-toc-section-end\"><\/span><\/h2>\n<p><img loading=\"lazy\" decoding=\"async\" class=\"alignnone size-full wp-image-11324\" src=\"https:\/\/moverdb.com\/wp-content\/uploads\/Gallagher-Transport-international-moving-company.png\" alt=\"Gallagher Transport medzin\u00e1rodn\u00e9 s\u0165ahovanie spolo\u010dnos\u0165\" width=\"1440\" height=\"669\" data-wp-pid=\"11324\" srcset=\"https:\/\/moverdb.com\/wp-content\/uploads\/Gallagher-Transport-international-moving-company.png 1440w, https:\/\/moverdb.com\/wp-content\/uploads\/Gallagher-Transport-international-moving-company-300x139.png 300w, https:\/\/moverdb.com\/wp-content\/uploads\/Gallagher-Transport-international-moving-company-1024x476.png 1024w, https:\/\/moverdb.com\/wp-content\/uploads\/Gallagher-Transport-international-moving-company-18x8.png 18w, https:\/\/moverdb.com\/wp-content\/uploads\/Gallagher-Transport-international-moving-company-600x279.png 600w\" sizes=\"auto, (max-width: 1440px) 100vw, 1440px\" \/><\/p>\n<ul>\n<li>Vn\u00fatro\u0161t\u00e1tna n\u00e1kladn\u00e1 doprava<\/li>\n<li>Medzin\u00e1rodn\u00e1 n\u00e1kladn\u00e1 doprava<\/li>\n<li>Riadenie logistiky<\/li>\n<li>Individu\u00e1lne rie\u0161enia<\/li>\n<li>Doru\u010denie od dver\u00ed k dver\u00e1m<\/li>\n<li>Leteck\u00e1, pozemn\u00e1 a n\u00e1morn\u00e1 doprava<\/li>\n<li>Sledovanie z\u00e1sielok<\/li>\n<li>Coln\u00e9 konanie<\/li>\n<li>Poistenie<\/li>\n<li>Skladovacie zariadenia<\/li>\n<\/ul>\n<p>Gallagher Transport je z\u00e1kazkov\u00fd sprostredkovate\u013e a <a href=\"https:\/\/moverdb.com\/sk\/freight-forwarder\/\" data-internallinksmanager029f6b8e52c=\"17\" title=\"Sprievodca medzin\u00e1rodn\u00fdmi n\u00e1kladmi a spolo\u010dnos\u0165ami zasielate\u013estva a NVOCC\">zasielate\u013e<\/a> zalo\u017een\u00e1 v roku 1990 v <a href=\"https:\/\/moverdb.com\/sk\/moving-to-the-united-states\/moving-to-oregon\/\" data-internallinksmanager029f6b8e52c=\"395\" title=\"S\u0165ahovanie do Oregonu? 2026 N\u00e1klady na b\u00fdvanie a tipy na pres\u0165ahovanie\">Oregon<\/a> s kancel\u00e1riami v Denveri, <a href=\"https:\/\/moverdb.com\/sk\/moving-to-houston\/\" data-internallinksmanager029f6b8e52c=\"47\" title=\"S\u0165ahujete sa do Houstonu? 2022 N\u00e1klady na b\u00fdvanie a tipy na pres\u0165ahovanie\">Houston<\/a>, <a href=\"https:\/\/moverdb.com\/sk\/moving-to-los-angeles\/\" data-internallinksmanager029f6b8e52c=\"51\" title=\"S\u0165ahujete sa do Los Angeles? 2026 N\u00e1klady na b\u00fdvanie v LA a tipy na pres\u0165ahovanie\">Los Angeles<\/a>, Portland a <a href=\"https:\/\/moverdb.com\/sk\/moving-to-san-francisco\/\" data-internallinksmanager029f6b8e52c=\"63\" title=\"S\u0165ahujete sa do San Francisca? 2022 N\u00e1klady na b\u00fdvanie a tipy na pres\u0165ahovanie\">San Francisco<\/a>. S\u00fa \u010dlenom IAM s 29-ro\u010dn\u00fdmi sk\u00fasenos\u0165ami, \u010do im poskytuje pr\u00edstup k medzin\u00e1rodnej sieti poskytovate\u013eov s\u0165ahovac\u00edch slu\u017eieb, ktor\u00ed im pom\u00e1haj\u00fa.<\/p>\n<p>Spolo\u010dnos\u0165 Gallagher Transport poskytuje \u0161pedi\u010dn\u00e9 slu\u017eby, ktor\u00e9 zah\u0155\u0148aj\u00fa coln\u00e9 sprostredkovanie, ale nezah\u0155\u0148aj\u00fa \u017eiadne baliace slu\u017eby. Zabezpe\u010d\u00ed logistiku prepravy va\u0161ich vec\u00ed z jedn\u00e9ho miesta ur\u010denia do druh\u00e9ho na z\u00e1klade princ\u00edpu \"od dver\u00ed k dver\u00e1m\" po zemi, letecky alebo po mori. Sleduj\u00fa z\u00e1sielku a zabezpe\u010dia jej coln\u00e9 odbavenie a poistenie.<\/p>\n<p>Webov\u00e1 lokalita: <a href=\"http:\/\/www.gallaghertransport.com\" target=\"_blank\" rel=\"noopener\">http:\/\/www.gallaghertransport.com<\/a><\/p>\n<h2><span class=\"ez-toc-section\" id=\"4_Graebel\"><\/span><strong>4. Graebel<\/strong><span class=\"ez-toc-section-end\"><\/span><\/h2>\n<p><img loading=\"lazy\" decoding=\"async\" class=\"alignnone size-full wp-image-11333\" src=\"https:\/\/moverdb.com\/wp-content\/uploads\/Graebel-international-moving-company.png\" alt=\"Graebel medzin\u00e1rodn\u00e9 s\u0165ahovanie spolo\u010dnos\u0165\" width=\"1440\" height=\"678\" data-wp-pid=\"11333\" srcset=\"https:\/\/moverdb.com\/wp-content\/uploads\/Graebel-international-moving-company.png 1440w, https:\/\/moverdb.com\/wp-content\/uploads\/Graebel-international-moving-company-300x141.png 300w, https:\/\/moverdb.com\/wp-content\/uploads\/Graebel-international-moving-company-1024x482.png 1024w, https:\/\/moverdb.com\/wp-content\/uploads\/Graebel-international-moving-company-18x8.png 18w, https:\/\/moverdb.com\/wp-content\/uploads\/Graebel-international-moving-company-600x283.png 600w\" sizes=\"auto, (max-width: 1440px) 100vw, 1440px\" \/><\/p>\n<ul>\n<li>Medzin\u00e1rodn\u00e9 premiestnenia<\/li>\n<li>Premiest\u0148ovanie dom\u00e1cnost\u00ed<\/li>\n<li>Premiest\u0148ovanie firiem<\/li>\n<li>Personalizovan\u00e9 slu\u017eby<\/li>\n<li>Baliace slu\u017eby<\/li>\n<li>Odletov\u00e9 slu\u017eby<\/li>\n<li>Cie\u013eov\u00e9 slu\u017eby<\/li>\n<li>Zara\u010fovacie slu\u017eby<\/li>\n<li>Vyh\u013ead\u00e1vanie doma a v \u0161kole<\/li>\n<li>Repatria\u010dn\u00e9 slu\u017eby<\/li>\n<\/ul>\n<p>Graebel je spolo\u010dnos\u0165 poskytuj\u00faca komplexn\u00e9 slu\u017eby v oblasti riadenia premiest\u0148ovania, ktor\u00e1 vznikla v roku 1950 a m\u00e1 16 pobo\u010diek po celom svete vr\u00e1tane centr\u00e1ly v Denveri. Spolupracuje s cel\u00fdm radom servisn\u00fdch partnerov pri s\u0165ahovan\u00ed tovaru pre dom\u00e1cnosti po celom svete do viac ako 165 kraj\u00edn na \u0161iestich kontinentoch. Je \u010dlenom IAM so 69 rokmi sk\u00fasenost\u00ed.<\/p>\n<p>Spolo\u010dnos\u0165 Graebel sa \u0161pecializuje na premiest\u0148ovanie zamestnancov a podporu podnikov prostredn\u00edctvom svojich programov glob\u00e1lnej mobility. Poskytuje slu\u017eby spojen\u00e9 s odchodom zamestnancov vr\u00e1tane riadenia predaja ich domov alebo zru\u0161enia ich n\u00e1jomnej zmluvy, balenia, v\u00edz a imigra\u010dn\u00fdch slu\u017eieb. Ich slu\u017eby v cie\u013eovej destin\u00e1cii zah\u0155\u0148aj\u00fa orient\u00e1ciu, h\u013eadanie domova a \u0161koly, slu\u017eby n\u00e1jomcu, slu\u017eby usadenia a vybalenia.<\/p>\n<p>Webov\u00e1 lokalita: <a href=\"http:\/\/www.graebel.com\" target=\"_blank\" rel=\"noopener\">http:\/\/www.graebel.com<\/a><\/p>\n<h2><span class=\"ez-toc-section\" id=\"5_Johnson_Storage_Moving\"><\/span><strong>5. Johnson Storage &amp; Moving<\/strong><span class=\"ez-toc-section-end\"><\/span><\/h2>\n<p><img loading=\"lazy\" decoding=\"async\" class=\"alignnone size-full wp-image-11356\" src=\"https:\/\/moverdb.com\/wp-content\/uploads\/Johnson-Storage-Moving-international-moving-company.png\" alt=\"Johnson Storage &amp; Pohybliv\u00e9 medzin\u00e1rodn\u00e9 s\u0165ahovanie spolo\u010dnos\u0165\" width=\"1440\" height=\"677\" data-wp-pid=\"11356\" srcset=\"https:\/\/moverdb.com\/wp-content\/uploads\/Johnson-Storage-Moving-international-moving-company.png 1440w, https:\/\/moverdb.com\/wp-content\/uploads\/Johnson-Storage-Moving-international-moving-company-300x141.png 300w, https:\/\/moverdb.com\/wp-content\/uploads\/Johnson-Storage-Moving-international-moving-company-1024x481.png 1024w, https:\/\/moverdb.com\/wp-content\/uploads\/Johnson-Storage-Moving-international-moving-company-18x8.png 18w, https:\/\/moverdb.com\/wp-content\/uploads\/Johnson-Storage-Moving-international-moving-company-600x282.png 600w\" sizes=\"auto, (max-width: 1440px) 100vw, 1440px\" \/><\/p>\n<ul>\n<li>Miestne a dia\u013ekov\u00e9 presuny<\/li>\n<li>Medzin\u00e1rodn\u00e9 s\u0165ahovanie<\/li>\n<li>S\u0165ahovanie do obytn\u00fdch priestorov<\/li>\n<li>S\u0165ahovanie obchodn\u00fdch a kancel\u00e1rskych priestorov<\/li>\n<li>Premiest\u0148ovanie firiem<\/li>\n<li>Osobn\u00fd poradca pre s\u0165ahovanie<\/li>\n<li>Baliace slu\u017eby<\/li>\n<li>Dopravn\u00e9 opatrenia<\/li>\n<li>Coln\u00e9 konanie<\/li>\n<li>Skladovacie zariadenia<\/li>\n<\/ul>\n<p>Johnson Storage &amp; Moving je glob\u00e1lna logistick\u00e1 spolo\u010dnos\u0165 zalo\u017een\u00e1 v roku 1900 v Denveri s pobo\u010dkami v Colorade a Kalifornii, <a href=\"https:\/\/moverdb.com\/sk\/moving-to-the-united-states\/moving-to-kansas\/\" data-internallinksmanager029f6b8e52c=\"464\" title=\"S\u0165ahovanie do Kansasu? 2024 N\u00e1klady na b\u00fdvanie a tipy na pres\u0165ahovanie\">Kansas<\/a>, <a href=\"https:\/\/moverdb.com\/sk\/moving-to-the-united-states\/moving-to-new-mexico\/\" data-internallinksmanager029f6b8e52c=\"455\" title=\"S\u0165ahujete sa do Nov\u00e9ho Mexika? 2024 N\u00e1klady na b\u00fdvanie a tipy na pres\u0165ahovanie\">Nov\u00e9 Mexiko<\/a>, Texas, <a href=\"https:\/\/moverdb.com\/sk\/moving-to-the-united-states\/moving-to-wyoming\/\" data-internallinksmanager029f6b8e52c=\"449\" title=\"S\u0165ahujete sa do Wyomingu? 2024 N\u00e1klady na b\u00fdvanie a tipy na pres\u0165ahovanie\">Wyoming<\/a> a <a href=\"https:\/\/moverdb.com\/sk\/moving-to-the-united-states\/moving-to-missouri\/\" data-internallinksmanager029f6b8e52c=\"460\" title=\"S\u0165ahovanie do Missouri? 2024 N\u00e1klady na b\u00fdvanie a tipy na pres\u0165ahovanie\">Missouri<\/a>. S\u00fa \u010dlenom spolo\u010dnost\u00ed United Van Lines a Mayflower Transit, ktor\u00e9 poskytuj\u00fa v\u00e4\u010d\u0161ie pokrytie v celej <a href=\"https:\/\/moverdb.com\/sk\/moving-to-the-united-states\/\" data-internallinksmanager029f6b8e52c=\"94\" title=\"S\u0165ahujete sa do Spojen\u00fdch \u0161t\u00e1tov? 2022 \u017divotn\u00e9 n\u00e1klady a tipy na pres\u0165ahovanie\">US<\/a>. S\u00fa \u010dlenom IAM so 123-ro\u010dn\u00fdmi sk\u00fasenos\u0165ami a s\u00fa akreditovan\u00ed FIDI.<\/p>\n<p>Spolo\u010dnos\u0165 Johnson Storage &amp; Moving pon\u00faka bezplatn\u00fa cenov\u00fa ponuku na mieste alebo virtu\u00e1lne a poskytne v\u00e1m osobn\u00e9ho poradcu pre s\u0165ahovanie, ktor\u00fd v\u00e1s bude podporova\u0165 na ka\u017edom kroku. Vytvor\u00ed v\u00e1m osobn\u00fd pl\u00e1n s\u0165ahovania, ktor\u00fd bude sp\u013a\u0148a\u0165 va\u0161e potreby. Pon\u00fakaj\u00fa kompletn\u00e9 baliace slu\u017eby a postaraj\u00fa sa o coln\u00e9 odbavenie.<\/p>\n<p>Webov\u00e1 lokalita: <a href=\"https:\/\/www.johnsonstorage.com\" target=\"_blank\" rel=\"noopener\">https:\/\/www.johnsonstorage.com<\/a><\/p>","protected":false},"excerpt":{"rendered":"<p>Moving can be a stressful time with so many things to organise and do, so engaging the services of a moving company could help reduce the load. They can assist with planning, packing, customs arrangements and transportation. Below we have compiled a list of Colorado based removal companies that are members of the International Association [&hellip;]<\/p>\n","protected":false},"author":4,"featured_media":11262,"parent":190,"menu_order":0,"comment_status":"closed","ping_status":"closed","template":"","meta":{"_genesis_hide_title":false,"_genesis_hide_breadcrumbs":false,"_genesis_hide_singular_image":false,"_genesis_hide_footer_widgets":false,"_genesis_custom_body_class":"","_genesis_custom_post_class":"","_genesis_layout":"","footnotes":""},"class_list":{"0":"post-11554","1":"page","2":"type-page","3":"status-publish","4":"has-post-thumbnail","6":"entry"},"_links":{"self":[{"href":"https:\/\/moverdb.com\/sk\/wp-json\/wp\/v2\/pages\/11554","targetHints":{"allow":["GET"]}}],"collection":[{"href":"https:\/\/moverdb.com\/sk\/wp-json\/wp\/v2\/pages"}],"about":[{"href":"https:\/\/moverdb.com\/sk\/wp-json\/wp\/v2\/types\/page"}],"author":[{"embeddable":true,"href":"https:\/\/moverdb.com\/sk\/wp-json\/wp\/v2\/users\/4"}],"replies":[{"embeddable":true,"href":"https:\/\/moverdb.com\/sk\/wp-json\/wp\/v2\/comments?post=11554"}],"version-history":[{"count":1,"href":"https:\/\/moverdb.com\/sk\/wp-json\/wp\/v2\/pages\/11554\/revisions"}],"predecessor-version":[{"id":11555,"href":"https:\/\/moverdb.com\/sk\/wp-json\/wp\/v2\/pages\/11554\/revisions\/11555"}],"up":[{"embeddable":true,"href":"https:\/\/moverdb.com\/sk\/wp-json\/wp\/v2\/pages\/190"}],"wp:featuredmedia":[{"embeddable":true,"href":"https:\/\/moverdb.com\/sk\/wp-json\/wp\/v2\/media\/11262"}],"wp:attachment":[{"href":"https:\/\/moverdb.com\/sk\/wp-json\/wp\/v2\/media?parent=11554"}],"curies":[{"name":"wp","href":"https:\/\/api.w.org\/{rel}","templated":true}]}}