{"id":11548,"date":"2023-11-29T10:41:59","date_gmt":"2023-11-29T10:41:59","guid":{"rendered":"https:\/\/moverdb.com\/?page_id=11548"},"modified":"2026-01-08T15:24:37","modified_gmt":"2026-01-08T15:24:37","slug":"moving-companies-us-alexandria","status":"publish","type":"page","link":"https:\/\/moverdb.com\/sk\/moving-companies\/moving-companies-us-alexandria\/","title":{"rendered":"4 Najlep\u0161ie medzin\u00e1rodn\u00e9 s\u0165ahovacie spolo\u010dnosti v Alexandrii"},"content":{"rendered":"<p>S\u0165ahovanie m\u00f4\u017ee by\u0165 n\u00e1ro\u010dn\u00fdm obdob\u00edm s mno\u017estvom vec\u00ed, ktor\u00e9 je potrebn\u00e9 zorganizova\u0165, a preto sa mnoh\u00ed \u013eudia <a href=\"https:\/\/moverdb.com\/sk\/moving-companies\/\" data-internallinksmanager029f6b8e52c=\"79\" title=\"Top 25 medzin\u00e1rodn\u00fdch s\u0165ahovac\u00edch spolo\u010dnost\u00ed online\">s\u0165ahovacia spolo\u010dnos\u0165<\/a> ke\u010f\u017ee m\u00f4\u017eu va\u0161e veci zabali\u0165, nalo\u017ei\u0165, prepravi\u0165 a vylo\u017ei\u0165 na mieste ur\u010denia. Ni\u017e\u0161ie sme zostavili zoznam firiem so s\u00eddlom v Alexandrii <a href=\"https:\/\/moverdb.com\/sk\/international-removals\/\" data-internallinksmanager029f6b8e52c=\"27\" title=\"36 najlep\u0161\u00edch medzin\u00e1rodn\u00fdch s\u0165ahovac\u00edch spolo\u010dnost\u00ed v Spojenom kr\u00e1\u013eovstve\">s\u0165ahovacie spolo\u010dnosti<\/a> ktor\u00e9 s\u00fa \u010dlenmi <a href=\"https:\/\/moverdb.com\/sk\/iam\/\" data-internallinksmanager029f6b8e52c=\"23\" title=\"Vysvetlenie Medzin\u00e1rodnej asoci\u00e1cie s\u0165ahovate\u013eov (IAM)\">Medzin\u00e1rodn\u00e1 asoci\u00e1cia s\u0165ahovate\u013eov<\/a> (IAM) a\/alebo <a href=\"https:\/\/moverdb.com\/sk\/fidi-faim\/\" data-internallinksmanager029f6b8e52c=\"16\" title=\"Vysvetlenie FIDI a FAIM (FIDI akreditovan\u00fd medzin\u00e1rodn\u00fd prepravca)\">FIDI<\/a> Akreditovan\u00fd medzin\u00e1rodn\u00fd prepravca (FAIM), ktor\u00fd by v\u00e1m mohol pom\u00f4c\u0165 pri s\u0165ahovan\u00ed.<\/p>\n<div id=\"ez-toc-container\" class=\"ez-toc-v2_0_82_2 ez-toc-wrap-left counter-hierarchy ez-toc-counter ez-toc-transparent ez-toc-container-direction\">\n<div class=\"ez-toc-title-container\">\n<p class=\"ez-toc-title\" style=\"cursor:inherit\">Sekcie<\/p>\n<span class=\"ez-toc-title-toggle\"><a href=\"#\" class=\"ez-toc-pull-right ez-toc-btn ez-toc-btn-xs ez-toc-btn-default ez-toc-toggle\" aria-label=\"Prep\u00ednanie tabu\u013eky obsahu\"><span class=\"ez-toc-js-icon-con\"><span class=\"\"><span class=\"eztoc-hide\" style=\"display:none;\">Prep\u00edna\u010d<\/span><span class=\"ez-toc-icon-toggle-span\"><svg style=\"fill: #999;color:#999\" xmlns=\"http:\/\/www.w3.org\/2000\/svg\" class=\"list-377408\" width=\"20px\" height=\"20px\" viewbox=\"0 0 24 24\" fill=\"none\"><path d=\"M6 6H4v2h2V6zm14 0H8v2h12V6zM4 11h2v2H4v-2zm16 0H8v2h12v-2zM4 16h2v2H4v-2zm16 0H8v2h12v-2z\" fill=\"currentColor\"><\/path><\/svg><svg style=\"fill: #999;color:#999\" class=\"arrow-unsorted-368013\" xmlns=\"http:\/\/www.w3.org\/2000\/svg\" width=\"10px\" height=\"10px\" viewbox=\"0 0 24 24\" version=\"1.2\" baseprofile=\"tiny\"><path d=\"M18.2 9.3l-6.2-6.3-6.2 6.3c-.2.2-.3.4-.3.7s.1.5.3.7c.2.2.4.3.7.3h11c.3 0 .5-.1.7-.3.2-.2.3-.5.3-.7s-.1-.5-.3-.7zM5.8 14.7l6.2 6.3 6.2-6.3c.2-.2.3-.5.3-.7s-.1-.5-.3-.7c-.2-.2-.4-.3-.7-.3h-11c-.3 0-.5.1-.7.3-.2.2-.3.5-.3.7s.1.5.3.7z\"\/><\/svg><\/span><\/span><\/span><\/a><\/span><\/div>\n<nav><ul class='ez-toc-list ez-toc-list-level-1 eztoc-toggle-hide-by-default' ><li class='ez-toc-page-1 ez-toc-heading-level-2'><a class=\"ez-toc-link ez-toc-heading-1\" href=\"https:\/\/moverdb.com\/sk\/moving-companies\/moving-companies-us-alexandria\/#1_International_Moving_Service\" >1. Medzin\u00e1rodn\u00e9 s\u0165ahovacie slu\u017eby<\/a><\/li><li class='ez-toc-page-1 ez-toc-heading-level-2'><a class=\"ez-toc-link ez-toc-heading-2\" href=\"https:\/\/moverdb.com\/sk\/moving-companies\/moving-companies-us-alexandria\/#2_Kinetix_International_Logistics\" >2. Kinetix International Logistics<\/a><\/li><li class='ez-toc-page-1 ez-toc-heading-level-2'><a class=\"ez-toc-link ez-toc-heading-3\" href=\"https:\/\/moverdb.com\/sk\/moving-companies\/moving-companies-us-alexandria\/#3_Knopf_International\" >3. Knopf International<\/a><\/li><li class='ez-toc-page-1 ez-toc-heading-level-2'><a class=\"ez-toc-link ez-toc-heading-4\" href=\"https:\/\/moverdb.com\/sk\/moving-companies\/moving-companies-us-alexandria\/#4_Victory_Van_Corporation\" >4. Victory Van Corporation<\/a><\/li><\/ul><\/nav><\/div>\n<h2><span class=\"ez-toc-section\" id=\"1_International_Moving_Service\"><\/span><strong>1. Medzin\u00e1rodn\u00e9 s\u0165ahovacie slu\u017eby<\/strong><span class=\"ez-toc-section-end\"><\/span><\/h2>\n<p><img loading=\"lazy\" decoding=\"async\" class=\"alignnone size-full wp-image-8331\" src=\"https:\/\/moverdb.com\/wp-content\/uploads\/International-Moving-Services-moving-company.png\" alt=\"Medzin\u00e1rodn\u00e9 s\u0165ahovacie slu\u017eby pohybuj\u00face sa spolo\u010dnos\u0165\" width=\"1440\" height=\"681\" data-wp-pid=\"8331\" srcset=\"https:\/\/moverdb.com\/wp-content\/uploads\/International-Moving-Services-moving-company.png 1440w, https:\/\/moverdb.com\/wp-content\/uploads\/International-Moving-Services-moving-company-300x142.png 300w, https:\/\/moverdb.com\/wp-content\/uploads\/International-Moving-Services-moving-company-1024x484.png 1024w, https:\/\/moverdb.com\/wp-content\/uploads\/International-Moving-Services-moving-company-18x9.png 18w, https:\/\/moverdb.com\/wp-content\/uploads\/International-Moving-Services-moving-company-600x284.png 600w\" sizes=\"auto, (max-width: 1440px) 100vw, 1440px\" \/><\/p>\n<ul>\n<li>N\u00e1rodn\u00e9 presuny<\/li>\n<li>Medzin\u00e1rodn\u00e9 s\u0165ahovanie<\/li>\n<li>S\u0165ahovanie do obytn\u00fdch priestorov<\/li>\n<li>S\u0165ahovanie firiem<\/li>\n<li>Slu\u017eba od dver\u00ed k dver\u00e1m<\/li>\n<li>Baliace slu\u017eby<\/li>\n<li>Dopravn\u00e9 opatrenia<\/li>\n<li>Preprava vozidiel<\/li>\n<li>Poistenie<\/li>\n<li>Bezpe\u010dn\u00e9 kr\u00e1tkodob\u00e9 a dlhodob\u00e9 skladovanie<\/li>\n<\/ul>\n<p>International Moving Service je medzin\u00e1rodn\u00e1 \u0161pedi\u010dn\u00e1 a s\u0165ahovacia spolo\u010dnos\u0165 zalo\u017een\u00e1 v roku 1974. S\u00eddlo m\u00e1 v Alexandrii a pobo\u010dky v Jersey a Norfolku. Spolupracuje s cie\u013eov\u00fdmi agent\u00farami po celom svete a poskytuje slu\u017eby od dver\u00ed k dver\u00e1m kamko\u013evek. S\u00fa \u010dlenom IAM so 49-ro\u010dn\u00fdmi sk\u00fasenos\u0165ami.<\/p>\n<p>Medzin\u00e1rodn\u00e1 s\u0165ahovacia slu\u017eba pon\u00faka komplexn\u00e9 slu\u017eby v oblasti s\u0165ahovania, ktor\u00e9 zah\u0155\u0148aj\u00fa us\u00eddlenie v novom bydlisku a v pr\u00edpade potreby kr\u00e1tkodob\u00e9 alebo dlhodob\u00e9 uskladnenie v zabezpe\u010den\u00fdch priestoroch. Pon\u00faka individu\u00e1lne slu\u017eby od dver\u00ed k dver\u00e1m, ktor\u00e9 zah\u0155\u0148aj\u00fa vysokokvalitn\u00e9 baliace materi\u00e1ly a dreven\u00e9 debny na mieru pre krehk\u00e9 predmety.<\/p>\n<p>Webov\u00e1 lokalita: <a href=\"http:\/\/www.imsmover.com\" target=\"_blank\" rel=\"noopener\">http:\/\/www.imsmover.com<\/a><\/p>\n<h2><span class=\"ez-toc-section\" id=\"2_Kinetix_International_Logistics\"><\/span><strong>2. Kinetix International Logistics<\/strong><span class=\"ez-toc-section-end\"><\/span><\/h2>\n<p><img loading=\"lazy\" decoding=\"async\" class=\"alignnone size-full wp-image-11358\" src=\"https:\/\/moverdb.com\/wp-content\/uploads\/Kinetix-International-Logistics-moving-company.png\" alt=\"Kinetix International Logistics s\u0165ahovacia spolo\u010dnos\u0165\" width=\"1440\" height=\"683\" data-wp-pid=\"11358\" srcset=\"https:\/\/moverdb.com\/wp-content\/uploads\/Kinetix-International-Logistics-moving-company.png 1440w, https:\/\/moverdb.com\/wp-content\/uploads\/Kinetix-International-Logistics-moving-company-300x142.png 300w, https:\/\/moverdb.com\/wp-content\/uploads\/Kinetix-International-Logistics-moving-company-1024x486.png 1024w, https:\/\/moverdb.com\/wp-content\/uploads\/Kinetix-International-Logistics-moving-company-18x9.png 18w, https:\/\/moverdb.com\/wp-content\/uploads\/Kinetix-International-Logistics-moving-company-600x285.png 600w\" sizes=\"auto, (max-width: 1440px) 100vw, 1440px\" \/><\/p>\n<ul>\n<li>N\u00e1rodn\u00e9 presuny<\/li>\n<li>Medzin\u00e1rodn\u00e9 s\u0165ahovanie<\/li>\n<li>S\u0165ahovanie dom\u00e1cnost\u00ed<\/li>\n<li>Premiest\u0148ovanie firiem<\/li>\n<li>Slu\u017eba od dver\u00ed k dver\u00e1m<\/li>\n<li>Baliace slu\u017eby<\/li>\n<li>Cestn\u00e1, n\u00e1morn\u00e1 a leteck\u00e1 doprava<\/li>\n<li>Coln\u00e9 konanie<\/li>\n<li><a href=\"https:\/\/moverdb.com\/sk\/car-transport-shipping\/\" data-internallinksmanager029f6b8e52c=\"2\" title=\"2026 Medzin\u00e1rodn\u00e1 preprava \u00e1ut a cit\u00e1cie prepravy vozidiel\">Preprava vozidiel<\/a><\/li>\n<li>Skladovacie zariadenia<\/li>\n<\/ul>\n<p>Kinetix International Logistics je spolo\u010dnos\u0165 zaoberaj\u00faca sa logistikou projektov a glob\u00e1lnou mobilitou, ktor\u00e1 bola zalo\u017een\u00e1 v roku 1986 a m\u00e1 pobo\u010dky v Alexandrii, <a href=\"https:\/\/moverdb.com\/sk\/moving-to-the-united-states\/moving-to-new-york\/\" data-internallinksmanager029f6b8e52c=\"332\" title=\"S\u0165ahovanie do New Yorku (\u0161t\u00e1t)? 2026 N\u00e1klady na b\u00fdvanie a tipy na pres\u0165ahovanie\">New York<\/a> a <a href=\"https:\/\/moverdb.com\/sk\/moving-to-san-francisco\/\" data-internallinksmanager029f6b8e52c=\"63\" title=\"S\u0165ahujete sa do San Francisca? 2022 N\u00e1klady na b\u00fdvanie a tipy na pres\u0165ahovanie\">San Francisco<\/a>. Vyu\u017e\u00edvaj\u00fa nez\u00e1visl\u00fa sie\u0165 s\u0165ahovac\u00edch a cie\u013eov\u00fdch agent\u00far na poskytovanie svojich slu\u017eieb na medzin\u00e1rodnej \u00farovni vo viac ako 140 krajin\u00e1ch. S\u00fa \u010dlenom IAM s 13-ro\u010dn\u00fdmi sk\u00fasenos\u0165ami.<\/p>\n<p>Spolo\u010dnos\u0165 Kinetix International Logistics pon\u00faka slu\u017eby od dver\u00ed k dver\u00e1m s prieskumom pred s\u0165ahovan\u00edm na pos\u00fadenie va\u0161ich po\u017eiadaviek na s\u0165ahovanie. Poskytuje baliace slu\u017eby, ktor\u00e9 bezpe\u010dne zabalia a zabalia va\u0161e veci na prepravu do cie\u013eovej destin\u00e1cie. Zabezpe\u010duj\u00fa prepravu po ceste, letecky a po mori od jednoduch\u00fdch z\u00e1sielok a\u017e po 20' kontajnery.<\/p>\n<p>Webov\u00e1 lokalita: <a href=\"https:\/\/kinetixlogistics.com\/\" target=\"_blank\" rel=\"noopener\">https:\/\/kinetixlogistics.com\/<\/a><\/p>\n<h2><span class=\"ez-toc-section\" id=\"3_Knopf_International\"><\/span><strong>3. Knopf International<\/strong><span class=\"ez-toc-section-end\"><\/span><\/h2>\n<p><img loading=\"lazy\" decoding=\"async\" class=\"alignnone size-full wp-image-11359\" src=\"https:\/\/moverdb.com\/wp-content\/uploads\/Knopf-International-moving-company.png\" alt=\"Knopf Medzin\u00e1rodn\u00e1 s\u0165ahovacia spolo\u010dnos\u0165\" width=\"1440\" height=\"681\" data-wp-pid=\"11359\" srcset=\"https:\/\/moverdb.com\/wp-content\/uploads\/Knopf-International-moving-company.png 1440w, https:\/\/moverdb.com\/wp-content\/uploads\/Knopf-International-moving-company-300x142.png 300w, https:\/\/moverdb.com\/wp-content\/uploads\/Knopf-International-moving-company-1024x484.png 1024w, https:\/\/moverdb.com\/wp-content\/uploads\/Knopf-International-moving-company-18x9.png 18w, https:\/\/moverdb.com\/wp-content\/uploads\/Knopf-International-moving-company-600x284.png 600w\" sizes=\"auto, (max-width: 1440px) 100vw, 1440px\" \/><\/p>\n<ul>\n<li>Miestne a vn\u00fatro\u0161t\u00e1tne s\u0165ahovanie<\/li>\n<li>Medzin\u00e1rodn\u00e9 premiestnenia<\/li>\n<li>S\u0165ahovanie do obytn\u00fdch priestorov<\/li>\n<li>Premiest\u0148ovanie firiem<\/li>\n<li>Slu\u017eba od dver\u00ed k dver\u00e1m<\/li>\n<li>Osobn\u00e9 slu\u017eby<\/li>\n<li>Baliace slu\u017eby<\/li>\n<li>Pozemn\u00e1, n\u00e1morn\u00e1 a leteck\u00e1 doprava<\/li>\n<li>Mo\u017enosti kontajnera<\/li>\n<li>Skladovacie zariadenia<\/li>\n<\/ul>\n<p>Spolo\u010dnos\u0165 Knopf International je s\u0165ahovacia spolo\u010dnos\u0165 so s\u00eddlom v Alexandrii. M\u00e1 medzin\u00e1rodn\u00fa sie\u0165 s\u0165ahovac\u00edch spolo\u010dnost\u00ed, ktor\u00e9 ju podporuj\u00fa pri s\u0165ahovan\u00ed po celom svete. S\u00fa \u010dlenom IAM so 44-ro\u010dn\u00fdmi sk\u00fasenos\u0165ami.<\/p>\n<p>Spolo\u010dnos\u0165 Knopf International pon\u00faka s\u0165ahovacie slu\u017eby od dver\u00ed k dver\u00e1m na s\u0165ahovanie dom\u00e1cnost\u00ed jednotlivcov a firemn\u00fdch zamestnancov. Pon\u00faka baliace slu\u017eby, pri ktor\u00fdch vyu\u017e\u00edva odborn\u00fdch bali\u010dov a najkvalitnej\u0161ie baliace materi\u00e1ly a na mieru vyroben\u00e9 dreven\u00e9 debny na krehk\u00e9 predmety, ktor\u00e9 chr\u00e1nia va\u0161e veci po\u010das s\u0165ahovania. Zostavia invent\u00e1r a ozna\u010dia va\u0161e \u0161katule. Pon\u00fakaj\u00fa pozemn\u00fa, leteck\u00fa a n\u00e1morn\u00fa prepravu, ktor\u00e1 zah\u0155\u0148a 20' alebo 40' kontajnery.<\/p>\n<p>Webov\u00e1 lokalita: <a href=\"http:\/\/knopfinternational.com\" target=\"_blank\" rel=\"noopener\">http:\/\/knopfinternational.com<\/a><\/p>\n<h2><span class=\"ez-toc-section\" id=\"4_Victory_Van_Corporation\"><\/span><strong>4. Victory Van Corporation<\/strong><span class=\"ez-toc-section-end\"><\/span><\/h2>\n<p><img loading=\"lazy\" decoding=\"async\" class=\"alignnone size-full wp-image-11471\" src=\"https:\/\/moverdb.com\/wp-content\/uploads\/Victory-Van-Corporation-international-moving-company.png\" alt=\"Victory Van Corporation medzin\u00e1rodn\u00e9 s\u0165ahovanie spolo\u010dnos\u0165\" width=\"1440\" height=\"678\" data-wp-pid=\"11471\" srcset=\"https:\/\/moverdb.com\/wp-content\/uploads\/Victory-Van-Corporation-international-moving-company.png 1440w, https:\/\/moverdb.com\/wp-content\/uploads\/Victory-Van-Corporation-international-moving-company-300x141.png 300w, https:\/\/moverdb.com\/wp-content\/uploads\/Victory-Van-Corporation-international-moving-company-1024x482.png 1024w, https:\/\/moverdb.com\/wp-content\/uploads\/Victory-Van-Corporation-international-moving-company-18x8.png 18w, https:\/\/moverdb.com\/wp-content\/uploads\/Victory-Van-Corporation-international-moving-company-600x283.png 600w\" sizes=\"auto, (max-width: 1440px) 100vw, 1440px\" \/><\/p>\n<ul>\n<li>Miestne a medzi\u0161t\u00e1tne presuny<\/li>\n<li>Medzin\u00e1rodn\u00e9 s\u0165ahovanie<\/li>\n<li>S\u0165ahovanie do obytn\u00fdch priestorov<\/li>\n<li>S\u0165ahovanie kancel\u00e1ri\u00ed<\/li>\n<li>Koordin\u00e1tor presunu<\/li>\n<li>Komplexn\u00e9 rie\u0161enie<\/li>\n<li>Baliace slu\u017eby<\/li>\n<li>Leteck\u00e1, \u017eelezni\u010dn\u00e1, pozemn\u00e1 a n\u00e1morn\u00e1 doprava<\/li>\n<li>Coln\u00e9 dokumenty<\/li>\n<li>Kr\u00e1tkodob\u00e9 a dlhodob\u00e9 skladovanie<\/li>\n<\/ul>\n<p>Spolo\u010dnos\u0165 Victory Van Corporation je s\u0165ahovacia a skladov\u00e1 spolo\u010dnos\u0165 zalo\u017een\u00e1 v roku 1928, ktor\u00e1 m\u00e1 pobo\u010dky v Alexandrii, <a href=\"https:\/\/moverdb.com\/sk\/moving-to-the-united-states\/moving-to-maryland\/\" data-internallinksmanager029f6b8e52c=\"467\" title=\"S\u0165ahujete sa do Marylandu? 2024 N\u00e1klady na b\u00fdvanie a tipy na pres\u0165ahovanie\">Maryland<\/a>, <a href=\"https:\/\/moverdb.com\/sk\/moving-to-the-united-states\/moving-to-florida\/\" data-internallinksmanager029f6b8e52c=\"331\" title=\"S\u0165ahovanie na Floridu? 2026 N\u00e1klady na b\u00fdvanie a tipy na pres\u0165ahovanie\">Florida<\/a> a severnej <a href=\"https:\/\/moverdb.com\/sk\/moving-to-the-united-states\/moving-to-virginia\/\" data-internallinksmanager029f6b8e52c=\"442\" title=\"S\u0165ahovanie do Virg\u00ednie? 2026 N\u00e1klady na b\u00fdvanie a tipy na pres\u0165ahovanie\">Virginia<\/a>. S\u00fa agentom spolo\u010dnosti Allied Van Lines, \u010do im umo\u017e\u0148uje pr\u00edstup k v\u00e4\u010d\u0161ej sieti s\u0165ahovac\u00edch agentov po celom svete, ktor\u00ed im pom\u00e1haj\u00fa pri medzin\u00e1rodn\u00fdch s\u0165ahovaniach. S\u00fa \u010dlenom IAM s 95-ro\u010dn\u00fdmi sk\u00fasenos\u0165ami.<\/p>\n<p>Koordin\u00e1tori s\u0165ahovania spolo\u010dnosti Victory Van Corporation v\u00e1m pom\u00f4\u017eu napl\u00e1nova\u0165 ka\u017ed\u00fd krok v\u00e1\u0161ho miestneho alebo dia\u013ekov\u00e9ho s\u0165ahovania. Pon\u00fakaj\u00fa virtu\u00e1lny odhad s\u0165ahovania alebo s\u0165ahovanie priamo u v\u00e1s doma a m\u00f4\u017eu v\u00e1m poskytn\u00fa\u0165 komplexn\u00e9 slu\u017eby a vlastn\u00fd pl\u00e1n s\u0165ahovania, ktor\u00fd v\u00e1s udr\u017e\u00ed v r\u00e1mci rozpo\u010dtu.<\/p>\n<p>Webov\u00e1 lokalita: <a href=\"http:\/\/www.victoryvan.com\" target=\"_blank\" rel=\"noopener\">http:\/\/www.victoryvan.com<\/a><\/p>","protected":false},"excerpt":{"rendered":"<p>Moving can be a busy time with so many things to organise which is why so many people get a moving company involved as they can pack your items, load and transport them and unload them at the destination. Below we have compiled a list of Alexandria based removal companies that are members of the [&hellip;]<\/p>\n","protected":false},"author":4,"featured_media":11349,"parent":190,"menu_order":0,"comment_status":"closed","ping_status":"closed","template":"","meta":{"_genesis_hide_title":false,"_genesis_hide_breadcrumbs":false,"_genesis_hide_singular_image":false,"_genesis_hide_footer_widgets":false,"_genesis_custom_body_class":"","_genesis_custom_post_class":"","_genesis_layout":"","footnotes":""},"class_list":{"0":"post-11548","1":"page","2":"type-page","3":"status-publish","4":"has-post-thumbnail","6":"entry"},"_links":{"self":[{"href":"https:\/\/moverdb.com\/sk\/wp-json\/wp\/v2\/pages\/11548","targetHints":{"allow":["GET"]}}],"collection":[{"href":"https:\/\/moverdb.com\/sk\/wp-json\/wp\/v2\/pages"}],"about":[{"href":"https:\/\/moverdb.com\/sk\/wp-json\/wp\/v2\/types\/page"}],"author":[{"embeddable":true,"href":"https:\/\/moverdb.com\/sk\/wp-json\/wp\/v2\/users\/4"}],"replies":[{"embeddable":true,"href":"https:\/\/moverdb.com\/sk\/wp-json\/wp\/v2\/comments?post=11548"}],"version-history":[{"count":1,"href":"https:\/\/moverdb.com\/sk\/wp-json\/wp\/v2\/pages\/11548\/revisions"}],"predecessor-version":[{"id":11549,"href":"https:\/\/moverdb.com\/sk\/wp-json\/wp\/v2\/pages\/11548\/revisions\/11549"}],"up":[{"embeddable":true,"href":"https:\/\/moverdb.com\/sk\/wp-json\/wp\/v2\/pages\/190"}],"wp:featuredmedia":[{"embeddable":true,"href":"https:\/\/moverdb.com\/sk\/wp-json\/wp\/v2\/media\/11349"}],"wp:attachment":[{"href":"https:\/\/moverdb.com\/sk\/wp-json\/wp\/v2\/media?parent=11548"}],"curies":[{"name":"wp","href":"https:\/\/api.w.org\/{rel}","templated":true}]}}