{"id":11546,"date":"2023-11-29T10:47:36","date_gmt":"2023-11-29T10:47:36","guid":{"rendered":"https:\/\/moverdb.com\/?page_id=11546"},"modified":"2026-01-08T15:25:02","modified_gmt":"2026-01-08T15:25:02","slug":"moving-companies-us-alaska","status":"publish","type":"page","link":"https:\/\/moverdb.com\/sk\/moving-companies\/moving-companies-us-alaska\/","title":{"rendered":"5 najlep\u0161\u00edch medzin\u00e1rodn\u00fdch s\u0165ahovac\u00edch spolo\u010dnost\u00ed na Alja\u0161ke"},"content":{"rendered":"<p>Ak v s\u00fa\u010dasnosti \u017eijete v <a href=\"https:\/\/moverdb.com\/sk\/moving-to-the-united-states\/moving-to-alaska\/\" data-internallinksmanager029f6b8e52c=\"384\" title=\"S\u0165ahujete sa na Alja\u0161ku? 2026 N\u00e1klady na b\u00fdvanie a tipy na pres\u0165ahovanie\">Alja\u0161ka<\/a> a pl\u00e1nujete s\u0165ahovanie alebo sa s\u0165ahujete na Alja\u0161ku zo zahrani\u010dia, mo\u017eno budete chcie\u0165 vyu\u017ei\u0165 slu\u017eby s\u0165ahovacej spolo\u010dnosti, ktor\u00e1 v\u00e1m pom\u00f4\u017ee. <a href=\"https:\/\/moverdb.com\/sk\/moving-companies\/\" data-internallinksmanager029f6b8e52c=\"79\" title=\"Top 25 medzin\u00e1rodn\u00fdch s\u0165ahovac\u00edch spolo\u010dnost\u00ed online\">S\u0165ahovacie spolo\u010dnosti<\/a> v\u00e1m m\u00f4\u017ee od\u013eah\u010di\u0165 z\u00e1\u0165a\u017e a tlak t\u00fdm, \u017ee zabal\u00ed, nalo\u017e\u00ed a preprav\u00ed va\u0161e veci. Ni\u017e\u0161ie sme zostavili zoznam spolo\u010dnost\u00ed so s\u00eddlom na Alja\u0161ke <a href=\"https:\/\/moverdb.com\/sk\/international-removals\/\" data-internallinksmanager029f6b8e52c=\"27\" title=\"36 najlep\u0161\u00edch medzin\u00e1rodn\u00fdch s\u0165ahovac\u00edch spolo\u010dnost\u00ed v Spojenom kr\u00e1\u013eovstve\">s\u0165ahovacie spolo\u010dnosti<\/a> ktor\u00e9 s\u00fa \u010dlenmi <a href=\"https:\/\/moverdb.com\/sk\/iam\/\" data-internallinksmanager029f6b8e52c=\"23\" title=\"Vysvetlenie Medzin\u00e1rodnej asoci\u00e1cie s\u0165ahovate\u013eov (IAM)\">Medzin\u00e1rodn\u00e1 asoci\u00e1cia s\u0165ahovate\u013eov<\/a> (IAM) a\/alebo <a href=\"https:\/\/moverdb.com\/sk\/fidi-faim\/\" data-internallinksmanager029f6b8e52c=\"16\" title=\"Vysvetlenie FIDI a FAIM (FIDI akreditovan\u00fd medzin\u00e1rodn\u00fd prepravca)\">FIDI<\/a> Akreditovan\u00fd medzin\u00e1rodn\u00fd prepravca (FAIM), ktor\u00fd by v\u00e1m mohol pom\u00f4c\u0165 pri s\u0165ahovan\u00ed.<\/p>\n<div id=\"ez-toc-container\" class=\"ez-toc-v2_0_82_2 ez-toc-wrap-left counter-hierarchy ez-toc-counter ez-toc-transparent ez-toc-container-direction\">\n<div class=\"ez-toc-title-container\">\n<p class=\"ez-toc-title\" style=\"cursor:inherit\">Sekcie<\/p>\n<span class=\"ez-toc-title-toggle\"><a href=\"#\" class=\"ez-toc-pull-right ez-toc-btn ez-toc-btn-xs ez-toc-btn-default ez-toc-toggle\" aria-label=\"Prep\u00ednanie tabu\u013eky obsahu\"><span class=\"ez-toc-js-icon-con\"><span class=\"\"><span class=\"eztoc-hide\" style=\"display:none;\">Prep\u00edna\u010d<\/span><span class=\"ez-toc-icon-toggle-span\"><svg style=\"fill: #999;color:#999\" xmlns=\"http:\/\/www.w3.org\/2000\/svg\" class=\"list-377408\" width=\"20px\" height=\"20px\" viewbox=\"0 0 24 24\" fill=\"none\"><path d=\"M6 6H4v2h2V6zm14 0H8v2h12V6zM4 11h2v2H4v-2zm16 0H8v2h12v-2zM4 16h2v2H4v-2zm16 0H8v2h12v-2z\" fill=\"currentColor\"><\/path><\/svg><svg style=\"fill: #999;color:#999\" class=\"arrow-unsorted-368013\" xmlns=\"http:\/\/www.w3.org\/2000\/svg\" width=\"10px\" height=\"10px\" viewbox=\"0 0 24 24\" version=\"1.2\" baseprofile=\"tiny\"><path d=\"M18.2 9.3l-6.2-6.3-6.2 6.3c-.2.2-.3.4-.3.7s.1.5.3.7c.2.2.4.3.7.3h11c.3 0 .5-.1.7-.3.2-.2.3-.5.3-.7s-.1-.5-.3-.7zM5.8 14.7l6.2 6.3 6.2-6.3c.2-.2.3-.5.3-.7s-.1-.5-.3-.7c-.2-.2-.4-.3-.7-.3h-11c-.3 0-.5.1-.7.3-.2.2-.3.5-.3.7s.1.5.3.7z\"\/><\/svg><\/span><\/span><\/span><\/a><\/span><\/div>\n<nav><ul class='ez-toc-list ez-toc-list-level-1 eztoc-toggle-hide-by-default' ><li class='ez-toc-page-1 ez-toc-heading-level-2'><a class=\"ez-toc-link ez-toc-heading-1\" href=\"https:\/\/moverdb.com\/sk\/moving-companies\/moving-companies-us-alaska\/#1_Alisons_Relocations\" >1. Premiestnenie Alisonov<\/a><\/li><li class='ez-toc-page-1 ez-toc-heading-level-2'><a class=\"ez-toc-link ez-toc-heading-2\" href=\"https:\/\/moverdb.com\/sk\/moving-companies\/moving-companies-us-alaska\/#2_Continental_Van_Lines\" >2. Continental Van Lines<\/a><\/li><li class='ez-toc-page-1 ez-toc-heading-level-2'><a class=\"ez-toc-link ez-toc-heading-3\" href=\"https:\/\/moverdb.com\/sk\/moving-companies\/moving-companies-us-alaska\/#3_Golden_North_Van_Lines\" >3. Golden North Van Lines<\/a><\/li><li class='ez-toc-page-1 ez-toc-heading-level-2'><a class=\"ez-toc-link ez-toc-heading-4\" href=\"https:\/\/moverdb.com\/sk\/moving-companies\/moving-companies-us-alaska\/#4_Royal_Alaskan_Movers\" >4. Kr\u00e1\u013eovsk\u00ed alja\u0161sk\u00ed s\u0165ahov\u00e1ci<\/a><\/li><li class='ez-toc-page-1 ez-toc-heading-level-2'><a class=\"ez-toc-link ez-toc-heading-5\" href=\"https:\/\/moverdb.com\/sk\/moving-companies\/moving-companies-us-alaska\/#5_Sourdough_Express\" >5. Sourdough Express<\/a><\/li><\/ul><\/nav><\/div>\n<h2><span class=\"ez-toc-section\" id=\"1_Alisons_Relocations\"><\/span><strong>1. Premiestnenie Alisonov<\/strong><span class=\"ez-toc-section-end\"><\/span><\/h2>\n<p><img loading=\"lazy\" decoding=\"async\" class=\"alignnone size-full wp-image-11250\" src=\"https:\/\/moverdb.com\/wp-content\/uploads\/Alisons-Relocation-international-moving-company.png\" alt=\"Alisons Relocation medzin\u00e1rodn\u00e9 s\u0165ahovanie spolo\u010dnos\u0165\" width=\"1440\" height=\"678\" data-wp-pid=\"11250\" srcset=\"https:\/\/moverdb.com\/wp-content\/uploads\/Alisons-Relocation-international-moving-company.png 1440w, https:\/\/moverdb.com\/wp-content\/uploads\/Alisons-Relocation-international-moving-company-300x141.png 300w, https:\/\/moverdb.com\/wp-content\/uploads\/Alisons-Relocation-international-moving-company-1024x482.png 1024w, https:\/\/moverdb.com\/wp-content\/uploads\/Alisons-Relocation-international-moving-company-18x8.png 18w, https:\/\/moverdb.com\/wp-content\/uploads\/Alisons-Relocation-international-moving-company-600x283.png 600w\" sizes=\"auto, (max-width: 1440px) 100vw, 1440px\" \/><\/p>\n<ul>\n<li>N\u00e1rodn\u00e9 presuny<\/li>\n<li>Medzin\u00e1rodn\u00e9 s\u0165ahovanie<\/li>\n<li>S\u0165ahovanie do obytn\u00fdch priestorov<\/li>\n<li>S\u0165ahovanie kancel\u00e1rskych a priemyseln\u00fdch priestorov<\/li>\n<li>Premiestnenie spolo\u010dnosti<\/li>\n<li>Slu\u017eba od dver\u00ed k dver\u00e1m<\/li>\n<li>Mo\u017enosti balenia<\/li>\n<li>Preprava po mori, letecky, n\u00e1kladn\u00fdmi vozidlami a po \u017eeleznici<\/li>\n<li>Coln\u00e9 sprostredkovanie<\/li>\n<li>Skladovacie zariadenia<\/li>\n<\/ul>\n<p>Alison's Relocations je spolo\u010dnos\u0165 na s\u0165ahovanie a skladovanie zalo\u017een\u00e1 v roku 1998 v Anchorage. Je \u010dlenom IAM s 26-ro\u010dn\u00fdmi sk\u00fasenos\u0165ami, v\u010faka \u010domu m\u00e1 k dispoz\u00edcii medzin\u00e1rodn\u00fa sie\u0165 s\u0165ahovac\u00edch agentov, ktor\u00ed ju podporuj\u00fa.<\/p>\n<p>Spolo\u010dnos\u0165 Alison's Relocations pon\u00faka s\u0165ahovacie slu\u017eby od dver\u00ed k dver\u00e1m s jedin\u00fdm kontaktn\u00fdm miestom. Pon\u00fakaj\u00fa v\u00fdber baliacich slu\u017eieb, ktor\u00e9 zah\u0155\u0148aj\u00fa kompletn\u00e9 slu\u017eby, \u010diasto\u010dn\u00e9 balenie krehk\u00fdch predmetov a n\u00e1bytku, balenie vlastn\u00fdmi silami a balenie a nakladanie vlastn\u00fdmi silami. Ich baliace slu\u017eby zabezpe\u010dia vypch\u00e1vanie a balenie n\u00e1bytku a bezpe\u010dn\u00e9 balenie v\u0161etk\u00e9ho tovaru, ktor\u00fd sa d\u00e1 zabali\u0165 do krab\u00edc. Prepravia va\u0161e veci, sleduj\u00fa ich pohyb vo svojom syst\u00e9me spr\u00e1vy s\u0165ahovania a vybavia coln\u00e9 z\u00e1le\u017eitosti.<\/p>\n<p>Webov\u00e1 lokalita: <a href=\"https:\/\/alisonsrelo.com\/\" target=\"_blank\" rel=\"noopener\">https:\/\/alisonsrelo.com\/<\/a><\/p>\n<h2><span class=\"ez-toc-section\" id=\"2_Continental_Van_Lines\"><\/span><strong>2. Continental Van Lines<\/strong><span class=\"ez-toc-section-end\"><\/span><\/h2>\n<p><img loading=\"lazy\" decoding=\"async\" class=\"alignnone size-full wp-image-11295\" src=\"https:\/\/moverdb.com\/wp-content\/uploads\/Continental-Van-Lines-moving-company.png\" alt=\"Continental Van Lines pohybuj\u00face sa spolo\u010dnos\u0165\" width=\"1440\" height=\"680\" data-wp-pid=\"11295\" srcset=\"https:\/\/moverdb.com\/wp-content\/uploads\/Continental-Van-Lines-moving-company.png 1440w, https:\/\/moverdb.com\/wp-content\/uploads\/Continental-Van-Lines-moving-company-300x142.png 300w, https:\/\/moverdb.com\/wp-content\/uploads\/Continental-Van-Lines-moving-company-1024x484.png 1024w, https:\/\/moverdb.com\/wp-content\/uploads\/Continental-Van-Lines-moving-company-18x9.png 18w, https:\/\/moverdb.com\/wp-content\/uploads\/Continental-Van-Lines-moving-company-600x283.png 600w\" sizes=\"auto, (max-width: 1440px) 100vw, 1440px\" \/><\/p>\n<ul>\n<li>N\u00e1rodn\u00e9 presuny<\/li>\n<li>Medzin\u00e1rodn\u00e9 s\u0165ahovanie<\/li>\n<li>S\u0165ahovanie do obytn\u00fdch priestorov<\/li>\n<li>Obchodn\u00e9 kroky<\/li>\n<li>Slu\u017eba od dver\u00ed k dver\u00e1m<\/li>\n<li>Podpora balenia<\/li>\n<li>Zabezpe\u010denie prepravy<\/li>\n<li>Pomoc pri colnom konan\u00ed<\/li>\n<li>Preprava vozidiel<\/li>\n<li>Skladovacie zariadenia<\/li>\n<\/ul>\n<p>Continental Van Lines je spolo\u010dnos\u0165 s komplexn\u00fdmi slu\u017ebami zalo\u017een\u00e1 v roku 1952 s pobo\u010dkami v Anchorage, Fife a Tacome. Je \u010dlenom IAM so 77-ro\u010dn\u00fdmi sk\u00fasenos\u0165ami a m\u00e1 akredit\u00e1ciu FIDI. S\u00fa tie\u017e s\u00fa\u010das\u0165ou siet\u00ed vr\u00e1tane Van Lines, \u010do im poskytuje medzin\u00e1rodn\u00e9 siete s\u0165ahovac\u00edch agentov, s ktor\u00fdmi m\u00f4\u017eu spolupracova\u0165.<\/p>\n<p>Koordin\u00e1tori s\u0165ahovania spolo\u010dnosti Continental Van Lines vytvoria pl\u00e1n s\u0165ahovania na mieru, ktor\u00fd bude vyhovova\u0165 va\u0161im potreb\u00e1m a rozpo\u010dtu, \u010di u\u017e ide o s\u0165ahovanie \"urob si s\u00e1m\" alebo o kompletn\u00e9 rie\u0161enie v bielych rukavi\u010dk\u00e1ch. Pon\u00fakaj\u00fa kompletn\u00e9 slu\u017eby v oblasti balenia a vyba\u013eovania, ako aj demont\u00e1\u017ee a op\u00e4tovnej mont\u00e1\u017ee n\u00e1bytku a prepravn\u00fdch slu\u017eieb.<\/p>\n<p>Webov\u00e1 lokalita: <a href=\"https:\/\/www.continentalvan.com\/international-mover\/\" target=\"_blank\" rel=\"noopener\">https:\/\/www.continentalvan.com\/international-mover\/<\/a><\/p>\n<h2><span class=\"ez-toc-section\" id=\"3_Golden_North_Van_Lines\"><\/span><strong>3. Golden North Van Lines<\/strong><span class=\"ez-toc-section-end\"><\/span><\/h2>\n<p><img loading=\"lazy\" decoding=\"async\" class=\"alignnone size-full wp-image-11329\" src=\"https:\/\/moverdb.com\/wp-content\/uploads\/Golden-North-Van-Lines-international-moving-company.png\" alt=\"Golden North Van Lines medzin\u00e1rodn\u00e9 s\u0165ahovanie spolo\u010dnos\u0165\" width=\"1440\" height=\"681\" data-wp-pid=\"11329\" srcset=\"https:\/\/moverdb.com\/wp-content\/uploads\/Golden-North-Van-Lines-international-moving-company.png 1440w, https:\/\/moverdb.com\/wp-content\/uploads\/Golden-North-Van-Lines-international-moving-company-300x142.png 300w, https:\/\/moverdb.com\/wp-content\/uploads\/Golden-North-Van-Lines-international-moving-company-1024x484.png 1024w, https:\/\/moverdb.com\/wp-content\/uploads\/Golden-North-Van-Lines-international-moving-company-18x9.png 18w, https:\/\/moverdb.com\/wp-content\/uploads\/Golden-North-Van-Lines-international-moving-company-600x284.png 600w\" sizes=\"auto, (max-width: 1440px) 100vw, 1440px\" \/><\/p>\n<ul>\n<li>N\u00e1rodn\u00e9 presuny<\/li>\n<li>Medzin\u00e1rodn\u00e9 s\u0165ahovanie<\/li>\n<li>S\u0165ahovanie do obytn\u00fdch priestorov<\/li>\n<li>S\u0165ahovanie obchodn\u00fdch a kancel\u00e1rskych priestorov<\/li>\n<li>Slu\u017eby na mieru<\/li>\n<li>Baliace slu\u017eby<\/li>\n<li>Dopravn\u00e9 opatrenia<\/li>\n<li>Coln\u00e1 podpora<\/li>\n<li>Slu\u017eby Concierge<\/li>\n<li>Kr\u00e1tkodob\u00e9 a dlhodob\u00e9 skladovanie<\/li>\n<\/ul>\n<p>Spolo\u010dnos\u0165 Golden North Van Lines bola zalo\u017een\u00e1 v roku 1976 a m\u00e1 pobo\u010dky v Anchorage a Fairbanks. Je agentom spolo\u010dnosti Van Lines a m\u00e1 pr\u00edstup k medzin\u00e1rodnej sieti s\u0165ahovac\u00edch spolo\u010dnost\u00ed, ktor\u00e9 im pom\u00e1haj\u00fa pri s\u0165ahovan\u00ed po celom svete. S\u00fa \u010dlenom IAM so 49-ro\u010dn\u00fdmi sk\u00fasenos\u0165ami.<\/p>\n<p>Spolo\u010dnos\u0165 Golden North Van Lines pon\u00faka s\u0165ahovacie a s\u0165ahovacie slu\u017eby na mieru na n\u00e1rodnej aj medzin\u00e1rodnej \u00farovni. Ich s\u0165ahovacie slu\u017eby zah\u0155\u0148aj\u00fa s\u0165ahovacie slu\u017eby v \u0161t\u00fdle concierge pre dom\u00e1cnosti a firmy. Pon\u00fakaj\u00fa baliace slu\u017eby na ochranu va\u0161ich vec\u00ed po\u010das prepravy a zabezpe\u010dia bezpe\u010dn\u00fa prepravu va\u0161ich vec\u00ed do cie\u013eovej destin\u00e1cie.<\/p>\n<p>Webov\u00e1 lokalita: <a href=\"https:\/\/www.goldennorthvanlines.com\/\" target=\"_blank\" rel=\"noopener\">https:\/\/www.goldennorthvanlines.com\/<\/a><\/p>\n<h2><span class=\"ez-toc-section\" id=\"4_Royal_Alaskan_Movers\"><\/span><strong>4. Kr\u00e1\u013eovsk\u00ed alja\u0161sk\u00ed s\u0165ahov\u00e1ci<\/strong><span class=\"ez-toc-section-end\"><\/span><\/h2>\n<p><img loading=\"lazy\" decoding=\"async\" class=\"alignnone size-full wp-image-11428\" src=\"https:\/\/moverdb.com\/wp-content\/uploads\/Royal-Alaskan-Movers-international-moving-company.png\" alt=\"Royal Alja\u0161ka Movers medzin\u00e1rodn\u00e9 pohybuj\u00face sa spolo\u010dnos\u0165\" width=\"1440\" height=\"680\" data-wp-pid=\"11428\" srcset=\"https:\/\/moverdb.com\/wp-content\/uploads\/Royal-Alaskan-Movers-international-moving-company.png 1440w, https:\/\/moverdb.com\/wp-content\/uploads\/Royal-Alaskan-Movers-international-moving-company-300x142.png 300w, https:\/\/moverdb.com\/wp-content\/uploads\/Royal-Alaskan-Movers-international-moving-company-1024x484.png 1024w, https:\/\/moverdb.com\/wp-content\/uploads\/Royal-Alaskan-Movers-international-moving-company-18x9.png 18w, https:\/\/moverdb.com\/wp-content\/uploads\/Royal-Alaskan-Movers-international-moving-company-600x283.png 600w\" sizes=\"auto, (max-width: 1440px) 100vw, 1440px\" \/><\/p>\n<ul>\n<li>Miestne a vn\u00fatro\u0161t\u00e1tne premiestnenia<\/li>\n<li>Medzin\u00e1rodn\u00e9 premiestnenia<\/li>\n<li>Premiest\u0148ovanie dom\u00e1cnost\u00ed<\/li>\n<li>Premiest\u0148ovanie podnikov<\/li>\n<li>Personalizovan\u00e9 slu\u017eby<\/li>\n<li>Pl\u00e1n s\u0165ahovania<\/li>\n<li>Baliace slu\u017eby<\/li>\n<li>Pozemn\u00e1, n\u00e1morn\u00e1 a leteck\u00e1 doprava<\/li>\n<li>Preprava vozidiel<\/li>\n<li>Skladovacie zariadenia<\/li>\n<\/ul>\n<p>Spolo\u010dnos\u0165 Royal Alaskan Movers bola zalo\u017een\u00e1 v roku 2010 a s\u00eddli v Anchorage. Je s\u00fa\u010das\u0165ou spolo\u010dnosti The DeWitt Companies, ktor\u00e1 jej poskytuje celosvetov\u00e9 sk\u00fasenosti a podporu pri s\u0165ahovan\u00ed. S\u00fa \u010dlenom IAM s 13-ro\u010dn\u00fdmi sk\u00fasenos\u0165ami.<\/p>\n<p>Spolo\u010dnos\u0165 Royal Alaskan Movers pon\u00faka individu\u00e1lne s\u0165ahovacie slu\u017eby s virtu\u00e1lnym prieskumom, ktor\u00fd pos\u00fadi va\u0161e po\u017eiadavky na s\u0165ahovanie a poskytne v\u00e1m cenov\u00fa ponuku. Vyh\u013eadaj\u00fa pre v\u00e1s najefekt\u00edvnej\u0161iu a cenovo najv\u00fdhodnej\u0161iu mo\u017enos\u0165 s\u0165ahovania a skladovania, ktor\u00e1 bude vyhovova\u0165 va\u0161im potreb\u00e1m. Poskytuj\u00fa kompletn\u00e9 baliace slu\u017eby a po pr\u00edchode v\u00e1m n\u00e1bytok zabalia a vybalia. Poskytn\u00fa invent\u00e1r a zabezpe\u010dia prepravu do miesta ur\u010denia.<\/p>\n<p>Webov\u00e1 lokalita: <a href=\"https:\/\/www.royalalaskanmovers.com\/\" target=\"_blank\" rel=\"noopener\">https:\/\/www.royalalaskanmovers.com\/<\/a><\/p>\n<h2><span class=\"ez-toc-section\" id=\"5_Sourdough_Express\"><\/span><strong>5. Sourdough Express<\/strong><span class=\"ez-toc-section-end\"><\/span><\/h2>\n<p><img loading=\"lazy\" decoding=\"async\" class=\"alignnone size-full wp-image-11447\" src=\"https:\/\/moverdb.com\/wp-content\/uploads\/Sordough-Express-international-moving-company.png\" alt=\"Sourdough Express medzin\u00e1rodn\u00e9 s\u0165ahovanie spolo\u010dnos\u0165\" width=\"1440\" height=\"680\" data-wp-pid=\"11447\" srcset=\"https:\/\/moverdb.com\/wp-content\/uploads\/Sordough-Express-international-moving-company.png 1440w, https:\/\/moverdb.com\/wp-content\/uploads\/Sordough-Express-international-moving-company-300x142.png 300w, https:\/\/moverdb.com\/wp-content\/uploads\/Sordough-Express-international-moving-company-1024x484.png 1024w, https:\/\/moverdb.com\/wp-content\/uploads\/Sordough-Express-international-moving-company-18x9.png 18w, https:\/\/moverdb.com\/wp-content\/uploads\/Sordough-Express-international-moving-company-600x283.png 600w\" sizes=\"auto, (max-width: 1440px) 100vw, 1440px\" \/><\/p>\n<ul>\n<li>Miestne a medzi\u0161t\u00e1tne presuny<\/li>\n<li>Medzin\u00e1rodn\u00e9 s\u0165ahovanie<\/li>\n<li>S\u0165ahovanie do obytn\u00fdch priestorov<\/li>\n<li>S\u0165ahovanie firiem a kancel\u00e1ri\u00ed<\/li>\n<li>Premiest\u0148ovanie zamestnancov<\/li>\n<li>Prieskum pred pres\u0165ahovan\u00edm<\/li>\n<li>Vlastn\u00fd pl\u00e1n s\u0165ahovania<\/li>\n<li>Baliace slu\u017eby<\/li>\n<li>Prepravn\u00e9 opatrenia9<\/li>\n<li>Skladovacie zariadenia<\/li>\n<\/ul>\n<p>Sourdough Express je spolo\u010dnos\u0165 poskytuj\u00faca komplexn\u00e9 slu\u017eby v oblasti s\u0165ahovania a skladovania v Anchorage a Fairbanks, ktor\u00e1 bola zalo\u017een\u00e1 v roku 1898. Je \u010dlenom IAM so 125-ro\u010dn\u00fdmi sk\u00fasenos\u0165ami, \u010do im umo\u017e\u0148uje pr\u00edstup k celosvetovej sieti s\u0165ahovac\u00edch spolo\u010dnost\u00ed, ktor\u00e9 im m\u00f4\u017eu pom\u00f4c\u0165.<\/p>\n<p>Spolo\u010dnos\u0165 Sourdough Express vykon\u00e1 prieskum pred s\u0165ahovan\u00edm, aby zistila va\u0161e po\u017eiadavky na s\u0165ahovanie, a potom vytvor\u00ed vlastn\u00fd pl\u00e1n s\u0165ahovania a balenia pre ka\u017ed\u00fd krok v\u00e1\u0161ho s\u0165ahovania. Poskytuj\u00fa baliace slu\u017eby, pri ktor\u00fdch vyu\u017e\u00edvaj\u00fa profesion\u00e1lnych bali\u010dov, ktor\u00ed s\u00fa vy\u0161kolen\u00ed na ochranu va\u0161ich vec\u00ed po\u010das prepravy. V pr\u00edpade s\u0165ahovania kancel\u00e1ri\u00ed v\u00e1m bude k dispoz\u00edcii poradca pre s\u0165ahovanie, ktor\u00fd pom\u00f4\u017ee minimalizova\u0165 prestoje va\u0161ej firmy.<\/p>\n<p>Webov\u00e1 lokalita: <a href=\"https:\/\/sourdoughexpress.com\/\" target=\"_blank\" rel=\"noopener\">https:\/\/sourdoughexpress.com\/<\/a><\/p>","protected":false},"excerpt":{"rendered":"<p>If you currently live in Alaska and are planning a move or are moving to Alaska from abroad, you might want to engage the services of a moving company to assist you. Moving companies can lighten the load and pressure on you by packing, loading and transporting your belongings. Below we have compiled a list [&hellip;]<\/p>\n","protected":false},"author":4,"featured_media":11250,"parent":190,"menu_order":0,"comment_status":"closed","ping_status":"closed","template":"","meta":{"_genesis_hide_title":false,"_genesis_hide_breadcrumbs":false,"_genesis_hide_singular_image":false,"_genesis_hide_footer_widgets":false,"_genesis_custom_body_class":"","_genesis_custom_post_class":"","_genesis_layout":"","footnotes":""},"class_list":{"0":"post-11546","1":"page","2":"type-page","3":"status-publish","4":"has-post-thumbnail","6":"entry"},"_links":{"self":[{"href":"https:\/\/moverdb.com\/sk\/wp-json\/wp\/v2\/pages\/11546","targetHints":{"allow":["GET"]}}],"collection":[{"href":"https:\/\/moverdb.com\/sk\/wp-json\/wp\/v2\/pages"}],"about":[{"href":"https:\/\/moverdb.com\/sk\/wp-json\/wp\/v2\/types\/page"}],"author":[{"embeddable":true,"href":"https:\/\/moverdb.com\/sk\/wp-json\/wp\/v2\/users\/4"}],"replies":[{"embeddable":true,"href":"https:\/\/moverdb.com\/sk\/wp-json\/wp\/v2\/comments?post=11546"}],"version-history":[{"count":1,"href":"https:\/\/moverdb.com\/sk\/wp-json\/wp\/v2\/pages\/11546\/revisions"}],"predecessor-version":[{"id":11547,"href":"https:\/\/moverdb.com\/sk\/wp-json\/wp\/v2\/pages\/11546\/revisions\/11547"}],"up":[{"embeddable":true,"href":"https:\/\/moverdb.com\/sk\/wp-json\/wp\/v2\/pages\/190"}],"wp:featuredmedia":[{"embeddable":true,"href":"https:\/\/moverdb.com\/sk\/wp-json\/wp\/v2\/media\/11250"}],"wp:attachment":[{"href":"https:\/\/moverdb.com\/sk\/wp-json\/wp\/v2\/media?parent=11546"}],"curies":[{"name":"wp","href":"https:\/\/api.w.org\/{rel}","templated":true}]}}