{"id":11544,"date":"2023-11-22T15:47:33","date_gmt":"2023-11-22T15:47:33","guid":{"rendered":"https:\/\/moverdb.com\/?page_id=11544"},"modified":"2026-01-08T15:29:46","modified_gmt":"2026-01-08T15:29:46","slug":"moving-companies-alabama","status":"publish","type":"page","link":"https:\/\/moverdb.com\/sk\/moving-companies\/moving-companies-alabama\/","title":{"rendered":"Najlep\u0161ie medzin\u00e1rodn\u00e9 s\u0165ahovacie spolo\u010dnosti v Alabame"},"content":{"rendered":"<p>S\u0165ahovanie na vlastn\u00fa p\u00e4s\u0165, najm\u00e4 medzin\u00e1rodn\u00e9, m\u00f4\u017ee by\u0165 n\u00e1ro\u010dn\u00e9. Zapojenie <a href=\"https:\/\/moverdb.com\/sk\/moving-companies\/\" data-internallinksmanager029f6b8e52c=\"79\" title=\"Top 25 medzin\u00e1rodn\u00fdch s\u0165ahovac\u00edch spolo\u010dnost\u00ed online\">s\u0165ahovacia spolo\u010dnos\u0165<\/a> aby za v\u00e1s vykonal \u010das\u0165 alebo cel\u00fd presun, v\u00e1m m\u00f4\u017ee u\u013eah\u010di\u0165 pr\u00e1cu. Ni\u017e\u0161ie sme zostavili zoznam <a href=\"https:\/\/moverdb.com\/sk\/moving-to-the-united-states\/moving-to-alabama\/\" data-internallinksmanager029f6b8e52c=\"448\" title=\"S\u0165ahujete sa do Alabamy? 2024 N\u00e1klady na b\u00fdvanie a tipy na pres\u0165ahovanie\">Alabama<\/a> na str\u00e1nke . <a href=\"https:\/\/moverdb.com\/sk\/international-removals\/\" data-internallinksmanager029f6b8e52c=\"27\" title=\"36 najlep\u0161\u00edch medzin\u00e1rodn\u00fdch s\u0165ahovac\u00edch spolo\u010dnost\u00ed v Spojenom kr\u00e1\u013eovstve\">s\u0165ahovacie spolo\u010dnosti<\/a> ktor\u00e9 s\u00fa \u010dlenmi <a href=\"https:\/\/moverdb.com\/sk\/iam\/\" data-internallinksmanager029f6b8e52c=\"23\" title=\"Vysvetlenie Medzin\u00e1rodnej asoci\u00e1cie s\u0165ahovate\u013eov (IAM)\">Medzin\u00e1rodn\u00e1 asoci\u00e1cia s\u0165ahovate\u013eov<\/a> (IAM) a\/alebo <a href=\"https:\/\/moverdb.com\/sk\/fidi-faim\/\" data-internallinksmanager029f6b8e52c=\"16\" title=\"Vysvetlenie FIDI a FAIM (FIDI akreditovan\u00fd medzin\u00e1rodn\u00fd prepravca)\">FIDI<\/a> Akreditovan\u00fd medzin\u00e1rodn\u00fd prepravca (FAIM), ktor\u00fd by v\u00e1m mohol pom\u00f4c\u0165 pri s\u0165ahovan\u00ed.<\/p>\n<p><strong>Coleman Worldwide Moving<\/strong><\/p>\n<p><img loading=\"lazy\" decoding=\"async\" class=\"alignnone size-full wp-image-11289\" src=\"https:\/\/moverdb.com\/wp-content\/uploads\/Coleman-Worldwide-Moving-international-moving-company.png\" alt=\"Coleman Worldwide Moving medzin\u00e1rodn\u00e9 s\u0165ahovanie spolo\u010dnos\u0165\" width=\"1440\" height=\"676\" data-wp-pid=\"11289\" srcset=\"https:\/\/moverdb.com\/wp-content\/uploads\/Coleman-Worldwide-Moving-international-moving-company.png 1440w, https:\/\/moverdb.com\/wp-content\/uploads\/Coleman-Worldwide-Moving-international-moving-company-300x141.png 300w, https:\/\/moverdb.com\/wp-content\/uploads\/Coleman-Worldwide-Moving-international-moving-company-1024x481.png 1024w, https:\/\/moverdb.com\/wp-content\/uploads\/Coleman-Worldwide-Moving-international-moving-company-18x8.png 18w, https:\/\/moverdb.com\/wp-content\/uploads\/Coleman-Worldwide-Moving-international-moving-company-600x282.png 600w\" sizes=\"auto, (max-width: 1440px) 100vw, 1440px\" \/><\/p>\n<ul>\n<li>Miestne a dia\u013ekov\u00e9 presuny<\/li>\n<li>Medzin\u00e1rodn\u00e9 s\u0165ahovanie<\/li>\n<li>S\u0165ahovanie dom\u00e1cnost\u00ed<\/li>\n<li>S\u0165ahovanie obchodn\u00fdch a kancel\u00e1rskych priestorov<\/li>\n<li>Premiest\u0148ovanie firiem<\/li>\n<li>Koordin\u00e1tor presunu<\/li>\n<li>Baliace slu\u017eby<\/li>\n<li>V\u00fdtvarn\u00e9 umenie a spracovanie staro\u017eitnost\u00ed<\/li>\n<li><a href=\"https:\/\/moverdb.com\/sk\/car-transport-shipping\/\" data-internallinksmanager029f6b8e52c=\"2\" title=\"2026 Medzin\u00e1rodn\u00e1 preprava \u00e1ut a cit\u00e1cie prepravy vozidiel\">Preprava vozidiel<\/a><\/li>\n<li>Kr\u00e1tkodob\u00e9 a dlhodob\u00e9 skladovanie<\/li>\n<\/ul>\n<p>Coleman Worldwide Moving je spolo\u010dnos\u0165 zalo\u017een\u00e1 v roku 1914 so s\u00eddlom v Madisone. Obsluhuje ve\u013ek\u00fa \u010das\u0165 <a href=\"https:\/\/moverdb.com\/sk\/moving-to-the-united-states\/\" data-internallinksmanager029f6b8e52c=\"94\" title=\"S\u0165ahujete sa do Spojen\u00fdch \u0161t\u00e1tov? 2022 \u017divotn\u00e9 n\u00e1klady a tipy na pres\u0165ahovanie\">US<\/a> prostredn\u00edctvom svojej rozsiahlej siete pobo\u010diek, ako aj na medzin\u00e1rodnej \u00farovni v 175 krajin\u00e1ch prostredn\u00edctvom partnerstva so spolo\u010dnos\u0165ou Allied. Je \u010dlenom IAM so 109 rokmi sk\u00fasenost\u00ed.<\/p>\n<p>Spolo\u010dnos\u0165 Coleman Worldwide Moving pon\u00faka video alebo osobn\u00fd prieskum s jedn\u00fdm zo svojich \u0161pecialistov na s\u0165ahovanie, aby pos\u00fadila va\u0161e po\u017eiadavky na s\u0165ahovanie. Svoje slu\u017eby prisp\u00f4sobia va\u0161im potreb\u00e1m. Pon\u00fakaj\u00fa kompletn\u00e9 baliace slu\u017eby s vlastn\u00fdm balen\u00edm a vybalen\u00edm po pr\u00edchode. Pon\u00fakaj\u00fa aj \u010fal\u0161ie slu\u017eby vr\u00e1tane manipul\u00e1cie s umeleck\u00fdmi dielami, prepravy vozidiel a skladovania.<\/p>\n<p>Webov\u00e1 lokalita: <a href=\"https:\/\/www.colemanallied.com\/\" target=\"_blank\" rel=\"noopener\">https:\/\/www.colemanallied.com\/<\/a><\/p>","protected":false},"excerpt":{"rendered":"<p>Managing a move on your own, especially an international one, can be overwhelming. Engaging a moving company to do some or all of the move for you can ease the load. Below we have compiled a list of Alabama based removal companies that are members of the International Association of Movers (IAM) and\/or FIDI Accredited [&hellip;]<\/p>\n","protected":false},"author":4,"featured_media":11289,"parent":190,"menu_order":0,"comment_status":"closed","ping_status":"closed","template":"","meta":{"_genesis_hide_title":false,"_genesis_hide_breadcrumbs":false,"_genesis_hide_singular_image":false,"_genesis_hide_footer_widgets":false,"_genesis_custom_body_class":"","_genesis_custom_post_class":"","_genesis_layout":"","footnotes":""},"class_list":{"0":"post-11544","1":"page","2":"type-page","3":"status-publish","4":"has-post-thumbnail","6":"entry"},"_links":{"self":[{"href":"https:\/\/moverdb.com\/sk\/wp-json\/wp\/v2\/pages\/11544","targetHints":{"allow":["GET"]}}],"collection":[{"href":"https:\/\/moverdb.com\/sk\/wp-json\/wp\/v2\/pages"}],"about":[{"href":"https:\/\/moverdb.com\/sk\/wp-json\/wp\/v2\/types\/page"}],"author":[{"embeddable":true,"href":"https:\/\/moverdb.com\/sk\/wp-json\/wp\/v2\/users\/4"}],"replies":[{"embeddable":true,"href":"https:\/\/moverdb.com\/sk\/wp-json\/wp\/v2\/comments?post=11544"}],"version-history":[{"count":1,"href":"https:\/\/moverdb.com\/sk\/wp-json\/wp\/v2\/pages\/11544\/revisions"}],"predecessor-version":[{"id":11545,"href":"https:\/\/moverdb.com\/sk\/wp-json\/wp\/v2\/pages\/11544\/revisions\/11545"}],"up":[{"embeddable":true,"href":"https:\/\/moverdb.com\/sk\/wp-json\/wp\/v2\/pages\/190"}],"wp:featuredmedia":[{"embeddable":true,"href":"https:\/\/moverdb.com\/sk\/wp-json\/wp\/v2\/media\/11289"}],"wp:attachment":[{"href":"https:\/\/moverdb.com\/sk\/wp-json\/wp\/v2\/media?parent=11544"}],"curies":[{"name":"wp","href":"https:\/\/api.w.org\/{rel}","templated":true}]}}