{"id":1076,"date":"2016-08-05T14:53:04","date_gmt":"2016-08-05T14:53:04","guid":{"rendered":"http:\/\/moverdb.com\/?page_id=1076"},"modified":"2026-01-08T15:30:39","modified_gmt":"2026-01-08T15:30:39","slug":"wheaton","status":"publish","type":"page","link":"https:\/\/moverdb.com\/sk\/wheaton\/","title":{"rendered":"Wheaton World Wide Moving: Medzin\u00e1rodn\u00e9 slu\u017eby a recenzie"},"content":{"rendered":"<p>Spolo\u010dnos\u0165 Wheaton World Wide Moving (predt\u00fdm Wheaton Van Lines) pon\u00faka svojim klientom \u0161irok\u00fa \u0161k\u00e1lu slu\u017eieb od medzin\u00e1rodn\u00e9ho s\u0165ahovania a\u017e po miestne s\u0165ahovanie. Tieto slu\u017eby s\u00fa uveden\u00e9 ni\u017e\u0161ie spolu s profilom spolo\u010dnosti a recenziami.<\/p>\n<p><strong>Medzin\u00e1rodn\u00e9 s\u0165ahovanie a pomoc pri pres\u0165ahovan\u00ed<\/strong><\/p>\n<ul>\n<li> S\u0165ahovanie od dver\u00ed k dver\u00e1m<\/li>\n<li> Balenie - urobte si to sami, krehk\u00e9 predmety alebo kompletn\u00fd baliaci servis<\/li>\n<li> Demont\u00e1\u017e a op\u00e4tovn\u00e1 mont\u00e1\u017e n\u00e1bytku<\/li>\n<li> Premiestnenie dom\u00e1ceho zviera\u0165a<\/li>\n<li> <a href=\"https:\/\/moverdb.com\/sk\/automobilova-doprava-a-preprava\/\">Preprava a premiest\u0148ovanie vozidiel<\/a><\/li>\n<li> Imigra\u010dn\u00e9 slu\u017eby<\/li>\n<li> Medzikult\u00farna odborn\u00e1 pr\u00edprava<\/li>\n<li> Jazykov\u00e1 pr\u00edprava<\/li>\n<li> Slu\u017eby predaja domov<\/li>\n<li> Spr\u00e1va nehnute\u013enost\u00ed<\/li>\n<li> Uk\u00e1\u017eka slu\u017eieb v\u00fdletu<\/li>\n<li> Pomoc pri h\u013eadan\u00ed domova<\/li>\n<li> Vyh\u013ead\u00e1vanie v \u0161kol\u00e1ch<\/li>\n<li> Orient\u00e1cia po pr\u00edchode<\/li>\n<li> Podpora kari\u00e9ry partnerov<\/li>\n<li> Slu\u017eby \u00fadr\u017eb\u00e1rov a pomocn\u00edkov v dom\u00e1cnosti<\/li>\n<li> Pren\u00e1jom n\u00e1bytku<\/li>\n<li> Podpora pri pridelen\u00ed<\/li>\n<\/ul>\n<p><strong>S\u0165ahovanie firiem<\/strong><\/p>\n<ul>\n<li> Partneri spolo\u010dnosti Wheaton, spolo\u010dnos\u0165 Crown Relocation, pom\u00e1haj\u00fa pri s\u0165ahovan\u00ed<\/li>\n<\/ul>\n<p><strong>Kroky vl\u00e1dy a arm\u00e1dy<\/strong><\/p>\n<p><strong>S\u0165ahovanie dom\u00e1cnost\u00ed<\/strong><\/p>\n<ul>\n<li> Sie\u0165 350 agentov v <a href=\"https:\/\/moverdb.com\/sk\/moving-to-the-united-states\/\" data-internallinksmanager029f6b8e52c=\"94\" title=\"S\u0165ahujete sa do Spojen\u00fdch \u0161t\u00e1tov? 2022 \u017divotn\u00e9 n\u00e1klady a tipy na pres\u0165ahovanie\">Spojen\u00e9 \u0161t\u00e1ty americk\u00e9<\/a><\/li>\n<li> Balenie a vyba\u013eovanie<\/li>\n<li> \u0160peci\u00e1lne balenie pre citliv\u00fa elektroniku<\/li>\n<li> Doprava<\/li>\n<li> V pr\u00edpade potreby skladovanie<\/li>\n<\/ul>\n<p><strong>\u0160pecializovan\u00e9 a obchodn\u00e9 s\u0165ahovanie<\/strong><\/p>\n<ul>\n<li> Kancel\u00e1rie a priemysel<\/li>\n<li> Pohostinstvo<\/li>\n<li> \u0160peci\u00e1lna komodita<\/li>\n<li> Komer\u010dn\u00e9 s\u0165ahovanie<\/li>\n<\/ul>\n<p><strong>\u00dalo\u017eisko<\/strong><\/p>\n<ul>\n<li> Dlhodob\u00fd<\/li>\n<li> Kr\u00e1tkodob\u00e9<\/li>\n<li> 207 najmodernej\u0161\u00edch skladov v 58 krajin\u00e1ch<\/li>\n<\/ul>\n<h2>Wheaton Worldwide Moving Company Profil<\/h2>\n<p>Spolo\u010dnos\u0165 Wheaton Van Lines zalo\u017eil v roku 1945 Earnest S. Wheaton a p\u00f4vodne sa volala Clipper Van Lines. Spolo\u010dnos\u0165 za\u010dala poskytova\u0165 slu\u017eby v 22 \u0161t\u00e1toch na v\u00fdchode USA, ale v priebehu 50. rokov 20. storo\u010dia sa roz\u0161\u00edrila nielen na cel\u00fa krajinu, ale za\u010dali sa realizova\u0165 aj medzin\u00e1rodn\u00e9 s\u0165ahovania.<\/p>\n<p>V 80. rokoch 20. storo\u010dia sa spolo\u010dnos\u0165 Wheaton Van Lines premenovala na Wheaton Worldwide Moving. Spolo\u010dnos\u0165 s\u00eddli v Indianapolise, IN. Spolo\u010dnos\u0165 Wheaton sa sna\u017e\u00ed udr\u017eiava\u0165 mimoriadne vysok\u00e9 \u0161tandardy a na tento \u00fa\u010del sleduje a analyzuje \u00fadaje. Ve\u013emi v\u00e1\u017ene berie aj hodnotenia svojich z\u00e1kazn\u00edkov a u\u017e 25 rokov zbiera sp\u00e4tn\u00fa v\u00e4zbu od z\u00e1kazn\u00edkov, aby sa udr\u017eala na \u0161pi\u010dke.<\/p>\n<p>Spolo\u010dnos\u0165 Wheaton Worldwide Moving sa venuje komunite prostredn\u00edctvom r\u00f4znych charitat\u00edvnych organiz\u00e1ci\u00ed. Je to tie\u017e spolo\u010dnos\u0165, ktor\u00e1 sa neust\u00e1le sna\u017e\u00ed zni\u017eova\u0165 svoju uhl\u00edkov\u00fa stopu.<\/p>\n<p>Spolo\u010dnos\u0165 Wheaton Worldwide Moving m\u00e1 tieto akredit\u00e1cie a afili\u00e1cie:<\/p>\n<ul>\n<li> <a href=\"https:\/\/moverdb.com\/sk\/amsa\/\">Americk\u00e1 asoci\u00e1cia pre s\u0165ahovanie a skladovanie<\/a> (<a href=\"https:\/\/moverdb.com\/sk\/amsa\/\" data-internallinksmanager029f6b8e52c=\"5\" title=\"Vysvetlenie Americkej asoci\u00e1cie pre s\u0165ahovanie a skladovanie (AMSA)\">AMSA<\/a>) - <a href=\"https:\/\/moverdb.com\/sk\/obruc-promover\/\">ProMover<\/a><\/li>\n<li> N\u00e1rodn\u00e1 asoci\u00e1cia mana\u017e\u00e9rov pre s\u0165ahovanie seniorov (NASMM)<\/li>\n<li> Akreditovan\u00e1 firma A+ Better Business Bureau (BBB)<\/li>\n<\/ul>\n<h2>Wheaton Worldwide Moving Recenzie<\/h2>\n<p><strong>Pozit\u00edvne:<\/strong><\/p>\n<ul>\n<li> \"<em>Dobr\u00e1 spolo\u010dnos\u0165. Dobr\u00e1 hodnota. Pou\u017eil by som ju znova.\"<\/em> - David X prostredn\u00edctvom <a href=\"http:\/\/www.yelp.com\/biz\/wheaton-world-wide-moving-indianapolis-5?hrid=i8pH5fVrzdWhgdFkPaCnlQ&#038;utm_campaign=www_review_share_popup&#038;utm_medium=copy_link&#038;utm_source=(direct)\" target=\"_blank\" rel=\"noopener\">Yelp<\/a><\/li>\n<li> \"<em>Zamestnanci spolo\u010dnosti Wheaton v <a href=\"https:\/\/moverdb.com\/sk\/stahovanie-do-houstonu\/\">Houston<\/a> sa stali mojimi anjelmi vo ve\u013emi \u0165a\u017ekom obdob\u00ed m\u00f4jho \u017eivota.\"<\/em> - Bonnie M prostredn\u00edctvom <a href=\"http:\/\/www.bbb.org\/indy\/business-reviews\/movers\/wheaton-world-wide-moving-in-indianapolis-in-22485\/customer-reviews\" target=\"_blank\" rel=\"noopener\">BBB<\/a> <\/li>\n<li> \"<em>Od za\u010diatku do konca boli len t\u00ed najlep\u0161\u00ed.\"<\/em> - Judith prostredn\u00edctvom <a href=\"http:\/\/www.mymovingreviews.com\/movers\/wheaton-van-lines-255#54528\" target=\"_blank\" rel=\"noopener\">MyMovingReviews.com<\/a><\/li>\n<li> \"<em>Spolo\u010dnos\u0165 Wheaton sme vyu\u017eili u\u017e predt\u00fdm a mali sme ve\u013emi dobr\u00e9 s\u0165ahovanie, tak\u017ee ke\u010f pri\u0161iel \u010das na \u010fal\u0161ie s\u0165ahovanie, vedeli sme, komu zavola\u0165.\"<\/em> - Freddy Lancaster prostredn\u00edctvom <a href=\"http:\/\/reviewamover.com\/review\/Moving-Companies-Reviews\/WHEATON-WORLD-WIDE-53.php?PHPSESSID=a21a9bd572e803d73fcb5f1f02487590\" target=\"_blank\" rel=\"noopener\">Review-A-Mover<\/a> <\/li>\n<\/ul>\n<p><strong>Negat\u00edvne:<\/strong><\/p>\n<ul>\n<li> <em>\"Spolo\u010dnos\u0165 Wheaton op\u00e4\u0165 odmieta prevzia\u0165 zodpovednos\u0165 za zni\u010den\u00e9 predmety. Vyhadzuj\u00fa jednu v\u00fdhovorku za druhou a ka\u017ed\u00e1 z nich d\u00e1va men\u0161\u00ed zmysel ako t\u00e1 predch\u00e1dzaj\u00faca.\"<\/em> - Amy T prostredn\u00edctvom <a href=\"http:\/\/www.yelp.com\/biz\/wheaton-world-wide-moving-indianapolis-5?hrid=vRowN7GuFHy3k0yM5ijpgA&#038;utm_campaign=www_review_share_popup&#038;utm_medium=copy_link&#038;utm_source=(direct)\" target=\"_blank\" rel=\"noopener\">Yelp<\/a> <\/li>\n<li> \"<em>Od za\u010diatku do konca t\u00e1to spolo\u010dnos\u0165 bola najhor\u0161ia <a href=\"https:\/\/moverdb.com\/sk\/moving-companies\/\" data-internallinksmanager029f6b8e52c=\"79\" title=\"Top 25 medzin\u00e1rodn\u00fdch s\u0165ahovac\u00edch spolo\u010dnost\u00ed online\">s\u0165ahovacia spolo\u010dnos\u0165<\/a> s ktor\u00fdmi sme kedy mali do \u010dinenia a v na\u0161om man\u017eelstve sme mali viac ako 6 profesion\u00e1lnych s\u0165ahovan\u00ed.\"<\/em> - Nikki F prostredn\u00edctvom <a href=\"http:\/\/www.bbb.org\/indy\/business-reviews\/movers\/wheaton-world-wide-moving-in-indianapolis-in-22485\/customer-reviews\" target=\"_blank\" rel=\"noopener\">BBB<\/a><\/li>\n<li> \"<em>Bolo n\u00e1m povedan\u00e9, \u017ee objem na\u0161ej dom\u00e1cnosti si vy\u017eaduje cel\u00fd pr\u00edves a za to im bolo zaplaten\u00e9. Namiesto toho k n\u00e1\u0161mu n\u00e1kladu pribalili druh\u00fd n\u00e1klad, \u010do malo za n\u00e1sledok, \u017ee predmety zostali na mieste a kontajnery a spotrebi\u010de boli poma\u010dkan\u00e9, po\u0161koden\u00e9, straten\u00e9 a zni\u010den\u00e9...\"<\/em> - Anthony prostredn\u00edctvom <a href=\"http:\/\/www.mymovingreviews.com\/movers\/wheaton-van-lines-255#51475\" target=\"_blank\" rel=\"noopener\">MyMovingReviews.com<\/a> <\/li>\n<li> <em>\"Bu\u010fte opatrn\u00ed, utekajte, ne\u017e si t\u00fato spolo\u010dnos\u0165 najmete.\"<\/em> - David Gutierrez prostredn\u00edctvom <a href=\"http:\/\/reviewamover.com\/review\/reviewer\/davidrafael770.php?PHPSESSID=e2ea8ab20529fed2960f446a83923af0\" target=\"_blank\" rel=\"noopener\">Review-A-Mover<\/a> <\/li>\n<\/ul>\n<div itemprop=\"review\" itemscope itemtype=\"http:\/\/schema.org\/Review\">\n<span itemprop=\"author\" itemscope=\"\" itemtype=\"http:\/\/schema.org\/Organization\"><span itemprop=\"name\">MoverDB.com<\/span><\/span> Online preh\u013ead webov\u00fdch str\u00e1nok pre <span itemprop=\"itemreviewed\" itemscope=\"\" itemtype=\"http:\/\/schema.org\/Brand\"><span itemprop=\"name\">Wheaton Worldwide Moving<\/span><\/span>:<\/p>\n<ol>\n<li> Jasn\u00e9 kontaktn\u00e9 \u00fadaje na webovej str\u00e1nke (vr\u00e1tane telef\u00f3nneho \u010d\u00edsla): <strong>\u00c1no<\/strong><\/li>\n<li> Jednoduch\u00e9 z\u00edskanie <a href=\"https:\/\/moverdb.com\/sk\/citaty\/\">medzin\u00e1rodn\u00e9 s\u0165ahovanie cit\u00e1cie<\/a>? (Online formul\u00e1r \u017eiadosti o odhad): <strong>\u00c1no<\/strong><\/li>\n<li> Jasn\u00e9 inform\u00e1cie na webovej str\u00e1nke: <strong>\u00c1no,<\/strong> na str\u00e1nke n\u00e1jdete mno\u017estvo pr\u00edru\u010diek a zdrojov.<\/li>\n<li> \u010dlenstvo v medzin\u00e1rodn\u00fdch uzn\u00e1van\u00fdch organiz\u00e1ci\u00e1ch pohybliv\u00fdch zvierat: <strong>\u00c1no<\/strong>, pozri vy\u0161\u0161ie<\/li>\n<li> Zoznam klientov a\/alebo referencie predch\u00e1dzaj\u00facich z\u00e1kazn\u00edkov. <strong>\u00c1no,<\/strong> Recenzie a posudky z\u00e1kazn\u00edkov s\u00fa pre spolo\u010dnos\u0165 ve\u013emi d\u00f4le\u017eit\u00e9.<\/li>\n<\/ol>\n<div itemprop=\"reviewRating\" itemscope itemtype=\"http:\/\/schema.org\/Rating\"><meta itemprop=\"worstRating\" content = \"0\" \/><meta itemprop=\"bestRating\" content=\"5\" \/><meta itemprop=\"ratingValue\" content=\"5\"><\/div>\n<p><strong>Celkov\u00e9 hodnotenie: 5\/5<\/strong><br \/>\n<strong>D\u00e1tum recenzie:<\/strong> <span itemprop=\"datePublished\" content=\"2016-08-05\">05\/08\/2016<\/span>\n<\/div>\n<p>Pre\u010d\u00edtajte si viac o <a href=\"https:\/\/moverdb.com\/sk\/stahovacie-spolocnosti\/\">medzin\u00e1rodn\u00e9 s\u0165ahovacie spolo\u010dnosti<\/a>, <a href=\"https:\/\/moverdb.com\/sk\/us-kanada-stehovaci\/\">USA &amp; Kanadsk\u00e9 s\u0165ahovacie spolo\u010dnosti<\/a> a na\u0161e <a href=\"https:\/\/moverdb.com\/sk\/recenzie\/\">proces presk\u00famania<\/a>.<\/p>\n<p><strong>Webov\u00e1 lokalita:<\/strong> <a href=\"https:\/\/www.wheatonworldwide.com\/\" target=\"_blank\" rel=\"noopener\">https:\/\/www.wheatonworldwide.com<\/a><\/p>","protected":false},"excerpt":{"rendered":"<p>Wheaton World Wide Moving (formerly Wheaton Van Lines) offers its clients a range of services from international moves to local moves. These are listed below, together with a company profile and reviews. International Moves and Relocation Assistance Door to door moving Packing &#8211; do it yourself, fragile items or full service packing Disassembling and reassembling [&hellip;]<\/p>\n","protected":false},"author":1,"featured_media":0,"parent":0,"menu_order":0,"comment_status":"closed","ping_status":"closed","template":"","meta":{"_genesis_hide_title":false,"_genesis_hide_breadcrumbs":false,"_genesis_hide_singular_image":false,"_genesis_hide_footer_widgets":false,"_genesis_custom_body_class":"","_genesis_custom_post_class":"","_genesis_layout":"","footnotes":""},"class_list":{"0":"post-1076","1":"page","2":"type-page","3":"status-publish","5":"entry"},"_links":{"self":[{"href":"https:\/\/moverdb.com\/sk\/wp-json\/wp\/v2\/pages\/1076","targetHints":{"allow":["GET"]}}],"collection":[{"href":"https:\/\/moverdb.com\/sk\/wp-json\/wp\/v2\/pages"}],"about":[{"href":"https:\/\/moverdb.com\/sk\/wp-json\/wp\/v2\/types\/page"}],"author":[{"embeddable":true,"href":"https:\/\/moverdb.com\/sk\/wp-json\/wp\/v2\/users\/1"}],"replies":[{"embeddable":true,"href":"https:\/\/moverdb.com\/sk\/wp-json\/wp\/v2\/comments?post=1076"}],"version-history":[{"count":7,"href":"https:\/\/moverdb.com\/sk\/wp-json\/wp\/v2\/pages\/1076\/revisions"}],"predecessor-version":[{"id":6251,"href":"https:\/\/moverdb.com\/sk\/wp-json\/wp\/v2\/pages\/1076\/revisions\/6251"}],"wp:attachment":[{"href":"https:\/\/moverdb.com\/sk\/wp-json\/wp\/v2\/media?parent=1076"}],"curies":[{"name":"wp","href":"https:\/\/api.w.org\/{rel}","templated":true}]}}