{"id":1075,"date":"2016-08-04T14:25:42","date_gmt":"2016-08-04T14:25:42","guid":{"rendered":"http:\/\/moverdb.com\/?page_id=1075"},"modified":"2026-01-08T15:20:29","modified_gmt":"2026-01-08T15:20:29","slug":"north-american-van-lines","status":"publish","type":"page","link":"https:\/\/moverdb.com\/sk\/north-american-van-lines\/","title":{"rendered":"Spolo\u010dnos\u0165 North American Van Lines: Medzin\u00e1rodn\u00e9 s\u0165ahovanie Recenzie"},"content":{"rendered":"<p>Spolo\u010dnos\u0165 North American Van Lines pon\u00faka svojim z\u00e1kazn\u00edkom slu\u017eby pre medzin\u00e1rodn\u00e9, firemn\u00e9 a vn\u00fatro\u0161t\u00e1tne s\u0165ahovanie. Nasleduje zoznam t\u00fdchto slu\u017eieb spolu s profilom spolo\u010dnosti a recenziami.<\/p>\n<p><strong>Medzin\u00e1rodn\u00e9 s\u0165ahovanie pre jednotlivcov a firmy<\/strong><\/p>\n<ul>\n<li> Slu\u017eba od dver\u00ed k dver\u00e1m<\/li>\n<li> Balenie, vypch\u00e1vanie a ochrana vec\u00ed<\/li>\n<li> Demont\u00e1\u017e n\u00e1bytku<\/li>\n<li> <a href=\"https:\/\/moverdb.com\/sk\/kontajnerova-preprava\/\">Lodn\u00e9 kontajnery<\/a> pre ka\u017ed\u00fa aplik\u00e1ciu<\/li>\n<li> Poradenstvo o tom, \u010do zabali\u0165 a \u010do preda\u0165, aby sa dosiahla hospod\u00e1rnos\u0165<\/li>\n<li> Pomoc pri colnom konan\u00ed<\/li>\n<li> Dod\u00e1vka a mont\u00e1\u017e n\u00e1bytku<\/li>\n<li> Online sledovanie prepravy 24\/7<\/li>\n<li> Program ochrany ocenenia<\/li>\n<li> Kr\u00e1tkodob\u00e9 a dlhodob\u00e9 skladovanie<\/li>\n<\/ul>\n<p><strong>\u0160peci\u00e1lne slu\u017eby premiestnenia<\/strong><\/p>\n<ul>\n<li> Pomoc pri k\u00fape domu a do\u010dasnom b\u00fdvan\u00ed<\/li>\n<li> Pomoc poskytovate\u013eov finan\u010dn\u00fdch a poistn\u00fdch slu\u017eieb<\/li>\n<li> Medzikult\u00farna odborn\u00e1 pr\u00edprava<\/li>\n<li> Jazykov\u00e1 pr\u00edprava<\/li>\n<li> Odkazy na starostlivos\u0165 o deti a \u0161kolu<\/li>\n<li> Lek\u00e1rska starostlivos\u0165 a v\u00fdmena lek\u00e1rskeho predpisu<\/li>\n<li> N\u00e1kup a slu\u017eby automobilov<\/li>\n<li> V\u00fdu\u010dba jazdy<\/li>\n<\/ul>\n<p><strong>S\u0165ahovanie firiem<\/strong><\/p>\n<ul>\n<li> Balenie a balenie do krab\u00edc<\/li>\n<li> \u00dalo\u017eisko<\/li>\n<li> Z\u00e1sielka<\/li>\n<li> Osobn\u00fd koordin\u00e1tor premiestnenia<\/li>\n<li> Pomoc pri predaji a k\u00fape domu<\/li>\n<li> Orient\u00e1cia na oblas\u0165<\/li>\n<li> Pomoc man\u017eelom<\/li>\n<li> Hypotek\u00e1rne slu\u017eby<\/li>\n<li> Usadzovanie v slu\u017eb\u00e1ch<\/li>\n<\/ul>\n<p><strong>S\u0165ahovacie slu\u017eby<\/strong><\/p>\n<ul>\n<li> Balenie a vyba\u013eovanie - urobte si to sami, len krehk\u00e9 predmety alebo kompletn\u00e9 balenie<\/li>\n<li> Ve\u013ek\u00fd v\u00fdber baliacich materi\u00e1lov<\/li>\n<li> Demont\u00e1\u017e a op\u00e4tovn\u00e1 mont\u00e1\u017e n\u00e1bytku<\/li>\n<li> Vykladanie<\/li>\n<li> V pr\u00edpade potreby vybalenie<\/li>\n<li> Likvid\u00e1cia odpadu<\/li>\n<li> Dlhodob\u00e9 a kr\u00e1tkodob\u00e9 skladovanie<\/li>\n<li> S\u0165ahovanie dom\u00e1cnost\u00ed<\/li>\n<li> Miestne s\u0165ahovanie<\/li>\n<li> S\u0165ahovanie na dlh\u00e9 vzdialenosti<\/li>\n<li> Vojensk\u00e9 s\u0165ahovanie<\/li>\n<li> Cross Country pohybuj\u00face<\/li>\n<li> Medzi\u0161t\u00e1tne s\u0165ahovanie<\/li>\n<li> Expresn\u00e1 mal\u00e1 z\u00e1sielka<\/li>\n<li> N\u00e1rodn\u00e9 s\u0165ahovacie spolo\u010dnosti<\/li>\n<\/ul>\n<p><strong>\u0160pecializovan\u00e9 pohyby<\/strong><\/p>\n<ul>\n<li> Klav\u00edry<\/li>\n<li> Umenie a staro\u017eitnosti<\/li>\n<li> Lode<\/li>\n<li> <a href=\"https:\/\/moverdb.com\/sk\/automobilova-doprava-a-preprava\/\">Vozidl\u00e1<\/a><\/li>\n<li> Kontajnery<\/li>\n<\/ul>\n<h2>Profil spolo\u010dnosti North American Van Lines<\/h2>\n<p>Spolo\u010dnos\u0165 North American Van Lines za\u010dala svoju \u010dinnos\u0165 v oblasti n\u00e1kladnej dopravy v roku 1933 s 12 agentmi. O p\u00e4\u0165 rokov nesk\u00f4r mala viac ako 120 agentov. Spolo\u010dnos\u0165 sa zaober\u00e1 s\u0165ahovan\u00edm domov a kancel\u00e1ri\u00ed, a to na miestnej, n\u00e1rodnej aj medzin\u00e1rodnej \u00farovni. Spolo\u010dnos\u0165 North American Van Lines sa v roku 1998 stala dc\u00e9rskou spolo\u010dnos\u0165ou SIRVA Inc. <\/p>\n<p>Spolo\u010dnos\u0165 m\u00e1 takmer 8 000 zamestnancov a prev\u00e1dzkuje <strong>1 694 n\u00e1kladn\u00fdch vozidiel<\/strong>. Odhaduje sa, \u017ee ich vozidl\u00e1 pre\u0161li <strong>37 256 707 m\u00ed\u013e<\/strong>.<\/p>\n<p>Spolo\u010dnos\u0165 North American Van Lines m\u00e1 viac ako 500 agentov v Severnej Amerike. Maj\u00fa satelitn\u00e9 sledovanie, ktor\u00e9 umo\u017e\u0148uje kedyko\u013evek presne lokalizova\u0165 v\u0161etky z\u00e1sielky. Pou\u017e\u00edvaj\u00fa tie\u017e dod\u00e1vky so \u017eeriavom, ktor\u00e9 im umo\u017e\u0148uj\u00fa naklada\u0165 a vyklada\u0165 ve\u013ek\u00e9 predmety bez nakladacej rampy. <\/p>\n<p>Spolo\u010dnos\u0165 zaviedla program kvality na \u0161kolenie v\u0161etk\u00fdch zamestnancov a agentov na najvy\u0161\u0161ej mo\u017enej \u00farovni.<\/p>\n<p>Akredit\u00e1cie a pr\u00edslu\u0161nos\u0165 spolo\u010dnosti North American Van Lines:<\/p>\n<ul>\n<li> Coln\u00e9 a obchodn\u00e9 partnerstvo proti terorizmu (C-TPAT)<\/li>\n<li> <a href=\"https:\/\/moverdb.com\/sk\/amsa\/\">Americk\u00e1 asoci\u00e1cia pre s\u0165ahovanie a skladovanie<\/a> (<a href=\"https:\/\/moverdb.com\/sk\/amsa\/\" data-internallinksmanager029f6b8e52c=\"5\" title=\"Vysvetlenie Americkej asoci\u00e1cie pre s\u0165ahovanie a skladovanie (AMSA)\">AMSA<\/a>) - <a href=\"https:\/\/moverdb.com\/sk\/obruc-promover\/\">ProMover<\/a><\/li>\n<li> Akreditovan\u00e1 spolo\u010dnos\u0165 BBB<\/li>\n<li> <a href=\"https:\/\/moverdb.com\/sk\/kanadska-asociacia-prepravcov\/\">Kanadsk\u00e1 asoci\u00e1cia s\u0165ahovate\u013eov<\/a> (<a href=\"https:\/\/moverdb.com\/sk\/canadian-association-of-movers\/\" data-internallinksmanager029f6b8e52c=\"11\" title=\"Vysvetlenie Kanadskej asoci\u00e1cie s\u0165ahovate\u013eov (CAM)\">CAM<\/a>)<\/li>\n<\/ul>\n<h2>North American Van Lines Recenzie<\/h2>\n<p><strong>Pozit\u00edvne:<\/strong><\/p>\n<ul>\n<li>  <em>\"St\u00e1le sa s\u0165ahujeme a toto bolo najlep\u0161ie s\u0165ahovanie, ak\u00e9 sme kedy mali. E\u0161te nikdy sme sa nest\u0165ahovali tak skvele. V\u0161etko bolo jednoducho \u00fa\u017easn\u00e9.\"<\/em> - Justin P z\u00e1kazn\u00edk <a href=\"https:\/\/www.northamerican.com\/\" target=\"_blank\" rel=\"noopener\">svedectvo z ich webovej str\u00e1nky<\/a>.<\/li>\n<li> <em>\"V\u017edy na\u010das efekt\u00edvne osobn\u00fd a naozaj u\u017eito\u010dn\u00e9. Boli sme milo prekvapen\u00ed, \u017ee po nalo\u017een\u00ed a zv\u00e1\u017een\u00ed na\u0161ich g\u00fa\u013e n\u00e1m skuto\u010dne \u00fa\u010dtovali ni\u017e\u0161iu sumu, ako bola uveden\u00e1! Ur\u010dite ich odpor\u00fa\u010dam!<\/em>\" - Candace prostredn\u00edctvom <a href=\"http:\/\/www.bbb.org\/northernindiana\/business-reviews\/movers\/north-american-van-lines-in-fort-wayne-in-90077877\/customer-reviews\" target=\"_blank\" rel=\"noopener\">BBB<\/a><\/li>\n<li> <em>\"S\u0165ahovanie z jedn\u00e9ho domu s dlhou, veternou a \u00fazkou pr\u00edjazdovou cestou do druh\u00e9ho, vzdialen\u00e9ho stovky kilometrov, nebolo pre \u017eiadneho s\u0165ahov\u00e1ka jednoduchou \u00falohou. Ale spolo\u010dnos\u0165 North American Van Lines n\u00e1m poskytla \u00fa\u017easn\u00e9 sk\u00fasenosti, v\u010faka ktor\u00fdm bolo s\u0165ahovanie menej stresuj\u00face... a dovol\u00edm si poveda\u0165, \u017ee aj z\u00e1bavn\u00e9?\"<\/em> - Phyllis prostredn\u00edctvom <a href=\"https:\/\/www.facebook.com\/northAmericanVL\/reviews#\" target=\"_blank\" rel=\"noopener\">Facebook<\/a><\/li>\n<\/ul>\n<p><strong>Negat\u00edvne:<\/strong><\/p>\n<ul>\n<li> <em>\"Pr\u00ed\u0161ern\u00e9 sk\u00fasenosti s touto spolo\u010dnos\u0165ou. Pou\u017eil som ich na s\u0165ahovanie z Baltimoru do <a href=\"https:\/\/moverdb.com\/sk\/stahovanie-do-san-francisca\/\">San Francisco<\/a>.  Pou\u017e\u00edvaj\u00fa miestne <a href=\"https:\/\/moverdb.com\/sk\/moving-companies\/\" data-internallinksmanager029f6b8e52c=\"79\" title=\"Top 25 medzin\u00e1rodn\u00fdch s\u0165ahovac\u00edch spolo\u010dnost\u00ed online\">s\u0165ahovacie spolo\u010dnosti<\/a> zmluvu so spolo\u010dnos\u0165ou North American o vyzdvihnut\u00ed a odovzdan\u00ed va\u0161ich vec\u00ed.\"<\/em> - Nick prostredn\u00edctvom <a href=\"http:\/\/www.mymovingreviews.com\/movers\/north-american-van-lines-287#33438\" target=\"_blank\" rel=\"noopener\">MyMovingReviews<\/a><\/li>\n<li> <em>\"Presun z <a href=\"https:\/\/moverdb.com\/sk\/moving-companies\/moving-companies-peru\/\" data-internallinksmanager029f6b8e52c=\"273\" title=\"9 najlep\u0161\u00edch medzin\u00e1rodn\u00fdch s\u0165ahovac\u00edch spolo\u010dnost\u00ed v Peru\">Peru<\/a> na <a href=\"https:\/\/moverdb.com\/sk\/moving-to-the-united-states\/moving-to-iowa\/\" data-internallinksmanager029f6b8e52c=\"463\" title=\"S\u0165ahujete sa do Iowy? 2024 N\u00e1klady na b\u00fdvanie a tipy na pres\u0165ahovanie\">Iowa<\/a> bola no\u010dn\u00e1 mora. Najhor\u0161ie bolo, ke\u010f kami\u00f3n vykladali \"profesion\u00e1li\" z North American Van Lines.\"<\/em> - Arthur prostredn\u00edctvom <a href=\"https:\/\/www.consumeraffairs.com\/movers\/north_american.htm\" target=\"_blank\" rel=\"noopener\">Spotrebite\u013esk\u00e9 z\u00e1le\u017eitosti<\/a><\/li>\n<li> <em>\"Od vyzdvihnutia mojich vec\u00ed uplynulo 10 dn\u00ed. <a href=\"https:\/\/moverdb.com\/sk\/moving-to-the-united-states\/moving-to-oklahoma\/\" data-internallinksmanager029f6b8e52c=\"453\" title=\"S\u0165ahujete sa do Oklahomy? 2024 N\u00e1klady na b\u00fdvanie a tipy na pres\u0165ahovanie\">Oklahoma<\/a>.Do konca dodacej lehoty zost\u00e1vaj\u00fa len 2 pracovn\u00e9 dni a oni pr\u00e1ve zistili, \u017ee vodi\u010d moje veci nikdy nevyzdvihol.\"<\/em> - prostredn\u00edctvom <a href=\"http:\/\/north-american-van-lines.pissedconsumer.com\/left-my-stuff-behind-20160401821464.html\" target=\"_blank\" rel=\"noopener\">Na\u0161tvan\u00fd spotrebite\u013e<\/a><\/li>\n<\/ul>\n<div itemprop=\"review\" itemscope itemtype=\"http:\/\/schema.org\/Review\">\n<span itemprop=\"author\" itemscope=\"\" itemtype=\"http:\/\/schema.org\/Organization\"><span itemprop=\"name\">MoverDB.com<\/span><\/span> Online preh\u013ead webov\u00fdch str\u00e1nok pre <span itemprop=\"itemreviewed\" itemscope=\"\" itemtype=\"http:\/\/schema.org\/Brand\"><span itemprop=\"name\">Spolo\u010dnos\u0165 North American Van Lines<\/span><\/span>:<\/p>\n<ol>\n<li> Jasn\u00e9 kontaktn\u00e9 \u00fadaje na webovej str\u00e1nke (vr\u00e1tane telef\u00f3nneho \u010d\u00edsla): <strong>\u00c1no<\/strong><\/li>\n<li> Jednoduch\u00e9 z\u00edskanie <a href=\"https:\/\/moverdb.com\/sk\/citaty\/\">medzin\u00e1rodn\u00e9 s\u0165ahovanie cit\u00e1cie<\/a>? (Online formul\u00e1r \u017eiadosti o odhad): <strong>\u00c1no<\/strong><\/li>\n<li> Jasn\u00e9 inform\u00e1cie na webovej str\u00e1nke: <strong>\u00c1no<\/strong>, ve\u013ea inform\u00e1ci\u00ed o vn\u00fatro\u0161t\u00e1tnych a medzin\u00e1rodn\u00fdch s\u0165ahovaniach.<\/li>\n<li> \u010dlenstvo v medzin\u00e1rodn\u00fdch uzn\u00e1van\u00fdch organiz\u00e1ci\u00e1ch pohybliv\u00fdch zvierat: <strong>\u00c1no<\/strong>, pozri vy\u0161\u0161ie<\/li>\n<li> Zoznam klientov a\/alebo referencie predch\u00e1dzaj\u00facich z\u00e1kazn\u00edkov. <strong>\u00c1no,<\/strong> na str\u00e1nke je ve\u013ea referenci\u00ed, ale v\u00e4\u010d\u0161ina z nich je pomerne kr\u00e1tka.<\/li>\n<\/ol>\n<div itemprop=\"reviewRating\" itemscope itemtype=\"http:\/\/schema.org\/Rating\"><meta itemprop=\"worstRating\" content = \"0\" \/><meta itemprop=\"bestRating\" content=\"4.5\" \/><meta itemprop=\"ratingValue\" content=\"5\"><\/div>\n<p><strong>Celkov\u00e9 hodnotenie: 4,5\/5<\/strong><br \/>\n<strong>D\u00e1tum recenzie:<\/strong> <span itemprop=\"datePublished\" content=\"2016-08-24\">04\/08\/2016<\/span>\n<\/div>\n<p>Pre\u010d\u00edtajte si viac o <a href=\"https:\/\/moverdb.com\/sk\/stahovacie-spolocnosti\/\">medzin\u00e1rodn\u00ed s\u0165ahov\u00e1ci<\/a>, <a href=\"https:\/\/moverdb.com\/sk\/us-kanada-stehovaci\/\">Kanadsk\u00ed a americk\u00ed s\u0165ahov\u00e1ci<\/a> a na\u0161e <a href=\"https:\/\/moverdb.com\/sk\/recenzie\/\">proces presk\u00famania v pohybe<\/a>.<\/p>\n<p><strong>Webov\u00e9 str\u00e1nky:<\/strong><br \/>\n<a href=\"https:\/\/moverdb.com\/sk\/moving-to-the-united-states\/\" data-internallinksmanager029f6b8e52c=\"94\" title=\"S\u0165ahujete sa do Spojen\u00fdch \u0161t\u00e1tov? 2022 \u017divotn\u00e9 n\u00e1klady a tipy na pres\u0165ahovanie\">US<\/a>: <a href=\"https:\/\/www.northamerican.com\/\" target=\"_blank\" rel=\"noopener\">https:\/\/www.northamerican.com\/<\/a><br \/>\n<a href=\"https:\/\/moverdb.com\/sk\/moving-to-canada\/\" data-internallinksmanager029f6b8e52c=\"265\" title=\"S\u0165ahovanie do Kanady? 2026 N\u00e1klady na b\u00fdvanie a tipy na pres\u0165ahovanie\">Kanada<\/a>: <a href=\"http:\/\/www.northamericanvanlines.ca\/\" target=\"_blank\" rel=\"noopener\">http:\/\/www.northamericanvanlines.ca\/<\/a><\/p>","protected":false},"excerpt":{"rendered":"<p>North American Van Lines offer their customers services for international, corporate and domestic moves. A list of these services follows, together with a company profile and reviews. International Moving for Individuals and Companies Door to door service Packing, padding and protecting belongings Disassembling furniture Ship containers for every application Advice on what to pack and [&hellip;]<\/p>\n","protected":false},"author":1,"featured_media":0,"parent":0,"menu_order":0,"comment_status":"closed","ping_status":"closed","template":"","meta":{"_genesis_hide_title":false,"_genesis_hide_breadcrumbs":false,"_genesis_hide_singular_image":false,"_genesis_hide_footer_widgets":false,"_genesis_custom_body_class":"","_genesis_custom_post_class":"","_genesis_layout":"","footnotes":""},"class_list":{"0":"post-1075","1":"page","2":"type-page","3":"status-publish","5":"entry"},"_links":{"self":[{"href":"https:\/\/moverdb.com\/sk\/wp-json\/wp\/v2\/pages\/1075","targetHints":{"allow":["GET"]}}],"collection":[{"href":"https:\/\/moverdb.com\/sk\/wp-json\/wp\/v2\/pages"}],"about":[{"href":"https:\/\/moverdb.com\/sk\/wp-json\/wp\/v2\/types\/page"}],"author":[{"embeddable":true,"href":"https:\/\/moverdb.com\/sk\/wp-json\/wp\/v2\/users\/1"}],"replies":[{"embeddable":true,"href":"https:\/\/moverdb.com\/sk\/wp-json\/wp\/v2\/comments?post=1075"}],"version-history":[{"count":11,"href":"https:\/\/moverdb.com\/sk\/wp-json\/wp\/v2\/pages\/1075\/revisions"}],"predecessor-version":[{"id":6227,"href":"https:\/\/moverdb.com\/sk\/wp-json\/wp\/v2\/pages\/1075\/revisions\/6227"}],"wp:attachment":[{"href":"https:\/\/moverdb.com\/sk\/wp-json\/wp\/v2\/media?parent=1075"}],"curies":[{"name":"wp","href":"https:\/\/api.w.org\/{rel}","templated":true}]}}