{"id":1065,"date":"2016-08-09T14:39:24","date_gmt":"2016-08-09T14:39:24","guid":{"rendered":"http:\/\/moverdb.com\/?page_id=1065"},"modified":"2026-01-08T14:47:45","modified_gmt":"2026-01-08T14:47:45","slug":"bekins-van-lines","status":"publish","type":"page","link":"https:\/\/moverdb.com\/sk\/bekins-van-lines\/","title":{"rendered":"Spolo\u010dnos\u0165 Bekins Van Lines: Medzin\u00e1rodn\u00e9 s\u0165ahovacie slu\u017eby a recenzie"},"content":{"rendered":"<p>Spolo\u010dnos\u0165 Bekins Van Lines s\u00eddli v Indianapolise IN. Svojim z\u00e1kazn\u00edkom pon\u00fakaj\u00fa r\u00f4zne slu\u017eby, ktor\u00e9 s\u00fa uveden\u00e9 ni\u017e\u0161ie spolu s profilom spolo\u010dnosti a recenziami.<\/p>\n<p><strong>Medzin\u00e1rodn\u00e9 s\u0165ahovanie<\/strong><\/p>\n<ul>\n<li> Personalizovan\u00e9 slu\u017eby spolu s Crown Relocations<\/li>\n<li> Slu\u017eba od dver\u00ed k dver\u00e1m<\/li>\n<li> Balenie - urobte si to sami, vybran\u00e9 polo\u017eky alebo kompletn\u00fd servis<\/li>\n<li> Skladovanie - kr\u00e1tkodob\u00e9 a dlhodob\u00e9<\/li>\n<li> Premiestnenie dom\u00e1ceho zviera\u0165a<\/li>\n<li> Imigra\u010dn\u00e9 slu\u017eby<\/li>\n<li> Medzikult\u00farna odborn\u00e1 pr\u00edprava<\/li>\n<li> Jazykov\u00e1 pr\u00edprava<\/li>\n<li> Slu\u017eby predaja domov<\/li>\n<li> Spr\u00e1va nehnute\u013enost\u00ed<\/li>\n<li> Uk\u00e1\u017eka slu\u017eieb v\u00fdletu<\/li>\n<li> Pomoc pri h\u013eadan\u00ed domova<\/li>\n<li> Vyh\u013ead\u00e1vanie v \u0161kol\u00e1ch<\/li>\n<li> Orient\u00e1cia po pr\u00edchode<\/li>\n<li> Podpora kari\u00e9ry partnerov<\/li>\n<li> Slu\u017eby \u00fadr\u017eb\u00e1rov a pomocn\u00edkov v dom\u00e1cnosti<\/li>\n<li> Pren\u00e1jom n\u00e1bytku<\/li>\n<li> Podpora pri pridelen\u00ed<\/li>\n<\/ul>\n<p><strong>Balenie a skladovanie<\/strong><\/p>\n<ul>\n<li> Dlhodob\u00e9 a kr\u00e1tkodob\u00e9 skladovanie<\/li>\n<li> Zabezpe\u010den\u00e9 zariadenia<\/li>\n<li> 24-hodinov\u00e9 ozn\u00e1menie o pr\u00edstupe<\/li>\n<li> Urobte si to sami, vybran\u00e9 polo\u017eky alebo kompletn\u00fd baliaci servis<\/li>\n<li> Dod\u00e1van\u00e9 kart\u00f3ny a \u0161katule<\/li>\n<li> Dod\u00e1van\u00fd ochrann\u00fd obal<\/li>\n<li> P\u00e1sky, \u0161t\u00edtky a fixky<\/li>\n<\/ul>\n<p><strong>Vl\u00e1dne a vojensk\u00e9 s\u0165ahovacie slu\u017eby<\/strong><\/p>\n<ul>\n<li> Poskytovate\u013e prepravn\u00fdch slu\u017eieb GSA<\/li>\n<li> Kvalifikovan\u00fd v r\u00e1mci programu CHAMP a podporuje ho<\/li>\n<li> Od dver\u00ed k dver\u00e1m<\/li>\n<\/ul>\n<p><strong>Premiestnenie zamestnancov<\/strong><\/p>\n<ul>\n<li> \u0160pecializovan\u00fd mana\u017e\u00e9r s\u0165ahovania<\/li>\n<li> Od dver\u00ed k dver\u00e1m<\/li>\n<\/ul>\n<p><strong>S\u0165ahovanie do obytn\u00fdch priestorov<\/strong><\/p>\n<ul>\n<li> Od dver\u00ed k dver\u00e1m<\/li>\n<li> V dom\u00e1cnosti <a href=\"https:\/\/moverdb.com\/sk\/quotes\/\" data-internallinksmanager029f6b8e52c=\"26\" title=\"Medzin\u00e1rodn\u00e9 s\u0165ahovanie cit\u00e1cie: 12 ot\u00e1zok, ktor\u00e9 by ste mali polo\u017ei\u0165 svojmu prepravcovi\">s\u0165ahovanie cit\u00e1t<\/a><\/li>\n<li> Kompletn\u00fd servis balenia, nakladania a vykladania<\/li>\n<li> Balenie - urobte si to sami, krehk\u00e9 predmety alebo kompletn\u00fd servis<\/li>\n<li> Dod\u00e1van\u00e9 baliace materi\u00e1ly<\/li>\n<li> Dostupn\u00e9 \u00falo\u017eisko<\/li>\n<li> Demont\u00e1\u017e a op\u00e4tovn\u00e1 mont\u00e1\u017e n\u00e1bytku<\/li>\n<li> Presun n\u00e1bytku, zariaden\u00ed a vybavenia<\/li>\n<li> Presunutie klav\u00edrov, <a href=\"https:\/\/moverdb.com\/sk\/automobilova-doprava-a-preprava\/\">vozidl\u00e1<\/a>, lode a \u010fal\u0161ie<\/li>\n<li> Ochrana pri pohybe<\/li>\n<\/ul>\n<p><strong>\u0160pecializovan\u00e9 s\u0165ahovacie slu\u017eby<\/strong><\/p>\n<ul>\n<li> Preprava zdravotn\u00edckeho vybavenia<\/li>\n<li> Preprava \u0165a\u017ek\u00fdch strojov<\/li>\n<li> Preprava FFE<\/li>\n<li> Kancel\u00e1rske vybavenie<\/li>\n<li> Po\u010d\u00edta\u010de a IT vybavenie<\/li>\n<li> Jedine\u010dn\u00e9 kusy n\u00e1bytku<\/li>\n<li> Pres\u00favanie spotrebi\u010dov<\/li>\n<li> Zariadenia obchodu<\/li>\n<li> Pohostinsk\u00e9 s\u0165ahovacie slu\u017eby<\/li>\n<\/ul>\n<h2>Profil spolo\u010dnosti Bekins Van Lines<\/h2>\n<p>Spolo\u010dnos\u0165 Bekins Van Lines zalo\u017eili pred 125 rokmi John a Martin Bekinsovci v Sioux City, <a href=\"https:\/\/moverdb.com\/sk\/moving-to-the-united-states\/moving-to-iowa\/\" data-internallinksmanager029f6b8e52c=\"463\" title=\"S\u0165ahujete sa do Iowy? 2024 N\u00e1klady na b\u00fdvanie a tipy na pres\u0165ahovanie\">Iowa<\/a>. Mala 3 vozidl\u00e1 \u0165ahan\u00e9 ko\u0148mi a 12 zamestnancov. V s\u00fa\u010dasnosti je \u0161tvrtou najv\u00e4\u010d\u0161ou prepravnou spolo\u010dnos\u0165ou v <a href=\"https:\/\/moverdb.com\/sk\/moving-to-the-united-states\/\" data-internallinksmanager029f6b8e52c=\"94\" title=\"S\u0165ahujete sa do Spojen\u00fdch \u0161t\u00e1tov? 2022 \u017divotn\u00e9 n\u00e1klady a tipy na pres\u0165ahovanie\">Spojen\u00e9 \u0161t\u00e1ty americk\u00e9<\/a> a obsluhuje viac ako 95% krajiny. Spolo\u010dnos\u0165 Bekins Van Lines sa \u0161pecializuje na <a href=\"https:\/\/moverdb.com\/sk\/kontajnerova-preprava\/\" target=\"_blank\" rel=\"noopener\">medzin\u00e1rodn\u00e1 preprava<\/a>, s\u0165ahovanie a premiest\u0148ovanie predmetov s vysokou hodnotou.<\/p>\n<p>Spolo\u010dnos\u0165 Bekins Van Lines teraz vlastn\u00ed <a href=\"https:\/\/moverdb.com\/sk\/wheaton\/\" target=\"_blank\" rel=\"noopener\">Spolo\u010dnos\u0165 Wheaton Van Lines<\/a>. Na\u010falej pon\u00faka s\u0165ahovanie dom\u00e1cnost\u00ed, s\u0165ahovanie firiem, medzin\u00e1rodn\u00e9 s\u0165ahovanie a vojensk\u00e9 s\u0165ahovanie. <\/p>\n<p>Spolo\u010dnos\u0165 Bekins spolu so spolo\u010dnos\u0165ou Wheaton Van Lines spolupracuj\u00fa so spolo\u010dnos\u0165ou Crown Relocations, aby pomohli z\u00e1kazn\u00edkom s medzin\u00e1rodn\u00fdm s\u0165ahovan\u00edm. Spolo\u010dnos\u0165 Bekins m\u00e1 350 agentov a pr\u00e1ve t\u00edto agenti umo\u017e\u0148uj\u00fa spolo\u010dnosti fungova\u0165 ako komplexn\u00fd servis. <a href=\"https:\/\/moverdb.com\/sk\/moving-companies\/\" data-internallinksmanager029f6b8e52c=\"79\" title=\"Top 25 medzin\u00e1rodn\u00fdch s\u0165ahovac\u00edch spolo\u010dnost\u00ed online\">s\u0165ahovacia spolo\u010dnos\u0165<\/a>.<\/p>\n<p>Pr\u00edslu\u0161nos\u0165 a akredit\u00e1cie spolo\u010dnosti Bekins Van Lines:<\/p>\n<ul>\n<li> <a href=\"https:\/\/moverdb.com\/sk\/amsa\/\" target=\"_blank\" rel=\"noopener\">Americk\u00e1 asoci\u00e1cia pre s\u0165ahovanie a skladovanie<\/a> (<a href=\"https:\/\/moverdb.com\/sk\/amsa\/\" data-internallinksmanager029f6b8e52c=\"5\" title=\"Vysvetlenie Americkej asoci\u00e1cie pre s\u0165ahovanie a skladovanie (AMSA)\">AMSA<\/a>) - <a href=\"https:\/\/moverdb.com\/sk\/obruc-promover\/\" target=\"_blank\" rel=\"noopener\">ProMover<\/a><\/li>\n<li> N\u00e1rodn\u00e1 asoci\u00e1cia mana\u017e\u00e9rov pre s\u0165ahovanie seniorov (NASMM)<\/li>\n<li> Akreditovan\u00e1 firma A+ Better Business Bureau (BBB)<\/li>\n<\/ul>\n<h2>Bekins Van Lines Recenzie<\/h2>\n<p><strong>Pozit\u00edvne:<\/strong><\/p>\n<ul>\n<li> <em>\"B\u00e1l som sa pou\u017ei\u0165 ak\u00fako\u013evek s\u0165ahovaciu spolo\u010dnos\u0165 na m\u00f4j presun z <a href=\"https:\/\/moverdb.com\/sk\/stahovanie-do-san-jose\/\">San Jose<\/a> na <a href=\"https:\/\/moverdb.com\/sk\/moving-to-the-united-states\/moving-to-oregon\/\" data-internallinksmanager029f6b8e52c=\"395\" title=\"S\u0165ahovanie do Oregonu? 2026 N\u00e1klady na b\u00fdvanie a tipy na pres\u0165ahovanie\">Oregon<\/a>. Urobil som ve\u013ea online v\u00fdskumu a nakoniec som i\u0161iel s Bekins kv\u00f4li dvom osobn\u00fdm odpor\u00fa\u010daniam a ich odhadu. Bol to jednoduch\u00fd proces, s\u0165ahov\u00e1ci sa o moje veci starali ve\u013emi starostlivo a doru\u010dili ich, ke\u010f povedali, \u017ee ich doru\u010dia.\"<\/em> - S. N. prostredn\u00edctvom <a href=\"http:\/\/www.yelp.com\/biz\/bekins-van-lines-indianapolis-4?hrid=sAKPuUdvUtx9Pe5VoZlhZQ&#038;utm_campaign=www_review_share_popup&#038;utm_medium=copy_link&#038;utm_source=(direct)\" target=\"_blank\" rel=\"noopener\">Yelp<\/a><\/li>\n<li> <em>\"Z\u00edskali sme obvykl\u00e9 odhady na s\u0165ahovanie na\u0161ej kancel\u00e1rie a spolo\u010dnos\u0165 Bekins pri\u0161la s najlep\u0161\u00edm a najpodrobnej\u0161\u00edm odhadom.\"<\/em> - Wanda z Tampy cez <a href=\"https:\/\/www.consumeraffairs.com\/movers\/bekins_van_lines.htm\" target=\"_blank\" rel=\"noopener\">Spotrebite\u013esk\u00e9 z\u00e1le\u017eitosti<\/a><\/li>\n<li> <em>\"Tento z\u00e1kazn\u00edk BY ODPOR\u00da\u010cAL podnik priate\u013eovi, \u010dlenovi rodiny, susedovi alebo kolegovi.\"<\/em> - Cindy R prostredn\u00edctvom <a href=\"http:\/\/www.bbb.org\/indy\/business-reviews\/movers\/bekins-van-lines-inc-in-indianapolis-in-90013818\/Customer-Reviews\" target=\"_blank\" rel=\"noopener\">BBB<\/a><\/li>\n<li> <em>\"Cel\u00fd s\u0165ahovac\u00ed t\u00edm bol fantastick\u00fd. Odhadcovia a koordin\u00e1tori boli ve\u013emi pozorn\u00ed.\"<\/em> - Paul D prostredn\u00edctvom <a href=\"http:\/\/www.mymovingreviews.com\/movers\/bekins-van-lines-303#54527\" target=\"_blank\" rel=\"noopener\">MyMoivingReviews.com<\/a><\/li>\n<\/ul>\n<p><strong>Negat\u00edvne:<\/strong><\/p>\n<ul>\n<li> \"<em>Skuto\u010dne hrozn\u00e1 sk\u00fasenos\u0165 - ve\u013ea po\u0161koden\u00e9ho tovaru a neprofesion\u00e1lne slu\u017eby.\" <\/em>Kelly H prostredn\u00edctvom <a href=\"http:\/\/www.yelp.com\/biz\/bekins-van-lines-indianapolis-4?hrid=mPlbHKmtD2adpffBELLyBA&#038;utm_campaign=www_review_share_popup&#038;utm_medium=copy_link&#038;utm_source=(direct)\" target=\"_blank\" rel=\"noopener\">Yelp<\/a> <\/li>\n<li> <em>\"Perfektn\u00fd krok, ktor\u00fd op\u00edsal agent, sa stal no\u010dnou morou.\"<\/em> - Marcel z Lake Parku cez <a href=\"https:\/\/www.consumeraffairs.com\/movers\/bekins_van_lines.htm\" target=\"_blank\" rel=\"noopener\">Spotrebite\u013esk\u00e9 z\u00e1le\u017eitosti<\/a> <\/li>\n<li> <em>\"Na tejto sk\u00fasenosti bolo nieko\u013eko negat\u00edvnych vec\u00ed.\"<\/em> - David S prostredn\u00edctvom <a href=\"http:\/\/www.bbb.org\/indy\/business-reviews\/movers\/bekins-van-lines-inc-in-indianapolis-in-90013818\/Customer-Reviews\" target=\"_blank\" rel=\"noopener\">BBB<\/a> <\/li>\n<li> \"<em>Zistil som, \u017ee spolo\u010dnos\u0165 Bekins je nespo\u013eahliv\u00e1.\" <\/em> D Langdon prostredn\u00edctvom <a href=\"http:\/\/www.mymovingreviews.com\/movers\/bekins-van-lines-303#37287\" target=\"_blank\" rel=\"noopener\">MyMoivingReviews.com<\/a><\/li>\n<\/ul>\n<div itemprop=\"review\" itemscope itemtype=\"http:\/\/schema.org\/Review\">\n<span itemprop=\"author\" itemscope=\"\" itemtype=\"http:\/\/schema.org\/Organization\"><span itemprop=\"name\">MoverDB.com<\/span><\/span> Online preh\u013ead webov\u00fdch str\u00e1nok pre <span itemprop=\"itemreviewed\" itemscope=\"\" itemtype=\"http:\/\/schema.org\/Brand\"><span itemprop=\"name\">Spolo\u010dnos\u0165 Bekins Van Lines<\/span><\/span>:<\/p>\n<ol>\n<li> Jasn\u00e9 kontaktn\u00e9 \u00fadaje na webovej str\u00e1nke (vr\u00e1tane telef\u00f3nneho \u010d\u00edsla): <strong>\u00c1no<\/strong><\/li>\n<li> Jednoduch\u00e9 z\u00edskanie <a href=\"https:\/\/moverdb.com\/sk\/citaty\/\">medzin\u00e1rodn\u00e9 s\u0165ahovanie cit\u00e1cie<\/a>? (Online formul\u00e1r \u017eiadosti o odhad): <strong>\u00c1no<\/strong><\/li>\n<li> Jasn\u00e9 inform\u00e1cie na webovej str\u00e1nke: <strong>\u00c1no,<\/strong> na str\u00e1nke n\u00e1jdete mno\u017estvo pr\u00edru\u010diek, vide\u00ed a \u010fal\u0161\u00edch zdrojov.<\/li>\n<li> \u010dlenstvo v medzin\u00e1rodn\u00fdch uzn\u00e1van\u00fdch organiz\u00e1ci\u00e1ch pohybliv\u00fdch zvierat: <strong>\u00c1no<\/strong>, pozri vy\u0161\u0161ie<\/li>\n<li> Zoznam klientov a\/alebo referencie predch\u00e1dzaj\u00facich z\u00e1kazn\u00edkov. <strong>\u00c1no,<\/strong> maj\u00fa svoje vlastn\u00e9 <a href=\"https:\/\/www.bekins.com\/why-bekins\/reviews-testimonials\/\" target=\"_blank\" rel=\"noopener\">str\u00e1nka s recenziami a referenciami.<\/a><\/li>\n<\/ol>\n<div itemprop=\"reviewRating\" itemscope itemtype=\"http:\/\/schema.org\/Rating\"><meta itemprop=\"worstRating\" content = \"0\" \/><meta itemprop=\"bestRating\" content=\"5\" \/><meta itemprop=\"ratingValue\" content=\"5\"><\/div>\n<p><strong>Celkov\u00e9 hodnotenie: 5\/5<\/strong><br \/>\n<strong>D\u00e1tum recenzie:<\/strong> <span itemprop=\"datePublished\" content=\"2016-08-08\">08\/08\/2016<\/span>\n<\/div>\n<p>Pre\u010d\u00edtajte si viac o <a href=\"https:\/\/moverdb.com\/sk\/stahovacie-spolocnosti\/\">medzin\u00e1rodn\u00e9 s\u0165ahovacie spolo\u010dnosti<\/a>, <a href=\"https:\/\/moverdb.com\/sk\/us-kanada-stehovaci\/\">S\u0165ahov\u00e1ci z USA<\/a> a na\u0161e <a href=\"https:\/\/moverdb.com\/sk\/recenzie\/\">proces presk\u00famania<\/a>.<\/p>\n<p><strong>Webov\u00e1 lokalita:<\/strong> <a href=\"https:\/\/www.bekins.com\/\" target=\"_blank\" rel=\"noopener\">https:\/\/www.bekins.com<\/a><\/p>","protected":false},"excerpt":{"rendered":"<p>Bekins Van Lines are based in Indianapolis IN. They offer their customers a variety of services which are listed below, together with a company profile and reviews. International Moving Personalised service together with Crown Relocations Door to door service Packing &#8211; do it yourself, selected items or full service Storage &#8211; short and long term [&hellip;]<\/p>\n","protected":false},"author":1,"featured_media":0,"parent":0,"menu_order":0,"comment_status":"closed","ping_status":"closed","template":"","meta":{"_genesis_hide_title":false,"_genesis_hide_breadcrumbs":false,"_genesis_hide_singular_image":false,"_genesis_hide_footer_widgets":false,"_genesis_custom_body_class":"","_genesis_custom_post_class":"","_genesis_layout":"","footnotes":""},"class_list":{"0":"post-1065","1":"page","2":"type-page","3":"status-publish","5":"entry"},"_links":{"self":[{"href":"https:\/\/moverdb.com\/sk\/wp-json\/wp\/v2\/pages\/1065","targetHints":{"allow":["GET"]}}],"collection":[{"href":"https:\/\/moverdb.com\/sk\/wp-json\/wp\/v2\/pages"}],"about":[{"href":"https:\/\/moverdb.com\/sk\/wp-json\/wp\/v2\/types\/page"}],"author":[{"embeddable":true,"href":"https:\/\/moverdb.com\/sk\/wp-json\/wp\/v2\/users\/1"}],"replies":[{"embeddable":true,"href":"https:\/\/moverdb.com\/sk\/wp-json\/wp\/v2\/comments?post=1065"}],"version-history":[{"count":9,"href":"https:\/\/moverdb.com\/sk\/wp-json\/wp\/v2\/pages\/1065\/revisions"}],"predecessor-version":[{"id":6181,"href":"https:\/\/moverdb.com\/sk\/wp-json\/wp\/v2\/pages\/1065\/revisions\/6181"}],"wp:attachment":[{"href":"https:\/\/moverdb.com\/sk\/wp-json\/wp\/v2\/media?parent=1065"}],"curies":[{"name":"wp","href":"https:\/\/api.w.org\/{rel}","templated":true}]}}