{"id":1064,"date":"2016-08-12T14:50:41","date_gmt":"2016-08-12T14:50:41","guid":{"rendered":"http:\/\/moverdb.com\/?page_id=1064"},"modified":"2026-01-08T13:18:24","modified_gmt":"2026-01-08T13:18:24","slug":"graebel-van-lines","status":"publish","type":"page","link":"https:\/\/moverdb.com\/sk\/graebel-van-lines\/","title":{"rendered":"Spolo\u010dnos\u0165 Graebel Van Lines: Medzin\u00e1rodn\u00e9 s\u0165ahovacie slu\u017eby a recenzie"},"content":{"rendered":"<p>Spolo\u010dnos\u0165 Graebel Van Lines m\u00e1 s\u00eddlo v meste Aurora, CO. Spolo\u010dnos\u0165 pon\u00faka svojim z\u00e1kazn\u00edkom \u0161irok\u00fa \u0161k\u00e1lu slu\u017eieb, ktor\u00e9 s\u00fa uveden\u00e9 ni\u017e\u0161ie. Nasleduje aj profil spolo\u010dnosti a recenzie.<\/p>\n<p><strong>Medzin\u00e1rodn\u00e9 s\u0165ahovanie<\/strong><\/p>\n<ul>\n<li> Je pridelen\u00fd \u0161pecializovan\u00fd koordin\u00e1tor slu\u017eieb z\u00e1kazn\u00edkom<\/li>\n<li> Podrobn\u00fd prieskum v dom\u00e1cnosti<\/li>\n<li> Pl\u00e1n s\u0165ahovania na mieru<\/li>\n<li> Od dver\u00ed k dver\u00e1m<\/li>\n<li> Medzin\u00e1rodne vy\u0161kolen\u00ed bali\u010di a naklada\u010di<\/li>\n<li> Najkvalitnej\u0161ie baliace materi\u00e1ly<\/li>\n<li> Vlastn\u00e9 balenie<\/li>\n<li> Koordin\u00e1cia s popredn\u00fdmi licencovan\u00fdmi glob\u00e1lnymi dopravcami<\/li>\n<li> Skladovacie priestory - niektor\u00e9 s kontrolovanou kl\u00edmou<\/li>\n<li> Coln\u00e9 konanie<\/li>\n<li> Dodanie a vybalenie<\/li>\n<\/ul>\n<p><strong>S\u0165ahovanie do obytn\u00fdch priestorov<\/strong><\/p>\n<ul>\n<li> Slu\u017eba od dver\u00ed k dver\u00e1m<\/li>\n<li> Jednotn\u00e9 kontaktn\u00e9 miesto po\u010das cel\u00e9ho s\u0165ahovania<\/li>\n<li> Balenie a vyba\u013eovanie v pr\u00edpade potreby<\/li>\n<li> Miestne, dia\u013ekov\u00e9 a medzin\u00e1rodn\u00e9 s\u0165ahovanie<\/li>\n<li> Dlhodob\u00e9 a kr\u00e1tkodob\u00e9 skladovacie priestory<\/li>\n<\/ul>\n<p><strong>S\u0165ahovanie pracovn\u00e9ho priestoru<\/strong><\/p>\n<ul>\n<li> P\u00f4dorys pred a po<\/li>\n<li> Podrobn\u00fd s\u00fapis<\/li>\n<li> Dlhodob\u00e9 a kr\u00e1tkodob\u00e9 skladovanie<\/li>\n<li> Odpojenie a op\u00e4tovn\u00e9 pripojenie po\u010d\u00edta\u010dov\u00fdch syst\u00e9mov<\/li>\n<li> Demont\u00e1\u017e a op\u00e4tovn\u00e1 mont\u00e1\u017e n\u00e1bytku<\/li>\n<li> Zodpovedn\u00e9 nakladanie s majetkom<\/li>\n<li> S\u0165ahovanie s\u00eddiel firiem, kancel\u00e1ri\u00ed a jednorazov\u00e9 s\u0165ahovanie kancel\u00e1ri\u00ed.<\/li>\n<li> Koordin\u00e1cia subdod\u00e1vate\u013eov, d\u00e1t, telef\u00f3nie a elektroin\u0161tal\u00e1cie.<\/li>\n<li> Presn\u00e9 odhady n\u00e1kladov na s\u0165ahovanie kancel\u00e1ri\u00ed s oh\u013eadom na vybavenie, \u013eud\u00ed, materi\u00e1l a celkov\u00e9 n\u00e1klady.<\/li>\n<li> Spr\u00e1va presunutia, pridania a zmeny (MAC).<\/li>\n<li> Osved\u010den\u00e9 kontroln\u00e9 zoznamy, pl\u00e1novanie a postupy s\u0165ahovania kancel\u00e1ri\u00ed.<\/li>\n<li> Ukladanie a likvid\u00e1cia z\u00e1znamov.<\/li>\n<li> Kartot\u00e9kov\u00e9 syst\u00e9my s vysokou hustotou a \u00falo\u017en\u00e9 rie\u0161enia.<\/li>\n<li> <a href=\"https:\/\/moverdb.com\/sk\/british-association-of-removers\/\" data-internallinksmanager029f6b8e52c=\"9\" title=\"Vysvetlenie Britskej asoci\u00e1cie s\u0165ahovate\u013eov (BAR)\">Bar<\/a>-k\u00f3dovan\u00e9 riadenie z\u00e1sob.<\/li>\n<li> Celosvetov\u00e1 preprava vr\u00e1tane slu\u017eieb prepravy men\u0161\u00edch ako kami\u00f3nov\u00fdch z\u00e1sielok, kami\u00f3nov\u00fdch z\u00e1sielok a \u010dal\u00fanen\u00fdch dod\u00e1vok.<\/li>\n<li> Skladov\u00e9 a distribu\u010dn\u00e9 slu\u017eby.<\/li>\n<li> Dod\u00e1vkov\u00e9 slu\u017eby Just-In-Time.<\/li>\n<li> Logistick\u00e9 slu\u017eby a riadenie z jedn\u00e9ho zdroja.<\/li>\n<li> Preprava, dod\u00e1vka, in\u0161tal\u00e1cia a rekonfigur\u00e1cia syst\u00e9mov\u00e9ho n\u00e1bytku.<\/li>\n<li> Slu\u017eby v oblasti n\u00e1bytku, zariaden\u00ed a vybavenia (FF&amp;E) v hotelierstve.<\/li>\n<li> Slu\u017eby v oblasti zdravotn\u00edctva.<\/li>\n<\/ul>\n<p><strong>Podnikov\u00e9, vl\u00e1dne a vojensk\u00e9 presuny<\/strong><\/p>\n<ul>\n<li> \u00darad pre v\u00e4zenstvo<\/li>\n<li> Mar\u0161alsk\u00e1 slu\u017eba<\/li>\n<li> \u00darad pre kontrolu lie\u010div (DEA)<\/li>\n<li> Ministerstvo pre z\u00e1le\u017eitosti veter\u00e1nov (VA)<\/li>\n<li> Feder\u00e1lny \u00farad pre vy\u0161etrovanie (FBI)<\/li>\n<li> \u00darad pre s\u010d\u00edtanie \u013eudu<\/li>\n<li> Centr\u00e1 pre kontrolu a prevenciu chor\u00f4b (CDC)<\/li>\n<li> Da\u0148ov\u00fd \u00farad (IRS)<\/li>\n<\/ul>\n<h2>Profil spolo\u010dnosti Graebel Van Lines<\/h2>\n<p>Spolo\u010dnos\u0165 Graebel Van Lines je najv\u00e4\u010d\u0161ou s\u00fakromnou <a href=\"https:\/\/moverdb.com\/sk\/moving-companies\/\" data-internallinksmanager029f6b8e52c=\"79\" title=\"Top 25 medzin\u00e1rodn\u00fdch s\u0165ahovac\u00edch spolo\u010dnost\u00ed online\">s\u0165ahovacia spolo\u010dnos\u0165<\/a> v <a href=\"https:\/\/moverdb.com\/sk\/moving-to-the-united-states\/\" data-internallinksmanager029f6b8e52c=\"94\" title=\"S\u0165ahujete sa do Spojen\u00fdch \u0161t\u00e1tov? 2022 \u017divotn\u00e9 n\u00e1klady a tipy na pres\u0165ahovanie\">Spojen\u00e9 \u0161t\u00e1ty americk\u00e9<\/a> a m\u00e1 s\u00eddlo v meste Aurora, CO. Spolo\u010dnos\u0165 u\u017e 66 rokov prepravuje rodiny, podniky, vl\u00e1dny a vojensk\u00fd person\u00e1l po celom svete a v r\u00e1mci USA. <\/p>\n<p>Spolo\u010dnos\u0165 pon\u00faka komplexn\u00e9 rie\u0161enia pre potreby ka\u017ed\u00e9ho z\u00e1kazn\u00edka, \u010di u\u017e ide o mal\u00fa z\u00e1kazku, ako je rekon\u0161trukcia kancel\u00e1rie, alebo o rozsiahlu \u00falohu, ako je pres\u0165ahovanie nemocnice do nov\u00fdch priestorov.<\/p>\n<p>Spolo\u010dnos\u0165 Graebel Van Lines m\u00e1 v celej krajine 4 mili\u00f3ny \u0161tvorcov\u00fdch st\u00f4p skladovac\u00edch priestorov a prev\u00e1dzkuje 828 s\u0165ahovac\u00edch vozidiel. V\u0161etci zamestnanci spolo\u010dnosti s\u00fa vy\u0161kolen\u00ed pod\u013ea najvy\u0161\u0161\u00edch \u0161tandardov.<\/p>\n<p>Pr\u00edslu\u0161nos\u0165 a akredit\u00e1cie spolo\u010dnosti Graebel Van Lines:<\/p>\n<ul>\n<li> <a href=\"https:\/\/moverdb.com\/sk\/obruc-promover\/\">ProMover<\/a><\/li>\n<li> <a href=\"https:\/\/moverdb.com\/sk\/amsa\/\" target=\"_blank\" rel=\"noopener\">Americk\u00e1 asoci\u00e1cia pre s\u0165ahovanie a skladovanie<\/a> (<a href=\"https:\/\/moverdb.com\/sk\/amsa\/\" data-internallinksmanager029f6b8e52c=\"5\" title=\"Vysvetlenie Americkej asoci\u00e1cie pre s\u0165ahovanie a skladovanie (AMSA)\">AMSA<\/a>)<\/li>\n<li> Medzin\u00e1rodn\u00fd in\u0161tit\u00fat pre s\u0165ahovanie kancel\u00e1ri\u00ed (IOMI)<\/li>\n<\/ul>\n<h2>Recenzie spolo\u010dnosti Graebel Van Lines<\/h2>\n<p><strong>Pozit\u00edvne:<\/strong><\/p>\n<ul>\n<li> <em>\"Spolo\u010dnos\u0165 Graebel Van Lines odviedla pri mojom s\u0165ahovan\u00ed vynikaj\u00facu pr\u00e1cu. Pres\u0165ahovali ma v kr\u00e1tkom \u010dase, na\u010das a v\u0161etko prist\u00e1lo tam, kde som potreboval.\" <\/em> - Michelle T prostredn\u00edctvom <a href=\"https:\/\/www.yelp.com\/biz\/graebel-van-lines-kent\" target=\"_blank\" rel=\"noopener\">Yelp<\/a><\/li>\n<li>  <em>\"P\u00ed\u0161em to, preto\u017ee som videl ve\u013ea zl\u00fdch recenzi\u00ed na Graebel's a moja sk\u00fasenos\u0165 bola pozit\u00edvna.\"<\/em> - Sue Sok prostredn\u00edctvom <a href=\"http:\/\/www.mymovingreviews.com\/movers\/graebel-406#28293\" target=\"_blank\" rel=\"noopener\">MyMovingReviews.com<\/a><\/li>\n<\/ul>\n<p><strong>Negat\u00edvne:<\/strong><\/p>\n<ul>\n<li> \"<em>Spolo\u010dnos\u0165 Graebel's som vyu\u017eil pri troch s\u0165ahovaniach a ka\u017ed\u00e1 sk\u00fasenos\u0165 je hor\u0161ia a hor\u0161ia.\"<\/em> - Michael C prostredn\u00edctvom <a href=\"http:\/\/www.yelp.com\/biz\/graebel-van-lines-san-jose?hrid=KdToWSepoqbs7wLCd4UE0A&#038;utm_campaign=www_review_share_popup&#038;utm_medium=copy_link&#038;utm_source=(direct)\" target=\"_blank\" rel=\"noopener\">Yelp<\/a> <\/li>\n<li> \"<em>Neodpor\u00fa\u010dam t\u00fato spolo\u010dnos\u0165!!!\"<\/em> Don Mcnasby prostredn\u00edctvom <a href=\"http:\/\/www.mymovingreviews.com\/movers\/graebel-406#47223\" target=\"_blank\" rel=\"noopener\">MyMovingReviews.com<\/a><\/li>\n<\/ul>\n<div itemprop=\"review\" itemscope itemtype=\"http:\/\/schema.org\/Review\">\n<span itemprop=\"author\" itemscope=\"\" itemtype=\"http:\/\/schema.org\/Organization\"><span itemprop=\"name\">MoverDB.com<\/span><\/span> Online preh\u013ead webov\u00fdch str\u00e1nok pre <span itemprop=\"itemreviewed\" itemscope=\"\" itemtype=\"http:\/\/schema.org\/Brand\"><span itemprop=\"name\">Spolo\u010dnos\u0165 Graebel Van Lines<\/span><\/span>:<\/p>\n<ol>\n<li> Jasn\u00e9 kontaktn\u00e9 \u00fadaje na webovej str\u00e1nke (vr\u00e1tane telef\u00f3nneho \u010d\u00edsla): <strong>\u00c1no<\/strong><\/li>\n<li> Jednoduch\u00e9 z\u00edskanie <a href=\"https:\/\/moverdb.com\/sk\/citaty\/\">medzin\u00e1rodn\u00e9 s\u0165ahovanie cit\u00e1cie<\/a>? (Online formul\u00e1r \u017eiadosti o odhad): <strong>\u00c1no<\/strong><\/li>\n<li> Jasn\u00e9 inform\u00e1cie na webovej str\u00e1nke: <strong>Niektor\u00e9<\/strong>, Webov\u00e1 str\u00e1nka neobsahuje ve\u013ea podrobn\u00fdch inform\u00e1ci\u00ed. Predpoklad\u00e1 sa, \u017ee tieto bud\u00fa dodan\u00e9 spolu s pl\u00e1nom na mieru.<\/li>\n<li> \u010dlenstvo v medzin\u00e1rodn\u00fdch uzn\u00e1van\u00fdch organiz\u00e1ci\u00e1ch pohybliv\u00fdch zvierat: <strong>\u00c1no<\/strong>, (pozri vy\u0161\u0161ie)<\/li>\n<li> Zoznam klientov a\/alebo referencie predch\u00e1dzaj\u00facich z\u00e1kazn\u00edkov: <strong>Nie<\/strong> Na webovej str\u00e1nke sa v\u0161ak uv\u00e1dza, \u017ee s\u00fa ob\u013e\u00faben\u00fdm partnerom vl\u00e1dy a spolo\u010dnost\u00ed z rebr\u00ed\u010dka Fortune 500.<\/li>\n<\/ol>\n<div itemprop=\"reviewRating\" itemscope itemtype=\"http:\/\/schema.org\/Rating\"><meta itemprop=\"worstRating\" content = \"0\" \/><meta itemprop=\"bestRating\" content=\"5\" \/><meta itemprop=\"ratingValue\" content=\"3.5\"><\/div>\n<p><strong>Celkov\u00e9 hodnotenie: 3,5\/5<\/strong><br \/>\n<strong>D\u00e1tum recenzie:<\/strong> <span itemprop=\"datePublished\" content=\"2016-08-11\">11\/08\/2016<\/span>\n<\/div>\n<p>Pre\u010d\u00edtajte si viac o <a href=\"https:\/\/moverdb.com\/sk\/stahovacie-spolocnosti\/\">medzin\u00e1rodn\u00ed s\u0165ahov\u00e1ci<\/a>, <a href=\"https:\/\/moverdb.com\/sk\/us-kanada-stehovaci\/\">Americk\u00e9 s\u0165ahovacie spolo\u010dnosti<\/a> a na\u0161e <a href=\"https:\/\/moverdb.com\/sk\/recenzie\/\">proces presk\u00famania<\/a>.<\/p>\n<p><strong>Webov\u00e1 lokalita:<\/strong> <a href=\"https:\/\/www.graebelmoving.com\" target=\"_blank\" rel=\"noopener\">https:\/\/www.graebelmoving.com<\/a><\/p>","protected":false},"excerpt":{"rendered":"<p>Graebel Van Lines is headquartered in Aurora, CO. The company offers its customers a wide range of services which are listed below. There also follows a company profile and reviews. International Moving A dedicated customer service coordinator is assigned Detailed in-home survey Customised move plan Door to door Internationally trained packers and loaders Finest quality [&hellip;]<\/p>\n","protected":false},"author":1,"featured_media":0,"parent":0,"menu_order":0,"comment_status":"closed","ping_status":"closed","template":"","meta":{"_genesis_hide_title":false,"_genesis_hide_breadcrumbs":false,"_genesis_hide_singular_image":false,"_genesis_hide_footer_widgets":false,"_genesis_custom_body_class":"","_genesis_custom_post_class":"","_genesis_layout":"","footnotes":""},"class_list":{"0":"post-1064","1":"page","2":"type-page","3":"status-publish","5":"entry"},"_links":{"self":[{"href":"https:\/\/moverdb.com\/sk\/wp-json\/wp\/v2\/pages\/1064","targetHints":{"allow":["GET"]}}],"collection":[{"href":"https:\/\/moverdb.com\/sk\/wp-json\/wp\/v2\/pages"}],"about":[{"href":"https:\/\/moverdb.com\/sk\/wp-json\/wp\/v2\/types\/page"}],"author":[{"embeddable":true,"href":"https:\/\/moverdb.com\/sk\/wp-json\/wp\/v2\/users\/1"}],"replies":[{"embeddable":true,"href":"https:\/\/moverdb.com\/sk\/wp-json\/wp\/v2\/comments?post=1064"}],"version-history":[{"count":6,"href":"https:\/\/moverdb.com\/sk\/wp-json\/wp\/v2\/pages\/1064\/revisions"}],"predecessor-version":[{"id":6216,"href":"https:\/\/moverdb.com\/sk\/wp-json\/wp\/v2\/pages\/1064\/revisions\/6216"}],"wp:attachment":[{"href":"https:\/\/moverdb.com\/sk\/wp-json\/wp\/v2\/media?parent=1064"}],"curies":[{"name":"wp","href":"https:\/\/api.w.org\/{rel}","templated":true}]}}