{"id":1062,"date":"2016-08-21T19:46:49","date_gmt":"2016-08-21T19:46:49","guid":{"rendered":"http:\/\/moverdb.com\/?page_id=1062"},"modified":"2026-01-08T14:47:31","modified_gmt":"2026-01-08T14:47:31","slug":"amj-campbell-van-lines","status":"publish","type":"page","link":"https:\/\/moverdb.com\/sk\/amj-campbell-van-lines\/","title":{"rendered":"AMJ Campbell Van Lines: Medzin\u00e1rodn\u00e9 s\u0165ahovacie slu\u017eby a recenzie"},"content":{"rendered":"<p>Spolo\u010dnos\u0165 AMJ Campbell Van Lines s\u00eddli v <a href=\"https:\/\/moverdb.com\/sk\/stahovanie-do-toronta\/\">Toronto<\/a>, <a href=\"https:\/\/moverdb.com\/sk\/moving-to-canada\/\" data-internallinksmanager029f6b8e52c=\"265\" title=\"S\u0165ahovanie do Kanady? 2026 N\u00e1klady na b\u00fdvanie a tipy na pres\u0165ahovanie\">Kanada<\/a> a pon\u00faka svojim z\u00e1kazn\u00edkom r\u00f4zne s\u0165ahovacie a skladovacie slu\u017eby, ktor\u00e9 s\u00fa uveden\u00e9 ni\u017e\u0161ie. Pre va\u0161u inform\u00e1ciu je tu aj profil spolo\u010dnosti a recenzie.<\/p>\n<p><strong>Medzin\u00e1rodn\u00e9 s\u0165ahovanie<\/strong><\/p>\n<ul>\n<li> Kompletn\u00fd servis od dver\u00ed k dver\u00e1m<\/li>\n<li> Profesion\u00e1lne balenie a vyba\u013eovanie<\/li>\n<li> Najkvalitnej\u0161ie baliace materi\u00e1ly<\/li>\n<li> Riadenie z\u00e1sob<\/li>\n<li> <a href=\"https:\/\/moverdb.com\/sk\/kontajnerova-preprava\/\">Cestn\u00e1, n\u00e1morn\u00e1 a leteck\u00e1 n\u00e1kladn\u00e1 doprava<\/a><\/li>\n<li> Najmodernej\u0161ie syst\u00e9my riadenia pohybu<\/li>\n<\/ul>\n<p><strong>Slu\u017eby cezhrani\u010dn\u00e9ho premiest\u0148ovania<\/strong><\/p>\n<ul>\n<li> Kanady do <a href=\"https:\/\/moverdb.com\/sk\/moving-to-the-united-states\/\" data-internallinksmanager029f6b8e52c=\"94\" title=\"S\u0165ahujete sa do Spojen\u00fdch \u0161t\u00e1tov? 2022 \u017divotn\u00e9 n\u00e1klady a tipy na pres\u0165ahovanie\">US<\/a> a naopak<\/li>\n<\/ul>\n<p><strong>S\u0165ahovanie obytn\u00fdch budov - miestne alebo dia\u013ekov\u00e9<\/strong><\/p>\n<ul>\n<li> V\u010dasn\u00fd v\u00fdkon<\/li>\n<li> P\u00edsomn\u00e1 cit\u00e1cia<\/li>\n<li> Telefon\u00e1t de\u0148 pred s\u0165ahovan\u00edm na potvrdenie podrobnost\u00ed<\/li>\n<li> Vyrovnanie v\u0161etk\u00fdch n\u00e1rokov na n\u00e1hradu \u0161kody do 30 dn\u00ed<\/li>\n<li> Ochrana pre v\u0161etok v\u00e1\u0161 \u010dal\u00fanen\u00fd n\u00e1bytok<\/li>\n<li> Op\u00e4tovn\u00e1 mont\u00e1\u017e ak\u00e9hoko\u013evek demontovan\u00e9ho n\u00e1bytku<\/li>\n<li> Ochrana podlahy a z\u00e1bradlia<\/li>\n<li> Profesion\u00e1lne, zdvoril\u00e9 pracovn\u00e9 pos\u00e1dky<\/li>\n<li> Vynikaj\u00faci z\u00e1kazn\u00edcky servis<\/li>\n<\/ul>\n<p><strong>Slu\u017eby premiest\u0148ovania firiem<\/strong><\/p>\n<ul>\n<li> Komplexn\u00e9 balenie<\/li>\n<li> Vykladanie<\/li>\n<li> Kompletn\u00e9 servisovan\u00e9 vybalenie<\/li>\n<\/ul>\n<p><strong>S\u0165ahovanie kancel\u00e1ri\u00ed<\/strong><\/p>\n<ul>\n<li> Slu\u017eba pl\u00e1novania s\u0165ahovania<\/li>\n<li> Starostliv\u00e9 ozna\u010dovanie v\u0161etk\u00fdch polo\u017eiek<\/li>\n<li> Odborn\u00e9 balenie<\/li>\n<li> Odborn\u00e9 s\u0165ahovanie citliv\u00fdch zariaden\u00ed a po\u010d\u00edta\u010dov<\/li>\n<\/ul>\n<p><strong>\u0160pecializovan\u00e9 slu\u017eby<\/strong><\/p>\n<ul>\n<li> Kancel\u00e1rske interi\u00e9ry<\/li>\n<li> Premiestnenie skladu<\/li>\n<li> In\u0161tal\u00e1cia n\u00e1bytku<\/li>\n<li> Skart\u00e1cia<\/li>\n<\/ul>\n<p><strong>\u00dalo\u017eisko<\/strong><\/p>\n<ul>\n<li> Kr\u00e1tkodobo do 60 dn\u00ed<\/li>\n<li> Dlhodob\u00fd<\/li>\n<li> \u010cist\u00e9, bezpe\u010dn\u00e9 a dobre spravovan\u00e9 priestory<\/li>\n<li> Sofistikovan\u00e9 sledovacie zariadenia<\/li>\n<li> Vlastn\u00e9 skladovanie<\/li>\n<li> Komer\u010dn\u00e9 ukladanie dokumentov<\/li>\n<\/ul>\n<h2>Profil spolo\u010dnosti AMJ Campbell Van Lines<\/h2>\n<p>Spolo\u010dnos\u0165 AMJ Campbell Van Lines otvorila svoje br\u00e1ny v roku 1934 ako MJ Campbell and Moving a bola rodinn\u00fdm podnikom. Spolo\u010dnos\u0165 sa zameriavala na s\u0165ahovanie \u013eud\u00ed medzi provinciami v Kanade a medzi USA a Kanadou. Odvtedy sa rozr\u00e1stla a stala sa najv\u00e4\u010d\u0161ou <a href=\"https:\/\/moverdb.com\/sk\/moving-companies\/\" data-internallinksmanager029f6b8e52c=\"79\" title=\"Top 25 medzin\u00e1rodn\u00fdch s\u0165ahovac\u00edch spolo\u010dnost\u00ed online\">s\u0165ahovacia spolo\u010dnos\u0165<\/a> v Kanade, ktor\u00e1 prepravuje \u013eud\u00ed na miestnej i medzin\u00e1rodnej \u00farovni.<\/p>\n<p>Campbell's zamestn\u00e1va viac ako 2800 \u013eud\u00ed na 50 r\u00f4znych miestach v Kanade. V s\u00fa\u010dasnosti je s\u00fakromnou spolo\u010dnos\u0165ou, ktor\u00e1 vst\u00fapila na burzu v 80. rokoch minul\u00e9ho storo\u010dia a je spolo\u010dnos\u0165ou s mnohomili\u00f3nov\u00fdm kapit\u00e1lom. <\/p>\n<p>Akredit\u00e1cie a afili\u00e1cie AMJ Campbell:<\/p>\n<ul>\n<li> <a href=\"https:\/\/moverdb.com\/sk\/fidi-faim\/\">FIDI<\/a><\/li>\n<li> <a href=\"https:\/\/moverdb.com\/sk\/fidi-faim\/\" data-internallinksmanager029f6b8e52c=\"16\" title=\"Vysvetlenie FIDI a FAIM (FIDI akreditovan\u00fd medzin\u00e1rodn\u00fd prepravca)\">FAIM<\/a><\/li>\n<li> <a href=\"https:\/\/moverdb.com\/sk\/kanadska-asociacia-prepravcov\/\">Kanadsk\u00e1 asoci\u00e1cia pre s\u0165ahovanie do z\u00e1moria<\/a> (COMA) <\/li>\n<li> <a href=\"https:\/\/moverdb.com\/sk\/lacma\/\">Zdru\u017eenie s\u0165ahovate\u013eov z Latinskej Ameriky a Karibiku<\/a> (<a href=\"https:\/\/moverdb.com\/sk\/lacma\/\" data-internallinksmanager029f6b8e52c=\"28\" title=\"Zdru\u017eenie medzin\u00e1rodn\u00fdch prepravcov z Latinskej Ameriky a Karibiku (LACMA)\">LACMA<\/a>)<\/li>\n<li> Householders Goods Forwarders of America (HAGFAA)<\/li>\n<li> BBB Akreditovan\u00e1 firma A+<\/li>\n<\/ul>\n<h2>AMJ Campbell Van Lines Recenzie<\/h2>\n<p><strong>Pozit\u00edvne:<\/strong><\/p>\n<ul>\n<li> <em>Ve\u013emi na n\u00e1s zap\u00f4sobil pr\u00edstup, spolupr\u00e1ca a celkov\u00e1 rados\u0165 z pr\u00e1ce s takou skvelou skupinou \u013eud\u00ed.<\/em> - prostredn\u00edctvom AMJ Campbell <a href=\"http:\/\/www.amjcampbell.com\/about-us-2\/customer-reviews\/\" target=\"_blank\" rel=\"noopener\">hodnotenia z\u00e1kazn\u00edkov<\/a><\/li>\n<li> <em>\"Kontaktoval som spolo\u010dnos\u0165 AMJ pre moje s\u0165ahovanie z mesta do mesta a bol som ve\u013emi spokojn\u00fd s celou sk\u00fasenos\u0165ou.\"<\/em> - Rebecca G prostredn\u00edctvom <a href=\"https:\/\/homestars.com\/companies\/195139-amj-campbell\/reviews\/309471\" target=\"_blank\" rel=\"noopener\">HomeStars<\/a><\/li>\n<li> <em>\"Vybrala som si spolo\u010dnos\u0165 AMJ Campbell na s\u0165ahovanie m\u00f4jho n\u00e1bytku z <a href=\"https:\/\/moverdb.com\/sk\/moving-to-toronto\/\" data-internallinksmanager029f6b8e52c=\"71\" title=\"S\u0165ahujete sa do Toronta? 2022 N\u00e1klady na b\u00fdvanie a tipy na pres\u0165ahovanie\">Toronto<\/a> na <a href=\"https:\/\/moverdb.com\/sk\/moving-to-canada\/moving-to-montreal\/\" data-internallinksmanager029f6b8e52c=\"410\" title=\"S\u0165ahujete sa do Montrealu? 2026 N\u00e1klady na b\u00fdvanie a tipy na pres\u0165ahovanie\">Montreal<\/a> v roku 2013. Nemyslel som si, \u017ee s\u0165ahovanie bude tak\u00e9 jednoduch\u00e9, ako to urobili.\"<\/em> - Reem prostredn\u00edctvom <a href=\"http:\/\/www.mymovingreviews.com\/movers\/amj-campbell-van-lines-1281#15661\" target=\"_blank\" rel=\"noopener\">MyMovingReviews.com<\/a> <\/li>\n<li> <em>Spolo\u010dnos\u0165 AMJ n\u00e1m s man\u017eelom pomohla pres\u0165ahova\u0165 sa na De\u0148 Kanady - tak\u017ee hoci sme si za s\u0165ahovanie v de\u0148 \u0161t\u00e1tneho sviatku priplatili, st\u00e1lo to za ka\u017ed\u00fd cent.<\/em> - Renee M. prostredn\u00edctvom <a href=\"http:\/\/www.yelp.co.uk\/biz\/amj-campbell-van-lines-vancouver?hrid=g252Zt8_i0oO1eStByhl0A&#038;utm_campaign=www_review_share_popup&#038;utm_medium=copy_link&#038;utm_source=(direct)\" target=\"_blank\" rel=\"noopener\">Yelp<\/a><\/li>\n<\/ul>\n<p><strong>Negat\u00edvne:<\/strong><\/p>\n<ul>\n<li> <em>\"Zachr\u00e1\u0148te si zdrav\u00fd rozum a peniaze. Cel\u00fd t\u00edm AMJ Campbell je absol\u00fatne najhor\u0161\u00ed.\"<\/em> - Ve\u013emi nespokojn\u00fd v <a href=\"https:\/\/moverdb.com\/sk\/moving-to-canada\/moving-to-vancouver\/\" data-internallinksmanager029f6b8e52c=\"438\" title=\"S\u0165ahujete sa do Vancouveru? 2026 N\u00e1klady na b\u00fdvanie a tipy na pres\u0165ahovanie\">Vancouver<\/a> cez <a href=\"https:\/\/homestars.com\/companies\/195139-amj-campbell\/reviews\/450056\" target=\"_blank\" rel=\"noopener\">HomeStars<\/a><\/li>\n<li> <em>\"Bolo naozaj ne\u0161\u0165astn\u00e9 rokova\u0165 s touto ne\u010destnou spolo\u010dnos\u0165ou.\"<\/em> - Maher prostredn\u00edctvom <a href=\"http:\/\/www.mymovingreviews.com\/movers\/amj-campbell-van-lines-1281#54125\" target=\"_blank\" rel=\"noopener\">MyMovingReviews.com<\/a> <\/li>\n<li> <em>Ich vodi\u010d bol ve\u013emi \u0161upinat\u00fd a neprofesion\u00e1lny.<\/em> - SA S. prostredn\u00edctvom <a href=\"http:\/\/www.yelp.co.uk\/biz\/amj-campbell-van-lines-vancouver?hrid=8M5PJ1TTLqQx72k6lEsKLA&#038;utm_campaign=www_review_share_popup&#038;utm_medium=copy_link&#038;utm_source=(direct)\" target=\"_blank\" rel=\"noopener\">Yelp<\/a><\/li>\n<\/ul>\n<div itemprop=\"review\" itemscope itemtype=\"http:\/\/schema.org\/Review\">\n<span itemprop=\"author\" itemscope=\"\" itemtype=\"http:\/\/schema.org\/Organization\"><span itemprop=\"name\">MoverDB.com<\/span><\/span> Online preh\u013ead webov\u00fdch str\u00e1nok pre <span itemprop=\"itemreviewed\" itemscope=\"\" itemtype=\"http:\/\/schema.org\/Brand\"><span itemprop=\"name\">AMJ Campbell Van Lines<\/span><\/span>:<\/p>\n<ol>\n<li> Jasn\u00e9 kontaktn\u00e9 \u00fadaje na webovej str\u00e1nke (vr\u00e1tane telef\u00f3nneho \u010d\u00edsla): <strong>\u00c1no<\/strong><\/li>\n<li> Jednoduch\u00e9 z\u00edskanie <a href=\"https:\/\/moverdb.com\/sk\/citaty\/\">medzin\u00e1rodn\u00e9 s\u0165ahovanie cit\u00e1cie<\/a>? (Online formul\u00e1r \u017eiadosti o odhad): <strong>\u00c1no<\/strong><\/li>\n<li> Jasn\u00e9 inform\u00e1cie na webovej str\u00e1nke: <strong>\u00c1no<\/strong>, hoci nie v\u017edy je naj\u013eah\u0161ie ich n\u00e1js\u0165.<\/li>\n<li> \u010dlenstvo v medzin\u00e1rodn\u00fdch uzn\u00e1van\u00fdch organiz\u00e1ci\u00e1ch pohybliv\u00fdch zvierat: <strong>\u00c1no<\/strong>, (pozri vy\u0161\u0161ie)<\/li>\n<li> Zoznam klientov a\/alebo referencie predch\u00e1dzaj\u00facich z\u00e1kazn\u00edkov. <strong>\u00c1no,<\/strong> obe webov\u00e9 str\u00e1nky obsahuj\u00fa posudky a recenzie z\u00e1kazn\u00edkov.<\/li>\n<\/ol>\n<div itemprop=\"reviewRating\" itemscope itemtype=\"http:\/\/schema.org\/Rating\"><meta itemprop=\"worstRating\" content = \"0\" \/><meta itemprop=\"bestRating\" content=\"5\" \/><meta itemprop=\"ratingValue\" content=\"4.5\"><\/div>\n<p><strong>Celkov\u00e9 hodnotenie: 4,5\/5<\/strong><br \/>\n<strong>D\u00e1tum recenzie:<\/strong> <span itemprop=\"datePublished\" content=\"2016-08-21\">21\/08\/2016<\/span>\n<\/div>\n<p>Pre\u010d\u00edtajte si viac o <a href=\"https:\/\/moverdb.com\/sk\/stahovacie-spolocnosti\/\">medzin\u00e1rodn\u00e9 s\u0165ahovacie spolo\u010dnosti<\/a>, <a href=\"https:\/\/moverdb.com\/sk\/us-kanada-stehovaci\/\">Kanadsk\u00e9 s\u0165ahovacie spolo\u010dnosti<\/a> a na\u0161e <a href=\"https:\/\/moverdb.com\/sk\/recenzie\/\">proces presk\u00famania<\/a>.<\/p>\n<p><strong>Webov\u00e1 lokalita:<\/strong> Dom\u00e1ce: <a href=\"http:\/\/www.amjcampbell.com\" target=\"_blank\" rel=\"noopener\">http:\/\/www.amjcampbell.com<\/a>, Medzin\u00e1rodn\u00e1: <a href=\"http:\/\/amj-international.com\" target=\"_blank\" rel=\"noopener\">http:\/\/amj-international.com<\/a><\/p>","protected":false},"excerpt":{"rendered":"<p>AMJ Campbell Van Lines is based in Toronto, Canada and it offers its customers various moving and storage services which are listed below. There is also a company profile and reviews for your information. International Moving Door to door full service Professional packing and unpacking Highest quality packing materials Inventory management Road, sea and air [&hellip;]<\/p>\n","protected":false},"author":1,"featured_media":0,"parent":0,"menu_order":0,"comment_status":"closed","ping_status":"closed","template":"","meta":{"_genesis_hide_title":false,"_genesis_hide_breadcrumbs":false,"_genesis_hide_singular_image":false,"_genesis_hide_footer_widgets":false,"_genesis_custom_body_class":"","_genesis_custom_post_class":"","_genesis_layout":"","footnotes":""},"class_list":{"0":"post-1062","1":"page","2":"type-page","3":"status-publish","5":"entry"},"_links":{"self":[{"href":"https:\/\/moverdb.com\/sk\/wp-json\/wp\/v2\/pages\/1062","targetHints":{"allow":["GET"]}}],"collection":[{"href":"https:\/\/moverdb.com\/sk\/wp-json\/wp\/v2\/pages"}],"about":[{"href":"https:\/\/moverdb.com\/sk\/wp-json\/wp\/v2\/types\/page"}],"author":[{"embeddable":true,"href":"https:\/\/moverdb.com\/sk\/wp-json\/wp\/v2\/users\/1"}],"replies":[{"embeddable":true,"href":"https:\/\/moverdb.com\/sk\/wp-json\/wp\/v2\/comments?post=1062"}],"version-history":[{"count":6,"href":"https:\/\/moverdb.com\/sk\/wp-json\/wp\/v2\/pages\/1062\/revisions"}],"predecessor-version":[{"id":6172,"href":"https:\/\/moverdb.com\/sk\/wp-json\/wp\/v2\/pages\/1062\/revisions\/6172"}],"wp:attachment":[{"href":"https:\/\/moverdb.com\/sk\/wp-json\/wp\/v2\/media?parent=1062"}],"curies":[{"name":"wp","href":"https:\/\/api.w.org\/{rel}","templated":true}]}}