{"id":1061,"date":"2016-07-25T20:41:24","date_gmt":"2016-07-25T20:41:24","guid":{"rendered":"http:\/\/moverdb.com\/?page_id=1061"},"modified":"2026-01-08T15:30:30","modified_gmt":"2026-01-08T15:30:30","slug":"u-pack-moving","status":"publish","type":"page","link":"https:\/\/moverdb.com\/sk\/u-pack-moving\/","title":{"rendered":"U-Pack Moving: Medzin\u00e1rodn\u00e9 s\u0165ahovacie slu\u017eby a recenzie"},"content":{"rendered":"<p>Spolo\u010dnos\u0165 ABF U-Pack Moving pon\u00faka svojim z\u00e1kazn\u00edkom r\u00f4zne slu\u017eby v oblasti s\u0165ahovania a vlastn\u00e9ho balenia a vyba\u013eovania v r\u00e1mci <a href=\"https:\/\/moverdb.com\/sk\/moving-to-the-united-states\/\" data-internallinksmanager029f6b8e52c=\"94\" title=\"S\u0165ahujete sa do Spojen\u00fdch \u0161t\u00e1tov? 2022 \u017divotn\u00e9 n\u00e1klady a tipy na pres\u0165ahovanie\">US<\/a>, <a href=\"https:\/\/moverdb.com\/sk\/moving-to-canada\/\" data-internallinksmanager029f6b8e52c=\"265\" title=\"S\u0165ahovanie do Kanady? 2026 N\u00e1klady na b\u00fdvanie a tipy na pres\u0165ahovanie\">Kanada<\/a> a Portoriko. <\/p>\n<p>Tieto slu\u017eby s\u00fa uveden\u00e9 ni\u017e\u0161ie spolu s profilom spolo\u010dnosti a recenziami.<\/p>\n<p><strong>Typy pon\u00fakan\u00fdch pohybov<\/strong><\/p>\n<ul>\n<li> Cross-country pohybuj\u00face<\/li>\n<li> Dia\u013ekov\u00e9 s\u0165ahovanie - USA, Kanada, Portoriko<\/li>\n<li> S\u0165ahovanie od dver\u00ed k dver\u00e1m<\/li>\n<li> Samostatne sa pohybuj\u00face<\/li>\n<li> Pren\u00e1jom naklada\u010dov na hodinu <\/li>\n<li> Vojensk\u00e9 s\u0165ahovanie<\/li>\n<li> Vysok\u00e1 \u0161kola s\u0165ahovanie<\/li>\n<li> Mal\u00e9 pohyby<\/li>\n<\/ul>\n<p><strong>S\u0165ahovacie zariadenia<\/strong><\/p>\n<ul>\n<li> S\u0165ahovacie pr\u00edvesy<\/li>\n<li> S\u0165ahovanie &amp; <a href=\"https:\/\/moverdb.com\/sk\/kontajnerova-preprava\/\" target=\"_blank\" rel=\"noopener\">Prepravn\u00e9 kontajnery<\/a><\/li>\n<\/ul>\n<p><strong>\u00dalo\u017eisko<\/strong><\/p>\n<ul>\n<li> Skladovanie pr\u00edvesov<\/li>\n<li> Ukladanie ReloCube<\/li>\n<li> Skladovanie na mieste<\/li>\n<li> Prenosn\u00e9 \u00falo\u017eisko<\/li>\n<\/ul>\n<h2>Profil spolo\u010dnosti U-Pack Moving Company<\/h2>\n<p>Spolo\u010dnos\u0165 ABF U-Pack za\u010dala svoju \u010dinnos\u0165 1.<sup>st<\/sup> okt\u00f3bra 1997 a je s\u00fa\u010das\u0165ou spolo\u010dnosti ABF Freight. Cie\u013eom spolo\u010dnosti bolo urobi\u0165 s\u0165ahovanie cenovo dostupnej\u0161\u00edm t\u00fdm, \u017ee z\u00e1kazn\u00edkom pon\u00fakne mo\u017enos\u0165 \"vy bal\u00edte, my voz\u00edme\". Z\u00e1kazn\u00edci si sami zbalia svoje veci a nalo\u017eia ich do pr\u00edvesu alebo kontajnera, ktor\u00fd im poskytne spolo\u010dnos\u0165. <\/p>\n<p>Vodi\u010d U-Pack potom odvezie tovar na miesto ur\u010denia, kde ho z\u00e1kazn\u00edk vylo\u017e\u00ed a vybal\u00ed. Z\u00e1kazn\u00edci m\u00f4\u017eu sledova\u0165 svoj tovar prostredn\u00edctvom online syst\u00e9mu sledovania.<\/p>\n<p>Od svojho vzniku v roku 1997 spolo\u010dnos\u0165 ABF Moving U-Pack prepravila viac ako 850 000 rod\u00edn a precestovala viac ako 1 miliardu kilometrov. Spolo\u010dnos\u0165 poskytuje priame spojenie s takmer ka\u017ed\u00fdm mestom v \u0161t\u00e1toch, Kanade a Portoriku, ktor\u00e9 m\u00e1 viac ako 30 000 obyvate\u013eov - \u010do predstavuje 44 000 r\u00f4znych obc\u00ed.<\/p>\n<p><strong>Akredit\u00e1cie a pr\u00edslu\u0161nos\u0165 AFB U-Pack:<\/strong><\/p>\n<ul>\n<li> BBB Akreditovan\u00e1 firma A+<\/li>\n<\/ul>\n<h2>U-Pack S\u0165ahovanie Recenzie<\/h2>\n<p><strong>Pozit\u00edvne<\/strong><\/p>\n<ul>\n<li> \"<em>Pre cezhrani\u010dn\u00e9 prepravy (USA\/Kanada) vrelo odpor\u00fa\u010dam U-Pack.\"<\/em> - Laura J prostredn\u00edctvom <a href=\"http:\/\/www.yelp.com\/user_details?userid=MFsoomxJ9wmWksnuhEbsWQ\" target=\"_blank\" rel=\"noopener\">Yelp<\/a> <\/li>\n<li> \"<em>Ke\u010f zva\u017eujem svoje mo\u017enosti Upack vs. Uhaul s autodopravou, Upack je bezpochyby najlep\u0161ia cesta.\"<\/em> - Lee prostredn\u00edctvom <a href=\"http:\/\/www.mymovingreviews.com\/movers\/u-pack-2041#54792\" target=\"_blank\" rel=\"noopener\">MyMovingReviews.com<\/a><\/li>\n<li> \"<em>Ve\u013ek\u00e1 celkov\u00e1 spokojnos\u0165 z\u00e1kazn\u00edkov spolu s najlep\u0161ou cenou, v\u010dasnos\u0165ou a profesionalitou.\"<\/em> - B Anderson prostredn\u00edctvom <a href=\"https:\/\/www.trustpilot.com\/users\/563a175f0000ff0001e81099\" target=\"_blank\" rel=\"noopener\">Trustpilot<\/a> <\/li>\n<li> \"<em>Najlep\u0161ie <a href=\"https:\/\/moverdb.com\/sk\/moving-companies\/\" data-internallinksmanager029f6b8e52c=\"79\" title=\"Top 25 medzin\u00e1rodn\u00fdch s\u0165ahovac\u00edch spolo\u010dnost\u00ed online\">s\u0165ahovacia spolo\u010dnos\u0165<\/a> Odpor\u00fa\u010dam ka\u017ed\u00e9mu.\"<\/em> - Beatrice F prostredn\u00edctvom <a href=\"https:\/\/www.sitejabber.com\/reviews\/www.upack.com#6\" target=\"_blank\" rel=\"noopener\">SiteJabber<\/a> <\/li>\n<\/ul>\n<p><strong>Negat\u00edvne<\/strong><\/p>\n<ul>\n<li> \"<em>Nepou\u017e\u00edvajte t\u00fato spolo\u010dnos\u0165. Budete to \u013eutova\u0165. Najhor\u0161ia chyba, ktor\u00fa som urobil. St\u00e1lo ma to viac pe\u0148az\u00ed, ako som mal u\u0161etri\u0165.\"<\/em> - Christina prostredn\u00edctvom <a href=\"http:\/\/www.yelp.com\/user_details?userid=h6i4pikiNvzwmw8VvAOvrw\" target=\"_blank\" rel=\"noopener\">Yelp<\/a> <\/li>\n<li> \"<em>Cel\u00fd \u017eivot sme sa s\u0165ahovali po Spojen\u00fdch \u0161t\u00e1toch. Ke\u010f sme si i\u0161li vyzdvihn\u00fa\u0165 na\u0161e veci, bolo toho to\u013eko po\u0161koden\u00e9ho, a\u017e to bolo neskuto\u010dn\u00e9.\"<\/em> - Sarah prostredn\u00edctvom <a href=\"http:\/\/www.mymovingreviews.com\/movers\/u-pack-2041#54608\" target=\"_blank\" rel=\"noopener\">MyMovingReviews.com<\/a> <\/li>\n<li> \"<em>N\u00e1kladn\u00e9 auto malo pr\u00eds\u0165 od 14:00 do 18:00. Najali sme si s\u0165ahov\u00e1kov na pomoc o 17:00. N\u00e1kladn\u00e9 auto sa neuk\u00e1zalo o 18.00 hod.\" <\/em> - Cliff Gragg prostredn\u00edctvom <a href=\"https:\/\/www.trustpilot.com\/users\/561008750000ff0001e06238\" target=\"_blank\" rel=\"noopener\">TrustPilot<\/a> <\/li>\n<li> \"<em>Neprofesion\u00e1lne. St\u00e1le sme uprostred s\u0165ahovania s U-Pack.\"<\/em> - Karen W prostredn\u00edctvom <a href=\"https:\/\/www.sitejabber.com\/reviews\/www.upack.com#5\" target=\"_blank\" rel=\"noopener\">SiteJabber<\/a> <\/li>\n<\/ul>\n<div itemprop=\"review\" itemscope itemtype=\"http:\/\/schema.org\/Review\">\n<span itemprop=\"author\" itemscope=\"\" itemtype=\"http:\/\/schema.org\/Organization\"><span itemprop=\"name\">MoverDB.com<\/span><\/span> Online preh\u013ead webov\u00fdch str\u00e1nok pre <span itemprop=\"itemreviewed\" itemscope=\"\" itemtype=\"http:\/\/schema.org\/Brand\"><span itemprop=\"name\">U-Pack s\u0165ahovanie<\/span><\/span>:<\/p>\n<ol>\n<li> Jasn\u00e9 kontaktn\u00e9 \u00fadaje na webovej str\u00e1nke (vr\u00e1tane telef\u00f3nneho \u010d\u00edsla): <strong>\u00c1no<\/strong><\/li>\n<li> Jednoduch\u00e9 z\u00edskanie <a href=\"https:\/\/moverdb.com\/sk\/citaty\/\">medzin\u00e1rodn\u00e9 s\u0165ahovanie cit\u00e1cie<\/a>? (Online formul\u00e1r \u017eiadosti o odhad): <strong>\u00c1no<\/strong><\/li>\n<li> Jasn\u00e9 inform\u00e1cie na webovej str\u00e1nke: <strong>\u00c1no,<\/strong> Webov\u00e1 str\u00e1nka poskytuje vynikaj\u00faci preh\u013ead o v\u0161etkom, \u010do spolo\u010dnos\u0165 pon\u00faka.<\/li>\n<li> \u010dlenstvo v medzin\u00e1rodn\u00fdch uzn\u00e1van\u00fdch organiz\u00e1ci\u00e1ch pohybliv\u00fdch zvierat: <strong>\u00c1no<\/strong>, pozri vy\u0161\u0161ie<\/li>\n<li> Zoznam klientov a\/alebo referencie predch\u00e1dzaj\u00facich z\u00e1kazn\u00edkov: <strong>\u00c1no,<\/strong> Na str\u00e1nke je ve\u013ea recenzi\u00ed z\u00e1kazn\u00edkov.<\/li>\n<\/ol>\n<div itemprop=\"reviewRating\" itemscope itemtype=\"http:\/\/schema.org\/Rating\"><meta itemprop=\"worstRating\" content = \"0\" \/><meta itemprop=\"bestRating\" content=\"5\" \/><meta itemprop=\"ratingValue\" content=\"5\"><\/div>\n<p><strong>Celkov\u00e9 hodnotenie: 5\/5<\/strong><br \/>\n<strong>D\u00e1tum recenzie:<\/strong> <span itemprop=\"datePublished\" content=\"2016-07-25\">25\/07\/2016<\/span>\n<\/div>\n<p>Pre\u010d\u00edtajte si viac o \u010fal\u0161\u00edch <a href=\"https:\/\/moverdb.com\/sk\/stahovacie-spolocnosti\/\">medzin\u00e1rodn\u00e9 s\u0165ahovacie spolo\u010dnosti<\/a>, <a href=\"https:\/\/moverdb.com\/sk\/us-kanada-stehovaci\/\">USA pohybuj\u00face sa spolo\u010dnosti<\/a> a na\u0161e <a href=\"https:\/\/moverdb.com\/sk\/recenzie\/\">vysvetlenie procesu presk\u00famania<\/a>.<\/p>\n<p><strong>Webov\u00e1 lokalita:<\/strong> <a href=\"http:\/\/www.upack.com\" target=\"_blank\" rel=\"noopener\">http:\/\/www.upack.com<\/a><\/p>","protected":false},"excerpt":{"rendered":"<p>ABF U-Pack Moving offers its customers a variety of services for moving and self-packing and unpacking within the US, Canada and Puerto Rico. These services are listed below, together with a company profile and reviews. Types of Moves on Offer Cross-country moving Long distance moving &#8211; US, Canada, Puerto Rico Door to door moving Self-moving [&hellip;]<\/p>\n","protected":false},"author":1,"featured_media":0,"parent":0,"menu_order":0,"comment_status":"closed","ping_status":"closed","template":"","meta":{"_genesis_hide_title":false,"_genesis_hide_breadcrumbs":false,"_genesis_hide_singular_image":false,"_genesis_hide_footer_widgets":false,"_genesis_custom_body_class":"","_genesis_custom_post_class":"","_genesis_layout":"","footnotes":""},"class_list":{"0":"post-1061","1":"page","2":"type-page","3":"status-publish","5":"entry"},"_links":{"self":[{"href":"https:\/\/moverdb.com\/sk\/wp-json\/wp\/v2\/pages\/1061","targetHints":{"allow":["GET"]}}],"collection":[{"href":"https:\/\/moverdb.com\/sk\/wp-json\/wp\/v2\/pages"}],"about":[{"href":"https:\/\/moverdb.com\/sk\/wp-json\/wp\/v2\/types\/page"}],"author":[{"embeddable":true,"href":"https:\/\/moverdb.com\/sk\/wp-json\/wp\/v2\/users\/1"}],"replies":[{"embeddable":true,"href":"https:\/\/moverdb.com\/sk\/wp-json\/wp\/v2\/comments?post=1061"}],"version-history":[{"count":6,"href":"https:\/\/moverdb.com\/sk\/wp-json\/wp\/v2\/pages\/1061\/revisions"}],"predecessor-version":[{"id":6248,"href":"https:\/\/moverdb.com\/sk\/wp-json\/wp\/v2\/pages\/1061\/revisions\/6248"}],"wp:attachment":[{"href":"https:\/\/moverdb.com\/sk\/wp-json\/wp\/v2\/media?parent=1061"}],"curies":[{"name":"wp","href":"https:\/\/api.w.org\/{rel}","templated":true}]}}