{"id":1060,"date":"2016-08-21T20:38:32","date_gmt":"2016-08-21T20:38:32","guid":{"rendered":"http:\/\/moverdb.com\/?page_id=1060"},"modified":"2026-01-08T15:20:47","modified_gmt":"2026-01-08T15:20:47","slug":"suddath","status":"publish","type":"page","link":"https:\/\/moverdb.com\/sk\/suddath\/","title":{"rendered":"Suddath: Medzin\u00e1rodn\u00e9 s\u0165ahovanie a relok\u00e1cie Recenzie"},"content":{"rendered":"<p>Spolo\u010dnos\u0165 Suddath pon\u00faka svojim klientom komplexn\u00e9 slu\u017eby v oblasti s\u0165ahovania a skladovania na medzin\u00e1rodnej aj miestnej \u00farovni. Tieto slu\u017eby s\u00fa uveden\u00e9 ni\u017e\u0161ie spolu s profilom spolo\u010dnosti a recenziami.<\/p>\n<p><strong>Medzin\u00e1rodn\u00e9 s\u0165ahovanie a skladovanie<\/strong><\/p>\n<ul>\n<li> Preprava tovaru pre dom\u00e1cnos\u0165<\/li>\n<li> Pridelen\u00fd poradca pre s\u0165ahovanie<\/li>\n<li> S\u00faprava pred s\u0165ahovan\u00edm<\/li>\n<li> Coln\u00e9 inform\u00e1cie a poradenstvo<\/li>\n<li> Inform\u00e1cie o mieste ur\u010denia<\/li>\n<li> Skladovacie zariadenia<\/li>\n<li> Oce\u0148ovanie alebo poistn\u00e9 poradenstvo<\/li>\n<\/ul>\n<p><strong>Riadenie politiky a programu premiest\u0148ovania podnikov<\/strong><\/p>\n<ul>\n<li> Rev\u00edzia a\/alebo vypracovanie politiky premiest\u0148ovania<\/li>\n<li> Spr\u00e1va politiky<\/li>\n<li> \u0160pecializovan\u00fd, sk\u00fasen\u00fd t\u00edm pre spr\u00e1vu \u00fa\u010dtov<\/li>\n<li> Program zabezpe\u010denia kvality s merate\u013en\u00fdmi ukazovate\u013emi<\/li>\n<li> Online pr\u00edstup alebo vykazovanie a sledovanie z\u00e1sielok<\/li>\n<\/ul>\n<p><strong>Ostatn\u00e9 slu\u017eby glob\u00e1lnej mobility<\/strong><\/p>\n<ul>\n<li> Glob\u00e1lne porovn\u00e1vanie, presk\u00famanie a rozvoj politiky<\/li>\n<li> Slu\u017eby spojen\u00e9 s odchodom a predajom domov<\/li>\n<li> Progn\u00f3zy n\u00e1kladov<\/li>\n<li> Hodnotenie kandid\u00e1tov<\/li>\n<li> Da\u0148ov\u00e9 a soci\u00e1lne poradenstvo<\/li>\n<li> Priebe\u017en\u00e9 slu\u017eby priradenia<\/li>\n<li> V\u00fdlet pred pridelen\u00edm<\/li>\n<li> Medzikult\u00farna, obchodn\u00e1 a jazykov\u00e1 pr\u00edprava<\/li>\n<li> L\u00edzing alebo financovanie automobilov<\/li>\n<li> Vyh\u013ead\u00e1vanie v \u0161kol\u00e1ch<\/li>\n<li> Repatria\u010dn\u00fd program<\/li>\n<\/ul>\n<p><strong>Celosvetov\u00e9 vl\u00e1dne s\u0165ahovanie a skladovanie<\/strong><\/p>\n<ul>\n<li> Komplexn\u00e9 slu\u017eby pre vl\u00e1du a arm\u00e1du<\/li>\n<\/ul>\n<p><strong><a href=\"https:\/\/moverdb.com\/sk\/moving-to-the-united-states\/\" data-internallinksmanager029f6b8e52c=\"94\" title=\"S\u0165ahujete sa do Spojen\u00fdch \u0161t\u00e1tov? 2022 \u017divotn\u00e9 n\u00e1klady a tipy na pres\u0165ahovanie\">US<\/a> S\u0165ahovanie a skladovanie obytn\u00fdch priestorov<\/strong><\/p>\n<p><strong>Premiestnenie spolo\u010dnosti<\/strong><\/p>\n<ul>\n<li> Pos\u00fadenie a konzult\u00e1cie o politike presunu<\/li>\n<li> Riadenie presunu<\/li>\n<li> Presuny skupiny<\/li>\n<li> Jednotn\u00e9 kontaktn\u00e9 miesto<\/li>\n<li> Preprava tovaru pre dom\u00e1cnos\u0165<\/li>\n<li> Ostatn\u00e9 slu\u017eby s\u00favisiace s pres\u0165ahovan\u00edm (vr\u00e1tane slu\u017eieb s\u00favisiacich s nehnute\u013enos\u0165ami, hypot\u00e9k, vyh\u013ead\u00e1vania domov, slu\u017eieb v destin\u00e1cii)<\/li>\n<\/ul>\n<p><strong>Reziden\u010dn\u00e9, s\u00fakromn\u00e9 s\u0165ahovanie<\/strong><\/p>\n<ul>\n<li> Odhad pred s\u0165ahovan\u00edm<\/li>\n<li> Vyhraden\u00fd koordin\u00e1tor s\u0165ahovania<\/li>\n<li> Baliace slu\u017eby (v mieste p\u00f4vodu a v mieste ur\u010denia)<\/li>\n<li> Baliace potreby<\/li>\n<li> Sledovanie z\u00e1sielok<\/li>\n<li> Slu\u017eby skladovania<\/li>\n<li> Slu\u017eby s\u00favisiace s pres\u0165ahovan\u00edm a nehnute\u013enos\u0165ami<\/li>\n<\/ul>\n<h2>Profil spolo\u010dnosti Suddath<\/h2>\n<p>Suddath, Suddath Van Lines a Suddath Relocations Systems s\u00fa rodinou spolo\u010dnost\u00ed, ktor\u00e1 vznikla v roku 1919 v Jacksonville, <a href=\"https:\/\/moverdb.com\/sk\/moving-to-the-united-states\/moving-to-florida\/\" data-internallinksmanager029f6b8e52c=\"331\" title=\"S\u0165ahovanie na Floridu? 2026 N\u00e1klady na b\u00fdvanie a tipy na pres\u0165ahovanie\">Florida<\/a> Carl Suddath, ktor\u00fd zalo\u017eil spolo\u010dnos\u0165 s jednou dod\u00e1vkou, dvoma mulami a dvoma z\u00e1jazdov\u00fdmi autami, aby poskytoval slu\u017eby nov\u00e9mu filmov\u00e9mu priemyslu. V s\u00fa\u010dasnosti maj\u00fa pobo\u010dky v USA a <a href=\"https:\/\/moverdb.com\/sk\/moving-to-canada\/\" data-internallinksmanager029f6b8e52c=\"265\" title=\"S\u0165ahovanie do Kanady? 2026 N\u00e1klady na b\u00fdvanie a tipy na pres\u0165ahovanie\">Kanada<\/a> a rozsiahlu sie\u0165 agentov po celom svete.<\/p>\n<p>Spolo\u010dnos\u0165 Suddath ro\u010dne realizuje viac ako 75 000 medzin\u00e1rodn\u00fdch a miestnych s\u0165ahovan\u00ed pre jednotlivcov, firmy, \u0161t\u00e1tnu spr\u00e1vu a arm\u00e1du. <\/p>\n<p>M\u00f4\u017eu sa pochv\u00e1li\u0165 t\u00fdm, \u017ee medzi ich hlavn\u00fdch klientov patria niektor\u00e9 spolo\u010dnosti z rebr\u00ed\u010dka Fortune 500, ako aj vl\u00e1da USA. Suddath poskytuje kompletn\u00e9 slu\u017eby od prvej ponuky a\u017e po vybalenie a s\u0165ahovacie slu\u017eby.<\/p>\n<p>Suddath m\u00e1 tieto akredit\u00e1cie a afili\u00e1cie:<\/p>\n<ul>\n<li> <a href=\"https:\/\/moverdb.com\/sk\/fidi-faim\/\">FIDI<\/a><\/li>\n<li> Overseas Moving Network International (OMNI)<\/li>\n<li> <a href=\"https:\/\/moverdb.com\/sk\/som\/\">Medzin\u00e1rodn\u00e1 asoci\u00e1cia s\u0165ahovate\u013eov<\/a> (<a href=\"https:\/\/moverdb.com\/sk\/iam\/\" data-internallinksmanager029f6b8e52c=\"23\" title=\"Vysvetlenie Medzin\u00e1rodnej asoci\u00e1cie s\u0165ahovate\u013eov (IAM)\">IAM<\/a>)<\/li>\n<li> <a href=\"https:\/\/moverdb.com\/sk\/lacma\/\" target=\"_blank\" rel=\"noopener\">Zdru\u017eenie medzin\u00e1rodn\u00fdch prepravcov z Latinskej Ameriky a Karibiku<\/a> (<a href=\"https:\/\/moverdb.com\/sk\/lacma\/\" data-internallinksmanager029f6b8e52c=\"28\" title=\"Zdru\u017eenie medzin\u00e1rodn\u00fdch prepravcov z Latinskej Ameriky a Karibiku (LACMA)\">LACMA<\/a>)<\/li>\n<li> Panamerick\u00e1 asoci\u00e1cia medzin\u00e1rodn\u00fdch s\u0165ahovate\u013eov (PAIMA)<\/li>\n<li> <a href=\"https:\/\/moverdb.com\/sk\/britska-asociacia-vyrobcov\/\" target=\"_blank\" rel=\"noopener\">Britsk\u00e1 asoci\u00e1cia s\u0165ahova\u010dov<\/a> (<a href=\"https:\/\/moverdb.com\/sk\/british-association-of-removers\/\" data-internallinksmanager029f6b8e52c=\"9\" title=\"Vysvetlenie Britskej asoci\u00e1cie s\u0165ahovate\u013eov (BAR)\">BAR<\/a>)<\/li>\n<li> <a href=\"https:\/\/moverdb.com\/sk\/rada-pre-premiestnovanie-zamestnancov\/\" target=\"_blank\" rel=\"noopener\">Celosvetov\u00e1 ERC<\/a><\/li>\n<li> Spolo\u010dnos\u0165 pre riadenie \u013eudsk\u00fdch zdrojov (SHRM)<\/li>\n<li> Obchodn\u00e9 partnerstvo z\u00e1kazn\u00edkov proti terorizmu (C-TPAT)<\/li>\n<li> <a href=\"https:\/\/moverdb.com\/sk\/iata\/\" target=\"_blank\" rel=\"noopener\">IATA<\/a><\/li>\n<li> Better Business Bureau (BBB)<\/li>\n<li> ISO 9001-2008<\/li>\n<li> Glob\u00e1lne slu\u017eby premiest\u0148ovania spolo\u010dnosti Brookfield<\/li>\n<li> <a href=\"https:\/\/moverdb.com\/sk\/fidi-faim\/\" data-internallinksmanager029f6b8e52c=\"16\" title=\"Vysvetlenie FIDI a FAIM (FIDI akreditovan\u00fd medzin\u00e1rodn\u00fd prepravca)\">FAIM<\/a> Plus<\/li>\n<li> Certifikovan\u00fd kancel\u00e1rsky s\u0165ahov\u00e1k - Medzin\u00e1rodn\u00fd in\u0161tit\u00fat pre s\u0165ahovanie kancel\u00e1ri\u00ed<\/li>\n<li> <a href=\"https:\/\/moverdb.com\/sk\/obruc-promover\/\" target=\"_blank\" rel=\"noopener\">ProMover<\/a><\/li>\n<li> Spr\u00e1va v\u0161eobecn\u00fdch slu\u017eieb (GSA)<\/li>\n<\/ul>\n<p><strong>Suddath Moving Recenzie<\/strong><\/p>\n<p><strong>Pozit\u00edvne:<\/strong><\/p>\n<ul>\n<li> <em>\"Pomohli mi v ka\u017edom kroku s\u0165ahovania.\"<\/em> - Alan H prostredn\u00edctvom <a href=\"http:\/\/www.yelp.com\/biz\/suddath-relocation-systems-jacksonville-3?hrid=aZPhVuYjTxAl3ImKZTmp1A&#038;utm_campaign=www_review_share_popup&#038;utm_medium=copy_link&#038;utm_source=(direct)\" target=\"_blank\" rel=\"noopener\">Yelp<\/a><\/li>\n<li> <em>\"Suddath odviedol vynikaj\u00facu pr\u00e1cu od za\u010diatku a\u017e do konca - od kontaktu, cez prieskum, nakladanie a\u017e po vykladanie, a to pod\u013ea pl\u00e1nu. Osobitn\u00e9 po\u010fakovanie patr\u00ed 4 chlapom a vodi\u010dovi, ktor\u00ed robia \u0165a\u017ek\u00fa pr\u00e1cu.\"<\/em> - Wayne Ernest prostredn\u00edctvom <a href=\"http:\/\/reviews.birdeye.com\/suddath-relocation-systems-388913888\" target=\"_blank\" rel=\"noopener\">BirdEye<\/a> <\/li>\n<\/ul>\n<p><strong>Negat\u00edvne:<\/strong><\/p>\n<ul>\n<li> <em>\"Po nieko\u013ek\u00fdch e-mailoch mi jemn\u00ed \u013eudia v Suddath pon\u00fakli $2,350 za moje ch\u00fdbaj\u00face polo\u017eky v hodnote $7,500.\" <\/em>Aaron C prostredn\u00edctvom <a href=\"http:\/\/www.yelp.com\/biz\/suddath-relocation-systems-jacksonville-3?hrid=NyswOKGKwwPmsuorvGtzew&#038;utm_campaign=www_review_share_popup&#038;utm_medium=copy_link&#038;utm_source=(direct)\" target=\"_blank\" rel=\"noopener\">Yelp<\/a> <\/li>\n<li> \"Za posledn\u00fdch 15 rokov som sa nieko\u013ekokr\u00e1t s\u0165ahoval a toto bolo absol\u00fatne najhor\u0161ie <a href=\"https:\/\/moverdb.com\/sk\/moving-companies\/\" data-internallinksmanager029f6b8e52c=\"79\" title=\"Top 25 medzin\u00e1rodn\u00fdch s\u0165ahovac\u00edch spolo\u010dnost\u00ed online\">s\u0165ahovacia spolo\u010dnos\u0165<\/a> s akou som sa kedy stretol.\" - Peter Burgess prostredn\u00edctvom <a href=\"http:\/\/www.mymovingreviews.com\/movers\/suddath-120#26803\" target=\"_blank\" rel=\"noopener\">MyMovingReviews.com<\/a><\/li>\n<\/ul>\n<div itemprop=\"review\" itemscope itemtype=\"http:\/\/schema.org\/Review\">\n<span itemprop=\"author\" itemscope=\"\" itemtype=\"http:\/\/schema.org\/Organization\"><span itemprop=\"name\">MoverDB.com<\/span><\/span> Online preh\u013ead webov\u00fdch str\u00e1nok pre <span itemprop=\"itemreviewed\" itemscope=\"\" itemtype=\"http:\/\/schema.org\/Brand\"><span itemprop=\"name\">Suddath<\/span><\/span>:<\/p>\n<ol>\n<li> Jasn\u00e9 kontaktn\u00e9 \u00fadaje na webovej str\u00e1nke (vr\u00e1tane telef\u00f3nneho \u010d\u00edsla): <strong>\u00c1no<\/strong><\/li>\n<li> Jednoduch\u00e9 z\u00edskanie <a href=\"https:\/\/moverdb.com\/sk\/citaty\/\">medzin\u00e1rodn\u00e9 s\u0165ahovanie cit\u00e1cie<\/a>? (Online formul\u00e1r \u017eiadosti o odhad): <strong>\u00c1no<\/strong><\/li>\n<li> Jasn\u00e9 inform\u00e1cie na webovej str\u00e1nke: <strong>\u010ciasto\u010dn\u00e9<\/strong>, Webov\u00e1 str\u00e1nka obsahuje mnoho str\u00e1nok, ale v\u00e4\u010d\u0161ina inform\u00e1ci\u00ed je sk\u00f4r v\u0161eobecn\u00e1.<\/li>\n<li> \u010dlenstvo v medzin\u00e1rodn\u00fdch uzn\u00e1van\u00fdch organiz\u00e1ci\u00e1ch pohybliv\u00fdch zvierat: <strong>\u00c1no<\/strong>, mnoh\u00e9, pozri vy\u0161\u0161ie<\/li>\n<li> Zoznam klientov a\/alebo referencie predch\u00e1dzaj\u00facich z\u00e1kazn\u00edkov: <strong>Niektor\u00e9,<\/strong> obsahuje pr\u00edpadov\u00e9 \u0161t\u00fadie, ale nie podrobn\u00e9 recenzie alebo posudky.<\/li>\n<\/ol>\n<div itemprop=\"reviewRating\" itemscope itemtype=\"http:\/\/schema.org\/Rating\"><meta itemprop=\"worstRating\" content = \"0\" \/><meta itemprop=\"bestRating\" content=\"5\" \/><meta itemprop=\"ratingValue\" content=\"4\"><\/div>\n<p><strong>Celkov\u00e9 hodnotenie: 4\/5<\/strong><br \/>\n<strong>D\u00e1tum recenzie:<\/strong> <span itemprop=\"datePublished\" content=\"2016-08-21\">21\/08\/2016<\/span>\n<\/div>\n<p>Pre\u010d\u00edtajte si viac o <a href=\"https:\/\/moverdb.com\/sk\/stahovacie-spolocnosti\/\">medzin\u00e1rodn\u00ed s\u0165ahov\u00e1ci<\/a>, <a href=\"https:\/\/moverdb.com\/sk\/us-kanada-stehovaci\/\">Severoamerick\u00ed s\u0165ahov\u00e1ci<\/a> a na\u0161e <a href=\"https:\/\/moverdb.com\/sk\/recenzie\/\">proces presk\u00famania<\/a>.<\/p>\n<p><strong>Webov\u00e1 lokalita:<\/strong> <a href=\"http:\/\/suddath.com\" target=\"_blank\" rel=\"noopener\">http:\/\/suddath.com<\/a><\/p>","protected":false},"excerpt":{"rendered":"<p>Suddath offers its clients full service moving and storage both internationally and locally. These are listed below, together with a company profile and reviews. International Moving and Storage Shipment of household goods Assigned move counsellor Pre-move kit Customs information and counselling Destination information Storage facilities Valuation or insurance counselling Corporate relocation policy and program management [&hellip;]<\/p>\n","protected":false},"author":1,"featured_media":0,"parent":0,"menu_order":0,"comment_status":"closed","ping_status":"closed","template":"","meta":{"_genesis_hide_title":false,"_genesis_hide_breadcrumbs":false,"_genesis_hide_singular_image":false,"_genesis_hide_footer_widgets":false,"_genesis_custom_body_class":"","_genesis_custom_post_class":"","_genesis_layout":"","footnotes":""},"class_list":{"0":"post-1060","1":"page","2":"type-page","3":"status-publish","5":"entry"},"_links":{"self":[{"href":"https:\/\/moverdb.com\/sk\/wp-json\/wp\/v2\/pages\/1060","targetHints":{"allow":["GET"]}}],"collection":[{"href":"https:\/\/moverdb.com\/sk\/wp-json\/wp\/v2\/pages"}],"about":[{"href":"https:\/\/moverdb.com\/sk\/wp-json\/wp\/v2\/types\/page"}],"author":[{"embeddable":true,"href":"https:\/\/moverdb.com\/sk\/wp-json\/wp\/v2\/users\/1"}],"replies":[{"embeddable":true,"href":"https:\/\/moverdb.com\/sk\/wp-json\/wp\/v2\/comments?post=1060"}],"version-history":[{"count":6,"href":"https:\/\/moverdb.com\/sk\/wp-json\/wp\/v2\/pages\/1060\/revisions"}],"predecessor-version":[{"id":6242,"href":"https:\/\/moverdb.com\/sk\/wp-json\/wp\/v2\/pages\/1060\/revisions\/6242"}],"wp:attachment":[{"href":"https:\/\/moverdb.com\/sk\/wp-json\/wp\/v2\/media?parent=1060"}],"curies":[{"name":"wp","href":"https:\/\/api.w.org\/{rel}","templated":true}]}}