{"id":1058,"date":"2016-07-25T21:05:23","date_gmt":"2016-07-25T21:05:23","guid":{"rendered":"http:\/\/moverdb.com\/?page_id=1058"},"modified":"2026-01-08T14:40:09","modified_gmt":"2026-01-08T14:40:09","slug":"mayflower-transit","status":"publish","type":"page","link":"https:\/\/moverdb.com\/sk\/mayflower-transit\/","title":{"rendered":"Mayflower Transit: Medzin\u00e1rodn\u00e9 s\u0165ahovacie slu\u017eby a recenzie"},"content":{"rendered":"<p>Spolo\u010dnos\u0165 Mayflower Transit pon\u00faka svojim z\u00e1kazn\u00edkom cel\u00fd rad vn\u00fatro\u0161t\u00e1tnych a medzin\u00e1rodn\u00fdch s\u0165ahovac\u00edch slu\u017eieb, ktor\u00e9 s\u00fa uveden\u00e9 ni\u017e\u0161ie. Nasleduje aj profil spolo\u010dnosti a recenzie.<\/p>\n<p><strong>Medzin\u00e1rodn\u00e9 s\u0165ahovavce<\/strong><\/p>\n<p>Slu\u017eby pred pridelen\u00edm<\/p>\n<ul>\n<li> V\u00edzov\u00e9 a imigra\u010dn\u00e9 slu\u017eby<\/li>\n<li> Prehliadka v\u00fdletu a orient\u00e1cia v oblasti<\/li>\n<li> Inform\u00e1cie o krajine a kult\u00fare<\/li>\n<\/ul>\n<p>S\u0165ahovacie slu\u017eby<\/p>\n<ul>\n<li> Pl\u00e1novanie pred s\u0165ahovan\u00edm<\/li>\n<li> Preprava vec\u00ed<\/li>\n<li> Riadenie presunu<\/li>\n<li> Sledovanie z\u00e1sielok<\/li>\n<\/ul>\n<p>Medzin\u00e1rodn\u00e9 destina\u010dn\u00e9 slu\u017eby<\/p>\n<ul>\n<li> Kult\u00farna a jazykov\u00e1 pr\u00edprava<\/li>\n<li> Pomoc \u0161kole<\/li>\n<li> Podpora partnera\/man\u017eela<\/li>\n<li> Usadenie sa v slu\u017ebe<\/li>\n<li> Pomoc pri odchode<\/li>\n<\/ul>\n<p>Ochrann\u00e9 slu\u017eby<\/p>\n<ul>\n<li> N\u00e1sobite\u013e hmotnosti<\/li>\n<li> Z\u00e1soby vysokej hodnoty<\/li>\n<li> Inventariz\u00e1cia s uveden\u00edm hodnoty v polo\u017ek\u00e1ch<\/li>\n<\/ul>\n<p>Pomoc pri b\u00fdvan\u00ed<\/p>\n<ul>\n<li> Slu\u017eby vyh\u013ead\u00e1vania domov<\/li>\n<li> Do\u010dasn\u00e9 ubytovanie<\/li>\n<li> Spr\u00e1va nehnute\u013enost\u00ed a n\u00e1jomn\u00fdch zml\u00fav<\/li>\n<\/ul>\n<p><strong><a href=\"https:\/\/moverdb.com\/sk\/moving-to-canada\/\" data-internallinksmanager029f6b8e52c=\"265\" title=\"S\u0165ahovanie do Kanady? 2026 N\u00e1klady na b\u00fdvanie a tipy na pres\u0165ahovanie\">S\u0165ahovanie do Kanady<\/a><\/strong><\/p>\n<ul>\n<li> Po\u017eadovan\u00e1 dokument\u00e1cia a predpisy<\/li>\n<li> Inform\u00e1cie o preprave vec\u00ed<\/li>\n<li> Inform\u00e1cie o <a href=\"https:\/\/moverdb.com\/sk\/automobilova-doprava-a-preprava\/\">prepravn\u00e9 vozidl\u00e1<\/a><\/li>\n<\/ul>\n<p><strong>Typy pohybov<\/strong><\/p>\n<ul>\n<li> S\u0165ahovanie dom\u00e1cnost\u00ed - na kr\u00e1tke a dlh\u00e9 vzdialenosti<\/li>\n<li> Miestni s\u0165ahov\u00e1ci<\/li>\n<li> Podnikov\u00ed s\u0165ahov\u00e1ci<\/li>\n<li> Vojensk\u00e9 a vl\u00e1dne s\u0165ahovacie slu\u017eby<\/li>\n<li> <a href=\"https:\/\/moverdb.com\/sk\/stahovacie-spolocnosti\/\" target=\"_blank\" rel=\"noopener\">Medzin\u00e1rodn\u00ed s\u0165ahov\u00e1ci<\/a><\/li>\n<\/ul>\n<p><strong>S\u0165ahovacie slu\u017eby<\/strong><\/p>\n<ul>\n<li> Balenie a vyba\u013eovanie<\/li>\n<li> Ochrana pri pohybe<\/li>\n<li> Automobilov\u00e1 preprava<\/li>\n<li> \u00dalo\u017eisko<\/li>\n<li> Upratovacie slu\u017eby<\/li>\n<li> Zber odpadu<\/li>\n<li> In\u0161tal\u00e1cia syst\u00e9mu dom\u00e1ceho kina a\/alebo po\u010d\u00edta\u010dov<\/li>\n<li> Z\u00e1hradn\u00edcke slu\u017eby<\/li>\n<li> Realitn\u00e9 slu\u017eby<\/li>\n<\/ul>\n<h2>Profil spolo\u010dnosti Mayflower Transit<\/h2>\n<p>Spolo\u010dnos\u0165 Mayflower Transit zalo\u017eili v roku 1927 Conrad M. Gentry a Don F. Kenworthy v Indianapolise. Zakladaj\u00faci \u010dlenovia chceli poskytn\u00fa\u0165 \u013eu\u010fom alternat\u00edvu k preprave ich vec\u00ed po \u017eeleznici. <\/p>\n<p>Do konca druhej svetovej vojny sa spolo\u010dnos\u0165 roz\u0161\u00edrila a za\u010dala poskytova\u0165 slu\u017eby, ako je s\u0165ahovanie zamestnancov spolo\u010dnosti, s\u0165ahovanie a organizovanie ve\u013etrhov. <\/p>\n<p>V roku 1995 sa spolo\u010dnos\u0165 Mayflower Transit pripojila k skupine UniGroup, ktor\u00e1 je <strong>$1,7 miliardy<\/strong> spolo\u010dnos\u0165, ktor\u00e1 pon\u00faka s\u0165ahovanie, prepravu a skladovanie po celom svete. Mayflower Transit pon\u00faka \u0161irok\u00fa \u0161k\u00e1lu slu\u017eieb od s\u0165ahovania a skladovania \"urob si s\u00e1m\" a\u017e po kompletn\u00fd servis na mieru. <\/p>\n<p><strong>Pr\u00edslu\u0161nos\u0165 a akredit\u00e1cie spolo\u010dnosti Mayflower Transit:<\/strong><\/p>\n<ul>\n<li> N\u00e1rodn\u00e9 zabezpe\u010denie kvality <a href=\"https:\/\/moverdb.com\/sk\/moving-to-the-united-states\/\" data-internallinksmanager029f6b8e52c=\"94\" title=\"S\u0165ahujete sa do Spojen\u00fdch \u0161t\u00e1tov? 2022 \u017divotn\u00e9 n\u00e1klady a tipy na pres\u0165ahovanie\">USA<\/a> (NQA) ISO 9001:2008<\/li>\n<li> <a href=\"https:\/\/moverdb.com\/sk\/amsa\/\">Americk\u00e1 asoci\u00e1cia pre s\u0165ahovanie a skladovanie<\/a> (<a href=\"https:\/\/moverdb.com\/sk\/amsa\/\" data-internallinksmanager029f6b8e52c=\"5\" title=\"Vysvetlenie Americkej asoci\u00e1cie pre s\u0165ahovanie a skladovanie (AMSA)\">AMSA<\/a>) - <a href=\"https:\/\/moverdb.com\/sk\/obruc-promover\/\">ProMover<\/a><\/li>\n<\/ul>\n<h2>Mayflower Transit Recenzie<\/h2>\n<p><strong>Pozit\u00edvne:<\/strong><\/p>\n<ul>\n<li> \"<em>Pri\u0161li na\u010das, pri\u0161li na na\u0161u nov\u00fa adresu v\u010das a kone\u010dn\u00e1 cena, ktor\u00fa sme zaplatili, bola presne tak\u00e1, ak\u00fa n\u00e1m pon\u00fakli od za\u010diatku !! \"<\/em> - Paul I prostredn\u00edctvom <a href=\"http:\/\/www.mymovingreviews.com\/movers\/mayflower-movers-181#38117\" target=\"_blank\" rel=\"noopener\">MyMovingReviews.com<\/a> <\/li>\n<li> \"<em>Odviedli pre n\u00e1s vynikaj\u00facu pr\u00e1cu, nastavili postele, zmontovali n\u00e1bytok, ktor\u00fd bolo potrebn\u00e9 rozobra\u0165 na balenie. Ja aj moja man\u017eelka sme boli ve\u013emi spokojn\u00ed s t\u00fdm, ako n\u00e1s pres\u0165ahovali.\"<\/em> - Jon prostredn\u00edctvom <a href=\"https:\/\/www.consumeraffairs.com\/movers\/mayflower.html?page=3\" target=\"_blank\" rel=\"noopener\">Spotrebite\u013esk\u00e9 z\u00e1le\u017eitosti<\/a> <\/li>\n<\/ul>\n<p><strong>Negat\u00edvne:<\/strong><\/p>\n<ul>\n<li> \"<em>Keby som mohol da\u0165 0 hviezdi\u010diek, ur\u010dite by som to urobil.\"<\/em> - Bill M. prostredn\u00edctvom <a href=\"http:\/\/www.mymovingreviews.com\/movers\/mayflower-movers-181#41675\" target=\"_blank\" rel=\"noopener\">MyMovingReviews.com<\/a><\/li>\n<li> \"<em>\u0160koda, \u017ee sme si pred na\u0161\u00edm s\u0165ahovan\u00edm nepre\u010d\u00edtali recenzie. Sk\u00fasenos\u0165 bola hrozn\u00e1 od za\u010diatku do konca\" <\/em> - Alison prostredn\u00edctvom <a href=\"https:\/\/www.consumeraffairs.com\/movers\/mayflower.html?page=3\" target=\"_blank\" rel=\"noopener\">Spotrebite\u013esk\u00e9 z\u00e1le\u017eitosti<\/a><\/li>\n<\/ul>\n<div itemprop=\"review\" itemscope itemtype=\"http:\/\/schema.org\/Review\">\n<span itemprop=\"author\" itemscope=\"\" itemtype=\"http:\/\/schema.org\/Organization\"><span itemprop=\"name\">MoverDB.com<\/span><\/span> Online preh\u013ead webov\u00fdch str\u00e1nok pre <span itemprop=\"itemreviewed\" itemscope=\"\" itemtype=\"http:\/\/schema.org\/Brand\"><span itemprop=\"name\">Mayflower Transit<\/span><\/span>:<\/p>\n<ol>\n<li> Jasn\u00e9 kontaktn\u00e9 \u00fadaje na webovej str\u00e1nke (vr\u00e1tane telef\u00f3nneho \u010d\u00edsla): <strong>\u00c1no<\/strong><\/li>\n<li> Jednoduch\u00e9 z\u00edskanie <a href=\"https:\/\/moverdb.com\/sk\/citaty\/\">medzin\u00e1rodn\u00e9 s\u0165ahovanie cit\u00e1cie<\/a>? (Online formul\u00e1r \u017eiadosti o odhad): <strong>\u00c1no<\/strong><\/li>\n<li> Jasn\u00e9 inform\u00e1cie na webovej str\u00e1nke: <strong>\u00c1no.<\/strong> Webov\u00e1 str\u00e1nka obsahuje mno\u017estvo inform\u00e1ci\u00ed a \u010fal\u0161ie s\u00fa k dispoz\u00edcii pri \u017eiadosti o cenov\u00fa ponuku.<\/li>\n<li> \u010dlenstvo v medzin\u00e1rodn\u00fdch uzn\u00e1van\u00fdch organiz\u00e1ci\u00e1ch pohybliv\u00fdch zvierat: <strong>\u00c1no<\/strong>, pozri vy\u0161\u0161ie.<\/li>\n<li> Zoznam klientov a\/alebo referencie predch\u00e1dzaj\u00facich z\u00e1kazn\u00edkov: <strong>\u00c1no<\/strong>, na str\u00e1nke je ve\u013ea pozit\u00edvnych hodnoten\u00ed z\u00e1kazn\u00edkov.<\/li>\n<\/ol>\n<div itemprop=\"reviewRating\" itemscope itemtype=\"http:\/\/schema.org\/Rating\"><meta itemprop=\"worstRating\" content = \"0\" \/><meta itemprop=\"bestRating\" content=\"5\" \/><meta itemprop=\"ratingValue\" content=\"4.5\"><\/div>\n<p><strong>Celkov\u00e9 hodnotenie: 4,5\/5<\/strong><br \/>\n<strong>D\u00e1tum recenzie:<\/strong> <span itemprop=\"datePublished\" content=\"2016-07-25\">25\/07\/2016<\/span>\n<\/div>\n<p>Pre\u010d\u00edtajte si viac o <a href=\"https:\/\/moverdb.com\/sk\/stahovacie-spolocnosti\/\">medzin\u00e1rodn\u00e9 s\u0165ahovacie spolo\u010dnosti<\/a>, <a href=\"https:\/\/moverdb.com\/sk\/us-kanada-stehovaci\/\">Dom\u00e1ci s\u0165ahov\u00e1ci v USA<\/a> a dozvedie\u0165 sa viac o na\u0161ej <a href=\"https:\/\/moverdb.com\/sk\/recenzie\/\">proces presk\u00famania<\/a>.<\/p>\n<p><strong>Webov\u00e1 lokalita:<\/strong> <a href=\"http:\/\/www.mayflower.com\/\" target=\"_blank\" rel=\"noopener\">http:\/\/www.mayflower.com<\/a><\/p>","protected":false},"excerpt":{"rendered":"<p>Mayflower Transit offers its customers a range of domestic and international moving services, which are listed below. There also follows a company profile and reviews. International Movers Pre-assignment Services Visa and immigration services Preview trip and area orientation Country and culture information Moving Services Pre-move planning Transportation of belongings Managing the move Shipment tracking International [&hellip;]<\/p>\n","protected":false},"author":1,"featured_media":0,"parent":0,"menu_order":0,"comment_status":"closed","ping_status":"closed","template":"","meta":{"_genesis_hide_title":false,"_genesis_hide_breadcrumbs":false,"_genesis_hide_singular_image":false,"_genesis_hide_footer_widgets":false,"_genesis_custom_body_class":"","_genesis_custom_post_class":"","_genesis_layout":"","footnotes":""},"class_list":{"0":"post-1058","1":"page","2":"type-page","3":"status-publish","5":"entry"},"_links":{"self":[{"href":"https:\/\/moverdb.com\/sk\/wp-json\/wp\/v2\/pages\/1058","targetHints":{"allow":["GET"]}}],"collection":[{"href":"https:\/\/moverdb.com\/sk\/wp-json\/wp\/v2\/pages"}],"about":[{"href":"https:\/\/moverdb.com\/sk\/wp-json\/wp\/v2\/types\/page"}],"author":[{"embeddable":true,"href":"https:\/\/moverdb.com\/sk\/wp-json\/wp\/v2\/users\/1"}],"replies":[{"embeddable":true,"href":"https:\/\/moverdb.com\/sk\/wp-json\/wp\/v2\/comments?post=1058"}],"version-history":[{"count":7,"href":"https:\/\/moverdb.com\/sk\/wp-json\/wp\/v2\/pages\/1058\/revisions"}],"predecessor-version":[{"id":13174,"href":"https:\/\/moverdb.com\/sk\/wp-json\/wp\/v2\/pages\/1058\/revisions\/13174"}],"wp:attachment":[{"href":"https:\/\/moverdb.com\/sk\/wp-json\/wp\/v2\/media?parent=1058"}],"curies":[{"name":"wp","href":"https:\/\/api.w.org\/{rel}","templated":true}]}}