{"id":1057,"date":"2016-08-21T14:07:37","date_gmt":"2016-08-21T14:07:37","guid":{"rendered":"http:\/\/moverdb.com\/?page_id=1057"},"modified":"2026-01-08T15:20:46","modified_gmt":"2026-01-08T15:20:46","slug":"stevens-worldwide-van-lines","status":"publish","type":"page","link":"https:\/\/moverdb.com\/sk\/stevens-worldwide-van-lines\/","title":{"rendered":"Stevens Worldwide Van Lines: Medzin\u00e1rodn\u00e9 s\u0165ahovanie Recenzie"},"content":{"rendered":"<p>Spolo\u010dnos\u0165 Stevens Worldwide Van Lines s\u00eddli v meste Saginaw MI. Spolo\u010dnos\u0165 pon\u00faka svojim z\u00e1kazn\u00edkom \u0161irok\u00fa \u0161k\u00e1lu slu\u017eieb, ktor\u00e9 s\u00fa uveden\u00e9 ni\u017e\u0161ie. Nasleduje aj profil spolo\u010dnosti a recenzie.<\/p>\n<p><strong>Medzin\u00e1rodn\u00e9 s\u0165ahovanie<\/strong><\/p>\n<ul>\n<li> Osobn\u00e9 dom\u00e1cnosti pohybuj\u00face sa<\/li>\n<li> Medzin\u00e1rodn\u00e9 s\u0165ahovanie DOD<\/li>\n<li> GSA medzin\u00e1rodn\u00e9 s\u0165ahovanie<\/li>\n<li> S\u0165ahovanie firiem<\/li>\n<li> <a href=\"https:\/\/moverdb.com\/sk\/zasielatelstvo\/\">Zasielate\u013estvo<\/a><\/li>\n<li> Kompletn\u00fd servis od dver\u00ed k dver\u00e1m<\/li>\n<li> Stevens Odborn\u00edci na medzin\u00e1rodn\u00e9 s\u0165ahovanie pre ka\u017ed\u00fa krajinu.<\/li>\n<li> Pom\u00f4\u017ete ur\u010di\u0165 potreby z\u00e1kazn\u00edka<\/li>\n<li> Vysvetlite v\u0161etky dostupn\u00e9 slu\u017eby v oblasti medzin\u00e1rodn\u00e9ho s\u0165ahovania a premiest\u0148ovania, ako je balenie, s\u0165ahovanie, zasielanie, <a href=\"https:\/\/moverdb.com\/sk\/kontajnerova-preprava\/\">preprava<\/a>, skladovanie a poistenie<\/li>\n<li> Uve\u010fte povinnosti spolo\u010dnosti Stevens International a zodpovednosti z\u00e1kazn\u00edka pred, po\u010das a po premiestnen\u00ed.<\/li>\n<li> Poskytnite <a href=\"https:\/\/moverdb.com\/sk\/citaty\/\">presn\u00fd odhad<\/a><\/li>\n<li> Napl\u00e1nujte cel\u00fa logistiku s\u0165ahovania<\/li>\n<li> Vyjednajte <a href=\"https:\/\/moverdb.com\/sk\/naklady-na-stahovanie\/\">najlep\u0161ie ceny<\/a><\/li>\n<li> dohliada\u0165 na pou\u017eit\u00fdch dopravcov a agentov a monitorova\u0165 ka\u017ed\u00fa f\u00e1zu premiestnenia.<\/li>\n<li> Uistite sa, \u017ee v\u0161etka dokument\u00e1cia je vyplnen\u00e1 a predlo\u017een\u00e1 presne a na\u010das.<\/li>\n<li> zosta\u0165 zodpovedn\u00fd za servis z\u00e1sielky pod\u013ea pokynov prepravn\u00e9ho poradcu alebo zahrani\u010dn\u00e9ho z\u00e1stupcu<\/li>\n<li> vyslanie vhodn\u00e9ho materi\u00e1lu, pracovnej sily a vybavenia<\/li>\n<\/ul>\n<p><strong>Stevens International Relocation Coordinators<\/strong><\/p>\n<ul>\n<li> M\u00e1te sk\u00fasenosti v oblasti medzin\u00e1rodn\u00e9ho zasielate\u013estva a s\u0165ahovania.<\/li>\n<li> maj\u00fa viacjazy\u010dn\u00e9 funkcie<\/li>\n<li> s\u00fa obozn\u00e1men\u00ed s coln\u00fdmi predpismi a \u010fal\u0161\u00edmi d\u00f4le\u017eit\u00fdmi inform\u00e1ciami a m\u00f4\u017eu pom\u00f4c\u0165 pri manipul\u00e1cii a spracovan\u00ed dokumentov<\/li>\n<li> Zabezpe\u010denie kontroly jednej slu\u017eby<\/li>\n<li> Poskytovanie poradenstva pred pres\u0165ahovan\u00edm a priebe\u017en\u00e9ho poradenstva<\/li>\n<li> M\u00f4\u017ee pom\u00f4c\u0165 s inform\u00e1ciami o cie\u013eovej krajine a coln\u00fdch poplatkoch.<\/li>\n<li> Zabezpe\u010denie nepretr\u017eitej komunik\u00e1cie a monitorovania slu\u017eieb<\/li>\n<li> Dodr\u017eiava\u0165 jasne definovan\u00e9 postupy pr\u00edpravy a manipul\u00e1cie<\/li>\n<li> Vyu\u017e\u00edvanie komplexn\u00fdch, r\u00fdchlych a spravodliv\u00fdch postupov pri rie\u0161en\u00ed poistn\u00fdch udalost\u00ed<\/li>\n<\/ul>\n<p><strong>S\u0165ahovanie dom\u00e1cnost\u00ed<\/strong><\/p>\n<ul>\n<li> Miestne s\u0165ahovanie<\/li>\n<li> Mimo \u0161t\u00e1tu pohybuj\u00face<\/li>\n<li> S\u0165ahovanie na dlh\u00e9 vzdialenosti<\/li>\n<li> Medzi\u0161t\u00e1tne s\u0165ahovanie<\/li>\n<li> Cross Country pohybuj\u00face<\/li>\n<li> Program mal\u00e9ho pohybu<\/li>\n<li> Balenie a vyba\u013eovanie<\/li>\n<li> Dodan\u00e9 \u0161katule a baliace materi\u00e1ly<\/li>\n<li> K dispoz\u00edcii je kr\u00e1tkodob\u00e9 a dlhodob\u00e9 skladovanie<\/li>\n<\/ul>\n<p><strong>S\u0165ahovanie firiem<\/strong><\/p>\n<ul>\n<li> K dispoz\u00edcii je kompletn\u00fd servis<\/li>\n<li> \u0160pecializovan\u00fd poradca pre pres\u0165ahovanie<\/li>\n<li> Presun po\u010d\u00edta\u010dov\u00fdch syst\u00e9mov<\/li>\n<li> Riadenie projektu<\/li>\n<li> S\u0165ahovanie kancel\u00e1rskych a priemyseln\u00fdch priestorov<\/li>\n<li> Spr\u00e1va majetku\/skladovanie<\/li>\n<li> Riadenie vn\u00fatro\u0161t\u00e1tneho s\u0165ahovania<\/li>\n<li> Slu\u017eby MAC<\/li>\n<li> Spr\u00e1va z\u00e1znamov<\/li>\n<li> Presuny zariadenia<\/li>\n<li> Premiestnenie s\u00faboru<\/li>\n<li> Presuny v laborat\u00f3riu<\/li>\n<\/ul>\n<p><strong>Vl\u00e1dne a vojensk\u00e9 s\u0165ahovanie<\/strong><\/p>\n<p><strong>S\u0165ahovanie duchovn\u00fdch<\/strong><\/p>\n<h2>Stevens Worldwide Van Lines Profil spolo\u010dnosti<\/h2>\n<p>Frederick H. Stevens Jr. zalo\u017eil spolo\u010dnos\u0165 Stevens Worldwide Van Lines v roku 1905. Na prepravu bato\u017einy pou\u017e\u00edval jedn\u00e9ho ko\u0148a a voz\u00edk. <a href=\"https:\/\/moverdb.com\/sk\/moving-to-the-united-states\/moving-to-michigan\/\" data-internallinksmanager029f6b8e52c=\"414\" title=\"S\u0165ahovanie do Michiganu? 2026 N\u00e1klady na b\u00fdvanie a tipy na pres\u0165ahovanie\">Michigan<\/a> Centr\u00e1lne osobn\u00e9 depo v Saginaw. Dnes m\u00e1 spolo\u010dnos\u0165 Stevens 125 agentov, ktor\u00ed sa nach\u00e1dzaj\u00fa po celom <a href=\"https:\/\/moverdb.com\/sk\/moving-to-the-united-states\/\" data-internallinksmanager029f6b8e52c=\"94\" title=\"S\u0165ahujete sa do Spojen\u00fdch \u0161t\u00e1tov? 2022 \u017divotn\u00e9 n\u00e1klady a tipy na pres\u0165ahovanie\">Spojen\u00e9 \u0161t\u00e1ty americk\u00e9<\/a> a komplexn\u00e9 medzin\u00e1rodn\u00e9 oddelenie. V spolo\u010dnosti p\u00f4sob\u00ed \u0161tvrt\u00e1 a piata gener\u00e1cia Stevensovcov, ktor\u00ed zast\u00e1vaj\u00fa v\u00fdkonn\u00e9 funkcie.<\/p>\n<p>Spolo\u010dnos\u0165 Stevens Worldwide Van Lines prepravuje dom\u00e1cnosti, podniky, vl\u00e1dny a vojensk\u00fd person\u00e1l a duchovn\u00fdch v r\u00e1mci Spojen\u00fdch \u0161t\u00e1tov a po celom svete. Spolo\u010dnos\u0165 zaviedla mnoho ekologick\u00fdch iniciat\u00edv na zn\u00ed\u017eenie svojej uhl\u00edkovej stopy. Podporuje tie\u017e r\u00f4zne charitat\u00edvne organiz\u00e1cie na medzin\u00e1rodnej aj miestnej \u00farovni.<\/p>\n<p>Spolo\u010dnos\u0165 Stevens Worldwide Van Lines m\u00e1 tieto akredit\u00e1cie a afili\u00e1cie:<\/p>\n<ul>\n<li> ISO 9001<\/li>\n<li> <a href=\"https:\/\/moverdb.com\/sk\/fidi-faim\/\">FIDI<\/a><\/li>\n<li> <a href=\"https:\/\/moverdb.com\/sk\/fidi-faim\/\" data-internallinksmanager029f6b8e52c=\"16\" title=\"Vysvetlenie FIDI a FAIM (FIDI akreditovan\u00fd medzin\u00e1rodn\u00fd prepravca)\">FAIM<\/a><\/li>\n<li> <a href=\"https:\/\/moverdb.com\/sk\/som\/\">Medzin\u00e1rodn\u00e1 asoci\u00e1cia s\u0165ahovate\u013eov<\/a> (<a href=\"https:\/\/moverdb.com\/sk\/iam\/\" data-internallinksmanager029f6b8e52c=\"23\" title=\"Vysvetlenie Medzin\u00e1rodnej asoci\u00e1cie s\u0165ahovate\u013eov (IAM)\">IAM<\/a>)<\/li>\n<li> <a href=\"https:\/\/moverdb.com\/sk\/lacma\/\">Zdru\u017eenie medzin\u00e1rodn\u00fdch prepravcov z Latinskej Ameriky a Karibiku<\/a> (<a href=\"https:\/\/moverdb.com\/sk\/lacma\/\" data-internallinksmanager029f6b8e52c=\"28\" title=\"Zdru\u017eenie medzin\u00e1rodn\u00fdch prepravcov z Latinskej Ameriky a Karibiku (LACMA)\">LACMA<\/a>)<\/li>\n<li> <a href=\"https:\/\/moverdb.com\/sk\/amsa\/\">Americk\u00e1 asoci\u00e1cia pre s\u0165ahovanie a skladovanie<\/a> (<a href=\"https:\/\/moverdb.com\/sk\/amsa\/\" data-internallinksmanager029f6b8e52c=\"5\" title=\"Vysvetlenie Americkej asoci\u00e1cie pre s\u0165ahovanie a skladovanie (AMSA)\">AMSA<\/a>) - <a href=\"https:\/\/moverdb.com\/sk\/obruc-promover\/\">ProMover<\/a><\/li>\n<li> BBB A+<\/li>\n<\/ul>\n<h2>Stevens Worldwide Van Lines Recenzie<\/h2>\n<p><strong>Pozit\u00edvne:<\/strong><\/p>\n<ul>\n<li> <em>\"Od za\u010diatku a\u017e do konca bola na\u0161a sk\u00fasenos\u0165 so spolo\u010dnos\u0165ou Stevens vynikaj\u00faca!\"<\/em> - Martin prostredn\u00edctvom <a href=\"http:\/\/stevensworldwide.com\/testimonials\" target=\"_blank\" rel=\"noopener\">Referencie z\u00e1kazn\u00edkov Stevens<\/a><\/li>\n<li> \"<em>Na\u0161a sk\u00fasenos\u0165 so spolo\u010dnos\u0165ou Stevens Worldwide bola od za\u010diatku a\u017e do konca \u0161pi\u010dkov\u00e1.\" <\/em> - Michael prostredn\u00edctvom <a href=\"http:\/\/www.yelp.com\/biz\/stevens-worldwide-van-lines-saginaw-4?hrid=IQoARxOFSez8PQ9c5gUSmQ&#038;utm_campaign=www_review_share_popup&#038;utm_medium=copy_link&#038;utm_source=(direct)\" target=\"_blank\" rel=\"noopener\">Yelp<\/a><\/li>\n<li> \"<em>Sk\u00fasenosti pred\u010dili o\u010dak\u00e1vania. Ve\u013emi d\u00f4le\u017eit\u00e9 je, \u017ee predajn\u00e1 ponuka bola v s\u00falade so skuto\u010dnou cenou. Po druh\u00e9, boli sme ohromen\u00ed balen\u00edm. St\u011bhov\u00e1ci n\u00e1s po\u017eiadali, aby sme im de\u0148 predt\u00fdm povedali na\u0161e potreby, a poskytli pracovn\u00fa silu, aby v\u0161etko stihli. \"<\/em> - Bill po\u010d\u00edta prostredn\u00edctvom <a href=\"http:\/\/www.mymovingreviews.com\/movers\/stevens-van-lines-825#49902\" target=\"_blank\" rel=\"noopener\">MyMovingReviews.com<\/a><\/li>\n<li> \"<em>Ve\u013emi priate\u013esk\u00fd person\u00e1l.\"<\/em> - Pou\u017e\u00edvate\u013e Google prostredn\u00edctvom <a href=\"http:\/\/reviews.birdeye.com\/stevens-worldwide-van-lines-951509696\" target=\"_blank\" rel=\"noopener\">BirdEye<\/a> <\/li>\n<\/ul>\n<p><strong>Negat\u00edvne:<\/strong><\/p>\n<ul>\n<li> <em>\"Jedna hviezda je aj pre nich prive\u013ea.\"<\/em> - Michael M prostredn\u00edctvom <a href=\"http:\/\/www.yelp.com\/biz\/stevens-worldwide-van-lines-saginaw-4?hrid=7erY_4bReACOHR_0idQdUQ&#038;utm_campaign=www_review_share_popup&#038;utm_medium=copy_link&#038;utm_source=(direct)\" target=\"_blank\" rel=\"noopener\">Yelp<\/a><\/li>\n<li> <em>\"Amat\u00e9rskemu vodi\u010dovi s 3 zbyto\u010dn\u00fdmi pomocn\u00edkmi trvalo 14 hod\u00edn, k\u00fdm nalo\u017eili 2-izbov\u00fd dom s pivnicou.\"<\/em> - Steve prostredn\u00edctvom <a href=\"http:\/\/www.mymovingreviews.com\/movers\/stevens-van-lines-825#55538\" target=\"_blank\" rel=\"noopener\">MyMovingReviews.com<\/a> <\/li>\n<li> \"<em>Nemohli sme ma\u0165 nepr\u00edjemnej\u0161iu sk\u00fasenos\u0165.\"<\/em> - Brian Gibson prostredn\u00edctvom <a href=\"http:\/\/reviews.birdeye.com\/stevens-worldwide-van-lines-951509696\" target=\"_blank\" rel=\"noopener\">BirdEye<\/a> <\/li>\n<\/ul>\n<div itemprop=\"review\" itemscope itemtype=\"http:\/\/schema.org\/Review\">\n<span itemprop=\"author\" itemscope=\"\" itemtype=\"http:\/\/schema.org\/Organization\"><span itemprop=\"name\">MoverDB.com<\/span><\/span> Online preh\u013ead webov\u00fdch str\u00e1nok pre <span itemprop=\"itemreviewed\" itemscope=\"\" itemtype=\"http:\/\/schema.org\/Brand\"><span itemprop=\"name\">Stevens Worldwide Van Lines<\/span><\/span>:<\/p>\n<ol>\n<li> Jasn\u00e9 kontaktn\u00e9 \u00fadaje na webovej str\u00e1nke (vr\u00e1tane telef\u00f3nneho \u010d\u00edsla): <strong>\u00c1no<\/strong><\/li>\n<li> Jednoduch\u00e9 z\u00edskanie <a href=\"https:\/\/moverdb.com\/sk\/citaty\/\">medzin\u00e1rodn\u00e9 s\u0165ahovanie cit\u00e1cie<\/a>? (Online formul\u00e1r \u017eiadosti o odhad): <strong>\u00c1no<\/strong><\/li>\n<li> Jasn\u00e9 inform\u00e1cie na webovej str\u00e1nke: <strong>\u00c1no,<\/strong> dostatok inform\u00e1ci\u00ed o tom, \u010do treba urobi\u0165 pred s\u0165ahovan\u00edm.<\/li>\n<li> \u010dlenstvo v medzin\u00e1rodn\u00fdch uzn\u00e1van\u00fdch organiz\u00e1ci\u00e1ch pohybliv\u00fdch zvierat: <strong>\u00c1no<\/strong>, mnoh\u00e9 pozri vy\u0161\u0161ie<\/li>\n<li> Zoznam klientov a\/alebo referencie predch\u00e1dzaj\u00facich z\u00e1kazn\u00edkov. <strong>\u00c1no,<\/strong> Na str\u00e1nke n\u00e1jdete mnoho pozit\u00edvnych recenzi\u00ed a posudkov z\u00e1kazn\u00edkov.<\/li>\n<\/ol>\n<div itemprop=\"reviewRating\" itemscope itemtype=\"http:\/\/schema.org\/Rating\"><meta itemprop=\"worstRating\" content = \"0\" \/><meta itemprop=\"bestRating\" content=\"5\" \/><meta itemprop=\"ratingValue\" content=\"4.5\"><\/div>\n<p><strong>Celkov\u00e9 hodnotenie: 4,5\/5<\/strong><br \/>\n<strong>D\u00e1tum recenzie:<\/strong> <span itemprop=\"datePublished\" content=\"2016-08-21\">21\/08\/2016<\/span>\n<\/div>\n<p>Pre\u010d\u00edtajte si viac o <a href=\"https:\/\/moverdb.com\/sk\/stahovacie-spolocnosti\/\">medzin\u00e1rodn\u00e9 s\u0165ahovacie spolo\u010dnosti<\/a>, <a href=\"https:\/\/moverdb.com\/sk\/us-kanada-stehovaci\/\">USA pohybuj\u00face sa spolo\u010dnosti<\/a> a na\u0161e <a href=\"https:\/\/moverdb.com\/sk\/recenzie\/\">vysvetlen\u00fd proces presk\u00famania<\/a>.<\/p>\n<p><strong>Webov\u00e1 lokalita:<\/strong> <a href=\"http:\/\/stevensworldwide.com\/\" target=\"_blank\" rel=\"noopener\">http:\/\/stevensworldwide.com<\/a><\/p>","protected":false},"excerpt":{"rendered":"<p>Stevens Worldwide Van Lines is based in Saginaw MI. The company offers its customers a wide range of services which are listed below. There also follows a company profile and reviews. International Moving Personal household moving DOD international moving GSA international moving Corporate moving Freight forwarding Full door to door service Stevens International relocation specialists [&hellip;]<\/p>\n","protected":false},"author":1,"featured_media":0,"parent":0,"menu_order":0,"comment_status":"closed","ping_status":"closed","template":"","meta":{"_genesis_hide_title":false,"_genesis_hide_breadcrumbs":false,"_genesis_hide_singular_image":false,"_genesis_hide_footer_widgets":false,"_genesis_custom_body_class":"","_genesis_custom_post_class":"","_genesis_layout":"","footnotes":""},"class_list":{"0":"post-1057","1":"page","2":"type-page","3":"status-publish","5":"entry"},"_links":{"self":[{"href":"https:\/\/moverdb.com\/sk\/wp-json\/wp\/v2\/pages\/1057","targetHints":{"allow":["GET"]}}],"collection":[{"href":"https:\/\/moverdb.com\/sk\/wp-json\/wp\/v2\/pages"}],"about":[{"href":"https:\/\/moverdb.com\/sk\/wp-json\/wp\/v2\/types\/page"}],"author":[{"embeddable":true,"href":"https:\/\/moverdb.com\/sk\/wp-json\/wp\/v2\/users\/1"}],"replies":[{"embeddable":true,"href":"https:\/\/moverdb.com\/sk\/wp-json\/wp\/v2\/comments?post=1057"}],"version-history":[{"count":7,"href":"https:\/\/moverdb.com\/sk\/wp-json\/wp\/v2\/pages\/1057\/revisions"}],"predecessor-version":[{"id":6241,"href":"https:\/\/moverdb.com\/sk\/wp-json\/wp\/v2\/pages\/1057\/revisions\/6241"}],"wp:attachment":[{"href":"https:\/\/moverdb.com\/sk\/wp-json\/wp\/v2\/media?parent=1057"}],"curies":[{"name":"wp","href":"https:\/\/api.w.org\/{rel}","templated":true}]}}