{"id":1042,"date":"2016-10-24T05:23:18","date_gmt":"2016-10-24T05:23:18","guid":{"rendered":"http:\/\/moverdb.com\/?page_id=1042"},"modified":"2026-01-08T14:48:06","modified_gmt":"2026-01-08T14:48:06","slug":"covan-world-wide","status":"publish","type":"page","link":"https:\/\/moverdb.com\/sk\/covan-world-wide\/","title":{"rendered":"Covan Worldwide Moving: Medzin\u00e1rodn\u00e9 s\u0165ahovanie Recenzie"},"content":{"rendered":"<p>Spolo\u010dnos\u0165 Covan Worldwide Moving pon\u00faka svojim klientom \u0161irok\u00fa \u0161k\u00e1lu slu\u017eieb. Tieto slu\u017eby s\u00fa uveden\u00e9 ni\u017e\u0161ie spolu s profilom spolo\u010dnosti a recenziami.<\/p>\n<p><strong>Medzin\u00e1rodn\u00e9 s\u0165ahovavce<\/strong><\/p>\n<ul>\n<li> Bezplatn\u00fd odhad v dom\u00e1cnosti<\/li>\n<li> Balenie s kompletn\u00fdmi slu\u017ebami ALEBO balenie len na krehk\u00e9 predmety<\/li>\n<li> Vlastn\u00e9 balenie<\/li>\n<li> <a href=\"https:\/\/moverdb.com\/sk\/automobilova-doprava-a-preprava\/\">Preprava vozidiel<\/a> (v r\u00e1mci s\u0165ahovania dom\u00e1cnosti a\/alebo nez\u00e1visle od neho)<\/li>\n<li> Preprava klav\u00edrov (ako s\u00fa\u010das\u0165 s\u0165ahovania dom\u00e1cnosti a\/alebo nez\u00e1visle od neho)<\/li>\n<li> Bezplatn\u00e9 balenie n\u00e1bytku; ochrana dver\u00ed a podlahy<\/li>\n<li> Leteck\u00e1 n\u00e1kladn\u00e1 doprava<\/li>\n<li> Coln\u00e9 odbavenie<\/li>\n<li> Slu\u017eby v mieste ur\u010denia (demont\u00e1\u017e\/mont\u00e1\u017e at\u010f.)<\/li>\n<li> Online sledovanie z\u00e1sielok<\/li>\n<li> Mo\u017enosti oce\u0148ovania poistenia<\/li>\n<li> Slu\u017eby dlhodob\u00e9ho alebo kr\u00e1tkodob\u00e9ho skladovania<\/li>\n<\/ul>\n<p><strong>Premiestnenie spolo\u010dnosti<\/strong><\/p>\n<ul>\n<li> Bezplatn\u00e9 odhady v dom\u00e1cnosti<\/li>\n<li> Prieskum pred pres\u0165ahovan\u00edm<\/li>\n<li> Kontakt z jedn\u00e9ho zdroja<\/li>\n<li> Balenie s kompletn\u00fdmi slu\u017ebami ALEBO len \u010diasto\u010dn\u00e9 balenie<\/li>\n<li> Vlastn\u00e9 balenie<\/li>\n<li> Rozba\u013eovanie\/rozba\u013eovanie<\/li>\n<li> Slu\u017eby demont\u00e1\u017ee\/mont\u00e1\u017ee spotrebi\u010dov - dedkove hodiny, fitnes zariadenia at\u010f.<\/li>\n<li> S\u0165ahovanie klav\u00edrov (Pozn\u00e1mka: Toto s\u0165ahovanie mo\u017eno vykona\u0165 aj nez\u00e1visle od s\u0165ahovania dom\u00e1cnosti)<\/li>\n<li> S\u0165ahovanie vozidiel (Pozn\u00e1mka: Toto s\u0165ahovanie sa m\u00f4\u017ee vykon\u00e1va\u0165 aj nez\u00e1visle od s\u0165ahovania dom\u00e1cnosti)<\/li>\n<li> Mo\u017enosti dlhodob\u00e9ho alebo kr\u00e1tkodob\u00e9ho skladovania<\/li>\n<li> Online sledovanie z\u00e1sielok<\/li>\n<li> Riadenie presunu<\/li>\n<li> Mo\u017enosti oce\u0148ovania poistenia<\/li>\n<li> Pomoc pri colnom odbaven\u00ed pri s\u0165ahovan\u00ed do zahrani\u010dia<\/li>\n<li> Slu\u017eby v destin\u00e1cii<\/li>\n<\/ul>\n<p><strong>Vl\u00e1da a arm\u00e1da<\/strong><\/p>\n<ul>\n<li> Bezplatn\u00fd odhad v dom\u00e1cnosti<\/li>\n<li> Balenie s kompletn\u00fdmi slu\u017ebami<\/li>\n<li> Predaj baliacich materi\u00e1lov<\/li>\n<li> <a href=\"https:\/\/moverdb.com\/sk\/car-transport-shipping\/\" data-internallinksmanager029f6b8e52c=\"2\" title=\"2026 Medzin\u00e1rodn\u00e1 preprava \u00e1ut a cit\u00e1cie prepravy vozidiel\">Preprava vozidiel<\/a><\/li>\n<li> Doprava klav\u00edrov<\/li>\n<li> Slu\u017eby dlhodob\u00e9ho alebo kr\u00e1tkodob\u00e9ho skladovania<\/li>\n<li> Slu\u017eby tret\u00edch str\u00e1n (vykon\u00e1vame v\u0161etky druhy mont\u00e1\u017ee\/demont\u00e1\u017ee - um\u00fdva\u010dky riadu, chladni\u010dky, svetl\u00e1, telev\u00edzory, stere\u00e1, obrazy, postele, skrine at\u010f.)<\/li>\n<li> Online sledovanie z\u00e1sielok pri s\u0165ahovan\u00ed na dlh\u00e9 vzdialenosti<\/li>\n<li> Mo\u017enosti oce\u0148ovania poistenia<\/li>\n<\/ul>\n<p><strong>Komer\u010dn\u00e9 s\u0165ahov\u00e1ky<\/strong><\/p>\n<ul>\n<li> Priemyseln\u00e9 s\u0165ahovanie<\/li>\n<li> S\u0165ahovanie kancel\u00e1ri\u00ed<\/li>\n<li> Vl\u00e1da sa pres\u00fava<\/li>\n<li> Po\u010d\u00edta\u010d\/elektronika sa pohybuje<\/li>\n<li> S\u0165ahovanie firiem - kompletn\u00fd servis<\/li>\n<\/ul>\n<p><strong>Dom\u00e1ce s\u0165ahov\u00e1ky<\/strong><\/p>\n<ul>\n<li> Cenov\u00e1 ponuka a pl\u00e1n pred s\u0165ahovan\u00edm<\/li>\n<li> Balenie - kompletn\u00fd servis, krehk\u00e9 predmety alebo vlastn\u00e9 balenie<\/li>\n<li> Vylo\u017eenie, vybalenie a usporiadanie vec\u00ed<\/li>\n<li> Presun ak\u00e9hoko\u013evek predmetu - klav\u00edra, auta, lode a \u010fal\u0161\u00edch<\/li>\n<\/ul>\n<h2>Profil spolo\u010dnosti Covan Worldwide Moving Company<\/h2>\n<p>Spolo\u010dnos\u0165 Covan Worldwide Moving za\u010dala svoju \u010dinnos\u0165 v roku 1914 v meste Hutchinson, KS pod n\u00e1zvom Merchants Transfer and Storage. J. M. Coleman, zakladate\u013e spolo\u010dnosti, za\u010d\u00ednal so \u0161tyrmi n\u00e1kladn\u00fdmi vozmi a \u00f4smimi ko\u0148mi. Dnes m\u00e1 50 pobo\u010diek a viac ako 400 agentov po celom svete. <\/p>\n<p>Spolo\u010dnos\u0165 Covan m\u00e1 viac ako 200 medzi\u0161t\u00e1tnych prev\u00e1dzkov\u00fdch jednotiek a 600 jednotiek na miestne s\u0165ahovanie. Jej poslan\u00edm je by\u0165 l\u00eddrom v oblasti medzin\u00e1rodn\u00fdch prepravn\u00fdch slu\u017eieb a dosiahnu\u0165 spokojnos\u0165 z\u00e1kazn\u00edkov 100%.<\/p>\n<p>Spolo\u010dnos\u0165 Covan World-Wide Moving m\u00e1 nasleduj\u00face afili\u00e1cie a akredit\u00e1cie:<\/p>\n<ul>\n<li> <a href=\"https:\/\/moverdb.com\/sk\/amsa\/\">Americk\u00e1 asoci\u00e1cia pre s\u0165ahovanie a skladovanie<\/a> (<a href=\"https:\/\/moverdb.com\/sk\/amsa\/\" data-internallinksmanager029f6b8e52c=\"5\" title=\"Vysvetlenie Americkej asoci\u00e1cie pre s\u0165ahovanie a skladovanie (AMSA)\">AMSA<\/a>)<\/li>\n<li> <a href=\"https:\/\/moverdb.com\/sk\/obruc-promover\/\">ProMover<\/a><\/li>\n<li> <a href=\"https:\/\/moverdb.com\/sk\/som\/\">Medzin\u00e1rodn\u00e1 asoci\u00e1cia s\u0165ahovate\u013eov<\/a> (<a href=\"https:\/\/moverdb.com\/sk\/iam\/\" data-internallinksmanager029f6b8e52c=\"23\" title=\"Vysvetlenie Medzin\u00e1rodnej asoci\u00e1cie s\u0165ahovate\u013eov (IAM)\">IAM<\/a>)<\/li>\n<li> <a href=\"https:\/\/moverdb.com\/sk\/obruc-promover\/\">Registrovan\u00fd medzin\u00e1rodn\u00fd prepravca<\/a> (<a href=\"https:\/\/moverdb.com\/sk\/rim-promover\/\" data-internallinksmanager029f6b8e52c=\"76\" title=\"Vysvetlenie certifik\u00e1cie RIM International ProMover\">RIM<\/a>)<\/li>\n<li> Akredit\u00e1cia BBB<\/li>\n<\/ul>\n<p><strong>Covan Worldwide Moving Recenzie<\/strong><\/p>\n<p><strong>Pozit\u00edvne:<\/strong><\/p>\n<ul>\n<li> <em>\"Spolo\u010dnos\u0165 Covan n\u00e1m v Norfolku vo Virg\u00ednii zabalila na\u0161e veci, ktor\u00e9 sme mali posla\u0165 cez cel\u00fd svet na Guam. Po\u010dul som hororov\u00e9 pr\u00edbehy o tom, ako s\u0165ahov\u00e1ci balili predmety a tie pri\u0161li rozbit\u00e9 a\/alebo ch\u00fdbaj\u00face. V\u0161etky na\u0161e predmety boli v poriadku a v skvelom stave Ni\u010d nebolo zlomen\u00e9 ani zdeformovan\u00e9!!!\"<\/em> - David S <a href=\"http:\/\/www.covan.com\/moving-reviews\/alabama-2519665061024629999\/\" target=\"_blank\" rel=\"noopener\">svedectvo z\u00e1kazn\u00edka<\/a><\/li>\n<li> <em>\"Nem\u00f4\u017eem uveri\u0165, \u017ee sa k tomu dost\u00e1vam a\u017e teraz, ale chcel som sa podeli\u0165 o nieko\u013eko pozit\u00edvnych pozn\u00e1mok o <a href=\"https:\/\/moverdb.com\/sk\/moving-companies\/\" data-internallinksmanager029f6b8e52c=\"79\" title=\"Top 25 medzin\u00e1rodn\u00fdch s\u0165ahovac\u00edch spolo\u010dnost\u00ed online\">s\u0165ahovacia spolo\u010dnos\u0165<\/a> Covan Worldwide Moving. Boli ve\u013emi oh\u013eadupln\u00ed a zabezpe\u010dili hladk\u00fd priebeh balenia, a dokonca aj z\u00e1bavu!\"<\/em> - Emily S prostredn\u00edctvom <a href=\"https:\/\/www.yelp.com\/biz\/covan-world-wide-moving-kapolei?hrid=ehsMVfnz3q1xKBP5KHJCxg&#038;utm_campaign=www_review_share_popup&#038;utm_medium=copy_link&#038;utm_source=(direct)\" target=\"_blank\" rel=\"noopener\">Yelp<\/a><\/li>\n<\/ul>\n<p><strong>Negat\u00edvne:<\/strong><\/p>\n<ul>\n<li> <em>\"Keby bolo mo\u017en\u00e9 neda\u0165 \u017eiadne hviezdi\u010dky, tak by som ich dal. Nikdy som nikomu nezanechal zl\u00fa recenziu, preto\u017ee nie som s\u0165a\u017eovate\u013e, ale toto je z\u010faleka najhor\u0161ie s\u0165ahovanie PCS, ak\u00e9 som kedy za\u017eil. Kde m\u00e1m v\u00f4bec za\u010da\u0165?\"<\/em> - Lillian H. prostredn\u00edctvom <a href=\"https:\/\/www.yelp.com\/biz\/covan-world-wide-moving-kapolei?hrid=rRlVAPr2uu0AYHtD7q-oBw&#038;utm_campaign=www_review_share_popup&#038;utm_medium=copy_link&#038;utm_source=(direct)\" target=\"_blank\" rel=\"noopener\">Yelp<\/a>.\n<\/ul>\n<div itemprop=\"review\" itemscope itemtype=\"http:\/\/schema.org\/Review\">\n<span itemprop=\"author\" itemscope=\"\" itemtype=\"http:\/\/schema.org\/Organization\"><span itemprop=\"name\">MoverDB.com<\/span><\/span> Online preh\u013ead webov\u00fdch str\u00e1nok pre <span itemprop=\"itemreviewed\" itemscope=\"\" itemtype=\"http:\/\/schema.org\/Brand\"><span itemprop=\"name\">Covan Worldwide Moving<\/span><\/span>:<\/p>\n<ol>\n<li> Jasn\u00e9 kontaktn\u00e9 \u00fadaje na webovej str\u00e1nke (vr\u00e1tane telef\u00f3nneho \u010d\u00edsla): <strong>\u00c1no<\/strong><\/li>\n<li> Jednoduch\u00e9 z\u00edskanie <a href=\"https:\/\/moverdb.com\/sk\/citaty\/\">medzin\u00e1rodn\u00e9 s\u0165ahovanie cit\u00e1cie<\/a>? (Online formul\u00e1r \u017eiadosti o odhad): <strong>\u00c1no<\/strong><\/li>\n<li> Jasn\u00e9 inform\u00e1cie na webovej str\u00e1nke: <strong>\u00c1no<\/strong>, Webov\u00e1 str\u00e1nka poskytuje z\u00e1kazn\u00edkom dobr\u00fa predstavu o tom, \u010do m\u00f4\u017eu od spolo\u010dnosti o\u010dak\u00e1va\u0165.<\/li>\n<li> \u010dlenstvo v medzin\u00e1rodn\u00fdch uzn\u00e1van\u00fdch organiz\u00e1ci\u00e1ch pohybliv\u00fdch zvierat: <strong>\u00c1no<\/strong>, pozri vy\u0161\u0161ie<\/li>\n<li> Zoznam klientov a\/alebo referencie predch\u00e1dzaj\u00facich z\u00e1kazn\u00edkov: <strong>\u00c1no<\/strong>, Na str\u00e1nke je ve\u013ea pozit\u00edvnych posudkov z\u00e1kazn\u00edkov, ale recenzie na zvy\u0161ku webu sa zdaj\u00fa by\u0165 v\u00e4\u010d\u0161inou negat\u00edvne.<\/li>\n<\/ol>\n<div itemprop=\"reviewRating\" itemscope itemtype=\"http:\/\/schema.org\/Rating\"><meta itemprop=\"worstRating\" content = \"0\" \/><meta itemprop=\"bestRating\" content=\"5\" \/><meta itemprop=\"ratingValue\" content=\"4\"><\/div>\n<p><strong>Celkov\u00e9 hodnotenie: 4\/5<\/strong><br \/>\n<strong>D\u00e1tum recenzie:<\/strong> <span itemprop=\"datePublished\" content=\"2016-10-24\">24\/10\/2016<\/span>\n<\/div>\n<p>Pre\u010d\u00edtajte si viac o <a href=\"https:\/\/moverdb.com\/sk\/stahovacie-spolocnosti\/\">medzin\u00e1rodn\u00e9 s\u0165ahovacie spolo\u010dnosti<\/a>, <a href=\"https:\/\/moverdb.com\/sk\/us-kanada-stehovaci\/\">Americk\u00ed s\u0165ahov\u00e1ci<\/a> a na\u0161e <a href=\"https:\/\/moverdb.com\/sk\/recenzie\/\">proces presk\u00famania<\/a>.<\/p>\n<p><strong>Webov\u00e1 lokalita:<\/strong> <a href=\"http:\/\/www.covan.com\" target=\"_blank\" rel=\"noopener\">http:\/\/www.covan.com<\/a><\/p>","protected":false},"excerpt":{"rendered":"<p>Covan Worldwide Moving offers its clients a wide range of services. These are listed below, together with a company profile and reviews. International Movers Free In-Home Estimate Full-Service Packing OR Fragile-Only Packing Custom Crating Vehicle Shipping (as part of a household move and\/or independently of one) Piano Shipping (as part of a household move and\/or [&hellip;]<\/p>\n","protected":false},"author":1,"featured_media":0,"parent":0,"menu_order":0,"comment_status":"closed","ping_status":"closed","template":"","meta":{"_genesis_hide_title":false,"_genesis_hide_breadcrumbs":false,"_genesis_hide_singular_image":false,"_genesis_hide_footer_widgets":false,"_genesis_custom_body_class":"","_genesis_custom_post_class":"","_genesis_layout":"","footnotes":""},"class_list":{"0":"post-1042","1":"page","2":"type-page","3":"status-publish","5":"entry"},"_links":{"self":[{"href":"https:\/\/moverdb.com\/sk\/wp-json\/wp\/v2\/pages\/1042","targetHints":{"allow":["GET"]}}],"collection":[{"href":"https:\/\/moverdb.com\/sk\/wp-json\/wp\/v2\/pages"}],"about":[{"href":"https:\/\/moverdb.com\/sk\/wp-json\/wp\/v2\/types\/page"}],"author":[{"embeddable":true,"href":"https:\/\/moverdb.com\/sk\/wp-json\/wp\/v2\/users\/1"}],"replies":[{"embeddable":true,"href":"https:\/\/moverdb.com\/sk\/wp-json\/wp\/v2\/comments?post=1042"}],"version-history":[{"count":5,"href":"https:\/\/moverdb.com\/sk\/wp-json\/wp\/v2\/pages\/1042\/revisions"}],"predecessor-version":[{"id":6197,"href":"https:\/\/moverdb.com\/sk\/wp-json\/wp\/v2\/pages\/1042\/revisions\/6197"}],"wp:attachment":[{"href":"https:\/\/moverdb.com\/sk\/wp-json\/wp\/v2\/media?parent=1042"}],"curies":[{"name":"wp","href":"https:\/\/api.w.org\/{rel}","templated":true}]}}