{"id":1041,"date":"2016-10-25T05:39:31","date_gmt":"2016-10-25T05:39:31","guid":{"rendered":"http:\/\/moverdb.com\/?page_id=1041"},"modified":"2026-01-08T14:47:33","modified_gmt":"2026-01-08T14:47:33","slug":"armstrong-relocation","status":"publish","type":"page","link":"https:\/\/moverdb.com\/sk\/armstrong-relocation\/","title":{"rendered":"Premiestnenie spolo\u010dnosti Armstrong: Medzin\u00e1rodn\u00e9 s\u0165ahovanie Recenzie"},"content":{"rendered":"<p>Spolo\u010dnos\u0165 Armstrong Relocation pon\u00faka svojim z\u00e1kazn\u00edkom mno\u017estvo s\u0165ahovac\u00edch slu\u017eieb. Tieto slu\u017eby s\u00fa uveden\u00e9 ni\u017e\u0161ie spolu s profilom spolo\u010dnosti a recenziami.<\/p>\n<p><strong>Medzin\u00e1rodn\u00e9 s\u0165ahovacie slu\u017eby<\/strong><\/p>\n<ul>\n<li> Pl\u00e1novanie pred s\u0165ahovan\u00edm<\/li>\n<li> Osobn\u00fd mana\u017ement s\u0165ahovania a pl\u00e1novanie s\u0165ahovania na mieru<\/li>\n<li> Bezplatn\u00fd bal\u00edk na pr\u00edpravu na s\u0165ahovanie<\/li>\n<li> \u00dapln\u00e9 alebo \u010diasto\u010dn\u00e9 balenie\/vyba\u013eovanie<\/li>\n<li> Balenie do obalov a \u0161peci\u00e1lne balenie<\/li>\n<li> Ochrana majetku<\/li>\n<li> Leteck\u00e1, n\u00e1morn\u00e1 a\/alebo pozemn\u00e1 doprava<\/li>\n<li> V\u00fdvozn\u00e1 alebo dovozn\u00e1 dokument\u00e1cia<\/li>\n<li> <a href=\"https:\/\/moverdb.com\/sk\/zasielatelstvo\/\">Zasielate\u013estvo<\/a><\/li>\n<li> Coln\u00e9 konanie<\/li>\n<li> Cie\u013eov\u00e9 slu\u017eby<\/li>\n<li> Online sledovanie pohybu<\/li>\n<li> Pokrytie ocenenia<\/li>\n<li> Riadenie poh\u013ead\u00e1vok<\/li>\n<li> Kr\u00e1tkodob\u00e9 a dlhodob\u00e9 skladovanie<\/li>\n<li> Odstra\u0148ovanie sut\u00edn<\/li>\n<\/ul>\n<p><strong>Medzin\u00e1rodn\u00e9 destina\u010dn\u00e9 slu\u017eby<\/strong><\/p>\n<ul>\n<li> Orient\u00e1cia<\/li>\n<li> Konzult\u00e1cie pred prijat\u00edm rozhodnutia<\/li>\n<li> Pomoc v oblasti soci\u00e1lneho zabezpe\u010denia a vodi\u010dsk\u00e9ho preukazu<\/li>\n<li> Pomoc pri podpise n\u00e1jomnej zmluvy<\/li>\n<li> Pomoc pri in\u0161pekcii pri s\u0165ahovan\u00ed<\/li>\n<li> Predbe\u017en\u00fd program\/pozn\u00e1vacie turn\u00e9<\/li>\n<li> Pomoc pri k\u00fape domu<\/li>\n<li> Vyh\u013ead\u00e1vanie domov s kompletn\u00fdmi slu\u017ebami<\/li>\n<li> Sprev\u00e1dzan\u00e1 prehliadka pren\u00e1jmu<\/li>\n<li> Anal\u00fdza \u017eivotn\u00fdch n\u00e1kladov (COLA)<\/li>\n<li> Pomoc \u0161kole<\/li>\n<li> Pomoc pri usadzovan\u00ed<\/li>\n<li> Odletov\u00e9 slu\u017eby<\/li>\n<\/ul>\n<p><strong>S\u0165ahovanie firiem<\/strong><\/p>\n<ul>\n<li> Politick\u00e9 poradenstvo a rozvoj<\/li>\n<li> Riadenie s\u0165ahovania tovaru pre dom\u00e1cnos\u0165<\/li>\n<li> Skupina sa pres\u00fava<\/li>\n<li> Pau\u0161\u00e1lna suma<\/li>\n<li> Pohyb tovaru pre dom\u00e1cnos\u0165<\/li>\n<li> <a href=\"https:\/\/moverdb.com\/sk\/kontajnerova-preprava\/\">Komplexn\u00e9 slu\u017eby v oblasti kontajnerovej prepravy<\/a><\/li>\n<li> Prisp\u00f4soben\u00e9 vykazovanie<\/li>\n<li> Online sledovanie pohybu<\/li>\n<li> Pokrytie ocenenia<\/li>\n<li> Riadenie poh\u013ead\u00e1vok<\/li>\n<li> Kr\u00e1tkodob\u00e9 a dlhodob\u00e9 skladovanie<\/li>\n<li> Balenie do obalov a \u0161peci\u00e1lne balenie<\/li>\n<li> Slu\u017eby concierge na \u00farovni mana\u017e\u00e9ra<\/li>\n<li> Vy\u010distenie, usporiadanie a organiz\u00e1cia<\/li>\n<li> Slu\u017eby pripojenia na in\u017einierske siete<\/li>\n<li> V\u00fdber realitnej kancel\u00e1rie a pl\u00e1n marketingu domov<\/li>\n<li> Vr\u00e1tenie pe\u0148az\u00ed pri predaji a k\u00fape domu<\/li>\n<li> Bezplatn\u00fd informa\u010dn\u00fd bal\u00edk o cie\u013eovom mieste<\/li>\n<li> Do\u010dasn\u00e9 b\u00fdvanie<\/li>\n<li> Pomoc s hypot\u00e9kou<\/li>\n<\/ul>\n<p><strong>S\u0165ahovanie do obytn\u00fdch priestorov<\/strong><\/p>\n<ul>\n<li> Bezplatn\u00fd odhad<\/li>\n<li> Riadenie a pl\u00e1novanie s\u0165ahovania<\/li>\n<li> Vyhraden\u00fd koordin\u00e1tor s\u0165ahovania<\/li>\n<li> \u00dapln\u00e9 alebo \u010diasto\u010dn\u00e9 balenie\/vyba\u013eovanie<\/li>\n<li> Ochrana majetku<\/li>\n<li> Baliace materi\u00e1ly<\/li>\n<li> Pohyb tovaru pre dom\u00e1cnos\u0165<\/li>\n<li> Poistn\u00e9 krytie<\/li>\n<li> Kr\u00e1tkodob\u00e9\/dlhodob\u00e9 skladovanie<\/li>\n<li> Slu\u017eby spojen\u00e9 s balen\u00edm<\/li>\n<li> Kompletn\u00e9 slu\u017eby pohybuj\u00face sa mo\u017enos\u0165<\/li>\n<li> Slu\u017eba pripojenia na in\u017einierske siete<\/li>\n<li> Pl\u00e1ny predaja\/k\u00fapy nehnute\u013enost\u00ed v hotovosti<\/li>\n<li> Inscenovanie a organiz\u00e1cia<\/li>\n<\/ul>\n<p><strong>S\u0165ahovanie zariadenia<\/strong><\/p>\n<ul>\n<li> Kancel\u00e1ria<\/li>\n<li> Priemyseln\u00e9<\/li>\n<li> Zdravotn\u00e1 starostlivos\u0165<\/li>\n<li> Vl\u00e1da<\/li>\n<\/ul>\n<h2>Profil spolo\u010dnosti Armstrong Relocation<\/h2>\n<p>Spolo\u010dnos\u0165 Armstrong Transfer and Storage bola zalo\u017een\u00e1 v roku 1922 a v roku 1957 ju k\u00fapili \u0161vagrovia Clyde Springer a Jim Watson, ktor\u00ed za\u010dali p\u00f4sobi\u0165 v Memphise, <a href=\"https:\/\/moverdb.com\/sk\/moving-to-the-united-states\/moving-to-tennessee\/\" data-internallinksmanager029f6b8e52c=\"406\" title=\"S\u0165ahovanie do Tennessee? 2026 N\u00e1klady na b\u00fdvanie a tipy na pres\u0165ahovanie\">Tennessee<\/a> a nazval spolo\u010dnos\u0165 Armstrong Relocation. Dnes ju e\u0161te st\u00e1le vedie tretia gener\u00e1cia t\u00fdchto dvoch p\u00e1nov. <\/p>\n<p>Spolo\u010dnos\u0165 Armstrong Relocation je dnes najv\u00e4\u010d\u0161\u00edm sprostredkovate\u013eom tovaru pre <a href=\"https:\/\/moverdb.com\/sk\/united-van-lines\/\">Spolo\u010dnos\u0165 United Van Lines<\/a> a m\u00e1 22 pobo\u010diek v <a href=\"https:\/\/moverdb.com\/sk\/moving-to-the-united-states\/\" data-internallinksmanager029f6b8e52c=\"94\" title=\"S\u0165ahujete sa do Spojen\u00fdch \u0161t\u00e1tov? 2022 \u017divotn\u00e9 n\u00e1klady a tipy na pres\u0165ahovanie\">US<\/a>, ako aj sie\u0165 agentov po celom svete, ktor\u00ed sa staraj\u00fa o jej medzin\u00e1rodn\u00fdch klientov. Poslanie spolo\u010dnosti Armstrong Relocation zah\u0155\u0148a poskytovanie \u0161pi\u010dkovej kvality a dosahovanie spokojnosti z\u00e1kazn\u00edkov.<\/p>\n<p>Spolo\u010dnos\u0165 Armstrong Relocation m\u00e1 nasleduj\u00face afili\u00e1cie a akredit\u00e1cie:<\/p>\n<ul>\n<li> <a href=\"https:\/\/moverdb.com\/sk\/britska-asociacia-vyrobcov\/\">Britsk\u00e1 asoci\u00e1cia s\u0165ahova\u010dov<\/a> (<a href=\"https:\/\/moverdb.com\/sk\/british-association-of-removers\/\" data-internallinksmanager029f6b8e52c=\"9\" title=\"Vysvetlenie Britskej asoci\u00e1cie s\u0165ahovate\u013eov (BAR)\">BAR<\/a>)<\/li>\n<li> <a href=\"https:\/\/moverdb.com\/sk\/fidi-faim\/\">Feder\u00e1cia medzin\u00e1rodn\u00fdch s\u0165ahovac\u00edch spolo\u010dnost\u00ed<\/a> (<a href=\"https:\/\/moverdb.com\/sk\/fidi-faim\/\" data-internallinksmanager029f6b8e52c=\"16\" title=\"Vysvetlenie FIDI a FAIM (FIDI akreditovan\u00fd medzin\u00e1rodn\u00fd prepravca)\">FIDI<\/a>)<\/li>\n<li> F\u00f3rum pre mana\u017ement vyslan\u00fdch pracovn\u00edkov<\/li>\n<li> Nepriamy leteck\u00fd dopravca<\/li>\n<li> <a href=\"https:\/\/moverdb.com\/sk\/iata\/\">Medzin\u00e1rodn\u00e9 zdru\u017eenie leteckej dopravy<\/a> (<a href=\"https:\/\/moverdb.com\/sk\/iata\/\" data-internallinksmanager029f6b8e52c=\"22\" title=\"Vysvetlenie Medzin\u00e1rodnej asoci\u00e1cie leteck\u00fdch dopravcov (IATA)\">IATA<\/a>)<\/li>\n<li> <a href=\"https:\/\/moverdb.com\/sk\/som\/\">Medzin\u00e1rodn\u00e1 asoci\u00e1cia s\u0165ahovate\u013eov<\/a> (<a href=\"https:\/\/moverdb.com\/sk\/iam\/\" data-internallinksmanager029f6b8e52c=\"23\" title=\"Vysvetlenie Medzin\u00e1rodnej asoci\u00e1cie s\u0165ahovate\u013eov (IAM)\">IAM<\/a>)<\/li>\n<li> Medzin\u00e1rodn\u00e1 asoci\u00e1cia facility managementu<\/li>\n<li> Medzin\u00e1rodn\u00e1 organiz\u00e1cia pre normaliz\u00e1ciu<\/li>\n<li> <a href=\"https:\/\/moverdb.com\/sk\/lacma\/\">Zdru\u017eenie medzin\u00e1rodn\u00fdch prepravcov Latinskej Ameriky a Karibiku<\/a> (<a href=\"https:\/\/moverdb.com\/sk\/lacma\/\" data-internallinksmanager029f6b8e52c=\"28\" title=\"Zdru\u017eenie medzin\u00e1rodn\u00fdch prepravcov z Latinskej Ameriky a Karibiku (LACMA)\">LACMA<\/a>)<\/li>\n<li> Overseas Moving Network International (OMNI)<\/li>\n<li> Zdru\u017eenie z\u00e1morsk\u00fdch prepravcov (OSA) - zakladaj\u00faci \u010dlen<\/li>\n<li> Spolo\u010dnos\u0165 pre riadenie \u013eudsk\u00fdch zdrojov<\/li>\n<li> Coln\u00e1 spr\u00e1va a ochrana hran\u00edc USA<\/li>\n<li> <a href=\"https:\/\/moverdb.com\/sk\/rada-pre-premiestnovanie-zamestnancov\/\">Celosvetov\u00e1 rada pre premiest\u0148ovanie zamestnancov<\/a><\/li>\n<li> Smartway<\/li>\n<li> <a href=\"https:\/\/moverdb.com\/sk\/united-van-lines\/\">Spolo\u010dnos\u0165 United Van Lines<\/a><\/li>\n<\/ul>\n<h2>Armstrong Relocation Recenzie<\/h2>\n<p><strong>Pozit\u00edvne:<\/strong><\/p>\n<ul>\n<li> <em>\"Pos\u00e1dka Armstrong urobila zo s\u0165ahovania naozaj pr\u00edjemn\u00fd z\u00e1\u017eitok!\"<\/em> Kay T prostredn\u00edctvom <a href=\"https:\/\/www.yelp.com\/biz\/armstrong-relocation-carrollton-4?hrid=LJyHKGw95UdYmBHHZwyr5Q&#038;utm_campaign=www_review_share_popup&#038;utm_medium=copy_link&#038;utm_source=(direct)\" target=\"_blank\" rel=\"noopener\">Yelp<\/a><\/li>\n<li> <em>\"Nem\u00f4\u017eem uveri\u0165, ako \u013eahko prebehlo moje premiestnenie. Bolo to jednoduch\u00e9 a nestresoval som sa. Erin sa v\u017edy postarala o to, aby som mal v\u0161etky potrebn\u00e9 inform\u00e1cie, a \u010dasto mi volala na kontrolu. Ak sa e\u0161te niekedy dostanem do situ\u00e1cie, \u017ee sa budem musie\u0165 pres\u0165ahova\u0165, ur\u010dite vyu\u017eijem slu\u017eby spolo\u010dnosti Armstrong Relation!\"<\/em> - Bfunte cez <a href=\"http:\/\/www.mymovingreviews.com\/movers\/armstrong-relocation-2671#50688\" target=\"_blank\" rel=\"noopener\">MyMovingReviews.com<\/a> <\/li>\n<li> <em>\"N\u00e1\u0161 t\u00edm Armstrong bol vynikaj\u00faci! Poskytovali vynikaj\u00faci z\u00e1kazn\u00edcky servis, boli priate\u013esk\u00ed, ochotn\u00ed, dobre organizovan\u00ed, efekt\u00edvni a profesion\u00e1lni. Bol to najlep\u0161\u00ed s\u0165ahovac\u00ed t\u00edm, ak\u00fd sme kedy mali!\"<\/em> - Svedectvo z\u00e1kazn\u00edka M.M z webovej str\u00e1nky spolo\u010dnosti Armstrong<\/li>\n<\/ul>\n<p><strong>Negat\u00edvne:<\/strong><\/p>\n<ul>\n<li> \"<em>Prial by som si, aby som im mohol da\u0165 nula hviezdi\u010diek. Bol to najhor\u0161\u00ed z\u00e1\u017eitok v mojom \u017eivote.\"<\/em> Natalie M prostredn\u00edctvom <a href=\"https:\/\/www.yelp.com\/biz\/armstrong-relocation-carrollton-4?hrid=caooXxcr-ZmkltnMtL6R_g&#038;utm_campaign=www_review_share_popup&#038;utm_medium=copy_link&#038;utm_source=(direct)\" target=\"_blank\" rel=\"noopener\">Yelp<\/a><\/li>\n<li> <em>\"Mysl\u00edm si, \u017ee pre miestne s\u0165ahovanie by Armstrong mohol by\u0165 rozumnou vo\u013ebou. Pri dlh\u0161\u00edch s\u0165ahovaniach v\u0161ak musia lep\u0161ie odhadn\u00fa\u0165 term\u00edn doru\u010denia a komunikova\u0165 so z\u00e1stupcom na strane doru\u010dovate\u013ea.\"<\/em> - prostredn\u00edctvom <a href=\"http:\/\/www.bbb.org\/chicago\/business-reviews\/movers\/armstrong-relocation-co-in-glendale-hts-il-12008868\/customer-reviews\" target=\"_blank\" rel=\"noopener\">BBB<\/a><\/li>\n<li> <em>\"Som na nich ve\u013emi na\u0161tvan\u00fd. Rozbalili v\u0161etky moje veci, ktor\u00e9 som mala na p\u00f4de. \u010co je v poriadku, preto\u017ee nechcem, aby sa rozbili. Ale v\u0161etko bolo pomie\u0161an\u00e9.\"<\/em> - Mistie prostredn\u00edctvom <a href=\"https:\/\/www.facebook.com\/ArmstrongRelocationDallas\/reviews\/\" target=\"_blank\" rel=\"noopener\">Facebook<\/a><\/li>\n<\/ul>\n<div itemprop=\"review\" itemscope itemtype=\"http:\/\/schema.org\/Review\">\n<span itemprop=\"author\" itemscope=\"\" itemtype=\"http:\/\/schema.org\/Organization\"><span itemprop=\"name\">MoverDB.com<\/span><\/span> Online preh\u013ead webov\u00fdch str\u00e1nok pre <span itemprop=\"itemreviewed\" itemscope=\"\" itemtype=\"http:\/\/schema.org\/Brand\"><span itemprop=\"name\">Premiestnenie spolo\u010dnosti Armstrong<\/span><\/span>:<\/p>\n<ol>\n<li> Jasn\u00e9 kontaktn\u00e9 \u00fadaje na webovej str\u00e1nke (vr\u00e1tane telef\u00f3nneho \u010d\u00edsla): <strong>\u00c1no<\/strong><\/li>\n<li> Jednoduch\u00e9 z\u00edskanie <a href=\"https:\/\/moverdb.com\/sk\/citaty\/\">medzin\u00e1rodn\u00e9 s\u0165ahovanie cit\u00e1cie<\/a>? (Online formul\u00e1r \u017eiadosti o odhad): <strong>\u00c1no<\/strong><\/li>\n<li> Jasn\u00e9 inform\u00e1cie na webovej str\u00e1nke: <strong>\u00c1no<\/strong>, Webov\u00e1 str\u00e1nka poskytuje z\u00e1kazn\u00edkom dobr\u00fa predstavu o tom, \u010do m\u00f4\u017eu od spolo\u010dnosti o\u010dak\u00e1va\u0165.<\/li>\n<li> \u010dlenstvo v medzin\u00e1rodn\u00fdch uzn\u00e1van\u00fdch organiz\u00e1ci\u00e1ch pohybliv\u00fdch zvierat: <strong>\u00c1no<\/strong>, mnoh\u00e9, pozri vy\u0161\u0161ie<\/li>\n<li> Zoznam klientov a\/alebo referencie predch\u00e1dzaj\u00facich z\u00e1kazn\u00edkov: <strong>\u00c1no<\/strong>, ale tie sa nach\u00e1dzaj\u00fa roztr\u00fasen\u00e9 po celom webovom s\u00eddle a nie na osobitnej vstupnej str\u00e1nke. Okrem toho s\u00fa ich recenzie z cel\u00e9ho webu trochu zmie\u0161an\u00e9.<\/li>\n<\/ol>\n<div itemprop=\"reviewRating\" itemscope itemtype=\"http:\/\/schema.org\/Rating\"><meta itemprop=\"worstRating\" content = \"0\" \/><meta itemprop=\"bestRating\" content=\"5\" \/><meta itemprop=\"ratingValue\" content=\"4\"><\/div>\n<p><strong>Celkov\u00e9 hodnotenie: 4\/5<\/strong><br \/>\n<strong>D\u00e1tum recenzie:<\/strong> <span itemprop=\"datePublished\" content=\"2016-10-25\">25\/10\/2016<\/span>\n<\/div>\n<p>Pre\u010d\u00edtajte si viac o <a href=\"https:\/\/moverdb.com\/sk\/stahovacie-spolocnosti\/\">medzin\u00e1rodn\u00e9 s\u0165ahovacie spolo\u010dnosti<\/a>, <a href=\"https:\/\/moverdb.com\/sk\/us-kanada-stehovaci\/\">S\u0165ahovacie slu\u017eby na dlh\u00e9 vzdialenosti a medzi\u0161t\u00e1tne s\u0165ahovanie<\/a> a na\u0161e <a href=\"https:\/\/moverdb.com\/sk\/recenzie\/\">proces presk\u00famania<\/a>.<\/p>\n<p><strong>Webov\u00e1 lokalita:<\/strong> <a href=\"http:\/\/www.armstrongrelocation.com\" target=\"_blank\" rel=\"noopener\">http:\/\/www.armstrongrelocation.com<\/a><\/p>","protected":false},"excerpt":{"rendered":"<p>Armstrong Relocation has an abundance of moving services which it offers its customers. These are listed below together with a company profile and reviews. International Moving Services Pre-move planning Personal move management and custom-designed move planning Free move preparation packet Full or partial packing\/unpacking Crating and specialty packing Property protection Air, ocean and\/or land transportation [&hellip;]<\/p>\n","protected":false},"author":1,"featured_media":0,"parent":0,"menu_order":0,"comment_status":"closed","ping_status":"closed","template":"","meta":{"_genesis_hide_title":false,"_genesis_hide_breadcrumbs":false,"_genesis_hide_singular_image":false,"_genesis_hide_footer_widgets":false,"_genesis_custom_body_class":"","_genesis_custom_post_class":"","_genesis_layout":"","footnotes":""},"class_list":{"0":"post-1041","1":"page","2":"type-page","3":"status-publish","5":"entry"},"_links":{"self":[{"href":"https:\/\/moverdb.com\/sk\/wp-json\/wp\/v2\/pages\/1041","targetHints":{"allow":["GET"]}}],"collection":[{"href":"https:\/\/moverdb.com\/sk\/wp-json\/wp\/v2\/pages"}],"about":[{"href":"https:\/\/moverdb.com\/sk\/wp-json\/wp\/v2\/types\/page"}],"author":[{"embeddable":true,"href":"https:\/\/moverdb.com\/sk\/wp-json\/wp\/v2\/users\/1"}],"replies":[{"embeddable":true,"href":"https:\/\/moverdb.com\/sk\/wp-json\/wp\/v2\/comments?post=1041"}],"version-history":[{"count":3,"href":"https:\/\/moverdb.com\/sk\/wp-json\/wp\/v2\/pages\/1041\/revisions"}],"predecessor-version":[{"id":6174,"href":"https:\/\/moverdb.com\/sk\/wp-json\/wp\/v2\/pages\/1041\/revisions\/6174"}],"wp:attachment":[{"href":"https:\/\/moverdb.com\/sk\/wp-json\/wp\/v2\/media?parent=1041"}],"curies":[{"name":"wp","href":"https:\/\/api.w.org\/{rel}","templated":true}]}}