{"id":1040,"date":"2016-11-21T22:14:01","date_gmt":"2016-11-21T22:14:01","guid":{"rendered":"http:\/\/moverdb.com\/?page_id=1040"},"modified":"2026-01-08T14:40:11","modified_gmt":"2026-01-08T14:40:11","slug":"mccollisters-stahovanie","status":"publish","type":"page","link":"https:\/\/moverdb.com\/sk\/mccollisters-moving\/","title":{"rendered":"McCollister's Transportation Group: Medzin\u00e1rodn\u00e9 s\u0165ahovanie Recenzie"},"content":{"rendered":"<p>Spolo\u010dnos\u0165 McCollister's Transportation Group je z\u00e1stupcom skupiny UniGroup. Spolo\u010dnos\u0165 pon\u00faka svojim klientom mnoho s\u0165ahovac\u00edch slu\u017eieb, ktor\u00e9 s\u00fa uveden\u00e9 ni\u017e\u0161ie spolu s profilom spolo\u010dnosti a recenziami.<\/p>\n<p><strong>Medzin\u00e1rodn\u00e9 s\u0165ahovanie<\/strong><\/p>\n<ul>\n<li> Vyhraden\u00fd koordin\u00e1tor logistiky<\/li>\n<li> Slu\u017eba od dver\u00ed k dver\u00e1m<\/li>\n<li> Kompletn\u00fd servis<\/li>\n<li> Slu\u017eba Air Ride van<\/li>\n<li> Leteck\u00e1 a n\u00e1morn\u00e1 n\u00e1kladn\u00e1 doprava<\/li>\n<li> Kr\u00e1tkodob\u00e9 a dlhodob\u00e9 skladovanie<\/li>\n<\/ul>\n<p><strong>Komer\u010dn\u00e9 s\u0165ahovanie<\/strong><\/p>\n<ul>\n<li> Premiestnenie kancel\u00e1rie\/objektu<\/li>\n<li> Premiestnenie d\u00e1tov\u00e9ho centra a slu\u017eby IT<\/li>\n<li> Prev\u00e1dzka vn\u00fatorn\u00e9ho priestoru<\/li>\n<li> Syst\u00e9mov\u00fd n\u00e1bytok<\/li>\n<li> Komer\u010dn\u00e9 skladovanie<\/li>\n<li> Kr\u00e1tkodob\u00e9 a dlhodob\u00e9 skladovanie<\/li>\n<\/ul>\n<p><strong>S\u0165ahovanie dom\u00e1cnost\u00ed<\/strong><\/p>\n<ul>\n<li> S\u0165ahovanie do obytn\u00fdch priestorov<\/li>\n<li> Vojensk\u00e9 presuny<\/li>\n<li> Pohyby DIY<\/li>\n<li> UPASS pre \u0161tudentov<\/li>\n<li> Premiest\u0148ovanie firiem<\/li>\n<li> Kompletn\u00fd servis<\/li>\n<li> Od dver\u00ed k dver\u00e1m<\/li>\n<li> Kr\u00e1tkodob\u00e9 a dlhodob\u00e9 skladovanie<\/li>\n<\/ul>\n<p><strong>\u0160pecializovan\u00e1 doprava<\/strong><\/p>\n<ul>\n<li> Premiestnenie zdravotn\u00edckeho zariadenia<\/li>\n<li> Mrazen\u00e1\/kryog\u00e9nna preprava<\/li>\n<li> Umenie a staro\u017eitnosti<\/li>\n<li> Ve\u013etrhy<\/li>\n<li> Sol\u00e1rny priemysel<\/li>\n<li> Biela rukavica\/\u010dal\u00fanen\u00e1 dod\u00e1vka<\/li>\n<li> Riaden\u00e1 kl\u00edma<\/li>\n<li> Vojensk\u00e1 doprava<\/li>\n<li> Automobilov\u00e1 preprava<\/li>\n<li> Z\u00e1bava<\/li>\n<\/ul>\n<h2>Profil spolo\u010dnosti McCollister's Transportation Group<\/h2>\n<p>Spolo\u010dnos\u0165 McCollister's Transportation Group zalo\u017eil v roku 1945 H. Daniel McCollister. McCollister's je s\u00fakromn\u00e1 spolo\u010dnos\u0165 a je z\u00e1stupcom spolo\u010dnosti UniGroup Inc. <a href=\"https:\/\/moverdb.com\/sk\/united-van-lines\/\">Spolo\u010dnos\u0165 United Van Lines<\/a> a <a href=\"https:\/\/moverdb.com\/sk\/mayflower-transit\/\">Mayflower Transit<\/a>. <\/p>\n<p>S\u00eddlo m\u00e1 v Burlingtone, <a href=\"https:\/\/moverdb.com\/sk\/moving-to-the-united-states\/moving-to-new-jersey\/\" data-internallinksmanager029f6b8e52c=\"417\" title=\"S\u0165ahujete sa do New Jersey? 2026 N\u00e1klady na b\u00fdvanie a tipy na pres\u0165ahovanie\">New Jersey<\/a>, spolo\u010dnos\u0165 m\u00e1 viac ako 1 000 zamestnancov na pln\u00fd \u00fav\u00e4zok a prev\u00e1dzkuje viac ako 1 000 vozidiel a s\u0165ahovac\u00edch zariaden\u00ed.<\/p>\n<p>Spolo\u010dnos\u0165 McCollister's m\u00e1 tri hlavn\u00e9 div\u00edzie - premiest\u0148ovanie zamestnancov, obchodn\u00e9 slu\u017eby a logistiku v\u00fdrobkov vysokej hodnoty. Spolo\u010dnos\u0165 uv\u00e1dza, \u017ee za svoj \u00faspech v\u010fa\u010d\u00ed <em>\"flexibiln\u00e9 rie\u0161enia, kvalitn\u00e9 slu\u017eby, bezpe\u010dnos\u0165, efekt\u00edvnos\u0165 a r\u00fdchlos\u0165.\"<\/em> <\/p>\n<p>Spolo\u010dnos\u0165 McCollister's Transportation Group m\u00e1 tieto akredit\u00e1cie a pridru\u017eenia:<\/p>\n<ul>\n<li> <a href=\"https:\/\/moverdb.com\/sk\/som\/\">Medzin\u00e1rodn\u00e1 asoci\u00e1cia s\u0165ahovate\u013eov<\/a> (<a href=\"https:\/\/moverdb.com\/sk\/iam\/\" data-internallinksmanager029f6b8e52c=\"23\" title=\"Vysvetlenie Medzin\u00e1rodnej asoci\u00e1cie s\u0165ahovate\u013eov (IAM)\">IAM<\/a>)<\/li>\n<li> <a href=\"https:\/\/moverdb.com\/sk\/amsa\/\">AMSA<\/a><\/li>\n<li> Certifikovan\u00fd dopravca C-TPAT<\/li>\n<li> <a href=\"https:\/\/moverdb.com\/sk\/obruc-promover\/\">Certifikovan\u00fd ProMover<\/a><\/li>\n<li> <a href=\"https:\/\/moverdb.com\/sk\/rada-pre-premiestnovanie-zamestnancov\/\">Rada pre pres\u0165ahovanie zamestnancov<\/a><\/li>\n<li> <a href=\"https:\/\/moverdb.com\/sk\/moving-to-the-united-states\/\" data-internallinksmanager029f6b8e52c=\"94\" title=\"S\u0165ahujete sa do Spojen\u00fdch \u0161t\u00e1tov? 2022 \u017divotn\u00e9 n\u00e1klady a tipy na pres\u0165ahovanie\">US<\/a> Agent\u00fara na ochranu \u017eivotn\u00e9ho prostredia - SmartWay<\/li>\n<li> Zdru\u017eenie skladn\u00edkov a prepravcov v New Jersey<\/li>\n<li> Better Business Bureau (BBB)<\/li>\n<\/ul>\n<h2>Recenzie spolo\u010dnosti McCollister's Transportation Group<\/h2>\n<p><strong>Pozit\u00edvne:<\/strong><\/p>\n<ul>\n<li> <em>\"Celkovo som bol s touto sk\u00fasenos\u0165ou ve\u013emi spokojn\u00fd, dokonca aj s men\u0161\u00edmi z\u00e1drhe\u013emi, sp\u00f4sob, ak\u00fdm sa probl\u00e9my vyrie\u0161ili, ukazuje, \u017ee s\u00fa naozaj profesion\u00e1lnou spolo\u010dnos\u0165ou.\"<\/em> - Sherif prostredn\u00edctvom <a href=\"https:\/\/www.yelp.com\/biz\/mccollisters-transportation-group-burlington?hrid=DrSyWKiICkF8QIFDonWtLQ&#038;utm_campaign=www_review_share_popup&#038;utm_medium=copy_link&#038;utm_source=(direct)\" target=\"_blank\" rel=\"noopener\">Yelp<\/a>.<\/li>\n<li> <em>\"Skvel\u00e1 sk\u00fasenos\u0165 od prv\u00e9ho telefon\u00e1tu a\u017e po posledn\u00fa krabicu z n\u00e1kladn\u00e9ho auta. Vrelo odpor\u00fa\u010dam!\"<\/em> - Sharon prostredn\u00edctvom <a href=\"https:\/\/www.facebook.com\/pg\/McCollisters\/reviews\/\" target=\"_blank\" rel=\"noopener\">Facebook<\/a><\/li>\n<\/ul>\n<p><strong>Negat\u00edvne:<\/strong><\/p>\n<ul>\n<li> <em>\"T\u00e1to recenzia by bola 5 hviezdi\u010diek, ale pre skuto\u010dnos\u0165, \u017ee niekto z ich pos\u00e1dky okradol m\u0148a a moju rodinu.\"<\/em> - Mike prostredn\u00edctvom <a href=\"https:\/\/www.bbb.org\/new-jersey\/business-reviews\/movers\/mccollister-s-transportation-in-burlington-nj-80001208\/reviews-and-complaints\" target=\"_blank\" rel=\"noopener\">BBB<\/a><\/li>\n<li> <em>\"Zvy\u010dajne nep\u00ed\u0161em na tejto str\u00e1nke, ale mal som s touto spolo\u010dnos\u0165ou hrozn\u00fa sk\u00fasenos\u0165.\"<\/em> - BK prostredn\u00edctvom <a href=\"http:\/\/www.mymovingreviews.com\/movers\/mccollister-s-5188#48089\" target=\"_blank\" rel=\"noopener\">MyMovingReviews<\/a><\/li>\n<\/ul>\n<div itemprop=\"review\" itemscope itemtype=\"http:\/\/schema.org\/Review\">\n<span itemprop=\"author\" itemscope=\"\" itemtype=\"http:\/\/schema.org\/Organization\"><span itemprop=\"name\">MoverDB.com<\/span><\/span> Online preh\u013ead webov\u00fdch str\u00e1nok pre <span itemprop=\"itemreviewed\" itemscope=\"\" itemtype=\"http:\/\/schema.org\/Brand\"><span itemprop=\"name\">Skupina McCollister's Transportation Group<\/span><\/span>:<\/p>\n<ol>\n<li> Jasn\u00e9 kontaktn\u00e9 \u00fadaje na webovej str\u00e1nke (vr\u00e1tane telef\u00f3nneho \u010d\u00edsla): <strong>\u00c1no<\/strong><\/li>\n<li> Jednoduch\u00e9 z\u00edskanie <a href=\"https:\/\/moverdb.com\/sk\/citaty\/\">medzin\u00e1rodn\u00e9 s\u0165ahovanie cit\u00e1cie<\/a>? (Online formul\u00e1r \u017eiadosti o odhad): <strong>\u00c1no<\/strong><\/li>\n<li> Jasn\u00e9 inform\u00e1cie na webovej str\u00e1nke: <strong>Niektor\u00e9<\/strong> Webov\u00e1 str\u00e1nka neobsahuje ve\u013ea podrobn\u00fdch inform\u00e1ci\u00ed.<\/li>\n<li> \u010dlenstvo v medzin\u00e1rodn\u00fdch uzn\u00e1van\u00fdch organiz\u00e1ci\u00e1ch pohybliv\u00fdch zvierat: <strong>\u00c1no<\/strong>, pozri vy\u0161\u0161ie.<\/li>\n<li> Zoznam klientov a\/alebo referencie predch\u00e1dzaj\u00facich z\u00e1kazn\u00edkov: <strong>Nie<\/strong>, hoci maj\u00fa str\u00e1nku na Facebooku s niektor\u00fdmi recenziami. Recenzie zo zvy\u0161ku webu s\u00fa trochu zmie\u0161an\u00e9, ale viac pozit\u00edvne ako negat\u00edvne.<\/li>\n<\/ol>\n<div itemprop=\"reviewRating\" itemscope itemtype=\"http:\/\/schema.org\/Rating\"><meta itemprop=\"worstRating\" content = \"0\" \/><meta itemprop=\"bestRating\" content=\"5\" \/><meta itemprop=\"ratingValue\" content=\"3.5\"><\/div>\n<p><strong>Celkov\u00e9 hodnotenie: 3,5\/5<\/strong><br \/>\n<strong>D\u00e1tum recenzie:<\/strong> <span itemprop=\"datePublished\" content=\"2016-11-21\">21\/11\/2016<\/span>\n<\/div>\n<p>Pre\u010d\u00edtajte si viac o <a href=\"https:\/\/moverdb.com\/sk\/stahovacie-spolocnosti\/\">top medzin\u00e1rodn\u00e9 s\u0165ahovacie spolo\u010dnosti<\/a>, <a href=\"https:\/\/moverdb.com\/sk\/us-kanada-stehovaci\/\">S\u0165ahov\u00e1ci z USA<\/a> a na\u0161e <a href=\"https:\/\/moverdb.com\/sk\/recenzie\/\">proces presk\u00famania<\/a>.<\/p>\n<p><strong>Webov\u00e1 lokalita:<\/strong> <a href=\"https:\/\/www.mccollisters.com\/\" target=\"_blank\" rel=\"noopener\">https:\/\/www.mccollisters.com\/<\/a><\/p>","protected":false},"excerpt":{"rendered":"<p>McCollister&#8217;s Transportation Group is an agent of the UniGroup. The company offers its clients many moving services which are listed below, together with a company profile and reviews. International Moves Dedicated logistics coordinator Door-to-door service Full service Air ride van service Air and sea freight Short and long term storage Commercial Moves Office\/facility relocation Data [&hellip;]<\/p>\n","protected":false},"author":1,"featured_media":0,"parent":0,"menu_order":0,"comment_status":"closed","ping_status":"closed","template":"","meta":{"_genesis_hide_title":false,"_genesis_hide_breadcrumbs":false,"_genesis_hide_singular_image":false,"_genesis_hide_footer_widgets":false,"_genesis_custom_body_class":"","_genesis_custom_post_class":"","_genesis_layout":"","footnotes":""},"class_list":{"0":"post-1040","1":"page","2":"type-page","3":"status-publish","5":"entry"},"_links":{"self":[{"href":"https:\/\/moverdb.com\/sk\/wp-json\/wp\/v2\/pages\/1040","targetHints":{"allow":["GET"]}}],"collection":[{"href":"https:\/\/moverdb.com\/sk\/wp-json\/wp\/v2\/pages"}],"about":[{"href":"https:\/\/moverdb.com\/sk\/wp-json\/wp\/v2\/types\/page"}],"author":[{"embeddable":true,"href":"https:\/\/moverdb.com\/sk\/wp-json\/wp\/v2\/users\/1"}],"replies":[{"embeddable":true,"href":"https:\/\/moverdb.com\/sk\/wp-json\/wp\/v2\/comments?post=1040"}],"version-history":[{"count":7,"href":"https:\/\/moverdb.com\/sk\/wp-json\/wp\/v2\/pages\/1040\/revisions"}],"predecessor-version":[{"id":13175,"href":"https:\/\/moverdb.com\/sk\/wp-json\/wp\/v2\/pages\/1040\/revisions\/13175"}],"wp:attachment":[{"href":"https:\/\/moverdb.com\/sk\/wp-json\/wp\/v2\/media?parent=1040"}],"curies":[{"name":"wp","href":"https:\/\/api.w.org\/{rel}","templated":true}]}}