{"id":1039,"date":"2016-10-26T05:36:32","date_gmt":"2016-10-26T05:36:32","guid":{"rendered":"http:\/\/moverdb.com\/?page_id=1039"},"modified":"2026-01-08T15:30:40","modified_gmt":"2026-01-08T15:30:40","slug":"williams-moving-storage","status":"publish","type":"page","link":"https:\/\/moverdb.com\/sk\/williams-moving-storage\/","title":{"rendered":"Williams Moving &amp; Storage: Medzin\u00e1rodn\u00e9 s\u0165ahovanie Recenzie"},"content":{"rendered":"<p>Spolo\u010dnos\u0165 Williams Moving &amp; Storage Ltd sa nach\u00e1dza v Lethbridge, <a href=\"https:\/\/moverdb.com\/sk\/moving-to-canada\/\" data-internallinksmanager029f6b8e52c=\"265\" title=\"S\u0165ahovanie do Kanady? 2026 N\u00e1klady na b\u00fdvanie a tipy na pres\u0165ahovanie\">Kanada<\/a>. Spolo\u010dnos\u0165 pon\u00faka svojim z\u00e1kazn\u00edkom cel\u00fd rad s\u0165ahovac\u00edch slu\u017eieb, ktor\u00e9 s\u00fa uveden\u00e9 ni\u017e\u0161ie spolu s profilom spolo\u010dnosti a recenziami.<\/p>\n<p><strong>Medzin\u00e1rodn\u00e9 s\u0165ahovanie<\/strong><\/p>\n<ul>\n<li> Presun po \u017eeleznici, lo\u010fou alebo letecky<\/li>\n<li> Pridelen\u00fd mana\u017e\u00e9r presunu<\/li>\n<li> Slu\u017eby od dver\u00ed k dver\u00e1m po celom svete<\/li>\n<li> Balenie - kompletn\u00fd servis, krehk\u00e9 predmety alebo vlastn\u00e9 balenie<\/li>\n<li> Baliace potreby<\/li>\n<li> Coln\u00e9 konanie<\/li>\n<li> Vybalenie - kompletn\u00fd servis, krehk\u00e9 predmety alebo vybalenie vlastn\u00fdmi silami<\/li>\n<li> Dlhodob\u00e9 a kr\u00e1tkodob\u00e9 skladovanie<\/li>\n<\/ul>\n<p><strong>S\u0165ahovanie firiem a obchodn\u00fdch spolo\u010dnost\u00ed<\/strong><\/p>\n<ul>\n<li> Od dver\u00ed k dver\u00e1m<\/li>\n<li> Pridelen\u00fd mana\u017e\u00e9r presunu<\/li>\n<li> Ur\u010den\u00e1 pos\u00e1dka pre citliv\u00e9 materi\u00e1ly<\/li>\n<li> Ur\u010den\u00e1 in\u0161tala\u010dn\u00e1 pos\u00e1dka<\/li>\n<\/ul>\n<p><strong>S\u0165ahovanie do obytn\u00fdch priestorov<\/strong><\/p>\n<ul>\n<li> K dispoz\u00edcii je kompletn\u00fd servis<\/li>\n<li> Pridelen\u00fd mana\u017e\u00e9r presunu<\/li>\n<li> Dod\u00e1van\u00e9 baliace materi\u00e1ly<\/li>\n<li> Balenie - kompletn\u00fd servis, krehk\u00e9 predmety alebo vlastnoru\u010dn\u00e9 balenie<\/li>\n<li> Vyba\u013eovanie - kompletn\u00fd servis, krehk\u00e9 predmety alebo si ich m\u00f4\u017eete vyba\u013eova\u0165 sami<\/li>\n<\/ul>\n<p><strong>Pohyby typu \"urob si s\u00e1m<\/strong><\/p>\n<ul>\n<li> Dodan\u00e9 n\u00e1kladn\u00e9 vozidlo a baliaci materi\u00e1l<\/li>\n<li> 8 hod\u00edn na balenie a nakladanie<\/li>\n<li> Presun do skladu<\/li>\n<li> Na mieste ur\u010denia - 8 hod\u00edn na vylo\u017eenie<\/li>\n<\/ul>\n<h2>Williams Moving &amp; Storage Profil spolo\u010dnosti<\/h2>\n<p><em><strong>Upozor\u0148ujeme<\/strong> \u017ee spolo\u010dnos\u0165 Williams Moving &amp; Storage <a href=\"http:\/\/globalnews.ca\/news\/1787201\/after-86-years-williams-moving-and-storage-files-for-bankruptcy\/\" target=\"_blank\" rel=\"noopener\">v roku 2015 vyhl\u00e1sila konkurz<\/a>. Spolo\u010dnos\u0165 Williams Moving &amp; Storage (Cranbrook) Ltd. v\u0161ak st\u00e1le podnik\u00e1 a je vyprofilovan\u00e1 ni\u017e\u0161ie.<\/em><\/p>\n<p>Spolo\u010dnos\u0165 Williams Moving and Storage bola zalo\u017een\u00e1 v roku 1929. S\u0165ahuje jednotlivcov a spolo\u010dnosti na miestnej aj medzin\u00e1rodnej \u00farovni. Spolo\u010dnos\u0165 sa \u0161pecializuje na firemn\u00e9 a komer\u010dn\u00e9, reziden\u010dn\u00e9 a <a href=\"https:\/\/moverdb.com\/sk\/kontajnerova-preprava\/\">medzin\u00e1rodn\u00e9 s\u0165ahovanie<\/a>. <\/p>\n<p>Jednou z jej inovat\u00edvnych slu\u017eieb je s\u0165ahovanie \"urob si s\u00e1m\", ktor\u00e9 je ide\u00e1lne pre z\u00e1kazn\u00edkov s obmedzen\u00fdm rozpo\u010dtom. <\/p>\n<p>Spolo\u010dnos\u0165 Williams Moving &amp; Storage m\u00e1 vysoko \u0161pecializovan\u00e9 s\u0165ahovacie zariadenia, ktor\u00e9 zaru\u010duj\u00fa, \u017ee va\u0161e veci premiestnia \u013eahko, r\u00fdchlo a bez ich po\u0161kodenia.<\/p>\n<p>Spolo\u010dnos\u0165 Williams Moving &amp; Storage m\u00e1 tieto akredit\u00e1cie a afili\u00e1cie:<\/p>\n<ul>\n<li> <a href=\"https:\/\/moverdb.com\/sk\/fidi-faim\/\">Feder\u00e1cia medzin\u00e1rodn\u00fdch s\u0165ahovate\u013eov<\/a> (<a href=\"https:\/\/moverdb.com\/sk\/fidi-faim\/\" data-internallinksmanager029f6b8e52c=\"16\" title=\"Vysvetlenie FIDI a FAIM (FIDI akreditovan\u00fd medzin\u00e1rodn\u00fd prepravca)\">FIDI<\/a>)<\/li>\n<li> <a href=\"https:\/\/moverdb.com\/sk\/fidi-faim\/\">Akreditovan\u00e9 medzin\u00e1rodn\u00e9 s\u0165ahovacie slu\u017eby FIDI<\/a> (FAIM)<\/li>\n<li> <a href=\"https:\/\/moverdb.com\/sk\/som\/\">Medzin\u00e1rodn\u00e1 asoci\u00e1cia s\u0165ahovate\u013eov<\/a> (<a href=\"https:\/\/moverdb.com\/sk\/iam\/\" data-internallinksmanager029f6b8e52c=\"23\" title=\"Vysvetlenie Medzin\u00e1rodnej asoci\u00e1cie s\u0165ahovate\u013eov (IAM)\">IAM<\/a>)<\/li>\n<li> Overseas Moving Network International (OMNI)<\/li>\n<li> Sie\u0165 pohostinstva (NEWH)<\/li>\n<li> Sie\u0165 pre komer\u010dn\u00e9 premiest\u0148ovanie (CRN)<\/li>\n<li> <a href=\"https:\/\/moverdb.com\/sk\/united-van-lines\/\">Spolo\u010dnos\u0165 United Van Lines<\/a> (Kanada)<\/li>\n<\/ul>\n<h2>Williams Moving &amp; Storage Recenzie<\/h2>\n<p><strong>Pozit\u00edvne:<\/strong><\/p>\n<ul>\n<li> \"<em>Bola to skvel\u00e1 spolo\u010dnos\u0165, s ktorou ste sa zaoberali od za\u010diatku a\u017e do konca. Odhadca bol ve\u013emi profesion\u00e1lny a trpezlivo odpovedal na v\u0161etky moje ot\u00e1zky. V de\u0148 s\u0165ahovania prebehlo v\u0161etko ve\u013emi hladko. S\u0165ahovacia \u010data bola efekt\u00edvna a ve\u013emi opatrn\u00e1 s mojimi vecami.\"<\/em> - Shairoz prostredn\u00edctvom <a href=\"https:\/\/homestars.com\/companies\/229930-williams-moving-and-storage\/reviews\/61856\" target=\"_blank\" rel=\"noopener\">HomeStars<\/a> <\/li>\n<\/ul>\n<p><strong>Negat\u00edvne:<\/strong><\/p>\n<ul>\n<li> <em>\"Spolo\u010dnos\u0165 Williams Moving and Storage by sa mala hanbi\u0165. Ukazuj\u00fa sa s n\u00e1hodn\u00fdmi robotn\u00edkmi, ktor\u00ed sa nem\u00f4\u017eu stara\u0165 o v\u00e1\u0161 pokoj a nemaj\u00fa chu\u0165 pracova\u0165.\"<\/em> - Julie B. prostredn\u00edctvom <a href=\"http:\/\/www.bbb.org\/calgary\/business-reviews\/movers\/williams-moving-and-storage-lethbridge-in-lethbridge-ab-36707\/customer-reviews\" target=\"_blank\" rel=\"noopener\">BBB<\/a><\/li>\n<\/ul>\n<div itemprop=\"review\" itemscope itemtype=\"http:\/\/schema.org\/Review\">\n<span itemprop=\"author\" itemscope=\"\" itemtype=\"http:\/\/schema.org\/Organization\"><span itemprop=\"name\">MoverDB.com<\/span><\/span> Online preh\u013ead webov\u00fdch str\u00e1nok pre <span itemprop=\"itemreviewed\" itemscope=\"\" itemtype=\"http:\/\/schema.org\/Brand\"><span itemprop=\"name\">Williams Moving &amp; Storage<\/span><\/span>:<\/p>\n<ol>\n<li> Jasn\u00e9 kontaktn\u00e9 \u00fadaje na webovej str\u00e1nke (vr\u00e1tane telef\u00f3nneho \u010d\u00edsla): <strong>\u00c1no<\/strong><\/li>\n<li> Jednoduch\u00e9 z\u00edskanie <a href=\"https:\/\/moverdb.com\/sk\/citaty\/\">medzin\u00e1rodn\u00e9 s\u0165ahovanie cit\u00e1cie<\/a>? (Online formul\u00e1r \u017eiadosti o odhad): <strong>\u00c1no<\/strong><\/li>\n<li> Jasn\u00e9 inform\u00e1cie na webovej str\u00e1nke: <strong>Nie<\/strong>, Webov\u00e1 str\u00e1nka v\u00e1m o spolo\u010dnosti alebo pon\u00fakan\u00fdch slu\u017eb\u00e1ch povie len ve\u013emi m\u00e1lo.<\/li>\n<li> \u010dlenstvo v medzin\u00e1rodn\u00fdch uzn\u00e1van\u00fdch organiz\u00e1ci\u00e1ch pohybliv\u00fdch zvierat: <strong>\u00c1no<\/strong>, mnoh\u00e9, pozri vy\u0161\u0161ie<\/li>\n<li> Zoznam klientov a\/alebo referencie predch\u00e1dzaj\u00facich z\u00e1kazn\u00edkov: <strong>Nie,<\/strong> a recenzie na webe s\u00fa dos\u0165 zmie\u0161an\u00e9.<\/li>\n<\/ol>\n<div itemprop=\"reviewRating\" itemscope itemtype=\"http:\/\/schema.org\/Rating\"><meta itemprop=\"worstRating\" content = \"0\" \/><meta itemprop=\"bestRating\" content=\"5\" \/><meta itemprop=\"ratingValue\" content=\"3\"><\/div>\n<p><strong>Celkov\u00e9 hodnotenie: 3\/5<\/strong><br \/>\n<strong>D\u00e1tum recenzie:<\/strong> <span itemprop=\"datePublished\" content=\"2016-10-26\">21\/08\/2016<\/span>\n<\/div>\n<p>Pre\u010d\u00edtajte si viac o <a href=\"https:\/\/moverdb.com\/sk\/stahovacie-spolocnosti\/\">Najlep\u0161ie s\u0165ahovacie spolo\u010dnosti<\/a>, <a href=\"https:\/\/moverdb.com\/sk\/us-kanada-stehovaci\/\">Kanadsk\u00e9 s\u0165ahovacie spolo\u010dnosti<\/a> a na\u0161e <a href=\"https:\/\/moverdb.com\/sk\/recenzie\/\">proces presk\u00famania<\/a>.<\/p>\n<p><strong>Webov\u00e1 lokalita:<\/strong> <a href=\"http:\/\/williamsmovingltd.com\/\" target=\"_blank\" rel=\"noopener\">http:\/\/williamsmovingltd.com\/<\/a><\/p>","protected":false},"excerpt":{"rendered":"<p>Williams Moving &#038; Storage Ltd is located in Lethbridge, Canada. The company offers its customers a range of moving services which are listed below, together with a company profile and reviews. International Moves Move by rail, ship or air Assigned move manager Door-to-door service worldwide Packing &#8211; full service, fragile items or self-pack Packing supplies [&hellip;]<\/p>\n","protected":false},"author":1,"featured_media":0,"parent":0,"menu_order":0,"comment_status":"closed","ping_status":"closed","template":"","meta":{"_genesis_hide_title":false,"_genesis_hide_breadcrumbs":false,"_genesis_hide_singular_image":false,"_genesis_hide_footer_widgets":false,"_genesis_custom_body_class":"","_genesis_custom_post_class":"","_genesis_layout":"","footnotes":""},"class_list":{"0":"post-1039","1":"page","2":"type-page","3":"status-publish","5":"entry"},"_links":{"self":[{"href":"https:\/\/moverdb.com\/sk\/wp-json\/wp\/v2\/pages\/1039","targetHints":{"allow":["GET"]}}],"collection":[{"href":"https:\/\/moverdb.com\/sk\/wp-json\/wp\/v2\/pages"}],"about":[{"href":"https:\/\/moverdb.com\/sk\/wp-json\/wp\/v2\/types\/page"}],"author":[{"embeddable":true,"href":"https:\/\/moverdb.com\/sk\/wp-json\/wp\/v2\/users\/1"}],"replies":[{"embeddable":true,"href":"https:\/\/moverdb.com\/sk\/wp-json\/wp\/v2\/comments?post=1039"}],"version-history":[{"count":4,"href":"https:\/\/moverdb.com\/sk\/wp-json\/wp\/v2\/pages\/1039\/revisions"}],"predecessor-version":[{"id":6252,"href":"https:\/\/moverdb.com\/sk\/wp-json\/wp\/v2\/pages\/1039\/revisions\/6252"}],"wp:attachment":[{"href":"https:\/\/moverdb.com\/sk\/wp-json\/wp\/v2\/media?parent=1039"}],"curies":[{"name":"wp","href":"https:\/\/api.w.org\/{rel}","templated":true}]}}