{"id":1038,"date":"2016-11-05T17:02:13","date_gmt":"2016-11-05T17:02:13","guid":{"rendered":"http:\/\/moverdb.com\/?page_id=1038"},"modified":"2026-01-08T15:20:27","modified_gmt":"2026-01-08T15:20:27","slug":"national-van-lines","status":"publish","type":"page","link":"https:\/\/moverdb.com\/sk\/national-van-lines\/","title":{"rendered":"Spolo\u010dnos\u0165 National Van Lines: Medzin\u00e1rodn\u00e9 s\u0165ahovanie Recenzie"},"content":{"rendered":"<p>Spolo\u010dnos\u0165 National Van Lines pon\u00faka svojim z\u00e1kazn\u00edkom \u0161irok\u00fa \u0161k\u00e1lu s\u0165ahovac\u00edch slu\u017eieb. Tieto slu\u017eby s\u00fa uveden\u00e9 ni\u017e\u0161ie spolu s profilom spolo\u010dnosti a recenziami.<\/p>\n<p><strong>Medzin\u00e1rodn\u00e9 s\u0165ahovanie<\/strong><\/p>\n<ul>\n<li> Individu\u00e1lne a firemn\u00e9<\/li>\n<li> Vyhraden\u00fd koordin\u00e1tor s\u0165ahovania<\/li>\n<li> Poradenstvo vo v\u0161etk\u00fdch aspektoch procesu s\u0165ahovania<\/li>\n<li> Usmernenie k po\u017eiadavk\u00e1m na dokument\u00e1ciu<\/li>\n<li> <a href=\"https:\/\/moverdb.com\/sk\/citaty\/\">Odhady n\u00e1kladov od dver\u00ed k dver\u00e1m<\/a> pre <a href=\"https:\/\/moverdb.com\/sk\/kontajnerova-preprava\/\">n\u00e1morn\u00e1 alebo leteck\u00e1 preprava<\/a><\/li>\n<li> sledovanie, aby sa zabezpe\u010dilo bezpe\u010dn\u00e9 doru\u010denie z\u00e1sielky<\/li>\n<li> Koordin\u00e1cia ka\u017ed\u00e9ho kroku s\u0165ahovania<\/li>\n<li> Pomoc v nepravdepodobnom pr\u00edpade poistnej udalosti<\/li>\n<\/ul>\n<p><strong>\u0160pecializovan\u00e9 pohyby<\/strong><\/p>\n<ul>\n<li> Zariadenia obchodu<\/li>\n<li> Elektronika<\/li>\n<li> Ve\u013etrhy<\/li>\n<li> Hern\u00e9 zariadenia<\/li>\n<li> Hracie automaty<\/li>\n<li> Automobilov\u00e1 preprava<\/li>\n<li> Klav\u00edr pohybuj\u00face<\/li>\n<li> Umenie v pohybe<\/li>\n<li> Dedinsk\u00e9 hodiny a staro\u017eitnosti<\/li>\n<li> S\u0165ahov\u00e1ci biliardov\u00fdch stolov<\/li>\n<\/ul>\n<p><strong>Premiestnenie spolo\u010dnosti<\/strong><\/p>\n<ul>\n<li> Medzin\u00e1rodn\u00e9 a miestne<\/li>\n<li> Jeden zamestnanec alebo cel\u00e1 kancel\u00e1ria<\/li>\n<li> S\u0165ahovanie po\u010d\u00edta\u010dov a elektroniky<\/li>\n<li> S\u0165ahovanie laborat\u00f3rneho a zdravotn\u00edckeho vybavenia<\/li>\n<\/ul>\n<p><strong>S\u0165ahovanie dom\u00e1cnost\u00ed<\/strong><\/p>\n<ul>\n<li> Miestne s\u0165ahovanie<\/li>\n<li> S\u0165ahovanie na dlh\u00e9 vzdialenosti<\/li>\n<li> Cross country<\/li>\n<li> Medzi\u0161t\u00e1tne<\/li>\n<li> Vn\u00fatro\u0161t\u00e1tne<\/li>\n<li> N\u00e1rodn\u00e1 str\u00e1nka<\/li>\n<li> Od dver\u00ed k dver\u00e1m<\/li>\n<li> Kompletn\u00e1 ponuka slu\u017eieb<\/li>\n<\/ul>\n<p><strong>\u00dalo\u017eisko<\/strong><\/p>\n<ul>\n<li> Dlhodob\u00e9 a kr\u00e1tkodob\u00e9<\/li>\n<li> Riaden\u00e1 kl\u00edma<\/li>\n<li> Zabezpe\u010denie 24 hod\u00edn denne, 7 dn\u00ed v t\u00fd\u017edni<\/li>\n<\/ul>\n<h2>Profil spolo\u010dnosti National Van Lines<\/h2>\n<p>S\u00fa\u010dasn\u00e1 gener\u00e1lna riadite\u013eka spolo\u010dnosti National Van Lines Maureen Bealov\u00e1 je vnu\u010dkou jej zakladate\u013ea F. J. McKeeho. McKee za\u010dal podnika\u0165 v roku <a href=\"https:\/\/moverdb.com\/sk\/stahovanie-do-chicaga\/\">Chicago<\/a> v roku 1901 s jedn\u00fdm vozom a jedn\u00fdm pon\u00edkom na rozvoz \u013eadu a uhlia. <\/p>\n<p>Odvtedy sa spolo\u010dnosti dar\u00ed a v s\u00fa\u010dasnosti prepravuje \u013eud\u00ed, spolo\u010dnosti a vojensk\u00fd person\u00e1l na miestnej i celosvetovej \u00farovni. M\u00e1 viac ako 400 agentov, ktor\u00ed jej pom\u00e1haj\u00fa pri tomto procese.<\/p>\n<p>Motto spolo\u010dnosti je \"Moving Your Memories\" (St\u011bhovanie va\u0161ich spomienok), ktor\u00e9 zamestnancom aj z\u00e1kazn\u00edkom pripom\u00edna, \u017ee osobn\u00e9 veci s\u00fa vz\u00e1cne a v\u017edy sa s nimi bude zaobch\u00e1dza\u0165 opatrne.<\/p>\n<p>Spolo\u010dnos\u0165 National Van Lines m\u00e1 tieto akredit\u00e1cie a pridru\u017eenia:<\/p>\n<ul>\n<li> <a href=\"https:\/\/moverdb.com\/sk\/obruc-promover\/\">Certifikovan\u00fd ProMover<\/a><\/li>\n<li> Akredit\u00e1cia Better Business Bureau (BBB)<\/li>\n<li> Movers.Com Overen\u00e9 Mover<\/li>\n<li> <a href=\"https:\/\/moverdb.com\/sk\/fidi-faim\/\">FIDI<\/a><\/li>\n<\/ul>\n<h2>Recenzie spolo\u010dnosti National Van Lines<\/h2>\n<p><strong>Pozit\u00edvne:<\/strong><\/p>\n<ul>\n<li> <em>\"Bol som ve\u013emi spokojn\u00fd s vyzdvihnut\u00edm a dodan\u00edm m\u00f4jho n\u00e1bytku. Dave bol tie\u017e ve\u013emi profesion\u00e1lny a poskytol mi spravodliv\u00fd odhad.\"<\/em> - Bari prostredn\u00edctvom str\u00e1nky s referenciami spolo\u010dnosti<\/li>\n<li> <em>\"Spolo\u010dnos\u0165 National Van Lines vyzdvihla na\u010das, doru\u010dila na\u010das a ni\u010d sa nestratilo ani nerozbilo.\"<\/em> - Gail prostredn\u00edctvom <a href=\"https:\/\/www.yelp.co.uk\/biz\/national-van-lines-broadview?hrid=xrO9qdjtpdZ-DKkGynhkBw&#038;utm_campaign=www_review_share_popup&#038;utm_medium=copy_link&#038;utm_source=(direct)\" target=\"_blank\" rel=\"noopener\">Yelp<\/a><\/li>\n<li> <em>\"Chcem poveda\u0165 len jedno slovo. \u00da\u017dASN\u00c9!\"<\/em> - Lori prostredn\u00edctvom <a href=\"http:\/\/www.mymovingreviews.com\/movers\/national-van-lines-256#59528\" target=\"_blank\" rel=\"noopener\">MyMovingReviews.com<\/a><\/li>\n<\/ul>\n<p><strong>Negat\u00edvne:<\/strong><\/p>\n<ul>\n<li> <em>\"Za posledn\u00fdch 8 rokov som sa s\u0165ahoval 5-6-kr\u00e1t a nikdy som nemal tak\u00fa sk\u00fasenos\u0165.\"<\/em> - Cindy prostredn\u00edctvom <a href=\"https:\/\/www.consumeraffairs.com\/movers\/national.htm\" target=\"_blank\" rel=\"noopener\">Spotrebite\u013esk\u00e9 z\u00e1le\u017eitosti<\/a><\/li>\n<li> <em>\"Spolo\u010dnos\u0165 National Van Lines nedoru\u010dila m\u00f4j tovar do dom\u00e1cnosti v de\u0148, ktor\u00fd mi ozn\u00e1mil vodi\u010d. Povedali mi, \u017ee na fakt\u00fare m\u00e1m uveden\u00fd d\u00e1tum, ale probl\u00e9m bol v tom, \u017ee som fakt\u00faru nikdy nedostal. Pri doru\u010den\u00ed ch\u00fdbala viac ako polovica mojich vec\u00ed.\"<\/em> - Franchon prostredn\u00edctvom <a href=\"http:\/\/www.bbb.org\/chicago\/business-reviews\/movers\/national-van-lines-inc-in-broadview-il-5114\/customer-reviews\" target=\"_blank\" rel=\"noopener\">BBB<\/a><\/li>\n<li> <em>\"Na\u0161a sk\u00fasenos\u0165 so spolo\u010dnos\u0165ou National Van Lines bola no\u010dnou morou. Z\u00e1stupca, ktor\u00fd podp\u00edsal <a href=\"https:\/\/moverdb.com\/sk\/moving-to-the-united-states\/\" data-internallinksmanager029f6b8e52c=\"94\" title=\"S\u0165ahujete sa do Spojen\u00fdch \u0161t\u00e1tov? 2022 \u017divotn\u00e9 n\u00e1klady a tipy na pres\u0165ahovanie\">n\u00e1s<\/a> up sa zdala by\u0165 tak\u00e1 profesion\u00e1lna a efekt\u00edvna, ke\u010f sme sa s \u0148ou stretli. Ani vo sne by n\u00e1s nenapadlo, \u017ee sa dost\u00e1vame do stra\u0161nej \u0161lamastiky.\"<\/em> - prostredn\u00edctvom <a href=\"http:\/\/moving-companies.credio.com\/l\/21\/National-Van-Lines\" target=\"_blank\" rel=\"noopener\">Credio<\/a><\/li>\n<\/ul>\n<div itemprop=\"review\" itemscope itemtype=\"http:\/\/schema.org\/Review\">\n<span itemprop=\"author\" itemscope=\"\" itemtype=\"http:\/\/schema.org\/Organization\"><span itemprop=\"name\">MoverDB.com<\/span><\/span> Online preh\u013ead webov\u00fdch str\u00e1nok pre <span itemprop=\"itemreviewed\" itemscope=\"\" itemtype=\"http:\/\/schema.org\/Brand\"><span itemprop=\"name\">N\u00e1rodn\u00e1 spolo\u010dnos\u0165 Van Lines<\/span><\/span>:<\/p>\n<ol>\n<li> Jasn\u00e9 kontaktn\u00e9 \u00fadaje na webovej str\u00e1nke (vr\u00e1tane telef\u00f3nneho \u010d\u00edsla): <strong>\u00c1no<\/strong><\/li>\n<li> Jednoduch\u00e9 z\u00edskanie <a href=\"https:\/\/moverdb.com\/sk\/citaty\/\">medzin\u00e1rodn\u00e9 s\u0165ahovanie cit\u00e1cie<\/a>? (Online formul\u00e1r \u017eiadosti o odhad): <strong>\u00c1no<\/strong><\/li>\n<li> Jasn\u00e9 inform\u00e1cie na webovej str\u00e1nke: <strong>\u00c1no<\/strong> na webovej str\u00e1nke s\u00fa uveden\u00e9 ich slu\u017eby a u\u017eito\u010dn\u00e9 pr\u00edru\u010dky.<\/li>\n<li> \u010dlenstvo v medzin\u00e1rodn\u00fdch uzn\u00e1van\u00fdch organiz\u00e1ci\u00e1ch pohybliv\u00fdch zvierat: <strong>\u00c1no<\/strong><\/li>\n<li> Zoznam klientov a\/alebo referencie predch\u00e1dzaj\u00facich z\u00e1kazn\u00edkov: <strong>\u00c1no<\/strong> Na str\u00e1nke s\u00fa pozit\u00edvne posudky z\u00e1kazn\u00edkov, ale na zvy\u0161ku internetu je nieko\u013eko negat\u00edvnych.<\/li>\n<\/ol>\n<div itemprop=\"reviewRating\" itemscope itemtype=\"http:\/\/schema.org\/Rating\"><meta itemprop=\"worstRating\" content = \"0\" \/><meta itemprop=\"bestRating\" content=\"5\" \/><meta itemprop=\"ratingValue\" content=\"4.5\"><\/div>\n<p><strong>Celkov\u00e9 hodnotenie: 4,5\/5<\/strong><br \/>\n<strong>D\u00e1tum recenzie:<\/strong> <span itemprop=\"datePublished\" content=\"2016-11-05\">05\/11\/2016<\/span>\n<\/div>\n<p>Pre\u010d\u00edtajte si viac o <a href=\"https:\/\/moverdb.com\/sk\/stahovacie-spolocnosti\/\">top medzin\u00e1rodn\u00e9 s\u0165ahovacie spolo\u010dnosti<\/a>, <a href=\"https:\/\/moverdb.com\/sk\/us-kanada-stehovaci\/\">S\u0165ahov\u00e1ci z USA<\/a> a na\u0161e <a href=\"https:\/\/moverdb.com\/sk\/recenzie\/\">proces presk\u00famania<\/a>.<\/p>\n<p><strong>Webov\u00e1 lokalita:<\/strong> <a href=\"http:\/\/www.nationalvanlines.com\/\" target=\"_blank\" rel=\"noopener\">http:\/\/www.nationalvanlines.com\/<\/a><\/p>","protected":false},"excerpt":{"rendered":"<p>National Van Lines offers its customers a wide range of moving services. These are listed below together with a company profile and reviews. International Moves Individual and corporate Dedicated move coordinator Counselling on all aspects of the moving process Guidance on documentation requirements Door-to-door cost estimates for shipping by ocean or air Tracking to ensure [&hellip;]<\/p>\n","protected":false},"author":1,"featured_media":0,"parent":0,"menu_order":0,"comment_status":"closed","ping_status":"closed","template":"","meta":{"_genesis_hide_title":false,"_genesis_hide_breadcrumbs":false,"_genesis_hide_singular_image":false,"_genesis_hide_footer_widgets":false,"_genesis_custom_body_class":"","_genesis_custom_post_class":"","_genesis_layout":"","footnotes":""},"class_list":{"0":"post-1038","1":"page","2":"type-page","3":"status-publish","5":"entry"},"_links":{"self":[{"href":"https:\/\/moverdb.com\/sk\/wp-json\/wp\/v2\/pages\/1038","targetHints":{"allow":["GET"]}}],"collection":[{"href":"https:\/\/moverdb.com\/sk\/wp-json\/wp\/v2\/pages"}],"about":[{"href":"https:\/\/moverdb.com\/sk\/wp-json\/wp\/v2\/types\/page"}],"author":[{"embeddable":true,"href":"https:\/\/moverdb.com\/sk\/wp-json\/wp\/v2\/users\/1"}],"replies":[{"embeddable":true,"href":"https:\/\/moverdb.com\/sk\/wp-json\/wp\/v2\/comments?post=1038"}],"version-history":[{"count":6,"href":"https:\/\/moverdb.com\/sk\/wp-json\/wp\/v2\/pages\/1038\/revisions"}],"predecessor-version":[{"id":6225,"href":"https:\/\/moverdb.com\/sk\/wp-json\/wp\/v2\/pages\/1038\/revisions\/6225"}],"wp:attachment":[{"href":"https:\/\/moverdb.com\/sk\/wp-json\/wp\/v2\/media?parent=1038"}],"curies":[{"name":"wp","href":"https:\/\/api.w.org\/{rel}","templated":true}]}}