{"id":1037,"date":"2016-11-21T06:45:07","date_gmt":"2016-11-21T06:45:07","guid":{"rendered":"http:\/\/moverdb.com\/?page_id=1037"},"modified":"2026-01-08T14:47:47","modified_gmt":"2026-01-08T14:47:47","slug":"berger-allianz","status":"publish","type":"page","link":"https:\/\/moverdb.com\/sk\/berger-allied\/","title":{"rendered":"Berger Allied (Transfer &amp; Storage): Medzin\u00e1rodn\u00e9 s\u0165ahovanie Recenzie"},"content":{"rendered":"<p>Spolo\u010dnos\u0165 Berger Allied (ofici\u00e1lne Berger Transfer &amp; Storage) s\u00eddli v meste St. Svojim z\u00e1kazn\u00edkom pon\u00faka cel\u00fd rad s\u0165ahovac\u00edch slu\u017eieb, ktor\u00e9 s\u00fa uveden\u00e9 ni\u017e\u0161ie spolu s profilom spolo\u010dnosti a recenziami.<\/p>\n<p><strong>Medzin\u00e1rodn\u00e9 s\u0165ahovanie<\/strong><\/p>\n<ul>\n<li> Pr\u00edprava na s\u0165ahovanie<\/li>\n<li> Konzult\u00e1cie a prieskum<\/li>\n<li> Dokument\u00e1cia<\/li>\n<li> Bezpe\u010dnostn\u00e9 aspekty<\/li>\n<li> Balenie a nakladanie<\/li>\n<li> Nakladanie polo\u017eiek v re\u017eime Live priamo do prepravn\u00e9ho kontajnera<\/li>\n<li> Coln\u00e9 odbavenie<\/li>\n<li> Dodanie a vybalenie<\/li>\n<\/ul>\n<p><strong>S\u0165ahovanie obytn\u00fdch budov<\/strong><\/p>\n<ul>\n<li> Pl\u00e1novanie presunu<\/li>\n<li> S\u0165ahovanie na dlh\u00e9 vzdialenosti<\/li>\n<li> Balenie s kompletn\u00fdmi slu\u017ebami<\/li>\n<li> Vlastn\u00e9 balenie<\/li>\n<li> <a href=\"https:\/\/moverdb.com\/sk\/automobilova-doprava-a-preprava\/\">Vozidlo<\/a>, preprava lod\u00ed a motocyklov<\/li>\n<li> Mont\u00e1\u017e\/demont\u00e1\u017e<\/li>\n<li> Op\u00e4tovn\u00e9 pripojenie\/odpojenie spotrebi\u010dov<\/li>\n<li> Vyba\u013eovanie a odstra\u0148ovanie trosiek<\/li>\n<li> Online sledovanie z\u00e1sielok<\/li>\n<li> S\u0165ahovacie slu\u017eby pre seniorov<\/li>\n<\/ul>\n<p><strong>Slu\u017eby premiest\u0148ovania firiem<\/strong><\/p>\n<ul>\n<li> Poradcovia pre pres\u0165ahovanie<\/li>\n<li> Program relok\u00e1cie, ktor\u00fd vyhovuje jedine\u010dnej kult\u00fare, z\u00e1sad\u00e1m a rozpo\u010dtov\u00fdm cie\u013eom va\u0161ej spolo\u010dnosti.<\/li>\n<li> \u0160pecializovan\u00ed koordin\u00e1tori s\u0165ahovania <\/li>\n<\/ul>\n<p><strong>Komer\u010dn\u00e9 s\u0165ahovacie slu\u017eby<\/strong><\/p>\n<ul>\n<li> S\u0165ahovanie kancel\u00e1ri\u00ed<\/li>\n<li> Ukladanie z\u00e1znamov<\/li>\n<li> Skladovanie<\/li>\n<li> \u0160pecializovan\u00e1 doprava<\/li>\n<li> Spr\u00e1va akt\u00edv<\/li>\n<li> Pl\u00e1novanie priestoru CAD<\/li>\n<li> Riadenie projektu na mieste<\/li>\n<\/ul>\n<h2>Profil spolo\u010dnosti Berger Allied<\/h2>\n<p>Spolo\u010dnos\u0165 Berger Transfer and Storage p\u00f4sob\u00ed na trhu od roku 1910. Spolupracuje s jednotlivcami, spolo\u010dnos\u0165ami a \u0161t\u00e1tnymi in\u0161tit\u00faciami. Veria, \u017ee ich najv\u00e4\u010d\u0161ou silou je zameranie na kvalitn\u00e9 slu\u017eby z\u00e1kazn\u00edkom.<\/p>\n<p>Disponuj\u00fa vozov\u00fdm parkom s viac ako 600 dod\u00e1vkami a n\u00e1kladn\u00fdmi vozidlami a ro\u010dne koordinuj\u00fa pribli\u017ene 24 000 s\u0165ahovan\u00ed rod\u00edn. Pom\u00e1haj\u00fa tie\u017e z\u00edskava\u0165 finan\u010dn\u00e9 prostriedky pre organiz\u00e1cie United Way, Junior Achievements, Boy Scouts a Girl Scouts of America, March of Dimes, Special Olympics a Move For Hunger.<\/p>\n<p>Spolo\u010dnos\u0165 Berger Transfer and Storage m\u00e1 tieto akredit\u00e1cie a pr\u00edslu\u0161nos\u0165:<\/p>\n<ul>\n<li> <a href=\"https:\/\/moverdb.com\/sk\/amsa\/\">AMSA<\/a><\/li>\n<li> AHFA<\/li>\n<li> <a href=\"https:\/\/moverdb.com\/sk\/som\/\">IAM<\/a><\/li>\n<li> ATA<\/li>\n<li> <a href=\"https:\/\/moverdb.com\/sk\/obruc-promover\/\">Promover<\/a><\/li>\n<li> <a href=\"https:\/\/moverdb.com\/sk\/rada-pre-premiestnovanie-zamestnancov\/\">Celosvetov\u00e1 ERC<\/a><\/li>\n<li> PSA<\/li>\n<li> Hnutie za hlad<\/li>\n<li> Akreditovan\u00e1 spolo\u010dnos\u0165 BBB<\/li>\n<\/ul>\n<h2>Berger Allied (Transfer and Storage) Recenzie<\/h2>\n<p><strong>Pozit\u00edvne:<\/strong><\/p>\n<ul>\n<li> <em>\"Na\u0161a sk\u00fasenos\u0165 so s\u0165ahovan\u00edm cez krajinu so spolo\u010dnos\u0165ou Berger Allied bola tak\u00e1 dobr\u00e1, ako sa len d\u00e1!\"<\/em> - Paul M prostredn\u00edctvom <a href=\"https:\/\/www.yelp.com\/biz\/berger-allied-van-lines-austin?hrid=r3MbhX4j_6c1VOPPSbKe_g&#038;utm_campaign=www_review_share_popup&#038;utm_medium=copy_link&#038;utm_source=(direct)\" target=\"_blank\" rel=\"noopener\">Yelp<\/a> <\/li>\n<li> <em>\"T\u00edm Berger v Las Vegas je jednoducho \u00fa\u017easn\u00fd. Nielen\u017ee s\u00fa kompetentn\u00ed a pr\u00edjemn\u00ed, ale ich z\u00e1kazn\u00edcky servis je pravdepodobne najlep\u0161\u00ed, s ak\u00fdm som sa kedy stretol.\"<\/em> - Viki prostredn\u00edctvom <a href=\"https:\/\/www.facebook.com\/pg\/bergermoving\/reviews\/\" target=\"_blank\" rel=\"noopener\">Facebook<\/a><\/li>\n<li> <em>\"Pri\u0161li na\u010das. Zabalili v\u0161etok n\u00e1bytok do podlo\u017eiek a venovali viac \u010dasu, aby sa uistili, \u017ee v\u0161etko bolo uroben\u00e9 spr\u00e1vne. Venovali \u010das tomu, aby sa uistili, \u017ee neboli po\u0161koden\u00e9 \u017eiadne steny.\"<\/em> - Daniel prostredn\u00edctvom <a href=\"http:\/\/www.movingcompanyreviews.com\/MN\/St-Paul\/berger-transfer-storage-60973\" target=\"_blank\" rel=\"noopener\">MovingCompanyReviews.com<\/a><\/li>\n<\/ul>\n<p><strong>Negat\u00edvne:<\/strong><\/p>\n<ul>\n<li> <em>\"Na z\u00e1klade odpor\u00fa\u010dania som si najal spolo\u010dnos\u0165 Berger na presun z <a href=\"https:\/\/moverdb.com\/sk\/moving-to-the-united-states\/moving-to-minnesota\/\" data-internallinksmanager029f6b8e52c=\"443\" title=\"S\u0165ahovanie do Minnesoty? 2026 N\u00e1klady na b\u00fdvanie a tipy na pres\u0165ahovanie\">Minnesota<\/a> na <a href=\"https:\/\/moverdb.com\/sk\/moving-to-the-united-states\/moving-to-california\/\" data-internallinksmanager029f6b8e52c=\"330\" title=\"S\u0165ahovanie do Kalifornie? 2026 N\u00e1klady na b\u00fdvanie a tipy na pres\u0165ahovanie\">Kalifornia<\/a>. H\u013eadal som in\u00e9 spolo\u010dnosti a odhady, bohu\u017eia\u013e som si vybral Berger na z\u00e1klade osoby, ktor\u00e1 odhad vypracovala.\"<\/em> - Prostredn\u00edctvom <a href=\"https:\/\/www.bbb.org\/minnesota\/business-reviews\/movers\/berger-transfer-storage-inc-in-saint-paul-mn-103\/reviews-and-complaints\" target=\"_blank\" rel=\"noopener\">Wesbite BBB<\/a><\/li>\n<li> <em>\"Najhor\u0161\u00ed z\u00e1kazn\u00edcky servis v\u00f4bec. Po \u0161iestich mesiacoch nespr\u00e1vneho \u00fa\u010dtovania a nespo\u010detn\u00fdch e-mailoch a telefon\u00e1toch, ktor\u00e9 som sa sna\u017eil vyrie\u0161i\u0165, mi bolo povedan\u00e9, \u017ee moje predmety sa d\u00e1vaj\u00fa do dra\u017eby.\"<\/em> - Kyle vi <a href=\"https:\/\/www.facebook.com\/pg\/bergermoving\/reviews\/\" target=\"_blank\" rel=\"noopener\">Facebook<\/a><\/li>\n<\/li>\n<li> <em>\"Berger Allied Van Lines urobil najhor\u0161ie balenie, s\u0165ahovanie a skladovanie pr\u00e1ce pre <a href=\"https:\/\/moverdb.com\/sk\/moving-to-the-united-states\/\" data-internallinksmanager029f6b8e52c=\"94\" title=\"S\u0165ahujete sa do Spojen\u00fdch \u0161t\u00e1tov? 2022 \u017divotn\u00e9 n\u00e1klady a tipy na pres\u0165ahovanie\">n\u00e1s<\/a>.\"<\/em> - Letty prostredn\u00edctvom <a href=\"https:\/\/www.yelp.com\/biz\/berger-allied-van-lines-austin?hrid=AMtotqlDmWIUelyZT7YKAw&#038;utm_campaign=www_review_share_popup&#038;utm_medium=copy_link&#038;utm_source=(direct)\" target=\"_blank\" rel=\"noopener\">Yelp<\/a><\/li>\n<\/ul>\n<div itemprop=\"review\" itemscope itemtype=\"http:\/\/schema.org\/Review\">\n<span itemprop=\"author\" itemscope=\"\" itemtype=\"http:\/\/schema.org\/Organization\"><span itemprop=\"name\">MoverDB.com<\/span><\/span> Online preh\u013ead webov\u00fdch str\u00e1nok pre <span itemprop=\"itemreviewed\" itemscope=\"\" itemtype=\"http:\/\/schema.org\/Brand\"><span itemprop=\"name\">Berger Allied<\/span><\/span>:<\/p>\n<ol>\n<li> Jasn\u00e9 kontaktn\u00e9 \u00fadaje na webovej str\u00e1nke (vr\u00e1tane telef\u00f3nneho \u010d\u00edsla): <strong>\u00c1no<\/strong><\/li>\n<li> Jednoduch\u00e9 z\u00edskanie <a href=\"https:\/\/moverdb.com\/sk\/citaty\/\">medzin\u00e1rodn\u00e9 s\u0165ahovanie cit\u00e1cie<\/a>? (Online formul\u00e1r \u017eiadosti o odhad): <strong>\u00c1no<\/strong><\/li>\n<li> Jasn\u00e9 inform\u00e1cie na webovej str\u00e1nke: <strong>\u010ciasto\u010dn\u00e9<\/strong>, je tu dostatok v\u0161eobecn\u00fdch inform\u00e1ci\u00ed o pohybe, ale ni\u010d pr\u00edli\u0161 \u0161pecifick\u00e9.<\/li>\n<li> \u010dlenstvo v medzin\u00e1rodn\u00fdch uzn\u00e1van\u00fdch organiz\u00e1ci\u00e1ch pohybliv\u00fdch zvierat: <strong>\u00c1no<\/strong>, mnoh\u00e9, pozri vy\u0161\u0161ie<\/li>\n<li> Zoznam klientov a\/alebo referencie predch\u00e1dzaj\u00facich z\u00e1kazn\u00edkov: <strong>Nie<\/strong>, na webovej str\u00e1nke nie s\u00fa \u017eiadne posudky, ktor\u00e9 by sme mohli n\u00e1js\u0165, a recenzie z cel\u00e9ho webu s\u00fa trochu zmie\u0161an\u00e9. <\/li>\n<\/ol>\n<div itemprop=\"reviewRating\" itemscope itemtype=\"http:\/\/schema.org\/Rating\"><meta itemprop=\"worstRating\" content = \"0\" \/><meta itemprop=\"bestRating\" content=\"5\" \/><meta itemprop=\"ratingValue\" content=\"3.5\"><\/div>\n<p><strong>Celkov\u00e9 hodnotenie: 3,5\/5<\/strong><br \/>\n<strong>D\u00e1tum recenzie:<\/strong> <span itemprop=\"datePublished\" content=\"2016-11-21\">21\/11\/2016<\/span>\n<\/div>\n<p>Pre\u010d\u00edtajte si viac o <a href=\"https:\/\/moverdb.com\/sk\/stahovacie-spolocnosti\/\">medzin\u00e1rodn\u00e9 s\u0165ahovacie spolo\u010dnosti<\/a>, <a href=\"https:\/\/moverdb.com\/sk\/us-kanada-stehovaci\/\">S\u0165ahov\u00e1ci z USA<\/a> a na\u0161e <a href=\"https:\/\/moverdb.com\/sk\/recenzie\/\">proces presk\u00famania<\/a>.<\/p>\n<p><strong>Webov\u00e1 lokalita:<\/strong> <a href=\"https:\/\/www.bergerallied.com\" target=\"_blank\" rel=\"noopener\">https:\/\/www.bergerallied.com<\/a><\/p>","protected":false},"excerpt":{"rendered":"<p>Berger Allied (officially Berger Transfer &#038; Storage) is based in St. Paul, MN. It offers its customers a range of moving services which are listed below, together with a company profile and reviews. International Moving Move Preparation Consultation and Survey Documentation Safety Considerations Packing and Loading Live loads your items directly into a shipping container [&hellip;]<\/p>\n","protected":false},"author":1,"featured_media":0,"parent":0,"menu_order":0,"comment_status":"closed","ping_status":"closed","template":"","meta":{"_genesis_hide_title":false,"_genesis_hide_breadcrumbs":false,"_genesis_hide_singular_image":false,"_genesis_hide_footer_widgets":false,"_genesis_custom_body_class":"","_genesis_custom_post_class":"","_genesis_layout":"","footnotes":""},"class_list":{"0":"post-1037","1":"page","2":"type-page","3":"status-publish","5":"entry"},"_links":{"self":[{"href":"https:\/\/moverdb.com\/sk\/wp-json\/wp\/v2\/pages\/1037","targetHints":{"allow":["GET"]}}],"collection":[{"href":"https:\/\/moverdb.com\/sk\/wp-json\/wp\/v2\/pages"}],"about":[{"href":"https:\/\/moverdb.com\/sk\/wp-json\/wp\/v2\/types\/page"}],"author":[{"embeddable":true,"href":"https:\/\/moverdb.com\/sk\/wp-json\/wp\/v2\/users\/1"}],"replies":[{"embeddable":true,"href":"https:\/\/moverdb.com\/sk\/wp-json\/wp\/v2\/comments?post=1037"}],"version-history":[{"count":6,"href":"https:\/\/moverdb.com\/sk\/wp-json\/wp\/v2\/pages\/1037\/revisions"}],"predecessor-version":[{"id":6183,"href":"https:\/\/moverdb.com\/sk\/wp-json\/wp\/v2\/pages\/1037\/revisions\/6183"}],"wp:attachment":[{"href":"https:\/\/moverdb.com\/sk\/wp-json\/wp\/v2\/media?parent=1037"}],"curies":[{"name":"wp","href":"https:\/\/api.w.org\/{rel}","templated":true}]}}