{"id":1036,"date":"2016-11-05T16:39:46","date_gmt":"2016-11-05T16:39:46","guid":{"rendered":"http:\/\/moverdb.com\/?page_id=1036"},"modified":"2026-01-08T14:47:46","modified_gmt":"2026-01-08T14:47:46","slug":"beltmann-relocation","status":"publish","type":"page","link":"https:\/\/moverdb.com\/sk\/beltmann-relocation\/","title":{"rendered":"Beltmann Relocation Group: Medzin\u00e1rodn\u00e9 s\u0165ahovanie Recenzie"},"content":{"rendered":"<p>Spolo\u010dnos\u0165 Beltmann Relocation Group pon\u00faka svojim z\u00e1kazn\u00edkom r\u00f4zne s\u0165ahovacie slu\u017eby na medzin\u00e1rodnej i miestnej \u00farovni. Tieto slu\u017eby s\u00fa uveden\u00e9 ni\u017e\u0161ie spolu s profilom spolo\u010dnosti a recenziami.<\/p>\n<p><strong>Medzin\u00e1rodn\u00e9 s\u0165ahovanie<\/strong><\/p>\n<ul>\n<li> Medzin\u00e1rodn\u00e9 s\u0165ahovanie firiem<\/li>\n<li> Jednotliv\u00e9 pohyby<\/li>\n<li> Organiz\u00e1cia Spojen\u00fdch n\u00e1rodov<\/li>\n<li> Pomoc a poradenstvo v colnej a imigra\u010dnej oblasti<\/li>\n<li> Pomoc pri premiestnen\u00ed dom\u00e1ceho zviera\u0165a<\/li>\n<li> Od dver\u00ed k dver\u00e1m<\/li>\n<li> Pridelen\u00fd mana\u017e\u00e9r presunu<\/li>\n<li> K dispoz\u00edcii je kompletn\u00fd servis<\/li>\n<li> Zriaden\u00e9 poistenie<\/li>\n<\/ul>\n<p><strong>S\u0165ahovanie kancel\u00e1rskych a priemyseln\u00fdch priestorov<\/strong><\/p>\n<ul>\n<li> Miestne a dia\u013ekov\u00e9 s\u0165ahovanie kancel\u00e1ri\u00ed<\/li>\n<li> S\u0165ahovanie medzi oddeleniami<\/li>\n<li> Po\u010d\u00edta\u010de a elektronika sa pohybuj\u00fa<\/li>\n<li> Pl\u00e1novanie a dizajn priestoru<\/li>\n<li> Stretnutia pred pl\u00e1novan\u00edm s\u0165ahovania<\/li>\n<li> Doh\u013ead na mieste<\/li>\n<li> Slu\u017eby po pres\u0165ahovan\u00ed<\/li>\n<li> Priemyseln\u00e9 s\u0165ahovanie pomoc<\/li>\n<li> Vysok\u00e9 zabezpe\u010denie pri s\u0165ahovan\u00ed<\/li>\n<li> Presun citliv\u00fdch inform\u00e1ci\u00ed<\/li>\n<li> Zriaden\u00e9 poistenie<\/li>\n<\/ul>\n<p><strong>Premiestnenie spolo\u010dnosti<\/strong><\/p>\n<ul>\n<li> Slu\u017eby premiestnenia pre ved\u00facich pracovn\u00edkov najvy\u0161\u0161ej \u00farovne<\/li>\n<li> Mana\u017e\u00e9r presunu <\/li>\n<li> Od dver\u00ed k dver\u00e1m<\/li>\n<li> Balenie a vyba\u013eovanie<\/li>\n<li> Sledovanie z\u00e1sielok<\/li>\n<li> Zriaden\u00e9 poistenie<\/li>\n<\/ul>\n<p><strong>S\u0165ahovanie dom\u00e1cnost\u00ed<\/strong><\/p>\n<ul>\n<li> Miestne s\u0165ahovanie<\/li>\n<li> S\u0165ahovanie na dlh\u00e9 vzdialenosti<\/li>\n<li> Od dver\u00ed k dver\u00e1m<\/li>\n<li> Balenie a vyba\u013eovanie<\/li>\n<li> Zriaden\u00e9 poistenie<\/li>\n<\/ul>\n<p><strong>\u00dalo\u017eisko<\/strong><\/p>\n<ul>\n<li> Dlhodob\u00e9 alebo kr\u00e1tkodob\u00e9<\/li>\n<li> Vyhrievan\u00fd sklad <\/li>\n<li> Ulo\u017een\u00e9 v zape\u010datenom trezore<\/li>\n<li> CCTV<\/li>\n<li> Ochrana pred po\u017eiarmi a \u0161kodcami<\/li>\n<\/ul>\n<h2>Profil spolo\u010dnosti Beltmann Relocation<\/h2>\n<p>Skupinu Beltmann Group zalo\u017eila rodina Battina v roku 1955 a st\u00e1le ju vlastn\u00ed a riadi rodina. Je jedn\u00fdm z najv\u00e4\u010d\u0161\u00edch a najstar\u0161\u00edch obchodn\u00fdch z\u00e1stupcov pre <a href=\"https:\/\/moverdb.com\/sk\/north-american-van-lines\/\">Spolo\u010dnos\u0165 North American Van Lines<\/a> a jej s\u00eddlo sa nach\u00e1dza v <a href=\"https:\/\/moverdb.com\/sk\/stahovanie-do-neapolisu\/\">Minneapolis<\/a>. <\/p>\n<p>Skupina Beltmann je hrd\u00fdm vlastn\u00edkom vozov\u00e9ho parku s viac ako 700 s\u0165ahovac\u00edmi vozidlami r\u00f4zneho druhu a m\u00e1 14 pobo\u010diek.<\/p>\n<p>Beltmannov\u00fdm z\u00e1v\u00e4zkom je \"Bu\u010f z\u00e1kazn\u00edkom\". Ka\u017ed\u00fd zamestnanec je povzbudzovan\u00fd, aby sa v\u017eil do ko\u017ee z\u00e1kazn\u00edka a spr\u00e1val sa k nemu tak, ako by si \u017eelal, aby sa k nemu spr\u00e1vali. Spolo\u010dnos\u0165 je hrd\u00fdm podporovate\u013eom organiz\u00e1cie Habitat for Humanity.<\/p>\n<p>Spolo\u010dnos\u0165 Beltmann Relocation m\u00e1 nasleduj\u00face afili\u00e1cie a akredit\u00e1cie:<\/p>\n<ul>\n<li> <a href=\"https:\/\/moverdb.com\/sk\/obruc-promover\/\">Registrovan\u00fd medzin\u00e1rodn\u00fd prepravca<\/a> (<a href=\"https:\/\/moverdb.com\/sk\/rim-promover\/\" data-internallinksmanager029f6b8e52c=\"76\" title=\"Vysvetlenie certifik\u00e1cie RIM International ProMover\">RIM<\/a>)<\/li>\n<li> <a href=\"https:\/\/moverdb.com\/sk\/obruc-promover\/\">ProMover<\/a><\/li>\n<li> <a href=\"https:\/\/moverdb.com\/sk\/amsa\/\">Americk\u00e1 asoci\u00e1cia pre s\u0165ahovanie a skladovanie<\/a> (<a href=\"https:\/\/moverdb.com\/sk\/amsa\/\" data-internallinksmanager029f6b8e52c=\"5\" title=\"Vysvetlenie Americkej asoci\u00e1cie pre s\u0165ahovanie a skladovanie (AMSA)\">AMSA<\/a>)<\/li>\n<li> V\u00ed\u0165az Severoamerickej ceny za kvalitu<\/li>\n<li> Akredit\u00e1cia Better Business Bureau (BBB)<\/li>\n<\/ul>\n<p><strong>Beltmann Relocation Recenzie<\/strong><\/p>\n<p><strong>Pozit\u00edvne:<\/strong><\/p>\n<ul>\n<li> <em>\"Pri na\u0161om s\u0165ahovan\u00ed i\u0161lo v\u0161etko skvele. Vodi\u010d a pos\u00e1dka na oboch stran\u00e1ch pracovali dobre.\"<\/em> - Craig prostredn\u00edctvom str\u00e1nky s referenciami spolo\u010dnosti Beltmann<\/li>\n<li> <em>\"V priebehu rokov sme sa nieko\u013ekokr\u00e1t s\u0165ahovali a mus\u00edm poveda\u0165, \u017ee Beltman bol jednozna\u010dne najlep\u0161\u00ed. Starostlivos\u0165, ktor\u00fa venovali baleniu a nakladaniu na\u0161ich vec\u00ed a\u017e po doru\u010denie, bola pozoruhodn\u00e1.\"<\/em> - Abby prostredn\u00edctvom <a href=\"https:\/\/www.facebook.com\/pg\/BeltmannRelocation\/reviews\/\" target=\"_blank\" rel=\"noopener\">Facebook<\/a><\/li>\n<\/ul>\n<p><strong>Negat\u00edvne:<\/strong><\/p>\n<ul>\n<li> <em>\"Nie sme e\u0161te ani v tretine vyba\u013eovania a u\u017e m\u00e1me zoznam najmenej 15 po\u0161koden\u00fdch alebo rozbit\u00fdch vec\u00ed. Niektor\u00e9 \u0161katule s\u00fa len tak pohoden\u00e9, nezabalen\u00e9 alebo nezabezpe\u010den\u00e9.\"<\/em> Amy prostredn\u00edctvom <a href=\"https:\/\/www.facebook.com\/pg\/BeltmannRelocation\/reviews\/\" target=\"_blank\" rel=\"noopener\">Facebook<\/a><\/li>\n<li> <em>\"Urobte si l\u00e1skavos\u0165. Nepou\u017e\u00edvajte t\u00fato spolo\u010dnos\u0165. Vyma\u017ete ich \u010d\u00edslo, zablokujte ich, aby v\u00e1m volali. \u010cas\u0165 cit\u00e1cie (viete, kde sa sna\u017eia z\u00edska\u0165 va\u0161u firmu) bola skvel\u00e1. Vyzdvihnutie tovaru - palec hore. doru\u010denie vec\u00ed - ve\u013ek\u00fd palec dole.\"<\/em> - Kim prostredn\u00edctvom <a href=\"https:\/\/www.yelp.com\/biz\/beltmann-relocation-group-glendale-heights?hrid=tJAoAv--s6WetooAeYOQew&#038;utm_campaign=www_review_share_popup&#038;utm_medium=copy_link&#038;utm_source=(direct)\" target=\"_blank\" rel=\"noopener\">Yelp<\/a><\/li>\n<\/ul>\n<div itemprop=\"review\" itemscope itemtype=\"http:\/\/schema.org\/Review\">\n<span itemprop=\"author\" itemscope=\"\" itemtype=\"http:\/\/schema.org\/Organization\"><span itemprop=\"name\">MoverDB.com<\/span><\/span> Online preh\u013ead webov\u00fdch str\u00e1nok pre <span itemprop=\"itemreviewed\" itemscope=\"\" itemtype=\"http:\/\/schema.org\/Brand\"><span itemprop=\"name\">Beltmann Relocation Group<\/span><\/span>:<\/p>\n<ol>\n<li> Jasn\u00e9 kontaktn\u00e9 \u00fadaje na webovej str\u00e1nke (vr\u00e1tane telef\u00f3nneho \u010d\u00edsla): <strong>\u00c1no<\/strong><\/li>\n<li> Jednoduch\u00e9 z\u00edskanie <a href=\"https:\/\/moverdb.com\/sk\/citaty\/\">medzin\u00e1rodn\u00e9 s\u0165ahovanie cit\u00e1cie<\/a>? (Online formul\u00e1r \u017eiadosti o odhad): <strong>\u00c1no<\/strong><\/li>\n<li> Jasn\u00e9 inform\u00e1cie na webovej str\u00e1nke: <strong>\u00c1no<\/strong>, Na webovej str\u00e1nke s\u00fa k dispoz\u00edcii u\u017eito\u010dn\u00e9 zdroje pre s\u0165ahovanie vr\u00e1tane \u010dasto kladen\u00fdch ot\u00e1zok a tipov.<\/li>\n<li> \u010dlenstvo v medzin\u00e1rodn\u00fdch uzn\u00e1van\u00fdch organiz\u00e1ci\u00e1ch pohybliv\u00fdch zvierat: <strong>\u00c1no<\/strong>, mnoh\u00e9, pozri vy\u0161\u0161ie<\/li>\n<li> Zoznam klientov a\/alebo referencie predch\u00e1dzaj\u00facich z\u00e1kazn\u00edkov: <strong>\u00c1no,<\/strong> na webovej str\u00e1nke s\u00fa pozit\u00edvne referencie, ale recenzie z cel\u00e9ho webu s\u00fa trochu zmie\u0161an\u00e9.<\/li>\n<\/ol>\n<div itemprop=\"reviewRating\" itemscope itemtype=\"http:\/\/schema.org\/Rating\"><meta itemprop=\"worstRating\" content = \"0\" \/><meta itemprop=\"bestRating\" content=\"5\" \/><meta itemprop=\"ratingValue\" content=\"4.5\"><\/div>\n<p><strong>Celkov\u00e9 hodnotenie: 4,5\/5<\/strong><br \/>\n<strong>D\u00e1tum recenzie:<\/strong> <span itemprop=\"datePublished\" content=\"2016-11-05\">05\/11\/2016<\/span>\n<\/div>\n<p>Pre\u010d\u00edtajte si viac o <a href=\"https:\/\/moverdb.com\/sk\/stahovacie-spolocnosti\/\">medzin\u00e1rodn\u00ed s\u0165ahov\u00e1ci<\/a>, <a href=\"https:\/\/moverdb.com\/sk\/us-kanada-stehovaci\/\">Dom\u00e1ci s\u0165ahov\u00e1ci v USA<\/a> a na\u0161e <a href=\"https:\/\/moverdb.com\/sk\/recenzie\/\">proces presk\u00famania<\/a>.<\/p>\n<p><strong>Webov\u00e1 lokalita:<\/strong> <a href=\"http:\/\/www.beltmann.com\/\" target=\"_blank\" rel=\"noopener\">http:\/\/www.beltmann.com\/<\/a><\/p>","protected":false},"excerpt":{"rendered":"<p>The Beltmann Relocation Group offers its customers a variety of moving services internationally and locally. These services are listed below together with a company profile and reviews. International Moves International corporate moves Individual moves United Nations Assistance and guidance with customs and immigration Assistance with pet relocation Door-to-door Move manager allocated Full service available Insurance [&hellip;]<\/p>\n","protected":false},"author":1,"featured_media":0,"parent":0,"menu_order":0,"comment_status":"closed","ping_status":"closed","template":"","meta":{"_genesis_hide_title":false,"_genesis_hide_breadcrumbs":false,"_genesis_hide_singular_image":false,"_genesis_hide_footer_widgets":false,"_genesis_custom_body_class":"","_genesis_custom_post_class":"","_genesis_layout":"","footnotes":""},"class_list":{"0":"post-1036","1":"page","2":"type-page","3":"status-publish","5":"entry"},"_links":{"self":[{"href":"https:\/\/moverdb.com\/sk\/wp-json\/wp\/v2\/pages\/1036","targetHints":{"allow":["GET"]}}],"collection":[{"href":"https:\/\/moverdb.com\/sk\/wp-json\/wp\/v2\/pages"}],"about":[{"href":"https:\/\/moverdb.com\/sk\/wp-json\/wp\/v2\/types\/page"}],"author":[{"embeddable":true,"href":"https:\/\/moverdb.com\/sk\/wp-json\/wp\/v2\/users\/1"}],"replies":[{"embeddable":true,"href":"https:\/\/moverdb.com\/sk\/wp-json\/wp\/v2\/comments?post=1036"}],"version-history":[{"count":6,"href":"https:\/\/moverdb.com\/sk\/wp-json\/wp\/v2\/pages\/1036\/revisions"}],"predecessor-version":[{"id":6182,"href":"https:\/\/moverdb.com\/sk\/wp-json\/wp\/v2\/pages\/1036\/revisions\/6182"}],"wp:attachment":[{"href":"https:\/\/moverdb.com\/sk\/wp-json\/wp\/v2\/media?parent=1036"}],"curies":[{"name":"wp","href":"https:\/\/api.w.org\/{rel}","templated":true}]}}