{"id":1034,"date":"2017-01-10T06:29:27","date_gmt":"2017-01-10T06:29:27","guid":{"rendered":"http:\/\/moverdb.com\/?page_id=1034"},"modified":"2026-01-08T13:18:31","modified_gmt":"2026-01-08T13:18:31","slug":"hilldrup-moving-storage","status":"publish","type":"page","link":"https:\/\/moverdb.com\/sk\/hilldrup-moving-storage\/","title":{"rendered":"Hilldrup Moving &amp; Storage: Medzin\u00e1rodn\u00e9 s\u0165ahovanie Recenzie"},"content":{"rendered":"<p>Spolo\u010dnos\u0165 Hilldrup Moving and Storage s\u00eddli v meste Stafford VA. Spolo\u010dnos\u0165 pon\u00faka svojim klientom r\u00f4zne slu\u017eby, ktor\u00e9 s\u00fa uveden\u00e9 ni\u017e\u0161ie spolu s profilom spolo\u010dnosti a recenziami.<\/p>\n<p><strong>Medzin\u00e1rodn\u00e9 s\u0165ahovacie slu\u017eby<\/strong><\/p>\n<p>Pomoc pri premiestnen\u00ed<\/p>\n<ul>\n<li> Poradenstvo v oblasti \u013eudsk\u00fdch zdrojov a strategick\u00e9 pl\u00e1novanie<\/li>\n<li> Marketingov\u00e1 pomoc<\/li>\n<li> Program predaja domov<\/li>\n<li> Spr\u00e1va v\u00fddavkov<\/li>\n<li> Do\u010dasn\u00e9 b\u00fdvanie<\/li>\n<li> Medzin\u00e1rodn\u00e9 slu\u017eby priradenia<\/li>\n<li> Cie\u013eov\u00e9 a usadzovacie slu\u017eby<\/li>\n<li> Programy riadenia presunov<\/li>\n<li> Odme\u0148ovanie, dane a mzdy<\/li>\n<li> Prisp\u00f4soben\u00e9 hl\u00e1senia<\/li>\n<li> Pau\u0161\u00e1lna administrat\u00edva<\/li>\n<\/ul>\n<p>Riadenie presunu<\/p>\n<ul>\n<li> \u0160pecializovan\u00fd poradca pre medzin\u00e1rodn\u00e9 s\u0165ahovanie<\/li>\n<li> Riadenie v\u0161etkej vn\u00fatrozemskej a n\u00e1mornej\/leteckej dopravy<\/li>\n<li> Pomoc pri vybavovan\u00ed pasov, v\u00edz a coln\u00fdch z\u00e1le\u017eitost\u00ed<\/li>\n<\/ul>\n<p>Mo\u017enosti ukladania<\/p>\n<ul>\n<li> Dlhodob\u00e9 a kr\u00e1tkodob\u00e9 skladovanie<\/li>\n<li> Neobmedzen\u00fd pr\u00edstup do skladov na celom svete<\/li>\n<li> Zabezpe\u010denie 24 hod\u00edn denne, 7 dn\u00ed v t\u00fd\u017edni<\/li>\n<li> Sprinklery a protipo\u017eiarne syst\u00e9my<\/li>\n<li> Certifik\u00e1t DOD<\/li>\n<li> K dispoz\u00edcii je 200 000 \u0161tvorcov\u00fdch st\u00f4p klimatizovan\u00e9ho skladu<\/li>\n<li> Automobily, lode a obytn\u00e9 vozidl\u00e1<\/li>\n<li> \u00dadr\u017eba dlhodobo uskladnen\u00fdch vozidiel.<\/li>\n<\/ul>\n<p><strong>S\u0165ahovanie firiem - medzin\u00e1rodn\u00e9 a miestne<\/strong><\/p>\n<p>Slu\u017eby pri odchode<\/p>\n<ul>\n<li> Marketingov\u00e1 pomoc pre dom\u00e1cnosti<\/li>\n<li> Spr\u00e1va nehnute\u013enost\u00ed<\/li>\n<li> Preprava tovaru pre dom\u00e1cnos\u0165<\/li>\n<li> Pomoc pri cestovan\u00ed<\/li>\n<\/ul>\n<p>Slu\u017eby v destin\u00e1cii<\/p>\n<ul>\n<li> Orient\u00e1cia na cie\u013e<\/li>\n<li> Pomoc pri h\u013eadan\u00ed domova<\/li>\n<li> Pomoc s hypot\u00e9kou<\/li>\n<li> Do\u010dasn\u00e9 b\u00fdvanie<\/li>\n<li> Pomoc pri pren\u00e1jme<\/li>\n<li> Pomoc pri prechode rodiny<\/li>\n<\/ul>\n<p>Glob\u00e1lne zadanie<\/p>\n<ul>\n<li> Orient\u00e1cia na oblas\u0165<\/li>\n<li> Do\u010dasn\u00e9 b\u00fdvanie<\/li>\n<li> Jazykov\u00e1 pr\u00edprava<\/li>\n<li> V\u00edza a imigra\u010dn\u00e9 slu\u017eby<\/li>\n<li> Spr\u00e1va n\u00e1jomn\u00fdch zml\u00fav<\/li>\n<li> Odhady n\u00e1kladov<\/li>\n<li> Home Vyh\u013ead\u00e1vanie<\/li>\n<li> Usadenie sa v slu\u017eb\u00e1ch<\/li>\n<li> \u0160kolenie o r\u00f4znych kult\u00farach<\/li>\n<li> Pomoc pri h\u013eadan\u00ed \u0161koly a vzdel\u00e1vania<\/li>\n<li> Programy na podporu man\u017eelov\/partnerov<\/li>\n<\/ul>\n<p><strong>Vl\u00e1da a arm\u00e1da<\/strong><\/p>\n<ul>\n<li> CHAMP<\/li>\n<li> S\u0165ahovanie dom\u00e1cnost\u00ed DOD<\/li>\n<li> \u00dapln\u00fd pl\u00e1n feder\u00e1lnych dod\u00e1vok na premiestnenie<\/li>\n<li> Pl\u00e1n feder\u00e1lnych dod\u00e1vok na pres\u0165ahovanie \u00faradu<\/li>\n<\/ul>\n<p><strong>S\u0165ahovacie slu\u017eby pre obytn\u00e9 budovy<\/strong><\/p>\n<ul>\n<li> Od dver\u00ed k dver\u00e1m<\/li>\n<li> K dispoz\u00edcii je kompletn\u00fd servis<\/li>\n<li> K dispoz\u00edcii je dlhodob\u00e9 a kr\u00e1tkodob\u00e9 skladovanie<\/li>\n<li> Balenie a vyba\u013eovanie<\/li>\n<li> Zriaden\u00e9 poistenie<\/li>\n<li> Automobilov\u00e1 doprava<\/li>\n<\/ul>\n<p><strong>Komer\u010dn\u00e9 s\u0165ahovacie slu\u017eby<\/strong><\/p>\n<ul>\n<li> Celosvetov\u00fd mana\u017ement premiest\u0148ovania<\/li>\n<li> Celo\u0161t\u00e1tne pres\u0165ahovanie kancel\u00e1ri\u00ed<\/li>\n<li> Nastavenia are\u00e1lu<\/li>\n<li> Anal\u00fdza rozpo\u010dtu\/n\u00e1kladov<\/li>\n<li> In\u0161tal\u00e1cia<\/li>\n<li> Rekonfigur\u00e1cia<\/li>\n<li> Spr\u00e1va akt\u00edv<\/li>\n<li> Skladovanie<\/li>\n<li> Odpojenie\/prepojenie IT<\/li>\n<li> Anal\u00fdza potrieb dizajnu na mieru pre IT<\/li>\n<li> Webov\u00e1 likvid\u00e1cia<\/li>\n<\/ul>\n<h2>Profil spolo\u010dnosti Hilldrup Moving &amp; Storage<\/h2>\n<p>P\u00e1n R. G. Hilldrup zalo\u017eil v roku 1903 spolo\u010dnos\u0165, ktor\u00e1 je teraz Hilldrup Moving and Storage Company. V 40. rokoch 20. storo\u010dia bola spolo\u010dnos\u0165 predan\u00e1 jedn\u00e9mu z jej zamestnancov - p\u00e1novi C. B. McDanielovi. V roku 1964 sa spolo\u010dnos\u0165 Hilldrup stala partnerom spolo\u010dnosti <a href=\"https:\/\/moverdb.com\/sk\/united-van-lines\/\">Spolo\u010dnos\u0165 United Van Lines<\/a> \u010do umo\u017enilo spolo\u010dnosti v\u00fdrazne roz\u0161\u00edri\u0165 svoje slu\u017eby. Spolo\u010dnos\u0165 teraz pon\u00faka miestne, vn\u00fatro\u0161t\u00e1tne a medzin\u00e1rodn\u00e9 s\u0165ahovanie pre jednotlivcov a firemn\u00fdch klientov a rozsiahle skladovacie priestory. <\/p>\n<p>Spolo\u010dnos\u0165 Hilldrup v s\u00fa\u010dasnosti riadi tretia gener\u00e1cia McDanielovcov a spolo\u010dnos\u0165 pevne ver\u00ed v silu rodiny. Tento \u00e9tos pren\u00e1\u0161aj\u00fa aj na svojich z\u00e1kazn\u00edkov. Spolo\u010dnos\u0165 Hilldrup rada vracia peniaze a podporuje mnoh\u00e9 charitat\u00edvne organiz\u00e1cie v r\u00e1mci svojich komun\u00edt.<\/p>\n<p>Spolo\u010dnos\u0165 Hilldrup Moving and Storage m\u00e1 tieto akredit\u00e1cie a afili\u00e1cie:<\/p>\n<ul>\n<li> <a href=\"https:\/\/moverdb.com\/sk\/amsa\/\">Americk\u00e1 asoci\u00e1cia pre s\u0165ahovanie a skladovanie<\/a> (<a href=\"https:\/\/moverdb.com\/sk\/amsa\/\" data-internallinksmanager029f6b8e52c=\"5\" title=\"Vysvetlenie Americkej asoci\u00e1cie pre s\u0165ahovanie a skladovanie (AMSA)\">AMSA<\/a>)<\/li>\n<li> <a href=\"https:\/\/moverdb.com\/sk\/obruc-promover\/\">Certifik\u00e1cia AMSA Registrovan\u00fd medzin\u00e1rodn\u00fd prepravca (RIM)<\/a><\/li>\n<li> Americk\u00e1 asoci\u00e1cia n\u00e1kladnej dopravy (ATA)<\/li>\n<li> Better Business Bureau pre v\u0161etky pobo\u010dky<\/li>\n<li> Centrum pre riadenie medzin\u00e1rodn\u00fdch \u00faloh (CIAM)<\/li>\n<li> Program centralizovan\u00e9ho riadenia dopravy tovaru v dom\u00e1cnostiach (CHAMP)<\/li>\n<li> Certifikovan\u00fd odborn\u00edk na premiest\u0148ovanie (CRP)<\/li>\n<li> CoreNet Global<\/li>\n<li> <a href=\"https:\/\/moverdb.com\/sk\/rada-pre-premiestnovanie-zamestnancov\/\">Rada pre pres\u0165ahovanie zamestnancov<\/a> (<a href=\"https:\/\/moverdb.com\/sk\/employee-relocation-council\/\" data-internallinksmanager029f6b8e52c=\"83\" title=\"Vysvetlenie celosvetovej Rady pre pres\u00edd\u013eovanie zamestnancov (ERC)\">ERC<\/a>)<\/li>\n<li> Feder\u00e1lna n\u00e1morn\u00e1 komisia<\/li>\n<li> <a href=\"https:\/\/moverdb.com\/sk\/fidi-faim\/\">F\u00e9d\u00e9ration Internationale des D\u00e9m\u00e9nageurs Internationaux \/ Feder\u00e1cia medzin\u00e1rodn\u00fdch s\u0165ahovac\u00edch spolo\u010dnost\u00ed<\/a> (<a href=\"https:\/\/moverdb.com\/sk\/fidi-faim\/\" data-internallinksmanager029f6b8e52c=\"16\" title=\"Vysvetlenie FIDI a FAIM (FIDI akreditovan\u00fd medzin\u00e1rodn\u00fd prepravca)\">FIDI<\/a>)<\/li>\n<li> Certifik\u00e1cia FIDI FAIM\/ISO<\/li>\n<li> Ozna\u010denia \u0161pecialistov na glob\u00e1lnu mobilitu (GMS)<\/li>\n<li> <a href=\"https:\/\/moverdb.com\/sk\/hgfaa\/\">Zdru\u017eenie zasielate\u013eov tovaru pre dom\u00e1cnos\u0165<\/a> (HHGFA)<\/li>\n<li> <a href=\"https:\/\/moverdb.com\/sk\/iata\/\">Medzin\u00e1rodn\u00e9 zdru\u017eenie leteckej dopravy<\/a> (<a href=\"https:\/\/moverdb.com\/sk\/iata\/\" data-internallinksmanager029f6b8e52c=\"22\" title=\"Vysvetlenie Medzin\u00e1rodnej asoci\u00e1cie leteck\u00fdch dopravcov (IATA)\">IATA<\/a>)<\/li>\n<li> <a href=\"https:\/\/moverdb.com\/sk\/som\/\">Medzin\u00e1rodn\u00e1 asoci\u00e1cia s\u0165ahovate\u013eov<\/a> (<a href=\"https:\/\/moverdb.com\/sk\/iam\/\" data-internallinksmanager029f6b8e52c=\"23\" title=\"Vysvetlenie Medzin\u00e1rodnej asoci\u00e1cie s\u0165ahovate\u013eov (IAM)\">IAM<\/a>)<\/li>\n<li> Medzin\u00e1rodn\u00e1 asoci\u00e1cia facility managementu (IFMA)<\/li>\n<li> Certifik\u00e1cia ISO 9001:2000<\/li>\n<li> <a href=\"https:\/\/moverdb.com\/sk\/lacma\/\">Zdru\u017eenie s\u0165ahovate\u013eov z Latinskej Ameriky a Karibiku<\/a> (<a href=\"https:\/\/moverdb.com\/sk\/lacma\/\" data-internallinksmanager029f6b8e52c=\"28\" title=\"Zdru\u017eenie medzin\u00e1rodn\u00fdch prepravcov z Latinskej Ameriky a Karibiku (LACMA)\">LACMA<\/a>)<\/li>\n<li> Medzin\u00e1rodn\u00e1 rada pre relok\u00e1ciu profesion\u00e1lnych zamestnancov (PERC International)<\/li>\n<li> <a href=\"https:\/\/moverdb.com\/sk\/obruc-promover\/\">ProMover<\/a><\/li>\n<li> UniGroup Worldwide Certifikovan\u00fd medzin\u00e1rodn\u00fd zasielate\u013e<\/li>\n<li> UniGroup Worldwide Agent Forwarder UTS<\/li>\n<\/ul>\n<h2>Hilldrup Moving &amp; Storage Recenzie<\/h2>\n<p><strong>Pozit\u00edvne:<\/strong><\/p>\n<ul>\n<li> <em>\"V\u0161etko pres\u0165ahovali a odviedli skvel\u00fa pr\u00e1cu.  Aj v zadnej kancel\u00e1rii boli skvel\u00ed, odpovedali na ot\u00e1zky a uistili sa, \u017ee vieme v\u0161etko o s\u0165ahovan\u00ed.\"<\/em> - Michael S. prostredn\u00edctvom <a href=\"https:\/\/www.yelp.co.uk\/biz\/hilldrup-moving-and-storage-stafford?hrid=hESxKCc7GvTBdlp-kN4udw&#038;utm_campaign=www_review_share_popup&#038;utm_medium=copy_link&#038;utm_source=(direct)\" target=\"_blank\" rel=\"noopener\">Yelp<\/a>.<\/li>\n<li> <em>\"S touto spolo\u010dnos\u0165ou sme nemohli by\u0165 spokojnej\u0161\u00ed, od odhadu a\u017e po kone\u010dn\u00e9 dodanie boli v\u010dasn\u00ed, profesion\u00e1lni, zdvoril\u00ed a ve\u013emi priate\u013esk\u00ed.\"<\/em> - The Yarbs prostredn\u00edctvom <a href=\"https:\/\/www.bbb.org\/richmond\/business-reviews\/movers\/hilldrup-moving-storage-in-stafford-va-37026248\/reviews-and-complaints\" target=\"_blank\" rel=\"noopener\">BBB<\/a><\/li>\n<\/ul>\n<p><strong>Negat\u00edvne:<\/strong><\/p>\n<ul>\n<li> <em>\"T\u00edto chlapci s\u00fa hrozn\u00ed. Viem, \u017ee ke\u010f si najmete profesion\u00e1lnych s\u0165ahov\u00e1kov, o\u010dak\u00e1vate, \u017ee niektor\u00e9 veci bud\u00fa rozbit\u00e9, to je jednoducho s\u00fa\u010das\u0165 procesu. Probl\u00e9m je, \u017ee sme na\u0161li veci, ktor\u00e9 boli rozbit\u00e9 kv\u00f4li naozaj hl\u00fapym chyb\u00e1m.\"<\/em> - Nick T. prostredn\u00edctvom <a href=\"https:\/\/www.yelp.co.uk\/biz\/hilldrup-moving-and-storage-stafford?hrid=tgu5ZfofrNJ6h_HXaIX9PQ&#038;utm_campaign=www_review_share_popup&#038;utm_medium=copy_link&#038;utm_source=(direct)\" target=\"_blank\" rel=\"noopener\">Yelp<\/a><\/li>\n<li> <em>\"Tak\u017ee vodi\u010d, ktor\u00fd pri\u0161iel z Hilldrupu, nemal \u017eiadne sk\u00fasenosti s vykladan\u00edm a priv\u00e1\u017eal tovar do v\u00fd\u0161kov\u00fdch budov. To je ve\u013emi zl\u00e9 a neprofesion\u00e1lne.\"<\/em> - Sharad prostredn\u00edctvom <a href=\"https:\/\/www.mymovingreviews.com\/movers\/hilldrup-3657\" target=\"_blank\" rel=\"noopener\">MyMoingReviews.com<\/a><\/li>\n<\/ul>\n<div itemprop=\"review\" itemscope itemtype=\"http:\/\/schema.org\/Review\">\n<span itemprop=\"author\" itemscope=\"\" itemtype=\"http:\/\/schema.org\/Organization\"><span itemprop=\"name\">MoverDB.com<\/span><\/span> Online preh\u013ead webov\u00fdch str\u00e1nok pre <span itemprop=\"itemreviewed\" itemscope=\"\" itemtype=\"http:\/\/schema.org\/Brand\"><span itemprop=\"name\">Hilldrup Moving &amp; Storage<\/span><\/span>:<\/p>\n<ol>\n<li> Jasn\u00e9 kontaktn\u00e9 \u00fadaje na webovej str\u00e1nke (vr\u00e1tane telef\u00f3nneho \u010d\u00edsla): <strong>\u00c1no<\/strong><\/li>\n<li> Jednoduch\u00e9 z\u00edskanie <a href=\"https:\/\/moverdb.com\/sk\/citaty\/\">medzin\u00e1rodn\u00e9 s\u0165ahovanie cit\u00e1cie<\/a>? (Online formul\u00e1r \u017eiadosti o odhad): <strong>\u00c1no<\/strong><\/li>\n<li> Jasn\u00e9 inform\u00e1cie na webovej str\u00e1nke: <strong>\u00c1no,<\/strong> Webov\u00e1 str\u00e1nka je dobre navrhnut\u00e1 a jasne popisuje pon\u00fakan\u00e9 produkty a slu\u017eby.<\/li>\n<li> \u010dlenstvo v medzin\u00e1rodn\u00fdch uzn\u00e1van\u00fdch organiz\u00e1ci\u00e1ch pohybliv\u00fdch zvierat: <strong>\u00c1no<\/strong>, mnoh\u00e9, pozri vy\u0161\u0161ie<\/li>\n<li> Zoznam klientov a\/alebo referencie predch\u00e1dzaj\u00facich z\u00e1kazn\u00edkov. <strong>\u00c1no,<\/strong> zatia\u013e \u010do na svojej webovej str\u00e1nke uv\u00e1dzaj\u00fa svoje ocenenia a afili\u00e1cie, nena\u0161li sme zoznam referenci\u00ed z\u00e1kazn\u00edkov. Vo v\u0161eobecnosti v\u0161ak maj\u00fa postrehy z cel\u00e9ho webu.<\/li>\n<\/ol>\n<div itemprop=\"reviewRating\" itemscope itemtype=\"http:\/\/schema.org\/Rating\"><meta itemprop=\"worstRating\" content = \"0\" \/><meta itemprop=\"bestRating\" content=\"5\" \/><meta itemprop=\"ratingValue\" content=\"4.5\"><\/div>\n<p><strong>Celkov\u00e9 hodnotenie: 4,5\/5<\/strong><br \/>\n<strong>D\u00e1tum recenzie:<\/strong> <span itemprop=\"datePublished\" content=\"2017-01-10\">10\/01\/2017<\/span>\n<\/div>\n<p>Pre\u010d\u00edtajte si viac o <a href=\"https:\/\/moverdb.com\/sk\/stahovacie-spolocnosti\/\">medzin\u00e1rodn\u00e9 s\u0165ahovacie spolo\u010dnosti<\/a>, <a href=\"https:\/\/moverdb.com\/sk\/us-kanada-stehovaci\/\">dom\u00e1ce s\u0165ahovacie spolo\u010dnosti<\/a> a na\u0161e <a href=\"https:\/\/moverdb.com\/sk\/recenzie\/\">vysvetlen\u00fd proces presk\u00famania<\/a>.<\/p>\n<p><strong>Webov\u00e1 lokalita:<\/strong> <a href=\"https:\/\/www.hilldrup.com\/\" target=\"_blank\" rel=\"noopener\">https:\/\/www.hilldrup.com\/<\/a><\/p>","protected":false},"excerpt":{"rendered":"<p>Hilldrup Moving and Storage is based in Stafford VA. The company offers its client a variety of services which are listed below, together with a company profile and reviews. International Moving Services Relocation Assistance Human Resource Consulting and Strategic Planning Marketing Assistance Home Sales Program Expense Administration Temporary Living Arrangement International Assignment Services Destination and [&hellip;]<\/p>\n","protected":false},"author":1,"featured_media":0,"parent":0,"menu_order":0,"comment_status":"closed","ping_status":"closed","template":"","meta":{"_genesis_hide_title":false,"_genesis_hide_breadcrumbs":false,"_genesis_hide_singular_image":false,"_genesis_hide_footer_widgets":false,"_genesis_custom_body_class":"","_genesis_custom_post_class":"","_genesis_layout":"","footnotes":""},"class_list":{"0":"post-1034","1":"page","2":"type-page","3":"status-publish","5":"entry"},"_links":{"self":[{"href":"https:\/\/moverdb.com\/sk\/wp-json\/wp\/v2\/pages\/1034","targetHints":{"allow":["GET"]}}],"collection":[{"href":"https:\/\/moverdb.com\/sk\/wp-json\/wp\/v2\/pages"}],"about":[{"href":"https:\/\/moverdb.com\/sk\/wp-json\/wp\/v2\/types\/page"}],"author":[{"embeddable":true,"href":"https:\/\/moverdb.com\/sk\/wp-json\/wp\/v2\/users\/1"}],"replies":[{"embeddable":true,"href":"https:\/\/moverdb.com\/sk\/wp-json\/wp\/v2\/comments?post=1034"}],"version-history":[{"count":3,"href":"https:\/\/moverdb.com\/sk\/wp-json\/wp\/v2\/pages\/1034\/revisions"}],"predecessor-version":[{"id":6220,"href":"https:\/\/moverdb.com\/sk\/wp-json\/wp\/v2\/pages\/1034\/revisions\/6220"}],"wp:attachment":[{"href":"https:\/\/moverdb.com\/sk\/wp-json\/wp\/v2\/media?parent=1034"}],"curies":[{"name":"wp","href":"https:\/\/api.w.org\/{rel}","templated":true}]}}