{"id":1032,"date":"2016-11-24T06:36:56","date_gmt":"2016-11-24T06:36:56","guid":{"rendered":"http:\/\/moverdb.com\/?page_id=1032"},"modified":"2026-01-08T14:47:59","modified_gmt":"2026-01-08T14:47:59","slug":"coleman-celosvetove-stahovanie","status":"publish","type":"page","link":"https:\/\/moverdb.com\/sk\/coleman-worldwide-moving\/","title":{"rendered":"Coleman Worldwide Moving: Medzin\u00e1rodn\u00e9 s\u0165ahovanie Recenzie"},"content":{"rendered":"<p>Spolo\u010dnos\u0165 Coleman Worldwide Moving, zn\u00e1ma aj ako Coleman American Moving Services &amp; Coleman Allied, pon\u00faka mnoho medzin\u00e1rodn\u00fdch s\u0165ahovac\u00edch slu\u017eieb. Tieto slu\u017eby s\u00fa uveden\u00e9 ni\u017e\u0161ie spolu s profilom spolo\u010dnosti a recenziami.<\/p>\n<p><strong>Medzin\u00e1rodn\u00e9 s\u0165ahovavce<\/strong><\/p>\n<ul>\n<li> Komplexn\u00e9 balenie<\/li>\n<li> Koordin\u00e1tor osobn\u00e9ho presunu<\/li>\n<li> Vlastn\u00e9 balenie<\/li>\n<li> <a href=\"https:\/\/moverdb.com\/sk\/automobilova-doprava-a-preprava\/\">Preprava vozidiel<\/a><\/li>\n<li> Sledovanie z\u00e1sielky online<\/li>\n<li> Dlhodob\u00e9 a kr\u00e1tkodob\u00e9 skladovanie<\/li>\n<li> Rozba\u013eovanie<\/li>\n<li> Odstra\u0148ovanie sut\u00edn<\/li>\n<\/ul>\n<p><strong>Premiestnenie spolo\u010dnosti<\/strong><\/p>\n<ul>\n<li> Komplexn\u00e9 balenie<\/li>\n<li> Koordin\u00e1tor osobn\u00e9ho presunu<\/li>\n<li> Od jedn\u00e9ho zamestnanca po cel\u00fd person\u00e1l<\/li>\n<li> Rozba\u013eovanie<\/li>\n<li> <a href=\"https:\/\/moverdb.com\/sk\/car-transport-shipping\/\" data-internallinksmanager029f6b8e52c=\"2\" title=\"2026 Medzin\u00e1rodn\u00e1 preprava \u00e1ut a cit\u00e1cie prepravy vozidiel\">Preprava vozidiel<\/a><\/li>\n<li> Vyba\u013eovanie a odstra\u0148ovanie trosiek<\/li>\n<li> Online sledovanie z\u00e1sielok<\/li>\n<\/ul>\n<p><strong>Komer\u010dn\u00e9 s\u0165ahov\u00e1ky<\/strong><\/p>\n<ul>\n<li> Priemyseln\u00e9 s\u0165ahovanie<\/li>\n<li> Vl\u00e1da sa pres\u00fava<\/li>\n<li> S\u0165ahovanie kancel\u00e1ri\u00ed<\/li>\n<li> Po\u010d\u00edta\u010de a elektronika sa pohybuj\u00fa<\/li>\n<li> Premiestnenie spolo\u010dnosti<\/li>\n<\/ul>\n<p><strong>Vl\u00e1dne a vojensk\u00e9 s\u0165ahovacie slu\u017eby<\/strong><\/p>\n<ul>\n<li> Koordin\u00e1tor osobn\u00e9ho presunu<\/li>\n<li> Komplexn\u00e9 balenie<\/li>\n<li> Dodr\u017eiavanie pr\u00edsnych protokolov o pohybe<\/li>\n<\/ul>\n<p><strong>S\u0165ahov\u00e1ci pre dom\u00e1cnos\u0165<\/strong><\/p>\n<ul>\n<li> Koordin\u00e1tor osobn\u00e9ho presunu<\/li>\n<li> \u00daloha akejko\u013evek ve\u013ekosti<\/li>\n<li> Kompletn\u00e1 ponuka slu\u017eieb<\/li>\n<li> Balenie a vyba\u013eovanie<\/li>\n<li> Kr\u00e1tkodob\u00e9 a dlhodob\u00e9 skladovanie<\/li>\n<\/ul>\n<h2>Profil spolo\u010dnosti Coleman Worldwide Moving Company<\/h2>\n<p>Spolo\u010dnos\u0165 Coleman Worldwide Moving existuje od roku 1914 a v s\u00fa\u010dasnosti je s\u00fa\u010das\u0165ou skupiny Coleman World Group. Za\u010d\u00ednala s 8 ko\u0148mi a dvoma vozmi, teraz sa spolo\u010dnos\u0165 zameriava na medzin\u00e1rodn\u00e9, dia\u013ekov\u00e9, miestne a celo\u0161t\u00e1tne s\u0165ahovanie pre jednotlivcov a firmy.<\/p>\n<p>Je tie\u017e zn\u00e1my ako Coleman American Moving Services a je s\u00fa\u010das\u0165ou <a href=\"https:\/\/moverdb.com\/sk\/allied-van-lines\/\">Spojeneck\u00e9 s\u0165ahovanie<\/a> pridru\u017een\u00e9 spolo\u010dnosti skupiny.<\/p>\n<p>Spolo\u010dnos\u0165 Coleman m\u00e1 viac ako 50 pobo\u010diek v <a href=\"https:\/\/moverdb.com\/sk\/moving-to-the-united-states\/\" data-internallinksmanager029f6b8e52c=\"94\" title=\"S\u0165ahujete sa do Spojen\u00fdch \u0161t\u00e1tov? 2022 \u017divotn\u00e9 n\u00e1klady a tipy na pres\u0165ahovanie\">US<\/a> a viac ako 400 agentov v 175 krajin\u00e1ch sveta. Je to rodinn\u00e1 spolo\u010dnos\u0165, ktor\u00e1 je odhodlan\u00e1 poskytova\u0165 rovnak\u00e9 slu\u017eby ako jej zakladatelia v roku 1914. <\/p>\n<p>Spolo\u010dnos\u0165 Coleman Worldwide Moving m\u00e1 tieto akredit\u00e1cie a afili\u00e1cie:<\/p>\n<ul>\n<li> <a href=\"https:\/\/moverdb.com\/sk\/obruc-promover\/\">ProMover<\/a><\/li>\n<li> <a href=\"https:\/\/moverdb.com\/sk\/amsa\/\">AMSA<\/a><\/li>\n<li> Akredit\u00e1cia BBB<\/li>\n<li> V\u00ed\u0165az ceny Allied Quality Award<\/li>\n<li> Hnutie za hlad<\/li>\n<\/ul>\n<p><strong>Coleman Worldwide Moving Recenzie<\/strong><\/p>\n<p><strong>Pozit\u00edvne:<\/strong><\/p>\n<ul>\n<li> <em>\"Skvel\u00e9 slu\u017eby...Easy...Stress free move. Poskytol presn\u00fd odhad pohybu. Profesion\u00e1lny person\u00e1l po celom obvode. Od odhadu a\u017e po doru\u010denie. Profesion\u00e1lne a priate\u013esk\u00e9 vyzdvihnutie, preprava a doru\u010denie. \u010eakujem ve\u013emi pekne.\"<\/em>  - Anthony prostredn\u00edctvom <a href=\"http:\/\/www.colemanallied.com\/moving-reviews\/\" target=\"_blank\" rel=\"noopener\">webov\u00e1 str\u00e1nka spolo\u010dnosti<\/a><\/li>\n<li> <em>\"M\u00f4j 90-ro\u010dn\u00fd otec a ja sme nemohli by\u0165 viac spokojn\u00ed so spolo\u010dnos\u0165ou Coleman Worldwide Moving.\"<\/em> - Tori prostredn\u00edctvom <a href=\"https:\/\/www.yelp.com\/biz\/coleman-american-moving-services-san-diego?hrid=Ofenf__KAOD4xnvo73xHNw&#038;utm_campaign=www_review_share_popup&#038;utm_medium=copy_link&#038;utm_source=(direct)\" target=\"_blank\" rel=\"noopener\">Yelp<\/a> (pre spolo\u010dnos\u0165 Coleman American Moving Services)<\/li>\n<li> <em>\"Pracoval som v oblasti s\u0165ahovania, ale toto bolo prv\u00fdkr\u00e1t, \u010do som bol z\u00e1kazn\u00edkom. Chlapci, ktor\u00fdch poslali nalo\u017ei\u0165, boli zdvoril\u00ed, dobre vychovan\u00ed a pracovit\u00ed. Presne tak\u00fd typ chlapov by som si najal ja s\u00e1m, ke\u010f som h\u013eadal miestnu pomoc.\"<\/em> - Donna prostredn\u00edctvom <a href=\"https:\/\/www.facebook.com\/pg\/colemanallied\/reviews\/\" target=\"_blank\" rel=\"noopener\">Str\u00e1nka na Facebooku<\/a><\/li>\n<li> <em>\"V\u017edy som mal dobr\u00e9 sk\u00fasenosti so s\u0165ahovan\u00edm so spolo\u010dnos\u0165ou Allied, ale toto s\u0165ahovanie \u010faleko prekonalo ostatn\u00e9! Bolo to pre m\u0148a naozaj s\u0165ahovanie bez stresu.\"<\/em> - Marlena prostredn\u00edctvom <a href=\"http:\/\/www.mymovingreviews.com\/movers\/coleman-worldwide-moving-3905#59102\" target=\"_blank\" rel=\"noopener\">MyMovingReviews<\/a><\/li>\n<\/ul>\n<p><strong>Negat\u00edvne:<\/strong><\/p>\n<ul>\n<li> <em>\"Na\u0161a sk\u00fasenos\u0165 so spolo\u010dnos\u0165ou Coleman\/Allied Worldwide, ktor\u00e1 sa postarala o na\u0161e s\u0165ahovanie naprie\u010d \u0161t\u00e1tmi (<a href=\"https:\/\/moverdb.com\/sk\/moving-to-the-united-states\/moving-to-alabama\/\" data-internallinksmanager029f6b8e52c=\"448\" title=\"S\u0165ahujete sa do Alabamy? 2024 N\u00e1klady na b\u00fdvanie a tipy na pres\u0165ahovanie\">Alabama<\/a> na <a href=\"https:\/\/moverdb.com\/sk\/moving-to-the-united-states\/moving-to-north-carolina\/\" data-internallinksmanager029f6b8e52c=\"411\" title=\"S\u0165ahovanie do Severnej Karol\u00edny? 2026 N\u00e1klady na b\u00fdvanie a tipy na pres\u0165ahovanie\">Severn\u00e1 Karol\u00edna<\/a>) bola pln\u00e1 probl\u00e9mov.\"<\/em> - Sarah prostredn\u00edctvom <a href=\"https:\/\/www.bbb.org\/csal\/business-reviews\/movers\/coleman-worldwide-moving-in-midland-city-al-4001673\/reviews-and-complaints\" target=\"_blank\" rel=\"noopener\">BBB<\/a><\/li>\n<li> <em>\"S touto sk\u00fasenos\u0165ou som sa e\u0161te ani nepo\u0161kriabal po povrchu. D\u00e1 sa toho e\u0161te ve\u013ea poveda\u0165, ale chcel som aspo\u0148 uvies\u0165 to najhor\u0161ie z najhor\u0161ieho.\"<\/em> - Kristin prostredn\u00edctvom <a href=\"https:\/\/www.consumeraffairs.com\/movers\/allied_van_lines.htm\" target=\"_blank\" rel=\"noopener\">ConsumerAffairs<\/a><\/li>\n<li> <em>\"NEPOU\u017d\u00cdVAJTE TOTO <a href=\"https:\/\/moverdb.com\/sk\/moving-companies\/\" data-internallinksmanager029f6b8e52c=\"79\" title=\"Top 25 medzin\u00e1rodn\u00fdch s\u0165ahovac\u00edch spolo\u010dnost\u00ed online\">S\u0164AHOVACIA SPOLO\u010cNOS\u0164<\/a>.  Trvali na tom, \u017ee n\u00e1s po\u010das tropickej b\u00farky v St Pete po ve\u013emi oneskorenom \u0161tarte v <a href=\"https:\/\/moverdb.com\/sk\/stahovanie-do-atlanty\/\">Atlanta<\/a>.\"<\/em> - Becky prostredn\u00edctvom <a href=\"https:\/\/www.yelp.com\/biz\/coleman-worldwide-moving-fairburn\" target=\"_blank\" rel=\"noopener\">Yelp<\/a><\/li>\n<li> <em>\"Arm\u00e1da mus\u00ed odstr\u00e1ni\u0165 t\u00fato spolo\u010dnos\u0165 ako dopravcu. Osobne som s touto spolo\u010dnos\u0165ou za\u017eil probl\u00e9my od balenia do domu a\u017e po doru\u010denie a potvrdenia o prevzat\u00ed.\"<\/em> - Shawni prostredn\u00edctvom <a href=\"https:\/\/www.facebook.com\/pg\/colemanallied\/reviews\/\" target=\"_blank\" rel=\"noopener\">Str\u00e1nka na Facebooku<\/a><\/li>\n<\/ul>\n<div itemprop=\"review\" itemscope itemtype=\"http:\/\/schema.org\/Review\">\n<span itemprop=\"author\" itemscope=\"\" itemtype=\"http:\/\/schema.org\/Organization\"><span itemprop=\"name\">MoverDB.com<\/span><\/span> Online preh\u013ead webov\u00fdch str\u00e1nok pre <span itemprop=\"itemreviewed\" itemscope=\"\" itemtype=\"http:\/\/schema.org\/Brand\"><span itemprop=\"name\">Coleman Worldwide Moving<\/span><\/span>:<\/p>\n<ol>\n<li> Jasn\u00e9 kontaktn\u00e9 \u00fadaje na webovej str\u00e1nke (vr\u00e1tane telef\u00f3nneho \u010d\u00edsla): <strong>\u00c1no<\/strong><\/li>\n<li> Jednoduch\u00e9 z\u00edskanie <a href=\"https:\/\/moverdb.com\/sk\/citaty\/\">medzin\u00e1rodn\u00e9 s\u0165ahovanie cit\u00e1cie<\/a>? (Online formul\u00e1r \u017eiadosti o odhad): <strong>\u00c1no<\/strong><\/li>\n<li> Jasn\u00e9 inform\u00e1cie na webovej str\u00e1nke: <strong>Niektor\u00e9<\/strong>, zatia\u013e \u010do inform\u00e1cie o ich slu\u017eb\u00e1ch nie s\u00fa pr\u00edli\u0161 rozsiahle.<\/li>\n<li> \u010dlenstvo v medzin\u00e1rodn\u00fdch uzn\u00e1van\u00fdch organiz\u00e1ci\u00e1ch pohybliv\u00fdch zvierat: <strong>\u00c1no<\/strong>, aj ke\u010f ich nie je to\u013eko ako v pr\u00edpade mnoh\u00fdch in\u00fdch s\u0165ahovac\u00edch spolo\u010dnost\u00ed.<\/li>\n<li> Zoznam klientov a\/alebo referencie predch\u00e1dzaj\u00facich z\u00e1kazn\u00edkov: <strong>\u00c1no<\/strong>, Na webovej str\u00e1nke je ve\u013ea pozit\u00edvnych posudkov z\u00e1kazn\u00edkov, hoci recenzie zo zvy\u0161ku webu s\u00fa trochu zmie\u0161an\u00e9.<\/li>\n<\/ol>\n<div itemprop=\"reviewRating\" itemscope itemtype=\"http:\/\/schema.org\/Rating\"><meta itemprop=\"worstRating\" content = \"0\" \/><meta itemprop=\"bestRating\" content=\"5\" \/><meta itemprop=\"ratingValue\" content=\"4\"><\/div>\n<p><strong>Celkov\u00e9 hodnotenie: 4\/5<\/strong><br \/>\n<strong>D\u00e1tum recenzie:<\/strong> <span itemprop=\"datePublished\" content=\"2016-11-24\">24\/11\/2016<\/span>\n<\/div>\n<p>Pre\u010d\u00edtajte si viac o <a href=\"https:\/\/moverdb.com\/sk\/stahovacie-spolocnosti\/\">najlep\u0161\u00ed medzin\u00e1rodn\u00ed s\u0165ahov\u00e1ci<\/a>, <a href=\"https:\/\/moverdb.com\/sk\/us-kanada-stehovaci\/\">s\u0165ahov\u00e1ci v Spojen\u00fdch \u0161t\u00e1toch<\/a> a na\u0161e <a href=\"https:\/\/moverdb.com\/sk\/recenzie\/\">proces presk\u00famania<\/a>.<\/p>\n<p><strong>Webov\u00e1 lokalita:<\/strong> <a href=\"http:\/\/www.colemanallied.com\/\" target=\"_blank\" rel=\"noopener\">http:\/\/www.colemanallied.com\/<\/a><\/p>","protected":false},"excerpt":{"rendered":"<p>Coleman Worldwide Moving also known as Coleman American Moving Services &#038; Coleman Allied offers many international moving services. These are listed below, together with a company profile and reviews. International Movers Full service packing Personal move coordinator Custom crating Vehicle shipping On line shipment tracking Long and short term storage Unpacking Debris removal Corporate Relocation [&hellip;]<\/p>\n","protected":false},"author":1,"featured_media":0,"parent":0,"menu_order":0,"comment_status":"closed","ping_status":"closed","template":"","meta":{"_genesis_hide_title":false,"_genesis_hide_breadcrumbs":false,"_genesis_hide_singular_image":false,"_genesis_hide_footer_widgets":false,"_genesis_custom_body_class":"","_genesis_custom_post_class":"","_genesis_layout":"","footnotes":""},"class_list":{"0":"post-1032","1":"page","2":"type-page","3":"status-publish","5":"entry"},"_links":{"self":[{"href":"https:\/\/moverdb.com\/sk\/wp-json\/wp\/v2\/pages\/1032","targetHints":{"allow":["GET"]}}],"collection":[{"href":"https:\/\/moverdb.com\/sk\/wp-json\/wp\/v2\/pages"}],"about":[{"href":"https:\/\/moverdb.com\/sk\/wp-json\/wp\/v2\/types\/page"}],"author":[{"embeddable":true,"href":"https:\/\/moverdb.com\/sk\/wp-json\/wp\/v2\/users\/1"}],"replies":[{"embeddable":true,"href":"https:\/\/moverdb.com\/sk\/wp-json\/wp\/v2\/comments?post=1032"}],"version-history":[{"count":5,"href":"https:\/\/moverdb.com\/sk\/wp-json\/wp\/v2\/pages\/1032\/revisions"}],"predecessor-version":[{"id":6193,"href":"https:\/\/moverdb.com\/sk\/wp-json\/wp\/v2\/pages\/1032\/revisions\/6193"}],"wp:attachment":[{"href":"https:\/\/moverdb.com\/sk\/wp-json\/wp\/v2\/media?parent=1032"}],"curies":[{"name":"wp","href":"https:\/\/api.w.org\/{rel}","templated":true}]}}