{"id":10263,"date":"2023-06-22T15:31:17","date_gmt":"2023-06-22T15:31:17","guid":{"rendered":"https:\/\/moverdb.com\/?page_id=10263"},"modified":"2026-01-08T15:24:56","modified_gmt":"2026-01-08T15:24:56","slug":"moving-companies-zimbabwe","status":"publish","type":"page","link":"https:\/\/moverdb.com\/sk\/moving-companies\/moving-companies-zimbabwe\/","title":{"rendered":"4 Najlep\u0161ie medzin\u00e1rodn\u00e9 s\u0165ahovacie spolo\u010dnosti v Zimbabwe"},"content":{"rendered":"<p>Pri pl\u00e1novan\u00ed s\u0165ahovania, najm\u00e4 medzi krajinami, m\u00f4\u017ee by\u0165 ve\u013ea vec\u00ed, ktor\u00e9 treba vybavi\u0165, ohromuj\u00face. Zamestnanie <a href=\"https:\/\/moverdb.com\/sk\/moving-companies\/\" data-internallinksmanager029f6b8e52c=\"79\" title=\"Top 25 medzin\u00e1rodn\u00fdch s\u0165ahovac\u00edch spolo\u010dnost\u00ed online\">s\u0165ahovacia spolo\u010dnos\u0165<\/a> v\u00e1m m\u00f4\u017ee u\u013eah\u010di\u0165 toto bremeno a u\u013eah\u010di\u0165 s\u0165ahovanie. Ni\u017e\u0161ie sme zostavili zoznam spolo\u010dnost\u00ed so s\u00eddlom v Zimbabwe <a href=\"https:\/\/moverdb.com\/sk\/international-removals\/\" data-internallinksmanager029f6b8e52c=\"27\" title=\"36 najlep\u0161\u00edch medzin\u00e1rodn\u00fdch s\u0165ahovac\u00edch spolo\u010dnost\u00ed v Spojenom kr\u00e1\u013eovstve\">s\u0165ahovacie spolo\u010dnosti<\/a> ktor\u00e9 s\u00fa \u010dlenmi <a href=\"https:\/\/moverdb.com\/sk\/iam\/\" data-internallinksmanager029f6b8e52c=\"23\" title=\"Vysvetlenie Medzin\u00e1rodnej asoci\u00e1cie s\u0165ahovate\u013eov (IAM)\">Medzin\u00e1rodn\u00e1 asoci\u00e1cia s\u0165ahovate\u013eov<\/a> (IAM) a\/alebo <a href=\"https:\/\/moverdb.com\/sk\/fidi-faim\/\" data-internallinksmanager029f6b8e52c=\"16\" title=\"Vysvetlenie FIDI a FAIM (FIDI akreditovan\u00fd medzin\u00e1rodn\u00fd prepravca)\">FIDI<\/a> Akreditovan\u00fd medzin\u00e1rodn\u00fd prepravca (FAIM), ktor\u00fd by v\u00e1m mohol pom\u00f4c\u0165 pri s\u0165ahovan\u00ed.<\/p>\n<div id=\"ez-toc-container\" class=\"ez-toc-v2_0_82_2 ez-toc-wrap-left counter-hierarchy ez-toc-counter ez-toc-transparent ez-toc-container-direction\">\n<div class=\"ez-toc-title-container\">\n<p class=\"ez-toc-title\" style=\"cursor:inherit\">Sekcie<\/p>\n<span class=\"ez-toc-title-toggle\"><a href=\"#\" class=\"ez-toc-pull-right ez-toc-btn ez-toc-btn-xs ez-toc-btn-default ez-toc-toggle\" aria-label=\"Prep\u00ednanie tabu\u013eky obsahu\"><span class=\"ez-toc-js-icon-con\"><span class=\"\"><span class=\"eztoc-hide\" style=\"display:none;\">Prep\u00edna\u010d<\/span><span class=\"ez-toc-icon-toggle-span\"><svg style=\"fill: #999;color:#999\" xmlns=\"http:\/\/www.w3.org\/2000\/svg\" class=\"list-377408\" width=\"20px\" height=\"20px\" viewbox=\"0 0 24 24\" fill=\"none\"><path d=\"M6 6H4v2h2V6zm14 0H8v2h12V6zM4 11h2v2H4v-2zm16 0H8v2h12v-2zM4 16h2v2H4v-2zm16 0H8v2h12v-2z\" fill=\"currentColor\"><\/path><\/svg><svg style=\"fill: #999;color:#999\" class=\"arrow-unsorted-368013\" xmlns=\"http:\/\/www.w3.org\/2000\/svg\" width=\"10px\" height=\"10px\" viewbox=\"0 0 24 24\" version=\"1.2\" baseprofile=\"tiny\"><path d=\"M18.2 9.3l-6.2-6.3-6.2 6.3c-.2.2-.3.4-.3.7s.1.5.3.7c.2.2.4.3.7.3h11c.3 0 .5-.1.7-.3.2-.2.3-.5.3-.7s-.1-.5-.3-.7zM5.8 14.7l6.2 6.3 6.2-6.3c.2-.2.3-.5.3-.7s-.1-.5-.3-.7c-.2-.2-.4-.3-.7-.3h-11c-.3 0-.5.1-.7.3-.2.2-.3.5-.3.7s.1.5.3.7z\"\/><\/svg><\/span><\/span><\/span><\/a><\/span><\/div>\n<nav><ul class='ez-toc-list ez-toc-list-level-1 eztoc-toggle-hide-by-default' ><li class='ez-toc-page-1 ez-toc-heading-level-2'><a class=\"ez-toc-link ez-toc-heading-1\" href=\"https:\/\/moverdb.com\/sk\/moving-companies\/moving-companies-zimbabwe\/#1_Biddulphs_International\" >1. Biddulphs International<\/a><\/li><li class='ez-toc-page-1 ez-toc-heading-level-2'><a class=\"ez-toc-link ez-toc-heading-2\" href=\"https:\/\/moverdb.com\/sk\/moving-companies\/moving-companies-zimbabwe\/#2_Chavilon_International_Movers_Logistics\" >2. Chavilon International Movers &amp; Logistics<\/a><\/li><li class='ez-toc-page-1 ez-toc-heading-level-2'><a class=\"ez-toc-link ez-toc-heading-3\" href=\"https:\/\/moverdb.com\/sk\/moving-companies\/moving-companies-zimbabwe\/#3_Glens_Removal_Storage\" >3. S\u0165ahovanie a skladovanie Glens<\/a><\/li><li class='ez-toc-page-1 ez-toc-heading-level-2'><a class=\"ez-toc-link ez-toc-heading-4\" href=\"https:\/\/moverdb.com\/sk\/moving-companies\/moving-companies-zimbabwe\/#4_Stuttafords\" >4. Stuttafords<\/a><\/li><\/ul><\/nav><\/div>\n<h2><span class=\"ez-toc-section\" id=\"1_Biddulphs_International\"><\/span><strong>1. Biddulphs International<\/strong><img loading=\"lazy\" decoding=\"async\" class=\"alignnone size-full wp-image-10090\" style=\"font-size: 16px;\" src=\"https:\/\/moverdb.com\/wp-content\/uploads\/Biddulphs-International-Zimbabwe-moving-company.png\" alt=\"Biddulphs International Zimbabwe pohybuj\u00face sa spolo\u010dnos\u0165\" width=\"1440\" height=\"670\" data-wp-pid=\"10090\" srcset=\"https:\/\/moverdb.com\/wp-content\/uploads\/Biddulphs-International-Zimbabwe-moving-company.png 1440w, https:\/\/moverdb.com\/wp-content\/uploads\/Biddulphs-International-Zimbabwe-moving-company-300x140.png 300w, https:\/\/moverdb.com\/wp-content\/uploads\/Biddulphs-International-Zimbabwe-moving-company-1024x476.png 1024w, https:\/\/moverdb.com\/wp-content\/uploads\/Biddulphs-International-Zimbabwe-moving-company-18x8.png 18w, https:\/\/moverdb.com\/wp-content\/uploads\/Biddulphs-International-Zimbabwe-moving-company-600x279.png 600w\" sizes=\"auto, (max-width: 1440px) 100vw, 1440px\" \/><span class=\"ez-toc-section-end\"><\/span><\/h2>\n<ul>\n<li>Miestne s\u0165ahovanie<\/li>\n<li>Medzin\u00e1rodn\u00e9 s\u0165ahovanie<\/li>\n<li>S\u0165ahovanie dom\u00e1cnost\u00ed<\/li>\n<li>Premiest\u0148ovanie podnikov<\/li>\n<li>Baliace slu\u017eby<\/li>\n<li>Pozemn\u00e1, leteck\u00e1 a n\u00e1morn\u00e1 doprava<\/li>\n<li>Mo\u017enosti kontajnera<\/li>\n<li>Coln\u00e9 konanie<\/li>\n<li>Tranzitn\u00e9 poistenie<\/li>\n<li>Skladovacie zariadenia<\/li>\n<\/ul>\n<p>Biddulphs International je medzin\u00e1rodn\u00e1 prepravn\u00e1 spolo\u010dnos\u0165 zalo\u017een\u00e1 v roku 1928 so s\u00eddlom v Harare. M\u00e1 celosvetov\u00fa sie\u0165 s\u0165ahovac\u00edch partnerov, ktor\u00ed sp\u013a\u0148aj\u00fa medzin\u00e1rodn\u00e9 normy kvality a pom\u00e1haj\u00fa im pri medzin\u00e1rodn\u00fdch s\u0165ahovaniach. S\u00fa \u010dlenom IAM s 87-ro\u010dn\u00fdmi sk\u00fasenos\u0165ami.<\/p>\n<p>Konzultanti spolo\u010dnosti Biddulphs International v\u00e1m poradia, ak\u00e9 mo\u017enosti s\u0165ahovania s\u00fa pre v\u00e1s najv\u00fdhodnej\u0161ie. Poskytuj\u00fa profesion\u00e1lnych bali\u010dov, ktor\u00ed ochr\u00e1nia va\u0161e veci po\u010das prepravy. Zabezpe\u010dia prepravu a dohliadnu na coln\u00e9 odbavenie, ako aj poskytn\u00fa tranzitn\u00e9 poistenie. Poskytuj\u00fa mo\u017enos\u0165 v\u00fdberu pln\u00e9ho kontajnerov\u00e9ho n\u00e1kladu, \u010diasto\u010dn\u00e9ho kontajnerov\u00e9ho n\u00e1kladu a skupinovej prepravy.<\/p>\n<p>Webov\u00e1 lokalita: <a href=\"https:\/\/www.biddulphs.co.zw\/\" target=\"_blank\" rel=\"noopener\">https:\/\/www.biddulphs.co.zw\/<\/a><\/p>\n<h2><span class=\"ez-toc-section\" id=\"2_Chavilon_International_Movers_Logistics\"><\/span><strong>2. Chavilon International Movers &amp; Logistics<\/strong><span class=\"ez-toc-section-end\"><\/span><\/h2>\n<p><img loading=\"lazy\" decoding=\"async\" class=\"alignnone size-full wp-image-10093\" src=\"https:\/\/moverdb.com\/wp-content\/uploads\/Chavilon-International-moving-company.png\" alt=\"Chavilon Medzin\u00e1rodn\u00e1 s\u0165ahovacia spolo\u010dnos\u0165\" width=\"1440\" height=\"679\" data-wp-pid=\"10093\" srcset=\"https:\/\/moverdb.com\/wp-content\/uploads\/Chavilon-International-moving-company.png 1440w, https:\/\/moverdb.com\/wp-content\/uploads\/Chavilon-International-moving-company-300x141.png 300w, https:\/\/moverdb.com\/wp-content\/uploads\/Chavilon-International-moving-company-1024x483.png 1024w, https:\/\/moverdb.com\/wp-content\/uploads\/Chavilon-International-moving-company-18x8.png 18w, https:\/\/moverdb.com\/wp-content\/uploads\/Chavilon-International-moving-company-600x283.png 600w\" sizes=\"auto, (max-width: 1440px) 100vw, 1440px\" \/><\/p>\n<ul>\n<li>N\u00e1rodn\u00e9 presuny<\/li>\n<li>Medzin\u00e1rodn\u00e9 s\u0165ahovanie<\/li>\n<li>Premiest\u0148ovanie dom\u00e1cnost\u00ed<\/li>\n<li>S\u0165ahovanie firiem a kancel\u00e1ri\u00ed<\/li>\n<li>Baliace slu\u017eby<\/li>\n<li>Cestn\u00e1, \u017eelezni\u010dn\u00e1, leteck\u00e1 a n\u00e1morn\u00e1 n\u00e1kladn\u00e1 doprava<\/li>\n<li>Coln\u00e9 konanie<\/li>\n<li>Premiest\u0148ovanie v\u00fdtvarn\u00e9ho umenia a staro\u017eitnost\u00ed<\/li>\n<li>Premiestnenie vozidla<\/li>\n<li>Skladovacie zariadenia<\/li>\n<\/ul>\n<p>Chavilon International Movers &amp; Logistics je spolo\u010dnos\u0165 zaoberaj\u00faca sa premiest\u0148ovan\u00edm a logistikou so s\u00eddlom v Harare a jej matersk\u00e9 a sestersk\u00e9 spolo\u010dnosti v <a href=\"https:\/\/moverdb.com\/sk\/moving-companies\/moving-companies-mozambique\/\" data-internallinksmanager029f6b8e52c=\"286\" title=\"4 Najlep\u0161ie medzin\u00e1rodn\u00e9 s\u0165ahovacie spolo\u010dnosti v Mozambiku\">Mozambik<\/a>, Angola, <a href=\"https:\/\/moverdb.com\/sk\/moving-companies\/botswana-moving-companies\/\" data-internallinksmanager029f6b8e52c=\"167\" title=\"Najlep\u0161ie medzin\u00e1rodn\u00e9 s\u0165ahovacie spolo\u010dnosti v Botswane\">Botswana<\/a>, <a href=\"https:\/\/moverdb.com\/sk\/moving-companies\/moving-companies-malawi\/\" data-internallinksmanager029f6b8e52c=\"295\" title=\"Najlep\u0161ie medzin\u00e1rodn\u00e9 s\u0165ahovacie spolo\u010dnosti v Malawi\">Malawi<\/a> a Zambii. Maj\u00fa tie\u017e pr\u00edstup k medzin\u00e1rodnej sieti s\u0165ahovac\u00edch spolo\u010dnost\u00ed, ktor\u00e9 poskytuj\u00fa slu\u017eby po celom svete. S\u00fa \u010dlenom IAM so sedemro\u010dn\u00fdmi sk\u00fasenos\u0165ami.<\/p>\n<p>Spolo\u010dnos\u0165 Chavilon International Movers &amp; Logistics pon\u00faka individu\u00e1lne slu\u017eby v oblasti s\u0165ahovania od dver\u00ed k dver\u00e1m v r\u00e1mci Zimbabwe, do Zimbabwe a zo Zimbabwe. Pon\u00fakaj\u00fa tie\u017e slu\u017eby od dver\u00ed k dver\u00e1m<a href=\"https:\/\/moverdb.com\/sk\/top-49-container-ports\/\" data-internallinksmanager029f6b8e52c=\"80\" title=\"49 najv\u00e4\u010d\u0161\u00edch a najvy\u0165a\u017eenej\u0161\u00edch kontajnerov\u00fdch pr\u00edstavov v roku 2025\">pr\u00edstav<\/a> a slu\u017eby od pr\u00edstavu k pr\u00edstavu, ktor\u00e9 v\u00e1m umo\u017enia vykona\u0165 viac \u010dinnost\u00ed, ako je balenie a vyba\u013eovanie. Ich baliace slu\u017eby pou\u017e\u00edvaj\u00fa medzin\u00e1rodne uzn\u00e1van\u00e9 materi\u00e1ly na ochranu va\u0161ich vec\u00ed pri preprave.<\/p>\n<p>Webov\u00e1 lokalita: <a href=\"http:\/\/www.chavilonmovers.com\/\" target=\"_blank\" rel=\"noopener\">http:\/\/www.chavilonmovers.com\/<\/a><\/p>\n<h2><span class=\"ez-toc-section\" id=\"3_Glens_Removal_Storage\"><\/span><strong>3. S\u0165ahovanie a skladovanie Glens<\/strong><span class=\"ez-toc-section-end\"><\/span><\/h2>\n<p><img loading=\"lazy\" decoding=\"async\" class=\"alignnone size-full wp-image-10128\" src=\"https:\/\/moverdb.com\/wp-content\/uploads\/Glens-Removals-Storage-international-moving-company.png\" alt=\"Glens Removals &amp; Storage medzin\u00e1rodn\u00e1 s\u0165ahovacia spolo\u010dnos\u0165\" width=\"1440\" height=\"680\" data-wp-pid=\"10128\" srcset=\"https:\/\/moverdb.com\/wp-content\/uploads\/Glens-Removals-Storage-international-moving-company.png 1440w, https:\/\/moverdb.com\/wp-content\/uploads\/Glens-Removals-Storage-international-moving-company-300x142.png 300w, https:\/\/moverdb.com\/wp-content\/uploads\/Glens-Removals-Storage-international-moving-company-1024x484.png 1024w, https:\/\/moverdb.com\/wp-content\/uploads\/Glens-Removals-Storage-international-moving-company-18x9.png 18w, https:\/\/moverdb.com\/wp-content\/uploads\/Glens-Removals-Storage-international-moving-company-600x283.png 600w\" sizes=\"auto, (max-width: 1440px) 100vw, 1440px\" \/><\/p>\n<ul>\n<li>Miestne a vn\u00fatro\u0161t\u00e1tne s\u0165ahovanie<\/li>\n<li>Medzin\u00e1rodn\u00e9 s\u0165ahovanie<\/li>\n<li>S\u0165ahovanie dom\u00e1cnost\u00ed<\/li>\n<li>S\u0165ahovanie kancel\u00e1ri\u00ed<\/li>\n<li>S\u0165ahovanie od dver\u00ed k dver\u00e1m<\/li>\n<li>Baliace slu\u017eby<\/li>\n<li>Z\u00e1sielka<\/li>\n<li>Coln\u00e9 konanie<\/li>\n<li>Poistenie<\/li>\n<li>Kr\u00e1tkodob\u00e9 a dlhodob\u00e9 skladovanie<\/li>\n<\/ul>\n<p>Glens Removal &amp; Storage je s\u0165ahovacia spolo\u010dnos\u0165, ktor\u00e1 p\u00f4sob\u00ed od roku 1952 a m\u00e1 kancel\u00e1rie a sklady v Zimbabwe, ako aj pobo\u010dky v <a href=\"https:\/\/moverdb.com\/sk\/moving-to-south-africa\/\" data-internallinksmanager029f6b8e52c=\"347\" title=\"S\u0165ahovanie do Ju\u017enej Afriky? 2026 N\u00e1klady na \u017eivot a tipy na pres\u0165ahovanie\">Ju\u017en\u00e1 Afrika<\/a>, Zambii, Malawi a Mozambiku. Spolupracuj\u00fa s medzin\u00e1rodn\u00fdmi agentmi a prepravn\u00fdmi spolo\u010dnos\u0165ami, aby mohli poskytova\u0165 slu\u017eby po celom svete. S\u00fa \u010dlenom IAM so 71-ro\u010dn\u00fdmi sk\u00fasenos\u0165ami a maj\u00fa akredit\u00e1ciu FIDI.<\/p>\n<p>Spolo\u010dnos\u0165 Glens Removal &amp; Storage pon\u00faka slu\u017eby od dver\u00ed k dver\u00e1m, ktor\u00e9 sp\u013a\u0148aj\u00fa medzin\u00e1rodn\u00e9 normy pre s\u0165ahovanie. Poskytuj\u00fa profesion\u00e1lne baliace slu\u017eby vr\u00e1tane balenia do krab\u00edc, aby bezpe\u010dne dopravili va\u0161e veci na miesto ur\u010denia. Zabezpe\u010dia prepravu vec\u00ed a pon\u00fakaj\u00fa na v\u00fdber <a href=\"https:\/\/moverdb.com\/sk\/shipping-container-sizes-and-dimensions\/\" data-internallinksmanager029f6b8e52c=\"247\" title=\"Kone\u010dn\u00fd sprievodca ve\u013ekos\u0165ami a rozmermi prepravn\u00fdch kontajnerov\">ve\u013ekosti kontajnerov<\/a> a konsolida\u010dn\u00e9 slu\u017eby pre va\u0161e s\u0165ahovanie.<\/p>\n<p>Webov\u00e1 lokalita: <a href=\"http:\/\/www.glensremovals.com\" target=\"_blank\" rel=\"noopener\">http:\/\/www.glensremovals.com<\/a><\/p>\n<h2><span class=\"ez-toc-section\" id=\"4_Stuttafords\"><\/span><strong>4. Stuttafords<\/strong><span class=\"ez-toc-section-end\"><\/span><\/h2>\n<p><img loading=\"lazy\" decoding=\"async\" class=\"alignnone size-full wp-image-10188\" src=\"https:\/\/moverdb.com\/wp-content\/uploads\/Stuttafords-Zimbabwe-international-moving-company.png\" alt=\"Stuttafords Zimbabwe medzin\u00e1rodn\u00e9 s\u0165ahovanie spolo\u010dnos\u0165\" width=\"1440\" height=\"681\" data-wp-pid=\"10188\" srcset=\"https:\/\/moverdb.com\/wp-content\/uploads\/Stuttafords-Zimbabwe-international-moving-company.png 1440w, https:\/\/moverdb.com\/wp-content\/uploads\/Stuttafords-Zimbabwe-international-moving-company-300x142.png 300w, https:\/\/moverdb.com\/wp-content\/uploads\/Stuttafords-Zimbabwe-international-moving-company-1024x484.png 1024w, https:\/\/moverdb.com\/wp-content\/uploads\/Stuttafords-Zimbabwe-international-moving-company-18x9.png 18w, https:\/\/moverdb.com\/wp-content\/uploads\/Stuttafords-Zimbabwe-international-moving-company-600x284.png 600w\" sizes=\"auto, (max-width: 1440px) 100vw, 1440px\" \/><\/p>\n<ul>\n<li>Miestne a vn\u00fatro\u0161t\u00e1tne premiestnenia<\/li>\n<li>Medzin\u00e1rodn\u00e9 premiestnenia<\/li>\n<li>S\u0165ahovanie do obytn\u00fdch priestorov<\/li>\n<li>Premiest\u0148ovanie firiem<\/li>\n<li>S\u0165ahovanie od dver\u00ed k dver\u00e1m<\/li>\n<li>Baliace slu\u017eby<\/li>\n<li>Cestn\u00e1, leteck\u00e1 a n\u00e1morn\u00e1 n\u00e1kladn\u00e1 doprava<\/li>\n<li>V\u00fdber ve\u013ekost\u00ed kontajnerov<\/li>\n<li>Coln\u00e9 konanie<\/li>\n<li>Skladovacie zariadenia<\/li>\n<\/ul>\n<p>Stuttafords je logistick\u00e1 a n\u00e1kladn\u00e1 spolo\u010dnos\u0165, ktor\u00e1 m\u00e1 pobo\u010dky v Zimbabwe, Malawi a Zambii. Jej pobo\u010dky v Zimbabwe sa nach\u00e1dzaj\u00fa v Harare a Bulawayo. Je \u010dlenom IAM so 66-ro\u010dn\u00fdmi sk\u00fasenos\u0165ami a m\u00e1 akredit\u00e1ciu FIDI, \u010do znamen\u00e1, \u017ee poskytuje svoje slu\u017eby pod\u013ea medzin\u00e1rodn\u00fdch noriem a m\u00e1 k dispoz\u00edcii sie\u0165 s\u0165ahovac\u00edch spolo\u010dnost\u00ed, ktor\u00e9 pon\u00fakaj\u00fa rovnak\u00e9 normy.<\/p>\n<p>Spolo\u010dnos\u0165 Stuttafords pon\u00faka s\u0165ahovacie a s\u0165ahovacie slu\u017eby od dver\u00ed k dver\u00e1m pre dom\u00e1cnosti a firmy v r\u00e1mci Zimbabwe, do Zimbabwe a zo Zimbabwe. Poskytuje profesion\u00e1lne baliace slu\u017eby, ktor\u00e9 zabezpe\u010dia, aby sa v\u00e1\u0161 tovar pri preprave nepo\u0161kodil. Zabezpe\u010dia prepravu s coln\u00fdm odbaven\u00edm.<\/p>\n<p>Webov\u00e1 lokalita: <a href=\"http:\/\/www.stuttafordszim.com\" target=\"_blank\" rel=\"noopener\">http:\/\/www.stuttafordszim.com<\/a><\/p>","protected":false},"excerpt":{"rendered":"<p>When you are planning a move, especially between countries it can be overwhelming with so much to do. Employing a moving company can ease this burden and make your move smoother. Below we have compiled a list of Zimbabwe based removal companies that are members of the International Association of Movers (IAM) and\/or FIDI Accredited [&hellip;]<\/p>\n","protected":false},"author":4,"featured_media":10090,"parent":190,"menu_order":0,"comment_status":"closed","ping_status":"closed","template":"","meta":{"_genesis_hide_title":false,"_genesis_hide_breadcrumbs":false,"_genesis_hide_singular_image":false,"_genesis_hide_footer_widgets":false,"_genesis_custom_body_class":"","_genesis_custom_post_class":"","_genesis_layout":"","footnotes":""},"class_list":{"0":"post-10263","1":"page","2":"type-page","3":"status-publish","4":"has-post-thumbnail","6":"entry"},"_links":{"self":[{"href":"https:\/\/moverdb.com\/sk\/wp-json\/wp\/v2\/pages\/10263","targetHints":{"allow":["GET"]}}],"collection":[{"href":"https:\/\/moverdb.com\/sk\/wp-json\/wp\/v2\/pages"}],"about":[{"href":"https:\/\/moverdb.com\/sk\/wp-json\/wp\/v2\/types\/page"}],"author":[{"embeddable":true,"href":"https:\/\/moverdb.com\/sk\/wp-json\/wp\/v2\/users\/4"}],"replies":[{"embeddable":true,"href":"https:\/\/moverdb.com\/sk\/wp-json\/wp\/v2\/comments?post=10263"}],"version-history":[{"count":2,"href":"https:\/\/moverdb.com\/sk\/wp-json\/wp\/v2\/pages\/10263\/revisions"}],"predecessor-version":[{"id":10265,"href":"https:\/\/moverdb.com\/sk\/wp-json\/wp\/v2\/pages\/10263\/revisions\/10265"}],"up":[{"embeddable":true,"href":"https:\/\/moverdb.com\/sk\/wp-json\/wp\/v2\/pages\/190"}],"wp:featuredmedia":[{"embeddable":true,"href":"https:\/\/moverdb.com\/sk\/wp-json\/wp\/v2\/media\/10090"}],"wp:attachment":[{"href":"https:\/\/moverdb.com\/sk\/wp-json\/wp\/v2\/media?parent=10263"}],"curies":[{"name":"wp","href":"https:\/\/api.w.org\/{rel}","templated":true}]}}