{"id":10257,"date":"2023-06-22T15:34:17","date_gmt":"2023-06-22T15:34:17","guid":{"rendered":"https:\/\/moverdb.com\/?page_id=10257"},"modified":"2026-01-08T15:29:05","modified_gmt":"2026-01-08T15:29:05","slug":"moving-companies-vietnam","status":"publish","type":"page","link":"https:\/\/moverdb.com\/sk\/moving-companies\/moving-companies-vietnam\/","title":{"rendered":"5 najlep\u0161\u00edch medzin\u00e1rodn\u00fdch s\u0165ahovac\u00edch spolo\u010dnost\u00ed vo Vietname"},"content":{"rendered":"<p>Uva\u017eujete o pres\u0165ahovan\u00ed do, z alebo v r\u00e1mci <a href=\"https:\/\/moverdb.com\/sk\/moving-to-vietnam\/\" data-internallinksmanager029f6b8e52c=\"390\" title=\"S\u0165ahovanie do Vietnamu? 2026 N\u00e1klady na \u017eivot a tipy na pres\u0165ahovanie\">Vietnam<\/a>? Z\u00edskanie <a href=\"https:\/\/moverdb.com\/sk\/moving-companies\/\" data-internallinksmanager029f6b8e52c=\"79\" title=\"Top 25 medzin\u00e1rodn\u00fdch s\u0165ahovac\u00edch spolo\u010dnost\u00ed online\">s\u0165ahovacia spolo\u010dnos\u0165<\/a> pom\u00f4c\u0165 v\u00e1m u\u013eah\u010di\u0165 proces, preto\u017ee v\u00e1m m\u00f4\u017eu zabali\u0165 va\u0161e veci, zabezpe\u010di\u0165 prepravu a vybavi\u0165 coln\u00e9 postupy. Ni\u017e\u0161ie sme zostavili zoznam spolo\u010dnost\u00ed so s\u00eddlom vo Vietname <a href=\"https:\/\/moverdb.com\/sk\/international-removals\/\" data-internallinksmanager029f6b8e52c=\"27\" title=\"36 najlep\u0161\u00edch medzin\u00e1rodn\u00fdch s\u0165ahovac\u00edch spolo\u010dnost\u00ed v Spojenom kr\u00e1\u013eovstve\">s\u0165ahovacie spolo\u010dnosti<\/a> ktor\u00e9 s\u00fa \u010dlenmi <a href=\"https:\/\/moverdb.com\/sk\/iam\/\" data-internallinksmanager029f6b8e52c=\"23\" title=\"Vysvetlenie Medzin\u00e1rodnej asoci\u00e1cie s\u0165ahovate\u013eov (IAM)\">Medzin\u00e1rodn\u00e1 asoci\u00e1cia s\u0165ahovate\u013eov<\/a> (IAM) a\/alebo <a href=\"https:\/\/moverdb.com\/sk\/fidi-faim\/\" data-internallinksmanager029f6b8e52c=\"16\" title=\"Vysvetlenie FIDI a FAIM (FIDI akreditovan\u00fd medzin\u00e1rodn\u00fd prepravca)\">FIDI<\/a> Akreditovan\u00fd medzin\u00e1rodn\u00fd prepravca (FAIM), ktor\u00fd by v\u00e1m mohol pom\u00f4c\u0165 pri s\u0165ahovan\u00ed.<\/p>\n<div id=\"ez-toc-container\" class=\"ez-toc-v2_0_82_2 ez-toc-wrap-left counter-hierarchy ez-toc-counter ez-toc-transparent ez-toc-container-direction\">\n<div class=\"ez-toc-title-container\">\n<p class=\"ez-toc-title\" style=\"cursor:inherit\">Sekcie<\/p>\n<span class=\"ez-toc-title-toggle\"><a href=\"#\" class=\"ez-toc-pull-right ez-toc-btn ez-toc-btn-xs ez-toc-btn-default ez-toc-toggle\" aria-label=\"Prep\u00ednanie tabu\u013eky obsahu\"><span class=\"ez-toc-js-icon-con\"><span class=\"\"><span class=\"eztoc-hide\" style=\"display:none;\">Prep\u00edna\u010d<\/span><span class=\"ez-toc-icon-toggle-span\"><svg style=\"fill: #999;color:#999\" xmlns=\"http:\/\/www.w3.org\/2000\/svg\" class=\"list-377408\" width=\"20px\" height=\"20px\" viewbox=\"0 0 24 24\" fill=\"none\"><path d=\"M6 6H4v2h2V6zm14 0H8v2h12V6zM4 11h2v2H4v-2zm16 0H8v2h12v-2zM4 16h2v2H4v-2zm16 0H8v2h12v-2z\" fill=\"currentColor\"><\/path><\/svg><svg style=\"fill: #999;color:#999\" class=\"arrow-unsorted-368013\" xmlns=\"http:\/\/www.w3.org\/2000\/svg\" width=\"10px\" height=\"10px\" viewbox=\"0 0 24 24\" version=\"1.2\" baseprofile=\"tiny\"><path d=\"M18.2 9.3l-6.2-6.3-6.2 6.3c-.2.2-.3.4-.3.7s.1.5.3.7c.2.2.4.3.7.3h11c.3 0 .5-.1.7-.3.2-.2.3-.5.3-.7s-.1-.5-.3-.7zM5.8 14.7l6.2 6.3 6.2-6.3c.2-.2.3-.5.3-.7s-.1-.5-.3-.7c-.2-.2-.4-.3-.7-.3h-11c-.3 0-.5.1-.7.3-.2.2-.3.5-.3.7s.1.5.3.7z\"\/><\/svg><\/span><\/span><\/span><\/a><\/span><\/div>\n<nav><ul class='ez-toc-list ez-toc-list-level-1 eztoc-toggle-hide-by-default' ><li class='ez-toc-page-1 ez-toc-heading-level-2'><a class=\"ez-toc-link ez-toc-heading-1\" href=\"https:\/\/moverdb.com\/sk\/moving-companies\/moving-companies-vietnam\/#1_EVo_Moves\" >1. EVo Moves<\/a><\/li><li class='ez-toc-page-1 ez-toc-heading-level-2'><a class=\"ez-toc-link ez-toc-heading-2\" href=\"https:\/\/moverdb.com\/sk\/moving-companies\/moving-companies-vietnam\/#2_Prime_Relocations_Asia\" >2. Prime Relocations Asia<\/a><\/li><li class='ez-toc-page-1 ez-toc-heading-level-2'><a class=\"ez-toc-link ez-toc-heading-3\" href=\"https:\/\/moverdb.com\/sk\/moving-companies\/moving-companies-vietnam\/#3_Logical_Moves\" >3. Logick\u00e9 pohyby<\/a><\/li><li class='ez-toc-page-1 ez-toc-heading-level-2'><a class=\"ez-toc-link ez-toc-heading-4\" href=\"https:\/\/moverdb.com\/sk\/moving-companies\/moving-companies-vietnam\/#4_Santa_Fe_Relocation\" >4. Premiestnenie Santa Fe<\/a><\/li><li class='ez-toc-page-1 ez-toc-heading-level-2'><a class=\"ez-toc-link ez-toc-heading-5\" href=\"https:\/\/moverdb.com\/sk\/moving-companies\/moving-companies-vietnam\/#5_Saigon_Van\" >5. Saigon Van<\/a><\/li><li class='ez-toc-page-1 ez-toc-heading-level-2'><a class=\"ez-toc-link ez-toc-heading-6\" href=\"https:\/\/moverdb.com\/sk\/moving-companies\/moving-companies-vietnam\/#Other_Useful_Guides_to_Vietnam\" >\u010eal\u0161ie u\u017eito\u010dn\u00e9 pr\u00edru\u010dky do Vietnamu<\/a><\/li><\/ul><\/nav><\/div>\n<h2><span class=\"ez-toc-section\" id=\"1_EVo_Moves\"><\/span><strong>1. EVo Moves<\/strong><span class=\"ez-toc-section-end\"><\/span><\/h2>\n<p><img loading=\"lazy\" decoding=\"async\" class=\"alignnone size-full wp-image-10115\" src=\"https:\/\/moverdb.com\/wp-content\/uploads\/EVo-Moves-international-moving-company.png\" alt=\"EVo Moves medzin\u00e1rodn\u00e9 s\u0165ahovanie spolo\u010dnos\u0165\" width=\"1440\" height=\"683\" data-wp-pid=\"10115\" srcset=\"https:\/\/moverdb.com\/wp-content\/uploads\/EVo-Moves-international-moving-company.png 1440w, https:\/\/moverdb.com\/wp-content\/uploads\/EVo-Moves-international-moving-company-300x142.png 300w, https:\/\/moverdb.com\/wp-content\/uploads\/EVo-Moves-international-moving-company-1024x486.png 1024w, https:\/\/moverdb.com\/wp-content\/uploads\/EVo-Moves-international-moving-company-18x9.png 18w, https:\/\/moverdb.com\/wp-content\/uploads\/EVo-Moves-international-moving-company-600x285.png 600w\" sizes=\"auto, (max-width: 1440px) 100vw, 1440px\" \/><\/p>\n<ul>\n<li>N\u00e1rodn\u00e9 presuny<\/li>\n<li>Medzin\u00e1rodn\u00e9 s\u0165ahovanie<\/li>\n<li>S\u0165ahovanie dom\u00e1cnost\u00ed<\/li>\n<li>S\u0165ahovanie kancel\u00e1ri\u00ed<\/li>\n<li>Slu\u017eba od dver\u00ed k dver\u00e1m<\/li>\n<li>V\u00fdvozn\u00e9 balenie<\/li>\n<li>Coln\u00e9 konanie<\/li>\n<li>Preprava dom\u00e1cich zvierat<\/li>\n<li>Poistenie<\/li>\n<li>Kr\u00e1tkodob\u00e9 a dlhodob\u00e9 skladovanie<\/li>\n<\/ul>\n<p>EVo Moves je medzin\u00e1rodn\u00e1 spolo\u010dnos\u0165 so s\u00eddlom v Ho\u010diminovom Meste. Je \u010dlenom IAM so \u0161tvorro\u010dn\u00fdmi sk\u00fasenos\u0165ami, \u010do znamen\u00e1, \u017ee m\u00e1 pr\u00edstup k medzin\u00e1rodnej sieti s\u0165ahovac\u00edch spolo\u010dnost\u00ed, ktor\u00e9 im m\u00f4\u017eu pom\u00f4c\u0165.<\/p>\n<p>Spolo\u010dnos\u0165 EVo Moves pon\u00faka z\u00e1ujemcom vo Vietname bezplatn\u00fd prieskum pred s\u0165ahovan\u00edm, aby pos\u00fadila ich potreby v oblasti s\u0165ahovania, a poskytne im cenov\u00fa ponuku od dver\u00ed k dver\u00e1m. Poskytuj\u00fa baliace slu\u017eby, ktor\u00e9 sp\u013a\u0148aj\u00fa medzin\u00e1rodn\u00e9 normy a kvalitu na ochranu va\u0161ich vec\u00ed po\u010das prepravy. Zabezpe\u010dia medzin\u00e1rodn\u00fa prepravu po mori alebo letecky spolu s n\u00e1morn\u00fdm poisten\u00edm proti v\u0161etk\u00fdm rizik\u00e1m a coln\u00fdm odbaven\u00edm. Medzi \u010fal\u0161ie slu\u017eby patr\u00ed preprava dom\u00e1cich zvierat, dezinfekcia a skladovanie.<\/p>\n<p>Webov\u00e1 lokalita: <a href=\"http:\/\/www.evomoves.com\" target=\"_blank\" rel=\"noopener\">http:\/\/www.evomoves.com<\/a><\/p>\n<h2><span class=\"ez-toc-section\" id=\"2_Prime_Relocations_Asia\"><\/span><strong>2. Prime Relocations Asia<\/strong><span class=\"ez-toc-section-end\"><\/span><\/h2>\n<p><img loading=\"lazy\" decoding=\"async\" class=\"alignnone size-full wp-image-10170\" src=\"https:\/\/moverdb.com\/wp-content\/uploads\/Prime-Relocations-Asia-international-moving-company.png\" alt=\"Prime Relocations \u00c1zia medzin\u00e1rodn\u00e9 s\u0165ahovanie spolo\u010dnos\u0165\" width=\"1440\" height=\"680\" data-wp-pid=\"10170\" srcset=\"https:\/\/moverdb.com\/wp-content\/uploads\/Prime-Relocations-Asia-international-moving-company.png 1440w, https:\/\/moverdb.com\/wp-content\/uploads\/Prime-Relocations-Asia-international-moving-company-300x142.png 300w, https:\/\/moverdb.com\/wp-content\/uploads\/Prime-Relocations-Asia-international-moving-company-1024x484.png 1024w, https:\/\/moverdb.com\/wp-content\/uploads\/Prime-Relocations-Asia-international-moving-company-18x9.png 18w, https:\/\/moverdb.com\/wp-content\/uploads\/Prime-Relocations-Asia-international-moving-company-600x283.png 600w\" sizes=\"auto, (max-width: 1440px) 100vw, 1440px\" \/><\/p>\n<ul>\n<li>Miestne a vn\u00fatro\u0161t\u00e1tne s\u0165ahovanie<\/li>\n<li>Medzin\u00e1rodn\u00e9 s\u0165ahovanie<\/li>\n<li>S\u0165ahovanie dom\u00e1cnost\u00ed<\/li>\n<li>S\u0165ahovanie firiem<\/li>\n<li>Slu\u017eba od dver\u00ed k dver\u00e1m<\/li>\n<li>Kompletn\u00fd bal\u00edk pre s\u0165ahovanie<\/li>\n<li>Premiest\u0148ovanie dom\u00e1cich zvierat a vozidiel<\/li>\n<li>Slu\u017eba \u00fadr\u017eb\u00e1ra<\/li>\n<li>Poistenie<\/li>\n<li>Kr\u00e1tkodob\u00e9 a dlhodob\u00e9 skladovacie priestory<\/li>\n<\/ul>\n<p>Prime Relocations Asia je medzin\u00e1rodn\u00e1 s\u0165ahovacia spolo\u010dnos\u0165 s pobo\u010dkami vo Vietname v Hanoji a Ho\u010diminovom Meste, ako aj s pobo\u010dkami v Laose a <a href=\"https:\/\/moverdb.com\/sk\/moving-to-cambodia\/\" data-internallinksmanager029f6b8e52c=\"340\" title=\"S\u0165ahovanie do Kambod\u017ee? 2026 N\u00e1klady na \u017eivot a tipy na pres\u0165ahovanie\">Kambod\u017ea<\/a>. Maj\u00fa sie\u0165 preferovan\u00fdch partnerov a pobo\u010diek, ktor\u00e9 zabezpe\u010duj\u00fa s\u0165ahovanie do zahrani\u010dia a spravuj\u00fa coln\u00e9 predpisy. S\u00fa \u010dlenom IAM s 15-ro\u010dn\u00fdmi sk\u00fasenos\u0165ami.<\/p>\n<p>Spolo\u010dnos\u0165 Prime Relocations Asia pon\u00faka jednotn\u00e9 kontaktn\u00e9 miesto na riadenie v\u00e1\u0161ho s\u0165ahovania, ktor\u00e9 m\u00f4\u017ee zah\u0155\u0148a\u0165 s\u0165ahovanie v\u00e1\u0161ho domu alebo firmy, va\u0161ich dom\u00e1cich mil\u00e1\u010dikov a vozidiel s komplexn\u00fdm poisten\u00edm prepravy. Poskytuj\u00fa aj \u010fal\u0161ie slu\u017eby, medzi ktor\u00e9 patria slu\u017eby \u00fadr\u017eb\u00e1ra, komorn\u00edka, upratova\u010dky, n\u00e1jdenie ubytovania, orient\u00e1cia, podpora pri odchode a pr\u00edchode.<\/p>\n<p>Webov\u00e1 lokalita: <a href=\"http:\/\/www.primerelo.asia\" target=\"_blank\" rel=\"noopener\">http:\/\/www.primerelo.asia<\/a><\/p>\n<h2><span class=\"ez-toc-section\" id=\"3_Logical_Moves\"><\/span><strong>3. Logick\u00e9 pohyby<\/strong><span class=\"ez-toc-section-end\"><\/span><\/h2>\n<p><img loading=\"lazy\" decoding=\"async\" class=\"alignnone size-full wp-image-10149\" src=\"https:\/\/moverdb.com\/wp-content\/uploads\/Logical-Moves-international-moving-company.png\" alt=\"Logick\u00e9 pohyby medzin\u00e1rodn\u00e9 s\u0165ahovanie spolo\u010dnos\u0165\" width=\"1440\" height=\"670\" data-wp-pid=\"10149\" srcset=\"https:\/\/moverdb.com\/wp-content\/uploads\/Logical-Moves-international-moving-company.png 1440w, https:\/\/moverdb.com\/wp-content\/uploads\/Logical-Moves-international-moving-company-300x140.png 300w, https:\/\/moverdb.com\/wp-content\/uploads\/Logical-Moves-international-moving-company-1024x476.png 1024w, https:\/\/moverdb.com\/wp-content\/uploads\/Logical-Moves-international-moving-company-18x8.png 18w, https:\/\/moverdb.com\/wp-content\/uploads\/Logical-Moves-international-moving-company-600x279.png 600w\" sizes=\"auto, (max-width: 1440px) 100vw, 1440px\" \/><\/p>\n<ul>\n<li>Miestne s\u0165ahovanie<\/li>\n<li>Medzin\u00e1rodn\u00e9 s\u0165ahovanie<\/li>\n<li>S\u0165ahovanie dom\u00e1cnost\u00ed<\/li>\n<li>S\u0165ahovanie firiem<\/li>\n<li>Slu\u017eby premiestnenia<\/li>\n<li>Baliace slu\u017eby<\/li>\n<li>Coln\u00e9 konanie<\/li>\n<li>Slu\u017eby spojen\u00e9 s odchodom a usaden\u00edm<\/li>\n<li>Pohyb dom\u00e1cich zvierat<\/li>\n<li>Bezpe\u010dn\u00e9 ukladanie<\/li>\n<\/ul>\n<p>Logical Moves je nez\u00e1visl\u00e1 medzin\u00e1rodn\u00e1 s\u0165ahovacia spolo\u010dnos\u0165 zalo\u017een\u00e1 v roku 2005 so s\u00eddlom v Ho\u010diminovom Meste. Disponuje glob\u00e1lnou sie\u0165ou a miestnymi zdrojmi, ktor\u00e9 jej umo\u017e\u0148uj\u00fa poskytova\u0165 vysokokvalitn\u00e9 slu\u017eby v oblasti miestneho a medzin\u00e1rodn\u00e9ho s\u0165ahovania. S\u00fa \u010dlenom IAM s 18-ro\u010dn\u00fdmi sk\u00fasenos\u0165ami.<\/p>\n<p>Spolo\u010dnos\u0165 Logical Moves pon\u00faka konzult\u00e1cie pred s\u0165ahovan\u00edm a obhliadku domu, aby zistila va\u0161e po\u017eiadavky na s\u0165ahovanie. Pon\u00fakaj\u00fa baliace slu\u017eby, ktor\u00e9 zabezpe\u010dia bezpe\u010dn\u00e9 doru\u010denie va\u0161ich vec\u00ed, poskytn\u00fa ochranu z\u00e1sielky a coln\u00e9 odbavenie a po pr\u00edchode v\u00e1m veci vybalia. Pon\u00fakaj\u00fa aj \u010fal\u0161ie slu\u017eby vr\u00e1tane v\u00edzovej a imigra\u010dnej podpory, h\u013eadania domova a \u0161koly, podpory pri odchode, \u00fadr\u017eb\u00e1rskych slu\u017eieb a slu\u017eieb na usadenie sa.<\/p>\n<p>Webov\u00e1 lokalita: <a href=\"http:\/\/www.logicalmoves.net\" target=\"_blank\" rel=\"noopener\">http:\/\/www.logicalmoves.net<\/a><\/p>\n<h2><span class=\"ez-toc-section\" id=\"4_Santa_Fe_Relocation\"><\/span><strong>4. Premiestnenie Santa Fe<\/strong><span class=\"ez-toc-section-end\"><\/span><\/h2>\n<p><img loading=\"lazy\" decoding=\"async\" class=\"alignnone size-full wp-image-10181\" src=\"https:\/\/moverdb.com\/wp-content\/uploads\/Santa-Fe-Relocations-Vietnam-international-moving-company.png\" alt=\"Santa Fe Relocations Vietnam medzin\u00e1rodn\u00e9 s\u0165ahovanie spolo\u010dnos\u0165\" width=\"1440\" height=\"681\" data-wp-pid=\"10181\" srcset=\"https:\/\/moverdb.com\/wp-content\/uploads\/Santa-Fe-Relocations-Vietnam-international-moving-company.png 1440w, https:\/\/moverdb.com\/wp-content\/uploads\/Santa-Fe-Relocations-Vietnam-international-moving-company-300x142.png 300w, https:\/\/moverdb.com\/wp-content\/uploads\/Santa-Fe-Relocations-Vietnam-international-moving-company-1024x484.png 1024w, https:\/\/moverdb.com\/wp-content\/uploads\/Santa-Fe-Relocations-Vietnam-international-moving-company-18x9.png 18w, https:\/\/moverdb.com\/wp-content\/uploads\/Santa-Fe-Relocations-Vietnam-international-moving-company-600x284.png 600w\" sizes=\"auto, (max-width: 1440px) 100vw, 1440px\" \/><\/p>\n<ul>\n<li>Miestne a vn\u00fatro\u0161t\u00e1tne premiestnenia<\/li>\n<li>Medzin\u00e1rodn\u00e9 premiestnenia<\/li>\n<li>Premiest\u0148ovanie dom\u00e1cnost\u00ed<\/li>\n<li>Premiest\u0148ovanie firiem<\/li>\n<li>Slu\u017eba od dver\u00ed k dver\u00e1m<\/li>\n<li>\u0160pecializovan\u00e9 balenie<\/li>\n<li>Coln\u00e9 konanie<\/li>\n<li>V\u00edza a pris\u0165ahovalectvo<\/li>\n<li>Cie\u013eov\u00e9 slu\u017eby<\/li>\n<li>Bezpe\u010dn\u00e9 ukladanie<\/li>\n<\/ul>\n<p>Santa Fe Relocation je medzin\u00e1rodn\u00e1 spolo\u010dnos\u0165 s viac ako 130-ro\u010dn\u00fdmi sk\u00fasenos\u0165ami a m\u00e1 64 pobo\u010diek v 38 krajin\u00e1ch vr\u00e1tane Hanoja a Ho\u010diminovho mesta vo Vietname. Je \u010dlenom IAM so 17-ro\u010dn\u00fdmi sk\u00fasenos\u0165ami a m\u00e1 akredit\u00e1ciu FIDI.<\/p>\n<p>Spolo\u010dnos\u0165 Santa Fe Relocation pon\u00faka s\u0165ahovacie slu\u017eby od dver\u00ed k dver\u00e1m s profesion\u00e1lnym t\u00edmom, ktor\u00fd v\u00e1m poskytne podporu po\u010das cel\u00e9ho s\u0165ahovania. Poskytuj\u00fa \u0161pecializovan\u00e9 baliace slu\u017eby na ochranu va\u0161ich vec\u00ed po\u010das s\u0165ahovania, ale pon\u00fakaj\u00fa aj komplexn\u00e9 pl\u00e1ny ochrany z\u00e1sielok. Pon\u00fakaj\u00fa \u010fal\u0161ie slu\u017eby, ktor\u00e9 zah\u0155\u0148aj\u00fa v\u00edzov\u00e9 a imigra\u010dn\u00e9 slu\u017eby, vyh\u013ead\u00e1vanie domov a \u010fal\u0161ie slu\u017eby v cie\u013eovej destin\u00e1cii.<\/p>\n<p>Webov\u00e1 lokalita: <a href=\"https:\/\/www.santaferelo.com\/en\/contact\/our-offices\/vietnam-ho-chi-minh\/\" target=\"_blank\" rel=\"noopener\">https:\/\/www.santaferelo.com\/en\/contact\/our-offices\/vietnam-ho-chi-minh\/<\/a><\/p>\n<h2><span class=\"ez-toc-section\" id=\"5_Saigon_Van\"><\/span><strong>5. Saigon Van<\/strong><span class=\"ez-toc-section-end\"><\/span><\/h2>\n<p><img loading=\"lazy\" decoding=\"async\" class=\"alignnone size-full wp-image-10258\" src=\"https:\/\/moverdb.com\/wp-content\/uploads\/Saigon-Van-international-moving-company.png\" alt=\"Saigon Van medzin\u00e1rodn\u00e9 s\u0165ahovanie spolo\u010dnos\u0165\" width=\"1440\" height=\"700\" data-wp-pid=\"10258\" srcset=\"https:\/\/moverdb.com\/wp-content\/uploads\/Saigon-Van-international-moving-company.png 1440w, https:\/\/moverdb.com\/wp-content\/uploads\/Saigon-Van-international-moving-company-300x146.png 300w, https:\/\/moverdb.com\/wp-content\/uploads\/Saigon-Van-international-moving-company-1024x498.png 1024w, https:\/\/moverdb.com\/wp-content\/uploads\/Saigon-Van-international-moving-company-18x9.png 18w, https:\/\/moverdb.com\/wp-content\/uploads\/Saigon-Van-international-moving-company-600x292.png 600w\" sizes=\"auto, (max-width: 1440px) 100vw, 1440px\" \/><\/p>\n<ul>\n<li>Miestne a vn\u00fatro\u0161t\u00e1tne s\u0165ahovanie<\/li>\n<li>Medzin\u00e1rodn\u00e9 s\u0165ahovanie<\/li>\n<li>S\u0165ahovanie dom\u00e1cnost\u00ed<\/li>\n<li>S\u0165ahovanie kancel\u00e1ri\u00ed<\/li>\n<li>Baliace slu\u017eby<\/li>\n<li>Coln\u00e9 konanie<\/li>\n<li>Premiest\u0148ovanie dom\u00e1cich zvierat<\/li>\n<li>Slu\u017eba \u00fadr\u017eb\u00e1ra<\/li>\n<li>Poistenie<\/li>\n<li>\u00dalo\u017eisko<\/li>\n<\/ul>\n<p>Saigon Van je medzin\u00e1rodn\u00e1 spolo\u010dnos\u0165 na s\u0165ahovanie zalo\u017een\u00e1 v roku 1990 so s\u00eddlom v Ho\u010diminovom Meste a pobo\u010dkou v Ha Noi. Spolupracuje s medzin\u00e1rodn\u00fdmi kolegami, ktor\u00ed im pom\u00e1haj\u00fa poskytova\u0165 slu\u017eby mimo Vietnamu. S\u00fa \u010dlenom IAM s 33-ro\u010dn\u00fdmi sk\u00fasenos\u0165ami a maj\u00fa akredit\u00e1ciu FIDI.<\/p>\n<p>Saigon Van pon\u00faka miestne, vn\u00fatro\u0161t\u00e1tne a medzin\u00e1rodn\u00e9 s\u0165ahovacie a s\u0165ahovacie slu\u017eby, ktor\u00e9 za\u010d\u00ednaj\u00fa preds\u0165ahovac\u00edm prieskumom. Poskytuje sk\u00fasen\u00fd baliaci t\u00edm, ktor\u00fd zabal\u00ed a ochr\u00e1ni va\u0161e veci. Zabezpe\u010dia prepravu s coln\u00fdm odbaven\u00edm a poisten\u00edm. Ich slu\u017eby v oblasti s\u0165ahovania zah\u0155\u0148aj\u00fa v\u00edza, z\u00e1pis do \u0161k\u00f4l, \u00fadr\u017eb\u00e1rske slu\u017eby, upratovacie slu\u017eby a skladovanie.<\/p>\n<p>Webov\u00e1 lokalita: <a href=\"http:\/\/www.saigonvan.com\/\" target=\"_blank\" rel=\"noopener\">http:\/\/www.saigonvan.com\/<\/a><\/p>\n<h2><span class=\"ez-toc-section\" id=\"Other_Useful_Guides_to_Vietnam\"><\/span>\u010eal\u0161ie u\u017eito\u010dn\u00e9 pr\u00edru\u010dky do Vietnamu<span class=\"ez-toc-section-end\"><\/span><\/h2>\n<ul>\n<li> <a href=\"https:\/\/moverdb.com\/sk\/kontajnerova-preprava\/vietnam\/\">2024 Ceny n\u00e1mornej n\u00e1kladnej kontajnerovej dopravy do a z Vietnamu<\/a><\/li>\n<li> <a href=\"https:\/\/moverdb.com\/sk\/moving-to-vietnam\/\">S\u0165ahovanie do Vietnamu? 2026 N\u00e1klady na \u017eivot a tipy na pres\u0165ahovanie<\/a><\/li>\n<li> <a href=\"https:\/\/moverdb.com\/sk\/moving-to-vietnam\/best-places-to-live-vietnam\/\">12 najlep\u0161\u00edch miest na \u017eivot vo Vietname<\/a><\/li>\n<\/ul>","protected":false},"excerpt":{"rendered":"<p>Are you thinking of moving to, from or within Vietnam? Getting a moving company to assist you can help ease the process as they can pack your effects, arrange transportation and manage customs procedures. Below we have compiled a list of Vietnam based removal companies that are members of the International Association of Movers (IAM) [&hellip;]<\/p>\n","protected":false},"author":4,"featured_media":10115,"parent":190,"menu_order":0,"comment_status":"closed","ping_status":"closed","template":"","meta":{"_genesis_hide_title":false,"_genesis_hide_breadcrumbs":false,"_genesis_hide_singular_image":false,"_genesis_hide_footer_widgets":false,"_genesis_custom_body_class":"","_genesis_custom_post_class":"","_genesis_layout":"","footnotes":""},"class_list":{"0":"post-10257","1":"page","2":"type-page","3":"status-publish","4":"has-post-thumbnail","6":"entry"},"_links":{"self":[{"href":"https:\/\/moverdb.com\/sk\/wp-json\/wp\/v2\/pages\/10257","targetHints":{"allow":["GET"]}}],"collection":[{"href":"https:\/\/moverdb.com\/sk\/wp-json\/wp\/v2\/pages"}],"about":[{"href":"https:\/\/moverdb.com\/sk\/wp-json\/wp\/v2\/types\/page"}],"author":[{"embeddable":true,"href":"https:\/\/moverdb.com\/sk\/wp-json\/wp\/v2\/users\/4"}],"replies":[{"embeddable":true,"href":"https:\/\/moverdb.com\/sk\/wp-json\/wp\/v2\/comments?post=10257"}],"version-history":[{"count":3,"href":"https:\/\/moverdb.com\/sk\/wp-json\/wp\/v2\/pages\/10257\/revisions"}],"predecessor-version":[{"id":16500,"href":"https:\/\/moverdb.com\/sk\/wp-json\/wp\/v2\/pages\/10257\/revisions\/16500"}],"up":[{"embeddable":true,"href":"https:\/\/moverdb.com\/sk\/wp-json\/wp\/v2\/pages\/190"}],"wp:featuredmedia":[{"embeddable":true,"href":"https:\/\/moverdb.com\/sk\/wp-json\/wp\/v2\/media\/10115"}],"wp:attachment":[{"href":"https:\/\/moverdb.com\/sk\/wp-json\/wp\/v2\/media?parent=10257"}],"curies":[{"name":"wp","href":"https:\/\/api.w.org\/{rel}","templated":true}]}}