{"id":10255,"date":"2023-11-22T15:17:48","date_gmt":"2023-11-22T15:17:48","guid":{"rendered":"https:\/\/moverdb.com\/?page_id=10255"},"modified":"2026-01-08T15:29:27","modified_gmt":"2026-01-08T15:29:27","slug":"moving-companies-venezuela","status":"publish","type":"page","link":"https:\/\/moverdb.com\/sk\/moving-companies\/moving-companies-venezuela\/","title":{"rendered":"6 najlep\u0161\u00edch medzin\u00e1rodn\u00fdch s\u0165ahovac\u00edch spolo\u010dnost\u00ed vo Venezuele"},"content":{"rendered":"<p>S\u0165ahovanie m\u00f4\u017ee by\u0165 zlo\u017eit\u00e9, najm\u00e4 ak sa s\u0165ahujete do inej krajiny. Ak sa teda pl\u00e1nujete s\u0165ahova\u0165 v r\u00e1mci Venezuely, do Venezuely alebo z Venezuely, mo\u017eno budete chcie\u0165 vyu\u017ei\u0165 slu\u017eby <a href=\"https:\/\/moverdb.com\/sk\/moving-companies\/\" data-internallinksmanager029f6b8e52c=\"79\" title=\"Top 25 medzin\u00e1rodn\u00fdch s\u0165ahovac\u00edch spolo\u010dnost\u00ed online\">s\u0165ahovacia spolo\u010dnos\u0165<\/a> aby v\u00e1m pomohli pri s\u0165ahovan\u00ed. Ni\u017e\u0161ie sme zostavili zoznam spolo\u010dnost\u00ed so s\u00eddlom vo Venezuele <a href=\"https:\/\/moverdb.com\/sk\/international-removals\/\" data-internallinksmanager029f6b8e52c=\"27\" title=\"36 najlep\u0161\u00edch medzin\u00e1rodn\u00fdch s\u0165ahovac\u00edch spolo\u010dnost\u00ed v Spojenom kr\u00e1\u013eovstve\">s\u0165ahovacie spolo\u010dnosti<\/a> ktor\u00e9 s\u00fa \u010dlenmi <a href=\"https:\/\/moverdb.com\/sk\/iam\/\" data-internallinksmanager029f6b8e52c=\"23\" title=\"Vysvetlenie Medzin\u00e1rodnej asoci\u00e1cie s\u0165ahovate\u013eov (IAM)\">Medzin\u00e1rodn\u00e1 asoci\u00e1cia s\u0165ahovate\u013eov<\/a> (IAM) a\/alebo <a href=\"https:\/\/moverdb.com\/sk\/fidi-faim\/\" data-internallinksmanager029f6b8e52c=\"16\" title=\"Vysvetlenie FIDI a FAIM (FIDI akreditovan\u00fd medzin\u00e1rodn\u00fd prepravca)\">FIDI<\/a> Akreditovan\u00fd medzin\u00e1rodn\u00fd prepravca (FAIM), ktor\u00fd by v\u00e1m mohol pom\u00f4c\u0165 pri s\u0165ahovan\u00ed.<\/p>\n<div id=\"ez-toc-container\" class=\"ez-toc-v2_0_83 ez-toc-wrap-left counter-hierarchy ez-toc-counter ez-toc-transparent ez-toc-container-direction\">\n<div class=\"ez-toc-title-container\">\n<p class=\"ez-toc-title\" style=\"cursor:inherit\">Sekcie<\/p>\n<span class=\"ez-toc-title-toggle\"><a href=\"#\" class=\"ez-toc-pull-right ez-toc-btn ez-toc-btn-xs ez-toc-btn-default ez-toc-toggle\" aria-label=\"Prep\u00ednanie tabu\u013eky obsahu\"><span class=\"ez-toc-js-icon-con\"><span class=\"\"><span class=\"eztoc-hide\" style=\"display:none;\">Prep\u00edna\u010d<\/span><span class=\"ez-toc-icon-toggle-span\"><svg style=\"fill: #999;color:#999\" xmlns=\"http:\/\/www.w3.org\/2000\/svg\" class=\"list-377408\" width=\"20px\" height=\"20px\" viewbox=\"0 0 24 24\" fill=\"none\"><path d=\"M6 6H4v2h2V6zm14 0H8v2h12V6zM4 11h2v2H4v-2zm16 0H8v2h12v-2zM4 16h2v2H4v-2zm16 0H8v2h12v-2z\" fill=\"currentColor\"><\/path><\/svg><svg style=\"fill: #999;color:#999\" class=\"arrow-unsorted-368013\" xmlns=\"http:\/\/www.w3.org\/2000\/svg\" width=\"10px\" height=\"10px\" viewbox=\"0 0 24 24\" version=\"1.2\" baseprofile=\"tiny\"><path d=\"M18.2 9.3l-6.2-6.3-6.2 6.3c-.2.2-.3.4-.3.7s.1.5.3.7c.2.2.4.3.7.3h11c.3 0 .5-.1.7-.3.2-.2.3-.5.3-.7s-.1-.5-.3-.7zM5.8 14.7l6.2 6.3 6.2-6.3c.2-.2.3-.5.3-.7s-.1-.5-.3-.7c-.2-.2-.4-.3-.7-.3h-11c-.3 0-.5.1-.7.3-.2.2-.3.5-.3.7s.1.5.3.7z\"\/><\/svg><\/span><\/span><\/span><\/a><\/span><\/div>\n<nav><ul class='ez-toc-list ez-toc-list-level-1 eztoc-toggle-hide-by-default' ><li class='ez-toc-page-1 ez-toc-heading-level-2'><a class=\"ez-toc-link ez-toc-heading-1\" href=\"https:\/\/moverdb.com\/sk\/moving-companies\/moving-companies-venezuela\/#1_AMP_Movers_International\" >1. AMP Movers International<\/a><\/li><li class='ez-toc-page-1 ez-toc-heading-level-2'><a class=\"ez-toc-link ez-toc-heading-2\" href=\"https:\/\/moverdb.com\/sk\/moving-companies\/moving-companies-venezuela\/#2_Clover_International\" >2. Clover International<\/a><\/li><li class='ez-toc-page-1 ez-toc-heading-level-2'><a class=\"ez-toc-link ez-toc-heading-3\" href=\"https:\/\/moverdb.com\/sk\/moving-companies\/moving-companies-venezuela\/#3_Equixpress\" >3. Equixpress<\/a><\/li><li class='ez-toc-page-1 ez-toc-heading-level-2'><a class=\"ez-toc-link ez-toc-heading-4\" href=\"https:\/\/moverdb.com\/sk\/moving-companies\/moving-companies-venezuela\/#4_JJ_Mari_International_Movers\" >4. JJ Mari International Movers<\/a><\/li><li class='ez-toc-page-1 ez-toc-heading-level-2'><a class=\"ez-toc-link ez-toc-heading-5\" href=\"https:\/\/moverdb.com\/sk\/moving-companies\/moving-companies-venezuela\/#5_Moving_Life\" >5. Pohybliv\u00fd \u017eivot<\/a><\/li><li class='ez-toc-page-1 ez-toc-heading-level-2'><a class=\"ez-toc-link ez-toc-heading-6\" href=\"https:\/\/moverdb.com\/sk\/moving-companies\/moving-companies-venezuela\/#6_Mudanzas_Internacionales_Global\" >6. Mudanzas Internacionales Global<\/a><\/li><\/ul><\/nav><\/div>\n<h2><span class=\"ez-toc-section\" id=\"1_AMP_Movers_International\"><\/span><strong>1. AMP Movers International<\/strong><span class=\"ez-toc-section-end\"><\/span><\/h2>\n<p><img loading=\"lazy\" decoding=\"async\" class=\"alignnone size-full wp-image-10077\" src=\"https:\/\/moverdb.com\/wp-content\/uploads\/AMP-Movers-International-moving-company.png\" alt=\"AMP Movers medzin\u00e1rodn\u00e9 s\u0165ahovanie spolo\u010dnos\u0165\" width=\"1440\" height=\"680\" data-wp-pid=\"10077\" srcset=\"https:\/\/moverdb.com\/wp-content\/uploads\/AMP-Movers-International-moving-company.png 1440w, https:\/\/moverdb.com\/wp-content\/uploads\/AMP-Movers-International-moving-company-300x142.png 300w, https:\/\/moverdb.com\/wp-content\/uploads\/AMP-Movers-International-moving-company-1024x484.png 1024w, https:\/\/moverdb.com\/wp-content\/uploads\/AMP-Movers-International-moving-company-18x9.png 18w, https:\/\/moverdb.com\/wp-content\/uploads\/AMP-Movers-International-moving-company-600x283.png 600w\" sizes=\"auto, (max-width: 1440px) 100vw, 1440px\" \/><\/p>\n<ul>\n<li>N\u00e1rodn\u00e9 presuny<\/li>\n<li>Medzin\u00e1rodn\u00e9 s\u0165ahovanie<\/li>\n<li>S\u0165ahovanie dom\u00e1cnost\u00ed<\/li>\n<li>Baliace slu\u017eby<\/li>\n<li>Zabezpe\u010denie dopravy<\/li>\n<li>Coln\u00e9 postupy<\/li>\n<li>Manipul\u00e1cia s umeleck\u00fdmi dielami<\/li>\n<li>Preprava vozidiel<\/li>\n<li>Poistenie<\/li>\n<li>Skladovacie zariadenia<\/li>\n<\/ul>\n<p>AMP Movers International je n\u00e1rodn\u00e1 a medzin\u00e1rodn\u00e1 spolo\u010dnos\u0165 so s\u00eddlom v Caracase, ktor\u00e1 m\u00e1 viac ako 10 rokov sk\u00fasenost\u00ed. M\u00e1 sie\u0165 s\u0165ahovac\u00edch agentov po celom svete, ktor\u00ed ju podporuj\u00fa pri poskytovan\u00ed svojich slu\u017eieb na medzin\u00e1rodnej \u00farovni. S\u00fa \u010dlenom IAM.<\/p>\n<p>Spolo\u010dnos\u0165 AMP Movers International pon\u00faka individu\u00e1lnu podporu pri s\u0165ahovan\u00ed, ktor\u00e1 sa za\u010d\u00edna prieskumom a cenovou ponukou pred s\u0165ahovan\u00edm. Poskytuj\u00fa profesion\u00e1lne baliace slu\u017eby, pri ktor\u00fdch pou\u017e\u00edvaj\u00fa \u0161peci\u00e1lne baliace materi\u00e1ly ur\u010den\u00e9 pre obsah vr\u00e1tane dodato\u010dnej ochrany krehk\u00fdch predmetov. Po pr\u00edchode v\u00e1m pom\u00f4\u017eu s vybalen\u00edm, umiestnen\u00edm n\u00e1bytku a odvozom materi\u00e1lov. Pon\u00fakaj\u00fa aj slu\u017eby na spracovanie umeleck\u00fdch diel a staro\u017eitnost\u00ed, prevoz vozidiel a uskladnenie.<\/p>\n<p>Webov\u00e1 lokalita: <a href=\"http:\/\/www.ampmovers.com\" target=\"_blank\" rel=\"noopener\">http:\/\/www.ampmovers.com<\/a><\/p>\n<h2><span class=\"ez-toc-section\" id=\"2_Clover_International\"><\/span><strong>2. Clover International<\/strong><span class=\"ez-toc-section-end\"><\/span><\/h2>\n<p><img loading=\"lazy\" decoding=\"async\" class=\"alignnone size-full wp-image-10094\" src=\"https:\/\/moverdb.com\/wp-content\/uploads\/Clover-International-moving-company.png\" alt=\"Clover International s\u0165ahovanie spolo\u010dnos\u0165\" width=\"1440\" height=\"684\" data-wp-pid=\"10094\" srcset=\"https:\/\/moverdb.com\/wp-content\/uploads\/Clover-International-moving-company.png 1440w, https:\/\/moverdb.com\/wp-content\/uploads\/Clover-International-moving-company-300x143.png 300w, https:\/\/moverdb.com\/wp-content\/uploads\/Clover-International-moving-company-1024x486.png 1024w, https:\/\/moverdb.com\/wp-content\/uploads\/Clover-International-moving-company-18x9.png 18w, https:\/\/moverdb.com\/wp-content\/uploads\/Clover-International-moving-company-600x285.png 600w\" sizes=\"auto, (max-width: 1440px) 100vw, 1440px\" \/><\/p>\n<ul>\n<li>N\u00e1rodn\u00e9 presuny<\/li>\n<li>Medzin\u00e1rodn\u00e9 s\u0165ahovanie<\/li>\n<li>S\u0165ahovanie do obytn\u00fdch priestorov<\/li>\n<li>S\u0165ahovanie firiem a kancel\u00e1ri\u00ed<\/li>\n<li>Baliace slu\u017eby<\/li>\n<li>Coln\u00e9 riadenie<\/li>\n<li>Preprava dom\u00e1cich zvierat a vozidiel<\/li>\n<li>Upratovacie slu\u017eby<\/li>\n<li>Poistenie<\/li>\n<li>Skladovacie zariadenia<\/li>\n<\/ul>\n<p>Clover International je logistick\u00e1 a s\u0165ahovacia spolo\u010dnos\u0165 so s\u00eddlom v Caracase, ktor\u00e1 m\u00e1 takmer 60 rokov sk\u00fasenost\u00ed. Je \u010dlenom IAM s 59-ro\u010dn\u00fdmi sk\u00fasenos\u0165ami a m\u00e1 akredit\u00e1ciu FIDI, \u010do znamen\u00e1, \u017ee pracuje pod\u013ea vysok\u00fdch \u0161tandardov a m\u00e1 k dispoz\u00edcii sie\u0165 s\u0165ahovac\u00edch agentov, ktor\u00ed tie\u017e pracuj\u00fa na tejto \u00farovni.<\/p>\n<p>Spolo\u010dnos\u0165 Clover International pon\u00faka \u0161pecializovan\u00e9 s\u0165ahovacie slu\u017eby pre dom\u00e1cnosti a firmy, ako aj pre dom\u00e1ce zvierat\u00e1 a vozidl\u00e1 v r\u00e1mci Venezuely, do Venezuely a z Venezuely. Zabezpe\u010d\u00ed prepravu a coln\u00fa spr\u00e1vu va\u0161ich vec\u00ed do cie\u013eovej destin\u00e1cie spolu s poisten\u00edm. Na ochranu va\u0161ich vec\u00ed pou\u017e\u00edvaj\u00fa vysokokvalitn\u00e9 materi\u00e1ly a bezpe\u010dnostn\u00e9 normy.<\/p>\n<p>Webov\u00e1 lokalita: <a href=\"https:\/\/www.cloverve.com\/\" target=\"_blank\" rel=\"noopener\">https:\/\/www.cloverve.com\/<\/a><\/p>\n<h2><span class=\"ez-toc-section\" id=\"3_Equixpress\"><\/span><strong>3. Equixpress<\/strong><span class=\"ez-toc-section-end\"><\/span><\/h2>\n<p><img loading=\"lazy\" decoding=\"async\" class=\"alignnone size-full wp-image-10112\" src=\"https:\/\/moverdb.com\/wp-content\/uploads\/Equixpress-international-moving-company.png\" alt=\"Equixpress medzin\u00e1rodn\u00e9 s\u0165ahovanie spolo\u010dnos\u0165\" width=\"1440\" height=\"680\" data-wp-pid=\"10112\" srcset=\"https:\/\/moverdb.com\/wp-content\/uploads\/Equixpress-international-moving-company.png 1440w, https:\/\/moverdb.com\/wp-content\/uploads\/Equixpress-international-moving-company-300x142.png 300w, https:\/\/moverdb.com\/wp-content\/uploads\/Equixpress-international-moving-company-1024x484.png 1024w, https:\/\/moverdb.com\/wp-content\/uploads\/Equixpress-international-moving-company-18x9.png 18w, https:\/\/moverdb.com\/wp-content\/uploads\/Equixpress-international-moving-company-600x283.png 600w\" sizes=\"auto, (max-width: 1440px) 100vw, 1440px\" \/><\/p>\n<ul>\n<li>N\u00e1rodn\u00e9 presuny<\/li>\n<li>Medzin\u00e1rodn\u00e9 s\u0165ahovanie<\/li>\n<li>S\u0165ahovanie dom\u00e1cnost\u00ed<\/li>\n<li>Obchodn\u00e1 logistika<\/li>\n<li>Baliace slu\u017eby<\/li>\n<li>Leteck\u00e1, n\u00e1morn\u00e1 a pozemn\u00e1 doprava<\/li>\n<li>Coln\u00e9 sprostredkovanie<\/li>\n<li><a href=\"https:\/\/moverdb.com\/sk\/car-transport-shipping\/\" data-internallinksmanager029f6b8e52c=\"2\" title=\"2026 Medzin\u00e1rodn\u00e1 preprava \u00e1ut a cit\u00e1cie prepravy vozidiel\">Preprava vozidiel<\/a><\/li>\n<li>Poistenie v\u0161etk\u00fdch riz\u00edk<\/li>\n<li>Skladovacie zariadenia<\/li>\n<\/ul>\n<p>Equixpress je medzin\u00e1rodn\u00e1 prepravn\u00e1 spolo\u010dnos\u0165 zalo\u017een\u00e1 v roku 1963 so s\u00eddlom v Caracase. Je \u010dlenom IAM so 60-ro\u010dn\u00fdmi sk\u00fasenos\u0165ami, \u010do jej umo\u017e\u0148uje pr\u00edstup k medzin\u00e1rodnej sieti s\u0165ahovac\u00edch agentov, ktor\u00ed poskytuj\u00fa slu\u017eby kdeko\u013evek na svete.<\/p>\n<p>Spolo\u010dnos\u0165 Equixpress poskytuje individu\u00e1lne s\u0165ahovacie slu\u017eby, ktor\u00e9 sa postaraj\u00fa o v\u0161etky aspekty procesu s\u0165ahovania. Bezpe\u010dne zabal\u00ed va\u0161e veci a zabezpe\u010d\u00ed leteck\u00fa, n\u00e1morn\u00fa alebo cestn\u00fa prepravu do va\u0161ej cie\u013eovej destin\u00e1cie vr\u00e1tane coln\u00e9ho sprostredkovania a poistenia v\u0161etk\u00fdch riz\u00edk. Pou\u017e\u00edvaj\u00fa najkvalitnej\u0161ie baliace materi\u00e1ly a \u0161katule a venuj\u00fa osobitn\u00fa pozornos\u0165 krehk\u00fdm predmetom vr\u00e1tane v\u00fdroby dreven\u00fdch debien na mieru.<\/p>\n<p>Webov\u00e1 lokalita: <a href=\"http:\/\/www.equixpress.com\" target=\"_blank\" rel=\"noopener\">http:\/\/www.equixpress.com<\/a><\/p>\n<h2><span class=\"ez-toc-section\" id=\"4_JJ_Mari_International_Movers\"><\/span><strong>4. JJ Mari International Movers<\/strong><span class=\"ez-toc-section-end\"><\/span><\/h2>\n<p><img loading=\"lazy\" decoding=\"async\" class=\"alignnone size-full wp-image-10142\" src=\"https:\/\/moverdb.com\/wp-content\/uploads\/JJ-Mari-International-Movers-moving-company.png\" alt=\"JJ Mari Medzin\u00e1rodn\u00e9 Movers pohybuj\u00face sa spolo\u010dnos\u0165\" width=\"1440\" height=\"680\" data-wp-pid=\"10142\" srcset=\"https:\/\/moverdb.com\/wp-content\/uploads\/JJ-Mari-International-Movers-moving-company.png 1440w, https:\/\/moverdb.com\/wp-content\/uploads\/JJ-Mari-International-Movers-moving-company-300x142.png 300w, https:\/\/moverdb.com\/wp-content\/uploads\/JJ-Mari-International-Movers-moving-company-1024x484.png 1024w, https:\/\/moverdb.com\/wp-content\/uploads\/JJ-Mari-International-Movers-moving-company-18x9.png 18w, https:\/\/moverdb.com\/wp-content\/uploads\/JJ-Mari-International-Movers-moving-company-600x283.png 600w\" sizes=\"auto, (max-width: 1440px) 100vw, 1440px\" \/><\/p>\n<ul>\n<li>Miestne s\u0165ahovanie<\/li>\n<li>Medzin\u00e1rodn\u00e9 s\u0165ahovanie<\/li>\n<li>S\u0165ahovanie dom\u00e1cnost\u00ed<\/li>\n<li>S\u0165ahovanie firiem<\/li>\n<li>Baliace slu\u017eby<\/li>\n<li>Leteck\u00fd a n\u00e1morn\u00fd n\u00e1klad<\/li>\n<li>Coln\u00e9 sprostredkovanie<\/li>\n<li>Manipul\u00e1cia s umeleck\u00fdmi dielami<\/li>\n<li>Presuny vozidiel<\/li>\n<li>Skladovacie zariadenia<\/li>\n<\/ul>\n<p>JJ Mari International Movers je medzin\u00e1rodn\u00e1 logistick\u00e1 a dopravn\u00e1 spolo\u010dnos\u0165 s viac ako 35-ro\u010dn\u00fdmi sk\u00fasenos\u0165ami so s\u00eddlom v Caracase. Je \u010dlenom IAM s 23-ro\u010dn\u00fdmi sk\u00fasenos\u0165ami a m\u00e1 akredit\u00e1ciu FIDI, ktor\u00e1 jej umo\u017e\u0148uje pr\u00edstup k medzin\u00e1rodn\u00fdm sie\u0165am s\u0165ahovac\u00edch agentov, ktor\u00ed pracuj\u00fa pod\u013ea vysok\u00fdch \u0161tandardov.<\/p>\n<p>JJ Mari International Movers pon\u00faka s\u0165ahovacie slu\u017eby od dver\u00ed k dver\u00e1m pre dom\u00e1cnosti, firmy a diplomatov. Poskytuje vysokokvalifikovan\u00fd person\u00e1l, ktor\u00fd zabal\u00ed a vybal\u00ed va\u0161e veci a venuje zv\u00fd\u0161en\u00fa pozornos\u0165 krehk\u00fdm predmetom vr\u00e1tane umeleck\u00fdch predmetov a staro\u017eitnost\u00ed. Zabezpe\u010dia medzin\u00e1rodn\u00fa leteck\u00fa alebo n\u00e1morn\u00fa prepravu s coln\u00fdm sprostredkovan\u00edm, ktor\u00e1 m\u00f4\u017ee zah\u0155\u0148a\u0165 aj prepravu vozidiel.<\/p>\n<p>Webov\u00e1 lokalita: <a href=\"http:\/\/www.jjmarimovers.net\" target=\"_blank\" rel=\"noopener\">http:\/\/www.jjmarimovers.net<\/a><\/p>\n<h2><span class=\"ez-toc-section\" id=\"5_Moving_Life\"><\/span><strong>5. Pohybliv\u00fd \u017eivot<\/strong><span class=\"ez-toc-section-end\"><\/span><\/h2>\n<p><img loading=\"lazy\" decoding=\"async\" class=\"alignnone size-full wp-image-10160\" src=\"https:\/\/moverdb.com\/wp-content\/uploads\/Moving-Life-international-moving-company.png\" alt=\"S\u0165ahovanie Life medzin\u00e1rodn\u00e9 s\u0165ahovanie spolo\u010dnos\u0165\" width=\"1440\" height=\"679\" data-wp-pid=\"10160\" srcset=\"https:\/\/moverdb.com\/wp-content\/uploads\/Moving-Life-international-moving-company.png 1440w, https:\/\/moverdb.com\/wp-content\/uploads\/Moving-Life-international-moving-company-300x141.png 300w, https:\/\/moverdb.com\/wp-content\/uploads\/Moving-Life-international-moving-company-1024x483.png 1024w, https:\/\/moverdb.com\/wp-content\/uploads\/Moving-Life-international-moving-company-18x8.png 18w, https:\/\/moverdb.com\/wp-content\/uploads\/Moving-Life-international-moving-company-600x283.png 600w\" sizes=\"auto, (max-width: 1440px) 100vw, 1440px\" \/><\/p>\n<ul>\n<li>Miestne a vn\u00fatro\u0161t\u00e1tne s\u0165ahovanie<\/li>\n<li>Medzin\u00e1rodn\u00e9 s\u0165ahovanie<\/li>\n<li>S\u0165ahovanie dom\u00e1cnost\u00ed<\/li>\n<li>S\u0165ahovanie kancel\u00e1ri\u00ed<\/li>\n<li>Slu\u017eba od dver\u00ed k dver\u00e1m<\/li>\n<li>Baliace slu\u017eby<\/li>\n<li>Leteck\u00e1 a n\u00e1morn\u00e1 doprava<\/li>\n<li>Coln\u00e9 postupy<\/li>\n<li>Manipul\u00e1cia s umen\u00edm<\/li>\n<li>Presuny vozidiel<\/li>\n<\/ul>\n<p>Moving Life je medzin\u00e1rodn\u00e1 spolo\u010dnos\u0165 so s\u00eddlom v Caracase, ktor\u00e1 m\u00e1 viac ako 19 rokov sk\u00fasenost\u00ed. Pri poskytovan\u00ed slu\u017eieb po celom svete ju podporuje sie\u0165 viac ako 2 000 \u010dlenov, ktor\u00e1 pokr\u00fdva 170 kraj\u00edn. S\u00fa \u010dlenom IAM s osemro\u010dn\u00fdmi sk\u00fasenos\u0165ami.<\/p>\n<p>Spolo\u010dnos\u0165 Moving Life pon\u00faka s\u0165ahovacie slu\u017eby od dver\u00ed k dver\u00e1m, ktor\u00e9 sa za\u010d\u00ednaj\u00fa n\u00e1v\u0161tevou pred s\u0165ahovan\u00edm, aby sa zistili va\u0161e potreby. Zabal\u00ed va\u0161e veci pomocou profesion\u00e1lnych techn\u00edk uzn\u00e1van\u00fdch pod\u013ea medzin\u00e1rodn\u00fdch noriem a vytvor\u00ed s\u00fapis. Va\u0161e zabalen\u00e9 veci nalo\u017eia do dreven\u00fdch dod\u00e1vok vyroben\u00fdch na mieru na leteck\u00fa prepravu alebo kovov\u00fdch kontajnerov na n\u00e1morn\u00fa prepravu a vykonaj\u00fa coln\u00e9 postupy.<\/p>\n<p>Webov\u00e1 lokalita: <a href=\"http:\/\/www.movinglife.com.ve\" target=\"_blank\" rel=\"noopener\">http:\/\/www.movinglife.com.ve<\/a><\/p>\n<h2><span class=\"ez-toc-section\" id=\"6_Mudanzas_Internacionales_Global\"><\/span><strong>6. Mudanzas Internacionales Global<\/strong><span class=\"ez-toc-section-end\"><\/span><\/h2>\n<p><img loading=\"lazy\" decoding=\"async\" class=\"alignnone size-full wp-image-10162\" src=\"https:\/\/moverdb.com\/wp-content\/uploads\/Mudanzas-Internacionales-Global-moving-company.png\" alt=\"Mudanzas Internacionales Glob\u00e1lne s\u0165ahovanie spolo\u010dnos\u0165\" width=\"1440\" height=\"682\" data-wp-pid=\"10162\" srcset=\"https:\/\/moverdb.com\/wp-content\/uploads\/Mudanzas-Internacionales-Global-moving-company.png 1440w, https:\/\/moverdb.com\/wp-content\/uploads\/Mudanzas-Internacionales-Global-moving-company-300x142.png 300w, https:\/\/moverdb.com\/wp-content\/uploads\/Mudanzas-Internacionales-Global-moving-company-1024x485.png 1024w, https:\/\/moverdb.com\/wp-content\/uploads\/Mudanzas-Internacionales-Global-moving-company-18x9.png 18w, https:\/\/moverdb.com\/wp-content\/uploads\/Mudanzas-Internacionales-Global-moving-company-600x284.png 600w\" sizes=\"auto, (max-width: 1440px) 100vw, 1440px\" \/><\/p>\n<ul>\n<li>Miestne a vn\u00fatro\u0161t\u00e1tne s\u0165ahovanie<\/li>\n<li>Medzin\u00e1rodn\u00e9 s\u0165ahovanie<\/li>\n<li>S\u0165ahovanie do obytn\u00fdch priestorov<\/li>\n<li>Prieskum pred pres\u0165ahovan\u00edm<\/li>\n<li>Baliace slu\u017eby<\/li>\n<li>Dopravn\u00e9 opatrenia<\/li>\n<li>Coln\u00e1 podpora<\/li>\n<li>Sledovanie pohybu<\/li>\n<li>Sp\u013a\u0148aj\u00fa medzin\u00e1rodn\u00e9 normy<\/li>\n<li>Do\u010dasn\u00e9 skladovanie<\/li>\n<\/ul>\n<p>Mudanzas Internacionales Global je s\u0165ahovacia spolo\u010dnos\u0165 zalo\u017een\u00e1 v roku 1988 so s\u00eddlom v Caracase. Je \u010dlenom IAM s 35-ro\u010dn\u00fdmi sk\u00fasenos\u0165ami a m\u00e1 akredit\u00e1ciu FIDI. Tieto \u010dlenstv\u00e1 im umo\u017e\u0148uj\u00fa spolupracova\u0165 so sie\u0165ou medzin\u00e1rodn\u00fdch s\u0165ahovac\u00edch spolo\u010dnost\u00ed, ktor\u00e9 im pom\u00e1haj\u00fa pri s\u0165ahovan\u00ed po celom svete.<\/p>\n<p>Spolo\u010dnos\u0165 Mudanzas Internacionales Global pon\u00faka individu\u00e1lne s\u0165ahovacie slu\u017eby, ktor\u00e9 s\u00fa poskytovan\u00e9 pod\u013ea medzin\u00e1rodn\u00fdch \u0161tandardov. Pon\u00fakaj\u00fa predbe\u017en\u00fd prieskum na pos\u00fadenie va\u0161ich po\u017eiadaviek na s\u0165ahovanie a odpor\u00fa\u010daj\u00fa najlep\u0161ie mo\u017enosti s\u0165ahovania. Ich sk\u00fasen\u00ed bali\u010di pou\u017eij\u00fa na ochranu va\u0161ich vec\u00ed najkvalitnej\u0161ie baliace materi\u00e1ly, ktor\u00e9 sp\u013a\u0148aj\u00fa medzin\u00e1rodn\u00e9 predpisy.<\/p>\n<p>Webov\u00e1 lokalita: <a href=\"http:\/\/www.miglobal.com\" target=\"_blank\" rel=\"noopener\">http:\/\/www.miglobal.com<\/a><\/p>","protected":false},"excerpt":{"rendered":"<p>Moving can be complex especially if you are moving country. So, if you are planning on moving within, to or from Venezuela, then you may want to engage a moving company to assist you with your move. Below we have compiled a list of Venezuela based removal companies that are members of the International Association [&hellip;]<\/p>\n","protected":false},"author":4,"featured_media":10077,"parent":190,"menu_order":0,"comment_status":"closed","ping_status":"closed","template":"","meta":{"_genesis_hide_title":false,"_genesis_hide_breadcrumbs":false,"_genesis_hide_singular_image":false,"_genesis_hide_footer_widgets":false,"_genesis_custom_body_class":"","_genesis_custom_post_class":"","_genesis_layout":"","footnotes":""},"class_list":{"0":"post-10255","1":"page","2":"type-page","3":"status-publish","4":"has-post-thumbnail","6":"entry"},"_links":{"self":[{"href":"https:\/\/moverdb.com\/sk\/wp-json\/wp\/v2\/pages\/10255","targetHints":{"allow":["GET"]}}],"collection":[{"href":"https:\/\/moverdb.com\/sk\/wp-json\/wp\/v2\/pages"}],"about":[{"href":"https:\/\/moverdb.com\/sk\/wp-json\/wp\/v2\/types\/page"}],"author":[{"embeddable":true,"href":"https:\/\/moverdb.com\/sk\/wp-json\/wp\/v2\/users\/4"}],"replies":[{"embeddable":true,"href":"https:\/\/moverdb.com\/sk\/wp-json\/wp\/v2\/comments?post=10255"}],"version-history":[{"count":1,"href":"https:\/\/moverdb.com\/sk\/wp-json\/wp\/v2\/pages\/10255\/revisions"}],"predecessor-version":[{"id":10256,"href":"https:\/\/moverdb.com\/sk\/wp-json\/wp\/v2\/pages\/10255\/revisions\/10256"}],"up":[{"embeddable":true,"href":"https:\/\/moverdb.com\/sk\/wp-json\/wp\/v2\/pages\/190"}],"wp:featuredmedia":[{"embeddable":true,"href":"https:\/\/moverdb.com\/sk\/wp-json\/wp\/v2\/media\/10077"}],"wp:attachment":[{"href":"https:\/\/moverdb.com\/sk\/wp-json\/wp\/v2\/media?parent=10255"}],"curies":[{"name":"wp","href":"https:\/\/api.w.org\/{rel}","templated":true}]}}