{"id":10253,"date":"2023-06-22T15:36:35","date_gmt":"2023-06-22T15:36:35","guid":{"rendered":"https:\/\/moverdb.com\/?page_id=10253"},"modified":"2026-01-08T15:23:53","modified_gmt":"2026-01-08T15:23:53","slug":"moving-companies-uzbekistan","status":"publish","type":"page","link":"https:\/\/moverdb.com\/sk\/moving-companies\/moving-companies-uzbekistan\/","title":{"rendered":"2 Najlep\u0161ie medzin\u00e1rodn\u00e9 s\u0165ahovacie spolo\u010dnosti v Uzbekistane"},"content":{"rendered":"<p>Pl\u00e1nujete sa pres\u0165ahova\u0165 v r\u00e1mci Uzbekistanu, do Uzbekistanu alebo z Uzbekistanu? V tom pr\u00edpade sa obr\u00e1\u0165te na <a href=\"https:\/\/moverdb.com\/sk\/moving-companies\/\" data-internallinksmanager029f6b8e52c=\"79\" title=\"Top 25 medzin\u00e1rodn\u00fdch s\u0165ahovac\u00edch spolo\u010dnost\u00ed online\">s\u0165ahovacia spolo\u010dnos\u0165<\/a> ktor\u00fd v\u00e1m pom\u00f4\u017ee s balen\u00edm, zabezpe\u010den\u00edm prepravy a coln\u00fdmi \u00fakonmi pri medzin\u00e1rodn\u00fdch s\u0165ahovaniach, v\u00e1m m\u00f4\u017ee s\u0165ahovanie skuto\u010dne u\u013eah\u010di\u0165. Ni\u017e\u0161ie sme zostavili zoznam firiem so s\u00eddlom v Uzbekistane <a href=\"https:\/\/moverdb.com\/sk\/international-removals\/\" data-internallinksmanager029f6b8e52c=\"27\" title=\"36 najlep\u0161\u00edch medzin\u00e1rodn\u00fdch s\u0165ahovac\u00edch spolo\u010dnost\u00ed v Spojenom kr\u00e1\u013eovstve\">s\u0165ahovacie spolo\u010dnosti<\/a> ktor\u00e9 s\u00fa \u010dlenmi <a href=\"https:\/\/moverdb.com\/sk\/iam\/\" data-internallinksmanager029f6b8e52c=\"23\" title=\"Vysvetlenie Medzin\u00e1rodnej asoci\u00e1cie s\u0165ahovate\u013eov (IAM)\">Medzin\u00e1rodn\u00e1 asoci\u00e1cia s\u0165ahovate\u013eov<\/a> (IAM) a\/alebo <a href=\"https:\/\/moverdb.com\/sk\/fidi-faim\/\" data-internallinksmanager029f6b8e52c=\"16\" title=\"Vysvetlenie FIDI a FAIM (FIDI akreditovan\u00fd medzin\u00e1rodn\u00fd prepravca)\">FIDI<\/a> Akreditovan\u00fd medzin\u00e1rodn\u00fd prepravca (FAIM), ktor\u00fd by v\u00e1m mohol pom\u00f4c\u0165 pri s\u0165ahovan\u00ed.<\/p>\n<h2><strong>1. Pohyb 1<\/strong><\/h2>\n<p><img loading=\"lazy\" decoding=\"async\" class=\"alignnone size-full wp-image-10159\" src=\"https:\/\/moverdb.com\/wp-content\/uploads\/Move-One-international-moving-company-1.png\" alt=\"Move One medzin\u00e1rodn\u00e1 s\u0165ahovacia spolo\u010dnos\u0165\" width=\"1440\" height=\"676\" data-wp-pid=\"10159\" srcset=\"https:\/\/moverdb.com\/wp-content\/uploads\/Move-One-international-moving-company-1.png 1440w, https:\/\/moverdb.com\/wp-content\/uploads\/Move-One-international-moving-company-1-300x141.png 300w, https:\/\/moverdb.com\/wp-content\/uploads\/Move-One-international-moving-company-1-1024x481.png 1024w, https:\/\/moverdb.com\/wp-content\/uploads\/Move-One-international-moving-company-1-18x8.png 18w, https:\/\/moverdb.com\/wp-content\/uploads\/Move-One-international-moving-company-1-600x282.png 600w\" sizes=\"auto, (max-width: 1440px) 100vw, 1440px\" \/><\/p>\n<ul>\n<li>N\u00e1rodn\u00e9 presuny<\/li>\n<li>Medzin\u00e1rodn\u00e9 s\u0165ahovanie<\/li>\n<li>S\u0165ahovanie dom\u00e1cnost\u00ed<\/li>\n<li>Obchodn\u00e1 logistika<\/li>\n<li>Slu\u017eby premiestnenia<\/li>\n<li>Baliace slu\u017eby<\/li>\n<li>Dopravn\u00e9 opatrenia<\/li>\n<li>Coln\u00e1 podpora<\/li>\n<li>Preprava dom\u00e1cich zvierat a vozidiel<\/li>\n<li>Skladovacie zariadenia<\/li>\n<\/ul>\n<p>Move One je spolo\u010dnos\u0165 zalo\u017een\u00e1 v roku 1992, ktor\u00e1 poskytuje rie\u0161enia v oblasti logistiky, s\u0165ahovania a glob\u00e1lnej mobility a m\u00e1 viac ako 80 pobo\u010diek vo v\u00fdchodnej Eur\u00f3pe, Afrike, na Bl\u00edzkom v\u00fdchode, na Balk\u00e1ne a v Spolo\u010denstve nez\u00e1visl\u00fdch \u0161t\u00e1tov. Jej uzbeck\u00e1 pobo\u010dka sa nach\u00e1dza v Ta\u0161kente. Na poskytovanie medzin\u00e1rodn\u00fdch slu\u017eieb maj\u00fa sie\u0165 kancel\u00e1ri\u00ed a agentov. S\u00fa \u010dlenom IAM so sedemro\u010dn\u00fdm p\u00f4soben\u00edm.<\/p>\n<p>Spolo\u010dnos\u0165 Move One bude koordinova\u0165 va\u0161e s\u0165ahovanie a zabezpe\u010d\u00ed jeho hladk\u00fd priebeh, pri\u010dom v\u00e1m poskytne baliace slu\u017eby, zabezpe\u010denie prepravy a coln\u00fa podporu. Pon\u00fakaj\u00fa aj \u010fal\u0161ie slu\u017eby vr\u00e1tane povolen\u00ed a v\u00edz, prepravy zvierat, prepravy automobilov, prepravy nadbyto\u010dnej bato\u017einy a skladovania. Slu\u017eby s\u00favisiace s pres\u0165ahovan\u00edm zah\u0155\u0148aj\u00fa vyh\u013ead\u00e1vanie domov a \u0161k\u00f4l, do\u010dasn\u00e9 ubytovanie, orient\u00e1ciu a podporu pri zaria\u010fovan\u00ed.<\/p>\n<p>Webov\u00e1 lokalita: <a href=\"https:\/\/www.moveoneinc.com\" target=\"_blank\" rel=\"noopener\">https:\/\/www.moveoneinc.com<\/a><\/p>\n<h2><strong>2. Gosselin<\/strong><\/h2>\n<p><img loading=\"lazy\" decoding=\"async\" class=\"alignnone size-full wp-image-10132\" src=\"https:\/\/moverdb.com\/wp-content\/uploads\/Gosselin-Uzbekistan-international-moving-company.png\" alt=\"Gosselin Uzbekistan medzin\u00e1rodn\u00e9 s\u0165ahovanie spolo\u010dnos\u0165\" width=\"1440\" height=\"680\" data-wp-pid=\"10132\" srcset=\"https:\/\/moverdb.com\/wp-content\/uploads\/Gosselin-Uzbekistan-international-moving-company.png 1440w, https:\/\/moverdb.com\/wp-content\/uploads\/Gosselin-Uzbekistan-international-moving-company-300x142.png 300w, https:\/\/moverdb.com\/wp-content\/uploads\/Gosselin-Uzbekistan-international-moving-company-1024x484.png 1024w, https:\/\/moverdb.com\/wp-content\/uploads\/Gosselin-Uzbekistan-international-moving-company-18x9.png 18w, https:\/\/moverdb.com\/wp-content\/uploads\/Gosselin-Uzbekistan-international-moving-company-600x283.png 600w\" sizes=\"auto, (max-width: 1440px) 100vw, 1440px\" \/><\/p>\n<ul>\n<li>N\u00e1rodn\u00e9 presuny<\/li>\n<li>Medzin\u00e1rodn\u00e9 s\u0165ahovanie<\/li>\n<li>S\u0165ahovanie dom\u00e1cnost\u00ed<\/li>\n<li>S\u0165ahovanie kancel\u00e1ri\u00ed<\/li>\n<li>Slu\u017eba od dver\u00ed k dver\u00e1m<\/li>\n<li>Baliace slu\u017eby<\/li>\n<li>Dopravn\u00e9 opatrenia<\/li>\n<li>V\u00fdtvarn\u00e9 pohyby<\/li>\n<li>S\u0165ahovanie \u00e1ut a dom\u00e1cich zvierat<\/li>\n<li>Rie\u0161enia na ukladanie<\/li>\n<\/ul>\n<p>Gosselin je medzin\u00e1rodn\u00e1 s\u0165ahovacia spolo\u010dnos\u0165 zalo\u017een\u00e1 v roku 1930 s pobo\u010dkami v 34 krajin\u00e1ch Eur\u00f3py, na Kaukaze a v Strednej \u00c1zii vr\u00e1tane Ta\u0161kentu v Uzbekistane. Na poskytovanie medzin\u00e1rodn\u00fdch slu\u017eieb vyu\u017e\u00edva vlastn\u00e9 kancel\u00e1rie a sie\u0165 s\u0165ahovac\u00edch partnerov po celom svete. Je \u010dlenom IAM.<\/p>\n<p>Spolo\u010dnos\u0165 Gosselin pon\u00faka s\u0165ahovacie slu\u017eby od dver\u00ed k dver\u00e1m s profesion\u00e1lnymi s\u0165ahov\u00e1kmi, ktor\u00ed v\u00e1m pom\u00f4\u017eu pres\u0165ahova\u0165 sa kdeko\u013evek na svete. Bezpe\u010dne zabalia va\u0161e veci, rozober\u00fa a zmontuj\u00fa n\u00e1bytok a po pr\u00edchode v\u00e1s vybalia. Pou\u017e\u00edvaj\u00fa ekologick\u00e9 baliace materi\u00e1ly a zah\u0155\u0148aj\u00fa poistenie prepravy. Pon\u00fakaj\u00fa aj \u010fal\u0161ie slu\u017eby vr\u00e1tane manipul\u00e1cie s umeleck\u00fdmi dielami, <a href=\"https:\/\/moverdb.com\/sk\/car-transport-shipping\/\" data-internallinksmanager029f6b8e52c=\"2\" title=\"2026 Medzin\u00e1rodn\u00e1 preprava \u00e1ut a cit\u00e1cie prepravy vozidiel\">preprava automobilov<\/a>, rie\u0161enia na s\u0165ahovanie a skladovanie dom\u00e1cich zvierat.<\/p>\n<p>Webov\u00e1 lokalita: <a href=\"https:\/\/gosselin-moving.com\/uzbekistan\" target=\"_blank\" rel=\"noopener\">https:\/\/gosselin-moving.com\/uzbekistan<\/a><\/p>","protected":false},"excerpt":{"rendered":"<p>Are you planning on moving within, to or from Uzbekistan? Then engaging a moving company who can assist you with packing, arranging transport and handling customs for international moves can really ease your move. Below we have compiled a list of Uzbekistan based removal companies that are members of the International Association of Movers (IAM) [&hellip;]<\/p>\n","protected":false},"author":4,"featured_media":10159,"parent":190,"menu_order":0,"comment_status":"closed","ping_status":"closed","template":"","meta":{"_genesis_hide_title":false,"_genesis_hide_breadcrumbs":false,"_genesis_hide_singular_image":false,"_genesis_hide_footer_widgets":false,"_genesis_custom_body_class":"","_genesis_custom_post_class":"","_genesis_layout":"","footnotes":""},"class_list":{"0":"post-10253","1":"page","2":"type-page","3":"status-publish","4":"has-post-thumbnail","6":"entry"},"_links":{"self":[{"href":"https:\/\/moverdb.com\/sk\/wp-json\/wp\/v2\/pages\/10253","targetHints":{"allow":["GET"]}}],"collection":[{"href":"https:\/\/moverdb.com\/sk\/wp-json\/wp\/v2\/pages"}],"about":[{"href":"https:\/\/moverdb.com\/sk\/wp-json\/wp\/v2\/types\/page"}],"author":[{"embeddable":true,"href":"https:\/\/moverdb.com\/sk\/wp-json\/wp\/v2\/users\/4"}],"replies":[{"embeddable":true,"href":"https:\/\/moverdb.com\/sk\/wp-json\/wp\/v2\/comments?post=10253"}],"version-history":[{"count":1,"href":"https:\/\/moverdb.com\/sk\/wp-json\/wp\/v2\/pages\/10253\/revisions"}],"predecessor-version":[{"id":10254,"href":"https:\/\/moverdb.com\/sk\/wp-json\/wp\/v2\/pages\/10253\/revisions\/10254"}],"up":[{"embeddable":true,"href":"https:\/\/moverdb.com\/sk\/wp-json\/wp\/v2\/pages\/190"}],"wp:featuredmedia":[{"embeddable":true,"href":"https:\/\/moverdb.com\/sk\/wp-json\/wp\/v2\/media\/10159"}],"wp:attachment":[{"href":"https:\/\/moverdb.com\/sk\/wp-json\/wp\/v2\/media?parent=10253"}],"curies":[{"name":"wp","href":"https:\/\/api.w.org\/{rel}","templated":true}]}}