{"id":10249,"date":"2023-06-22T15:38:39","date_gmt":"2023-06-22T15:38:39","guid":{"rendered":"https:\/\/moverdb.com\/?page_id=10249"},"modified":"2026-01-08T15:24:29","modified_gmt":"2026-01-08T15:24:29","slug":"moving-companies-uruguay","status":"publish","type":"page","link":"https:\/\/moverdb.com\/sk\/moving-companies\/moving-companies-uruguay\/","title":{"rendered":"3 najlep\u0161ie medzin\u00e1rodn\u00e9 s\u0165ahovacie spolo\u010dnosti v Uruguaji"},"content":{"rendered":"<p>S\u0165ahovanie domov alebo firmy m\u00f4\u017ee by\u0165 hektick\u00e9 a stresuj\u00face obdobie, v ktorom je potrebn\u00e9 ve\u013ea vybavi\u0165 a zariadi\u0165. V tomto pr\u00edpade je potrebn\u00e9 <a href=\"https:\/\/moverdb.com\/sk\/moving-companies\/\" data-internallinksmanager029f6b8e52c=\"79\" title=\"Top 25 medzin\u00e1rodn\u00fdch s\u0165ahovac\u00edch spolo\u010dnost\u00ed online\">s\u0165ahovacia spolo\u010dnos\u0165<\/a> v\u00e1m m\u00f4\u017ee pom\u00f4c\u0165 t\u00fdm, \u017ee prevezme mnoh\u00e9 \u00falohy, ako je balenie, organiz\u00e1cia prepravy a vybavovanie coln\u00fdch z\u00e1le\u017eitost\u00ed pri s\u0165ahovan\u00ed medzi krajinami. Ni\u017e\u0161ie sme zostavili zoznam uruguajsk\u00fdch <a href=\"https:\/\/moverdb.com\/sk\/international-removals\/\" data-internallinksmanager029f6b8e52c=\"27\" title=\"36 najlep\u0161\u00edch medzin\u00e1rodn\u00fdch s\u0165ahovac\u00edch spolo\u010dnost\u00ed v Spojenom kr\u00e1\u013eovstve\">s\u0165ahovacie spolo\u010dnosti<\/a> ktor\u00e9 s\u00fa \u010dlenmi <a href=\"https:\/\/moverdb.com\/sk\/iam\/\" data-internallinksmanager029f6b8e52c=\"23\" title=\"Vysvetlenie Medzin\u00e1rodnej asoci\u00e1cie s\u0165ahovate\u013eov (IAM)\">Medzin\u00e1rodn\u00e1 asoci\u00e1cia s\u0165ahovate\u013eov<\/a> (IAM) a\/alebo <a href=\"https:\/\/moverdb.com\/sk\/fidi-faim\/\" data-internallinksmanager029f6b8e52c=\"16\" title=\"Vysvetlenie FIDI a FAIM (FIDI akreditovan\u00fd medzin\u00e1rodn\u00fd prepravca)\">FIDI<\/a> Akreditovan\u00fd medzin\u00e1rodn\u00fd prepravca (FAIM), ktor\u00fd by v\u00e1m mohol pom\u00f4c\u0165 pri s\u0165ahovan\u00ed.<\/p>\n<h2><strong>1. AB Moving<\/strong><\/h2>\n<p><img loading=\"lazy\" decoding=\"async\" class=\"alignnone size-full wp-image-10064\" src=\"https:\/\/moverdb.com\/wp-content\/uploads\/AB-Moving-international-moving-company.png\" alt=\"AB Moving medzin\u00e1rodn\u00e9 s\u0165ahovanie spolo\u010dnos\u0165\" width=\"1440\" height=\"679\" data-wp-pid=\"10064\" srcset=\"https:\/\/moverdb.com\/wp-content\/uploads\/AB-Moving-international-moving-company.png 1440w, https:\/\/moverdb.com\/wp-content\/uploads\/AB-Moving-international-moving-company-300x141.png 300w, https:\/\/moverdb.com\/wp-content\/uploads\/AB-Moving-international-moving-company-1024x483.png 1024w, https:\/\/moverdb.com\/wp-content\/uploads\/AB-Moving-international-moving-company-18x8.png 18w, https:\/\/moverdb.com\/wp-content\/uploads\/AB-Moving-international-moving-company-600x283.png 600w\" sizes=\"auto, (max-width: 1440px) 100vw, 1440px\" \/><\/p>\n<ul>\n<li>N\u00e1rodn\u00e9 presuny<\/li>\n<li>Medzin\u00e1rodn\u00e9 s\u0165ahovanie<\/li>\n<li>S\u0165ahovanie dom\u00e1cnost\u00ed<\/li>\n<li>Obchodn\u00e9 kroky<\/li>\n<li>Slu\u017eby premiestnenia<\/li>\n<li>Profesion\u00e1lne balenie<\/li>\n<li>Leteck\u00e1, n\u00e1morn\u00e1 a pozemn\u00e1 doprava<\/li>\n<li>Manipul\u00e1cia s umen\u00edm<\/li>\n<li>Premiest\u0148ovanie dom\u00e1cich zvierat<\/li>\n<li>Bezpe\u010dn\u00e9 ukladanie<\/li>\n<\/ul>\n<p>AB Moving je medzin\u00e1rodn\u00e1 s\u0165ahovacia a premiest\u0148ovacia spolo\u010dnos\u0165 s viac ako 25-ro\u010dn\u00fdmi sk\u00fasenos\u0165ami so s\u00eddlom v Montevideu. M\u00e1 sie\u0165 agentov po celom svete, ktor\u00e1 im umo\u017e\u0148uje realizova\u0165 s\u0165ahovanie kdeko\u013evek na svete. Je \u010dlenom IAM s 15-ro\u010dnou trad\u00edciou.<\/p>\n<p>Spolo\u010dnos\u0165 AB Moving poskytuje individu\u00e1lne slu\u017eby, ktor\u00e9 s\u00fa prisp\u00f4soben\u00e9 va\u0161im potreb\u00e1m a pon\u00fakaj\u00fa slu\u017eby od dver\u00ed k dver\u00e1m. Poskytuj\u00fa profesion\u00e1lne baliace slu\u017eby, pri ktor\u00fdch sa pou\u017e\u00edvaj\u00fa vysokokvalitn\u00e9 materi\u00e1ly a dreven\u00e9 skelety vyroben\u00e9 na mieru na ochranu va\u0161ich vec\u00ed. Zabezpe\u010dia leteck\u00fa, n\u00e1morn\u00fa alebo cestn\u00fa prepravu so v\u0161etk\u00fdmi potrebn\u00fdmi dokladmi.<\/p>\n<p>Webov\u00e1 lokalita: <a href=\"http:\/\/www.ab.com.uy\" target=\"_blank\" rel=\"noopener\">http:\/\/www.ab.com.uy<\/a><\/p>\n<h2><strong>2. Autogiro<\/strong><\/h2>\n<p><img loading=\"lazy\" decoding=\"async\" class=\"alignnone size-full wp-image-10085\" src=\"https:\/\/moverdb.com\/wp-content\/uploads\/Autogiro-international-moving-company.png\" alt=\"Autogiro medzin\u00e1rodn\u00e9 s\u0165ahovanie spolo\u010dnos\u0165\" width=\"1440\" height=\"682\" data-wp-pid=\"10085\" srcset=\"https:\/\/moverdb.com\/wp-content\/uploads\/Autogiro-international-moving-company.png 1440w, https:\/\/moverdb.com\/wp-content\/uploads\/Autogiro-international-moving-company-300x142.png 300w, https:\/\/moverdb.com\/wp-content\/uploads\/Autogiro-international-moving-company-1024x485.png 1024w, https:\/\/moverdb.com\/wp-content\/uploads\/Autogiro-international-moving-company-18x9.png 18w, https:\/\/moverdb.com\/wp-content\/uploads\/Autogiro-international-moving-company-600x284.png 600w\" sizes=\"auto, (max-width: 1440px) 100vw, 1440px\" \/><\/p>\n<ul>\n<li>N\u00e1rodn\u00e9 presuny<\/li>\n<li>Medzin\u00e1rodn\u00e9 s\u0165ahovanie<\/li>\n<li>S\u0165ahovanie do obytn\u00fdch priestorov<\/li>\n<li>S\u0165ahovanie firiem<\/li>\n<li>Slu\u017eby premiestnenia<\/li>\n<li>Baliace slu\u017eby<\/li>\n<li>Dopravn\u00e9 opatrenia<\/li>\n<li>Manipul\u00e1cia s umeleck\u00fdmi dielami<\/li>\n<li>Preprava dom\u00e1cich zvierat<\/li>\n<li>Bezpe\u010dn\u00e9 ukladanie<\/li>\n<\/ul>\n<p>Autogiro je spolo\u010dnos\u0165 na prepravu tovaru a s\u0165ahovanie zalo\u017een\u00e1 v roku 1925 so s\u00eddlom v Montevideu. Vytvorila si v\u00e4zby so z\u00e1stupcami po celom svete, ktor\u00ed poskytuj\u00fa slu\u017eby pod\u013ea vysok\u00fdch \u0161tandardov a pom\u00e1haj\u00fa im pri poskytovan\u00ed medzin\u00e1rodn\u00fdch slu\u017eieb. S\u00fa \u010dlenom IAM s 98-ro\u010dnou trad\u00edciou a s\u00fa akreditovan\u00ed FIDI.<\/p>\n<p>Spolo\u010dnos\u0165 Autogiro najprv odhadne objem v\u00e1\u0161ho s\u0165ahovania a poskytne cenov\u00fa ponuku na s\u0165ahovanie od dver\u00ed k dver\u00e1m s coln\u00fdm poradenstvom. Zabal\u00ed va\u0161e veci a ochr\u00e1ni ich v z\u00e1suvk\u00e1ch MDF a spln\u00ed medzin\u00e1rodn\u00e9 normy pre krehk\u00e9 predmety. Nalo\u017e\u00ed ich do kontajnera alebo dreven\u00fdch debien a preprav\u00ed ich na miesto ur\u010denia, pri\u010dom v\u00e1m poskytne s\u00fapis.<\/p>\n<p>Webov\u00e1 lokalita: <a href=\"http:\/\/www.autogiro.com.uy\" target=\"_blank\" rel=\"noopener\">http:\/\/www.autogiro.com.uy<\/a><\/p>\n<h2><strong>3. Uruvan<\/strong><\/h2>\n<p><img loading=\"lazy\" decoding=\"async\" class=\"alignnone size-full wp-image-10251\" src=\"https:\/\/moverdb.com\/wp-content\/uploads\/Uruvan-international-moving-company-1.png\" alt=\"Uruvan medzin\u00e1rodn\u00e9 s\u0165ahovanie spolo\u010dnos\u0165\" width=\"1440\" height=\"709\" data-wp-pid=\"10251\" srcset=\"https:\/\/moverdb.com\/wp-content\/uploads\/Uruvan-international-moving-company-1.png 1440w, https:\/\/moverdb.com\/wp-content\/uploads\/Uruvan-international-moving-company-1-300x148.png 300w, https:\/\/moverdb.com\/wp-content\/uploads\/Uruvan-international-moving-company-1-1024x504.png 1024w, https:\/\/moverdb.com\/wp-content\/uploads\/Uruvan-international-moving-company-1-18x9.png 18w, https:\/\/moverdb.com\/wp-content\/uploads\/Uruvan-international-moving-company-1-600x295.png 600w\" sizes=\"auto, (max-width: 1440px) 100vw, 1440px\" \/><\/p>\n<ul>\n<li>Vn\u00fatro\u0161t\u00e1tne s\u0165ahovanie<\/li>\n<li>Medzin\u00e1rodn\u00e9 s\u0165ahovanie<\/li>\n<li>S\u0165ahovanie dom\u00e1cnost\u00ed<\/li>\n<li>S\u0165ahovanie firiem<\/li>\n<li>Slu\u017eby premiestnenia<\/li>\n<li>Baliace slu\u017eby<\/li>\n<li>Coln\u00e9 konanie<\/li>\n<li>Preprava umenia<\/li>\n<li>Preprava dom\u00e1cich zvierat<\/li>\n<li>Skladovacie zariadenia<\/li>\n<\/ul>\n<p>Uruvan je vn\u00fatro\u0161t\u00e1tna a medzin\u00e1rodn\u00e1 s\u0165ahovacia spolo\u010dnos\u0165, ktor\u00e1 pon\u00faka \u0161pedi\u010dn\u00e9 a skladovacie slu\u017eby a ktor\u00e1 vznikla v roku 1982 so s\u00eddlom v Montevideu a kancel\u00e1riou v Punta del Etse. Spolupracuje s agent\u00farami po celom svete a poskytuje slu\u017eby v Uruguaji a na medzin\u00e1rodnej \u00farovni. S\u00fa \u010dlenom IAM so 41-ro\u010dnou trad\u00edciou a s\u00fa akreditovan\u00ed FIDI.<\/p>\n<p>Spolo\u010dnos\u0165 Uruvan pon\u00faka s\u0165ahovacie slu\u017eby od dver\u00ed k dver\u00e1m, ktor\u00e9 sa za\u010d\u00ednaj\u00fa obhliadkou domu, pri ktorej sa pos\u00fadia va\u0161e potreby a vypracuje cenov\u00e1 ponuka. Koordinuj\u00fa va\u0161e s\u0165ahovanie a zabezpe\u010dia prepravu, balenie a coln\u00e9 odbavenie. Ich profesion\u00e1lny s\u0165ahovac\u00ed t\u00edm zabal\u00ed va\u0161e veci vhodn\u00fdmi baliacimi materi\u00e1lmi, aby ich ochr\u00e1nil pri preprave do v\u00e1\u0161ho nov\u00e9ho domova.<\/p>\n<p>Webov\u00e1 lokalita: <a href=\"http:\/\/www.uruvan.com.uy\" target=\"_blank\" rel=\"noopener\">http:\/\/www.uruvan.com.uy<\/a><\/p>","protected":false},"excerpt":{"rendered":"<p>Moving home or your business can be a hectic and stressful time with a lot to do and arrange. This is where a moving company can help you by taking on many of the tasks such as packing, arranging transportation and handling customs arrangements for inter-country moves. Below we have compiled a list of Uruguay [&hellip;]<\/p>\n","protected":false},"author":4,"featured_media":10064,"parent":190,"menu_order":0,"comment_status":"closed","ping_status":"closed","template":"","meta":{"_genesis_hide_title":false,"_genesis_hide_breadcrumbs":false,"_genesis_hide_singular_image":false,"_genesis_hide_footer_widgets":false,"_genesis_custom_body_class":"","_genesis_custom_post_class":"","_genesis_layout":"","footnotes":""},"class_list":{"0":"post-10249","1":"page","2":"type-page","3":"status-publish","4":"has-post-thumbnail","6":"entry"},"_links":{"self":[{"href":"https:\/\/moverdb.com\/sk\/wp-json\/wp\/v2\/pages\/10249","targetHints":{"allow":["GET"]}}],"collection":[{"href":"https:\/\/moverdb.com\/sk\/wp-json\/wp\/v2\/pages"}],"about":[{"href":"https:\/\/moverdb.com\/sk\/wp-json\/wp\/v2\/types\/page"}],"author":[{"embeddable":true,"href":"https:\/\/moverdb.com\/sk\/wp-json\/wp\/v2\/users\/4"}],"replies":[{"embeddable":true,"href":"https:\/\/moverdb.com\/sk\/wp-json\/wp\/v2\/comments?post=10249"}],"version-history":[{"count":1,"href":"https:\/\/moverdb.com\/sk\/wp-json\/wp\/v2\/pages\/10249\/revisions"}],"predecessor-version":[{"id":10252,"href":"https:\/\/moverdb.com\/sk\/wp-json\/wp\/v2\/pages\/10249\/revisions\/10252"}],"up":[{"embeddable":true,"href":"https:\/\/moverdb.com\/sk\/wp-json\/wp\/v2\/pages\/190"}],"wp:featuredmedia":[{"embeddable":true,"href":"https:\/\/moverdb.com\/sk\/wp-json\/wp\/v2\/media\/10064"}],"wp:attachment":[{"href":"https:\/\/moverdb.com\/sk\/wp-json\/wp\/v2\/media?parent=10249"}],"curies":[{"name":"wp","href":"https:\/\/api.w.org\/{rel}","templated":true}]}}