{"id":10227,"date":"2023-06-22T15:49:08","date_gmt":"2023-06-22T15:49:08","guid":{"rendered":"https:\/\/moverdb.com\/?page_id=10227"},"modified":"2026-01-08T15:30:19","modified_gmt":"2026-01-08T15:30:19","slug":"moving-companies-tajikistan","status":"publish","type":"page","link":"https:\/\/moverdb.com\/sk\/moving-companies\/moving-companies-tajikistan\/","title":{"rendered":"Najlep\u0161ie medzin\u00e1rodn\u00e9 s\u0165ahovacie spolo\u010dnosti v Tad\u017eikistane"},"content":{"rendered":"<p>Pl\u00e1nujete sa pres\u0165ahova\u0165 v r\u00e1mci Tad\u017eikistanu, do Tad\u017eikistanu alebo z Tad\u017eikistanu? Potom by ste mohli vyu\u017ei\u0165 slu\u017eby <a href=\"https:\/\/moverdb.com\/sk\/moving-companies\/\" data-internallinksmanager029f6b8e52c=\"79\" title=\"Top 25 medzin\u00e1rodn\u00fdch s\u0165ahovac\u00edch spolo\u010dnost\u00ed online\">s\u0165ahovacia spolo\u010dnos\u0165<\/a> pom\u00f4c\u0165 v\u00e1m pri balen\u00ed, organizovan\u00ed prepravy a vybavovan\u00ed coln\u00fdch z\u00e1le\u017eitost\u00ed. Ni\u017e\u0161ie sme zostavili zoznam t\u00e1d\u017eick\u00fdch <a href=\"https:\/\/moverdb.com\/sk\/international-removals\/\" data-internallinksmanager029f6b8e52c=\"27\" title=\"36 najlep\u0161\u00edch medzin\u00e1rodn\u00fdch s\u0165ahovac\u00edch spolo\u010dnost\u00ed v Spojenom kr\u00e1\u013eovstve\">s\u0165ahovacie spolo\u010dnosti<\/a> ktor\u00e9 s\u00fa \u010dlenmi <a href=\"https:\/\/moverdb.com\/sk\/iam\/\" data-internallinksmanager029f6b8e52c=\"23\" title=\"Vysvetlenie Medzin\u00e1rodnej asoci\u00e1cie s\u0165ahovate\u013eov (IAM)\">Medzin\u00e1rodn\u00e1 asoci\u00e1cia s\u0165ahovate\u013eov<\/a> (IAM) a\/alebo <a href=\"https:\/\/moverdb.com\/sk\/fidi-faim\/\" data-internallinksmanager029f6b8e52c=\"16\" title=\"Vysvetlenie FIDI a FAIM (FIDI akreditovan\u00fd medzin\u00e1rodn\u00fd prepravca)\">FIDI<\/a> Akreditovan\u00fd medzin\u00e1rodn\u00fd prepravca (FAIM), ktor\u00fd by v\u00e1m mohol pom\u00f4c\u0165 pri s\u0165ahovan\u00ed.<\/p>\n<h2><strong>Dunyo Cargo<\/strong><\/h2>\n<p><img loading=\"lazy\" decoding=\"async\" class=\"alignnone size-full wp-image-10106\" src=\"https:\/\/moverdb.com\/wp-content\/uploads\/Dunyo-Cargo-international-moving-company.png\" alt=\"Dunyo Cargo medzin\u00e1rodn\u00e9 s\u0165ahovanie spolo\u010dnos\u0165\" width=\"1440\" height=\"680\" data-wp-pid=\"10106\" srcset=\"https:\/\/moverdb.com\/wp-content\/uploads\/Dunyo-Cargo-international-moving-company.png 1440w, https:\/\/moverdb.com\/wp-content\/uploads\/Dunyo-Cargo-international-moving-company-300x142.png 300w, https:\/\/moverdb.com\/wp-content\/uploads\/Dunyo-Cargo-international-moving-company-1024x484.png 1024w, https:\/\/moverdb.com\/wp-content\/uploads\/Dunyo-Cargo-international-moving-company-18x9.png 18w, https:\/\/moverdb.com\/wp-content\/uploads\/Dunyo-Cargo-international-moving-company-600x283.png 600w\" sizes=\"auto, (max-width: 1440px) 100vw, 1440px\" \/><\/p>\n<ul>\n<li>Vn\u00fatro\u0161t\u00e1tne premiestnenia<\/li>\n<li>Medzin\u00e1rodn\u00e9 premiestnenia<\/li>\n<li>Premiest\u0148ovanie dom\u00e1cnost\u00ed<\/li>\n<li>Premiest\u0148ovanie kancel\u00e1ri\u00ed<\/li>\n<li>Mana\u017e\u00e9r premiestnenia<\/li>\n<li>Baliace slu\u017eby<\/li>\n<li>Dopravn\u00e9 opatrenia<\/li>\n<li>Coln\u00e9 konanie<\/li>\n<li>Dom\u00e1ce zvierat\u00e1 a <a href=\"https:\/\/moverdb.com\/sk\/car-transport-shipping\/\" data-internallinksmanager029f6b8e52c=\"2\" title=\"2026 Medzin\u00e1rodn\u00e1 preprava \u00e1ut a cit\u00e1cie prepravy vozidiel\">preprava vozidiel<\/a><\/li>\n<li>Skladovacie zariadenia<\/li>\n<\/ul>\n<p>Dunyo Cargo je dopravn\u00e1 a logistick\u00e1 spolo\u010dnos\u0165 zalo\u017een\u00e1 v roku 1994 so s\u00eddlom v Du\u0161anbe. M\u00e1 \u0161irok\u00fa sie\u0165 partnerov po celom svete, v\u010faka ktorej poskytuje svoje slu\u017eby na celom svete. Je \u010dlenom IAM so 14-ro\u010dnou trad\u00edciou.<\/p>\n<p>Spolo\u010dnos\u0165 Dunyo Cargo poskytuje sk\u00fasen\u00fdch mana\u017e\u00e9rov pre s\u0165ahovanie, ktor\u00ed riadia ka\u017ed\u00fd krok v\u00e1\u0161ho s\u0165ahovania. Pon\u00fakaj\u00fa baliace slu\u017eby, pri ktor\u00fdch pou\u017e\u00edvaj\u00fa kvalifikovan\u00fdch bali\u010dov a obalov\u00e9 materi\u00e1ly, ktor\u00e9 sp\u013a\u0148aj\u00fa medzin\u00e1rodn\u00e9 normy kvality. Zabezpe\u010dia a napl\u00e1nuj\u00fa va\u0161e doru\u010denie a postaraj\u00fa sa o coln\u00e9 odbavenie. Zabezpe\u010dia aj prepravu dom\u00e1cich zvierat a vozidiel.<\/p>\n<p>Webov\u00e1 lokalita: <a href=\"https:\/\/dunyocargo.com\" target=\"_blank\" rel=\"noopener\">https:\/\/dunyocargo.com<\/a><\/p>","protected":false},"excerpt":{"rendered":"<p>Are you planning on moving within, to or from Tajikistan? Then you might want to employ the services of a moving company to help you pack, arrange transport and handle customs. Below we have compiled a list of Tajikistan based removal companies that are members of the International Association of Movers (IAM) and\/or FIDI Accredited [&hellip;]<\/p>\n","protected":false},"author":4,"featured_media":10106,"parent":190,"menu_order":0,"comment_status":"closed","ping_status":"closed","template":"","meta":{"_genesis_hide_title":false,"_genesis_hide_breadcrumbs":false,"_genesis_hide_singular_image":false,"_genesis_hide_footer_widgets":false,"_genesis_custom_body_class":"","_genesis_custom_post_class":"","_genesis_layout":"","footnotes":""},"class_list":{"0":"post-10227","1":"page","2":"type-page","3":"status-publish","4":"has-post-thumbnail","6":"entry"},"_links":{"self":[{"href":"https:\/\/moverdb.com\/sk\/wp-json\/wp\/v2\/pages\/10227","targetHints":{"allow":["GET"]}}],"collection":[{"href":"https:\/\/moverdb.com\/sk\/wp-json\/wp\/v2\/pages"}],"about":[{"href":"https:\/\/moverdb.com\/sk\/wp-json\/wp\/v2\/types\/page"}],"author":[{"embeddable":true,"href":"https:\/\/moverdb.com\/sk\/wp-json\/wp\/v2\/users\/4"}],"replies":[{"embeddable":true,"href":"https:\/\/moverdb.com\/sk\/wp-json\/wp\/v2\/comments?post=10227"}],"version-history":[{"count":1,"href":"https:\/\/moverdb.com\/sk\/wp-json\/wp\/v2\/pages\/10227\/revisions"}],"predecessor-version":[{"id":10228,"href":"https:\/\/moverdb.com\/sk\/wp-json\/wp\/v2\/pages\/10227\/revisions\/10228"}],"up":[{"embeddable":true,"href":"https:\/\/moverdb.com\/sk\/wp-json\/wp\/v2\/pages\/190"}],"wp:featuredmedia":[{"embeddable":true,"href":"https:\/\/moverdb.com\/sk\/wp-json\/wp\/v2\/media\/10106"}],"wp:attachment":[{"href":"https:\/\/moverdb.com\/sk\/wp-json\/wp\/v2\/media?parent=10227"}],"curies":[{"name":"wp","href":"https:\/\/api.w.org\/{rel}","templated":true}]}}