{"id":10217,"date":"2023-06-22T15:53:33","date_gmt":"2023-06-22T15:53:33","guid":{"rendered":"https:\/\/moverdb.com\/?page_id=10217"},"modified":"2026-01-08T15:30:16","modified_gmt":"2026-01-08T15:30:16","slug":"moving-companies-sudan","status":"publish","type":"page","link":"https:\/\/moverdb.com\/sk\/moving-companies\/moving-companies-sudan\/","title":{"rendered":"Najlep\u0161ie medzin\u00e1rodn\u00e9 s\u0165ahovacie spolo\u010dnosti v Sud\u00e1ne"},"content":{"rendered":"<p>S\u0165ahovanie m\u00f4\u017ee by\u0165 stresuj\u00facim obdob\u00edm, preto\u017ee je potrebn\u00e9 urobi\u0165 a zorganizova\u0165 ve\u013ea vec\u00ed, najm\u00e4 ak sa s\u0165ahujete. Preto vyu\u017eite slu\u017eby <a href=\"https:\/\/moverdb.com\/sk\/moving-companies\/\" data-internallinksmanager029f6b8e52c=\"79\" title=\"Top 25 medzin\u00e1rodn\u00fdch s\u0165ahovac\u00edch spolo\u010dnost\u00ed online\">s\u0165ahovacia spolo\u010dnos\u0165<\/a> v\u00e1m to m\u00f4\u017ee u\u013eah\u010di\u0165. Ni\u017e\u0161ie sme zostavili zoznam sud\u00e1nskych <a href=\"https:\/\/moverdb.com\/sk\/international-removals\/\" data-internallinksmanager029f6b8e52c=\"27\" title=\"36 najlep\u0161\u00edch medzin\u00e1rodn\u00fdch s\u0165ahovac\u00edch spolo\u010dnost\u00ed v Spojenom kr\u00e1\u013eovstve\">s\u0165ahovacie spolo\u010dnosti<\/a> ktor\u00e9 s\u00fa \u010dlenmi <a href=\"https:\/\/moverdb.com\/sk\/iam\/\" data-internallinksmanager029f6b8e52c=\"23\" title=\"Vysvetlenie Medzin\u00e1rodnej asoci\u00e1cie s\u0165ahovate\u013eov (IAM)\">Medzin\u00e1rodn\u00e1 asoci\u00e1cia s\u0165ahovate\u013eov<\/a> (IAM) a\/alebo <a href=\"https:\/\/moverdb.com\/sk\/fidi-faim\/\" data-internallinksmanager029f6b8e52c=\"16\" title=\"Vysvetlenie FIDI a FAIM (FIDI akreditovan\u00fd medzin\u00e1rodn\u00fd prepravca)\">FIDI<\/a> Akreditovan\u00fd medzin\u00e1rodn\u00fd prepravca (FAIM), ktor\u00fd by v\u00e1m mohol pom\u00f4c\u0165 pri s\u0165ahovan\u00ed.<\/p>\n<h2><strong>Premiestnenie spolo\u010dnosti Ganbert<\/strong><\/h2>\n<p><img loading=\"lazy\" decoding=\"async\" class=\"alignnone size-full wp-image-10124\" src=\"https:\/\/moverdb.com\/wp-content\/uploads\/Ganbert-Relocation-international-moving-company.png\" alt=\"Ganbert Relocation medzin\u00e1rodn\u00e9 s\u0165ahovanie spolo\u010dnos\u0165\" width=\"1440\" height=\"679\" data-wp-pid=\"10124\" srcset=\"https:\/\/moverdb.com\/wp-content\/uploads\/Ganbert-Relocation-international-moving-company.png 1440w, https:\/\/moverdb.com\/wp-content\/uploads\/Ganbert-Relocation-international-moving-company-300x141.png 300w, https:\/\/moverdb.com\/wp-content\/uploads\/Ganbert-Relocation-international-moving-company-1024x483.png 1024w, https:\/\/moverdb.com\/wp-content\/uploads\/Ganbert-Relocation-international-moving-company-18x8.png 18w, https:\/\/moverdb.com\/wp-content\/uploads\/Ganbert-Relocation-international-moving-company-600x283.png 600w\" sizes=\"auto, (max-width: 1440px) 100vw, 1440px\" \/><\/p>\n<ul>\n<li>N\u00e1rodn\u00e9 presuny<\/li>\n<li>Medzin\u00e1rodn\u00e9 premiestnenia<\/li>\n<li>S\u0165ahovanie dom\u00e1cnost\u00ed<\/li>\n<li>Cestn\u00e1, leteck\u00e1 a n\u00e1morn\u00e1 n\u00e1kladn\u00e1 doprava<\/li>\n<li>Coln\u00e9 konanie<\/li>\n<li>Preprava dom\u00e1cich zvierat a vozidiel<\/li>\n<li>Podpora pris\u0165ahovalectva<\/li>\n<li>Letiskov\u00e9 slu\u017eby<\/li>\n<li>Poistenie<\/li>\n<li>Skladovacie zariadenia<\/li>\n<\/ul>\n<p>Ganbert Relocation je spolo\u010dnos\u0165, ktor\u00e1 bola zalo\u017een\u00e1 v roku 1926 v <a href=\"https:\/\/moverdb.com\/sk\/top-49-container-ports\/\" data-internallinksmanager029f6b8e52c=\"80\" title=\"49 najv\u00e4\u010d\u0161\u00edch a najvy\u0165a\u017eenej\u0161\u00edch kontajnerov\u00fdch pr\u00edstavov v roku 2025\">Pr\u00edstav<\/a> Sud\u00e1n. S\u00fa \u010dlenom IAM s 39-ro\u010dnou trad\u00edciou, ktor\u00e1 im umo\u017e\u0148uje pr\u00edstup k medzin\u00e1rodnej sieti s\u0165ahovac\u00edch agentov, ktor\u00ed im pom\u00e1haj\u00fa pri s\u0165ahovan\u00ed do in\u00fdch kraj\u00edn.<\/p>\n<p>Spolo\u010dnos\u0165 Ganbert Relocation pon\u00faka s\u0165ahovacie slu\u017eby na vn\u00fatro\u0161t\u00e1tnej a medzin\u00e1rodnej \u00farovni pre osobn\u00e9 veci, umeleck\u00e9 predmety, dom\u00e1ce zvierat\u00e1 a vozidl\u00e1. Zabezpe\u010d\u00ed prepravu cestnou, leteckou alebo n\u00e1mornou dopravou na miesto ur\u010denia a pom\u00f4\u017ee s coln\u00fdm odbaven\u00edm. Pon\u00fakaj\u00fa aj \u010fal\u0161ie slu\u017eby, medzi ktor\u00e9 patr\u00ed poistenie, skladovanie, imigra\u010dn\u00e1 podpora a letiskov\u00e9 slu\u017eby.<\/p>\n<p>Webov\u00e1 lokalita: <a href=\"http:\/\/www.ganbert.com\" target=\"_blank\" rel=\"noopener\">http:\/\/www.ganbert.com<\/a><\/p>","protected":false},"excerpt":{"rendered":"<p>Moving can be a stressful time as there is so much to do and organise especially if you are emigrating. Therefore employing the service of a moving company can assist you in making it much easier. Below we have compiled a list of Sudan based removal companies that are members of the International Association of [&hellip;]<\/p>\n","protected":false},"author":4,"featured_media":10124,"parent":190,"menu_order":0,"comment_status":"closed","ping_status":"closed","template":"","meta":{"_genesis_hide_title":false,"_genesis_hide_breadcrumbs":false,"_genesis_hide_singular_image":false,"_genesis_hide_footer_widgets":false,"_genesis_custom_body_class":"","_genesis_custom_post_class":"","_genesis_layout":"","footnotes":""},"class_list":{"0":"post-10217","1":"page","2":"type-page","3":"status-publish","4":"has-post-thumbnail","6":"entry"},"_links":{"self":[{"href":"https:\/\/moverdb.com\/sk\/wp-json\/wp\/v2\/pages\/10217","targetHints":{"allow":["GET"]}}],"collection":[{"href":"https:\/\/moverdb.com\/sk\/wp-json\/wp\/v2\/pages"}],"about":[{"href":"https:\/\/moverdb.com\/sk\/wp-json\/wp\/v2\/types\/page"}],"author":[{"embeddable":true,"href":"https:\/\/moverdb.com\/sk\/wp-json\/wp\/v2\/users\/4"}],"replies":[{"embeddable":true,"href":"https:\/\/moverdb.com\/sk\/wp-json\/wp\/v2\/comments?post=10217"}],"version-history":[{"count":1,"href":"https:\/\/moverdb.com\/sk\/wp-json\/wp\/v2\/pages\/10217\/revisions"}],"predecessor-version":[{"id":10218,"href":"https:\/\/moverdb.com\/sk\/wp-json\/wp\/v2\/pages\/10217\/revisions\/10218"}],"up":[{"embeddable":true,"href":"https:\/\/moverdb.com\/sk\/wp-json\/wp\/v2\/pages\/190"}],"wp:featuredmedia":[{"embeddable":true,"href":"https:\/\/moverdb.com\/sk\/wp-json\/wp\/v2\/media\/10124"}],"wp:attachment":[{"href":"https:\/\/moverdb.com\/sk\/wp-json\/wp\/v2\/media?parent=10217"}],"curies":[{"name":"wp","href":"https:\/\/api.w.org\/{rel}","templated":true}]}}