{"id":10215,"date":"2023-06-22T15:54:43","date_gmt":"2023-06-22T15:54:43","guid":{"rendered":"https:\/\/moverdb.com\/?page_id=10215"},"modified":"2026-01-08T15:29:29","modified_gmt":"2026-01-08T15:29:29","slug":"moving-companies-sri-lanka","status":"publish","type":"page","link":"https:\/\/moverdb.com\/sk\/moving-companies\/moving-companies-sri-lanka\/","title":{"rendered":"7 najlep\u0161\u00edch medzin\u00e1rodn\u00fdch s\u0165ahovac\u00edch spolo\u010dnost\u00ed na Sr\u00ed Lanke"},"content":{"rendered":"<p>Pl\u00e1nujete sa pres\u0165ahova\u0165? Potom mo\u017eno budete chcie\u0165 vyu\u017ei\u0165 slu\u017eby <a href=\"https:\/\/moverdb.com\/sk\/moving-companies\/\" data-internallinksmanager029f6b8e52c=\"79\" title=\"Top 25 medzin\u00e1rodn\u00fdch s\u0165ahovac\u00edch spolo\u010dnost\u00ed online\">s\u0165ahovacia spolo\u010dnos\u0165<\/a> preto\u017ee v\u00e1m m\u00f4\u017eu pom\u00f4c\u0165 s balen\u00edm, prepravou a coln\u00fdmi \u00fakonmi pri s\u0165ahovan\u00ed do zahrani\u010dia. Ni\u017e\u0161ie sme zostavili zoznam firiem so s\u00eddlom na Sr\u00ed Lanke <a href=\"https:\/\/moverdb.com\/sk\/international-removals\/\" data-internallinksmanager029f6b8e52c=\"27\" title=\"36 najlep\u0161\u00edch medzin\u00e1rodn\u00fdch s\u0165ahovac\u00edch spolo\u010dnost\u00ed v Spojenom kr\u00e1\u013eovstve\">s\u0165ahovacie spolo\u010dnosti<\/a> ktor\u00e9 s\u00fa \u010dlenmi <a href=\"https:\/\/moverdb.com\/sk\/iam\/\" data-internallinksmanager029f6b8e52c=\"23\" title=\"Vysvetlenie Medzin\u00e1rodnej asoci\u00e1cie s\u0165ahovate\u013eov (IAM)\">Medzin\u00e1rodn\u00e1 asoci\u00e1cia s\u0165ahovate\u013eov<\/a> (IAM) a\/alebo <a href=\"https:\/\/moverdb.com\/sk\/fidi-faim\/\" data-internallinksmanager029f6b8e52c=\"16\" title=\"Vysvetlenie FIDI a FAIM (FIDI akreditovan\u00fd medzin\u00e1rodn\u00fd prepravca)\">FIDI<\/a> Akreditovan\u00fd medzin\u00e1rodn\u00fd prepravca (FAIM), ktor\u00fd by v\u00e1m mohol pom\u00f4c\u0165 pri s\u0165ahovan\u00ed.<\/p>\n<div id=\"ez-toc-container\" class=\"ez-toc-v2_0_82_2 ez-toc-wrap-left counter-hierarchy ez-toc-counter ez-toc-transparent ez-toc-container-direction\">\n<div class=\"ez-toc-title-container\">\n<p class=\"ez-toc-title\" style=\"cursor:inherit\">Sekcie<\/p>\n<span class=\"ez-toc-title-toggle\"><a href=\"#\" class=\"ez-toc-pull-right ez-toc-btn ez-toc-btn-xs ez-toc-btn-default ez-toc-toggle\" aria-label=\"Prep\u00ednanie tabu\u013eky obsahu\"><span class=\"ez-toc-js-icon-con\"><span class=\"\"><span class=\"eztoc-hide\" style=\"display:none;\">Prep\u00edna\u010d<\/span><span class=\"ez-toc-icon-toggle-span\"><svg style=\"fill: #999;color:#999\" xmlns=\"http:\/\/www.w3.org\/2000\/svg\" class=\"list-377408\" width=\"20px\" height=\"20px\" viewbox=\"0 0 24 24\" fill=\"none\"><path d=\"M6 6H4v2h2V6zm14 0H8v2h12V6zM4 11h2v2H4v-2zm16 0H8v2h12v-2zM4 16h2v2H4v-2zm16 0H8v2h12v-2z\" fill=\"currentColor\"><\/path><\/svg><svg style=\"fill: #999;color:#999\" class=\"arrow-unsorted-368013\" xmlns=\"http:\/\/www.w3.org\/2000\/svg\" width=\"10px\" height=\"10px\" viewbox=\"0 0 24 24\" version=\"1.2\" baseprofile=\"tiny\"><path d=\"M18.2 9.3l-6.2-6.3-6.2 6.3c-.2.2-.3.4-.3.7s.1.5.3.7c.2.2.4.3.7.3h11c.3 0 .5-.1.7-.3.2-.2.3-.5.3-.7s-.1-.5-.3-.7zM5.8 14.7l6.2 6.3 6.2-6.3c.2-.2.3-.5.3-.7s-.1-.5-.3-.7c-.2-.2-.4-.3-.7-.3h-11c-.3 0-.5.1-.7.3-.2.2-.3.5-.3.7s.1.5.3.7z\"\/><\/svg><\/span><\/span><\/span><\/a><\/span><\/div>\n<nav><ul class='ez-toc-list ez-toc-list-level-1 eztoc-toggle-hide-by-default' ><li class='ez-toc-page-1 ez-toc-heading-level-2'><a class=\"ez-toc-link ez-toc-heading-1\" href=\"https:\/\/moverdb.com\/sk\/moving-companies\/moving-companies-sri-lanka\/#1_Aitken_Spence\" >1. Aitken Spence<\/a><\/li><li class='ez-toc-page-1 ez-toc-heading-level-2'><a class=\"ez-toc-link ez-toc-heading-2\" href=\"https:\/\/moverdb.com\/sk\/moving-companies\/moving-companies-sri-lanka\/#2_Asian_Movers\" >2. \u00c1zijsk\u00ed s\u0165ahov\u00e1ci<\/a><\/li><li class='ez-toc-page-1 ez-toc-heading-level-2'><a class=\"ez-toc-link ez-toc-heading-3\" href=\"https:\/\/moverdb.com\/sk\/moving-companies\/moving-companies-sri-lanka\/#3_Don_Carolis_Sons\" >3. Don Carolis &amp; Sons<\/a><\/li><li class='ez-toc-page-1 ez-toc-heading-level-2'><a class=\"ez-toc-link ez-toc-heading-4\" href=\"https:\/\/moverdb.com\/sk\/moving-companies\/moving-companies-sri-lanka\/#4_Horizon_Relocations\" >4. Premiestnenie Horizontu<\/a><\/li><li class='ez-toc-page-1 ez-toc-heading-level-2'><a class=\"ez-toc-link ez-toc-heading-5\" href=\"https:\/\/moverdb.com\/sk\/moving-companies\/moving-companies-sri-lanka\/#5_Trans_World_Movers\" >5. Trans World Movers<\/a><\/li><li class='ez-toc-page-1 ez-toc-heading-level-2'><a class=\"ez-toc-link ez-toc-heading-6\" href=\"https:\/\/moverdb.com\/sk\/moving-companies\/moving-companies-sri-lanka\/#6_Trans-Global_Relocations\" >6. Transglob\u00e1lne premiestnenia<\/a><\/li><li class='ez-toc-page-1 ez-toc-heading-level-2'><a class=\"ez-toc-link ez-toc-heading-7\" href=\"https:\/\/moverdb.com\/sk\/moving-companies\/moving-companies-sri-lanka\/#7_Worldwide_Movers\" >7. Celosvetov\u00e9 s\u0165ahovanie<\/a><\/li><\/ul><\/nav><\/div>\n<h2><span class=\"ez-toc-section\" id=\"1_Aitken_Spence\"><\/span><strong>1. Aitken Spence<\/strong><span class=\"ez-toc-section-end\"><\/span><\/h2>\n<p><img loading=\"lazy\" decoding=\"async\" class=\"alignnone size-full wp-image-10071\" src=\"https:\/\/moverdb.com\/wp-content\/uploads\/Aitken-Spence-international-moving-company.png\" alt=\"Aitken Spence medzin\u00e1rodn\u00e9 s\u0165ahovanie spolo\u010dnos\u0165\" width=\"1440\" height=\"676\" data-wp-pid=\"10071\" srcset=\"https:\/\/moverdb.com\/wp-content\/uploads\/Aitken-Spence-international-moving-company.png 1440w, https:\/\/moverdb.com\/wp-content\/uploads\/Aitken-Spence-international-moving-company-300x141.png 300w, https:\/\/moverdb.com\/wp-content\/uploads\/Aitken-Spence-international-moving-company-1024x481.png 1024w, https:\/\/moverdb.com\/wp-content\/uploads\/Aitken-Spence-international-moving-company-18x8.png 18w, https:\/\/moverdb.com\/wp-content\/uploads\/Aitken-Spence-international-moving-company-600x282.png 600w\" sizes=\"auto, (max-width: 1440px) 100vw, 1440px\" \/><\/p>\n<ul>\n<li>N\u00e1rodn\u00e9 presuny<\/li>\n<li>Medzin\u00e1rodn\u00e9 s\u0165ahovanie<\/li>\n<li>S\u0165ahovanie dom\u00e1cnost\u00ed<\/li>\n<li>Logistika spolo\u010dnosti<\/li>\n<li>V\u00fdstavn\u00e9 slu\u017eby<\/li>\n<li>Komplexn\u00e9 rie\u0161enia<\/li>\n<li>Leteck\u00e1, n\u00e1morn\u00e1 a pozemn\u00e1 n\u00e1kladn\u00e1 doprava<\/li>\n<li>Coln\u00e9 konanie<\/li>\n<li>Premiest\u0148ovanie dom\u00e1cich zvierat<\/li>\n<li>Skladovacie zariadenia<\/li>\n<\/ul>\n<p>Spolo\u010dnos\u0165 Aitken Spence je viacodvetvov\u00e1 spolo\u010dnos\u0165, ktor\u00e1 p\u00f4sob\u00ed od roku 1868 a m\u00e1 zast\u00fapenie v \u00f4smich krajin\u00e1ch vr\u00e1tane Kolomba na Sr\u00ed Lanke. Medzi ich \u0161pedi\u010dn\u00e9 \u010dinnosti patr\u00ed s\u0165ahovanie a premiest\u0148ovanie. Na svoju podporu vyu\u017e\u00edvaj\u00fa vlastn\u00e9 pobo\u010dky a glob\u00e1lnu sie\u0165 obchodn\u00fdch a logistick\u00fdch spolo\u010dnost\u00ed. S\u00fa \u010dlenom IAM so 44-ro\u010dnou trad\u00edciou.<\/p>\n<p>Spolo\u010dnos\u0165 Aitken Spence pon\u00faka komplexn\u00e9 integrovan\u00e9 rie\u0161enia so svojou glob\u00e1lnou pr\u00edtomnos\u0165ou. Poskytuje bezprobl\u00e9mov\u00e9 s\u0165ahovacie a s\u0165ahovacie slu\u017eby pre dom\u00e1cnosti, ktor\u00e9 sa s\u0165ahuj\u00fa kdeko\u013evek na svete. Dok\u00e1\u017eu pres\u0165ahova\u0165 va\u0161e veci a dom\u00e1ce zvierat\u00e1 do v\u00e1\u0161ho nov\u00e9ho domova. Zabezpe\u010dia prepravu s coln\u00fdm odbaven\u00edm.<\/p>\n<p>Webov\u00e1 lokalita: <a href=\"http:\/\/www.acecargo.lk\" target=\"_blank\" rel=\"noopener\">http:\/\/www.acecargo.lk<\/a><\/p>\n<h2><span class=\"ez-toc-section\" id=\"2_Asian_Movers\"><\/span><strong>2. \u00c1zijsk\u00ed s\u0165ahov\u00e1ci<\/strong><span class=\"ez-toc-section-end\"><\/span><\/h2>\n<p><img loading=\"lazy\" decoding=\"async\" class=\"alignnone size-full wp-image-10079\" src=\"https:\/\/moverdb.com\/wp-content\/uploads\/Asian-Movers-international-moving-company.png\" alt=\"\u00c1zijsk\u00e9 Movers medzin\u00e1rodn\u00e9 pohybuj\u00face sa spolo\u010dnos\u0165\" width=\"1440\" height=\"681\" data-wp-pid=\"10079\" srcset=\"https:\/\/moverdb.com\/wp-content\/uploads\/Asian-Movers-international-moving-company.png 1440w, https:\/\/moverdb.com\/wp-content\/uploads\/Asian-Movers-international-moving-company-300x142.png 300w, https:\/\/moverdb.com\/wp-content\/uploads\/Asian-Movers-international-moving-company-1024x484.png 1024w, https:\/\/moverdb.com\/wp-content\/uploads\/Asian-Movers-international-moving-company-18x9.png 18w, https:\/\/moverdb.com\/wp-content\/uploads\/Asian-Movers-international-moving-company-600x284.png 600w\" sizes=\"auto, (max-width: 1440px) 100vw, 1440px\" \/><\/p>\n<ul>\n<li>Miestne a vn\u00fatro\u0161t\u00e1tne s\u0165ahovanie<\/li>\n<li>Medzin\u00e1rodn\u00e9 s\u0165ahovanie<\/li>\n<li>S\u0165ahovanie dom\u00e1cnost\u00ed<\/li>\n<li>S\u0165ahovanie firiem a kancel\u00e1ri\u00ed<\/li>\n<li>Slu\u017eba od dver\u00ed k dver\u00e1m<\/li>\n<li>Baliace slu\u017eby<\/li>\n<li>Cestn\u00e1, n\u00e1morn\u00e1 a leteck\u00e1 doprava<\/li>\n<li>Coln\u00e9 konanie<\/li>\n<li>Poistenie<\/li>\n<li>Rie\u0161enia na ukladanie<\/li>\n<\/ul>\n<p>Asian Movers je spolo\u010dnos\u0165 zalo\u017een\u00e1 na Sr\u00ed Lanke, ktor\u00e1 poskytuje rie\u0161enia na mieru. <a href=\"https:\/\/moverdb.com\/sk\/moving-to-the-maldives\/\" data-internallinksmanager029f6b8e52c=\"387\" title=\"S\u0165ahujete sa na Maldivy? 2026 N\u00e1klady na b\u00fdvanie a tipy na pres\u0165ahovanie\">Maldivy<\/a> v roku 2013. Ich slu\u017eby maj\u00fa celosvetov\u00fd dosah v\u010faka \u010dlenstvu v medzin\u00e1rodn\u00fdch zdru\u017eeniach pre s\u0165ahovanie. S\u00fa \u010dlenom IAM s 10-ro\u010dnou trad\u00edciou.<\/p>\n<p>Spolo\u010dnos\u0165 Asian Movers pon\u00faka s\u0165ahovacie slu\u017eby na mieru, \u010di u\u017e potrebujete kompletn\u00e9 s\u0165ahovacie slu\u017eby alebo len n\u00e1kladn\u00e9 auto a s\u0165ahov\u00e1kov. Ich slu\u017eby od dver\u00ed k dver\u00e1m m\u00f4\u017eu zah\u0155\u0148a\u0165 bezpe\u010dn\u00e9 zabalenie v\u0161etk\u00fdch va\u0161ich vec\u00ed a vytvorenie s\u00fapisu, nalo\u017eenie, prepravu na miesto ur\u010denia a vylo\u017eenie. Pom\u00e1haj\u00fa s n\u00e1kladom a colnou dokument\u00e1ciou, ako aj s poisten\u00edm.<\/p>\n<p>Webov\u00e1 lokalita: <a href=\"http:\/\/www.asianmovers.com\/\" target=\"_blank\" rel=\"noopener\">http:\/\/www.asianmovers.com\/<\/a><\/p>\n<h2><span class=\"ez-toc-section\" id=\"3_Don_Carolis_Sons\"><\/span><strong>3. Don Carolis &amp; Sons<\/strong><span class=\"ez-toc-section-end\"><\/span><\/h2>\n<p><em><img loading=\"lazy\" decoding=\"async\" class=\"alignnone size-full wp-image-10102\" src=\"https:\/\/moverdb.com\/wp-content\/uploads\/Don-Carolis-Sons-international-moving-company.png\" alt=\"Don Carolis &amp; Sons medzin\u00e1rodn\u00e1 pohybliv\u00e1 spolo\u010dnos\u0165\" width=\"1440\" height=\"679\" data-wp-pid=\"10102\" srcset=\"https:\/\/moverdb.com\/wp-content\/uploads\/Don-Carolis-Sons-international-moving-company.png 1440w, https:\/\/moverdb.com\/wp-content\/uploads\/Don-Carolis-Sons-international-moving-company-300x141.png 300w, https:\/\/moverdb.com\/wp-content\/uploads\/Don-Carolis-Sons-international-moving-company-1024x483.png 1024w, https:\/\/moverdb.com\/wp-content\/uploads\/Don-Carolis-Sons-international-moving-company-18x8.png 18w, https:\/\/moverdb.com\/wp-content\/uploads\/Don-Carolis-Sons-international-moving-company-600x283.png 600w\" sizes=\"auto, (max-width: 1440px) 100vw, 1440px\" \/><\/em><\/p>\n<ul>\n<li>N\u00e1rodn\u00e9 presuny<\/li>\n<li>Medzin\u00e1rodn\u00e9 s\u0165ahovanie<\/li>\n<li>S\u0165ahovanie dom\u00e1cnost\u00ed<\/li>\n<li>Organiza\u010dn\u00e9 zmeny<\/li>\n<li>Slu\u017eby na mieru<\/li>\n<li>Koordin\u00e1tor presunu<\/li>\n<li>Baliace slu\u017eby<\/li>\n<li>Dopravn\u00e9 opatrenia<\/li>\n<li>Mo\u017enosti vybalenia<\/li>\n<li>Plnohodnotn\u00e1 ochrana<\/li>\n<\/ul>\n<p>Spolo\u010dnos\u0165 Don Carolis &amp; Sons je v\u00fdrobca, predajca a v\u00fdvozca n\u00e1bytku, ktor\u00fd p\u00f4sob\u00ed u\u017e viac ako 150 rokov a s\u00eddli v Kolombe. Je \u010dlenom IAM, v\u010faka \u010domu m\u00e1 pr\u00edstup k medzin\u00e1rodnej sieti s\u0165ahovac\u00edch agentov, ktor\u00ed ho podporuj\u00fa pri medzin\u00e1rodn\u00fdch s\u0165ahovaniach.<\/p>\n<p>Spolo\u010dnos\u0165 Don Carolis &amp; Sons pon\u00faka baliace slu\u017eby prisp\u00f4soben\u00e9 va\u0161im potreb\u00e1m z h\u013eadiska \u010dasov\u00e9ho harmonogramu, rozpo\u010dtu a vec\u00ed, ako aj koordin\u00e1tora s\u0165ahovania, ktor\u00fd v\u00e1s bude podporova\u0165 po\u010das cel\u00e9ho s\u0165ahovania. Pri v\u0161etk\u00fdch svojich pl\u00e1noch sa postaraj\u00fa o va\u0161e veci vr\u00e1tane nakladania, prepravy a vykladania. Ich pl\u00e1ny zah\u0155\u0148aj\u00fa va\u0161e vybalenie, \u010diasto\u010dn\u00e9 vybalenie a umiestnenie n\u00e1bytku a kompletn\u00e9 vybalenie.<\/p>\n<p>Webov\u00e1 lokalita: <a href=\"http:\/\/www.doncarolis.com\" target=\"_blank\" rel=\"noopener\">http:\/\/www.doncarolis.com<\/a><\/p>\n<h2><span class=\"ez-toc-section\" id=\"4_Horizon_Relocations\"><\/span><strong>4. Premiestnenie Horizontu<\/strong><span class=\"ez-toc-section-end\"><\/span><\/h2>\n<p><img loading=\"lazy\" decoding=\"async\" class=\"alignnone size-full wp-image-10136\" src=\"https:\/\/moverdb.com\/wp-content\/uploads\/Horizon-Relocations-international-moving-company.png\" alt=\"Horizon Relocations medzin\u00e1rodn\u00e9 s\u0165ahovanie spolo\u010dnos\u0165\" width=\"1440\" height=\"626\" data-wp-pid=\"10136\" srcset=\"https:\/\/moverdb.com\/wp-content\/uploads\/Horizon-Relocations-international-moving-company.png 1440w, https:\/\/moverdb.com\/wp-content\/uploads\/Horizon-Relocations-international-moving-company-300x130.png 300w, https:\/\/moverdb.com\/wp-content\/uploads\/Horizon-Relocations-international-moving-company-1024x445.png 1024w, https:\/\/moverdb.com\/wp-content\/uploads\/Horizon-Relocations-international-moving-company-18x8.png 18w, https:\/\/moverdb.com\/wp-content\/uploads\/Horizon-Relocations-international-moving-company-600x261.png 600w\" sizes=\"auto, (max-width: 1440px) 100vw, 1440px\" \/><\/p>\n<ul>\n<li>Miestne a vn\u00fatro\u0161t\u00e1tne s\u0165ahovanie<\/li>\n<li>Medzin\u00e1rodn\u00e9 premiestnenia<\/li>\n<li>S\u0165ahovanie dom\u00e1cnost\u00ed<\/li>\n<li>Dodanie osobn\u00fdch vec\u00ed<\/li>\n<li>Slu\u017eba od dver\u00ed k dver\u00e1m<\/li>\n<li>Balenie<\/li>\n<li>Dohody o preprave tovaru<\/li>\n<li>Coln\u00e9 konanie<\/li>\n<li>Poistenie<\/li>\n<li>Skladovacie zariadenia<\/li>\n<\/ul>\n<p>Horizon Relocations je vn\u00fatro\u0161t\u00e1tna a medzin\u00e1rodn\u00e1 spolo\u010dnos\u0165 zaoberaj\u00faca sa s\u0165ahovan\u00edm a premiest\u0148ovan\u00edm so s\u00eddlom v Kolombe. Je \u010dlenom IAM, \u010do jej umo\u017e\u0148uje pr\u00edstup k medzin\u00e1rodnej sieti s\u0165ahovac\u00edch agentov, ktor\u00ed jej m\u00f4\u017eu pom\u00f4c\u0165 pri poskytovan\u00ed medzin\u00e1rodn\u00fdch slu\u017eieb.<\/p>\n<p>Spolo\u010dnos\u0165 Horizon Relocations pon\u00faka s\u0165ahovacie slu\u017eby od dver\u00ed k dver\u00e1m pre miestne, vn\u00fatro\u0161t\u00e1tne a medzin\u00e1rodn\u00e9 s\u0165ahovanie osobn\u00fdch vec\u00ed a vec\u00ed pre dom\u00e1cnos\u0165. Poskytuj\u00fa slu\u017eby pre mal\u00e9 a\u017e ve\u013ek\u00e9 objemy predmetov, ktor\u00e9 m\u00f4\u017eu zah\u0155\u0148a\u0165 balenie a obaly na ochranu predmetov po\u010das prepravy, aby sa dostali do bezpe\u010dia. Zabezpe\u010dia prepravu va\u0161ich vec\u00ed prostredn\u00edctvom prepravy alebo dopravy do miesta ur\u010denia s coln\u00fdm odbaven\u00edm.<\/p>\n<p>Webov\u00e1 lokalita: <a href=\"http:\/\/www.horizonrelocations.lk\" target=\"_blank\" rel=\"noopener\">http:\/\/www.horizonrelocations.lk<\/a><\/p>\n<h2><span class=\"ez-toc-section\" id=\"5_Trans_World_Movers\"><\/span><strong>5. Trans World Movers<\/strong><span class=\"ez-toc-section-end\"><\/span><\/h2>\n<p><img loading=\"lazy\" decoding=\"async\" class=\"alignnone size-full wp-image-10196\" src=\"https:\/\/moverdb.com\/wp-content\/uploads\/Trans-World-Movers-international-moving-company.png\" alt=\"Trans World Movers medzin\u00e1rodn\u00e9 s\u0165ahovanie spolo\u010dnos\u0165\" width=\"1440\" height=\"675\" data-wp-pid=\"10196\" srcset=\"https:\/\/moverdb.com\/wp-content\/uploads\/Trans-World-Movers-international-moving-company.png 1440w, https:\/\/moverdb.com\/wp-content\/uploads\/Trans-World-Movers-international-moving-company-300x141.png 300w, https:\/\/moverdb.com\/wp-content\/uploads\/Trans-World-Movers-international-moving-company-1024x480.png 1024w, https:\/\/moverdb.com\/wp-content\/uploads\/Trans-World-Movers-international-moving-company-18x8.png 18w, https:\/\/moverdb.com\/wp-content\/uploads\/Trans-World-Movers-international-moving-company-600x281.png 600w\" sizes=\"auto, (max-width: 1440px) 100vw, 1440px\" \/><\/p>\n<ul>\n<li>Miestne s\u0165ahovanie<\/li>\n<li>Medzin\u00e1rodn\u00e9 s\u0165ahovanie<\/li>\n<li>S\u0165ahovanie dom\u00e1cnost\u00ed<\/li>\n<li>S\u0165ahovanie firiem<\/li>\n<li>Rie\u0161enia od dver\u00ed k dver\u00e1m<\/li>\n<li>Baliace slu\u017eby<\/li>\n<li>Leteck\u00e1, n\u00e1morn\u00e1 a cestn\u00e1 doprava<\/li>\n<li>Coln\u00e9 konanie<\/li>\n<li>Preprava vozidiel a dom\u00e1cich zvierat<\/li>\n<li>Skladovacie zariadenia<\/li>\n<\/ul>\n<p>Trans World Movers je spolo\u010dnos\u0165 so s\u00eddlom v Kolombe, ktor\u00e1 bola zalo\u017een\u00e1 v roku 1973 a poskytuje slu\u017eby jednotlivcom, diplomatom a firm\u00e1m. M\u00e1 vybudovan\u00fa sie\u0165 z\u00e1stupcov a agentov po celom svete, ktor\u00ed im pom\u00e1haj\u00fa pri medzin\u00e1rodn\u00fdch s\u0165ahovaniach. S\u00fa \u010dlenom IAM s 50-ro\u010dnou trad\u00edciou.<\/p>\n<p>Spolo\u010dnos\u0165 Trans World Movers pon\u00faka miestne a medzin\u00e1rodn\u00e9 s\u0165ahovacie slu\u017eby od dver\u00ed k dver\u00e1m. Poskytuj\u00fa baliace slu\u017eby, ktor\u00e9 sp\u013a\u0148aj\u00fa medzin\u00e1rodn\u00e9 normy na ochranu prepravovan\u00fdch predmetov. Zabezpe\u010dia prepravu va\u0161ich vec\u00ed cestnou, leteckou a n\u00e1mornou dopravou s coln\u00fdm odbaven\u00edm. Pon\u00fakaj\u00fa aj \u010fal\u0161ie slu\u017eby, ktor\u00e9 zah\u0155\u0148aj\u00fa manipul\u00e1ciu so zvieratami, <a href=\"https:\/\/moverdb.com\/sk\/car-transport-shipping\/\" data-internallinksmanager029f6b8e52c=\"2\" title=\"2026 Medzin\u00e1rodn\u00e1 preprava \u00e1ut a cit\u00e1cie prepravy vozidiel\">preprava vozidiel<\/a> a rie\u0161enia na ukladanie.<\/p>\n<p>Webov\u00e1 lokalita: <a href=\"http:\/\/www.transworldmovers.com\" target=\"_blank\" rel=\"noopener\">http:\/\/www.transworldmovers.com<\/a><\/p>\n<h2><span class=\"ez-toc-section\" id=\"6_Trans-Global_Relocations\"><\/span><strong>6. Transglob\u00e1lne premiestnenia<\/strong><span class=\"ez-toc-section-end\"><\/span><\/h2>\n<p><img loading=\"lazy\" decoding=\"async\" class=\"alignnone size-full wp-image-10197\" src=\"https:\/\/moverdb.com\/wp-content\/uploads\/Trans-Global-Relocations-international-moving-company.png\" alt=\"Trans-Global Relocations medzin\u00e1rodn\u00e9 s\u0165ahovanie spolo\u010dnos\u0165\" width=\"1440\" height=\"681\" data-wp-pid=\"10197\" srcset=\"https:\/\/moverdb.com\/wp-content\/uploads\/Trans-Global-Relocations-international-moving-company.png 1440w, https:\/\/moverdb.com\/wp-content\/uploads\/Trans-Global-Relocations-international-moving-company-300x142.png 300w, https:\/\/moverdb.com\/wp-content\/uploads\/Trans-Global-Relocations-international-moving-company-1024x484.png 1024w, https:\/\/moverdb.com\/wp-content\/uploads\/Trans-Global-Relocations-international-moving-company-18x9.png 18w, https:\/\/moverdb.com\/wp-content\/uploads\/Trans-Global-Relocations-international-moving-company-600x284.png 600w\" sizes=\"auto, (max-width: 1440px) 100vw, 1440px\" \/><\/p>\n<ul>\n<li>Miestne a vn\u00fatro\u0161t\u00e1tne s\u0165ahovanie<\/li>\n<li>Medzin\u00e1rodn\u00e9 s\u0165ahovanie<\/li>\n<li>S\u0165ahovanie dom\u00e1cnost\u00ed<\/li>\n<li>Slu\u017eba od dver\u00ed k dver\u00e1m<\/li>\n<li>Profesion\u00e1lne balenie<\/li>\n<li>N\u00e1morn\u00e9 a leteck\u00e9 z\u00e1sielky<\/li>\n<li>Coln\u00e9 konanie<\/li>\n<li>Premiestnenie dom\u00e1ceho zviera\u0165a<\/li>\n<li>Manipul\u00e1cia s vozidlom<\/li>\n<li>Bezpe\u010dn\u00e9 ukladanie<\/li>\n<\/ul>\n<p>Trans-Global Relocations je s\u0165ahovacia a premiest\u0148ovacia spolo\u010dnos\u0165 so s\u00eddlom v Kolombe. Je \u010dlenom IAM, ktor\u00e1 jej poskytuje medzin\u00e1rodn\u00fa sie\u0165 s\u0165ahovac\u00edch agentov na pr\u00e1cu pri s\u0165ahovan\u00ed do zahrani\u010dia.<\/p>\n<p>Spolo\u010dnos\u0165 Trans-Global Relocations pon\u00faka prieskum priamo u v\u00e1s doma, aby pos\u00fadila va\u0161e po\u017eiadavky na s\u0165ahovanie, a na z\u00e1klade va\u0161ich potrieb vytvor\u00ed pl\u00e1n s\u0165ahovania, ktor\u00fd bude obsahova\u0165 rady t\u00fdkaj\u00face sa pr\u00edpravy a najv\u00fdhodnej\u0161ieho sp\u00f4sobu s\u0165ahovania. Poskytuj\u00fa slu\u017eby od dver\u00ed k dver\u00e1m, ktor\u00e9 zah\u0155\u0148aj\u00fa profesion\u00e1lne balenie va\u0161ich vec\u00ed, aby sa zabezpe\u010dila ich bezpe\u010dn\u00e1 medzin\u00e1rodn\u00e1 cesta po mori alebo letecky spolu s coln\u00fdm odbaven\u00edm. Pon\u00fakaj\u00fa aj \u010fal\u0161ie slu\u017eby, ktor\u00e9 zah\u0155\u0148aj\u00fa s\u0165ahovanie dom\u00e1cich zvierat, manipul\u00e1ciu s vozidlami a skladovanie.<\/p>\n<p>Webov\u00e1 lokalita: <a href=\"http:\/\/www.t-grelo.com\" target=\"_blank\" rel=\"noopener\">http:\/\/www.t-grelo.com<\/a><\/p>\n<h2><span class=\"ez-toc-section\" id=\"7_Worldwide_Movers\"><\/span><strong>7. Celosvetov\u00e9 s\u0165ahovanie<\/strong><span class=\"ez-toc-section-end\"><\/span><\/h2>\n<p><img loading=\"lazy\" decoding=\"async\" class=\"alignnone size-full wp-image-10209\" src=\"https:\/\/moverdb.com\/wp-content\/uploads\/Worldwide-Movers-international-moving-company.png\" alt=\"Worldwide Movers medzin\u00e1rodn\u00e9 s\u0165ahovanie spolo\u010dnos\u0165\" width=\"1440\" height=\"674\" data-wp-pid=\"10209\" srcset=\"https:\/\/moverdb.com\/wp-content\/uploads\/Worldwide-Movers-international-moving-company.png 1440w, https:\/\/moverdb.com\/wp-content\/uploads\/Worldwide-Movers-international-moving-company-300x140.png 300w, https:\/\/moverdb.com\/wp-content\/uploads\/Worldwide-Movers-international-moving-company-1024x479.png 1024w, https:\/\/moverdb.com\/wp-content\/uploads\/Worldwide-Movers-international-moving-company-18x8.png 18w, https:\/\/moverdb.com\/wp-content\/uploads\/Worldwide-Movers-international-moving-company-600x281.png 600w\" sizes=\"auto, (max-width: 1440px) 100vw, 1440px\" \/><\/p>\n<ul>\n<li>N\u00e1rodn\u00e9 presuny<\/li>\n<li>Medzin\u00e1rodn\u00e9 s\u0165ahovanie<\/li>\n<li>S\u0165ahovanie dom\u00e1cnost\u00ed<\/li>\n<li>Slu\u017eby premiestnenia<\/li>\n<li>Od dver\u00ed k dver\u00e1m alebo od dver\u00ed k dver\u00e1m<a href=\"https:\/\/moverdb.com\/sk\/top-49-container-ports\/\" data-internallinksmanager029f6b8e52c=\"80\" title=\"49 najv\u00e4\u010d\u0161\u00edch a najvy\u0165a\u017eenej\u0161\u00edch kontajnerov\u00fdch pr\u00edstavov v roku 2025\">pr\u00edstav<\/a> slu\u017eba<\/li>\n<li>Baliace slu\u017eby<\/li>\n<li>Pozemn\u00e1, leteck\u00e1 alebo n\u00e1morn\u00e1 preprava<\/li>\n<li>Coln\u00e9 sprostredkovanie<\/li>\n<li>Manipul\u00e1cia s dom\u00e1cimi zvieratami<\/li>\n<li>Preprava vozidiel<\/li>\n<\/ul>\n<p>Worldwide Movers je baliaca a s\u0165ahovacia spolo\u010dnos\u0165, ktor\u00e1 bola zalo\u017een\u00e1 v roku 2009 a s\u00eddli v Kolombe. Je \u010dlenom IAM s 15-ro\u010dnou praxou a tie\u017e \u010dlenom \u00c1zijskej asoci\u00e1cie pre s\u0165ahovanie, pri\u010dom tieto \u010dlenstv\u00e1 im umo\u017e\u0148uj\u00fa poskytova\u0165 s\u0165ahovacie slu\u017eby kdeko\u013evek na svete.<\/p>\n<p>Worldwide Movers pon\u00faka s\u0165ahovanie od dver\u00ed k dver\u00e1m alebo od dver\u00ed k pr\u00edstavu na n\u00e1rodnej a medzin\u00e1rodnej \u00farovni. Poskytuj\u00fa baliace slu\u017eby, ktor\u00e9 zah\u0155\u0148aj\u00fa bezpe\u010dn\u00e9 zabalenie va\u0161ich vec\u00ed, demont\u00e1\u017e a op\u00e4tovn\u00fa mont\u00e1\u017e n\u00e1bytku a zariaden\u00ed. Pom\u00f4\u017eu v\u00e1m aj so s\u0165ahovan\u00edm va\u0161ich vozidiel a dom\u00e1cich zvierat. Poskytuj\u00fa s\u0165ahovacie slu\u017eby, ktor\u00e9 zah\u0155\u0148aj\u00fa vyh\u013ead\u00e1vanie domov a \u0161k\u00f4l, orient\u00e1ciu, prehliadku oblasti a upratovacie slu\u017eby.<\/p>\n<p>Webov\u00e1 lokalita: <a href=\"https:\/\/w-movers.com\/\" target=\"_blank\" rel=\"noopener\">https:\/\/w-movers.com\/<\/a><\/p>","protected":false},"excerpt":{"rendered":"<p>Are you planning on moving? Then you may want to enlist the services of a moving company as they can assist you with packing, transportation and handling customs when moving abroad. Below we have compiled a list of Sri Lanka based removal companies that are members of the International Association of Movers (IAM) and\/or FIDI [&hellip;]<\/p>\n","protected":false},"author":4,"featured_media":10071,"parent":190,"menu_order":0,"comment_status":"closed","ping_status":"closed","template":"","meta":{"_genesis_hide_title":false,"_genesis_hide_breadcrumbs":false,"_genesis_hide_singular_image":false,"_genesis_hide_footer_widgets":false,"_genesis_custom_body_class":"","_genesis_custom_post_class":"","_genesis_layout":"","footnotes":""},"class_list":{"0":"post-10215","1":"page","2":"type-page","3":"status-publish","4":"has-post-thumbnail","6":"entry"},"_links":{"self":[{"href":"https:\/\/moverdb.com\/sk\/wp-json\/wp\/v2\/pages\/10215","targetHints":{"allow":["GET"]}}],"collection":[{"href":"https:\/\/moverdb.com\/sk\/wp-json\/wp\/v2\/pages"}],"about":[{"href":"https:\/\/moverdb.com\/sk\/wp-json\/wp\/v2\/types\/page"}],"author":[{"embeddable":true,"href":"https:\/\/moverdb.com\/sk\/wp-json\/wp\/v2\/users\/4"}],"replies":[{"embeddable":true,"href":"https:\/\/moverdb.com\/sk\/wp-json\/wp\/v2\/comments?post=10215"}],"version-history":[{"count":1,"href":"https:\/\/moverdb.com\/sk\/wp-json\/wp\/v2\/pages\/10215\/revisions"}],"predecessor-version":[{"id":10216,"href":"https:\/\/moverdb.com\/sk\/wp-json\/wp\/v2\/pages\/10215\/revisions\/10216"}],"up":[{"embeddable":true,"href":"https:\/\/moverdb.com\/sk\/wp-json\/wp\/v2\/pages\/190"}],"wp:featuredmedia":[{"embeddable":true,"href":"https:\/\/moverdb.com\/sk\/wp-json\/wp\/v2\/media\/10071"}],"wp:attachment":[{"href":"https:\/\/moverdb.com\/sk\/wp-json\/wp\/v2\/media?parent=10215"}],"curies":[{"name":"wp","href":"https:\/\/api.w.org\/{rel}","templated":true}]}}