{"id":988,"date":"2017-02-24T08:48:27","date_gmt":"2017-02-24T08:48:27","guid":{"rendered":"http:\/\/moverdb.com\/?page_id=988"},"modified":"2026-01-08T14:40:00","modified_gmt":"2026-01-08T14:40:00","slug":"insula-movers","status":"publish","type":"page","link":"https:\/\/moverdb.com\/ro\/island-movers\/","title":{"rendered":"Island Movers - Opinii despre mut\u0103rile interna\u021bionale"},"content":{"rendered":"<p>Island Movers are sediul \u00een Honolulu \u0219i ofer\u0103 clien\u021bilor s\u0103i o gam\u0103 de servicii de mutare care sunt enumerate mai jos, \u00eempreun\u0103 cu un profil de companie \u0219i recenzii. <\/p>\n<p><strong>Muta\u021bii interna\u021bionale - <a href=\"https:\/\/moverdb.com\/ro\/moving-to-the-united-states\/\" data-internallinksmanager029f6b8e52c=\"94\" title=\"V\u0103 muta\u021bi \u00een Statele Unite? 2026 Costurile vie\u021bii \u0219i sfaturi de relocare\">SUA<\/a> \u0219i lumea<\/strong><\/p>\n<ul>\n<li> Coordonator personal de mutare<\/li>\n<li> Serviciu din u\u0219\u0103 \u00een u\u0219\u0103<\/li>\n<li> Auto-ambalare sau serviciu complet de ambalare<\/li>\n<li> Cutii de carton furnizate<\/li>\n<li> Serviciul de despachetare<\/li>\n<li> Transport maritim \u0219i aerian<\/li>\n<li> Asisten\u021b\u0103 la vam\u0103<\/li>\n<li> Asigurare aranjat\u0103<\/li>\n<\/ul>\n<p><strong>Mi\u0219c\u0103ri personale<\/strong><\/p>\n<ul>\n<li> \u00cen cadrul aceleia\u0219i insule - cost \u00een func\u021bie de timp<\/li>\n<li> C\u0103tre o alt\u0103 insul\u0103 - cost \u00een func\u021bie de greutate<\/li>\n<li> La nivel mondial<\/li>\n<li> Auto-ambalare sau serviciu complet de ambalare<\/li>\n<li> Cutii de carton furnizate<\/li>\n<li> Serviciul de despachetare<\/li>\n<li> Depozitare pe termen lung \u0219i scurt disponibil\u0103<\/li>\n<li> Depozitare portabil\u0103 disponibil\u0103<\/li>\n<\/ul>\n<p><strong>Mi\u0219c\u0103ri de afaceri<\/strong><\/p>\n<ul>\n<li> Muta\u021bii mici sau mari<\/li>\n<li> Se recomand\u0103 \u00eempachetarea documentelor proprii<\/li>\n<li> Depozitare pe termen lung \u0219i pe termen scurt disponibil\u0103<\/li>\n<li> Depozitare portabil\u0103 disponibil\u0103<\/li>\n<li> Demontarea \u0219i remontarea mobilierului<\/li>\n<\/ul>\n<p><strong>Alte servicii<\/strong><\/p>\n<ul>\n<li> Facilit\u0103\u021bi de depozitare \u0219i unit\u0103\u021bi de depozitare<\/li>\n<li> Servicii de transport cu camionul \u0219i transport de marf\u0103<\/li>\n<li> Marf\u0103 consolidat\u0103 \u00eentre insule<\/li>\n<li> Servicii de depozitare \u0219i distribu\u021bie<\/li>\n<li> Vama \u0219i agricultura SUA - Sta\u021bia central\u0103 de examinare<\/li>\n<li> Renovarea hotelului <\/li>\n<li> Servicii contractuale de livrare la domiciliu<\/li>\n<li> Servicii de conven\u021bii interna\u021bionale<\/li>\n<li> Sisteme de \u00eenregistrare Pro-File<\/li>\n<li> Servicii de curierat \u0219i servicii de transport cu ma\u0219ini blindate<\/li>\n<li> Depozitarea \u0219i v\u00e2nzarea de containere<\/li>\n<\/ul>\n<h2>Profilul companiei Island Movers<\/h2>\n<p>Island Movers Inc. este o afacere de familie de\u021binut\u0103 \u00een <a href=\"https:\/\/moverdb.com\/ro\/moving-to-the-united-states\/moving-to-hawaii\/\" data-internallinksmanager029f6b8e52c=\"403\" title=\"V\u0103 muta\u021bi \u00een Hawaii? 2026 Costuri de trai \u0219i sfaturi de relocare\">Hawaii<\/a> care a fost \u00eenfiin\u021bat \u00een 1958. \u00cen anii 1960, compania a fost preluat\u0103 de Donald Takaki \u0219i de atunci a r\u0103mas \u00een familie. Este o companie m\u00e2ndr\u0103 din Hawaii, cu leg\u0103turi puternice cu continentul \u0219i la nivel interna\u021bional. Island Movers se num\u0103r\u0103 printre primele 250 de companii din statul Hawaii. Este cea mai mare companie diversificat\u0103 de servicii de transport din regiune. <\/p>\n<p>Island Movers este specializat\u0103 \u00een transporturi generale cu camionul, mut\u0103ri la domiciliu (at\u00e2t la nivel local, c\u00e2t \u0219i interna\u021bional) \u0219i livr\u0103ri la domiciliu. Island Movers face parte din Hawktree International Group \u0219i are peste 250 de angaja\u021bi. Cea mai mare parte a afacerilor Island Movers este reprezentat\u0103 de companii, inclusiv relocarea angaja\u021bilor la nivel interna\u021bional. Mut\u0103rile interna\u021bionale sunt organizate prin intermediul unor parteneriate globale. <\/p>\n<p>Island Movers Inc are urm\u0103toarele acredit\u0103ri \u0219i afilieri:<\/p>\n<ul>\n<li> Asocia\u021bia Panamerican\u0103 a Transportatorilor Interna\u021bionali (PAIMA)<\/li>\n<li> <a href=\"https:\/\/moverdb.com\/ro\/sunt\/\">Asocia\u021bia Interna\u021bional\u0103 a Transportatorilor<\/a> (<a href=\"https:\/\/moverdb.com\/ro\/iam\/\" data-internallinksmanager029f6b8e52c=\"23\" title=\"Explica\u021bii despre Asocia\u021bia Interna\u021bional\u0103 a Transportatorilor (IAM)\">IAM<\/a>)<\/li>\n<li> <a href=\"https:\/\/moverdb.com\/ro\/amsa\/\">Asocia\u021bia american\u0103 de mut\u0103ri \u0219i depozitare<\/a> (<a href=\"https:\/\/moverdb.com\/ro\/amsa\/\" data-internallinksmanager029f6b8e52c=\"5\" title=\"Asocia\u021bia American\u0103 de Mutare \u0219i Depozitare (AMSA) Explicat\">AMSA<\/a>)<\/li>\n<li> Biroul pentru afaceri mai bune (BBB)<\/li>\n<\/ul>\n<h2>Island Movers Recenzii<\/h2>\n<p><strong>Pozitiv:<\/strong><\/p>\n<ul>\n<li> <em>\"Stresul incredibil \u0219i grija noastr\u0103 incredibil\u0103 de mutare transpacific\u0103 a fost u\u0219urat\u0103 odat\u0103 ce Island Movers a preluat mutarea noastr\u0103, ajut\u00e2nd la supravegherea continentului. <a href=\"https:\/\/moverdb.com\/ro\/moving-companies\/\" data-internallinksmanager029f6b8e52c=\"79\" title=\"Top 25 Companii interna\u021bionale de mutare online\">companie \u00een mi\u0219care<\/a> precum \u0219i pentru c\u0103 ne-au oferit sfaturi bune, competen\u021b\u0103, servicii calitative pentru clien\u021bi \u0219i promptitudine. Sunt impresionat \u00een mod favorabil nu numai de profesionalismul \u0219i \u00eencrederea companiei Island Movers, ci \u0219i de spiritul cald aloha din partea \u00eentregului personal Island Movers care ne-a ajutat la mutare!\"<\/em> - Jackie <a href=\"http:\/\/www.islandmovers.com\/personal-moves\/customer-testimonials\/\" target=\"_blank\" rel=\"noopener\">m\u0103rturie de client<\/a><\/li>\n<li> <em>\"Un serviciu cu adev\u0103rat remarcabil!  Sunt at\u00e2t de fericit c\u0103 am mers cu cei mai buni din Hawaii!\"<\/em> - Gifford prin <a href=\"https:\/\/www.yelp.com\/biz\/island-movers-inc-honolulu-4?hrid=Ew3UirYLCqyK2kHDFhwl1A&#038;utm_campaign=www_review_share_popup&#038;utm_medium=copy_link&#038;utm_source=(direct)\" target=\"_blank\" rel=\"noopener\">Yelp<\/a><\/li>\n<\/ul>\n<p><strong>Negativ:<\/strong><\/p>\n<ul>\n<li> <em>\"Nu cred c\u0103 i-a\u0219 mai chema vreodat\u0103 s\u0103 m\u0103 livreze sau s\u0103 m\u0103 mute, dar \u00een general experien\u021ba a fost ok.\"<\/em> - Angela via <a href=\"https:\/\/www.yelp.com\/biz\/island-movers-inc-honolulu-4?hrid=TFkdEA1IDuuzBJ-Psl0q_w&#038;utm_campaign=www_review_share_popup&#038;utm_medium=copy_link&#038;utm_source=(direct)\" target=\"_blank\" rel=\"noopener\">Yelp<\/a><\/li>\n<\/ul>\n<div itemprop=\"review\" itemscope itemtype=\"http:\/\/schema.org\/Review\">\n<span itemprop=\"author\" itemscope=\"\" itemtype=\"http:\/\/schema.org\/Organization\"><span itemprop=\"name\">MoverDB.com<\/span><\/span> Revizuirea online a site-ului pentru <span itemprop=\"itemreviewed\" itemscope=\"\" itemtype=\"http:\/\/schema.org\/Brand\"><span itemprop=\"name\">Insula Movers<\/span><\/span>:<\/p>\n<ol>\n<li> Detalii de contact clare pe site-ul web (inclusiv num\u0103rul de telefon): <strong>Da<\/strong><\/li>\n<li> U\u0219or de ob\u021binut <a href=\"https:\/\/moverdb.com\/ro\/citate\/\">citate \u00een mi\u0219care<\/a>? (Formular de solicitare a unui deviz online): <strong>Da<\/strong><\/li>\n<li> Informa\u021bii clare pe site-ul web: <strong>Da,<\/strong> site-ul web enumer\u0103 serviciile pe care le ofer\u0103, dar nu ofer\u0103 prea multe detalii.<\/li>\n<li> Apartenen\u021ba la organiza\u021bii interna\u021bionale recunoscute \u00een domeniul mut\u0103rii: <strong>Da<\/strong>, (a se vedea mai sus)<\/li>\n<li> Lista de clien\u021bi \u0219i\/sau m\u0103rturii ale clien\u021bilor anteriori: <strong>Da,<\/strong> de\u0219i doar c\u00e2teva pe site-ul lor a c\u00e2\u0219tigat. Recenzile de pe internet sunt \u00een general pozitive.<\/li>\n<\/ol>\n<div itemprop=\"reviewRating\" itemscope itemtype=\"http:\/\/schema.org\/Rating\"><meta itemprop=\"worstRating\" content = \"0\" \/><meta itemprop=\"bestRating\" content=\"5\" \/><meta itemprop=\"ratingValue\" content=\"4.5\"><\/div>\n<p><strong>Scor general: 4.5\/5<\/strong><br \/>\n<strong>Data revizuirii:<\/strong> <span itemprop=\"datePublished\" content=\"2017-02-24\">24\/02\/2017<\/span>\n<\/div>\n<p>Citi\u021bi mai multe despre <a href=\"https:\/\/moverdb.com\/ro\/moving-companies\/\">mutan\u021bi interna\u021bionali<\/a> \u0219i a noastr\u0103 <a href=\"https:\/\/moverdb.com\/ro\/comentarii\/\">procesul de revizuire<\/a>.<\/p>\n<p><strong>Site web:<\/strong> <a href=\"http:\/\/www.islandmovers.com\/\" target=\"_blank\" rel=\"noopener\">http:\/\/www.islandmovers.com\/<\/a><\/p>","protected":false},"excerpt":{"rendered":"<p>Island Movers is based in Honolulu and offers its customers a range of moving services which are list below, together with a company profile and reviews. International Moves &#8211; US and the World Personal move coordinator Door to door service Self-packing or full packing service Cartons provided Unpacking service Sea freight and air freight Assistance [&hellip;]<\/p>\n","protected":false},"author":1,"featured_media":0,"parent":0,"menu_order":0,"comment_status":"closed","ping_status":"closed","template":"","meta":{"_genesis_hide_title":false,"_genesis_hide_breadcrumbs":false,"_genesis_hide_singular_image":false,"_genesis_hide_footer_widgets":false,"_genesis_custom_body_class":"","_genesis_custom_post_class":"","_genesis_layout":"","footnotes":""},"class_list":{"0":"post-988","1":"page","2":"type-page","3":"status-publish","5":"entry"},"_links":{"self":[{"href":"https:\/\/moverdb.com\/ro\/wp-json\/wp\/v2\/pages\/988","targetHints":{"allow":["GET"]}}],"collection":[{"href":"https:\/\/moverdb.com\/ro\/wp-json\/wp\/v2\/pages"}],"about":[{"href":"https:\/\/moverdb.com\/ro\/wp-json\/wp\/v2\/types\/page"}],"author":[{"embeddable":true,"href":"https:\/\/moverdb.com\/ro\/wp-json\/wp\/v2\/users\/1"}],"replies":[{"embeddable":true,"href":"https:\/\/moverdb.com\/ro\/wp-json\/wp\/v2\/comments?post=988"}],"version-history":[{"count":4,"href":"https:\/\/moverdb.com\/ro\/wp-json\/wp\/v2\/pages\/988\/revisions"}],"predecessor-version":[{"id":13166,"href":"https:\/\/moverdb.com\/ro\/wp-json\/wp\/v2\/pages\/988\/revisions\/13166"}],"wp:attachment":[{"href":"https:\/\/moverdb.com\/ro\/wp-json\/wp\/v2\/media?parent=988"}],"curies":[{"name":"wp","href":"https:\/\/api.w.org\/{rel}","templated":true}]}}