{"id":955,"date":"2016-07-24T19:52:53","date_gmt":"2016-07-24T19:52:53","guid":{"rendered":"http:\/\/moverdb.com\/?page_id=955"},"modified":"2026-01-08T15:21:02","modified_gmt":"2026-01-08T15:21:02","slug":"us-canada-movers","status":"publish","type":"page","link":"https:\/\/moverdb.com\/ro\/us-canada-movers\/","title":{"rendered":"Top 100 Domestic &amp; International Movers \u00een SUA \u0219i Canada"},"content":{"rendered":"<p>Mai jos g\u0103si\u021bi o list\u0103 cu cele mai mari 100 de companii na\u021bionale \u0219i interna\u021bionale. <a href=\"https:\/\/moverdb.com\/ro\/moving-companies\/\">companii interna\u021bionale de mutare<\/a> the <a href=\"https:\/\/moverdb.com\/ro\/moving-to-the-united-states\/\" data-internallinksmanager029f6b8e52c=\"94\" title=\"V\u0103 muta\u021bi \u00een Statele Unite? 2026 Costurile vie\u021bii \u0219i sfaturi de relocare\">Statele Unite ale Americii<\/a> \u0219i <a href=\"https:\/\/moverdb.com\/ro\/moving-to-canada\/\" data-internallinksmanager029f6b8e52c=\"265\" title=\"Mutarea \u00een Canada? 2026 Costurile de trai \u0219i sfaturi de relocare\">Canada<\/a> \u00een func\u021bie de num\u0103rul de camioane \u00eenmatriculate \u00een parcul lor auto. <\/p>\n<p>Una dintre aceste companii va fi probabil cea potrivit\u0103 pentru mutarea dumneavoastr\u0103 interna\u021bional\u0103, interurban\u0103 \u0219i\/sau interstatal\u0103.<\/p>\n<p><img loading=\"lazy\" decoding=\"async\" width=\"720\" height=\"480\" src=\"https:\/\/moverdb.com\/wp-content\/uploads\/Moving-truck.jpeg\" alt=\"Camion de mutare\" class=\"aligncenter size-full wp-image-1083\" srcset=\"https:\/\/moverdb.com\/wp-content\/uploads\/Moving-truck.jpeg 720w, https:\/\/moverdb.com\/wp-content\/uploads\/Moving-truck-300x200.jpeg 300w, https:\/\/moverdb.com\/wp-content\/uploads\/Moving-truck-600x400.jpeg 600w\" sizes=\"auto, (max-width: 720px) 100vw, 720px\" \/><\/p>\n<p>Datele provin de la <a href=\"http:\/\/www.movingcompanyreviews.com\/100-largest-moving-companies-of-the-us-and-canada\" target=\"_blank\" rel=\"noopener\">MovingCompanyReviews.com<\/a> care arat\u0103 cele mai recente dimensiuni ale flotei \u0219i, de asemenea, loca\u021bia sediului central al fiec\u0103rei companii.<\/p>\n<p>Pute\u021bi citi mai jos profilurile fiec\u0103rei companii: <\/p>\n<ol>\n<li> <a href=\"https:\/\/moverdb.com\/ro\/united-van-lines\/\"><strong>United Van Lines<\/strong><\/a> - Ofer\u0103 at\u00e2t mut\u0103ri interne \u00een Statele Unite \u0219i Canada, c\u00e2t \u0219i mut\u0103ri interna\u021bionale \u00een \u00eentreaga lume.<\/li>\n<li> <a href=\"https:\/\/moverdb.com\/ro\/u-pack-moving\/\"><strong>U-Pack Moving<\/strong><\/a> - ABF U-Pack Moving ofer\u0103 clien\u021bilor s\u0103i o varietate de servicii de mutare \u0219i de autoambalare \u0219i despachetare \u00een SUA, Canada \u0219i Puerto Rico. <\/li>\n<li> <a href=\"https:\/\/moverdb.com\/ro\/atlas-van-lines-international\/\"><strong>Atlas Van Lines<\/strong><\/a> - Ofer\u0103 mut\u0103ri interne sub marca Atlas Van Lines \u0219i mut\u0103ri interna\u021bionale sub Atlas Van Lines International. Ambele sunt de\u021binute de Atlas World Group.<\/li>\n<li> <a href=\"https:\/\/moverdb.com\/ro\/mayflower-transit\/\"><strong>Mayflower Transit<\/strong><\/a> - Mayflower Transit ofer\u0103 o mare varietate de servicii, de la mutarea \u0219i depozitarea pe cont propriu, p\u00e2n\u0103 la servicii interna\u021bionale complete personalizate. <\/li>\n<li> <a href=\"https:\/\/moverdb.com\/ro\/allied-van-lines\/\"><strong>Allied Van Lines<\/strong><\/a> - Allied Van Lines Inc. este situat\u0103 \u00een Fort Wayne, IN \u0219i compania ofer\u0103 clien\u021bilor s\u0103i o varietate de servicii, inclusiv urm\u0103rirea expedi\u021biei 24\/7, ajutor la v\u0103muire, personal vorbitor de limba englez\u0103 la ambele capete ale mut\u0103rii \u0219i \u00eendep\u0103rtarea materialelor de ambalare.<\/li>\n<li> <a href=\"https:\/\/moverdb.com\/ro\/north-american-van-lines\/\"><strong>North American Van Lines<\/strong><\/a> - North American Van Lines ofer\u0103 clien\u021bilor s\u0103i servicii pentru mut\u0103ri interna\u021bionale, corporative \u0219i interne.<\/li>\n<li> <a href=\"https:\/\/moverdb.com\/ro\/wheaton\/\"><strong>Wheaton World Wide Moving<\/strong><\/a> - Wheaton World Wide Moving (fosta Wheaton Van Lines) ofer\u0103 clien\u021bilor s\u0103i o gam\u0103 de servicii, de la mut\u0103ri interna\u021bionale la mut\u0103ri locale.<\/li>\n<li> <a href=\"https:\/\/moverdb.com\/ro\/bekins-van-lines\/\"><strong>Bekins Van Lines<\/strong><\/a> - Bekins Van Lines are sediul \u00een Indianapolis IN. Ace\u0219tia ofer\u0103 clien\u021bilor lor o varietate de servicii de mutare, inclusiv reloc\u0103ri interna\u021bionale \u0219i mut\u0103ri de mare valoare.<\/li>\n<li> <a href=\"https:\/\/moverdb.com\/ro\/graebel-van-lines\/\"><strong>Graebel Van Lines<\/strong><\/a> - Graebel Van Lines are sediul central \u00een Aurora, CO, iar printre clien\u021bii s\u0103i se num\u0103r\u0103 companii din Fortune 500 \u0219i DEA, FBI, IRS \u0219i CDC.<\/li>\n<li> <a href=\"https:\/\/moverdb.com\/ro\/arpin-van-lines\/\"><strong>Arpin Van Lines<\/strong><\/a> - Arpin Van Lines are sediul \u00een West Warwick, RI, \u0219i efectueaz\u0103 mut\u0103ri militare \u0219i casnice at\u00e2t pe plan intern, c\u00e2t \u0219i interna\u021bional. De asemenea, ofer\u0103 servicii de depozitare, cum ar fi depozitarea cu clim\u0103 controlat\u0103 \u0219i depozitarea \u00een containere.<\/li>\n<li> <a href=\"https:\/\/moverdb.com\/ro\/stevens-worldwide-van-lines\/\">Stevens Worldwide Van Lines<\/a> - Stevens Worldwide Van Lines are sediul \u00een Saginaw MI \u0219i ofer\u0103 servicii locale, \u00een afara statului, pe distan\u021be lungi \u0219i mut\u0103ri interna\u021bionale pentru gospod\u0103rii, \u00eentreprinderi, militari \u0219i clerici.<\/li>\n<li> <a href=\"https:\/\/moverdb.com\/ro\/amj-campbell-van-lines\/\">AMJ Campbell Van Lines<\/a> - AMJ Campbell Van Lines are sediul \u00een <a href=\"https:\/\/moverdb.com\/ro\/se-muta-la-toronto\/\">Toronto<\/a>, Canada \u0219i este una dintre cele mai mari companii canadiene. <a href=\"https:\/\/moverdb.com\/ro\/moving-companies\/\" data-internallinksmanager029f6b8e52c=\"79\" title=\"Top 25 Companii interna\u021bionale de mutare online\">companii de mutare<\/a> at\u00e2t pentru mut\u0103ri interne, c\u00e2t \u0219i interna\u021bionale.<\/li>\n<li> <a href=\"https:\/\/moverdb.com\/ro\/suddath\/\">Suddath<\/a> - O familie de companii care ofer\u0103 o gam\u0103 de servicii de mutare intern\u0103 \u0219i interna\u021bional\u0103, inclusiv mut\u0103ri reziden\u021biale, corporative \u0219i guvernamentale.<\/li>\n<li> <a href=\"https:\/\/moverdb.com\/ro\/covan-world-wide\/\">Covan WorldWide Moving<\/a> - Covan are peste 200 de unit\u0103\u021bi de operare interstatal\u0103 \u0219i 600 pentru mut\u0103ri locale. Misiunea sa este de a fi lider \u00een domeniul serviciilor de transport interna\u021bional.<\/li>\n<li> <a href=\"https:\/\/moverdb.com\/ro\/armstrong-relocare\/\">Armstrong Relocare<\/a> - Armstrong Relocation este ast\u0103zi cel mai mare agent de m\u0103rfuri pentru United Van Lines \u0219i are 22 de birouri \u00een SUA.<\/li>\n<li> <a href=\"https:\/\/moverdb.com\/ro\/williams-moving-storage\/\">Williams Moving &amp; Storage<\/a> - Williams Moving and Storage este o companie canadian\u0103 de mut\u0103ri care mut\u0103 persoane fizice \u0219i companii at\u00e2t la nivel local, c\u00e2t \u0219i interna\u021bional.<\/li>\n<li> <a href=\"https:\/\/moverdb.com\/ro\/beltmann-relocalizare\/\">Beltmann Relocation Group<\/a> - A fost \u00eenfiin\u021bat\u0103 de familia Battina \u00een 1955 \u0219i este \u00eenc\u0103 de\u021binut\u0103 \u0219i condus\u0103 de familie. Este unul dintre cei mai mari \u0219i mai vechi agen\u021bi ai North American Van Lines.<\/li>\n<li> <a href=\"https:\/\/moverdb.com\/ro\/national-van-lines\/\">National Van Lines<\/a> - Motto-ul companiei este \"Moving Your Memories\", care reaminte\u0219te at\u00e2t personalului, c\u00e2t \u0219i clien\u021bilor c\u0103 bunurile personale sunt pre\u021bioase \u0219i vor fi \u00eentotdeauna tratate cu grij\u0103.<\/li>\n<li> <a href=\"https:\/\/moverdb.com\/ro\/aliati-lui-berger\/\">Berger Allied (Transfer \u0219i depozitare)<\/a> - Berger Transfer \u0219i depozitare func\u021bioneaz\u0103 din 1910. Lucreaz\u0103 cu persoane fizice, companii \u0219i agen\u021bii guvernamentale. <\/li>\n<li> Sisteme de transport Lawrence<\/li>\n<li> <a href=\"https:\/\/moverdb.com\/ro\/mccollisters-moving\/\">Grupul de transport McCollister's<\/a> - McCollister's este o companie privat\u0103 \u0219i este un agent al UniGroup Inc., care include United Van Lines \u0219i Mayflower Transit. (a se vedea mai sus)<\/li>\n<li> <a href=\"https:\/\/moverdb.com\/ro\/coleman-worldwide-moving\/\">Coleman Worldwide Moving<\/a> - Coleman Worldwide Moving, cunoscut\u0103 \u0219i sub numele de Coleman American Moving Services &amp; Coleman Allied, ofer\u0103 at\u00e2t mut\u0103ri interne \u00een SUA, c\u00e2t \u0219i mut\u0103ri interna\u021bionale.<\/li>\n<li> <a href=\"https:\/\/moverdb.com\/ro\/hilldrup-moving-storage\/\">Hilldrup Moving &amp; Storage<\/a> - Ofer\u0103 servicii precum asisten\u021b\u0103 la relocalizare, gestionarea mut\u0103rii, depozitare, servicii de plecare, servicii de destina\u021bie \u0219i multe altele.<\/li>\n<li> <a href=\"https:\/\/moverdb.com\/ro\/american-red-ball-transit\/\">Compania de tranzit American Red Ball Transit<\/a> - Are sediul \u00een Indianapolis \u0219i se concentreaz\u0103 pe servicii interne \u00een SUA.<\/li>\n<li> New World Van Lines<\/li>\n<li> Palmer Moving &amp; Storage<\/li>\n<li> Mergenthaler Transfer \u0219i depozitare<\/li>\n<li> Scobey Moving and Storage LTD<\/li>\n<li> Corrigan Moving Systems<\/li>\n<li> Tri Star Freight System<\/li>\n<li> Studen\u021bi \u00eenfometa\u021bi<\/li>\n<li> A-1 Freeman Moving Companies<\/li>\n<li> Daryl Flood Relocare \u0219i logistic\u0103<\/li>\n<li> JK Moving &amp; Storage<\/li>\n<li> Sisteme de relocare Ace Relocation Systems<\/li>\n<li> Ford Storage &amp; Moving Company<\/li>\n<li> Budd Van Lines<\/li>\n<li> Planes Moving and Storage<\/li>\n<li> Gentle Giant Moving Company<\/li>\n<li> <a href=\"https:\/\/moverdb.com\/ro\/insula-movers\/\">Insula Movers<\/a> - Ofer\u0103 servicii de mutare c\u0103tre \u0219i dinspre insulele Hawaii, at\u00e2t din Statele Unite, c\u00e2t \u0219i la nivel interna\u021bional.<\/li>\n<li> Mesa Moving &amp; Storage<\/li>\n<li> American International Movers<\/li>\n<li> American Movers<\/li>\n<li> Arnoff Moving &amp; Storage,<\/li>\n<li> Fidelity Moving &amp; Storage Company<\/li>\n<li> Companiile Lile International<\/li>\n<li> Carlyle Van Lines<\/li>\n<li> Dreptul de mi\u0219care<\/li>\n<li> Andrews Van Lines<\/li>\n<li> Sherwood Van Lines<\/li>\n<li> Bisson Moving &amp; Storage<\/li>\n<li> Bohren's Moving &amp; Storage,<\/li>\n<li> Select Van &amp; Storage<\/li>\n<li> Broadway Express<\/li>\n<li> FlatRate Moving<\/li>\n<li> Smith Dray Line &amp; Storage<\/li>\n<li> Sourdough Express<\/li>\n<li> South Hills Movers<\/li>\n<li> Fisher America de Nord<\/li>\n<li> Interstate Van Lines\/Interstate Worldwide<\/li>\n<li> Ward North American<\/li>\n<li> Est <a href=\"https:\/\/moverdb.com\/ro\/moving-to-the-united-states\/moving-to-tennessee\/\" data-internallinksmanager029f6b8e52c=\"406\" title=\"Mutarea \u00een Tennessee? 2026 Costurile de trai \u0219i sfaturi de relocare\">Tennessee<\/a> Mutarea \/ Doi b\u0103rba\u021bi \u0219i un camion<\/li>\n<li> Grupul Imlach<\/li>\n<li> Air Van Moving<\/li>\n<li> Servicii de transport Legacy<\/li>\n<li> Tippet-Richardson<\/li>\n<li> Sisteme de relocare Atlantic Relocation Systems<\/li>\n<li> Carey Moving &amp; Storage<\/li>\n<li> A Arnold World Class Relocare<\/li>\n<li> William B. Meyer<\/li>\n<li> Horizon Moving Systems<\/li>\n<li> Parks Moving &amp; Storage<\/li>\n<li> Highland Moving &amp; Storage<\/li>\n<li> Delancey Street Moving &amp; Transportation<\/li>\n<li> Armstrong Relocare<\/li>\n<li> Companiile federale<\/li>\n<li> Hoyt's Moving &amp; Storage<\/li>\n<li> Johnson Storage \u0219i Moving<\/li>\n<li> Nor-Cal Moving Services<\/li>\n<li> <a href=\"https:\/\/moverdb.com\/ro\/royal-hawaiian-movers\/\">Royal Hawaiian Movers<\/a> - Royal Hawaiian Movers face parte din grupul de companii DeWitt, care ofer\u0103 clien\u021bilor s\u0103i diverse mut\u0103ri locale, inter-insulare, continentale \u0219i interna\u021bionale.<\/li>\n<li> Central Van &amp; Storage,<\/li>\n<li> <a href=\"https:\/\/moverdb.com\/ro\/deplasarea-coroanei\/\">Crown Moving Co<\/a> - Acum \u00eenchis, cu sediul \u00een <a href=\"https:\/\/moverdb.com\/ro\/moving-to-seattle\/\" data-internallinksmanager029f6b8e52c=\"65\" title=\"Te mu\u021bi \u00een Seattle? 2026 Costurile vie\u021bii \u0219i sfaturi de relocare\">Seattle<\/a>.<\/li>\n<li> Fry-Wagner Moving and Storage Co<\/li>\n<li> B. Von <a href=\"https:\/\/moverdb.com\/ro\/moving-to-france\/moving-to-paris\/\" data-internallinksmanager029f6b8e52c=\"407\" title=\"V\u0103 muta\u021bi la Paris? 2026 Costurile vie\u021bii \u0219i sfaturi de relocare\">Paris<\/a> Mutarea \u0219i depozitarea<\/li>\n<li> O'Brien's Moving &amp; Storage<\/li>\n<li> Compania Piqua Transfer &amp; Storage<\/li>\n<li> Joyce Van Lines,<\/li>\n<li> Grupul de transport Plycon<\/li>\n<li> AAA Moving &amp; Storage<\/li>\n<li> Aaction Moving &amp; Storage<\/li>\n<li> Alero Moving and Storage<\/li>\n<li> DMS Moving Systems<\/li>\n<li> George Moving &amp; Storage<\/li>\n<li> Glen Ellyn Storage Corporation<\/li>\n<li> Piepho Moving and Storage<\/li>\n<li> Eagle Van Lines<\/li>\n<li> Roadrunner Moving \u0219i depozitare<\/li>\n<li> Lint Van Lines<\/li>\n<li> Pacific Transfer<\/li>\n<li> Paxton Van Lines<\/li>\n<\/ol>","protected":false},"excerpt":{"rendered":"<p>Below you will find a list of the top 100 largest domestic and international moving companies the United States and Canada based on the number of registered trucks in their fleet. One of these companies is likely to be the right one for your international, long distance and\/or interstate move. The data comes from MovingCompanyReviews.com [&hellip;]<\/p>\n","protected":false},"author":1,"featured_media":1083,"parent":0,"menu_order":0,"comment_status":"closed","ping_status":"closed","template":"","meta":{"_genesis_hide_title":false,"_genesis_hide_breadcrumbs":false,"_genesis_hide_singular_image":false,"_genesis_hide_footer_widgets":false,"_genesis_custom_body_class":"","_genesis_custom_post_class":"","_genesis_layout":"","footnotes":""},"class_list":{"0":"post-955","1":"page","2":"type-page","3":"status-publish","4":"has-post-thumbnail","6":"entry"},"_links":{"self":[{"href":"https:\/\/moverdb.com\/ro\/wp-json\/wp\/v2\/pages\/955","targetHints":{"allow":["GET"]}}],"collection":[{"href":"https:\/\/moverdb.com\/ro\/wp-json\/wp\/v2\/pages"}],"about":[{"href":"https:\/\/moverdb.com\/ro\/wp-json\/wp\/v2\/types\/page"}],"author":[{"embeddable":true,"href":"https:\/\/moverdb.com\/ro\/wp-json\/wp\/v2\/users\/1"}],"replies":[{"embeddable":true,"href":"https:\/\/moverdb.com\/ro\/wp-json\/wp\/v2\/comments?post=955"}],"version-history":[{"count":40,"href":"https:\/\/moverdb.com\/ro\/wp-json\/wp\/v2\/pages\/955\/revisions"}],"predecessor-version":[{"id":6247,"href":"https:\/\/moverdb.com\/ro\/wp-json\/wp\/v2\/pages\/955\/revisions\/6247"}],"wp:featuredmedia":[{"embeddable":true,"href":"https:\/\/moverdb.com\/ro\/wp-json\/wp\/v2\/media\/1083"}],"wp:attachment":[{"href":"https:\/\/moverdb.com\/ro\/wp-json\/wp\/v2\/media?parent=955"}],"curies":[{"name":"wp","href":"https:\/\/api.w.org\/{rel}","templated":true}]}}