{"id":9525,"date":"2023-06-08T12:37:11","date_gmt":"2023-06-08T12:37:11","guid":{"rendered":"https:\/\/moverdb.com\/?page_id=9525"},"modified":"2026-01-08T15:24:26","modified_gmt":"2026-01-08T15:24:26","slug":"moving-companies-slovenia","status":"publish","type":"page","link":"https:\/\/moverdb.com\/ro\/moving-companies\/moving-companies-slovenia\/","title":{"rendered":"3 Cele mai bune companii de mut\u0103ri interna\u021bionale din Slovenia"},"content":{"rendered":"<p>Mutarea poate fi un moment stresant, cu multe lucruri de aranjat, mai ales dac\u0103 v\u0103 muta\u021bi \u00een str\u0103in\u0103tate. Dac\u0103 pl\u0103nui\u021bi o mutare \u00een, spre sau dinspre <a href=\"https:\/\/moverdb.com\/ro\/moving-to-slovenia\/\" data-internallinksmanager029f6b8e52c=\"392\" title=\"V\u0103 muta\u021bi \u00een Slovenia? 2026 Costurile de trai \u0219i sfaturi de relocare\">Slovenia<\/a> atunci s\u0103 apelezi la serviciile unui <a href=\"https:\/\/moverdb.com\/ro\/moving-companies\/\" data-internallinksmanager029f6b8e52c=\"79\" title=\"Top 25 Companii interna\u021bionale de mutare online\">companie \u00een mi\u0219care<\/a> poate contribui la u\u0219urarea sarcinii. Mai jos am compilat o list\u0103 de firme din Slovenia. <a href=\"https:\/\/moverdb.com\/ro\/international-removals\/\" data-internallinksmanager029f6b8e52c=\"27\" title=\"36 Cele mai bune companii de mut\u0103ri interna\u021bionale din Marea Britanie\">companii de mutare<\/a> care sunt membri ai grupului <a href=\"https:\/\/moverdb.com\/ro\/iam\/\" data-internallinksmanager029f6b8e52c=\"23\" title=\"Explica\u021bii despre Asocia\u021bia Interna\u021bional\u0103 a Transportatorilor (IAM)\">Asocia\u021bia Interna\u021bional\u0103 a Transportatorilor<\/a> (IAM) \u0219i\/sau <a href=\"https:\/\/moverdb.com\/ro\/fidi-faim\/\" data-internallinksmanager029f6b8e52c=\"16\" title=\"FIDI &amp; FAIM (FIDI Accredited International Mover) Explicat\">FIDI<\/a> Accredited International Mover (FAIM), care v\u0103 poate ajuta cu mutarea dumneavoastr\u0103.<\/p>\n<h2><strong>1. DB Schenker<\/strong><\/h2>\n<p><img loading=\"lazy\" decoding=\"async\" class=\"alignnone size-full wp-image-9351\" src=\"https:\/\/moverdb.com\/wp-content\/uploads\/DB-Schenker-Slovenvia-international-moving-company.png\" alt=\"DB Schenker Slovenvia companie de mut\u0103ri interna\u021bionale\" width=\"1440\" height=\"673\" data-wp-pid=\"9351\" srcset=\"https:\/\/moverdb.com\/wp-content\/uploads\/DB-Schenker-Slovenvia-international-moving-company.png 1440w, https:\/\/moverdb.com\/wp-content\/uploads\/DB-Schenker-Slovenvia-international-moving-company-300x140.png 300w, https:\/\/moverdb.com\/wp-content\/uploads\/DB-Schenker-Slovenvia-international-moving-company-1024x479.png 1024w, https:\/\/moverdb.com\/wp-content\/uploads\/DB-Schenker-Slovenvia-international-moving-company-18x8.png 18w, https:\/\/moverdb.com\/wp-content\/uploads\/DB-Schenker-Slovenvia-international-moving-company-600x280.png 600w\" sizes=\"auto, (max-width: 1440px) 100vw, 1440px\" \/><\/p>\n<ul>\n<li>Mi\u0219c\u0103ri na\u021bionale<\/li>\n<li>Mut\u0103ri interna\u021bionale<\/li>\n<li>Mutarea gospod\u0103riei<\/li>\n<li>Compania se mut\u0103<\/li>\n<li>Ambalare personalizat\u0103<\/li>\n<li>Transportul de marf\u0103 terestru, feroviar, aerian \u0219i maritim<\/li>\n<li>V\u0103muire<\/li>\n<li>Manipularea lucr\u0103rilor de art\u0103<\/li>\n<li>Flot\u0103 \u0219i echipamente specializate<\/li>\n<li>Facilit\u0103\u021bi de depozitare<\/li>\n<\/ul>\n<p>DB Schenker este un furnizor global de servicii logistice care are aproximativ 1.850 de loca\u021bii \u00een \u00eentreaga lume \u0219i care opereaz\u0103 din 1872, fiind fondat \u00een <a href=\"https:\/\/moverdb.com\/ro\/moving-to-austria\/\" data-internallinksmanager029f6b8e52c=\"343\" title=\"V\u0103 muta\u021bi \u00een Austria? 2026 Costurile de trai \u0219i sfaturi de relocare\">Austria<\/a>. Au mai multe loca\u021bii \u00een Slovenia, inclusiv \u00een Ljubljana, Maribor, Koper, Brnik \u0219i Skofja Loka. Sunt membri ai IAM.<\/p>\n<p>DB Schenker ofer\u0103 servicii de mutare \u0219i relocalizare \u00een, spre \u0219i din Slovenia. Serviciile lor includ un serviciu de ambalare profesional\u0103 cu ambalaje personalizate, care nu afecteaz\u0103 mediul \u00eenconjur\u0103tor. Ace\u0219tia dispun de o flot\u0103 proprie de vehicule de mutare cu suspensie pneumatic\u0103 \u0219i platforme de ridicare pentru a v\u0103 muta bunurile. Ace\u0219tia vor aranja transportul terestru, feroviar, aerian \u0219i maritim, cu v\u0103muire \u00een cazul planurilor de relocalizare.<\/p>\n<p>Site web: <a href=\"https:\/\/www.dbschenker.com\/si-en\/products\/removals\" target=\"_blank\" rel=\"noopener\">https:\/\/www.dbschenker.com\/si-en\/products\/removals<\/a><\/p>\n<h2><strong>2. Reloc\u0103ri Ltd.<\/strong><\/h2>\n<p><img loading=\"lazy\" decoding=\"async\" class=\"alignnone size-full wp-image-9417\" src=\"https:\/\/moverdb.com\/wp-content\/uploads\/Relocations-Ltd-international-moving-company.png\" alt=\"Relocations Ltd companie de mutare interna\u021bional\u0103\" width=\"1440\" height=\"673\" data-wp-pid=\"9417\" srcset=\"https:\/\/moverdb.com\/wp-content\/uploads\/Relocations-Ltd-international-moving-company.png 1440w, https:\/\/moverdb.com\/wp-content\/uploads\/Relocations-Ltd-international-moving-company-300x140.png 300w, https:\/\/moverdb.com\/wp-content\/uploads\/Relocations-Ltd-international-moving-company-1024x479.png 1024w, https:\/\/moverdb.com\/wp-content\/uploads\/Relocations-Ltd-international-moving-company-18x8.png 18w, https:\/\/moverdb.com\/wp-content\/uploads\/Relocations-Ltd-international-moving-company-600x280.png 600w\" sizes=\"auto, (max-width: 1440px) 100vw, 1440px\" \/><\/p>\n<ul>\n<li>Mi\u0219c\u0103ri na\u021bionale<\/li>\n<li>Mut\u0103ri interna\u021bionale<\/li>\n<li>Mutarea gospod\u0103riei<\/li>\n<li>Mi\u0219c\u0103ri corporative<\/li>\n<li>Ambalare de calitate<\/li>\n<li>Aranjamente de transport<\/li>\n<li>V\u0103muire<\/li>\n<li>Transportul vehiculelor<\/li>\n<li>Servicii de imigrare<\/li>\n<li>Facilit\u0103\u021bi de depozitare<\/li>\n<\/ul>\n<p>Relocations Ltd. este o companie de relocalizare \u00eenfiin\u021bat\u0103 \u00een 2006 \u0219i cu sediul \u00een Ljubljana. Ei au o echip\u0103 de profesioni\u0219ti \u00een mut\u0103ri \u00een Slovenia \u0219i folosesc parteneri verifica\u021bi \u00een str\u0103in\u0103tate care ofer\u0103 servicii independente de coordonare a managementului mut\u0103rilor. Ei sunt membri ai IAM.<\/p>\n<p>Relocations Ltd ofer\u0103 o gam\u0103 variat\u0103 de servicii de asisten\u021b\u0103 local\u0103 sau un serviciu complet de mutare pentru a gestiona mut\u0103rile \u00een, spre sau din Slovenia. Ace\u0219tia ofer\u0103 servicii pentru gospod\u0103rii \u0219i corpora\u021bii, care includ transport de vehicule \u0219i servicii de imigrare. Ace\u0219tia vor aranja transportul bunurilor dumneavoastr\u0103 cu v\u0103muire. Ofer\u0103 servicii suplimentare, inclusiv servicii de instalare, servicii de plecare, c\u0103utare de locuin\u021be \u0219i \u0219coli, orientare, formare cultural\u0103 \u0219i servicii de lucru manual.<\/p>\n<p>Site web: <a href=\"http:\/\/www.relocations.si\" target=\"_blank\" rel=\"noopener\">http:\/\/www.relocations.si<\/a><\/p>\n<h2><strong>3. Vatovec<\/strong><\/h2>\n<p><img loading=\"lazy\" decoding=\"async\" class=\"alignnone size-full wp-image-9443\" src=\"https:\/\/moverdb.com\/wp-content\/uploads\/Vatovec-international-moving-company.png\" alt=\"Vatovec companie interna\u021bional\u0103 de mutare\" width=\"1440\" height=\"680\" data-wp-pid=\"9443\" srcset=\"https:\/\/moverdb.com\/wp-content\/uploads\/Vatovec-international-moving-company.png 1440w, https:\/\/moverdb.com\/wp-content\/uploads\/Vatovec-international-moving-company-300x142.png 300w, https:\/\/moverdb.com\/wp-content\/uploads\/Vatovec-international-moving-company-1024x484.png 1024w, https:\/\/moverdb.com\/wp-content\/uploads\/Vatovec-international-moving-company-18x9.png 18w, https:\/\/moverdb.com\/wp-content\/uploads\/Vatovec-international-moving-company-600x283.png 600w\" sizes=\"auto, (max-width: 1440px) 100vw, 1440px\" \/><\/p>\n<ul>\n<li>Mi\u0219c\u0103ri na\u021bionale<\/li>\n<li>Reloc\u0103ri interna\u021bionale<\/li>\n<li>Mutarea gospod\u0103riilor<\/li>\n<li>Mutarea birourilor<\/li>\n<li>Serviciu profesionist de ambalare<\/li>\n<li>Transporturi terestre, aeriene \u0219i maritime<\/li>\n<li>Formalit\u0103\u021bi vamale<\/li>\n<li>Obiecte de art\u0103 \u00een mi\u0219care<\/li>\n<li>Transportul de animale mici<\/li>\n<li>Facilit\u0103\u021bi de depozitare<\/li>\n<\/ul>\n<p>Vatovec este o firm\u0103 de mut\u0103ri \u00eenfiin\u021bat\u0103 \u00een 1998, cu sediul \u00een Ljubljana. Ace\u0219tia au o re\u021bea de parteneri interna\u021bionali de calitate \u00een \u00eentreaga lume pentru a v\u0103 ajuta cu reloc\u0103ri interna\u021bionale. Sunt membri ai IAM cu 25 de ani de activitate \u0219i sunt acredita\u021bi de FIDI.<\/p>\n<p>Vatovec ofer\u0103 servicii de mutare \u0219i relocalizare \u00een, spre \u0219i din Slovenia. Ace\u0219tia ofer\u0103 servicii profesionale de ambalare care vor asigura c\u0103 bunurile dumneavoastr\u0103 sunt ambalate \u00een siguran\u021b\u0103 \u0219i transportate la destina\u021bie pe uscat, pe calea aerului sau pe mare, cu formalit\u0103\u021bile vamale gestionate. Serviciile lor de relocare includ permise de \u0219edere \u0219i de munc\u0103, c\u0103ut\u0103ri de locuin\u021be \u0219i \u0219coli, orientare, g\u0103sirea de reparatori \u0219i meseria\u0219i.<\/p>\n<p>Site web: <a href=\"http:\/\/www.vatovec.si\" target=\"_blank\" rel=\"noopener\">http:\/\/www.vatovec.si<\/a><\/p>","protected":false},"excerpt":{"rendered":"<p>Moving can be a stressful time with a lot of things to arrange especially if you are moving overseas. If you are planning a move within, to or from Slovenia then employing the services of a moving company can help lighten the load. Below we have compiled a list of Slovenia based removal companies that [&hellip;]<\/p>\n","protected":false},"author":4,"featured_media":9351,"parent":190,"menu_order":0,"comment_status":"closed","ping_status":"closed","template":"","meta":{"_genesis_hide_title":false,"_genesis_hide_breadcrumbs":false,"_genesis_hide_singular_image":false,"_genesis_hide_footer_widgets":false,"_genesis_custom_body_class":"","_genesis_custom_post_class":"","_genesis_layout":"","footnotes":""},"class_list":{"0":"post-9525","1":"page","2":"type-page","3":"status-publish","4":"has-post-thumbnail","6":"entry"},"_links":{"self":[{"href":"https:\/\/moverdb.com\/ro\/wp-json\/wp\/v2\/pages\/9525","targetHints":{"allow":["GET"]}}],"collection":[{"href":"https:\/\/moverdb.com\/ro\/wp-json\/wp\/v2\/pages"}],"about":[{"href":"https:\/\/moverdb.com\/ro\/wp-json\/wp\/v2\/types\/page"}],"author":[{"embeddable":true,"href":"https:\/\/moverdb.com\/ro\/wp-json\/wp\/v2\/users\/4"}],"replies":[{"embeddable":true,"href":"https:\/\/moverdb.com\/ro\/wp-json\/wp\/v2\/comments?post=9525"}],"version-history":[{"count":1,"href":"https:\/\/moverdb.com\/ro\/wp-json\/wp\/v2\/pages\/9525\/revisions"}],"predecessor-version":[{"id":9526,"href":"https:\/\/moverdb.com\/ro\/wp-json\/wp\/v2\/pages\/9525\/revisions\/9526"}],"up":[{"embeddable":true,"href":"https:\/\/moverdb.com\/ro\/wp-json\/wp\/v2\/pages\/190"}],"wp:featuredmedia":[{"embeddable":true,"href":"https:\/\/moverdb.com\/ro\/wp-json\/wp\/v2\/media\/9351"}],"wp:attachment":[{"href":"https:\/\/moverdb.com\/ro\/wp-json\/wp\/v2\/media?parent=9525"}],"curies":[{"name":"wp","href":"https:\/\/api.w.org\/{rel}","templated":true}]}}