{"id":9523,"date":"2023-06-08T12:38:02","date_gmt":"2023-06-08T12:38:02","guid":{"rendered":"https:\/\/moverdb.com\/?page_id=9523"},"modified":"2026-01-08T15:30:15","modified_gmt":"2026-01-08T15:30:15","slug":"moving-companies-slovakia","status":"publish","type":"page","link":"https:\/\/moverdb.com\/ro\/moving-companies\/moving-companies-slovakia\/","title":{"rendered":"Cele mai bune companii de mut\u0103ri interna\u021bionale \u00een Slovakia"},"content":{"rendered":"<p>V\u0103 g\u00e2ndi\u021bi s\u0103 v\u0103 muta\u021bi locuin\u021ba sau afacerea dvs. \u00een interiorul, spre sau dinspre <a href=\"https:\/\/moverdb.com\/ro\/moving-to-slovakia\/\" data-internallinksmanager029f6b8e52c=\"338\" title=\"V\u0103 muta\u021bi \u00een Slovacia? 2026 Costurile de trai \u0219i sfaturi de relocare\">Slovacia<\/a>? Dac\u0103 da, atunci a\u021bi putea dori s\u0103 apela\u021bi la serviciile unui agent de mutare pentru a reduce munca \u0219i stresul implicat. Mai jos am compilat o list\u0103 de agen\u021bi de mutare slovaci. <a href=\"https:\/\/moverdb.com\/ro\/international-removals\/\" data-internallinksmanager029f6b8e52c=\"27\" title=\"36 Cele mai bune companii de mut\u0103ri interna\u021bionale din Marea Britanie\">companii de mutare<\/a> care sunt membri ai grupului <a href=\"https:\/\/moverdb.com\/ro\/iam\/\" data-internallinksmanager029f6b8e52c=\"23\" title=\"Explica\u021bii despre Asocia\u021bia Interna\u021bional\u0103 a Transportatorilor (IAM)\">Asocia\u021bia Interna\u021bional\u0103 a Transportatorilor<\/a> (IAM) \u0219i\/sau <a href=\"https:\/\/moverdb.com\/ro\/fidi-faim\/\" data-internallinksmanager029f6b8e52c=\"16\" title=\"FIDI &amp; FAIM (FIDI Accredited International Mover) Explicat\">FIDI<\/a> Accredited International Mover (FAIM) care v\u0103 poate ajuta cu mutarea dumneavoastr\u0103.<\/p>\n<h2><strong>Santa Fe Relocare<\/strong><\/h2>\n<p><img loading=\"lazy\" decoding=\"async\" class=\"alignnone size-full wp-image-9422\" src=\"https:\/\/moverdb.com\/wp-content\/uploads\/Santa-Fe-Relocation-Slovakia-international-moving-company.png\" alt=\"Santa Fe Relocation Slovacia companie de mutare interna\u021bional\u0103\" width=\"1440\" height=\"677\" data-wp-pid=\"9422\" srcset=\"https:\/\/moverdb.com\/wp-content\/uploads\/Santa-Fe-Relocation-Slovakia-international-moving-company.png 1440w, https:\/\/moverdb.com\/wp-content\/uploads\/Santa-Fe-Relocation-Slovakia-international-moving-company-300x141.png 300w, https:\/\/moverdb.com\/wp-content\/uploads\/Santa-Fe-Relocation-Slovakia-international-moving-company-1024x481.png 1024w, https:\/\/moverdb.com\/wp-content\/uploads\/Santa-Fe-Relocation-Slovakia-international-moving-company-18x8.png 18w, https:\/\/moverdb.com\/wp-content\/uploads\/Santa-Fe-Relocation-Slovakia-international-moving-company-600x282.png 600w\" sizes=\"auto, (max-width: 1440px) 100vw, 1440px\" \/><\/p>\n<ul>\n<li>Mi\u0219care na\u021bional\u0103<\/li>\n<li>Reloc\u0103ri interna\u021bionale<\/li>\n<li>Mutarea gospod\u0103riilor<\/li>\n<li>Reloc\u0103ri corporative<\/li>\n<li>Serviciul de ambalare<\/li>\n<li>Transport aerian, maritim \u0219i rutier<\/li>\n<li>V\u0103muire<\/li>\n<li>Relocarea animalelor de companie<\/li>\n<li>Vize \u0219i imigra\u021bie<\/li>\n<li>Depozitare pe termen scurt \u0219i lung<\/li>\n<\/ul>\n<p>Santa Fe Relocation este o companie de reloc\u0103ri interna\u021bionale care are 64 de birouri \u00een 38 de \u021b\u0103ri. A deschis biroul din Slovacia \u00een 2002, la Bratislava. Sunt membri ai IAM cu 21 de ani de activitate \u0219i sunt acredita\u021bi de FIDI.<\/p>\n<p>Santa Fe Relocation v\u0103 ofer\u0103 posibilitatea de a alege \u00eentre un studiu la domiciliu sau un studiu video \u0219i o consultare \u00eenainte de mutare pentru a v\u0103 stabili nevoile. Ofer\u0103 un serviciu de ambalare a obiectelor \u0219i mobilierului dumneavoastr\u0103 \u0219i va aranja transportul aerian, maritim sau rutier cu v\u0103muire.  Ofer\u0103 o varietate de servicii suplimentare, inclusiv protec\u021bia transportului, depozitare, c\u0103utare de locuin\u021be \u0219i \u0219coli, servicii de instalare, sprijin la plecare, relocarea animalelor de companie, <a href=\"https:\/\/moverdb.com\/ro\/car-transport-shipping\/\" data-internallinksmanager029f6b8e52c=\"2\" title=\"2026 Transport auto interna\u021bional \u0219i oferte de transport maritim de vehicule\">transportul vehiculelor<\/a>, precum \u0219i asisten\u021b\u0103 \u00een materie de vize \u0219i imigra\u021bie.<\/p>\n<p>Site web: <a href=\"https:\/\/www.santaferelo.com\/en\/contact\/our-offices\/slovakia-bratislava\/\" target=\"_blank\" rel=\"noopener\">https:\/\/www.santaferelo.com\/en\/contact\/our-offices\/slovakia-bratislava\/<\/a><\/p>\n<h2>Alte ghiduri utile pentru Slovacia<\/h2>\n<ul>\n<li> <a href=\"https:\/\/moverdb.com\/ro\/moving-to-slovakia\/moving-to-slovakia-from-the-uk\/\">Mutarea \u00een Slovacia din Regatul Unit<\/a><\/li>\n<li> <a href=\"https:\/\/moverdb.com\/ro\/moving-to-slovakia\/\">V\u0103 muta\u021bi \u00een Slovacia? 2026 Costuri de trai \u0219i sfaturi de relocare<\/a><\/li>\n<\/ul>","protected":false},"excerpt":{"rendered":"<p>Are you thinking of moving home or your business within, to or from Slovakia? If you are then you may want to enlist the services of a moving agent to reduce the work involved and the stress. Below we have compiled a list of Slovakian removal companies that are members of the International Association of [&hellip;]<\/p>\n","protected":false},"author":4,"featured_media":9422,"parent":190,"menu_order":0,"comment_status":"closed","ping_status":"closed","template":"","meta":{"_genesis_hide_title":false,"_genesis_hide_breadcrumbs":false,"_genesis_hide_singular_image":false,"_genesis_hide_footer_widgets":false,"_genesis_custom_body_class":"","_genesis_custom_post_class":"","_genesis_layout":"","footnotes":""},"class_list":{"0":"post-9523","1":"page","2":"type-page","3":"status-publish","4":"has-post-thumbnail","6":"entry"},"_links":{"self":[{"href":"https:\/\/moverdb.com\/ro\/wp-json\/wp\/v2\/pages\/9523","targetHints":{"allow":["GET"]}}],"collection":[{"href":"https:\/\/moverdb.com\/ro\/wp-json\/wp\/v2\/pages"}],"about":[{"href":"https:\/\/moverdb.com\/ro\/wp-json\/wp\/v2\/types\/page"}],"author":[{"embeddable":true,"href":"https:\/\/moverdb.com\/ro\/wp-json\/wp\/v2\/users\/4"}],"replies":[{"embeddable":true,"href":"https:\/\/moverdb.com\/ro\/wp-json\/wp\/v2\/comments?post=9523"}],"version-history":[{"count":3,"href":"https:\/\/moverdb.com\/ro\/wp-json\/wp\/v2\/pages\/9523\/revisions"}],"predecessor-version":[{"id":17867,"href":"https:\/\/moverdb.com\/ro\/wp-json\/wp\/v2\/pages\/9523\/revisions\/17867"}],"up":[{"embeddable":true,"href":"https:\/\/moverdb.com\/ro\/wp-json\/wp\/v2\/pages\/190"}],"wp:featuredmedia":[{"embeddable":true,"href":"https:\/\/moverdb.com\/ro\/wp-json\/wp\/v2\/media\/9422"}],"wp:attachment":[{"href":"https:\/\/moverdb.com\/ro\/wp-json\/wp\/v2\/media?parent=9523"}],"curies":[{"name":"wp","href":"https:\/\/api.w.org\/{rel}","templated":true}]}}